{"id":1559,"date":"2023-11-17T05:47:13","date_gmt":"2023-11-17T05:47:13","guid":{"rendered":"https:\/\/exceladvisor.org\/it\/la-finestra-di-dialogo\/"},"modified":"2023-12-10T06:20:56","modified_gmt":"2023-12-10T06:20:56","slug":"la-finestra-di-dialogo","status":"publish","type":"page","link":"https:\/\/exceladvisor.org\/it\/la-finestra-di-dialogo\/","title":{"rendered":"Come aprire una finestra di dialogo in excel?"},"content":{"rendered":"<div class=\"excel-prima-del-contenuto\" id=\"excel-2782790365\"><script type=\"text\/javascript\">\r\n\tatOptions = {\r\n\t\t'key' : 'c1158f160081d6540a8409e6925dab94',\r\n\t\t'format' : 'iframe',\r\n\t\t'height' : 250,\r\n\t\t'width' : 300,\r\n\t\t'params' : {}\r\n\t};\r\n<\/script>\r\n<script type=\"text\/javascript\" src=\"\/\/www.highperformanceformat.com\/c1158f160081d6540a8409e6925dab94\/invoke.js\"><\/script><\/div> <p>In Excel, per accedere a pi\u00f9 opzioni di qualsiasi categoria di opzioni, \u00e8 possibile aprire la finestra di dialogo e utilizzare tali opzioni direttamente dalla finestra di dialogo. Oltre a ci\u00f2, ci sono alcune opzioni che dovrebbero essere utilizzate direttamente da una finestra di dialogo. <\/p><div class=\"wp-block-image\"><figure class=\"aligncenter size-full is-resized\"><img loading=\"lazy\" decoding=\"async\" class=\"wp-image-77704\" src=\"https:\/\/exceladvisor.org\/wp-content\/uploads\/2023\/08\/1-boite-de-dialogue-formater-les-cellules.png\" sizes=\"auto, \" srcset=\"\" alt=\"finestra di dialogo format-cells\" width=\"556\" height=\"549\"><\/figure><\/div><p> In questo tutorial vedremo come aprire e utilizzare una finestra di dialogo utilizzando un&#8217;opzione.<\/p><h2 class=\"wp-block-heading\"> Aprire una finestra di dialogo dalla barra multifunzione<\/h2><ol type=\"1\"><li> Passare alla scheda da cui si desidera aprire l&#8217;opzione.<\/li><li> Passa al gruppo di opzioni.<\/li><li> Passa il cursore sulla piccola freccia in basso a destra.<\/li><li> Fare clic su di esso per aprire la finestra di dialogo delle opzioni. <\/li><\/ol><div class=\"wp-block-image\"><figure class=\"aligncenter size-full is-resized\"><img loading=\"lazy\" decoding=\"async\" class=\"wp-image-77705\" src=\"https:\/\/exceladvisor.org\/wp-content\/uploads\/2023\/08\/2-boite-de-dialogue-du-ruban.png\" sizes=\"auto, \" srcset=\"\" alt=\"finestra di dialogo della barra multifunzione\" width=\"686\" height=\"166\"><\/figure><\/div><p> Nel momento in cui fai clic su di esso, Excel apre la finestra di dialogo per quell&#8217;opzione. Inoltre, quando fai clic sulla freccia del gruppo di caratteri, si apre la finestra di dialogo del formato e da l\u00ec si apre la scheda dei caratteri. <\/p><div class=\"wp-block-image\"><figure class=\"aligncenter size-full is-resized\"><img loading=\"lazy\" decoding=\"async\" class=\"wp-image-77706\" src=\"https:\/\/exceladvisor.org\/wp-content\/uploads\/2023\/08\/3-onglet-de-police-de-la-boite-de-dialogue.png\" sizes=\"auto, \" srcset=\"\" alt=\"scheda carattere della finestra di dialogo\" width=\"508\" height=\"502\"><\/figure><\/div><p> Sulla barra multifunzione sono presenti diverse schede, ma non tutte le schede dispongono di queste frecce gi\u00f9 nei gruppi di opzioni per aprire la finestra di dialogo.<\/p><h2 class=\"wp-block-heading\"> Opzioni della finestra di dialogo<\/h2><p> Come ho detto, ci sono alcune opzioni che dovresti usare direttamente da una finestra di dialogo. Ad esempio, l&#8217;opzione Trova e sostituisci. Quando premi la scorciatoia da tastiera (Ctrl + F), verr\u00e0 visualizzata una finestra di dialogo in cui dovrai inserire il valore che desideri cercare. <\/p><div class=\"wp-block-image\"><figure class=\"aligncenter size-full is-resized\"><img loading=\"lazy\" decoding=\"async\" class=\"wp-image-77707\" src=\"https:\/\/exceladvisor.org\/wp-content\/uploads\/2023\/08\/4-options-de-boite-de-dialogue.png\" sizes=\"auto, \" srcset=\"\" alt=\"opzioni della finestra di dialogo\" width=\"563\" height=\"239\"><\/figure><\/div><h2 class=\"wp-block-heading\"> Finestra di dialogo Opzioni di Excel<\/h2><p> <a href=\"https:\/\/exceladvisor.org\/it\/opzioni\/\">Opzioni di Excel<\/a> dispone anche di una finestra di dialogo. Quando apri le opzioni, File \u21e2 Altro \u21e2 Opzioni. Otterrai una grande finestra di dialogo con tutte le opzioni che puoi modificare nel tuo ambiente Excel. <\/p><div class=\"wp-block-image\"><figure class=\"aligncenter size-full is-resized\"><img loading=\"lazy\" decoding=\"async\" class=\"wp-image-77708\" src=\"https:\/\/exceladvisor.org\/wp-content\/uploads\/2023\/08\/Boite-de-dialogue-des-5-options-Excel.png\" sizes=\"auto, \" srcset=\"\" alt=\"Finestra di dialogo Opzioni di Excel\" width=\"783\" height=\"406\"><\/figure><\/div><div class=\"gb-container gb-container-4db6181c gb-container-mt\"> <a class=\"gb-button gb-button-c5897111 gb-button-text gb-button-mt-button\" href=\"https:\/\/exceladvisor.org\/it\/nozioni-di-base-su-excel\/\">Nozioni di base su Microsoft Excel (componenti, parti e note informative)<\/a><h2 class=\"gb-headline gb-headline-665e5f6b gb-headline-text gb-headline-mt-heading\"> Tutorial correlati <\/h2><div class=\"gb-grid-wrapper gb-grid-wrapper-a20baf7c gb-grid-wrapper-mt-grid\"><div class=\"gb-grid-column gb-grid-column-65ddf67e\"><div class=\"gb-container gb-container-65ddf67e\"><ul><li> <a href=\"https:\/\/exceladvisor.org\/it\/giustificare-completamente\/\">Compila Giustifica in Excel<\/a><\/li><li> <a href=\"https:\/\/exceladvisor.org\/it\/barra-delle-formule-excel\/\">Barra della formula in Excel<\/a><\/li><li> <a href=\"https:\/\/exceladvisor.org\/it\/governate\/\">Mostra righello in Excel<\/a><\/li><li> <a href=\"https:\/\/exceladvisor.org\/it\/maniglia-di-riempimento\/\">Maniglia di riempimento in Excel<\/a><\/li><li> <a href=\"https:\/\/exceladvisor.org\/it\/formato-pittore\/\">Copia formato in Excel<\/a> <\/li><\/ul><\/div><\/div><div class=\"gb-grid-column gb-grid-column-50067b57\"><div class=\"gb-container gb-container-50067b57\"><\/div><\/div><\/div><\/div>","protected":false},"excerpt":{"rendered":"","protected":false},"author":1,"featured_media":0,"parent":0,"menu_order":0,"comment_status":"open","ping_status":"closed","template":"","meta":{"ub_ctt_via":"","footnotes":""},"class_list":["post-1559","page","type-page","status-publish","hentry"],"featured_image_src":null,"yoast_head":"<!-- This site is optimized with the Yoast SEO plugin v25.4 - https:\/\/yoast.com\/wordpress\/plugins\/seo\/ -->\n<title>Come aprire una finestra di dialogo in Excel? (Tutorial 2023)<\/title>\n<meta name=\"description\" content=\"In questo tutorial impareremo come utilizzare una finestra di dialogo in Excel. Per accedere a pi\u00f9 opzioni di qualsiasi\" \/>\n<meta name=\"robots\" content=\"index, follow, max-snippet:-1, max-image-preview:large, max-video-preview:-1\" \/>\n<link rel=\"canonical\" href=\"https:\/\/exceladvisor.org\/it\/la-finestra-di-dialogo\/\" \/>\n<meta property=\"og:locale\" content=\"it_IT\" \/>\n<meta property=\"og:type\" content=\"article\" \/>\n<meta property=\"og:title\" content=\"Come aprire una finestra di dialogo in Excel? (Tutorial 2023)\" \/>\n<meta property=\"og:description\" content=\"In questo tutorial impareremo come utilizzare una finestra di dialogo in Excel. Per accedere a pi\u00f9 opzioni di qualsiasi\" \/>\n<meta property=\"og:url\" content=\"https:\/\/exceladvisor.org\/it\/la-finestra-di-dialogo\/\" \/>\n<meta property=\"og:site_name\" content=\"Excel Advisor\" \/>\n<meta property=\"article:modified_time\" content=\"2023-12-10T06:20:56+00:00\" \/>\n<meta property=\"og:image\" content=\"https:\/\/exceladvisor.org\/wp-content\/uploads\/2023\/08\/1-boite-de-dialogue-formater-les-cellules.png\" \/>\n<meta name=\"twitter:card\" content=\"summary_large_image\" \/>\n<meta name=\"twitter:label1\" content=\"Tempo di lettura stimato\" \/>\n\t<meta name=\"twitter:data1\" content=\"1 minuto\" \/>\n<script type=\"application\/ld+json\" class=\"yoast-schema-graph\">{\"@context\":\"https:\/\/schema.org\",\"@graph\":[{\"@type\":\"WebPage\",\"@id\":\"https:\/\/exceladvisor.org\/it\/la-finestra-di-dialogo\/\",\"url\":\"https:\/\/exceladvisor.org\/it\/la-finestra-di-dialogo\/\",\"name\":\"Come aprire una finestra di dialogo in Excel? (Tutorial 2023)\",\"isPartOf\":{\"@id\":\"https:\/\/exceladvisor.org\/it\/#website\"},\"primaryImageOfPage\":{\"@id\":\"https:\/\/exceladvisor.org\/it\/la-finestra-di-dialogo\/#primaryimage\"},\"image\":{\"@id\":\"https:\/\/exceladvisor.org\/it\/la-finestra-di-dialogo\/#primaryimage\"},\"thumbnailUrl\":\"https:\/\/exceladvisor.org\/wp-content\/uploads\/2023\/08\/1-boite-de-dialogue-formater-les-cellules.png\",\"datePublished\":\"2023-11-17T05:47:13+00:00\",\"dateModified\":\"2023-12-10T06:20:56+00:00\",\"description\":\"In questo tutorial impareremo come utilizzare una finestra di dialogo in Excel. Per accedere a pi\u00f9 opzioni di qualsiasi\",\"breadcrumb\":{\"@id\":\"https:\/\/exceladvisor.org\/it\/la-finestra-di-dialogo\/#breadcrumb\"},\"inLanguage\":\"it-IT\",\"potentialAction\":[{\"@type\":\"ReadAction\",\"target\":[\"https:\/\/exceladvisor.org\/it\/la-finestra-di-dialogo\/\"]}]},{\"@type\":\"ImageObject\",\"inLanguage\":\"it-IT\",\"@id\":\"https:\/\/exceladvisor.org\/it\/la-finestra-di-dialogo\/#primaryimage\",\"url\":\"https:\/\/exceladvisor.org\/wp-content\/uploads\/2023\/08\/1-boite-de-dialogue-formater-les-cellules.png\",\"contentUrl\":\"https:\/\/exceladvisor.org\/wp-content\/uploads\/2023\/08\/1-boite-de-dialogue-formater-les-cellules.png\"},{\"@type\":\"BreadcrumbList\",\"@id\":\"https:\/\/exceladvisor.org\/it\/la-finestra-di-dialogo\/#breadcrumb\",\"itemListElement\":[{\"@type\":\"ListItem\",\"position\":1,\"name\":\"Home\",\"item\":\"https:\/\/exceladvisor.org\/it\/\"},{\"@type\":\"ListItem\",\"position\":2,\"name\":\"Come aprire una finestra di dialogo in excel?\"}]},{\"@type\":\"WebSite\",\"@id\":\"https:\/\/exceladvisor.org\/it\/#website\",\"url\":\"https:\/\/exceladvisor.org\/it\/\",\"name\":\"Excel Advisor\",\"description\":\"Tips, Tricks, and Time-Saving Hacks\",\"publisher\":{\"@id\":\"https:\/\/exceladvisor.org\/it\/#organization\"},\"potentialAction\":[{\"@type\":\"SearchAction\",\"target\":{\"@type\":\"EntryPoint\",\"urlTemplate\":\"https:\/\/exceladvisor.org\/it\/?s={search_term_string}\"},\"query-input\":{\"@type\":\"PropertyValueSpecification\",\"valueRequired\":true,\"valueName\":\"search_term_string\"}}],\"inLanguage\":\"it-IT\"},{\"@type\":\"Organization\",\"@id\":\"https:\/\/exceladvisor.org\/it\/#organization\",\"name\":\"Excel Advisor\",\"url\":\"https:\/\/exceladvisor.org\/it\/\",\"logo\":{\"@type\":\"ImageObject\",\"inLanguage\":\"it-IT\",\"@id\":\"https:\/\/exceladvisor.org\/it\/#\/schema\/logo\/image\/\",\"url\":\"https:\/\/exceladvisor.org\/it\/wp-content\/uploads\/2023\/12\/exceladvisor.org_.png\",\"contentUrl\":\"https:\/\/exceladvisor.org\/it\/wp-content\/uploads\/2023\/12\/exceladvisor.org_.png\",\"width\":105,\"height\":36,\"caption\":\"Excel Advisor\"},\"image\":{\"@id\":\"https:\/\/exceladvisor.org\/it\/#\/schema\/logo\/image\/\"}}]}<\/script>\n<!-- \/ Yoast SEO plugin. -->","yoast_head_json":{"title":"Come aprire una finestra di dialogo in Excel? (Tutorial 2023)","description":"In questo tutorial impareremo come utilizzare una finestra di dialogo in Excel. Per accedere a pi\u00f9 opzioni di qualsiasi","robots":{"index":"index","follow":"follow","max-snippet":"max-snippet:-1","max-image-preview":"max-image-preview:large","max-video-preview":"max-video-preview:-1"},"canonical":"https:\/\/exceladvisor.org\/it\/la-finestra-di-dialogo\/","og_locale":"it_IT","og_type":"article","og_title":"Come aprire una finestra di dialogo in Excel? (Tutorial 2023)","og_description":"In questo tutorial impareremo come utilizzare una finestra di dialogo in Excel. Per accedere a pi\u00f9 opzioni di qualsiasi","og_url":"https:\/\/exceladvisor.org\/it\/la-finestra-di-dialogo\/","og_site_name":"Excel Advisor","article_modified_time":"2023-12-10T06:20:56+00:00","og_image":[{"url":"https:\/\/exceladvisor.org\/wp-content\/uploads\/2023\/08\/1-boite-de-dialogue-formater-les-cellules.png","type":"","width":"","height":""}],"twitter_card":"summary_large_image","twitter_misc":{"Tempo di lettura stimato":"1 minuto"},"schema":{"@context":"https:\/\/schema.org","@graph":[{"@type":"WebPage","@id":"https:\/\/exceladvisor.org\/it\/la-finestra-di-dialogo\/","url":"https:\/\/exceladvisor.org\/it\/la-finestra-di-dialogo\/","name":"Come aprire una finestra di dialogo in Excel? (Tutorial 2023)","isPartOf":{"@id":"https:\/\/exceladvisor.org\/it\/#website"},"primaryImageOfPage":{"@id":"https:\/\/exceladvisor.org\/it\/la-finestra-di-dialogo\/#primaryimage"},"image":{"@id":"https:\/\/exceladvisor.org\/it\/la-finestra-di-dialogo\/#primaryimage"},"thumbnailUrl":"https:\/\/exceladvisor.org\/wp-content\/uploads\/2023\/08\/1-boite-de-dialogue-formater-les-cellules.png","datePublished":"2023-11-17T05:47:13+00:00","dateModified":"2023-12-10T06:20:56+00:00","description":"In questo tutorial impareremo come utilizzare una finestra di dialogo in Excel. Per accedere a pi\u00f9 opzioni di qualsiasi","breadcrumb":{"@id":"https:\/\/exceladvisor.org\/it\/la-finestra-di-dialogo\/#breadcrumb"},"inLanguage":"it-IT","potentialAction":[{"@type":"ReadAction","target":["https:\/\/exceladvisor.org\/it\/la-finestra-di-dialogo\/"]}]},{"@type":"ImageObject","inLanguage":"it-IT","@id":"https:\/\/exceladvisor.org\/it\/la-finestra-di-dialogo\/#primaryimage","url":"https:\/\/exceladvisor.org\/wp-content\/uploads\/2023\/08\/1-boite-de-dialogue-formater-les-cellules.png","contentUrl":"https:\/\/exceladvisor.org\/wp-content\/uploads\/2023\/08\/1-boite-de-dialogue-formater-les-cellules.png"},{"@type":"BreadcrumbList","@id":"https:\/\/exceladvisor.org\/it\/la-finestra-di-dialogo\/#breadcrumb","itemListElement":[{"@type":"ListItem","position":1,"name":"Home","item":"https:\/\/exceladvisor.org\/it\/"},{"@type":"ListItem","position":2,"name":"Come aprire una finestra di dialogo in excel?"}]},{"@type":"WebSite","@id":"https:\/\/exceladvisor.org\/it\/#website","url":"https:\/\/exceladvisor.org\/it\/","name":"Excel Advisor","description":"Tips, Tricks, and Time-Saving Hacks","publisher":{"@id":"https:\/\/exceladvisor.org\/it\/#organization"},"potentialAction":[{"@type":"SearchAction","target":{"@type":"EntryPoint","urlTemplate":"https:\/\/exceladvisor.org\/it\/?s={search_term_string}"},"query-input":{"@type":"PropertyValueSpecification","valueRequired":true,"valueName":"search_term_string"}}],"inLanguage":"it-IT"},{"@type":"Organization","@id":"https:\/\/exceladvisor.org\/it\/#organization","name":"Excel Advisor","url":"https:\/\/exceladvisor.org\/it\/","logo":{"@type":"ImageObject","inLanguage":"it-IT","@id":"https:\/\/exceladvisor.org\/it\/#\/schema\/logo\/image\/","url":"https:\/\/exceladvisor.org\/it\/wp-content\/uploads\/2023\/12\/exceladvisor.org_.png","contentUrl":"https:\/\/exceladvisor.org\/it\/wp-content\/uploads\/2023\/12\/exceladvisor.org_.png","width":105,"height":36,"caption":"Excel Advisor"},"image":{"@id":"https:\/\/exceladvisor.org\/it\/#\/schema\/logo\/image\/"}}]}},"yoast_meta":{"yoast_wpseo_title":"","yoast_wpseo_metadesc":"","yoast_wpseo_canonical":""},"_links":{"self":[{"href":"https:\/\/exceladvisor.org\/it\/wp-json\/wp\/v2\/pages\/1559","targetHints":{"allow":["GET"]}}],"collection":[{"href":"https:\/\/exceladvisor.org\/it\/wp-json\/wp\/v2\/pages"}],"about":[{"href":"https:\/\/exceladvisor.org\/it\/wp-json\/wp\/v2\/types\/page"}],"author":[{"embeddable":true,"href":"https:\/\/exceladvisor.org\/it\/wp-json\/wp\/v2\/users\/1"}],"replies":[{"embeddable":true,"href":"https:\/\/exceladvisor.org\/it\/wp-json\/wp\/v2\/comments?post=1559"}],"version-history":[{"count":1,"href":"https:\/\/exceladvisor.org\/it\/wp-json\/wp\/v2\/pages\/1559\/revisions"}],"predecessor-version":[{"id":2331,"href":"https:\/\/exceladvisor.org\/it\/wp-json\/wp\/v2\/pages\/1559\/revisions\/2331"}],"wp:attachment":[{"href":"https:\/\/exceladvisor.org\/it\/wp-json\/wp\/v2\/media?parent=1559"}],"curies":[{"name":"wp","href":"https:\/\/api.w.org\/{rel}","templated":true}]}}