{"id":1566,"date":"2023-11-16T23:09:10","date_gmt":"2023-11-16T23:09:10","guid":{"rendered":"https:\/\/exceladvisor.org\/it\/copiare-il-file-excel\/"},"modified":"2023-12-10T06:22:41","modified_gmt":"2023-12-10T06:22:41","slug":"copiare-il-file-excel","status":"publish","type":"page","link":"https:\/\/exceladvisor.org\/it\/copiare-il-file-excel\/","title":{"rendered":"Come copiare un file excel utilizzando vba?"},"content":{"rendered":"<div class=\"excel-prima-del-contenuto\" id=\"excel-1098427950\"><script type=\"text\/javascript\">\r\n\tatOptions = {\r\n\t\t'key' : 'c1158f160081d6540a8409e6925dab94',\r\n\t\t'format' : 'iframe',\r\n\t\t'height' : 250,\r\n\t\t'width' : 300,\r\n\t\t'params' : {}\r\n\t};\r\n<\/script>\r\n<script type=\"text\/javascript\" src=\"\/\/www.highperformanceformat.com\/c1158f160081d6540a8409e6925dab94\/invoke.js\"><\/script><\/div> <p>\u00c8 possibile utilizzare il codice VBA per copiare un file (cartella di lavoro) da una cartella a un&#8217;altra oppure \u00e8 anche possibile copiare un file nella stessa cartella utilizzando un nome diverso.<\/p><p> In questo tutorial vedremo come scrivere codice in entrambe le direzioni. Qui \u00e8 necessario utilizzare <strong>FileSystemObject<\/strong> che fornisce l&#8217;accesso a file e cartelle in Windows.<\/p><h2 class=\"wp-block-heading\"> Copia un file Excel in una cartella separata<\/h2><pre class=\"wp-block-code\"> <code class=\"language-visual-basic\" lang=\"visual-basic\"><strong>Sub<\/strong> myMacro() <strong>Dim<\/strong> myFile <strong>As<\/strong> Object <strong>Set<\/strong> myFile = CreateObject(\"Scripting.FileSystemObject\") <strong>Call<\/strong> myFile.CopyFile(\"C:\\Users\\admin\\Desktop\\folder\\test-file.xlsx\", \"C:\\Users\\admin\\Desktop\\\", True) <strong>End<\/strong> <strong>Sub<\/strong><\/code><\/pre><p> Per scrivere il codice sopra: <\/p><div class=\"wp-block-image\"><figure class=\"aligncenter size-full is-resized\"><img loading=\"lazy\" decoding=\"async\" class=\"alignnone  wp-image-12964\" src=\"https:\/\/exceladvisor.org\/wp-content\/uploads\/2023\/11\/copier-un-fichier-excel-dans-un-dossier.png\" alt=\"copiare-un-file-excel-in-una-cartella\" width=\"583\" height=\"267\" srcset=\"https:\/\/exceladvisor.org\/wp-content\/uploads\/2023\/11\/copier-un-fichier-excel-dans-un-dossier.png 1216w, https:\/\/exceladvisor.org\/wp-content\/uploads\/2023\/11\/copier-un-fichier-excel-dans-un-dossier-300x137.png 300w, https:\/\/exceladvisor.org\/wp-content\/uploads\/2023\/11\/copier-un-fichier-excel-dans-un-dossier-1024x469.png 1024w, https:\/\/exceladvisor.org\/wp-content\/uploads\/2023\/11\/copier-un-fichier-excel-dans-un-dossier-768x352.png 768w\" sizes=\"auto, (max-width: 583px) 100vw, 583px\"><\/figure><\/div><ol type=\"1\"><li> Per prima cosa devi dichiarare una variabile.<\/li><li> Successivamente, \u00e8 necessario specificare FileSystemObject nella variabile appena definita.<\/li><li> Successivamente, \u00e8 necessario impostare la posizione di origine nel metodo &#8220;CopyFile&#8221;.<\/li><li> Alla fine, imposta il percorso della cartella in cui desideri incollarlo.<\/li><\/ol><p> Quando <a href=\"https:\/\/exceladvisor.org\/it\/eseguire-una-macro-2\/\">esegui questa macro<\/a> , copia il &#8220;file di testo&#8221; della cartella di lavoro di Excel dalla cartella e lo incolla nella posizione specificata nel codice. <\/p><div class=\"wp-block-image\"><figure class=\"aligncenter size-full is-resized\"><img loading=\"lazy\" decoding=\"async\" class=\"wp-image-61234\" src=\"https:\/\/exceladvisor.org\/wp-content\/uploads\/2023\/08\/2-2-specifier-lobjet-systeme-de-fichiers.png\" sizes=\"auto, \" srcset=\"\" alt=\"specificare-oggetto-file-system\" width=\"475\" height=\"309\"><\/figure><\/div><h2 class=\"wp-block-heading\"> Copia un file e rinominalo<\/h2><p> Quando provi a copiare e incollare un file nella stessa posizione, c&#8217;\u00e8 una buona probabilit\u00e0 che VBA ti mostri un errore. In questa situazione, il modo migliore \u00e8 rinominare il file durante la copia.<\/p><pre class=\"wp-block-code\"> <code class=\"language-visual-basic\" lang=\"visual-basic\">Call myFile.CopyFile(\"C:\\Users\\admin\\Desktop\\folder\\test-file.xlsx\", \"C:\\Users\\admin\\Desktop\\\", True)<\/code><\/pre><p> Sopra \u00e8 riportato il codice di linea che ho utilizzato nel metodo precedente. Ora devi apportare una modifica solo a questa riga. Per la posizione di destinazione, devi aggiungere il file che desideri utilizzare per il nuovo file.<\/p><pre class=\"wp-block-code\"> <code class=\"language-visual-basic\" lang=\"visual-basic\">Call myFile.CopyFile(\"C:\\Users\\admin\\Desktop\\folder\\test-file.xlsx\", \"C:\\Users\\admin\\Desktop\\folder\\test-file1.xlsx \", True)<\/code><\/pre><p> Quando esegui questo codice, copia il file (text-file.xlsx) dalla cartella e lo copia nella stessa cartella con un nome diverso (test-file1.xlsx). <\/p><div class=\"wp-block-image\"><figure class=\"aligncenter size-full is-resized\"><img loading=\"lazy\" decoding=\"async\" class=\"wp-image-61235\" src=\"https:\/\/exceladvisor.org\/wp-content\/uploads\/2023\/08\/3-3-copier-un-fichier-et-renommer.png\" sizes=\"auto, \" srcset=\"\" alt=\"copia-un-file-e-rinomina\" width=\"359\" height=\"284\"><\/figure><\/div><pre class=\"wp-block-code\"> <code class=\"language-visual-basic\" lang=\"visual-basic\"><strong>Dim<\/strong> myFile <strong>As<\/strong> Object <strong>Set<\/strong> myFile = _ CreateObject(\"Scripting.FileSystemObject\") <strong>Call<\/strong> myFile.CopyFile(\"C:\\Users\\admin\\Desktop\\folder\\test-file.xlsx\", _ \"C:\\Users\\admin\\Desktop\\folder\\test-file1.xlsx\", True) <strong>End<\/strong> <strong>Sub<\/strong><\/code><\/pre><div class=\"gb-container gb-container-4db6181c gb-container-mt\"> <a class=\"gb-button gb-button-c5897111 gb-button-text gb-button-mt-button\" href=\"https:\/\/exceladvisor.org\/it\/vba\/\">Cos&#8217;\u00e8 VBA<\/a><h2 class=\"gb-headline gb-headline-665e5f6b gb-headline-text gb-headline-mt-heading\"> Tutorial correlati <\/h2><div class=\"gb-grid-wrapper gb-grid-wrapper-a20baf7c gb-grid-wrapper-mt-grid\"><div class=\"gb-grid-column gb-grid-column-65ddf67e\"><div class=\"gb-container gb-container-65ddf67e\"><ul><li> <a href=\"https:\/\/exceladvisor.org\/it\/attivare-la-cartella-di-lavoro\/\">VBA Attiva cartella di lavoro (file Excel)<\/a><\/li><li> <a href=\"https:\/\/exceladvisor.org\/it\/chiudere-la-cartella-di-lavoro\/\">VBA Chiudi cartella di lavoro (file Excel)<\/a><\/li><li> <a href=\"https:\/\/exceladvisor.org\/it\/combinare-cartelle-di-lavoro\/\">Combina cartelle di lavoro VBA (file Excel)<\/a><\/li><li> <a href=\"https:\/\/exceladvisor.org\/it\/creare-una-cartella-di-lavoro\/\">VBA Crea una nuova cartella di lavoro (file Excel)<\/a><\/li><li> <a href=\"https:\/\/exceladvisor.org\/it\/cancella-il-file\/\">VBA Elimina cartella di lavoro (file Excel)<\/a><\/li><\/ul><\/div><\/div><\/div><\/div>","protected":false},"excerpt":{"rendered":"","protected":false},"author":1,"featured_media":0,"parent":0,"menu_order":0,"comment_status":"open","ping_status":"closed","template":"","meta":{"ub_ctt_via":"","footnotes":""},"class_list":["post-1566","page","type-page","status-publish","hentry"],"featured_image_src":null,"yoast_head":"<!-- This site is optimized with the Yoast SEO plugin v25.4 - https:\/\/yoast.com\/wordpress\/plugins\/seo\/ -->\n<title>Come copiare un file Excel utilizzando VBA? (Tutorial 2023)<\/title>\n<meta name=\"description\" content=\"\u00c8 possibile utilizzare il codice VBA per copiare un file (cartella di lavoro) da una cartella a un&#039;altra oppure \u00e8 anche possibile copiare un file nella cartella\" \/>\n<meta name=\"robots\" content=\"index, follow, max-snippet:-1, max-image-preview:large, max-video-preview:-1\" \/>\n<link rel=\"canonical\" href=\"https:\/\/exceladvisor.org\/it\/copiare-il-file-excel\/\" \/>\n<meta property=\"og:locale\" content=\"it_IT\" \/>\n<meta property=\"og:type\" content=\"article\" \/>\n<meta property=\"og:title\" content=\"Come copiare un file Excel utilizzando VBA? (Tutorial 2023)\" \/>\n<meta property=\"og:description\" content=\"\u00c8 possibile utilizzare il codice VBA per copiare un file (cartella di lavoro) da una cartella a un&#039;altra oppure \u00e8 anche possibile copiare un file nella cartella\" \/>\n<meta property=\"og:url\" content=\"https:\/\/exceladvisor.org\/it\/copiare-il-file-excel\/\" \/>\n<meta property=\"og:site_name\" content=\"Excel Advisor\" \/>\n<meta property=\"article:modified_time\" content=\"2023-12-10T06:22:41+00:00\" \/>\n<meta property=\"og:image\" content=\"https:\/\/exceladvisor.org\/wp-content\/uploads\/2023\/11\/copier-un-fichier-excel-dans-un-dossier.png\" \/>\n<meta name=\"twitter:card\" content=\"summary_large_image\" \/>\n<meta name=\"twitter:label1\" content=\"Tempo di lettura stimato\" \/>\n\t<meta name=\"twitter:data1\" content=\"2 minuti\" \/>\n<script type=\"application\/ld+json\" class=\"yoast-schema-graph\">{\"@context\":\"https:\/\/schema.org\",\"@graph\":[{\"@type\":\"WebPage\",\"@id\":\"https:\/\/exceladvisor.org\/it\/copiare-il-file-excel\/\",\"url\":\"https:\/\/exceladvisor.org\/it\/copiare-il-file-excel\/\",\"name\":\"Come copiare un file Excel utilizzando VBA? (Tutorial 2023)\",\"isPartOf\":{\"@id\":\"https:\/\/exceladvisor.org\/it\/#website\"},\"primaryImageOfPage\":{\"@id\":\"https:\/\/exceladvisor.org\/it\/copiare-il-file-excel\/#primaryimage\"},\"image\":{\"@id\":\"https:\/\/exceladvisor.org\/it\/copiare-il-file-excel\/#primaryimage\"},\"thumbnailUrl\":\"https:\/\/exceladvisor.org\/wp-content\/uploads\/2023\/11\/copier-un-fichier-excel-dans-un-dossier.png\",\"datePublished\":\"2023-11-16T23:09:10+00:00\",\"dateModified\":\"2023-12-10T06:22:41+00:00\",\"description\":\"\u00c8 possibile utilizzare il codice VBA per copiare un file (cartella di lavoro) da una cartella a un&#39;altra oppure \u00e8 anche possibile copiare un file nella cartella\",\"breadcrumb\":{\"@id\":\"https:\/\/exceladvisor.org\/it\/copiare-il-file-excel\/#breadcrumb\"},\"inLanguage\":\"it-IT\",\"potentialAction\":[{\"@type\":\"ReadAction\",\"target\":[\"https:\/\/exceladvisor.org\/it\/copiare-il-file-excel\/\"]}]},{\"@type\":\"ImageObject\",\"inLanguage\":\"it-IT\",\"@id\":\"https:\/\/exceladvisor.org\/it\/copiare-il-file-excel\/#primaryimage\",\"url\":\"https:\/\/exceladvisor.org\/wp-content\/uploads\/2023\/11\/copier-un-fichier-excel-dans-un-dossier.png\",\"contentUrl\":\"https:\/\/exceladvisor.org\/wp-content\/uploads\/2023\/11\/copier-un-fichier-excel-dans-un-dossier.png\"},{\"@type\":\"BreadcrumbList\",\"@id\":\"https:\/\/exceladvisor.org\/it\/copiare-il-file-excel\/#breadcrumb\",\"itemListElement\":[{\"@type\":\"ListItem\",\"position\":1,\"name\":\"Home\",\"item\":\"https:\/\/exceladvisor.org\/it\/\"},{\"@type\":\"ListItem\",\"position\":2,\"name\":\"Come copiare un file excel utilizzando vba?\"}]},{\"@type\":\"WebSite\",\"@id\":\"https:\/\/exceladvisor.org\/it\/#website\",\"url\":\"https:\/\/exceladvisor.org\/it\/\",\"name\":\"Excel Advisor\",\"description\":\"Tips, Tricks, and Time-Saving Hacks\",\"publisher\":{\"@id\":\"https:\/\/exceladvisor.org\/it\/#organization\"},\"potentialAction\":[{\"@type\":\"SearchAction\",\"target\":{\"@type\":\"EntryPoint\",\"urlTemplate\":\"https:\/\/exceladvisor.org\/it\/?s={search_term_string}\"},\"query-input\":{\"@type\":\"PropertyValueSpecification\",\"valueRequired\":true,\"valueName\":\"search_term_string\"}}],\"inLanguage\":\"it-IT\"},{\"@type\":\"Organization\",\"@id\":\"https:\/\/exceladvisor.org\/it\/#organization\",\"name\":\"Excel Advisor\",\"url\":\"https:\/\/exceladvisor.org\/it\/\",\"logo\":{\"@type\":\"ImageObject\",\"inLanguage\":\"it-IT\",\"@id\":\"https:\/\/exceladvisor.org\/it\/#\/schema\/logo\/image\/\",\"url\":\"https:\/\/exceladvisor.org\/it\/wp-content\/uploads\/2023\/12\/exceladvisor.org_.png\",\"contentUrl\":\"https:\/\/exceladvisor.org\/it\/wp-content\/uploads\/2023\/12\/exceladvisor.org_.png\",\"width\":105,\"height\":36,\"caption\":\"Excel Advisor\"},\"image\":{\"@id\":\"https:\/\/exceladvisor.org\/it\/#\/schema\/logo\/image\/\"}}]}<\/script>\n<!-- \/ Yoast SEO plugin. -->","yoast_head_json":{"title":"Come copiare un file Excel utilizzando VBA? (Tutorial 2023)","description":"\u00c8 possibile utilizzare il codice VBA per copiare un file (cartella di lavoro) da una cartella a un&#39;altra oppure \u00e8 anche possibile copiare un file nella cartella","robots":{"index":"index","follow":"follow","max-snippet":"max-snippet:-1","max-image-preview":"max-image-preview:large","max-video-preview":"max-video-preview:-1"},"canonical":"https:\/\/exceladvisor.org\/it\/copiare-il-file-excel\/","og_locale":"it_IT","og_type":"article","og_title":"Come copiare un file Excel utilizzando VBA? (Tutorial 2023)","og_description":"\u00c8 possibile utilizzare il codice VBA per copiare un file (cartella di lavoro) da una cartella a un&#39;altra oppure \u00e8 anche possibile copiare un file nella cartella","og_url":"https:\/\/exceladvisor.org\/it\/copiare-il-file-excel\/","og_site_name":"Excel Advisor","article_modified_time":"2023-12-10T06:22:41+00:00","og_image":[{"url":"https:\/\/exceladvisor.org\/wp-content\/uploads\/2023\/11\/copier-un-fichier-excel-dans-un-dossier.png","type":"","width":"","height":""}],"twitter_card":"summary_large_image","twitter_misc":{"Tempo di lettura stimato":"2 minuti"},"schema":{"@context":"https:\/\/schema.org","@graph":[{"@type":"WebPage","@id":"https:\/\/exceladvisor.org\/it\/copiare-il-file-excel\/","url":"https:\/\/exceladvisor.org\/it\/copiare-il-file-excel\/","name":"Come copiare un file Excel utilizzando VBA? (Tutorial 2023)","isPartOf":{"@id":"https:\/\/exceladvisor.org\/it\/#website"},"primaryImageOfPage":{"@id":"https:\/\/exceladvisor.org\/it\/copiare-il-file-excel\/#primaryimage"},"image":{"@id":"https:\/\/exceladvisor.org\/it\/copiare-il-file-excel\/#primaryimage"},"thumbnailUrl":"https:\/\/exceladvisor.org\/wp-content\/uploads\/2023\/11\/copier-un-fichier-excel-dans-un-dossier.png","datePublished":"2023-11-16T23:09:10+00:00","dateModified":"2023-12-10T06:22:41+00:00","description":"\u00c8 possibile utilizzare il codice VBA per copiare un file (cartella di lavoro) da una cartella a un&#39;altra oppure \u00e8 anche possibile copiare un file nella cartella","breadcrumb":{"@id":"https:\/\/exceladvisor.org\/it\/copiare-il-file-excel\/#breadcrumb"},"inLanguage":"it-IT","potentialAction":[{"@type":"ReadAction","target":["https:\/\/exceladvisor.org\/it\/copiare-il-file-excel\/"]}]},{"@type":"ImageObject","inLanguage":"it-IT","@id":"https:\/\/exceladvisor.org\/it\/copiare-il-file-excel\/#primaryimage","url":"https:\/\/exceladvisor.org\/wp-content\/uploads\/2023\/11\/copier-un-fichier-excel-dans-un-dossier.png","contentUrl":"https:\/\/exceladvisor.org\/wp-content\/uploads\/2023\/11\/copier-un-fichier-excel-dans-un-dossier.png"},{"@type":"BreadcrumbList","@id":"https:\/\/exceladvisor.org\/it\/copiare-il-file-excel\/#breadcrumb","itemListElement":[{"@type":"ListItem","position":1,"name":"Home","item":"https:\/\/exceladvisor.org\/it\/"},{"@type":"ListItem","position":2,"name":"Come copiare un file excel utilizzando vba?"}]},{"@type":"WebSite","@id":"https:\/\/exceladvisor.org\/it\/#website","url":"https:\/\/exceladvisor.org\/it\/","name":"Excel Advisor","description":"Tips, Tricks, and Time-Saving Hacks","publisher":{"@id":"https:\/\/exceladvisor.org\/it\/#organization"},"potentialAction":[{"@type":"SearchAction","target":{"@type":"EntryPoint","urlTemplate":"https:\/\/exceladvisor.org\/it\/?s={search_term_string}"},"query-input":{"@type":"PropertyValueSpecification","valueRequired":true,"valueName":"search_term_string"}}],"inLanguage":"it-IT"},{"@type":"Organization","@id":"https:\/\/exceladvisor.org\/it\/#organization","name":"Excel Advisor","url":"https:\/\/exceladvisor.org\/it\/","logo":{"@type":"ImageObject","inLanguage":"it-IT","@id":"https:\/\/exceladvisor.org\/it\/#\/schema\/logo\/image\/","url":"https:\/\/exceladvisor.org\/it\/wp-content\/uploads\/2023\/12\/exceladvisor.org_.png","contentUrl":"https:\/\/exceladvisor.org\/it\/wp-content\/uploads\/2023\/12\/exceladvisor.org_.png","width":105,"height":36,"caption":"Excel Advisor"},"image":{"@id":"https:\/\/exceladvisor.org\/it\/#\/schema\/logo\/image\/"}}]}},"yoast_meta":{"yoast_wpseo_title":"","yoast_wpseo_metadesc":"","yoast_wpseo_canonical":""},"_links":{"self":[{"href":"https:\/\/exceladvisor.org\/it\/wp-json\/wp\/v2\/pages\/1566","targetHints":{"allow":["GET"]}}],"collection":[{"href":"https:\/\/exceladvisor.org\/it\/wp-json\/wp\/v2\/pages"}],"about":[{"href":"https:\/\/exceladvisor.org\/it\/wp-json\/wp\/v2\/types\/page"}],"author":[{"embeddable":true,"href":"https:\/\/exceladvisor.org\/it\/wp-json\/wp\/v2\/users\/1"}],"replies":[{"embeddable":true,"href":"https:\/\/exceladvisor.org\/it\/wp-json\/wp\/v2\/comments?post=1566"}],"version-history":[{"count":1,"href":"https:\/\/exceladvisor.org\/it\/wp-json\/wp\/v2\/pages\/1566\/revisions"}],"predecessor-version":[{"id":2434,"href":"https:\/\/exceladvisor.org\/it\/wp-json\/wp\/v2\/pages\/1566\/revisions\/2434"}],"wp:attachment":[{"href":"https:\/\/exceladvisor.org\/it\/wp-json\/wp\/v2\/media?parent=1566"}],"curies":[{"name":"wp","href":"https:\/\/api.w.org\/{rel}","templated":true}]}}