{"id":1568,"date":"2023-11-16T15:11:28","date_gmt":"2023-11-16T15:11:28","guid":{"rendered":"https:\/\/exceladvisor.org\/it\/spostamento-di-gamma\/"},"modified":"2023-12-10T06:26:43","modified_gmt":"2023-12-10T06:26:43","slug":"spostamento-di-gamma","status":"publish","type":"page","link":"https:\/\/exceladvisor.org\/it\/spostamento-di-gamma\/","title":{"rendered":"Come utilizzare offset con l&#39;oggetto range in vba?"},"content":{"rendered":"<div class=\"excel-prima-del-contenuto\" id=\"excel-1513105273\"><script type=\"text\/javascript\">\r\n\tatOptions = {\r\n\t\t'key' : 'c1158f160081d6540a8409e6925dab94',\r\n\t\t'format' : 'iframe',\r\n\t\t'height' : 250,\r\n\t\t'width' : 300,\r\n\t\t'params' : {}\r\n\t};\r\n<\/script>\r\n<script type=\"text\/javascript\" src=\"\/\/www.highperformanceformat.com\/c1158f160081d6540a8409e6925dab94\/invoke.js\"><\/script><\/div> <p>Utilizzando OFFSET con l&#8217;oggetto intervallo, puoi spostarti da una cella all&#8217;altra nel foglio di lavoro e puoi anche selezionare una cella o un intervallo. Ti d\u00e0 anche accesso alle propriet\u00e0 e ai metodi che hai con l&#8217;oggetto range da utilizzare, ma devi specificare gli argomenti in OFFSET per usarlo.<\/p><h2 class=\"wp-block-heading\"> Utilizzo di OFFSET con l&#8217;oggetto Range<\/h2><ol type=\"1\"><li> Specifica l&#8217;intervallo da cui vuoi iniziare.<\/li><li> Immettere un punto (.) per ottenere un elenco di propriet\u00e0 e metodi.<\/li><li> Selezionare la propriet\u00e0 offset e specificare gli argomenti (riga e colonna).<\/li><li> Alla fine, seleziona la propriet\u00e0 da utilizzare con l&#8217;offset. <\/li><\/ol><div class=\"wp-block-image\"><figure class=\"aligncenter size-large is-resized\"><img loading=\"lazy\" decoding=\"async\" class=\"wp-image-53833\" src=\"https:\/\/exceladvisor.org\/wp-content\/uploads\/2023\/08\/1-decalage-avec-lobjet-plage.png\" sizes=\"auto, \" srcset=\"\" alt=\"offset con oggetto intervallo\" width=\"616\" height=\"261\"><\/figure><\/div><h2 class=\"wp-block-heading\"> Selezionare un intervallo utilizzando OFFSET<\/h2><p> Puoi anche selezionare un intervallo corrispondente al numero di righe e colonne distanti da un intervallo. Prendi la riga di codice seguente, che seleziona un intervallo di due celle composto da cinque righe in basso e 3 colonne a destra. <\/p><pre class=\"wp-block-code\"> <code class=\"language-visual-basic\" lang=\"visual-basic\">Range(\"A1:A2\").Offset(3, 2).Select<\/code><\/pre><div class=\"wp-block-image\"><figure class=\"aligncenter size-large is-resized\"><img loading=\"lazy\" decoding=\"async\" class=\"wp-image-53834\" src=\"https:\/\/exceladvisor.org\/wp-content\/uploads\/2023\/08\/2-selectionner-la-plage-a-laide-du-decalage.png\" sizes=\"auto, \" srcset=\"\" alt=\"selezionare l'intervallo utilizzando l'offset\" width=\"692\" height=\"335\"><\/figure><\/div><p> Oltre a questo, puoi anche scrivere il codice per selezionare l&#8217;intervallo utilizzando una dimensione personalizzata. Considera un esempio del codice seguente. <\/p><pre class=\"wp-block-code\"> <code class=\"language-visual-basic\" lang=\"visual-basic\">Range(Range(\"A1\").Offset(1, 1), Range(\"A1\").Offset(5, 2)).Select<\/code><\/pre><div class=\"wp-block-image\"><figure class=\"aligncenter size-large is-resized\"><img loading=\"lazy\" decoding=\"async\" class=\"wp-image-53835\" src=\"https:\/\/exceladvisor.org\/wp-content\/uploads\/2023\/08\/3-selectionnez-la-plage-en-utilisant-la-taille-personnalisee.png\" sizes=\"auto, \" srcset=\"\" alt=\"seleziona l'intervallo utilizzando la dimensione personalizzata\" width=\"708\" height=\"226\"><\/figure><\/div><p> Per comprendere questo codice \u00e8 necessario dividerlo in tre parti. <\/p><div class=\"wp-block-image\"><figure class=\"aligncenter size-large is-resized\"><img loading=\"lazy\" decoding=\"async\" class=\"wp-image-53836\" src=\"https:\/\/exceladvisor.org\/wp-content\/uploads\/2023\/08\/4-divise-en-trois-parties.png\" sizes=\"auto, \" srcset=\"\" alt=\"diviso in tre parti\" width=\"684\" height=\"121\"><\/figure><\/div><p> Prima di tutto, in questo oggetto intervallo hai la possibilit\u00e0 di specificare la prima e l&#8217;ultima cella dell&#8217;intervallo. <\/p><div class=\"wp-block-image\"><figure class=\"aligncenter size-large is-resized\"><img loading=\"lazy\" decoding=\"async\" class=\"wp-image-53837\" src=\"https:\/\/exceladvisor.org\/wp-content\/uploads\/2023\/08\/5-option-pour-specifier-la-premiere-cellule.png\" sizes=\"auto, \" srcset=\"\" alt=\"opzione per specificare la prima cella\" width=\"215\" height=\"71\"><\/figure><\/div><p> Ora torniamo all&#8217;esempio:<\/p><ul><li> Nella Parte UNO, hai utilizzato l&#8217;oggetto intervallo per fare riferimento alla cella una riga sotto e una colonna a destra della cella A1.<\/li><li> Nella Parte DUE, hai utilizzato l&#8217;oggetto intervallo per fare riferimento alla cella cinque righe pi\u00f9 in basso e due colonne a destra della cella A1.<\/li><li> Nella parte THRID, hai utilizzato le celle nella prima e nella seconda parte per fare riferimento e selezionare un intervallo.<\/li><\/ul><h2 class=\"wp-block-heading\"> Utilizzo di OFFSET con ActiveCell<\/h2><p> Puoi anche utilizzare la cella attiva invece di utilizzare un intervallo predefinito. Ci\u00f2 significa che otterrai un offset dinamico per selezionare una cella navigando dalla cella attiva.<\/p><pre class=\"wp-block-code\"> <code class=\"language-visual-basic\" lang=\"visual-basic\">ActiveCell.Offset(5, 2).Select<\/code><\/pre><p> La riga di codice sopra selezioner\u00e0 la cella che si trova cinque righe pi\u00f9 in basso e due colonne a destra della cella attiva.<\/p><h2 class=\"wp-block-heading\"> Utilizzo di OFFSET con ActiveCell per selezionare un intervallo<\/h2><p> Utilizzare il codice seguente per selezionare un intervallo nella cella attiva.<\/p><pre class=\"wp-block-code\"> <code class=\"language-visual-basic\" lang=\"visual-basic\">Range(ActiveCell.Offset(1, 1), ActiveCell.Offset(5, 2)).Select<\/code><\/pre><p> Per capire come funziona questo codice, assicurati di controllare questa spiegazione.<\/p><h2 class=\"wp-block-heading\"> Copia un intervallo utilizzando OFFSET<\/h2><pre class=\"wp-block-code\"> <code class=\"language-visual-basic\" lang=\"visual-basic\">Range(Range(\"A1\").Offset(1, 1), Range(\"A1\").Offset(5, 2)).Copy Range(ActiveCell.Offset(1, 1), ActiveCell.Offset(5, 2)).Copy<\/code><\/pre><h2 class=\"wp-block-heading\"> Utilizzando la propriet\u00e0 Cells con OFFSET<\/h2><p> Puoi anche utilizzare la propriet\u00e0 OFFSET con la propriet\u00e0 CELLS. Considera il seguente codice. <\/p><pre class=\"wp-block-code\"> <code class=\"language-visual-basic\" lang=\"visual-basic\">Cells(1, 3).Offset(2, 3).Select<\/code><\/pre><div class=\"wp-block-image\"><figure class=\"aligncenter size-large is-resized\"><img loading=\"lazy\" decoding=\"async\" class=\"wp-image-53838\" src=\"https:\/\/exceladvisor.org\/wp-content\/uploads\/2023\/08\/Propriete-6-cellules-avec-decalage.png\" sizes=\"auto, \" srcset=\"\" alt=\"propriet\u00e0 della cella con offset\" width=\"656\" height=\"236\"><\/figure><\/div><p> Il codice sopra fa riferimento innanzitutto alla cella A1 (come specificato) con la prima riga e la prima colonna utilizzando la propriet\u00e0 celle, quindi utilizza la propriet\u00e0 offset per selezionare la cella che si trova due righe pi\u00f9 in basso e ha tre colonne.<\/p><div class=\"gb-container gb-container-4db6181c gb-container-mt\"> <a class=\"gb-button gb-button-c5897111 gb-button-text gb-button-mt-button\" href=\"https:\/\/exceladvisor.org\/it\/vba\/\">Cos&#8217;\u00e8 VBA<\/a><h2 class=\"gb-headline gb-headline-665e5f6b gb-headline-text gb-headline-mt-heading\"> Tutorial correlati <\/h2><div class=\"gb-grid-wrapper gb-grid-wrapper-a20baf7c gb-grid-wrapper-mt-grid\"><div class=\"gb-grid-column gb-grid-column-65ddf67e\"><div class=\"gb-container gb-container-65ddf67e\"><ul><li> <a href=\"https:\/\/exceladvisor.org\/it\/numero-di-righe\/\">Contare le righe utilizzando VBA in Excel<\/a><\/li><li> <a href=\"https:\/\/exceladvisor.org\/it\/carattere-del-carattere\/\">Carattere VBA Excel (colore, dimensione, tipo e grassetto)<\/a><\/li><li> <a href=\"https:\/\/exceladvisor.org\/it\/nascondi-mostra-la-riga-della-colonna\/\">Excel VBA Nascondi e mostra una colonna o una riga<\/a><\/li><li> <a href=\"https:\/\/exceladvisor.org\/it\/gamma-1\/\">Intervallo VBA di Excel: utilizzo di intervalli e celle<\/a><\/li><li> <a href=\"https:\/\/exceladvisor.org\/it\/frontiere\/\">Applica i bordi a una cella utilizzando VBA in Excel<\/a> <\/li><\/ul><\/div><\/div><div class=\"gb-grid-column gb-grid-column-50067b57\"><div class=\"gb-container gb-container-50067b57\"><\/div><\/div><\/div><\/div>","protected":false},"excerpt":{"rendered":"","protected":false},"author":1,"featured_media":0,"parent":0,"menu_order":0,"comment_status":"open","ping_status":"closed","template":"","meta":{"ub_ctt_via":"","footnotes":""},"class_list":["post-1568","page","type-page","status-publish","hentry"],"featured_image_src":null,"yoast_head":"<!-- This site is optimized with the Yoast SEO plugin v25.4 - https:\/\/yoast.com\/wordpress\/plugins\/seo\/ -->\n<title>\u25b7 Come utilizzare OFFSET con l&#039;oggetto intervallo in VBA?<\/title>\n<meta name=\"description\" content=\"Questo tutorial ti mostra come utilizzare VBA OFFSET con un intervallo, come selezionare un intervallo, anche utilizzando la cella attiva.\" \/>\n<meta name=\"robots\" content=\"index, follow, max-snippet:-1, max-image-preview:large, max-video-preview:-1\" \/>\n<link rel=\"canonical\" href=\"https:\/\/exceladvisor.org\/it\/spostamento-di-gamma\/\" \/>\n<meta property=\"og:locale\" content=\"it_IT\" \/>\n<meta property=\"og:type\" content=\"article\" \/>\n<meta property=\"og:title\" content=\"\u25b7 Come utilizzare OFFSET con l&#039;oggetto intervallo in VBA?\" \/>\n<meta property=\"og:description\" content=\"Questo tutorial ti mostra come utilizzare VBA OFFSET con un intervallo, come selezionare un intervallo, anche utilizzando la cella attiva.\" \/>\n<meta property=\"og:url\" content=\"https:\/\/exceladvisor.org\/it\/spostamento-di-gamma\/\" \/>\n<meta property=\"og:site_name\" content=\"Excel Advisor\" \/>\n<meta property=\"article:modified_time\" content=\"2023-12-10T06:26:43+00:00\" \/>\n<meta property=\"og:image\" content=\"https:\/\/exceladvisor.org\/wp-content\/uploads\/2023\/08\/1-decalage-avec-lobjet-plage.png\" \/>\n<meta name=\"twitter:card\" content=\"summary_large_image\" \/>\n<meta name=\"twitter:label1\" content=\"Tempo di lettura stimato\" \/>\n\t<meta name=\"twitter:data1\" content=\"2 minuti\" \/>\n<script type=\"application\/ld+json\" class=\"yoast-schema-graph\">{\"@context\":\"https:\/\/schema.org\",\"@graph\":[{\"@type\":\"WebPage\",\"@id\":\"https:\/\/exceladvisor.org\/it\/spostamento-di-gamma\/\",\"url\":\"https:\/\/exceladvisor.org\/it\/spostamento-di-gamma\/\",\"name\":\"\u25b7 Come utilizzare OFFSET con l&#39;oggetto intervallo in VBA?\",\"isPartOf\":{\"@id\":\"https:\/\/exceladvisor.org\/it\/#website\"},\"primaryImageOfPage\":{\"@id\":\"https:\/\/exceladvisor.org\/it\/spostamento-di-gamma\/#primaryimage\"},\"image\":{\"@id\":\"https:\/\/exceladvisor.org\/it\/spostamento-di-gamma\/#primaryimage\"},\"thumbnailUrl\":\"https:\/\/exceladvisor.org\/wp-content\/uploads\/2023\/08\/1-decalage-avec-lobjet-plage.png\",\"datePublished\":\"2023-11-16T15:11:28+00:00\",\"dateModified\":\"2023-12-10T06:26:43+00:00\",\"description\":\"Questo tutorial ti mostra come utilizzare VBA OFFSET con un intervallo, come selezionare un intervallo, anche utilizzando la cella attiva.\",\"breadcrumb\":{\"@id\":\"https:\/\/exceladvisor.org\/it\/spostamento-di-gamma\/#breadcrumb\"},\"inLanguage\":\"it-IT\",\"potentialAction\":[{\"@type\":\"ReadAction\",\"target\":[\"https:\/\/exceladvisor.org\/it\/spostamento-di-gamma\/\"]}]},{\"@type\":\"ImageObject\",\"inLanguage\":\"it-IT\",\"@id\":\"https:\/\/exceladvisor.org\/it\/spostamento-di-gamma\/#primaryimage\",\"url\":\"https:\/\/exceladvisor.org\/wp-content\/uploads\/2023\/08\/1-decalage-avec-lobjet-plage.png\",\"contentUrl\":\"https:\/\/exceladvisor.org\/wp-content\/uploads\/2023\/08\/1-decalage-avec-lobjet-plage.png\"},{\"@type\":\"BreadcrumbList\",\"@id\":\"https:\/\/exceladvisor.org\/it\/spostamento-di-gamma\/#breadcrumb\",\"itemListElement\":[{\"@type\":\"ListItem\",\"position\":1,\"name\":\"Home\",\"item\":\"https:\/\/exceladvisor.org\/it\/\"},{\"@type\":\"ListItem\",\"position\":2,\"name\":\"Come utilizzare offset con l&#39;oggetto range in vba?\"}]},{\"@type\":\"WebSite\",\"@id\":\"https:\/\/exceladvisor.org\/it\/#website\",\"url\":\"https:\/\/exceladvisor.org\/it\/\",\"name\":\"Excel Advisor\",\"description\":\"Tips, Tricks, and Time-Saving Hacks\",\"publisher\":{\"@id\":\"https:\/\/exceladvisor.org\/it\/#organization\"},\"potentialAction\":[{\"@type\":\"SearchAction\",\"target\":{\"@type\":\"EntryPoint\",\"urlTemplate\":\"https:\/\/exceladvisor.org\/it\/?s={search_term_string}\"},\"query-input\":{\"@type\":\"PropertyValueSpecification\",\"valueRequired\":true,\"valueName\":\"search_term_string\"}}],\"inLanguage\":\"it-IT\"},{\"@type\":\"Organization\",\"@id\":\"https:\/\/exceladvisor.org\/it\/#organization\",\"name\":\"Excel Advisor\",\"url\":\"https:\/\/exceladvisor.org\/it\/\",\"logo\":{\"@type\":\"ImageObject\",\"inLanguage\":\"it-IT\",\"@id\":\"https:\/\/exceladvisor.org\/it\/#\/schema\/logo\/image\/\",\"url\":\"https:\/\/exceladvisor.org\/it\/wp-content\/uploads\/2023\/12\/exceladvisor.org_.png\",\"contentUrl\":\"https:\/\/exceladvisor.org\/it\/wp-content\/uploads\/2023\/12\/exceladvisor.org_.png\",\"width\":105,\"height\":36,\"caption\":\"Excel Advisor\"},\"image\":{\"@id\":\"https:\/\/exceladvisor.org\/it\/#\/schema\/logo\/image\/\"}}]}<\/script>\n<!-- \/ Yoast SEO plugin. -->","yoast_head_json":{"title":"\u25b7 Come utilizzare OFFSET con l&#39;oggetto intervallo in VBA?","description":"Questo tutorial ti mostra come utilizzare VBA OFFSET con un intervallo, come selezionare un intervallo, anche utilizzando la cella attiva.","robots":{"index":"index","follow":"follow","max-snippet":"max-snippet:-1","max-image-preview":"max-image-preview:large","max-video-preview":"max-video-preview:-1"},"canonical":"https:\/\/exceladvisor.org\/it\/spostamento-di-gamma\/","og_locale":"it_IT","og_type":"article","og_title":"\u25b7 Come utilizzare OFFSET con l&#39;oggetto intervallo in VBA?","og_description":"Questo tutorial ti mostra come utilizzare VBA OFFSET con un intervallo, come selezionare un intervallo, anche utilizzando la cella attiva.","og_url":"https:\/\/exceladvisor.org\/it\/spostamento-di-gamma\/","og_site_name":"Excel Advisor","article_modified_time":"2023-12-10T06:26:43+00:00","og_image":[{"url":"https:\/\/exceladvisor.org\/wp-content\/uploads\/2023\/08\/1-decalage-avec-lobjet-plage.png","type":"","width":"","height":""}],"twitter_card":"summary_large_image","twitter_misc":{"Tempo di lettura stimato":"2 minuti"},"schema":{"@context":"https:\/\/schema.org","@graph":[{"@type":"WebPage","@id":"https:\/\/exceladvisor.org\/it\/spostamento-di-gamma\/","url":"https:\/\/exceladvisor.org\/it\/spostamento-di-gamma\/","name":"\u25b7 Come utilizzare OFFSET con l&#39;oggetto intervallo in VBA?","isPartOf":{"@id":"https:\/\/exceladvisor.org\/it\/#website"},"primaryImageOfPage":{"@id":"https:\/\/exceladvisor.org\/it\/spostamento-di-gamma\/#primaryimage"},"image":{"@id":"https:\/\/exceladvisor.org\/it\/spostamento-di-gamma\/#primaryimage"},"thumbnailUrl":"https:\/\/exceladvisor.org\/wp-content\/uploads\/2023\/08\/1-decalage-avec-lobjet-plage.png","datePublished":"2023-11-16T15:11:28+00:00","dateModified":"2023-12-10T06:26:43+00:00","description":"Questo tutorial ti mostra come utilizzare VBA OFFSET con un intervallo, come selezionare un intervallo, anche utilizzando la cella attiva.","breadcrumb":{"@id":"https:\/\/exceladvisor.org\/it\/spostamento-di-gamma\/#breadcrumb"},"inLanguage":"it-IT","potentialAction":[{"@type":"ReadAction","target":["https:\/\/exceladvisor.org\/it\/spostamento-di-gamma\/"]}]},{"@type":"ImageObject","inLanguage":"it-IT","@id":"https:\/\/exceladvisor.org\/it\/spostamento-di-gamma\/#primaryimage","url":"https:\/\/exceladvisor.org\/wp-content\/uploads\/2023\/08\/1-decalage-avec-lobjet-plage.png","contentUrl":"https:\/\/exceladvisor.org\/wp-content\/uploads\/2023\/08\/1-decalage-avec-lobjet-plage.png"},{"@type":"BreadcrumbList","@id":"https:\/\/exceladvisor.org\/it\/spostamento-di-gamma\/#breadcrumb","itemListElement":[{"@type":"ListItem","position":1,"name":"Home","item":"https:\/\/exceladvisor.org\/it\/"},{"@type":"ListItem","position":2,"name":"Come utilizzare offset con l&#39;oggetto range in vba?"}]},{"@type":"WebSite","@id":"https:\/\/exceladvisor.org\/it\/#website","url":"https:\/\/exceladvisor.org\/it\/","name":"Excel Advisor","description":"Tips, Tricks, and Time-Saving Hacks","publisher":{"@id":"https:\/\/exceladvisor.org\/it\/#organization"},"potentialAction":[{"@type":"SearchAction","target":{"@type":"EntryPoint","urlTemplate":"https:\/\/exceladvisor.org\/it\/?s={search_term_string}"},"query-input":{"@type":"PropertyValueSpecification","valueRequired":true,"valueName":"search_term_string"}}],"inLanguage":"it-IT"},{"@type":"Organization","@id":"https:\/\/exceladvisor.org\/it\/#organization","name":"Excel Advisor","url":"https:\/\/exceladvisor.org\/it\/","logo":{"@type":"ImageObject","inLanguage":"it-IT","@id":"https:\/\/exceladvisor.org\/it\/#\/schema\/logo\/image\/","url":"https:\/\/exceladvisor.org\/it\/wp-content\/uploads\/2023\/12\/exceladvisor.org_.png","contentUrl":"https:\/\/exceladvisor.org\/it\/wp-content\/uploads\/2023\/12\/exceladvisor.org_.png","width":105,"height":36,"caption":"Excel Advisor"},"image":{"@id":"https:\/\/exceladvisor.org\/it\/#\/schema\/logo\/image\/"}}]}},"yoast_meta":{"yoast_wpseo_title":"","yoast_wpseo_metadesc":"","yoast_wpseo_canonical":""},"_links":{"self":[{"href":"https:\/\/exceladvisor.org\/it\/wp-json\/wp\/v2\/pages\/1568","targetHints":{"allow":["GET"]}}],"collection":[{"href":"https:\/\/exceladvisor.org\/it\/wp-json\/wp\/v2\/pages"}],"about":[{"href":"https:\/\/exceladvisor.org\/it\/wp-json\/wp\/v2\/types\/page"}],"author":[{"embeddable":true,"href":"https:\/\/exceladvisor.org\/it\/wp-json\/wp\/v2\/users\/1"}],"replies":[{"embeddable":true,"href":"https:\/\/exceladvisor.org\/it\/wp-json\/wp\/v2\/comments?post=1568"}],"version-history":[{"count":1,"href":"https:\/\/exceladvisor.org\/it\/wp-json\/wp\/v2\/pages\/1568\/revisions"}],"predecessor-version":[{"id":2827,"href":"https:\/\/exceladvisor.org\/it\/wp-json\/wp\/v2\/pages\/1568\/revisions\/2827"}],"wp:attachment":[{"href":"https:\/\/exceladvisor.org\/it\/wp-json\/wp\/v2\/media?parent=1568"}],"curies":[{"name":"wp","href":"https:\/\/api.w.org\/{rel}","templated":true}]}}