{"id":1572,"date":"2023-11-16T13:19:07","date_gmt":"2023-11-16T13:19:07","guid":{"rendered":"https:\/\/exceladvisor.org\/it\/nascondere-il-foglio\/"},"modified":"2023-12-10T06:24:25","modified_gmt":"2023-12-10T06:24:25","slug":"nascondere-il-foglio","status":"publish","type":"page","link":"https:\/\/exceladvisor.org\/it\/nascondere-il-foglio\/","title":{"rendered":"Come nascondere\/mostrare un foglio utilizzando vba?"},"content":{"rendered":"<div class=\"excel-prima-del-contenuto\" id=\"excel-2308866435\"><script type=\"text\/javascript\">\r\n\tatOptions = {\r\n\t\t'key' : 'c1158f160081d6540a8409e6925dab94',\r\n\t\t'format' : 'iframe',\r\n\t\t'height' : 250,\r\n\t\t'width' : 300,\r\n\t\t'params' : {}\r\n\t};\r\n<\/script>\r\n<script type=\"text\/javascript\" src=\"\/\/www.highperformanceformat.com\/c1158f160081d6540a8409e6925dab94\/invoke.js\"><\/script><\/div> <p>Puoi utilizzare il codice VBA per nascondere o mostrare un foglio in Excel. Quando fai clic con il pulsante destro del mouse sulla scheda del foglio, puoi vedere l&#8217;opzione per nasconderlo o mostrarlo e la stessa cosa che puoi fare con un codice VBA.<\/p><p> In questo articolo esamineremo alcuni dei modi e dei metodi che possiamo utilizzare.<\/p><h2 class=\"wp-block-heading\"> Codice VBA per nascondere un foglio<\/h2><p> Supponiamo che tu voglia nascondere &#8220;Foglio1&#8221; dalla cartella di lavoro attiva. In questo caso dovresti usare un codice come questo.<\/p><pre class=\"wp-block-code\"> <code class=\"language-visual-basic\" lang=\"visual-basic\">Sheets(\"Sheet1\").Visible = False<\/code><\/pre><p> Nel codice sopra, hai fatto riferimento a Foglio1, hai utilizzato la propriet\u00e0 visibile e l&#8217;hai modificata in false.<\/p><h2 class=\"wp-block-heading\"> Crea una foglia molto nascosta<\/h2><p> Esiste un&#8217;altra opzione che puoi utilizzare per creare un foglio molto nascosto che non pu\u00f2 essere facilmente nascosto dall&#8217;utente.<\/p><h2 class=\"wp-block-heading\"> Nascondi un foglio in base al valore di una cella<\/h2><p> Ok, se vuoi utilizzare il valore di una cella invece di utilizzare direttamente il nome del foglio nel codice, puoi fare riferimento a questa cella.<\/p><pre class=\"wp-block-code\"> <code class=\"language-visual-basic\" lang=\"visual-basic\">Sheets(Range(\"A1\").Value).Visible = True<\/code><\/pre><p> Questo codice fa riferimento alla cella A1 e utilizza il valore l\u00ec per fare riferimento al foglio che desideri nascondere.<\/p><p class=\"content-box-grey\"> <em>Link utili: <a href=\"https:\/\/exceladvisor.org\/it\/eseguire-una-macro-2\/\">Esegui una macro<\/a> \u2013 <a href=\"https:\/\/exceladvisor.org\/it\/registrare-una-macro\/\">Registratore di macro<\/a> \u2013 <a href=\"https:\/\/exceladvisor.org\/it\/editor-visivo-di-base\/\">Visual Basic Editor<\/a> \u2013 <a href=\"https:\/\/exceladvisor.org\/it\/quaderno-macro-personale\/\">Manuale delle macro personali<\/a><\/em><\/p><h2 class=\"wp-block-heading\"> Controlla il foglio prima di nasconderlo<\/h2><p> Puoi anche usare un piccolo codice come questo per controllare il foglio di cui vuoi nascondere o meno gli output.<\/p><pre class=\"wp-block-code\"> <code class=\"language-visual-basic\" lang=\"visual-basic\">Sub vba_hide_sheet() Dim sht As Worksheet For Each sht In ThisWorkbook.Worksheets If sht.Name = \"Sheet1\" Then sht.Visible = False Exit Sub End If Next sht MsgBox \"Sheet not found\", vbCritical, \"Error\" End Sub<\/code><\/pre><p> Il codice sopra utilizza <a href=\"https:\/\/exceladvisor.org\/it\/per-il-ciclo\/\">FOR EACH LOOP<\/a> + <a href=\"https:\/\/exceladvisor.org\/it\/se-2\/\">IF STATEMENT<\/a> per scorrere ogni foglio nella cartella di lavoro. E controlla il foglio che vuoi nascondere.<\/p><h2 class=\"wp-block-heading\"> Nascondi tutti i fogli (tranne ActiveSheet)<\/h2><p> Ora c&#8217;\u00e8 una cosa che devi capire: non puoi nascondere tutte le foglie. Dovrebbe esserci una foglia sempre visibile.<\/p><pre class=\"wp-block-code\"> <code class=\"language-visual-basic\" lang=\"visual-basic\">Sub vba_hide_sheet() Dim ws As Worksheet For Each ws In ThisWorkbook.Sheets If ActiveSheet.Name &lt;&gt; ws.Name Then ws.Visible = False End If Next ws End Sub<\/code><\/pre><p> Il codice precedente scorre tutti i fogli della cartella di lavoro, quindi abbina il nome di ciascun foglio al nome del foglio attivo e lo nasconde se non corrisponde.<\/p><h2 class=\"wp-block-heading\"> Codice VBA per visualizzare un foglio<\/h2><p> Per visualizzare un foglio, \u00e8 necessario modificare la propriet\u00e0 visibile su TRUE.<\/p><pre class=\"wp-block-code\"> <code class=\"language-visual-basic\" lang=\"visual-basic\">Sheets(\"Sheet1\").Visible = False<\/code><\/pre><p> Se il foglio che vuoi visualizzare \u00e8 gi\u00e0 visibile, questo codice non mostrer\u00e0 alcun errore. Ma se questo foglio non esiste, riceverai un errore di runtime &#8220;9&#8221;. <\/p><div class=\"wp-block-image\"><figure class=\"aligncenter size-large is-resized\"><img loading=\"lazy\" decoding=\"async\" class=\"wp-image-52343\" src=\"https:\/\/exceladvisor.org\/wp-content\/uploads\/2023\/08\/1-code-vba-pour-afficher-une-feuille.png\" sizes=\"auto, \" srcset=\"\" alt=\"codice-vba-per-mostrare-un-foglio\" width=\"380\" height=\"214\"><\/figure><\/div><h2 class=\"wp-block-heading\"> Usa VBA per mostrare tutti i fogli nascosti<\/h2><p> Immagina di avere diversi fogli nascosti in una cartella di lavoro e se vuoi nasconderli manualmente, devi farlo uno per uno.<\/p><p> Ma ecco il codice che fa questo in una volta sola.<\/p><pre class=\"wp-block-code\"> <code class=\"language-visual-basic\" lang=\"visual-basic\">Sub vba_unhide_sheet() Dim ws As Worksheet For Each ws In ThisWorkbook.Sheets If ws.Visible = False Then ws.Visible = True End If Next ws End Sub<\/code><\/pre><p> Passa attraverso ogni foglia e la smaschera.<\/p><div class=\"gb-container gb-container-4db6181c gb-container-mt\"> <a class=\"gb-button gb-button-c5897111 gb-button-text gb-button-mt-button\" href=\"https:\/\/exceladvisor.org\/it\/vba\/\">Cos&#8217;\u00e8 VBA<\/a><h2 class=\"gb-headline gb-headline-665e5f6b gb-headline-text gb-headline-mt-heading\"> Tutorial correlati <\/h2><div class=\"gb-grid-wrapper gb-grid-wrapper-a20baf7c gb-grid-wrapper-mt-grid\"><div class=\"gb-grid-column gb-grid-column-65ddf67e\"><div class=\"gb-container gb-container-65ddf67e\"><ul><li> <a href=\"https:\/\/exceladvisor.org\/it\/foglio-trasparente\/\">CANCELLARE un intero foglio utilizzando VBA in Excel<\/a><\/li><li> <a href=\"https:\/\/exceladvisor.org\/it\/foglio-di-copia\/\">Copia e sposta un foglio in Excel utilizzando VBA<\/a><\/li><li> <a href=\"https:\/\/exceladvisor.org\/it\/contare-le-foglie\/\">COUNT Fogli utilizzando VBA in Excel<\/a><\/li><li> <a href=\"https:\/\/exceladvisor.org\/it\/eliminare-un-foglio-1\/\">ELIMINA un FOGLIO utilizzando VBA in Excel<\/a><\/li><li> <a href=\"https:\/\/exceladvisor.org\/it\/proteggere-la-foglia\/\">PROTEGGI e NON PROTEGGI un foglio utilizzando VBA in Excel<\/a> <\/li><\/ul><\/div><\/div><div class=\"gb-grid-column gb-grid-column-50067b57\"><div class=\"gb-container gb-container-50067b57\"><\/div><\/div><\/div><\/div>","protected":false},"excerpt":{"rendered":"","protected":false},"author":1,"featured_media":0,"parent":0,"menu_order":0,"comment_status":"open","ping_status":"closed","template":"","meta":{"ub_ctt_via":"","footnotes":""},"class_list":["post-1572","page","type-page","status-publish","hentry"],"featured_image_src":null,"yoast_head":"<!-- This site is optimized with the Yoast SEO plugin v25.4 - https:\/\/yoast.com\/wordpress\/plugins\/seo\/ -->\n<title>\u25b7 Come nascondere\/mostrare un foglio utilizzando VBA?<\/title>\n<meta name=\"description\" content=\"Questo tutorial ti mostra come nascondere e mostrare un foglio di lavoro utilizzando il codice VBA. Ti mostra anche diverso\" \/>\n<meta name=\"robots\" content=\"index, follow, max-snippet:-1, max-image-preview:large, max-video-preview:-1\" \/>\n<link rel=\"canonical\" href=\"https:\/\/exceladvisor.org\/it\/nascondere-il-foglio\/\" \/>\n<meta property=\"og:locale\" content=\"it_IT\" \/>\n<meta property=\"og:type\" content=\"article\" \/>\n<meta property=\"og:title\" content=\"\u25b7 Come nascondere\/mostrare un foglio utilizzando VBA?\" \/>\n<meta property=\"og:description\" content=\"Questo tutorial ti mostra come nascondere e mostrare un foglio di lavoro utilizzando il codice VBA. Ti mostra anche diverso\" \/>\n<meta property=\"og:url\" content=\"https:\/\/exceladvisor.org\/it\/nascondere-il-foglio\/\" \/>\n<meta property=\"og:site_name\" content=\"Excel Advisor\" \/>\n<meta property=\"article:modified_time\" content=\"2023-12-10T06:24:25+00:00\" \/>\n<meta property=\"og:image\" content=\"https:\/\/exceladvisor.org\/wp-content\/uploads\/2023\/08\/1-code-vba-pour-afficher-une-feuille.png\" \/>\n<meta name=\"twitter:card\" content=\"summary_large_image\" \/>\n<meta name=\"twitter:label1\" content=\"Tempo di lettura stimato\" \/>\n\t<meta name=\"twitter:data1\" content=\"3 minuti\" \/>\n<script type=\"application\/ld+json\" class=\"yoast-schema-graph\">{\"@context\":\"https:\/\/schema.org\",\"@graph\":[{\"@type\":\"WebPage\",\"@id\":\"https:\/\/exceladvisor.org\/it\/nascondere-il-foglio\/\",\"url\":\"https:\/\/exceladvisor.org\/it\/nascondere-il-foglio\/\",\"name\":\"\u25b7 Come nascondere\/mostrare un foglio utilizzando VBA?\",\"isPartOf\":{\"@id\":\"https:\/\/exceladvisor.org\/it\/#website\"},\"primaryImageOfPage\":{\"@id\":\"https:\/\/exceladvisor.org\/it\/nascondere-il-foglio\/#primaryimage\"},\"image\":{\"@id\":\"https:\/\/exceladvisor.org\/it\/nascondere-il-foglio\/#primaryimage\"},\"thumbnailUrl\":\"https:\/\/exceladvisor.org\/wp-content\/uploads\/2023\/08\/1-code-vba-pour-afficher-une-feuille.png\",\"datePublished\":\"2023-11-16T13:19:07+00:00\",\"dateModified\":\"2023-12-10T06:24:25+00:00\",\"description\":\"Questo tutorial ti mostra come nascondere e mostrare un foglio di lavoro utilizzando il codice VBA. Ti mostra anche diverso\",\"breadcrumb\":{\"@id\":\"https:\/\/exceladvisor.org\/it\/nascondere-il-foglio\/#breadcrumb\"},\"inLanguage\":\"it-IT\",\"potentialAction\":[{\"@type\":\"ReadAction\",\"target\":[\"https:\/\/exceladvisor.org\/it\/nascondere-il-foglio\/\"]}]},{\"@type\":\"ImageObject\",\"inLanguage\":\"it-IT\",\"@id\":\"https:\/\/exceladvisor.org\/it\/nascondere-il-foglio\/#primaryimage\",\"url\":\"https:\/\/exceladvisor.org\/wp-content\/uploads\/2023\/08\/1-code-vba-pour-afficher-une-feuille.png\",\"contentUrl\":\"https:\/\/exceladvisor.org\/wp-content\/uploads\/2023\/08\/1-code-vba-pour-afficher-une-feuille.png\"},{\"@type\":\"BreadcrumbList\",\"@id\":\"https:\/\/exceladvisor.org\/it\/nascondere-il-foglio\/#breadcrumb\",\"itemListElement\":[{\"@type\":\"ListItem\",\"position\":1,\"name\":\"Home\",\"item\":\"https:\/\/exceladvisor.org\/it\/\"},{\"@type\":\"ListItem\",\"position\":2,\"name\":\"Come nascondere\/mostrare un foglio utilizzando vba?\"}]},{\"@type\":\"WebSite\",\"@id\":\"https:\/\/exceladvisor.org\/it\/#website\",\"url\":\"https:\/\/exceladvisor.org\/it\/\",\"name\":\"Excel Advisor\",\"description\":\"Tips, Tricks, and Time-Saving Hacks\",\"publisher\":{\"@id\":\"https:\/\/exceladvisor.org\/it\/#organization\"},\"potentialAction\":[{\"@type\":\"SearchAction\",\"target\":{\"@type\":\"EntryPoint\",\"urlTemplate\":\"https:\/\/exceladvisor.org\/it\/?s={search_term_string}\"},\"query-input\":{\"@type\":\"PropertyValueSpecification\",\"valueRequired\":true,\"valueName\":\"search_term_string\"}}],\"inLanguage\":\"it-IT\"},{\"@type\":\"Organization\",\"@id\":\"https:\/\/exceladvisor.org\/it\/#organization\",\"name\":\"Excel Advisor\",\"url\":\"https:\/\/exceladvisor.org\/it\/\",\"logo\":{\"@type\":\"ImageObject\",\"inLanguage\":\"it-IT\",\"@id\":\"https:\/\/exceladvisor.org\/it\/#\/schema\/logo\/image\/\",\"url\":\"https:\/\/exceladvisor.org\/it\/wp-content\/uploads\/2023\/12\/exceladvisor.org_.png\",\"contentUrl\":\"https:\/\/exceladvisor.org\/it\/wp-content\/uploads\/2023\/12\/exceladvisor.org_.png\",\"width\":105,\"height\":36,\"caption\":\"Excel Advisor\"},\"image\":{\"@id\":\"https:\/\/exceladvisor.org\/it\/#\/schema\/logo\/image\/\"}}]}<\/script>\n<!-- \/ Yoast SEO plugin. -->","yoast_head_json":{"title":"\u25b7 Come nascondere\/mostrare un foglio utilizzando VBA?","description":"Questo tutorial ti mostra come nascondere e mostrare un foglio di lavoro utilizzando il codice VBA. Ti mostra anche diverso","robots":{"index":"index","follow":"follow","max-snippet":"max-snippet:-1","max-image-preview":"max-image-preview:large","max-video-preview":"max-video-preview:-1"},"canonical":"https:\/\/exceladvisor.org\/it\/nascondere-il-foglio\/","og_locale":"it_IT","og_type":"article","og_title":"\u25b7 Come nascondere\/mostrare un foglio utilizzando VBA?","og_description":"Questo tutorial ti mostra come nascondere e mostrare un foglio di lavoro utilizzando il codice VBA. Ti mostra anche diverso","og_url":"https:\/\/exceladvisor.org\/it\/nascondere-il-foglio\/","og_site_name":"Excel Advisor","article_modified_time":"2023-12-10T06:24:25+00:00","og_image":[{"url":"https:\/\/exceladvisor.org\/wp-content\/uploads\/2023\/08\/1-code-vba-pour-afficher-une-feuille.png","type":"","width":"","height":""}],"twitter_card":"summary_large_image","twitter_misc":{"Tempo di lettura stimato":"3 minuti"},"schema":{"@context":"https:\/\/schema.org","@graph":[{"@type":"WebPage","@id":"https:\/\/exceladvisor.org\/it\/nascondere-il-foglio\/","url":"https:\/\/exceladvisor.org\/it\/nascondere-il-foglio\/","name":"\u25b7 Come nascondere\/mostrare un foglio utilizzando VBA?","isPartOf":{"@id":"https:\/\/exceladvisor.org\/it\/#website"},"primaryImageOfPage":{"@id":"https:\/\/exceladvisor.org\/it\/nascondere-il-foglio\/#primaryimage"},"image":{"@id":"https:\/\/exceladvisor.org\/it\/nascondere-il-foglio\/#primaryimage"},"thumbnailUrl":"https:\/\/exceladvisor.org\/wp-content\/uploads\/2023\/08\/1-code-vba-pour-afficher-une-feuille.png","datePublished":"2023-11-16T13:19:07+00:00","dateModified":"2023-12-10T06:24:25+00:00","description":"Questo tutorial ti mostra come nascondere e mostrare un foglio di lavoro utilizzando il codice VBA. Ti mostra anche diverso","breadcrumb":{"@id":"https:\/\/exceladvisor.org\/it\/nascondere-il-foglio\/#breadcrumb"},"inLanguage":"it-IT","potentialAction":[{"@type":"ReadAction","target":["https:\/\/exceladvisor.org\/it\/nascondere-il-foglio\/"]}]},{"@type":"ImageObject","inLanguage":"it-IT","@id":"https:\/\/exceladvisor.org\/it\/nascondere-il-foglio\/#primaryimage","url":"https:\/\/exceladvisor.org\/wp-content\/uploads\/2023\/08\/1-code-vba-pour-afficher-une-feuille.png","contentUrl":"https:\/\/exceladvisor.org\/wp-content\/uploads\/2023\/08\/1-code-vba-pour-afficher-une-feuille.png"},{"@type":"BreadcrumbList","@id":"https:\/\/exceladvisor.org\/it\/nascondere-il-foglio\/#breadcrumb","itemListElement":[{"@type":"ListItem","position":1,"name":"Home","item":"https:\/\/exceladvisor.org\/it\/"},{"@type":"ListItem","position":2,"name":"Come nascondere\/mostrare un foglio utilizzando vba?"}]},{"@type":"WebSite","@id":"https:\/\/exceladvisor.org\/it\/#website","url":"https:\/\/exceladvisor.org\/it\/","name":"Excel Advisor","description":"Tips, Tricks, and Time-Saving Hacks","publisher":{"@id":"https:\/\/exceladvisor.org\/it\/#organization"},"potentialAction":[{"@type":"SearchAction","target":{"@type":"EntryPoint","urlTemplate":"https:\/\/exceladvisor.org\/it\/?s={search_term_string}"},"query-input":{"@type":"PropertyValueSpecification","valueRequired":true,"valueName":"search_term_string"}}],"inLanguage":"it-IT"},{"@type":"Organization","@id":"https:\/\/exceladvisor.org\/it\/#organization","name":"Excel Advisor","url":"https:\/\/exceladvisor.org\/it\/","logo":{"@type":"ImageObject","inLanguage":"it-IT","@id":"https:\/\/exceladvisor.org\/it\/#\/schema\/logo\/image\/","url":"https:\/\/exceladvisor.org\/it\/wp-content\/uploads\/2023\/12\/exceladvisor.org_.png","contentUrl":"https:\/\/exceladvisor.org\/it\/wp-content\/uploads\/2023\/12\/exceladvisor.org_.png","width":105,"height":36,"caption":"Excel Advisor"},"image":{"@id":"https:\/\/exceladvisor.org\/it\/#\/schema\/logo\/image\/"}}]}},"yoast_meta":{"yoast_wpseo_title":"","yoast_wpseo_metadesc":"","yoast_wpseo_canonical":""},"_links":{"self":[{"href":"https:\/\/exceladvisor.org\/it\/wp-json\/wp\/v2\/pages\/1572","targetHints":{"allow":["GET"]}}],"collection":[{"href":"https:\/\/exceladvisor.org\/it\/wp-json\/wp\/v2\/pages"}],"about":[{"href":"https:\/\/exceladvisor.org\/it\/wp-json\/wp\/v2\/types\/page"}],"author":[{"embeddable":true,"href":"https:\/\/exceladvisor.org\/it\/wp-json\/wp\/v2\/users\/1"}],"replies":[{"embeddable":true,"href":"https:\/\/exceladvisor.org\/it\/wp-json\/wp\/v2\/comments?post=1572"}],"version-history":[{"count":1,"href":"https:\/\/exceladvisor.org\/it\/wp-json\/wp\/v2\/pages\/1572\/revisions"}],"predecessor-version":[{"id":2580,"href":"https:\/\/exceladvisor.org\/it\/wp-json\/wp\/v2\/pages\/1572\/revisions\/2580"}],"wp:attachment":[{"href":"https:\/\/exceladvisor.org\/it\/wp-json\/wp\/v2\/media?parent=1572"}],"curies":[{"name":"wp","href":"https:\/\/api.w.org\/{rel}","templated":true}]}}