{"id":1575,"date":"2023-11-16T12:02:47","date_gmt":"2023-11-16T12:02:47","guid":{"rendered":"https:\/\/exceladvisor.org\/it\/questo-taccuino\/"},"modified":"2023-12-10T06:26:33","modified_gmt":"2023-12-10T06:26:33","slug":"questo-taccuino","status":"publish","type":"page","link":"https:\/\/exceladvisor.org\/it\/questo-taccuino\/","title":{"rendered":"Come utilizzare la variabile vba thisworkbook in excel?"},"content":{"rendered":"<div class=\"excel-prima-del-contenuto\" id=\"excel-2118679769\"><script type=\"text\/javascript\">\r\n\tatOptions = {\r\n\t\t'key' : 'c1158f160081d6540a8409e6925dab94',\r\n\t\t'format' : 'iframe',\r\n\t\t'height' : 250,\r\n\t\t'width' : 300,\r\n\t\t'params' : {}\r\n\t};\r\n<\/script>\r\n<script type=\"text\/javascript\" src=\"\/\/www.highperformanceformat.com\/c1158f160081d6540a8409e6925dab94\/invoke.js\"><\/script><\/div> <p>In VBA \u00e8 possibile utilizzare la propriet\u00e0 ThisWorkbook per fare riferimento alla cartella di lavoro in cui si scrive il codice. Quando lo usi, hai accesso a tutte le propriet\u00e0 e i metodi della cartella di lavoro corrente. In poche parole, puoi <strong>eseguire tutte le attivit\u00e0 nella cartella di lavoro corrente<\/strong> senza utilizzare il nome.<\/p><p> Supponiamo di voler contare i fogli nella cartella di lavoro corrente. Il codice che devi scrivere sarebbe il seguente. <\/p><pre class=\"wp-block-code\"> <code class=\"language-visual-basic\" lang=\"visual-basic\">Sub vba_thisworkbook() MsgBox ThisWorkbook.Sheets.Count End Sub<\/code><\/pre><div class=\"wp-block-image\"><figure class=\"aligncenter size-large is-resized\"><img loading=\"lazy\" decoding=\"async\" class=\"wp-image-52718\" src=\"https:\/\/exceladvisor.org\/wp-content\/uploads\/2023\/08\/1-vba-ce-classeur.png\" sizes=\"auto, \" srcset=\"\" alt=\"vba-questa cartella di lavoro\" width=\"724\" height=\"283\"><\/figure><\/div><p> Quando esegui questo codice, viene visualizzata una finestra di messaggio con il numero di fogli presenti nella cartella di lavoro corrente. <\/p><div class=\"wp-block-image\"><figure class=\"aligncenter size-large is-resized\"><img loading=\"lazy\" decoding=\"async\" class=\"wp-image-52719\" src=\"https:\/\/exceladvisor.org\/wp-content\/uploads\/2023\/08\/2-boites-de-message-avec-le-nombre-de-feuilles.png\" sizes=\"auto, \" srcset=\"\" alt=\"casella di messaggio con conteggio dei fogli\" width=\"316\" height=\"281\"><\/figure><\/div><p> Come ho detto, quando usi ThisWorkbook, ti d\u00e0 accesso alle propriet\u00e0 e al metodo della cartella di lavoro corrente. Puoi vedere tutto questo quando inserisci un punto (.) per visualizzare l&#8217;elenco completo. <\/p><div class=\"wp-block-image\"><figure class=\"aligncenter size-large is-resized\"><img loading=\"lazy\" decoding=\"async\" class=\"wp-image-52720\" src=\"https:\/\/exceladvisor.org\/wp-content\/uploads\/2023\/08\/3-acces-aux-proprietes.png\" sizes=\"auto, \" srcset=\"\" alt=\"accesso alle propriet\u00e0\" width=\"362\" height=\"220\"><\/figure><\/div><p class=\"content-box-grey\"> <em>Link utili: <a href=\"https:\/\/exceladvisor.org\/it\/eseguire-una-macro-2\/\">Esegui una macro<\/a> \u2013 <a href=\"https:\/\/exceladvisor.org\/it\/registrare-una-macro\/\">Registratore di macro<\/a> \u2013 <a href=\"https:\/\/exceladvisor.org\/it\/editor-visivo-di-base\/\">Visual Basic Editor<\/a> \u2013 <a href=\"https:\/\/exceladvisor.org\/it\/quaderno-macro-personale\/\">Manuale delle macro personali<\/a><\/em><\/p><h2 class=\"wp-block-heading\"> Utilizzo di ThisWorkbook con una variabile<\/h2><p> Successivamente, ti mostrer\u00f2 un esempio di codice reale per dichiarare una variabile per utilizzare la propriet\u00e0 ThisWorkbook. Supponiamo di voler eseguire diverse attivit\u00e0 nella cartella di lavoro corrente.<\/p><pre class=\"wp-block-code\"> <code class=\"language-visual-basic\" lang=\"visual-basic\">Sub vba_thisworkbook() Dim myWB As Workbook Set myWB = ThisWorkbook With myWB .Activate .Sheets(1).Activate .Range(\"A1\") = Now .Save .Close End With End Sub<\/code><\/pre><p> Nella prima parte di questo codice hai una variabile, quindi assegnale la propriet\u00e0 &#8220;ThisWorkbook&#8221;. E poi nella seconda parte hai la WITH STATEMENT per eseguire pi\u00f9 attivit\u00e0 con la variabile corrente.<\/p><h2 class=\"wp-block-heading\"> ActiveWorkBook contro questa cartella di lavoro<\/h2><p> Lascia che te lo spieghi con una semplice analogia, quindi abbi pazienza per i prossimi 2 minuti.<\/p><p> Hai due cartelle di lavoro aperte contemporaneamente (Libro1 e Libro2). <strong>Scrivi il codice in book1<\/strong> ma book2 \u00e8 attivo a questo punto. Pertanto, quando esegui questo codice che fa riferimento ad ActiveWorkbook, <strong>eseguir\u00e0 questa attivit\u00e0 in Book2<\/strong> .<\/p><p> Ma quando usi ThisWorkbook, VBA fa sempre riferimento alla cartella di lavoro in cui \u00e8 scritto il codice.<\/p><p> <strong>Il punto \u00e8 questo:<\/strong> \u00e8 sempre meglio utilizzare ThisWorkbook perch\u00e9 elimina la possibilit\u00e0 di errore.<\/p><h2 class=\"wp-block-heading\" style=\"font-size: 22px;\"> Ulteriori informazioni sulle cartelle di lavoro VBA<\/h2><ul><li class=\"has-normal-font-size\"> <a href=\"https:\/\/exceladvisor.org\/it\/salva-la-cartella-di-lavoro\/\">VBA Salva cartella di lavoro<\/a><\/li><li class=\"has-normal-font-size\"> <a href=\"https:\/\/exceladvisor.org\/it\/chiudere-la-cartella-di-lavoro\/\">VBA Chiudi cartella di lavoro<\/a><\/li><li class=\"has-normal-font-size\"> <a href=\"https:\/\/exceladvisor.org\/it\/cancella-il-file\/\">VBA Elimina la cartella di lavoro<\/a><\/li><li class=\"has-normal-font-size\"> <a href=\"https:\/\/exceladvisor.org\/it\/rinominare-la-cartella-di-lavoro\/\">Cartella di lavoro per rinominare VBA<\/a><\/li><li class=\"has-normal-font-size\"> <a href=\"https:\/\/exceladvisor.org\/it\/attivare-la-cartella-di-lavoro\/\">VBA Attiva la cartella di lavoro<\/a><\/li><\/ul>","protected":false},"excerpt":{"rendered":"","protected":false},"author":1,"featured_media":0,"parent":0,"menu_order":0,"comment_status":"open","ping_status":"closed","template":"","meta":{"ub_ctt_via":"","footnotes":""},"class_list":["post-1575","page","type-page","status-publish","hentry"],"featured_image_src":null,"yoast_head":"<!-- This site is optimized with the Yoast SEO plugin v25.4 - https:\/\/yoast.com\/wordpress\/plugins\/seo\/ -->\n<title>Come utilizzare la variabile VBA ThisWorkbook in Excel?<\/title>\n<meta name=\"description\" content=\"Questo tutorial copre la propriet\u00e0 thisworkbook in VBA che puoi utilizzare per fare riferimento alla cartella di lavoro in cui stai scrivendo\" \/>\n<meta name=\"robots\" content=\"index, follow, max-snippet:-1, max-image-preview:large, max-video-preview:-1\" \/>\n<link rel=\"canonical\" href=\"https:\/\/exceladvisor.org\/it\/questo-taccuino\/\" \/>\n<meta property=\"og:locale\" content=\"it_IT\" \/>\n<meta property=\"og:type\" content=\"article\" \/>\n<meta property=\"og:title\" content=\"Come utilizzare la variabile VBA ThisWorkbook in Excel?\" \/>\n<meta property=\"og:description\" content=\"Questo tutorial copre la propriet\u00e0 thisworkbook in VBA che puoi utilizzare per fare riferimento alla cartella di lavoro in cui stai scrivendo\" \/>\n<meta property=\"og:url\" content=\"https:\/\/exceladvisor.org\/it\/questo-taccuino\/\" \/>\n<meta property=\"og:site_name\" content=\"Excel Advisor\" \/>\n<meta property=\"article:modified_time\" content=\"2023-12-10T06:26:33+00:00\" \/>\n<meta property=\"og:image\" content=\"https:\/\/exceladvisor.org\/wp-content\/uploads\/2023\/08\/1-vba-ce-classeur.png\" \/>\n<meta name=\"twitter:card\" content=\"summary_large_image\" \/>\n<meta name=\"twitter:label1\" content=\"Tempo di lettura stimato\" \/>\n\t<meta name=\"twitter:data1\" content=\"2 minuti\" \/>\n<script type=\"application\/ld+json\" class=\"yoast-schema-graph\">{\"@context\":\"https:\/\/schema.org\",\"@graph\":[{\"@type\":\"WebPage\",\"@id\":\"https:\/\/exceladvisor.org\/it\/questo-taccuino\/\",\"url\":\"https:\/\/exceladvisor.org\/it\/questo-taccuino\/\",\"name\":\"Come utilizzare la variabile VBA ThisWorkbook in Excel?\",\"isPartOf\":{\"@id\":\"https:\/\/exceladvisor.org\/it\/#website\"},\"primaryImageOfPage\":{\"@id\":\"https:\/\/exceladvisor.org\/it\/questo-taccuino\/#primaryimage\"},\"image\":{\"@id\":\"https:\/\/exceladvisor.org\/it\/questo-taccuino\/#primaryimage\"},\"thumbnailUrl\":\"https:\/\/exceladvisor.org\/wp-content\/uploads\/2023\/08\/1-vba-ce-classeur.png\",\"datePublished\":\"2023-11-16T12:02:47+00:00\",\"dateModified\":\"2023-12-10T06:26:33+00:00\",\"description\":\"Questo tutorial copre la propriet\u00e0 thisworkbook in VBA che puoi utilizzare per fare riferimento alla cartella di lavoro in cui stai scrivendo\",\"breadcrumb\":{\"@id\":\"https:\/\/exceladvisor.org\/it\/questo-taccuino\/#breadcrumb\"},\"inLanguage\":\"it-IT\",\"potentialAction\":[{\"@type\":\"ReadAction\",\"target\":[\"https:\/\/exceladvisor.org\/it\/questo-taccuino\/\"]}]},{\"@type\":\"ImageObject\",\"inLanguage\":\"it-IT\",\"@id\":\"https:\/\/exceladvisor.org\/it\/questo-taccuino\/#primaryimage\",\"url\":\"https:\/\/exceladvisor.org\/wp-content\/uploads\/2023\/08\/1-vba-ce-classeur.png\",\"contentUrl\":\"https:\/\/exceladvisor.org\/wp-content\/uploads\/2023\/08\/1-vba-ce-classeur.png\"},{\"@type\":\"BreadcrumbList\",\"@id\":\"https:\/\/exceladvisor.org\/it\/questo-taccuino\/#breadcrumb\",\"itemListElement\":[{\"@type\":\"ListItem\",\"position\":1,\"name\":\"Home\",\"item\":\"https:\/\/exceladvisor.org\/it\/\"},{\"@type\":\"ListItem\",\"position\":2,\"name\":\"Come utilizzare la variabile vba thisworkbook in excel?\"}]},{\"@type\":\"WebSite\",\"@id\":\"https:\/\/exceladvisor.org\/it\/#website\",\"url\":\"https:\/\/exceladvisor.org\/it\/\",\"name\":\"Excel Advisor\",\"description\":\"Tips, Tricks, and Time-Saving Hacks\",\"publisher\":{\"@id\":\"https:\/\/exceladvisor.org\/it\/#organization\"},\"potentialAction\":[{\"@type\":\"SearchAction\",\"target\":{\"@type\":\"EntryPoint\",\"urlTemplate\":\"https:\/\/exceladvisor.org\/it\/?s={search_term_string}\"},\"query-input\":{\"@type\":\"PropertyValueSpecification\",\"valueRequired\":true,\"valueName\":\"search_term_string\"}}],\"inLanguage\":\"it-IT\"},{\"@type\":\"Organization\",\"@id\":\"https:\/\/exceladvisor.org\/it\/#organization\",\"name\":\"Excel Advisor\",\"url\":\"https:\/\/exceladvisor.org\/it\/\",\"logo\":{\"@type\":\"ImageObject\",\"inLanguage\":\"it-IT\",\"@id\":\"https:\/\/exceladvisor.org\/it\/#\/schema\/logo\/image\/\",\"url\":\"https:\/\/exceladvisor.org\/it\/wp-content\/uploads\/2023\/12\/exceladvisor.org_.png\",\"contentUrl\":\"https:\/\/exceladvisor.org\/it\/wp-content\/uploads\/2023\/12\/exceladvisor.org_.png\",\"width\":105,\"height\":36,\"caption\":\"Excel Advisor\"},\"image\":{\"@id\":\"https:\/\/exceladvisor.org\/it\/#\/schema\/logo\/image\/\"}}]}<\/script>\n<!-- \/ Yoast SEO plugin. -->","yoast_head_json":{"title":"Come utilizzare la variabile VBA ThisWorkbook in Excel?","description":"Questo tutorial copre la propriet\u00e0 thisworkbook in VBA che puoi utilizzare per fare riferimento alla cartella di lavoro in cui stai scrivendo","robots":{"index":"index","follow":"follow","max-snippet":"max-snippet:-1","max-image-preview":"max-image-preview:large","max-video-preview":"max-video-preview:-1"},"canonical":"https:\/\/exceladvisor.org\/it\/questo-taccuino\/","og_locale":"it_IT","og_type":"article","og_title":"Come utilizzare la variabile VBA ThisWorkbook in Excel?","og_description":"Questo tutorial copre la propriet\u00e0 thisworkbook in VBA che puoi utilizzare per fare riferimento alla cartella di lavoro in cui stai scrivendo","og_url":"https:\/\/exceladvisor.org\/it\/questo-taccuino\/","og_site_name":"Excel Advisor","article_modified_time":"2023-12-10T06:26:33+00:00","og_image":[{"url":"https:\/\/exceladvisor.org\/wp-content\/uploads\/2023\/08\/1-vba-ce-classeur.png","type":"","width":"","height":""}],"twitter_card":"summary_large_image","twitter_misc":{"Tempo di lettura stimato":"2 minuti"},"schema":{"@context":"https:\/\/schema.org","@graph":[{"@type":"WebPage","@id":"https:\/\/exceladvisor.org\/it\/questo-taccuino\/","url":"https:\/\/exceladvisor.org\/it\/questo-taccuino\/","name":"Come utilizzare la variabile VBA ThisWorkbook in Excel?","isPartOf":{"@id":"https:\/\/exceladvisor.org\/it\/#website"},"primaryImageOfPage":{"@id":"https:\/\/exceladvisor.org\/it\/questo-taccuino\/#primaryimage"},"image":{"@id":"https:\/\/exceladvisor.org\/it\/questo-taccuino\/#primaryimage"},"thumbnailUrl":"https:\/\/exceladvisor.org\/wp-content\/uploads\/2023\/08\/1-vba-ce-classeur.png","datePublished":"2023-11-16T12:02:47+00:00","dateModified":"2023-12-10T06:26:33+00:00","description":"Questo tutorial copre la propriet\u00e0 thisworkbook in VBA che puoi utilizzare per fare riferimento alla cartella di lavoro in cui stai scrivendo","breadcrumb":{"@id":"https:\/\/exceladvisor.org\/it\/questo-taccuino\/#breadcrumb"},"inLanguage":"it-IT","potentialAction":[{"@type":"ReadAction","target":["https:\/\/exceladvisor.org\/it\/questo-taccuino\/"]}]},{"@type":"ImageObject","inLanguage":"it-IT","@id":"https:\/\/exceladvisor.org\/it\/questo-taccuino\/#primaryimage","url":"https:\/\/exceladvisor.org\/wp-content\/uploads\/2023\/08\/1-vba-ce-classeur.png","contentUrl":"https:\/\/exceladvisor.org\/wp-content\/uploads\/2023\/08\/1-vba-ce-classeur.png"},{"@type":"BreadcrumbList","@id":"https:\/\/exceladvisor.org\/it\/questo-taccuino\/#breadcrumb","itemListElement":[{"@type":"ListItem","position":1,"name":"Home","item":"https:\/\/exceladvisor.org\/it\/"},{"@type":"ListItem","position":2,"name":"Come utilizzare la variabile vba thisworkbook in excel?"}]},{"@type":"WebSite","@id":"https:\/\/exceladvisor.org\/it\/#website","url":"https:\/\/exceladvisor.org\/it\/","name":"Excel Advisor","description":"Tips, Tricks, and Time-Saving Hacks","publisher":{"@id":"https:\/\/exceladvisor.org\/it\/#organization"},"potentialAction":[{"@type":"SearchAction","target":{"@type":"EntryPoint","urlTemplate":"https:\/\/exceladvisor.org\/it\/?s={search_term_string}"},"query-input":{"@type":"PropertyValueSpecification","valueRequired":true,"valueName":"search_term_string"}}],"inLanguage":"it-IT"},{"@type":"Organization","@id":"https:\/\/exceladvisor.org\/it\/#organization","name":"Excel Advisor","url":"https:\/\/exceladvisor.org\/it\/","logo":{"@type":"ImageObject","inLanguage":"it-IT","@id":"https:\/\/exceladvisor.org\/it\/#\/schema\/logo\/image\/","url":"https:\/\/exceladvisor.org\/it\/wp-content\/uploads\/2023\/12\/exceladvisor.org_.png","contentUrl":"https:\/\/exceladvisor.org\/it\/wp-content\/uploads\/2023\/12\/exceladvisor.org_.png","width":105,"height":36,"caption":"Excel Advisor"},"image":{"@id":"https:\/\/exceladvisor.org\/it\/#\/schema\/logo\/image\/"}}]}},"yoast_meta":{"yoast_wpseo_title":"","yoast_wpseo_metadesc":"","yoast_wpseo_canonical":""},"_links":{"self":[{"href":"https:\/\/exceladvisor.org\/it\/wp-json\/wp\/v2\/pages\/1575","targetHints":{"allow":["GET"]}}],"collection":[{"href":"https:\/\/exceladvisor.org\/it\/wp-json\/wp\/v2\/pages"}],"about":[{"href":"https:\/\/exceladvisor.org\/it\/wp-json\/wp\/v2\/types\/page"}],"author":[{"embeddable":true,"href":"https:\/\/exceladvisor.org\/it\/wp-json\/wp\/v2\/users\/1"}],"replies":[{"embeddable":true,"href":"https:\/\/exceladvisor.org\/it\/wp-json\/wp\/v2\/comments?post=1575"}],"version-history":[{"count":1,"href":"https:\/\/exceladvisor.org\/it\/wp-json\/wp\/v2\/pages\/1575\/revisions"}],"predecessor-version":[{"id":2805,"href":"https:\/\/exceladvisor.org\/it\/wp-json\/wp\/v2\/pages\/1575\/revisions\/2805"}],"wp:attachment":[{"href":"https:\/\/exceladvisor.org\/it\/wp-json\/wp\/v2\/media?parent=1575"}],"curies":[{"name":"wp","href":"https:\/\/api.w.org\/{rel}","templated":true}]}}