{"id":1579,"date":"2023-11-16T09:48:27","date_gmt":"2023-11-16T09:48:27","guid":{"rendered":"https:\/\/exceladvisor.org\/it\/ottieni-il-nome-del-foglio\/"},"modified":"2023-12-10T06:24:34","modified_gmt":"2023-12-10T06:24:34","slug":"ottieni-il-nome-del-foglio","status":"publish","type":"page","link":"https:\/\/exceladvisor.org\/it\/ottieni-il-nome-del-foglio\/","title":{"rendered":"Come ottenere il nome del foglio in excel?"},"content":{"rendered":"<div class=\"excel-prima-del-contenuto\" id=\"excel-439631202\"><script type=\"text\/javascript\">\r\n\tatOptions = {\r\n\t\t'key' : 'c1158f160081d6540a8409e6925dab94',\r\n\t\t'format' : 'iframe',\r\n\t\t'height' : 250,\r\n\t\t'width' : 300,\r\n\t\t'params' : {}\r\n\t};\r\n<\/script>\r\n<script type=\"text\/javascript\" src=\"\/\/www.highperformanceformat.com\/c1158f160081d6540a8409e6925dab94\/invoke.js\"><\/script><\/div> <p>In Excel non esiste una funzione diretta per ottenere il nome del foglio attivo. Ora la soluzione a questo problema \u00e8 creare una formula utilizzando pi\u00f9 funzioni o utilizzare una funzione personalizzata creata utilizzando VBA.<\/p><p> In questo tutorial imparerai entrambi i metodi con esempi.<\/p><h2 class=\"wp-block-heading\"> Utilizza una formula per ottenere il nome del foglio di lavoro<\/h2><p> Per creare una formula per ottenere il nome del foglio di lavoro, dobbiamo utilizzare le funzioni CELLE, TROVA e MID. Ecco la funzione in cui puoi ottenere il nome del foglio.<\/p><pre class=\"wp-block-code\"> <code class=\"language-excel-formula\" lang=\"excel-formula\">=MID(CELL(\"filename\"),FIND(\"]\",CELL(\"filename\"))+1,LEN(CELL(\"filename\")))<\/code><\/pre><p> Inserisci la formula sopra in una delle celle del foglio di lavoro per il quale desideri avere il nome del foglio. Ora capiamo questa formula, e per capirla dobbiamo dividerla in quattro parti.<\/p><p> Nella prima parte abbiamo una funzione CELL che restituisce l&#8217;indirizzo della cartella di lavoro con il nome del foglio corrente. <\/p><div class=\"wp-block-image\"><figure class=\"aligncenter size-full is-resized\"><img loading=\"lazy\" decoding=\"async\" class=\"wp-image-64178\" src=\"https:\/\/exceladvisor.org\/wp-content\/uploads\/2023\/08\/1-formule-pour-obtenir-le-nom-de-la-feuille-de-calcul.png\" sizes=\"auto, \" srcset=\"\" alt=\"formula per ottenere il nome del foglio di lavoro\" width=\"577\" height=\"129\"><\/figure><\/div><p> Ed ecco l&#8217;indirizzo che abbiamo ottenuto dalla funzione cella. Qui puoi vedere che hai il nome del foglio alla fine dell&#8217;indirizzo e devi ottenerne il nome. <\/p><div class=\"wp-block-image\"><figure class=\"aligncenter size-full is-resized\"><img loading=\"lazy\" decoding=\"async\" class=\"wp-image-64179\" src=\"https:\/\/exceladvisor.org\/wp-content\/uploads\/2023\/08\/2-adresse-de-feuille-de-calcul.png\" sizes=\"auto, \" srcset=\"\" alt=\"indirizzo del foglio di calcolo\" width=\"353\" height=\"41\"><\/figure><\/div><p> Ora nella seconda parte abbiamo la funzione TROVA che utilizza la funzione cella per ottenere l&#8217;indirizzo e trovare la posizione del carattere che hai esattamente una posizione davanti al nome del foglio. <\/p><div class=\"wp-block-image\"><figure class=\"aligncenter size-full is-resized\"><img loading=\"lazy\" decoding=\"async\" class=\"wp-image-64180\" src=\"https:\/\/exceladvisor.org\/wp-content\/uploads\/2023\/08\/3-fonction-de-recherche.png\" sizes=\"auto, \" srcset=\"\" alt=\"funzione di ricerca\" width=\"559\" height=\"131\"><\/figure><\/div><p> E una volta ottenuto il numero di posizione &#8220;]&#8221;, devi aggiungervi 1 per ottenere la posizione del primo carattere del nome del foglio. <\/p><div class=\"wp-block-image\"><figure class=\"aligncenter size-full is-resized\"><img loading=\"lazy\" decoding=\"async\" class=\"wp-image-64181\" src=\"https:\/\/exceladvisor.org\/wp-content\/uploads\/2023\/08\/4-ajouter-1-pour-obtenir-la-position.png\" sizes=\"auto, \" srcset=\"\" alt=\"aggiungi-1-per-ottenere-posizione\" width=\"451\" height=\"125\"><\/figure><\/div><p> Ora nella terza parte hai le funzioni LEN e CELL per contare i caratteri dell&#8217;intero percorso. <\/p><div class=\"wp-block-image\"><figure class=\"aligncenter size-full is-resized\"><img loading=\"lazy\" decoding=\"async\" class=\"wp-image-64182\" src=\"https:\/\/exceladvisor.org\/wp-content\/uploads\/2023\/08\/5-fonction-len-et-cellule.png\" sizes=\"auto, \" srcset=\"\" alt=\"funzione lente e cella\" width=\"563\" height=\"94\"><\/figure><\/div><p> Ora a questo punto abbiamo il percorso dell&#8217;indirizzo, la posizione del primo carattere del nome del foglio e il numero di caratteri che abbiamo nel percorso dell&#8217;indirizzo. <\/p><div class=\"wp-block-image\"><figure class=\"aligncenter size-full is-resized\"><img loading=\"lazy\" decoding=\"async\" class=\"wp-image-64183\" src=\"https:\/\/exceladvisor.org\/wp-content\/uploads\/2023\/08\/6-chemin-dadresse-de-feuille-de-calcul.png\" sizes=\"auto, \" srcset=\"\" alt=\"percorso-indirizzo-foglio-di-calcolo\" width=\"495\" height=\"140\"><\/figure><\/div><p> E nella quarta parte, utilizzando la funzione MID, avrai il nome del foglio nel risultato.<\/p><h2 class=\"wp-block-heading\"> Crea una funzione definita dall&#8217;utente per ottenere il nome del foglio<\/h2><p> Ottenere il nome di un foglio tramite una UDF \u00e8 il modo pi\u00f9 semplice. Non \u00e8 necessario creare una formula complessa, ma un codice semplice come questo. <\/p><div class=\"wp-block-image\"><figure class=\"aligncenter size-full is-resized\"><img loading=\"lazy\" decoding=\"async\" class=\"wp-image-64184\" src=\"https:\/\/exceladvisor.org\/wp-content\/uploads\/2023\/08\/7-fonction-definie-par-lutilisateur-pour-obtenir-le-nom-de-la-feuille.png\" sizes=\"auto, \" srcset=\"\" alt=\"funzione definita dall'utente per ottenere il nome del foglio\" width=\"540\" height=\"282\"><\/figure><\/div><pre class=\"wp-block-code\"> <code class=\"language-visual-basic line-numbers\" lang=\"visual-basic\">Function mySheetName() mySheetName = ActiveSheet.Name End Function<\/code><\/pre><p> Vediamo ora come utilizzare questo codice per estrarre in una cella il nome del foglio di lavoro corrente. Utilizzare i seguenti passaggi:<\/p><ol><li> Innanzitutto, vai alla scheda Sviluppatore e fai clic su Visual Basic. <br><img loading=\"lazy\" decoding=\"async\" title=\"Sviluppatore a 8 schede\" src=\"https:\/\/exceladvisor.org\/wp-content\/uploads\/2023\/08\/8-onglet-developpeur.png\" sizes=\"auto, \" srcset=\"\" alt=\"developer-tab\" width=\"653\" height=\"188\"><\/li><li> Ora in Visual Basic Editor, vai all&#8217;opzione Inserisci e fai clic sul modulo per inserire un modulo. <br><img loading=\"lazy\" decoding=\"async\" title=\"9 moduli da inserire\" src=\"https:\/\/exceladvisor.org\/wp-content\/uploads\/2023\/08\/9-module-pour-inserer-le-module.png\" sizes=\"auto, \" srcset=\"\" alt=\"module-to-insert-module\" width=\"221\" height=\"221\"><\/li><li> Successivamente, vai alla finestra del codice e incolla l\u00ec il codice sopra. <br><img loading=\"lazy\" decoding=\"async\" title=\"Finestra 10 codici\" src=\"https:\/\/exceladvisor.org\/wp-content\/uploads\/2023\/08\/fenetre-de-10-codes.png\" sizes=\"auto, \" srcset=\"\" alt=\"code-window\" width=\"628\" height=\"380\"><\/li><li> Alla fine, chiudi l&#8217;editor di Visual Basic e torna al foglio di calcolo.<\/li><\/ol><p> Ora seleziona una delle celle del foglio di lavoro di cui desideri ottenere il nome e inserisci al suo interno la seguente funzione. <\/p><div class=\"wp-block-image\"><figure class=\"aligncenter size-full is-resized\"><img loading=\"lazy\" decoding=\"async\" class=\"wp-image-64188\" src=\"https:\/\/exceladvisor.org\/wp-content\/uploads\/2023\/08\/11-selectionnez-nimporte-quelle-cellule-pour-obtenir-le-nom.png\" sizes=\"auto, \" srcset=\"\" alt=\"seleziona-qualsiasi-cella-per-ottenere-nome\" width=\"442\" height=\"120\"><\/figure><\/div><p> Puoi imparare di pi\u00f9 sulla creazione di una funzione personalizzata da questo tutorial. <\/p><div class=\"gb-container gb-container-52dfcee1 gb-container-sample-file\"><h2 class=\"gb-headline gb-headline-e289c143 gb-headline-text gb-headline-4f7959c2\"> Ottieni il file Excel<\/h2> <a class=\"gb-button gb-button-e88d6bee gb-button-text gb-button-button1\" href=\"https:\/\/exceladvisor.org\/wp-content\/uploads\/2023\/08\/obtenir-le-nom-de-la-feuille-2.xlsx\" rel=\"nofollow\">Scaricamento<\/a><\/div><div class=\"gb-container gb-container-0df56012 gb-container-mt\"> <a class=\"gb-button gb-button-f9f432f4 gb-button-text gb-button-mt-button\" href=\"https:\/\/exceladvisor.org\/it\/formule\/\">Elenco delle formule di Excel<\/a><h2 class=\"gb-headline gb-headline-233444e8 gb-headline-text gb-headline-mt-heading\"> Formule correlate <\/h2><div class=\"gb-grid-wrapper gb-grid-wrapper-a16fa65c gb-grid-wrapper-mt-grid\"><div class=\"gb-grid-column gb-grid-column-50d07e0d\"><div class=\"gb-container gb-container-50d07e0d\"><ul><li> <a href=\"https:\/\/exceladvisor.org\/it\/filtro-orizzontale\/\">Crea un filtro orizzontale in Excel<\/a><\/li><li> <a href=\"https:\/\/exceladvisor.org\/it\/stelle\/\">Crea un modello di valutazione a stelle in Excel<\/a><\/li><li> <a href=\"https:\/\/exceladvisor.org\/it\/ottenere-il-nome-del-file\/\">Ottieni il nome del file in Excel<\/a><\/li><li> <a href=\"https:\/\/exceladvisor.org\/it\/generare-lettere-casuali\/\">Genera rapidamente lettere casuali in Excel<\/a><\/li><li> <a href=\"https:\/\/exceladvisor.org\/it\/randomizzare-lelenco\/\">Randomizza un elenco (ordinamento casuale) in Excel<\/a> <\/li><\/ul><\/div><\/div><div class=\"gb-grid-column gb-grid-column-5b4a0cf9\"><div class=\"gb-container gb-container-5b4a0cf9\"><\/div><\/div><\/div><\/div>","protected":false},"excerpt":{"rendered":"","protected":false},"author":1,"featured_media":0,"parent":0,"menu_order":0,"comment_status":"open","ping_status":"closed","template":"","meta":{"ub_ctt_via":"","footnotes":""},"class_list":["post-1579","page","type-page","status-publish","hentry"],"featured_image_src":null,"yoast_head":"<!-- This site is optimized with the Yoast SEO plugin v25.4 - https:\/\/yoast.com\/wordpress\/plugins\/seo\/ -->\n<title>Come ottenere il nome del foglio in Excel? - Consulente Excel<\/title>\n<meta name=\"description\" content=\"In questo tutorial sulle formule imparerai come ottenere il nome del foglio utilizzando una formula e quindi una funzione definita\" \/>\n<meta name=\"robots\" content=\"index, follow, max-snippet:-1, max-image-preview:large, max-video-preview:-1\" \/>\n<link rel=\"canonical\" href=\"https:\/\/exceladvisor.org\/it\/ottieni-il-nome-del-foglio\/\" \/>\n<meta property=\"og:locale\" content=\"it_IT\" \/>\n<meta property=\"og:type\" content=\"article\" \/>\n<meta property=\"og:title\" content=\"Come ottenere il nome del foglio in Excel? - Consulente Excel\" \/>\n<meta property=\"og:description\" content=\"In questo tutorial sulle formule imparerai come ottenere il nome del foglio utilizzando una formula e quindi una funzione definita\" \/>\n<meta property=\"og:url\" content=\"https:\/\/exceladvisor.org\/it\/ottieni-il-nome-del-foglio\/\" \/>\n<meta property=\"og:site_name\" content=\"Excel Advisor\" \/>\n<meta property=\"article:modified_time\" content=\"2023-12-10T06:24:34+00:00\" \/>\n<meta property=\"og:image\" content=\"https:\/\/exceladvisor.org\/wp-content\/uploads\/2023\/08\/1-formule-pour-obtenir-le-nom-de-la-feuille-de-calcul.png\" \/>\n<meta name=\"twitter:card\" content=\"summary_large_image\" \/>\n<meta name=\"twitter:label1\" content=\"Tempo di lettura stimato\" \/>\n\t<meta name=\"twitter:data1\" content=\"2 minuti\" \/>\n<script type=\"application\/ld+json\" class=\"yoast-schema-graph\">{\"@context\":\"https:\/\/schema.org\",\"@graph\":[{\"@type\":\"WebPage\",\"@id\":\"https:\/\/exceladvisor.org\/it\/ottieni-il-nome-del-foglio\/\",\"url\":\"https:\/\/exceladvisor.org\/it\/ottieni-il-nome-del-foglio\/\",\"name\":\"Come ottenere il nome del foglio in Excel? - Consulente Excel\",\"isPartOf\":{\"@id\":\"https:\/\/exceladvisor.org\/it\/#website\"},\"primaryImageOfPage\":{\"@id\":\"https:\/\/exceladvisor.org\/it\/ottieni-il-nome-del-foglio\/#primaryimage\"},\"image\":{\"@id\":\"https:\/\/exceladvisor.org\/it\/ottieni-il-nome-del-foglio\/#primaryimage\"},\"thumbnailUrl\":\"https:\/\/exceladvisor.org\/wp-content\/uploads\/2023\/08\/1-formule-pour-obtenir-le-nom-de-la-feuille-de-calcul.png\",\"datePublished\":\"2023-11-16T09:48:27+00:00\",\"dateModified\":\"2023-12-10T06:24:34+00:00\",\"description\":\"In questo tutorial sulle formule imparerai come ottenere il nome del foglio utilizzando una formula e quindi una funzione definita\",\"breadcrumb\":{\"@id\":\"https:\/\/exceladvisor.org\/it\/ottieni-il-nome-del-foglio\/#breadcrumb\"},\"inLanguage\":\"it-IT\",\"potentialAction\":[{\"@type\":\"ReadAction\",\"target\":[\"https:\/\/exceladvisor.org\/it\/ottieni-il-nome-del-foglio\/\"]}]},{\"@type\":\"ImageObject\",\"inLanguage\":\"it-IT\",\"@id\":\"https:\/\/exceladvisor.org\/it\/ottieni-il-nome-del-foglio\/#primaryimage\",\"url\":\"https:\/\/exceladvisor.org\/wp-content\/uploads\/2023\/08\/1-formule-pour-obtenir-le-nom-de-la-feuille-de-calcul.png\",\"contentUrl\":\"https:\/\/exceladvisor.org\/wp-content\/uploads\/2023\/08\/1-formule-pour-obtenir-le-nom-de-la-feuille-de-calcul.png\"},{\"@type\":\"BreadcrumbList\",\"@id\":\"https:\/\/exceladvisor.org\/it\/ottieni-il-nome-del-foglio\/#breadcrumb\",\"itemListElement\":[{\"@type\":\"ListItem\",\"position\":1,\"name\":\"Home\",\"item\":\"https:\/\/exceladvisor.org\/it\/\"},{\"@type\":\"ListItem\",\"position\":2,\"name\":\"Come ottenere il nome del foglio in excel?\"}]},{\"@type\":\"WebSite\",\"@id\":\"https:\/\/exceladvisor.org\/it\/#website\",\"url\":\"https:\/\/exceladvisor.org\/it\/\",\"name\":\"Excel Advisor\",\"description\":\"Tips, Tricks, and Time-Saving Hacks\",\"publisher\":{\"@id\":\"https:\/\/exceladvisor.org\/it\/#organization\"},\"potentialAction\":[{\"@type\":\"SearchAction\",\"target\":{\"@type\":\"EntryPoint\",\"urlTemplate\":\"https:\/\/exceladvisor.org\/it\/?s={search_term_string}\"},\"query-input\":{\"@type\":\"PropertyValueSpecification\",\"valueRequired\":true,\"valueName\":\"search_term_string\"}}],\"inLanguage\":\"it-IT\"},{\"@type\":\"Organization\",\"@id\":\"https:\/\/exceladvisor.org\/it\/#organization\",\"name\":\"Excel Advisor\",\"url\":\"https:\/\/exceladvisor.org\/it\/\",\"logo\":{\"@type\":\"ImageObject\",\"inLanguage\":\"it-IT\",\"@id\":\"https:\/\/exceladvisor.org\/it\/#\/schema\/logo\/image\/\",\"url\":\"https:\/\/exceladvisor.org\/it\/wp-content\/uploads\/2023\/12\/exceladvisor.org_.png\",\"contentUrl\":\"https:\/\/exceladvisor.org\/it\/wp-content\/uploads\/2023\/12\/exceladvisor.org_.png\",\"width\":105,\"height\":36,\"caption\":\"Excel Advisor\"},\"image\":{\"@id\":\"https:\/\/exceladvisor.org\/it\/#\/schema\/logo\/image\/\"}}]}<\/script>\n<!-- \/ Yoast SEO plugin. -->","yoast_head_json":{"title":"Come ottenere il nome del foglio in Excel? - Consulente Excel","description":"In questo tutorial sulle formule imparerai come ottenere il nome del foglio utilizzando una formula e quindi una funzione definita","robots":{"index":"index","follow":"follow","max-snippet":"max-snippet:-1","max-image-preview":"max-image-preview:large","max-video-preview":"max-video-preview:-1"},"canonical":"https:\/\/exceladvisor.org\/it\/ottieni-il-nome-del-foglio\/","og_locale":"it_IT","og_type":"article","og_title":"Come ottenere il nome del foglio in Excel? - Consulente Excel","og_description":"In questo tutorial sulle formule imparerai come ottenere il nome del foglio utilizzando una formula e quindi una funzione definita","og_url":"https:\/\/exceladvisor.org\/it\/ottieni-il-nome-del-foglio\/","og_site_name":"Excel Advisor","article_modified_time":"2023-12-10T06:24:34+00:00","og_image":[{"url":"https:\/\/exceladvisor.org\/wp-content\/uploads\/2023\/08\/1-formule-pour-obtenir-le-nom-de-la-feuille-de-calcul.png","type":"","width":"","height":""}],"twitter_card":"summary_large_image","twitter_misc":{"Tempo di lettura stimato":"2 minuti"},"schema":{"@context":"https:\/\/schema.org","@graph":[{"@type":"WebPage","@id":"https:\/\/exceladvisor.org\/it\/ottieni-il-nome-del-foglio\/","url":"https:\/\/exceladvisor.org\/it\/ottieni-il-nome-del-foglio\/","name":"Come ottenere il nome del foglio in Excel? - Consulente Excel","isPartOf":{"@id":"https:\/\/exceladvisor.org\/it\/#website"},"primaryImageOfPage":{"@id":"https:\/\/exceladvisor.org\/it\/ottieni-il-nome-del-foglio\/#primaryimage"},"image":{"@id":"https:\/\/exceladvisor.org\/it\/ottieni-il-nome-del-foglio\/#primaryimage"},"thumbnailUrl":"https:\/\/exceladvisor.org\/wp-content\/uploads\/2023\/08\/1-formule-pour-obtenir-le-nom-de-la-feuille-de-calcul.png","datePublished":"2023-11-16T09:48:27+00:00","dateModified":"2023-12-10T06:24:34+00:00","description":"In questo tutorial sulle formule imparerai come ottenere il nome del foglio utilizzando una formula e quindi una funzione definita","breadcrumb":{"@id":"https:\/\/exceladvisor.org\/it\/ottieni-il-nome-del-foglio\/#breadcrumb"},"inLanguage":"it-IT","potentialAction":[{"@type":"ReadAction","target":["https:\/\/exceladvisor.org\/it\/ottieni-il-nome-del-foglio\/"]}]},{"@type":"ImageObject","inLanguage":"it-IT","@id":"https:\/\/exceladvisor.org\/it\/ottieni-il-nome-del-foglio\/#primaryimage","url":"https:\/\/exceladvisor.org\/wp-content\/uploads\/2023\/08\/1-formule-pour-obtenir-le-nom-de-la-feuille-de-calcul.png","contentUrl":"https:\/\/exceladvisor.org\/wp-content\/uploads\/2023\/08\/1-formule-pour-obtenir-le-nom-de-la-feuille-de-calcul.png"},{"@type":"BreadcrumbList","@id":"https:\/\/exceladvisor.org\/it\/ottieni-il-nome-del-foglio\/#breadcrumb","itemListElement":[{"@type":"ListItem","position":1,"name":"Home","item":"https:\/\/exceladvisor.org\/it\/"},{"@type":"ListItem","position":2,"name":"Come ottenere il nome del foglio in excel?"}]},{"@type":"WebSite","@id":"https:\/\/exceladvisor.org\/it\/#website","url":"https:\/\/exceladvisor.org\/it\/","name":"Excel Advisor","description":"Tips, Tricks, and Time-Saving Hacks","publisher":{"@id":"https:\/\/exceladvisor.org\/it\/#organization"},"potentialAction":[{"@type":"SearchAction","target":{"@type":"EntryPoint","urlTemplate":"https:\/\/exceladvisor.org\/it\/?s={search_term_string}"},"query-input":{"@type":"PropertyValueSpecification","valueRequired":true,"valueName":"search_term_string"}}],"inLanguage":"it-IT"},{"@type":"Organization","@id":"https:\/\/exceladvisor.org\/it\/#organization","name":"Excel Advisor","url":"https:\/\/exceladvisor.org\/it\/","logo":{"@type":"ImageObject","inLanguage":"it-IT","@id":"https:\/\/exceladvisor.org\/it\/#\/schema\/logo\/image\/","url":"https:\/\/exceladvisor.org\/it\/wp-content\/uploads\/2023\/12\/exceladvisor.org_.png","contentUrl":"https:\/\/exceladvisor.org\/it\/wp-content\/uploads\/2023\/12\/exceladvisor.org_.png","width":105,"height":36,"caption":"Excel Advisor"},"image":{"@id":"https:\/\/exceladvisor.org\/it\/#\/schema\/logo\/image\/"}}]}},"yoast_meta":{"yoast_wpseo_title":"","yoast_wpseo_metadesc":"","yoast_wpseo_canonical":""},"_links":{"self":[{"href":"https:\/\/exceladvisor.org\/it\/wp-json\/wp\/v2\/pages\/1579","targetHints":{"allow":["GET"]}}],"collection":[{"href":"https:\/\/exceladvisor.org\/it\/wp-json\/wp\/v2\/pages"}],"about":[{"href":"https:\/\/exceladvisor.org\/it\/wp-json\/wp\/v2\/types\/page"}],"author":[{"embeddable":true,"href":"https:\/\/exceladvisor.org\/it\/wp-json\/wp\/v2\/users\/1"}],"replies":[{"embeddable":true,"href":"https:\/\/exceladvisor.org\/it\/wp-json\/wp\/v2\/comments?post=1579"}],"version-history":[{"count":1,"href":"https:\/\/exceladvisor.org\/it\/wp-json\/wp\/v2\/pages\/1579\/revisions"}],"predecessor-version":[{"id":2590,"href":"https:\/\/exceladvisor.org\/it\/wp-json\/wp\/v2\/pages\/1579\/revisions\/2590"}],"wp:attachment":[{"href":"https:\/\/exceladvisor.org\/it\/wp-json\/wp\/v2\/media?parent=1579"}],"curies":[{"name":"wp","href":"https:\/\/api.w.org\/{rel}","templated":true}]}}