{"id":1580,"date":"2023-11-16T09:26:42","date_gmt":"2023-11-16T09:26:42","guid":{"rendered":"https:\/\/exceladvisor.org\/it\/leva-militare\/"},"modified":"2023-12-10T06:22:26","modified_gmt":"2023-12-10T06:22:26","slug":"leva-militare","status":"publish","type":"page","link":"https:\/\/exceladvisor.org\/it\/leva-militare\/","title":{"rendered":"Come convertire l&#39;ora solare in ora militare?"},"content":{"rendered":"<div class=\"excel-prima-del-contenuto\" id=\"excel-1046045992\"><script type=\"text\/javascript\">\r\n\tatOptions = {\r\n\t\t'key' : 'c1158f160081d6540a8409e6925dab94',\r\n\t\t'format' : 'iframe',\r\n\t\t'height' : 250,\r\n\t\t'width' : 300,\r\n\t\t'params' : {}\r\n\t};\r\n<\/script>\r\n<script type=\"text\/javascript\" src=\"\/\/www.highperformanceformat.com\/c1158f160081d6540a8409e6925dab94\/invoke.js\"><\/script><\/div> <figure class=\"wp-block-embed is-type-video is-provider-youtube wp-block-embed-youtube wp-embed-aspect-16-9 wp-has-aspect-ratio\"><div class=\"wp-block-embed__wrapper\"><\/div><\/figure><h2 class=\"wp-block-heading\"> Converti l&#8217;ora solare in ora militare<\/h2><p> \u00c8 possibile utilizzare la funzione TESTO per convertire l&#8217;ora standard in ora militare in Excel. Nell&#8217;esempio seguente, abbiamo l&#8217;ora nelle celle A1 e A2. La prima volta \u00e8 in AM e la seconda in PM. <\/p><div class=\"wp-block-image\"><figure class=\"aligncenter size-full is-resized\"><img loading=\"lazy\" decoding=\"async\" class=\"wp-image-64171\" src=\"https:\/\/exceladvisor.org\/wp-content\/uploads\/2023\/08\/1-convertir-le-temps-normal.png\" sizes=\"auto, \" srcset=\"\" alt=\"convertire-ora-normale\" width=\"233\" height=\"146\"><\/figure><\/div><p> Ora utilizzando la funzione di testo puoi convertire questo tempo in tempo militare e la formula sarebbe la seguente. <\/p><pre class=\"wp-block-code\"> <code class=\"language-excel-formula\" lang=\"excel-formula\">=TEXT(A1,\"HHMM\")<\/code><\/pre><div class=\"wp-block-image\"><figure class=\"aligncenter size-full is-resized\"><img loading=\"lazy\" decoding=\"async\" class=\"wp-image-64172\" src=\"https:\/\/exceladvisor.org\/wp-content\/uploads\/2023\/08\/2-temps-militaire.png\" sizes=\"auto, \" srcset=\"\" alt=\"Leva militare\" width=\"393\" height=\"149\"><\/figure><\/div><p> Nell&#8217;argomento formato hai il formato &#8220;HHMM&#8221; che \u00e8 senza due punti e visualizza l&#8217;ora come ora militare.<\/p><h2 class=\"wp-block-heading\"> Ottieni tempo militare utilizzando la formattazione personalizzata<\/h2><p> Per utilizzare la formattazione personalizzata, devi selezionare la cella o l&#8217;intervallo di celle in cui desideri ottenere l&#8217;ora militare. <\/p><div class=\"wp-block-image\"><figure class=\"aligncenter size-full is-resized\"><img loading=\"lazy\" decoding=\"async\" class=\"wp-image-64173\" src=\"https:\/\/exceladvisor.org\/wp-content\/uploads\/2023\/08\/3-heures-militaires-utilisant-un-formatage-personnalise.png\" sizes=\"auto, \" srcset=\"\" alt=\"tempo militare utilizzando la formattazione personalizzata\" width=\"490\" height=\"484\"><\/figure><\/div><ol type=\"1\"><li> Una volta selezionata la cella, utilizza il tasto di scelta rapida Control + 1 per aprire le opzioni di formato.<\/li><li> Fare clic su Personalizzato per accedere all&#8217;opzione di formattazione personalizzata.<\/li><li> Da l\u00ec, fai clic sulla casella di input e sul formato che hai gi\u00e0 l\u00ec.<\/li><li> Alla fine, inserisci &#8220;HHMM&#8221; come formato e fai clic su OK. <\/li><\/ol><div class=\"gb-container gb-container-52dfcee1 gb-container-sample-file\"><h2 class=\"gb-headline gb-headline-e289c143 gb-headline-text gb-headline-4f7959c2\"> Ottieni il file Excel<\/h2><p> <a class=\"gb-button gb-button-e88d6bee gb-button-text gb-button-button1\" href=\"https:\/\/exceladvisor.org\/wp-content\/uploads\/2023\/08\/temps-militaire-2.xlsx\" rel=\"nofollow\">Scaricamento<\/a> <\/p><\/div><div class=\"wp-block-group more-tutorials is-layout-flow\"><div class=\"wp-block-group__inner-container\"><h2 class=\"wp-block-heading\"> Pi\u00f9 formule <\/h2><div class=\"wp-block-columns is-layout-flex wp-container-7\"><div class=\"wp-block-column is-layout-flow\"><ul><li> <a href=\"https:\/\/exceladvisor.org\/it\/aggiungere-ore-nel-tempo\/\">Aggiungi ore all&#8217;ora in Excel<\/a><\/li><li> <a href=\"https:\/\/exceladvisor.org\/it\/aggiungere-minuti-al-tempo\/\">Aggiungi minuti all&#8217;ora in Excel<\/a><\/li><li> <a href=\"https:\/\/exceladvisor.org\/it\/calcolare-la-differenza-oraria\/\">Differenza tra due volte in Excel<\/a><\/li><li> <a href=\"https:\/\/exceladvisor.org\/it\/modificare-il-formato-dellora\/\">Cambia il formato dell&#8217;ora in Excel<\/a><\/li><li> <a href=\"https:\/\/exceladvisor.org\/it\/data-e-ora-separate-2\/\">Data e ora separate in Excel<\/a><\/li><\/ul><\/div><div class=\"wp-block-column is-layout-flow\"><ul><li> <a href=\"https:\/\/exceladvisor.org\/it\/tempo-in-secondi-2\/\">Converti il valore temporale in secondi<\/a><\/li><li> <a href=\"https:\/\/exceladvisor.org\/it\/ora-corrente-2\/\">Ottieni l&#8217;ora corrente (formula Excel)<\/a><\/li><li> <a href=\"https:\/\/exceladvisor.org\/it\/lora-del-pisolino-2\/\">Somma del tempo in Excel (formula di Excel)<\/a><\/li><li> <a href=\"https:\/\/exceladvisor.org\/it\/aggiungere-secondi-al-tempo\/\">Aggiungi secondi al tempo<\/a><\/li><li> <a href=\"https:\/\/exceladvisor.org\/it\/secondi-a-ore-minuti\/\">Converti i secondi in ore e minuti<\/a><\/li><\/ul><\/div><\/div><p> \u21e0 Torna <a href=\"https:\/\/exceladvisor.org\/it\/formule\/\">all&#8217;elenco di oltre 100 formule Excel (base + avanzate)<\/a><\/p><\/div><\/div>","protected":false},"excerpt":{"rendered":"","protected":false},"author":1,"featured_media":0,"parent":0,"menu_order":0,"comment_status":"open","ping_status":"closed","template":"","meta":{"ub_ctt_via":"","footnotes":""},"class_list":["post-1580","page","type-page","status-publish","hentry"],"featured_image_src":null,"yoast_head":"<!-- This site is optimized with the Yoast SEO plugin v25.4 - https:\/\/yoast.com\/wordpress\/plugins\/seo\/ -->\n<title>\u25b7 Come convertire l&#039;ora solare in ora militare?<\/title>\n<meta name=\"description\" content=\"In questo tutorial sulla formula, imparerai come ottenere l&#039;ora militare e formattare l&#039;ora standard in quella militare utilizzando un file\" \/>\n<meta name=\"robots\" content=\"index, follow, max-snippet:-1, max-image-preview:large, max-video-preview:-1\" \/>\n<link rel=\"canonical\" href=\"https:\/\/exceladvisor.org\/it\/leva-militare\/\" \/>\n<meta property=\"og:locale\" content=\"it_IT\" \/>\n<meta property=\"og:type\" content=\"article\" \/>\n<meta property=\"og:title\" content=\"\u25b7 Come convertire l&#039;ora solare in ora militare?\" \/>\n<meta property=\"og:description\" content=\"In questo tutorial sulla formula, imparerai come ottenere l&#039;ora militare e formattare l&#039;ora standard in quella militare utilizzando un file\" \/>\n<meta property=\"og:url\" content=\"https:\/\/exceladvisor.org\/it\/leva-militare\/\" \/>\n<meta property=\"og:site_name\" content=\"Excel Advisor\" \/>\n<meta property=\"article:modified_time\" content=\"2023-12-10T06:22:26+00:00\" \/>\n<meta property=\"og:image\" content=\"https:\/\/exceladvisor.org\/wp-content\/uploads\/2023\/08\/1-convertir-le-temps-normal.png\" \/>\n<meta name=\"twitter:card\" content=\"summary_large_image\" \/>\n<meta name=\"twitter:label1\" content=\"Tempo di lettura stimato\" \/>\n\t<meta name=\"twitter:data1\" content=\"1 minuto\" \/>\n<script type=\"application\/ld+json\" class=\"yoast-schema-graph\">{\"@context\":\"https:\/\/schema.org\",\"@graph\":[{\"@type\":\"WebPage\",\"@id\":\"https:\/\/exceladvisor.org\/it\/leva-militare\/\",\"url\":\"https:\/\/exceladvisor.org\/it\/leva-militare\/\",\"name\":\"\u25b7 Come convertire l&#39;ora solare in ora militare?\",\"isPartOf\":{\"@id\":\"https:\/\/exceladvisor.org\/it\/#website\"},\"primaryImageOfPage\":{\"@id\":\"https:\/\/exceladvisor.org\/it\/leva-militare\/#primaryimage\"},\"image\":{\"@id\":\"https:\/\/exceladvisor.org\/it\/leva-militare\/#primaryimage\"},\"thumbnailUrl\":\"https:\/\/exceladvisor.org\/wp-content\/uploads\/2023\/08\/1-convertir-le-temps-normal.png\",\"datePublished\":\"2023-11-16T09:26:42+00:00\",\"dateModified\":\"2023-12-10T06:22:26+00:00\",\"description\":\"In questo tutorial sulla formula, imparerai come ottenere l&#39;ora militare e formattare l&#39;ora standard in quella militare utilizzando un file\",\"breadcrumb\":{\"@id\":\"https:\/\/exceladvisor.org\/it\/leva-militare\/#breadcrumb\"},\"inLanguage\":\"it-IT\",\"potentialAction\":[{\"@type\":\"ReadAction\",\"target\":[\"https:\/\/exceladvisor.org\/it\/leva-militare\/\"]}]},{\"@type\":\"ImageObject\",\"inLanguage\":\"it-IT\",\"@id\":\"https:\/\/exceladvisor.org\/it\/leva-militare\/#primaryimage\",\"url\":\"https:\/\/exceladvisor.org\/wp-content\/uploads\/2023\/08\/1-convertir-le-temps-normal.png\",\"contentUrl\":\"https:\/\/exceladvisor.org\/wp-content\/uploads\/2023\/08\/1-convertir-le-temps-normal.png\"},{\"@type\":\"BreadcrumbList\",\"@id\":\"https:\/\/exceladvisor.org\/it\/leva-militare\/#breadcrumb\",\"itemListElement\":[{\"@type\":\"ListItem\",\"position\":1,\"name\":\"Home\",\"item\":\"https:\/\/exceladvisor.org\/it\/\"},{\"@type\":\"ListItem\",\"position\":2,\"name\":\"Come convertire l&#39;ora solare in ora militare?\"}]},{\"@type\":\"WebSite\",\"@id\":\"https:\/\/exceladvisor.org\/it\/#website\",\"url\":\"https:\/\/exceladvisor.org\/it\/\",\"name\":\"Excel Advisor\",\"description\":\"Tips, Tricks, and Time-Saving Hacks\",\"publisher\":{\"@id\":\"https:\/\/exceladvisor.org\/it\/#organization\"},\"potentialAction\":[{\"@type\":\"SearchAction\",\"target\":{\"@type\":\"EntryPoint\",\"urlTemplate\":\"https:\/\/exceladvisor.org\/it\/?s={search_term_string}\"},\"query-input\":{\"@type\":\"PropertyValueSpecification\",\"valueRequired\":true,\"valueName\":\"search_term_string\"}}],\"inLanguage\":\"it-IT\"},{\"@type\":\"Organization\",\"@id\":\"https:\/\/exceladvisor.org\/it\/#organization\",\"name\":\"Excel Advisor\",\"url\":\"https:\/\/exceladvisor.org\/it\/\",\"logo\":{\"@type\":\"ImageObject\",\"inLanguage\":\"it-IT\",\"@id\":\"https:\/\/exceladvisor.org\/it\/#\/schema\/logo\/image\/\",\"url\":\"https:\/\/exceladvisor.org\/it\/wp-content\/uploads\/2023\/12\/exceladvisor.org_.png\",\"contentUrl\":\"https:\/\/exceladvisor.org\/it\/wp-content\/uploads\/2023\/12\/exceladvisor.org_.png\",\"width\":105,\"height\":36,\"caption\":\"Excel Advisor\"},\"image\":{\"@id\":\"https:\/\/exceladvisor.org\/it\/#\/schema\/logo\/image\/\"}}]}<\/script>\n<!-- \/ Yoast SEO plugin. -->","yoast_head_json":{"title":"\u25b7 Come convertire l&#39;ora solare in ora militare?","description":"In questo tutorial sulla formula, imparerai come ottenere l&#39;ora militare e formattare l&#39;ora standard in quella militare utilizzando un file","robots":{"index":"index","follow":"follow","max-snippet":"max-snippet:-1","max-image-preview":"max-image-preview:large","max-video-preview":"max-video-preview:-1"},"canonical":"https:\/\/exceladvisor.org\/it\/leva-militare\/","og_locale":"it_IT","og_type":"article","og_title":"\u25b7 Come convertire l&#39;ora solare in ora militare?","og_description":"In questo tutorial sulla formula, imparerai come ottenere l&#39;ora militare e formattare l&#39;ora standard in quella militare utilizzando un file","og_url":"https:\/\/exceladvisor.org\/it\/leva-militare\/","og_site_name":"Excel Advisor","article_modified_time":"2023-12-10T06:22:26+00:00","og_image":[{"url":"https:\/\/exceladvisor.org\/wp-content\/uploads\/2023\/08\/1-convertir-le-temps-normal.png","type":"","width":"","height":""}],"twitter_card":"summary_large_image","twitter_misc":{"Tempo di lettura stimato":"1 minuto"},"schema":{"@context":"https:\/\/schema.org","@graph":[{"@type":"WebPage","@id":"https:\/\/exceladvisor.org\/it\/leva-militare\/","url":"https:\/\/exceladvisor.org\/it\/leva-militare\/","name":"\u25b7 Come convertire l&#39;ora solare in ora militare?","isPartOf":{"@id":"https:\/\/exceladvisor.org\/it\/#website"},"primaryImageOfPage":{"@id":"https:\/\/exceladvisor.org\/it\/leva-militare\/#primaryimage"},"image":{"@id":"https:\/\/exceladvisor.org\/it\/leva-militare\/#primaryimage"},"thumbnailUrl":"https:\/\/exceladvisor.org\/wp-content\/uploads\/2023\/08\/1-convertir-le-temps-normal.png","datePublished":"2023-11-16T09:26:42+00:00","dateModified":"2023-12-10T06:22:26+00:00","description":"In questo tutorial sulla formula, imparerai come ottenere l&#39;ora militare e formattare l&#39;ora standard in quella militare utilizzando un file","breadcrumb":{"@id":"https:\/\/exceladvisor.org\/it\/leva-militare\/#breadcrumb"},"inLanguage":"it-IT","potentialAction":[{"@type":"ReadAction","target":["https:\/\/exceladvisor.org\/it\/leva-militare\/"]}]},{"@type":"ImageObject","inLanguage":"it-IT","@id":"https:\/\/exceladvisor.org\/it\/leva-militare\/#primaryimage","url":"https:\/\/exceladvisor.org\/wp-content\/uploads\/2023\/08\/1-convertir-le-temps-normal.png","contentUrl":"https:\/\/exceladvisor.org\/wp-content\/uploads\/2023\/08\/1-convertir-le-temps-normal.png"},{"@type":"BreadcrumbList","@id":"https:\/\/exceladvisor.org\/it\/leva-militare\/#breadcrumb","itemListElement":[{"@type":"ListItem","position":1,"name":"Home","item":"https:\/\/exceladvisor.org\/it\/"},{"@type":"ListItem","position":2,"name":"Come convertire l&#39;ora solare in ora militare?"}]},{"@type":"WebSite","@id":"https:\/\/exceladvisor.org\/it\/#website","url":"https:\/\/exceladvisor.org\/it\/","name":"Excel Advisor","description":"Tips, Tricks, and Time-Saving Hacks","publisher":{"@id":"https:\/\/exceladvisor.org\/it\/#organization"},"potentialAction":[{"@type":"SearchAction","target":{"@type":"EntryPoint","urlTemplate":"https:\/\/exceladvisor.org\/it\/?s={search_term_string}"},"query-input":{"@type":"PropertyValueSpecification","valueRequired":true,"valueName":"search_term_string"}}],"inLanguage":"it-IT"},{"@type":"Organization","@id":"https:\/\/exceladvisor.org\/it\/#organization","name":"Excel Advisor","url":"https:\/\/exceladvisor.org\/it\/","logo":{"@type":"ImageObject","inLanguage":"it-IT","@id":"https:\/\/exceladvisor.org\/it\/#\/schema\/logo\/image\/","url":"https:\/\/exceladvisor.org\/it\/wp-content\/uploads\/2023\/12\/exceladvisor.org_.png","contentUrl":"https:\/\/exceladvisor.org\/it\/wp-content\/uploads\/2023\/12\/exceladvisor.org_.png","width":105,"height":36,"caption":"Excel Advisor"},"image":{"@id":"https:\/\/exceladvisor.org\/it\/#\/schema\/logo\/image\/"}}]}},"yoast_meta":{"yoast_wpseo_title":"","yoast_wpseo_metadesc":"","yoast_wpseo_canonical":""},"_links":{"self":[{"href":"https:\/\/exceladvisor.org\/it\/wp-json\/wp\/v2\/pages\/1580","targetHints":{"allow":["GET"]}}],"collection":[{"href":"https:\/\/exceladvisor.org\/it\/wp-json\/wp\/v2\/pages"}],"about":[{"href":"https:\/\/exceladvisor.org\/it\/wp-json\/wp\/v2\/types\/page"}],"author":[{"embeddable":true,"href":"https:\/\/exceladvisor.org\/it\/wp-json\/wp\/v2\/users\/1"}],"replies":[{"embeddable":true,"href":"https:\/\/exceladvisor.org\/it\/wp-json\/wp\/v2\/comments?post=1580"}],"version-history":[{"count":1,"href":"https:\/\/exceladvisor.org\/it\/wp-json\/wp\/v2\/pages\/1580\/revisions"}],"predecessor-version":[{"id":2419,"href":"https:\/\/exceladvisor.org\/it\/wp-json\/wp\/v2\/pages\/1580\/revisions\/2419"}],"wp:attachment":[{"href":"https:\/\/exceladvisor.org\/it\/wp-json\/wp\/v2\/media?parent=1580"}],"curies":[{"name":"wp","href":"https:\/\/api.w.org\/{rel}","templated":true}]}}