{"id":1581,"date":"2023-11-16T09:18:33","date_gmt":"2023-11-16T09:18:33","guid":{"rendered":"https:\/\/exceladvisor.org\/it\/ottenere-2-anni-di-servizio\/"},"modified":"2023-12-10T06:23:30","modified_gmt":"2023-12-10T06:23:30","slug":"ottenere-2-anni-di-servizio","status":"publish","type":"page","link":"https:\/\/exceladvisor.org\/it\/ottenere-2-anni-di-servizio\/","title":{"rendered":"Come faccio a sapere il numero di anni di servizio?"},"content":{"rendered":"<div class=\"excel-prima-del-contenuto\" id=\"excel-986485969\"><script type=\"text\/javascript\">\r\n\tatOptions = {\r\n\t\t'key' : 'c1158f160081d6540a8409e6925dab94',\r\n\t\t'format' : 'iframe',\r\n\t\t'height' : 250,\r\n\t\t'width' : 300,\r\n\t\t'params' : {}\r\n\t};\r\n<\/script>\r\n<script type=\"text\/javascript\" src=\"\/\/www.highperformanceformat.com\/c1158f160081d6540a8409e6925dab94\/invoke.js\"><\/script><\/div> <p>Questo tutorial ti guider\u00e0 attraverso il processo di creazione di una formula in Excel per calcolare gli anni di servizio. Lo strumento che utilizzerai per questa attivit\u00e0 \u00e8 la funzione DATEDIF. Se non hai familiarit\u00e0 con questa funzione, capirai meglio se prosegui nella lettura.<\/p><h2 class=\"wp-block-heading\"> Ottieni il numero di anni di servizio<\/h2><p> Nell&#8217;esempio seguente, abbiamo una data di inizio e una data di fine. <\/p><div class=\"wp-block-image\"><figure class=\"aligncenter size-full is-resized\"><img loading=\"lazy\" decoding=\"async\" class=\"wp-image-64911\" src=\"https:\/\/exceladvisor.org\/wp-content\/uploads\/2023\/08\/1-an-de-service.png\" sizes=\"auto, \" srcset=\"\" alt=\"anno di servizio\" width=\"478\" height=\"304\"><\/figure><\/div><p> E ora usiamo i seguenti passaggi:<\/p><ol type=\"1\"><li> Digitare &#8220;= <a href=\"https:\/\/exceladvisor.org\/it\/data-se\/\">DATEDIF<\/a> (&#8220;&#8221; nella cella C2.<\/li><li> Fare riferimento alla data di inizio, che \u00e8 A2, e immettere un comando.<\/li><li> Fare riferimento alla data di fine, che \u00e8 B2, e immettere un comando.<\/li><li> Inserisci &#8220;y&#8221;, inserisci le parentesi di chiusura e premi Invio per ottenere il risultato. <\/li><\/ol><div class=\"wp-block-image\"><figure class=\"aligncenter size-full is-resized\"><img loading=\"lazy\" decoding=\"async\" class=\"wp-image-64912\" src=\"https:\/\/exceladvisor.org\/wp-content\/uploads\/2023\/08\/2-obtenir-lannee-de-service.png\" sizes=\"auto, \" srcset=\"\" alt=\"ottenere l'anno di servizio\" width=\"490\" height=\"465\"><\/figure><\/div><p> Lasciami spiegare: quando usi &#8220;y&#8221; nella funzione DATEDIF, restituisce l&#8217;intero anno che hai tra la data di inizio e la data di fine.<\/p><pre class=\"wp-block-code\"> <code class=\"language-excel-formula\" lang=\"excel-formula\">=DATEDIF(A2,B2,\"y\")<\/code><\/pre><p> Ora supponiamo che tu voglia ottenere un periodo di servizio completo tra due date, inclusi anno, mese e date. Puoi utilizzare la seguente formula. <\/p><pre class=\"wp-block-code\"> <code class=\"language-excel-formula\" lang=\"excel-formula\">=DATEDIF(A2,B2,\"y\")&amp;\" year(s), \"&amp;DATEDIF(A2,B2,\"ym\")&amp;\" months(s), \"&amp;DATEDIF(A2,B2,\"md\")&amp;\" days(s).\"<\/code><\/pre><div class=\"wp-block-image\"><figure class=\"aligncenter size-full is-resized\"><img loading=\"lazy\" decoding=\"async\" class=\"wp-image-64913\" src=\"https:\/\/exceladvisor.org\/wp-content\/uploads\/2023\/08\/3-ans-mois-date-de-service.png\" sizes=\"auto, \" srcset=\"\" alt=\"ottenere-anni-mesi-data-di-servizio\" width=\"765\" height=\"182\"><\/figure><\/div><h2 class=\"wp-block-heading\"> Ottieni anni di servizio dalla data odierna<\/h2><p> Ora supponiamo che tu voglia calcolare gli anni di servizio utilizzando la data odierna. Ecco la formula che dovresti usare. <\/p><pre class=\"wp-block-code\"> <code class=\"language-excel-formula\" lang=\"excel-formula\">=DATEDIF(A2,TODAY(),\"y\")&amp;\" year(s)\"<\/code><\/pre><div class=\"wp-block-image\"><figure class=\"aligncenter size-full is-resized\"><img loading=\"lazy\" decoding=\"async\" class=\"wp-image-64914\" src=\"https:\/\/exceladvisor.org\/wp-content\/uploads\/2023\/08\/4-obtenez-une-annee-de-service-a-partir-daujourdhui.png\" sizes=\"auto, \" srcset=\"\" alt=\"ottieni un anno di servizio a partire da oggi\" width=\"576\" height=\"430\"><\/figure><\/div><div class=\"gb-container gb-container-52dfcee1 gb-container-sample-file\"><h2 class=\"gb-headline gb-headline-e289c143 gb-headline-text gb-headline-4f7959c2\"> Ottieni il file Excel<\/h2> <a class=\"gb-button gb-button-e88d6bee gb-button-text gb-button-button1\" href=\"https:\/\/exceladvisor.org\/wp-content\/uploads\/2023\/08\/obtenir-des-annees-de-service.xlsx\" rel=\"nofollow\">Scaricamento<\/a><\/div><div class=\"gb-container gb-container-0df56012 gb-container-mt\"> <a class=\"gb-button gb-button-f9f432f4 gb-button-text gb-button-mt-button\" href=\"https:\/\/exceladvisor.org\/it\/formule\/\">Elenco delle formule di Excel<\/a><h2 class=\"gb-headline gb-headline-233444e8 gb-headline-text gb-headline-mt-heading\"> Formule correlate <\/h2><div class=\"gb-grid-wrapper gb-grid-wrapper-a16fa65c gb-grid-wrapper-mt-grid\"><div class=\"gb-grid-column gb-grid-column-50d07e0d\"><div class=\"gb-container gb-container-50d07e0d\"><ul><li> <a href=\"https:\/\/exceladvisor.org\/it\/aggiungere-anni-fino-ad-oggi\/\">Aggiungi anni fino ad oggi in Excel<\/a><\/li><li> <a href=\"https:\/\/exceladvisor.org\/it\/contare-gli-anni-tra-due-date\/\">Contare gli anni tra due date in Excel<\/a><\/li><li> <a href=\"https:\/\/exceladvisor.org\/it\/ottenere-il-numero-del-giorno-dellanno\/\">Ottieni il numero di giorni dell&#8217;anno in Excel<\/a> <\/li><\/ul><\/div><\/div><div class=\"gb-grid-column gb-grid-column-5b4a0cf9\"><div class=\"gb-container gb-container-5b4a0cf9\"><ul><li> <a href=\"https:\/\/exceladvisor.org\/it\/anni-tra-le-date\/\">Anni tra le date in Excel<\/a><\/li><li> <a href=\"https:\/\/exceladvisor.org\/it\/estrarre-anno-mese\/\">Estrai (Ottieni) l&#8217;anno o il mese da una data in Excel<\/a><\/li><\/ul><\/div><\/div><\/div><\/div>","protected":false},"excerpt":{"rendered":"","protected":false},"author":1,"featured_media":0,"parent":0,"menu_order":0,"comment_status":"open","ping_status":"closed","template":"","meta":{"ub_ctt_via":"","footnotes":""},"class_list":["post-1581","page","type-page","status-publish","hentry"],"featured_image_src":null,"yoast_head":"<!-- This site is optimized with the Yoast SEO plugin v25.4 - https:\/\/yoast.com\/wordpress\/plugins\/seo\/ -->\n<title>Come faccio a sapere il numero di anni di servizio? - Consulente Excel<\/title>\n<meta name=\"description\" content=\"Questo tutorial ti guider\u00e0 attraverso il processo di creazione di una formula in Excel per calcolare gli anni di servizio.\" \/>\n<meta name=\"robots\" content=\"index, follow, max-snippet:-1, max-image-preview:large, max-video-preview:-1\" \/>\n<link rel=\"canonical\" href=\"https:\/\/exceladvisor.org\/it\/ottenere-2-anni-di-servizio\/\" \/>\n<meta property=\"og:locale\" content=\"it_IT\" \/>\n<meta property=\"og:type\" content=\"article\" \/>\n<meta property=\"og:title\" content=\"Come faccio a sapere il numero di anni di servizio? - Consulente Excel\" \/>\n<meta property=\"og:description\" content=\"Questo tutorial ti guider\u00e0 attraverso il processo di creazione di una formula in Excel per calcolare gli anni di servizio.\" \/>\n<meta property=\"og:url\" content=\"https:\/\/exceladvisor.org\/it\/ottenere-2-anni-di-servizio\/\" \/>\n<meta property=\"og:site_name\" content=\"Excel Advisor\" \/>\n<meta property=\"article:modified_time\" content=\"2023-12-10T06:23:30+00:00\" \/>\n<meta property=\"og:image\" content=\"https:\/\/exceladvisor.org\/wp-content\/uploads\/2023\/08\/1-an-de-service.png\" \/>\n<meta name=\"twitter:card\" content=\"summary_large_image\" \/>\n<meta name=\"twitter:label1\" content=\"Tempo di lettura stimato\" \/>\n\t<meta name=\"twitter:data1\" content=\"1 minuto\" \/>\n<script type=\"application\/ld+json\" class=\"yoast-schema-graph\">{\"@context\":\"https:\/\/schema.org\",\"@graph\":[{\"@type\":\"WebPage\",\"@id\":\"https:\/\/exceladvisor.org\/it\/ottenere-2-anni-di-servizio\/\",\"url\":\"https:\/\/exceladvisor.org\/it\/ottenere-2-anni-di-servizio\/\",\"name\":\"Come faccio a sapere il numero di anni di servizio? - Consulente Excel\",\"isPartOf\":{\"@id\":\"https:\/\/exceladvisor.org\/it\/#website\"},\"primaryImageOfPage\":{\"@id\":\"https:\/\/exceladvisor.org\/it\/ottenere-2-anni-di-servizio\/#primaryimage\"},\"image\":{\"@id\":\"https:\/\/exceladvisor.org\/it\/ottenere-2-anni-di-servizio\/#primaryimage\"},\"thumbnailUrl\":\"https:\/\/exceladvisor.org\/wp-content\/uploads\/2023\/08\/1-an-de-service.png\",\"datePublished\":\"2023-11-16T09:18:33+00:00\",\"dateModified\":\"2023-12-10T06:23:30+00:00\",\"description\":\"Questo tutorial ti guider\u00e0 attraverso il processo di creazione di una formula in Excel per calcolare gli anni di servizio.\",\"breadcrumb\":{\"@id\":\"https:\/\/exceladvisor.org\/it\/ottenere-2-anni-di-servizio\/#breadcrumb\"},\"inLanguage\":\"it-IT\",\"potentialAction\":[{\"@type\":\"ReadAction\",\"target\":[\"https:\/\/exceladvisor.org\/it\/ottenere-2-anni-di-servizio\/\"]}]},{\"@type\":\"ImageObject\",\"inLanguage\":\"it-IT\",\"@id\":\"https:\/\/exceladvisor.org\/it\/ottenere-2-anni-di-servizio\/#primaryimage\",\"url\":\"https:\/\/exceladvisor.org\/wp-content\/uploads\/2023\/08\/1-an-de-service.png\",\"contentUrl\":\"https:\/\/exceladvisor.org\/wp-content\/uploads\/2023\/08\/1-an-de-service.png\"},{\"@type\":\"BreadcrumbList\",\"@id\":\"https:\/\/exceladvisor.org\/it\/ottenere-2-anni-di-servizio\/#breadcrumb\",\"itemListElement\":[{\"@type\":\"ListItem\",\"position\":1,\"name\":\"Home\",\"item\":\"https:\/\/exceladvisor.org\/it\/\"},{\"@type\":\"ListItem\",\"position\":2,\"name\":\"Come faccio a sapere il numero di anni di servizio?\"}]},{\"@type\":\"WebSite\",\"@id\":\"https:\/\/exceladvisor.org\/it\/#website\",\"url\":\"https:\/\/exceladvisor.org\/it\/\",\"name\":\"Excel Advisor\",\"description\":\"Tips, Tricks, and Time-Saving Hacks\",\"publisher\":{\"@id\":\"https:\/\/exceladvisor.org\/it\/#organization\"},\"potentialAction\":[{\"@type\":\"SearchAction\",\"target\":{\"@type\":\"EntryPoint\",\"urlTemplate\":\"https:\/\/exceladvisor.org\/it\/?s={search_term_string}\"},\"query-input\":{\"@type\":\"PropertyValueSpecification\",\"valueRequired\":true,\"valueName\":\"search_term_string\"}}],\"inLanguage\":\"it-IT\"},{\"@type\":\"Organization\",\"@id\":\"https:\/\/exceladvisor.org\/it\/#organization\",\"name\":\"Excel Advisor\",\"url\":\"https:\/\/exceladvisor.org\/it\/\",\"logo\":{\"@type\":\"ImageObject\",\"inLanguage\":\"it-IT\",\"@id\":\"https:\/\/exceladvisor.org\/it\/#\/schema\/logo\/image\/\",\"url\":\"https:\/\/exceladvisor.org\/it\/wp-content\/uploads\/2023\/12\/exceladvisor.org_.png\",\"contentUrl\":\"https:\/\/exceladvisor.org\/it\/wp-content\/uploads\/2023\/12\/exceladvisor.org_.png\",\"width\":105,\"height\":36,\"caption\":\"Excel Advisor\"},\"image\":{\"@id\":\"https:\/\/exceladvisor.org\/it\/#\/schema\/logo\/image\/\"}}]}<\/script>\n<!-- \/ Yoast SEO plugin. -->","yoast_head_json":{"title":"Come faccio a sapere il numero di anni di servizio? - Consulente Excel","description":"Questo tutorial ti guider\u00e0 attraverso il processo di creazione di una formula in Excel per calcolare gli anni di servizio.","robots":{"index":"index","follow":"follow","max-snippet":"max-snippet:-1","max-image-preview":"max-image-preview:large","max-video-preview":"max-video-preview:-1"},"canonical":"https:\/\/exceladvisor.org\/it\/ottenere-2-anni-di-servizio\/","og_locale":"it_IT","og_type":"article","og_title":"Come faccio a sapere il numero di anni di servizio? - Consulente Excel","og_description":"Questo tutorial ti guider\u00e0 attraverso il processo di creazione di una formula in Excel per calcolare gli anni di servizio.","og_url":"https:\/\/exceladvisor.org\/it\/ottenere-2-anni-di-servizio\/","og_site_name":"Excel Advisor","article_modified_time":"2023-12-10T06:23:30+00:00","og_image":[{"url":"https:\/\/exceladvisor.org\/wp-content\/uploads\/2023\/08\/1-an-de-service.png","type":"","width":"","height":""}],"twitter_card":"summary_large_image","twitter_misc":{"Tempo di lettura stimato":"1 minuto"},"schema":{"@context":"https:\/\/schema.org","@graph":[{"@type":"WebPage","@id":"https:\/\/exceladvisor.org\/it\/ottenere-2-anni-di-servizio\/","url":"https:\/\/exceladvisor.org\/it\/ottenere-2-anni-di-servizio\/","name":"Come faccio a sapere il numero di anni di servizio? - Consulente Excel","isPartOf":{"@id":"https:\/\/exceladvisor.org\/it\/#website"},"primaryImageOfPage":{"@id":"https:\/\/exceladvisor.org\/it\/ottenere-2-anni-di-servizio\/#primaryimage"},"image":{"@id":"https:\/\/exceladvisor.org\/it\/ottenere-2-anni-di-servizio\/#primaryimage"},"thumbnailUrl":"https:\/\/exceladvisor.org\/wp-content\/uploads\/2023\/08\/1-an-de-service.png","datePublished":"2023-11-16T09:18:33+00:00","dateModified":"2023-12-10T06:23:30+00:00","description":"Questo tutorial ti guider\u00e0 attraverso il processo di creazione di una formula in Excel per calcolare gli anni di servizio.","breadcrumb":{"@id":"https:\/\/exceladvisor.org\/it\/ottenere-2-anni-di-servizio\/#breadcrumb"},"inLanguage":"it-IT","potentialAction":[{"@type":"ReadAction","target":["https:\/\/exceladvisor.org\/it\/ottenere-2-anni-di-servizio\/"]}]},{"@type":"ImageObject","inLanguage":"it-IT","@id":"https:\/\/exceladvisor.org\/it\/ottenere-2-anni-di-servizio\/#primaryimage","url":"https:\/\/exceladvisor.org\/wp-content\/uploads\/2023\/08\/1-an-de-service.png","contentUrl":"https:\/\/exceladvisor.org\/wp-content\/uploads\/2023\/08\/1-an-de-service.png"},{"@type":"BreadcrumbList","@id":"https:\/\/exceladvisor.org\/it\/ottenere-2-anni-di-servizio\/#breadcrumb","itemListElement":[{"@type":"ListItem","position":1,"name":"Home","item":"https:\/\/exceladvisor.org\/it\/"},{"@type":"ListItem","position":2,"name":"Come faccio a sapere il numero di anni di servizio?"}]},{"@type":"WebSite","@id":"https:\/\/exceladvisor.org\/it\/#website","url":"https:\/\/exceladvisor.org\/it\/","name":"Excel Advisor","description":"Tips, Tricks, and Time-Saving Hacks","publisher":{"@id":"https:\/\/exceladvisor.org\/it\/#organization"},"potentialAction":[{"@type":"SearchAction","target":{"@type":"EntryPoint","urlTemplate":"https:\/\/exceladvisor.org\/it\/?s={search_term_string}"},"query-input":{"@type":"PropertyValueSpecification","valueRequired":true,"valueName":"search_term_string"}}],"inLanguage":"it-IT"},{"@type":"Organization","@id":"https:\/\/exceladvisor.org\/it\/#organization","name":"Excel Advisor","url":"https:\/\/exceladvisor.org\/it\/","logo":{"@type":"ImageObject","inLanguage":"it-IT","@id":"https:\/\/exceladvisor.org\/it\/#\/schema\/logo\/image\/","url":"https:\/\/exceladvisor.org\/it\/wp-content\/uploads\/2023\/12\/exceladvisor.org_.png","contentUrl":"https:\/\/exceladvisor.org\/it\/wp-content\/uploads\/2023\/12\/exceladvisor.org_.png","width":105,"height":36,"caption":"Excel Advisor"},"image":{"@id":"https:\/\/exceladvisor.org\/it\/#\/schema\/logo\/image\/"}}]}},"yoast_meta":{"yoast_wpseo_title":"","yoast_wpseo_metadesc":"","yoast_wpseo_canonical":""},"_links":{"self":[{"href":"https:\/\/exceladvisor.org\/it\/wp-json\/wp\/v2\/pages\/1581","targetHints":{"allow":["GET"]}}],"collection":[{"href":"https:\/\/exceladvisor.org\/it\/wp-json\/wp\/v2\/pages"}],"about":[{"href":"https:\/\/exceladvisor.org\/it\/wp-json\/wp\/v2\/types\/page"}],"author":[{"embeddable":true,"href":"https:\/\/exceladvisor.org\/it\/wp-json\/wp\/v2\/users\/1"}],"replies":[{"embeddable":true,"href":"https:\/\/exceladvisor.org\/it\/wp-json\/wp\/v2\/comments?post=1581"}],"version-history":[{"count":1,"href":"https:\/\/exceladvisor.org\/it\/wp-json\/wp\/v2\/pages\/1581\/revisions"}],"predecessor-version":[{"id":2527,"href":"https:\/\/exceladvisor.org\/it\/wp-json\/wp\/v2\/pages\/1581\/revisions\/2527"}],"wp:attachment":[{"href":"https:\/\/exceladvisor.org\/it\/wp-json\/wp\/v2\/media?parent=1581"}],"curies":[{"name":"wp","href":"https:\/\/api.w.org\/{rel}","templated":true}]}}