{"id":1588,"date":"2023-11-16T04:16:08","date_gmt":"2023-11-16T04:16:08","guid":{"rendered":"https:\/\/exceladvisor.org\/it\/copia-incolla\/"},"modified":"2023-12-10T06:22:35","modified_gmt":"2023-12-10T06:22:35","slug":"copia-incolla","status":"publish","type":"page","link":"https:\/\/exceladvisor.org\/it\/copia-incolla\/","title":{"rendered":"Come copiare e incollare tramite il collegamento di excel?"},"content":{"rendered":"<div class=\"excel-prima-del-contenuto\" id=\"excel-2729973388\"><script type=\"text\/javascript\">\r\n\tatOptions = {\r\n\t\t'key' : 'c1158f160081d6540a8409e6925dab94',\r\n\t\t'format' : 'iframe',\r\n\t\t'height' : 250,\r\n\t\t'width' : 300,\r\n\t\t'params' : {}\r\n\t};\r\n<\/script>\r\n<script type=\"text\/javascript\" src=\"\/\/www.highperformanceformat.com\/c1158f160081d6540a8409e6925dab94\/invoke.js\"><\/script><\/div> <p>Copia e incolla \u00e8 la funzionalit\u00e0 pi\u00f9 comunemente e frequentemente utilizzata di Excel. Questa funzione viene utilizzata per copiare e incollare dati da un luogo all&#8217;altro. Gli utenti possono creare pi\u00f9 copie dei dati copiati in varie posizioni sullo stesso foglio, su fogli diversi o in pi\u00f9 cartelle di lavoro.<\/p><p> Come altre funzionalit\u00e0 di Excel, anche questa funzionalit\u00e0 ha una scorciatoia da tastiera e se sei un amante delle scorciatoie da tastiera, devi conoscere questa scorciatoia copia e incolla.<\/p><h2 class=\"wp-block-heading\"> Scorciatoia da tastiera per copiare e incollare in Excel<\/h2><p> <kbd>CTRL<\/kbd> + <kbd>C<\/kbd> <\/p><div class=\"wp-block-image\"><figure class=\"aligncenter size-full is-resized\"><img loading=\"lazy\" decoding=\"async\" class=\"wp-image-69421\" src=\"https:\/\/exceladvisor.org\/wp-content\/uploads\/2023\/08\/1-copie-de-raccourci-clavier.png\" sizes=\"auto, \" srcset=\"\" alt=\"copia scorciatoia da tastiera\" width=\"809\" height=\"317\"><\/figure><\/div><p> <kbd>Ctrl<\/kbd> + <kbd>V<\/kbd> o <kbd>Invio<\/kbd> <\/p><div class=\"wp-block-image\"><figure class=\"aligncenter size-full is-resized\"><img loading=\"lazy\" decoding=\"async\" class=\"wp-image-69422\" src=\"https:\/\/exceladvisor.org\/wp-content\/uploads\/2023\/08\/2-raccourci-clavier-coller.png\" sizes=\"auto, \" srcset=\"\" alt=\"scorciatoia da tastiera-incolla\" width=\"813\" height=\"319\"><\/figure><\/div><h2 class=\"wp-block-heading\"> Passaggi per copiare e incollare utilizzando la scorciatoia da tastiera<\/h2><ul><li> Innanzitutto, vai alla cella o seleziona l&#8217;intervallo di celle da cui desideri copiare i dati, quindi premi i tasti &#8220;Ctrl + C&#8221;. <br><img decoding=\"async\" title=\"3-copia-l'intervallo\" src=\"https:\/\/exceladvisor.org\/wp-content\/uploads\/2023\/08\/3-copier-la-plage.png\" sizes=\"\" srcset=\"\" alt=\"copy-the-range\"><\/li><li> Successivamente, vai alla cella in cui desideri incollare i dati copiati e premi il tasto &#8220;Invio&#8221; o i tasti &#8220;Ctrl + V&#8221; e i tuoi dati verranno incollati\/copiati l\u00ec. <br><img decoding=\"async\" title=\"4-incolla-i-dati\" src=\"https:\/\/exceladvisor.org\/wp-content\/uploads\/2023\/08\/4-coller-les-donnees.png\" sizes=\"\" srcset=\"\" alt=\"paste-the-data\"><\/li><\/ul><p> Nell&#8217;immagine sopra, puoi vedere che abbiamo premuto &#8220;Ctrl + V&#8221; nella cella &#8220;F1&#8221; e i dati copiati sono stati incollati l\u00ec.<\/p><h2 class=\"wp-block-heading\"> Asporto<\/h2><ul><li> Per incollare i dati in una posizione, \u00e8 possibile utilizzare il tasto &#8220;Invio&#8221; per incollare i dati.<\/li><li> Per incollare i dati copiati in pi\u00f9 posizioni, \u00e8 necessario utilizzare i tasti &#8220;Ctrl + V&#8221;, altrimenti \u00e8 necessario copiare i dati, ancora e ancora, per incollarli in pi\u00f9 posizioni.<\/li><li> Per incollare i dati utilizzando l&#8217;opzione incolla speciale (solo valore, formula o formato), \u00e8 necessario utilizzare i tasti &#8220;Ctrl + Alt + V&#8221; per incollare i dati copiati. <\/li><\/ul><div class=\"wp-block-group more-tutorials is-layout-flow\"><div class=\"wp-block-group__inner-container\"><h2 class=\"wp-block-heading\"> Pi\u00f9 scorciatoie <\/h2><div class=\"wp-block-columns is-layout-flex wp-container-51\"><div class=\"wp-block-column is-layout-flow\"><ul><li> <a href=\"https:\/\/exceladvisor.org\/it\/riferimento-assoluto\/\">Riferimento assoluto<\/a><\/li><li> <a href=\"https:\/\/exceladvisor.org\/it\/taglia-e-incolla\/\">Taglia e incolla<\/a><\/li><li> Blocca le celle<\/li><\/ul><\/div><div class=\"wp-block-column is-layout-flow\"><ul><li> <a href=\"https:\/\/exceladvisor.org\/it\/incollare-valori\/\">Incolla valori<\/a><\/li><li> <a href=\"https:\/\/exceladvisor.org\/it\/selezionare-una-riga\/\">Seleziona una riga<\/a><\/li><li> <a href=\"https:\/\/exceladvisor.org\/it\/trasporre-2\/\">Trasporre<\/a><\/li><\/ul><\/div><\/div><\/div><\/div>","protected":false},"excerpt":{"rendered":"","protected":false},"author":1,"featured_media":0,"parent":0,"menu_order":0,"comment_status":"open","ping_status":"closed","template":"","meta":{"ub_ctt_via":"","footnotes":""},"class_list":["post-1588","page","type-page","status-publish","hentry"],"featured_image_src":null,"yoast_head":"<!-- This site is optimized with the Yoast SEO plugin v25.4 - https:\/\/yoast.com\/wordpress\/plugins\/seo\/ -->\n<title>Come copiare e incollare tramite il collegamento di Excel? - Consulente Excel<\/title>\n<meta name=\"description\" content=\"In questo tutorial imparerai come utilizzare una scorciatoia da tastiera per copiare e incollare in Excel. Ora questa scorciatoia da tastiera\" \/>\n<meta name=\"robots\" content=\"index, follow, max-snippet:-1, max-image-preview:large, max-video-preview:-1\" \/>\n<link rel=\"canonical\" href=\"https:\/\/exceladvisor.org\/it\/copia-incolla\/\" \/>\n<meta property=\"og:locale\" content=\"it_IT\" \/>\n<meta property=\"og:type\" content=\"article\" \/>\n<meta property=\"og:title\" content=\"Come copiare e incollare tramite il collegamento di Excel? - Consulente Excel\" \/>\n<meta property=\"og:description\" content=\"In questo tutorial imparerai come utilizzare una scorciatoia da tastiera per copiare e incollare in Excel. Ora questa scorciatoia da tastiera\" \/>\n<meta property=\"og:url\" content=\"https:\/\/exceladvisor.org\/it\/copia-incolla\/\" \/>\n<meta property=\"og:site_name\" content=\"Excel Advisor\" \/>\n<meta property=\"article:modified_time\" content=\"2023-12-10T06:22:35+00:00\" \/>\n<meta property=\"og:image\" content=\"https:\/\/exceladvisor.org\/wp-content\/uploads\/2023\/08\/1-copie-de-raccourci-clavier.png\" \/>\n<meta name=\"twitter:card\" content=\"summary_large_image\" \/>\n<meta name=\"twitter:label1\" content=\"Tempo di lettura stimato\" \/>\n\t<meta name=\"twitter:data1\" content=\"1 minuto\" \/>\n<script type=\"application\/ld+json\" class=\"yoast-schema-graph\">{\"@context\":\"https:\/\/schema.org\",\"@graph\":[{\"@type\":\"WebPage\",\"@id\":\"https:\/\/exceladvisor.org\/it\/copia-incolla\/\",\"url\":\"https:\/\/exceladvisor.org\/it\/copia-incolla\/\",\"name\":\"Come copiare e incollare tramite il collegamento di Excel? - Consulente Excel\",\"isPartOf\":{\"@id\":\"https:\/\/exceladvisor.org\/it\/#website\"},\"primaryImageOfPage\":{\"@id\":\"https:\/\/exceladvisor.org\/it\/copia-incolla\/#primaryimage\"},\"image\":{\"@id\":\"https:\/\/exceladvisor.org\/it\/copia-incolla\/#primaryimage\"},\"thumbnailUrl\":\"https:\/\/exceladvisor.org\/wp-content\/uploads\/2023\/08\/1-copie-de-raccourci-clavier.png\",\"datePublished\":\"2023-11-16T04:16:08+00:00\",\"dateModified\":\"2023-12-10T06:22:35+00:00\",\"description\":\"In questo tutorial imparerai come utilizzare una scorciatoia da tastiera per copiare e incollare in Excel. Ora questa scorciatoia da tastiera\",\"breadcrumb\":{\"@id\":\"https:\/\/exceladvisor.org\/it\/copia-incolla\/#breadcrumb\"},\"inLanguage\":\"it-IT\",\"potentialAction\":[{\"@type\":\"ReadAction\",\"target\":[\"https:\/\/exceladvisor.org\/it\/copia-incolla\/\"]}]},{\"@type\":\"ImageObject\",\"inLanguage\":\"it-IT\",\"@id\":\"https:\/\/exceladvisor.org\/it\/copia-incolla\/#primaryimage\",\"url\":\"https:\/\/exceladvisor.org\/wp-content\/uploads\/2023\/08\/1-copie-de-raccourci-clavier.png\",\"contentUrl\":\"https:\/\/exceladvisor.org\/wp-content\/uploads\/2023\/08\/1-copie-de-raccourci-clavier.png\"},{\"@type\":\"BreadcrumbList\",\"@id\":\"https:\/\/exceladvisor.org\/it\/copia-incolla\/#breadcrumb\",\"itemListElement\":[{\"@type\":\"ListItem\",\"position\":1,\"name\":\"Home\",\"item\":\"https:\/\/exceladvisor.org\/it\/\"},{\"@type\":\"ListItem\",\"position\":2,\"name\":\"Come copiare e incollare tramite il collegamento di excel?\"}]},{\"@type\":\"WebSite\",\"@id\":\"https:\/\/exceladvisor.org\/it\/#website\",\"url\":\"https:\/\/exceladvisor.org\/it\/\",\"name\":\"Excel Advisor\",\"description\":\"Tips, Tricks, and Time-Saving Hacks\",\"publisher\":{\"@id\":\"https:\/\/exceladvisor.org\/it\/#organization\"},\"potentialAction\":[{\"@type\":\"SearchAction\",\"target\":{\"@type\":\"EntryPoint\",\"urlTemplate\":\"https:\/\/exceladvisor.org\/it\/?s={search_term_string}\"},\"query-input\":{\"@type\":\"PropertyValueSpecification\",\"valueRequired\":true,\"valueName\":\"search_term_string\"}}],\"inLanguage\":\"it-IT\"},{\"@type\":\"Organization\",\"@id\":\"https:\/\/exceladvisor.org\/it\/#organization\",\"name\":\"Excel Advisor\",\"url\":\"https:\/\/exceladvisor.org\/it\/\",\"logo\":{\"@type\":\"ImageObject\",\"inLanguage\":\"it-IT\",\"@id\":\"https:\/\/exceladvisor.org\/it\/#\/schema\/logo\/image\/\",\"url\":\"https:\/\/exceladvisor.org\/it\/wp-content\/uploads\/2023\/12\/exceladvisor.org_.png\",\"contentUrl\":\"https:\/\/exceladvisor.org\/it\/wp-content\/uploads\/2023\/12\/exceladvisor.org_.png\",\"width\":105,\"height\":36,\"caption\":\"Excel Advisor\"},\"image\":{\"@id\":\"https:\/\/exceladvisor.org\/it\/#\/schema\/logo\/image\/\"}}]}<\/script>\n<!-- \/ Yoast SEO plugin. -->","yoast_head_json":{"title":"Come copiare e incollare tramite il collegamento di Excel? - Consulente Excel","description":"In questo tutorial imparerai come utilizzare una scorciatoia da tastiera per copiare e incollare in Excel. Ora questa scorciatoia da tastiera","robots":{"index":"index","follow":"follow","max-snippet":"max-snippet:-1","max-image-preview":"max-image-preview:large","max-video-preview":"max-video-preview:-1"},"canonical":"https:\/\/exceladvisor.org\/it\/copia-incolla\/","og_locale":"it_IT","og_type":"article","og_title":"Come copiare e incollare tramite il collegamento di Excel? - Consulente Excel","og_description":"In questo tutorial imparerai come utilizzare una scorciatoia da tastiera per copiare e incollare in Excel. Ora questa scorciatoia da tastiera","og_url":"https:\/\/exceladvisor.org\/it\/copia-incolla\/","og_site_name":"Excel Advisor","article_modified_time":"2023-12-10T06:22:35+00:00","og_image":[{"url":"https:\/\/exceladvisor.org\/wp-content\/uploads\/2023\/08\/1-copie-de-raccourci-clavier.png","type":"","width":"","height":""}],"twitter_card":"summary_large_image","twitter_misc":{"Tempo di lettura stimato":"1 minuto"},"schema":{"@context":"https:\/\/schema.org","@graph":[{"@type":"WebPage","@id":"https:\/\/exceladvisor.org\/it\/copia-incolla\/","url":"https:\/\/exceladvisor.org\/it\/copia-incolla\/","name":"Come copiare e incollare tramite il collegamento di Excel? - Consulente Excel","isPartOf":{"@id":"https:\/\/exceladvisor.org\/it\/#website"},"primaryImageOfPage":{"@id":"https:\/\/exceladvisor.org\/it\/copia-incolla\/#primaryimage"},"image":{"@id":"https:\/\/exceladvisor.org\/it\/copia-incolla\/#primaryimage"},"thumbnailUrl":"https:\/\/exceladvisor.org\/wp-content\/uploads\/2023\/08\/1-copie-de-raccourci-clavier.png","datePublished":"2023-11-16T04:16:08+00:00","dateModified":"2023-12-10T06:22:35+00:00","description":"In questo tutorial imparerai come utilizzare una scorciatoia da tastiera per copiare e incollare in Excel. Ora questa scorciatoia da tastiera","breadcrumb":{"@id":"https:\/\/exceladvisor.org\/it\/copia-incolla\/#breadcrumb"},"inLanguage":"it-IT","potentialAction":[{"@type":"ReadAction","target":["https:\/\/exceladvisor.org\/it\/copia-incolla\/"]}]},{"@type":"ImageObject","inLanguage":"it-IT","@id":"https:\/\/exceladvisor.org\/it\/copia-incolla\/#primaryimage","url":"https:\/\/exceladvisor.org\/wp-content\/uploads\/2023\/08\/1-copie-de-raccourci-clavier.png","contentUrl":"https:\/\/exceladvisor.org\/wp-content\/uploads\/2023\/08\/1-copie-de-raccourci-clavier.png"},{"@type":"BreadcrumbList","@id":"https:\/\/exceladvisor.org\/it\/copia-incolla\/#breadcrumb","itemListElement":[{"@type":"ListItem","position":1,"name":"Home","item":"https:\/\/exceladvisor.org\/it\/"},{"@type":"ListItem","position":2,"name":"Come copiare e incollare tramite il collegamento di excel?"}]},{"@type":"WebSite","@id":"https:\/\/exceladvisor.org\/it\/#website","url":"https:\/\/exceladvisor.org\/it\/","name":"Excel Advisor","description":"Tips, Tricks, and Time-Saving Hacks","publisher":{"@id":"https:\/\/exceladvisor.org\/it\/#organization"},"potentialAction":[{"@type":"SearchAction","target":{"@type":"EntryPoint","urlTemplate":"https:\/\/exceladvisor.org\/it\/?s={search_term_string}"},"query-input":{"@type":"PropertyValueSpecification","valueRequired":true,"valueName":"search_term_string"}}],"inLanguage":"it-IT"},{"@type":"Organization","@id":"https:\/\/exceladvisor.org\/it\/#organization","name":"Excel Advisor","url":"https:\/\/exceladvisor.org\/it\/","logo":{"@type":"ImageObject","inLanguage":"it-IT","@id":"https:\/\/exceladvisor.org\/it\/#\/schema\/logo\/image\/","url":"https:\/\/exceladvisor.org\/it\/wp-content\/uploads\/2023\/12\/exceladvisor.org_.png","contentUrl":"https:\/\/exceladvisor.org\/it\/wp-content\/uploads\/2023\/12\/exceladvisor.org_.png","width":105,"height":36,"caption":"Excel Advisor"},"image":{"@id":"https:\/\/exceladvisor.org\/it\/#\/schema\/logo\/image\/"}}]}},"yoast_meta":{"yoast_wpseo_title":"","yoast_wpseo_metadesc":"","yoast_wpseo_canonical":""},"_links":{"self":[{"href":"https:\/\/exceladvisor.org\/it\/wp-json\/wp\/v2\/pages\/1588","targetHints":{"allow":["GET"]}}],"collection":[{"href":"https:\/\/exceladvisor.org\/it\/wp-json\/wp\/v2\/pages"}],"about":[{"href":"https:\/\/exceladvisor.org\/it\/wp-json\/wp\/v2\/types\/page"}],"author":[{"embeddable":true,"href":"https:\/\/exceladvisor.org\/it\/wp-json\/wp\/v2\/users\/1"}],"replies":[{"embeddable":true,"href":"https:\/\/exceladvisor.org\/it\/wp-json\/wp\/v2\/comments?post=1588"}],"version-history":[{"count":1,"href":"https:\/\/exceladvisor.org\/it\/wp-json\/wp\/v2\/pages\/1588\/revisions"}],"predecessor-version":[{"id":2428,"href":"https:\/\/exceladvisor.org\/it\/wp-json\/wp\/v2\/pages\/1588\/revisions\/2428"}],"wp:attachment":[{"href":"https:\/\/exceladvisor.org\/it\/wp-json\/wp\/v2\/media?parent=1588"}],"curies":[{"name":"wp","href":"https:\/\/api.w.org\/{rel}","templated":true}]}}