{"id":1598,"date":"2023-11-15T14:20:43","date_gmt":"2023-11-15T14:20:43","guid":{"rendered":"https:\/\/exceladvisor.org\/it\/se-e-1\/"},"modified":"2023-12-10T06:21:48","modified_gmt":"2023-12-10T06:21:48","slug":"se-e-1","status":"publish","type":"page","link":"https:\/\/exceladvisor.org\/it\/se-e-1\/","title":{"rendered":"Come combinare le funzioni se e and in excel?"},"content":{"rendered":"<div class=\"excel-prima-del-contenuto\" id=\"excel-165841192\"><script type=\"text\/javascript\">\r\n\tatOptions = {\r\n\t\t'key' : 'c1158f160081d6540a8409e6925dab94',\r\n\t\t'format' : 'iframe',\r\n\t\t'height' : 250,\r\n\t\t'width' : 300,\r\n\t\t'params' : {}\r\n\t};\r\n<\/script>\r\n<script type=\"text\/javascript\" src=\"\/\/www.highperformanceformat.com\/c1158f160081d6540a8409e6925dab94\/invoke.js\"><\/script><\/div> <p>Come ti ho detto, combinando IF con altre funzioni puoi aumentarne i poteri. La funzione AND \u00e8 una delle funzioni pi\u00f9 utili da combinare con la funzione SE.<\/p><p> Mentre combini le funzioni <a href=\"https:\/\/exceladvisor.org\/it\/se-o-1\/\">IF e OR<\/a> per testare pi\u00f9 condizioni. Allo stesso modo \u00e8 possibile combinare le funzioni IF e AND.<\/p><p> C&#8217;\u00e8 una leggera differenza nell&#8217;uso delle funzioni OR e AND con IF. In questo articolo imparerai come combinare le funzioni IF e AND e imparerai anche perch\u00e9 dobbiamo combinarle entrambe.<\/p><h2 id=\"1\" class=\"wp-block-heading\"> Introduzione rapida<\/h2><p> Entrambe queste funzioni sono utili ma utilizzandole insieme puoi risolvere alcuni problemi del mondo reale. Ecco una breve introduzione ad entrambi.<\/p><ol><li> <strong>Funzione SE<\/strong> : per testare una condizione e restituire un valore specifico se questa condizione \u00e8 vera o un altro valore specifico se questa condizione \u00e8 falsa.<\/li><li> <strong>Funzione AND<\/strong> : per testare pi\u00f9 condizioni. Se tutte le condizioni sono vere restituir\u00e0 vero e se una qualsiasi delle condizioni \u00e8 falsa restituir\u00e0 falso.<\/li><\/ol><h2 class=\"wp-block-heading\"> <strong>Perch\u00e9 questo \u00e8 importante?<\/strong><\/h2><ol><li> Puoi testare pi\u00f9 condizioni con la funzione SE.<\/li><li> Restituir\u00e0 un valore specifico se tutte le condizioni sono vere.<\/li><li> Oppure restituir\u00e0 un altro valore specifico se una qualsiasi delle condizioni \u00e8 falsa.<\/li><\/ol><h2 class=\"wp-block-heading\"> Come funzionano le funzioni IF e AND?<\/h2><p> Per combinare le funzioni SE e AND, sostituisci semplicemente l&#8217;argomento test_logico nella funzione SE con la funzione AND. Utilizzando la funzione AND \u00e8 possibile specificare pi\u00f9 condizioni. <\/p><div class=\"wp-block-image\"><figure class=\"aligncenter\"><img loading=\"lazy\" decoding=\"async\" class=\"wp-image-9625\" src=\"https:\/\/exceladvisor.org\/wp-content\/uploads\/2023\/08\/comment-combiner-si-et-et-les-fonctions-remplacent-le-test-logique-1.png\" sizes=\"auto, \" srcset=\"\" alt=\"come combinare le funzioni if e e sostituiscono il test logico\" width=\"486\" height=\"140\"><\/figure><\/div><p> <span style=\"font-size: inherit; background-color: initial;\">Ora la funzione AND tester\u00e0 tutte le tue condizioni qui.<\/span> <span style=\"font-size: inherit; background-color: initial;\">Se tutte le condizioni sono vere, la funzione AND restituir\u00e0 vero e la funzione SE restituir\u00e0 il valore specificato per vero.<\/span><\/p><p> <span style=\"font-size: inherit; background-color: initial;\">Inoltre, se una qualsiasi delle condizioni \u00e8 falsa, la funzione AND restituir\u00e0 falso e la funzione SE restituir\u00e0 il valore specificato per falso.<\/span> <span style=\"font-size: inherit; background-color: initial;\">Lascia che ti mostri un esempio concreto.<\/span><\/p><h2 id=\"3\" class=\"wp-block-heading\"> Esempi<\/h2><p> Qui ho un foglio dei voti degli studenti. E voglio aggiungere alcune note al foglio. <\/p><div class=\"wp-block-image\"><figure class=\"aligncenter\"><img loading=\"lazy\" decoding=\"async\" class=\"wp-image-9630\" src=\"https:\/\/exceladvisor.org\/wp-content\/uploads\/2023\/08\/comment-combiner-si-et-et-la-table-des-fonctions-pour-ajouter-un-statut-1.png\" sizes=\"auto, \" srcset=\"\" alt=\"come combinare if e e la tabella delle funzioni per aggiungere lo stato\" width=\"569\" height=\"221\"><\/figure><\/div><p> Se uno studente supera entrambe le materie con 40 punti o pi\u00f9, lo stato deve essere &#8220;Superato&#8221;. E, se uno studente ha meno di 40 punti in entrambe le materie o anche in una materia, lo stato dovrebbe essere \u201cFail\u201d. La formula sar\u00e0. <\/p><pre class=\"wp-block-code\"> <code class=\"language-excel-formula\" lang=\"excel-formula\">=IF(AND(B2&gt;=40,C2&gt;=40),\"Pass\",\"Fail\")<\/code><\/pre><div class=\"wp-block-image\"><figure class=\"aligncenter\"><img loading=\"lazy\" decoding=\"async\" class=\"wp-image-9631\" src=\"https:\/\/exceladvisor.org\/wp-content\/uploads\/2023\/08\/comment-combiner-si-et-et-fonctions-inserer-une-formule-1.png\" sizes=\"auto, \" srcset=\"\" alt=\"come combinare le funzioni se e e inserire una formula\" width=\"572\" height=\"267\"><\/figure><\/div><p> Nella formula sopra, se c&#8217;\u00e8 un valore maggiore o uguale a 40 in una qualsiasi delle celle (B2 e C2), la funzione AND restituir\u00e0 vero e IF restituir\u00e0 il valore &#8220;Pass&#8221;. Ci\u00f2 significa che se uno studente supera entrambe le materie, le superer\u00e0.<\/p><p> Ma, se entrambe le celle hanno un valore inferiore a 40, AND restituir\u00e0 false e IF restituir\u00e0 il valore &#8220;Fail&#8221;. Se uno studente fallisce in una qualsiasi delle materie, fallir\u00e0. <\/p><div class=\"wp-block-group download-box is-layout-constrained\"><div class=\"wp-block-group__inner-container\"><h2 class=\"wp-block-heading\"> Scarica un file di esempio <\/h2><ul id=\"ub_styled_list-da8638b8-2d76-405d-a27d-456029ffc773\" class=\"ub_styled_list\"><li class=\"ub_styled_list_item\"> <a href=\"https:\/\/exceladvisor.org\/wp-content\/uploads\/2023\/11\/si-la-cellule-est-vide-2.xlsx\" rel=\"nofollow\">File di esempio<\/a><\/li><\/ul><\/div><\/div><div class=\"gb-container gb-container-0df56012 gb-container-mt\"> <a class=\"gb-button gb-button-f9f432f4 gb-button-text gb-button-mt-button\" href=\"https:\/\/exceladvisor.org\/it\/formule\/\">Elenco delle formule di Excel<\/a><h2 class=\"gb-headline gb-headline-233444e8 gb-headline-text gb-headline-mt-heading\"> Formule correlate <\/h2><div class=\"gb-grid-wrapper gb-grid-wrapper-a16fa65c gb-grid-wrapper-mt-grid\"><div class=\"gb-grid-column gb-grid-column-50d07e0d\"><div class=\"gb-container gb-container-50d07e0d\"><ul><li> <a href=\"https:\/\/exceladvisor.org\/it\/se-zero-allora-vuoto\/\">Controlla IF 0 (zero), quindi vuoto in Excel<\/a><\/li><li> <a href=\"https:\/\/exceladvisor.org\/it\/controlla-se-esiste-un-valore-in-un-intervallo\/\">Controlla se esiste un valore in un intervallo in Excel<\/a><\/li><li> <a href=\"https:\/\/exceladvisor.org\/it\/se-o-1\/\">Combina le funzioni SE e OR in Excel<\/a><\/li><li> <a href=\"https:\/\/exceladvisor.org\/it\/se-la-cella-e-vuota\/\">SE la cella \u00e8 vuota (vuota) utilizzando SE + ISBLANK in Excel<\/a><\/li><li> <a href=\"https:\/\/exceladvisor.org\/it\/se-negativo-allora-zero\/\">SE negativo quindi zero (0) in Excel<\/a> <\/li><\/ul><\/div><\/div><div class=\"gb-grid-column gb-grid-column-5b4a0cf9\"><div class=\"gb-container gb-container-5b4a0cf9\"><\/div><\/div><\/div><\/div>","protected":false},"excerpt":{"rendered":"","protected":false},"author":1,"featured_media":0,"parent":0,"menu_order":0,"comment_status":"open","ping_status":"closed","template":"","meta":{"ub_ctt_via":"","footnotes":""},"class_list":["post-1598","page","type-page","status-publish","hentry"],"featured_image_src":null,"yoast_head":"<!-- This site is optimized with the Yoast SEO plugin v25.4 - https:\/\/yoast.com\/wordpress\/plugins\/seo\/ -->\n<title>Come utilizzare la combinazione delle funzioni SE e AND in Excel<\/title>\n<meta name=\"description\" content=\"In questo articolo imparerai come combinare le funzioni IF e AND. Puoi utilizzare AND per testare pi\u00f9 condizioni e IF per\" \/>\n<meta name=\"robots\" content=\"index, follow, max-snippet:-1, max-image-preview:large, max-video-preview:-1\" \/>\n<link rel=\"canonical\" href=\"https:\/\/exceladvisor.org\/it\/se-e-1\/\" \/>\n<meta property=\"og:locale\" content=\"it_IT\" \/>\n<meta property=\"og:type\" content=\"article\" \/>\n<meta property=\"og:title\" content=\"Come utilizzare la combinazione delle funzioni SE e AND in Excel\" \/>\n<meta property=\"og:description\" content=\"In questo articolo imparerai come combinare le funzioni IF e AND. Puoi utilizzare AND per testare pi\u00f9 condizioni e IF per\" \/>\n<meta property=\"og:url\" content=\"https:\/\/exceladvisor.org\/it\/se-e-1\/\" \/>\n<meta property=\"og:site_name\" content=\"Excel Advisor\" \/>\n<meta property=\"article:modified_time\" content=\"2023-12-10T06:21:48+00:00\" \/>\n<meta property=\"og:image\" content=\"https:\/\/exceladvisor.org\/wp-content\/uploads\/2023\/08\/comment-combiner-si-et-et-les-fonctions-remplacent-le-test-logique-1.png\" \/>\n<meta name=\"twitter:card\" content=\"summary_large_image\" \/>\n<meta name=\"twitter:label1\" content=\"Tempo di lettura stimato\" \/>\n\t<meta name=\"twitter:data1\" content=\"2 minuti\" \/>\n<script type=\"application\/ld+json\" class=\"yoast-schema-graph\">{\"@context\":\"https:\/\/schema.org\",\"@graph\":[{\"@type\":\"WebPage\",\"@id\":\"https:\/\/exceladvisor.org\/it\/se-e-1\/\",\"url\":\"https:\/\/exceladvisor.org\/it\/se-e-1\/\",\"name\":\"Come utilizzare la combinazione delle funzioni SE e AND in Excel\",\"isPartOf\":{\"@id\":\"https:\/\/exceladvisor.org\/it\/#website\"},\"primaryImageOfPage\":{\"@id\":\"https:\/\/exceladvisor.org\/it\/se-e-1\/#primaryimage\"},\"image\":{\"@id\":\"https:\/\/exceladvisor.org\/it\/se-e-1\/#primaryimage\"},\"thumbnailUrl\":\"https:\/\/exceladvisor.org\/wp-content\/uploads\/2023\/08\/comment-combiner-si-et-et-les-fonctions-remplacent-le-test-logique-1.png\",\"datePublished\":\"2023-11-15T14:20:43+00:00\",\"dateModified\":\"2023-12-10T06:21:48+00:00\",\"description\":\"In questo articolo imparerai come combinare le funzioni IF e AND. Puoi utilizzare AND per testare pi\u00f9 condizioni e IF per\",\"breadcrumb\":{\"@id\":\"https:\/\/exceladvisor.org\/it\/se-e-1\/#breadcrumb\"},\"inLanguage\":\"it-IT\",\"potentialAction\":[{\"@type\":\"ReadAction\",\"target\":[\"https:\/\/exceladvisor.org\/it\/se-e-1\/\"]}]},{\"@type\":\"ImageObject\",\"inLanguage\":\"it-IT\",\"@id\":\"https:\/\/exceladvisor.org\/it\/se-e-1\/#primaryimage\",\"url\":\"https:\/\/exceladvisor.org\/wp-content\/uploads\/2023\/08\/comment-combiner-si-et-et-les-fonctions-remplacent-le-test-logique-1.png\",\"contentUrl\":\"https:\/\/exceladvisor.org\/wp-content\/uploads\/2023\/08\/comment-combiner-si-et-et-les-fonctions-remplacent-le-test-logique-1.png\"},{\"@type\":\"BreadcrumbList\",\"@id\":\"https:\/\/exceladvisor.org\/it\/se-e-1\/#breadcrumb\",\"itemListElement\":[{\"@type\":\"ListItem\",\"position\":1,\"name\":\"Home\",\"item\":\"https:\/\/exceladvisor.org\/it\/\"},{\"@type\":\"ListItem\",\"position\":2,\"name\":\"Come combinare le funzioni se e and in excel?\"}]},{\"@type\":\"WebSite\",\"@id\":\"https:\/\/exceladvisor.org\/it\/#website\",\"url\":\"https:\/\/exceladvisor.org\/it\/\",\"name\":\"Excel Advisor\",\"description\":\"Tips, Tricks, and Time-Saving Hacks\",\"publisher\":{\"@id\":\"https:\/\/exceladvisor.org\/it\/#organization\"},\"potentialAction\":[{\"@type\":\"SearchAction\",\"target\":{\"@type\":\"EntryPoint\",\"urlTemplate\":\"https:\/\/exceladvisor.org\/it\/?s={search_term_string}\"},\"query-input\":{\"@type\":\"PropertyValueSpecification\",\"valueRequired\":true,\"valueName\":\"search_term_string\"}}],\"inLanguage\":\"it-IT\"},{\"@type\":\"Organization\",\"@id\":\"https:\/\/exceladvisor.org\/it\/#organization\",\"name\":\"Excel Advisor\",\"url\":\"https:\/\/exceladvisor.org\/it\/\",\"logo\":{\"@type\":\"ImageObject\",\"inLanguage\":\"it-IT\",\"@id\":\"https:\/\/exceladvisor.org\/it\/#\/schema\/logo\/image\/\",\"url\":\"https:\/\/exceladvisor.org\/it\/wp-content\/uploads\/2023\/12\/exceladvisor.org_.png\",\"contentUrl\":\"https:\/\/exceladvisor.org\/it\/wp-content\/uploads\/2023\/12\/exceladvisor.org_.png\",\"width\":105,\"height\":36,\"caption\":\"Excel Advisor\"},\"image\":{\"@id\":\"https:\/\/exceladvisor.org\/it\/#\/schema\/logo\/image\/\"}}]}<\/script>\n<!-- \/ Yoast SEO plugin. -->","yoast_head_json":{"title":"Come utilizzare la combinazione delle funzioni SE e AND in Excel","description":"In questo articolo imparerai come combinare le funzioni IF e AND. Puoi utilizzare AND per testare pi\u00f9 condizioni e IF per","robots":{"index":"index","follow":"follow","max-snippet":"max-snippet:-1","max-image-preview":"max-image-preview:large","max-video-preview":"max-video-preview:-1"},"canonical":"https:\/\/exceladvisor.org\/it\/se-e-1\/","og_locale":"it_IT","og_type":"article","og_title":"Come utilizzare la combinazione delle funzioni SE e AND in Excel","og_description":"In questo articolo imparerai come combinare le funzioni IF e AND. Puoi utilizzare AND per testare pi\u00f9 condizioni e IF per","og_url":"https:\/\/exceladvisor.org\/it\/se-e-1\/","og_site_name":"Excel Advisor","article_modified_time":"2023-12-10T06:21:48+00:00","og_image":[{"url":"https:\/\/exceladvisor.org\/wp-content\/uploads\/2023\/08\/comment-combiner-si-et-et-les-fonctions-remplacent-le-test-logique-1.png","type":"","width":"","height":""}],"twitter_card":"summary_large_image","twitter_misc":{"Tempo di lettura stimato":"2 minuti"},"schema":{"@context":"https:\/\/schema.org","@graph":[{"@type":"WebPage","@id":"https:\/\/exceladvisor.org\/it\/se-e-1\/","url":"https:\/\/exceladvisor.org\/it\/se-e-1\/","name":"Come utilizzare la combinazione delle funzioni SE e AND in Excel","isPartOf":{"@id":"https:\/\/exceladvisor.org\/it\/#website"},"primaryImageOfPage":{"@id":"https:\/\/exceladvisor.org\/it\/se-e-1\/#primaryimage"},"image":{"@id":"https:\/\/exceladvisor.org\/it\/se-e-1\/#primaryimage"},"thumbnailUrl":"https:\/\/exceladvisor.org\/wp-content\/uploads\/2023\/08\/comment-combiner-si-et-et-les-fonctions-remplacent-le-test-logique-1.png","datePublished":"2023-11-15T14:20:43+00:00","dateModified":"2023-12-10T06:21:48+00:00","description":"In questo articolo imparerai come combinare le funzioni IF e AND. Puoi utilizzare AND per testare pi\u00f9 condizioni e IF per","breadcrumb":{"@id":"https:\/\/exceladvisor.org\/it\/se-e-1\/#breadcrumb"},"inLanguage":"it-IT","potentialAction":[{"@type":"ReadAction","target":["https:\/\/exceladvisor.org\/it\/se-e-1\/"]}]},{"@type":"ImageObject","inLanguage":"it-IT","@id":"https:\/\/exceladvisor.org\/it\/se-e-1\/#primaryimage","url":"https:\/\/exceladvisor.org\/wp-content\/uploads\/2023\/08\/comment-combiner-si-et-et-les-fonctions-remplacent-le-test-logique-1.png","contentUrl":"https:\/\/exceladvisor.org\/wp-content\/uploads\/2023\/08\/comment-combiner-si-et-et-les-fonctions-remplacent-le-test-logique-1.png"},{"@type":"BreadcrumbList","@id":"https:\/\/exceladvisor.org\/it\/se-e-1\/#breadcrumb","itemListElement":[{"@type":"ListItem","position":1,"name":"Home","item":"https:\/\/exceladvisor.org\/it\/"},{"@type":"ListItem","position":2,"name":"Come combinare le funzioni se e and in excel?"}]},{"@type":"WebSite","@id":"https:\/\/exceladvisor.org\/it\/#website","url":"https:\/\/exceladvisor.org\/it\/","name":"Excel Advisor","description":"Tips, Tricks, and Time-Saving Hacks","publisher":{"@id":"https:\/\/exceladvisor.org\/it\/#organization"},"potentialAction":[{"@type":"SearchAction","target":{"@type":"EntryPoint","urlTemplate":"https:\/\/exceladvisor.org\/it\/?s={search_term_string}"},"query-input":{"@type":"PropertyValueSpecification","valueRequired":true,"valueName":"search_term_string"}}],"inLanguage":"it-IT"},{"@type":"Organization","@id":"https:\/\/exceladvisor.org\/it\/#organization","name":"Excel Advisor","url":"https:\/\/exceladvisor.org\/it\/","logo":{"@type":"ImageObject","inLanguage":"it-IT","@id":"https:\/\/exceladvisor.org\/it\/#\/schema\/logo\/image\/","url":"https:\/\/exceladvisor.org\/it\/wp-content\/uploads\/2023\/12\/exceladvisor.org_.png","contentUrl":"https:\/\/exceladvisor.org\/it\/wp-content\/uploads\/2023\/12\/exceladvisor.org_.png","width":105,"height":36,"caption":"Excel Advisor"},"image":{"@id":"https:\/\/exceladvisor.org\/it\/#\/schema\/logo\/image\/"}}]}},"yoast_meta":{"yoast_wpseo_title":"","yoast_wpseo_metadesc":"","yoast_wpseo_canonical":""},"_links":{"self":[{"href":"https:\/\/exceladvisor.org\/it\/wp-json\/wp\/v2\/pages\/1598","targetHints":{"allow":["GET"]}}],"collection":[{"href":"https:\/\/exceladvisor.org\/it\/wp-json\/wp\/v2\/pages"}],"about":[{"href":"https:\/\/exceladvisor.org\/it\/wp-json\/wp\/v2\/types\/page"}],"author":[{"embeddable":true,"href":"https:\/\/exceladvisor.org\/it\/wp-json\/wp\/v2\/users\/1"}],"replies":[{"embeddable":true,"href":"https:\/\/exceladvisor.org\/it\/wp-json\/wp\/v2\/comments?post=1598"}],"version-history":[{"count":1,"href":"https:\/\/exceladvisor.org\/it\/wp-json\/wp\/v2\/pages\/1598\/revisions"}],"predecessor-version":[{"id":2381,"href":"https:\/\/exceladvisor.org\/it\/wp-json\/wp\/v2\/pages\/1598\/revisions\/2381"}],"wp:attachment":[{"href":"https:\/\/exceladvisor.org\/it\/wp-json\/wp\/v2\/media?parent=1598"}],"curies":[{"name":"wp","href":"https:\/\/api.w.org\/{rel}","templated":true}]}}