{"id":1600,"date":"2023-11-15T14:02:58","date_gmt":"2023-11-15T14:02:58","guid":{"rendered":"https:\/\/exceladvisor.org\/it\/unire\/"},"modified":"2023-12-10T06:26:11","modified_gmt":"2023-12-10T06:26:11","slug":"unire","status":"publish","type":"page","link":"https:\/\/exceladvisor.org\/it\/unire\/","title":{"rendered":"Come unire le celle in excel utilizzando il codice vba"},"content":{"rendered":"<div class=\"excel-prima-del-contenuto\" id=\"excel-551106374\"><script type=\"text\/javascript\">\r\n\tatOptions = {\r\n\t\t'key' : 'c1158f160081d6540a8409e6925dab94',\r\n\t\t'format' : 'iframe',\r\n\t\t'height' : 250,\r\n\t\t'width' : 300,\r\n\t\t'params' : {}\r\n\t};\r\n<\/script>\r\n<script type=\"text\/javascript\" src=\"\/\/www.highperformanceformat.com\/c1158f160081d6540a8409e6925dab94\/invoke.js\"><\/script><\/div> <p>In VBA esiste un metodo &#8220;MERGE&#8221; che puoi utilizzare per <strong>unire un intervallo di celle<\/strong> o anche pi\u00f9 intervalli in uno solo. Questo metodo ha un argomento &#8220;Across&#8221; che \u00e8 facoltativo. Se specifichi TRUE, unir\u00e0 ogni riga dell&#8217;intervallo separatamente e se specifichi FALSE, unir\u00e0 l&#8217;intero intervallo in uno solo. <\/p><div class=\"wp-block-image\"><figure class=\"aligncenter size-large is-resized\"><img loading=\"lazy\" decoding=\"async\" class=\"wp-image-52303\" src=\"https:\/\/exceladvisor.org\/wp-content\/uploads\/2023\/08\/1-fusionner-et-dissocier-des-cellules-a-laide-de-vba.png\" sizes=\"auto, \" srcset=\"\" alt=\"unisci e separa le celle usando vba\" width=\"637\" height=\"74\"><\/figure><\/div><p> <strong>Passaggi per utilizzare VBA per unire le celle:<\/strong><\/p><ol><li> Innanzitutto, devi definire l&#8217;intervallo di celle che desideri unire. <br><img loading=\"lazy\" decoding=\"async\" title=\"2-definire-l'intervallo-di-una-cella-che-vuole-unire\" src=\"https:\/\/exceladvisor.org\/wp-content\/uploads\/2023\/08\/2-definir-la-plage-dune-cellule-que-vous-souhaitez-fusionner.png\" sizes=\"auto, \" srcset=\"\" alt=\"define-the-range-of-a-cell-want-to-merge\" width=\"291\" height=\"220\"><\/li><li> Successivamente, digita un punto (.) per ottenere l&#8217;elenco di propriet\u00e0 e metodi e seleziona &#8220;Unisci&#8221; da quell&#8217;elenco oppure puoi digitarlo direttamente. <br><img loading=\"lazy\" decoding=\"async\" title=\"3 tipi di periodo per ottenere l'elenco delle propriet\u00e0\" src=\"https:\/\/exceladvisor.org\/wp-content\/uploads\/2023\/08\/3-tapez-un-point-pour-obtenir-la-liste-des-proprietes.png\" sizes=\"auto, \" srcset=\"\" alt=\"type-a-dot-to-get-the-list-of-properties\" width=\"338\" height=\"198\"><\/li><li> Successivamente, \u00e8 necessario impostare l&#8217;argomento &#8220;Across&#8221; su TRUE o FALSE. <br><img loading=\"lazy\" decoding=\"async\" title=\"4-set-argomenti-ovunque\" src=\"https:\/\/exceladvisor.org\/wp-content\/uploads\/2023\/08\/4-definir-largument-a-travers.png\" sizes=\"auto, \" srcset=\"\" alt=\"define-the-argument-across\" width=\"365\" height=\"177\"><\/li><li> Alla fine, esegui questo codice per unire l&#8217;intervallo.<\/li><\/ol><p> Ecco il codice.<\/p><pre class=\"wp-block-code\"> <code class=\"language-visual-basic\" lang=\"visual-basic\">Range(\"A1:A2\").Merge False<\/code><\/pre><p> E se vuoi unire le righe dell&#8217;intero intervallo, puoi utilizzare TRUE per l&#8217;argomento across. <\/p><div class=\"wp-block-image\"><figure class=\"aligncenter size-large is-resized\"><img loading=\"lazy\" decoding=\"async\" class=\"wp-image-52307\" src=\"https:\/\/exceladvisor.org\/wp-content\/uploads\/2023\/08\/5-tapez-true-si-vous-souhaitez-fusionner-sur-toute-la-plage.png\" sizes=\"auto, \" srcset=\"\" alt=\"digitare true se si desidera unire nell'intervallo\" width=\"657\" height=\"283\"><\/figure><\/div><pre class=\"wp-block-code\"> <code class=\"language-visual-basic\" lang=\"visual-basic\">Selection.Merge Across:=True<\/code><\/pre><p> Nel codice sopra hai selezionato come intervallo, metodo di unione e across come true. E ha unito tutte le righe nell&#8217;intervallo selezionato.<\/p><p> Ora supponiamo che tu voglia unire l&#8217;intervallo di celle da un altro foglio di lavoro, non \u00e8 necessario abilitarlo prima. Puoi semplicemente fare prima riferimento al foglio di calcolo e quindi utilizzare i metodi di unione con il rinnegato che desideri unire.<\/p><pre class=\"wp-block-code\"> <code class=\"language-visual-basic\" lang=\"visual-basic\">Worksheets(\"Sheet1\").Range(\"A1:A2\").Merge<\/code><\/pre><p> Allo stesso modo, puoi anche fare riferimento a una cartella di lavoro specificando il nome della cartella di lavoro.<\/p><pre class=\"wp-block-code\"> <code class=\"language-visual-basic\" lang=\"visual-basic\">Workbooks(\"Book1.xlsx\").Worksheets(\"Sheet1\").Range(\"A1:A2\").Merge<\/code><\/pre><h2 class=\"wp-block-heading\"> Unisci un intervallo e allinea il contenuto della cella<\/h2><p> Ora quando unisci due o pi\u00f9 celle, devi allineare il contenuto presente nella cella. Guarda l&#8217;istantanea qui sotto in cui hai unito le celle A1 e A2 e il valore nelle celle \u00e8 allineato in basso. Per risolvere questo problema, puoi utilizzare la propriet\u00e0 di allineamento e allineare il contenuto della cella al centro e al centro in modo che sia facile da leggere. <\/p><div class=\"wp-block-image\"><figure class=\"aligncenter size-large is-resized\"><img loading=\"lazy\" decoding=\"async\" class=\"wp-image-52308\" src=\"https:\/\/exceladvisor.org\/wp-content\/uploads\/2023\/08\/6-fusionner-une-plage-et-aligner-le-contenu-de-la-cellule.png\" sizes=\"auto, \" srcset=\"\" alt=\"unisci un intervallo e allinea il contenuto della cella\" width=\"551\" height=\"450\"><\/figure><\/div><pre class=\"wp-block-code\"> <code class=\"language-visual-basic\" lang=\"visual-basic\">With Range(\"A1:A2\") .Merge .HorizontalAlignment = xlCenter .VerticalAlignment = xlCenter End With<\/code><\/pre><h2 class=\"wp-block-heading\"> Combina il testo e poi unisci<\/h2><p> Parliamo di uno scenario di vita reale. Hai del testo in un intervallo di celle e devi unire quelle celle, ma non vuoi perdere il contenuto che hai. Bene, puoi scrivere un ciclo di codice sull&#8217;intero intervallo utilizzando ciascuno e combinare il testo e quindi aggiungerlo all&#8217;intervallo unito alla fine. <\/p><div class=\"wp-block-image\"><figure class=\"aligncenter size-large is-resized\"><img loading=\"lazy\" decoding=\"async\" class=\"wp-image-52309\" src=\"https:\/\/exceladvisor.org\/wp-content\/uploads\/2023\/08\/7-combiner-le-test-et-fusionner.png\" sizes=\"auto, \" srcset=\"\" alt=\"combina-test-e-unisci\" width=\"512\" height=\"588\"><\/figure><\/div><ol><li> Nella prima parte, hai le variabili da utilizzare per memorizzare i valori dell&#8217;intervallo e impostarli.<\/li><li> Nella seconda parte hai un LOOP per combinare i valori di ciascuna cella per creare con quella una nuova stringa.<\/li><li> Nella terza parte, unisci l&#8217;intervallo, aggiungi la stringa combinata, applica il ritorno a capo automatico e allinea il contenuto della cella.<\/li><\/ol><p> Ecco il codice completo.<\/p><pre class=\"wp-block-code\"> <code class=\"language-visual-basic\" lang=\"visual-basic\">Sub vba_merge_with_values() Dim val As String Dim rng As Range Set rng = Range(\"A1:A10\") For Each Cell In rng val = val &amp; \" \" &amp; Cell.Value Next Cell With rng .Merge .Value = Trim(val) .WrapText = True .HorizontalAlignment = xlCenter .VerticalAlignment = xlCenter End With End Sub<\/code><\/pre><div class=\"gb-container gb-container-4db6181c gb-container-mt\"> <a class=\"gb-button gb-button-c5897111 gb-button-text gb-button-mt-button\" href=\"https:\/\/exceladvisor.org\/it\/vba\/\">Cos&#8217;\u00e8 VBA<\/a><h2 class=\"gb-headline gb-headline-665e5f6b gb-headline-text gb-headline-mt-heading\"> Tutorial correlati <\/h2><div class=\"gb-grid-wrapper gb-grid-wrapper-a20baf7c gb-grid-wrapper-mt-grid\"><div class=\"gb-grid-column gb-grid-column-65ddf67e\"><div class=\"gb-container gb-container-65ddf67e\"><ul><li> <a href=\"https:\/\/exceladvisor.org\/it\/numero-di-righe\/\">Contare le righe utilizzando VBA in Excel<\/a><\/li><li> <a href=\"https:\/\/exceladvisor.org\/it\/carattere-del-carattere\/\">Carattere VBA Excel (colore, dimensione, tipo e grassetto)<\/a><\/li><li> <a href=\"https:\/\/exceladvisor.org\/it\/nascondi-mostra-la-riga-della-colonna\/\">Excel VBA Nascondi e mostra una colonna o una riga<\/a><\/li><li> <a href=\"https:\/\/exceladvisor.org\/it\/gamma-1\/\">Intervallo VBA di Excel: utilizzo di intervalli e celle<\/a><\/li><li> <a href=\"https:\/\/exceladvisor.org\/it\/frontiere\/\">Applica i bordi a una cella utilizzando VBA in Excel<\/a><\/li><\/ul><\/div><\/div><\/div><\/div>","protected":false},"excerpt":{"rendered":"","protected":false},"author":1,"featured_media":0,"parent":0,"menu_order":0,"comment_status":"open","ping_status":"closed","template":"","meta":{"ub_ctt_via":"","footnotes":""},"class_list":["post-1600","page","type-page","status-publish","hentry"],"featured_image_src":null,"yoast_head":"<!-- This site is optimized with the Yoast SEO plugin v25.4 - https:\/\/yoast.com\/wordpress\/plugins\/seo\/ -->\n<title>Come unire le celle in Excel utilizzando il codice VBA<\/title>\n<meta name=\"description\" content=\"Qui imparerai come utilizzare VBA per unire celle (anche pi\u00f9 intervalli in uno e allineare il valore al centro).\" \/>\n<meta name=\"robots\" content=\"index, follow, max-snippet:-1, max-image-preview:large, max-video-preview:-1\" \/>\n<link rel=\"canonical\" href=\"https:\/\/exceladvisor.org\/it\/unire\/\" \/>\n<meta property=\"og:locale\" content=\"it_IT\" \/>\n<meta property=\"og:type\" content=\"article\" \/>\n<meta property=\"og:title\" content=\"Come unire le celle in Excel utilizzando il codice VBA\" \/>\n<meta property=\"og:description\" content=\"Qui imparerai come utilizzare VBA per unire celle (anche pi\u00f9 intervalli in uno e allineare il valore al centro).\" \/>\n<meta property=\"og:url\" content=\"https:\/\/exceladvisor.org\/it\/unire\/\" \/>\n<meta property=\"og:site_name\" content=\"Excel Advisor\" \/>\n<meta property=\"article:modified_time\" content=\"2023-12-10T06:26:11+00:00\" \/>\n<meta property=\"og:image\" content=\"https:\/\/exceladvisor.org\/wp-content\/uploads\/2023\/08\/1-fusionner-et-dissocier-des-cellules-a-laide-de-vba.png\" \/>\n<meta name=\"twitter:card\" content=\"summary_large_image\" \/>\n<meta name=\"twitter:label1\" content=\"Tempo di lettura stimato\" \/>\n\t<meta name=\"twitter:data1\" content=\"3 minuti\" \/>\n<script type=\"application\/ld+json\" class=\"yoast-schema-graph\">{\"@context\":\"https:\/\/schema.org\",\"@graph\":[{\"@type\":\"WebPage\",\"@id\":\"https:\/\/exceladvisor.org\/it\/unire\/\",\"url\":\"https:\/\/exceladvisor.org\/it\/unire\/\",\"name\":\"Come unire le celle in Excel utilizzando il codice VBA\",\"isPartOf\":{\"@id\":\"https:\/\/exceladvisor.org\/it\/#website\"},\"primaryImageOfPage\":{\"@id\":\"https:\/\/exceladvisor.org\/it\/unire\/#primaryimage\"},\"image\":{\"@id\":\"https:\/\/exceladvisor.org\/it\/unire\/#primaryimage\"},\"thumbnailUrl\":\"https:\/\/exceladvisor.org\/wp-content\/uploads\/2023\/08\/1-fusionner-et-dissocier-des-cellules-a-laide-de-vba.png\",\"datePublished\":\"2023-11-15T14:02:58+00:00\",\"dateModified\":\"2023-12-10T06:26:11+00:00\",\"description\":\"Qui imparerai come utilizzare VBA per unire celle (anche pi\u00f9 intervalli in uno e allineare il valore al centro).\",\"breadcrumb\":{\"@id\":\"https:\/\/exceladvisor.org\/it\/unire\/#breadcrumb\"},\"inLanguage\":\"it-IT\",\"potentialAction\":[{\"@type\":\"ReadAction\",\"target\":[\"https:\/\/exceladvisor.org\/it\/unire\/\"]}]},{\"@type\":\"ImageObject\",\"inLanguage\":\"it-IT\",\"@id\":\"https:\/\/exceladvisor.org\/it\/unire\/#primaryimage\",\"url\":\"https:\/\/exceladvisor.org\/wp-content\/uploads\/2023\/08\/1-fusionner-et-dissocier-des-cellules-a-laide-de-vba.png\",\"contentUrl\":\"https:\/\/exceladvisor.org\/wp-content\/uploads\/2023\/08\/1-fusionner-et-dissocier-des-cellules-a-laide-de-vba.png\"},{\"@type\":\"BreadcrumbList\",\"@id\":\"https:\/\/exceladvisor.org\/it\/unire\/#breadcrumb\",\"itemListElement\":[{\"@type\":\"ListItem\",\"position\":1,\"name\":\"Home\",\"item\":\"https:\/\/exceladvisor.org\/it\/\"},{\"@type\":\"ListItem\",\"position\":2,\"name\":\"Come unire le celle in excel utilizzando il codice vba\"}]},{\"@type\":\"WebSite\",\"@id\":\"https:\/\/exceladvisor.org\/it\/#website\",\"url\":\"https:\/\/exceladvisor.org\/it\/\",\"name\":\"Excel Advisor\",\"description\":\"Tips, Tricks, and Time-Saving Hacks\",\"publisher\":{\"@id\":\"https:\/\/exceladvisor.org\/it\/#organization\"},\"potentialAction\":[{\"@type\":\"SearchAction\",\"target\":{\"@type\":\"EntryPoint\",\"urlTemplate\":\"https:\/\/exceladvisor.org\/it\/?s={search_term_string}\"},\"query-input\":{\"@type\":\"PropertyValueSpecification\",\"valueRequired\":true,\"valueName\":\"search_term_string\"}}],\"inLanguage\":\"it-IT\"},{\"@type\":\"Organization\",\"@id\":\"https:\/\/exceladvisor.org\/it\/#organization\",\"name\":\"Excel Advisor\",\"url\":\"https:\/\/exceladvisor.org\/it\/\",\"logo\":{\"@type\":\"ImageObject\",\"inLanguage\":\"it-IT\",\"@id\":\"https:\/\/exceladvisor.org\/it\/#\/schema\/logo\/image\/\",\"url\":\"https:\/\/exceladvisor.org\/it\/wp-content\/uploads\/2023\/12\/exceladvisor.org_.png\",\"contentUrl\":\"https:\/\/exceladvisor.org\/it\/wp-content\/uploads\/2023\/12\/exceladvisor.org_.png\",\"width\":105,\"height\":36,\"caption\":\"Excel Advisor\"},\"image\":{\"@id\":\"https:\/\/exceladvisor.org\/it\/#\/schema\/logo\/image\/\"}}]}<\/script>\n<!-- \/ Yoast SEO plugin. -->","yoast_head_json":{"title":"Come unire le celle in Excel utilizzando il codice VBA","description":"Qui imparerai come utilizzare VBA per unire celle (anche pi\u00f9 intervalli in uno e allineare il valore al centro).","robots":{"index":"index","follow":"follow","max-snippet":"max-snippet:-1","max-image-preview":"max-image-preview:large","max-video-preview":"max-video-preview:-1"},"canonical":"https:\/\/exceladvisor.org\/it\/unire\/","og_locale":"it_IT","og_type":"article","og_title":"Come unire le celle in Excel utilizzando il codice VBA","og_description":"Qui imparerai come utilizzare VBA per unire celle (anche pi\u00f9 intervalli in uno e allineare il valore al centro).","og_url":"https:\/\/exceladvisor.org\/it\/unire\/","og_site_name":"Excel Advisor","article_modified_time":"2023-12-10T06:26:11+00:00","og_image":[{"url":"https:\/\/exceladvisor.org\/wp-content\/uploads\/2023\/08\/1-fusionner-et-dissocier-des-cellules-a-laide-de-vba.png","type":"","width":"","height":""}],"twitter_card":"summary_large_image","twitter_misc":{"Tempo di lettura stimato":"3 minuti"},"schema":{"@context":"https:\/\/schema.org","@graph":[{"@type":"WebPage","@id":"https:\/\/exceladvisor.org\/it\/unire\/","url":"https:\/\/exceladvisor.org\/it\/unire\/","name":"Come unire le celle in Excel utilizzando il codice VBA","isPartOf":{"@id":"https:\/\/exceladvisor.org\/it\/#website"},"primaryImageOfPage":{"@id":"https:\/\/exceladvisor.org\/it\/unire\/#primaryimage"},"image":{"@id":"https:\/\/exceladvisor.org\/it\/unire\/#primaryimage"},"thumbnailUrl":"https:\/\/exceladvisor.org\/wp-content\/uploads\/2023\/08\/1-fusionner-et-dissocier-des-cellules-a-laide-de-vba.png","datePublished":"2023-11-15T14:02:58+00:00","dateModified":"2023-12-10T06:26:11+00:00","description":"Qui imparerai come utilizzare VBA per unire celle (anche pi\u00f9 intervalli in uno e allineare il valore al centro).","breadcrumb":{"@id":"https:\/\/exceladvisor.org\/it\/unire\/#breadcrumb"},"inLanguage":"it-IT","potentialAction":[{"@type":"ReadAction","target":["https:\/\/exceladvisor.org\/it\/unire\/"]}]},{"@type":"ImageObject","inLanguage":"it-IT","@id":"https:\/\/exceladvisor.org\/it\/unire\/#primaryimage","url":"https:\/\/exceladvisor.org\/wp-content\/uploads\/2023\/08\/1-fusionner-et-dissocier-des-cellules-a-laide-de-vba.png","contentUrl":"https:\/\/exceladvisor.org\/wp-content\/uploads\/2023\/08\/1-fusionner-et-dissocier-des-cellules-a-laide-de-vba.png"},{"@type":"BreadcrumbList","@id":"https:\/\/exceladvisor.org\/it\/unire\/#breadcrumb","itemListElement":[{"@type":"ListItem","position":1,"name":"Home","item":"https:\/\/exceladvisor.org\/it\/"},{"@type":"ListItem","position":2,"name":"Come unire le celle in excel utilizzando il codice vba"}]},{"@type":"WebSite","@id":"https:\/\/exceladvisor.org\/it\/#website","url":"https:\/\/exceladvisor.org\/it\/","name":"Excel Advisor","description":"Tips, Tricks, and Time-Saving Hacks","publisher":{"@id":"https:\/\/exceladvisor.org\/it\/#organization"},"potentialAction":[{"@type":"SearchAction","target":{"@type":"EntryPoint","urlTemplate":"https:\/\/exceladvisor.org\/it\/?s={search_term_string}"},"query-input":{"@type":"PropertyValueSpecification","valueRequired":true,"valueName":"search_term_string"}}],"inLanguage":"it-IT"},{"@type":"Organization","@id":"https:\/\/exceladvisor.org\/it\/#organization","name":"Excel Advisor","url":"https:\/\/exceladvisor.org\/it\/","logo":{"@type":"ImageObject","inLanguage":"it-IT","@id":"https:\/\/exceladvisor.org\/it\/#\/schema\/logo\/image\/","url":"https:\/\/exceladvisor.org\/it\/wp-content\/uploads\/2023\/12\/exceladvisor.org_.png","contentUrl":"https:\/\/exceladvisor.org\/it\/wp-content\/uploads\/2023\/12\/exceladvisor.org_.png","width":105,"height":36,"caption":"Excel Advisor"},"image":{"@id":"https:\/\/exceladvisor.org\/it\/#\/schema\/logo\/image\/"}}]}},"yoast_meta":{"yoast_wpseo_title":"","yoast_wpseo_metadesc":"","yoast_wpseo_canonical":""},"_links":{"self":[{"href":"https:\/\/exceladvisor.org\/it\/wp-json\/wp\/v2\/pages\/1600","targetHints":{"allow":["GET"]}}],"collection":[{"href":"https:\/\/exceladvisor.org\/it\/wp-json\/wp\/v2\/pages"}],"about":[{"href":"https:\/\/exceladvisor.org\/it\/wp-json\/wp\/v2\/types\/page"}],"author":[{"embeddable":true,"href":"https:\/\/exceladvisor.org\/it\/wp-json\/wp\/v2\/users\/1"}],"replies":[{"embeddable":true,"href":"https:\/\/exceladvisor.org\/it\/wp-json\/wp\/v2\/comments?post=1600"}],"version-history":[{"count":1,"href":"https:\/\/exceladvisor.org\/it\/wp-json\/wp\/v2\/pages\/1600\/revisions"}],"predecessor-version":[{"id":2762,"href":"https:\/\/exceladvisor.org\/it\/wp-json\/wp\/v2\/pages\/1600\/revisions\/2762"}],"wp:attachment":[{"href":"https:\/\/exceladvisor.org\/it\/wp-json\/wp\/v2\/media?parent=1600"}],"curies":[{"name":"wp","href":"https:\/\/api.w.org\/{rel}","templated":true}]}}