{"id":1601,"date":"2023-11-15T13:53:32","date_gmt":"2023-11-15T13:53:32","guid":{"rendered":"https:\/\/exceladvisor.org\/it\/generare-lettere-casuali\/"},"modified":"2023-12-10T06:23:37","modified_gmt":"2023-12-10T06:23:37","slug":"generare-lettere-casuali","status":"publish","type":"page","link":"https:\/\/exceladvisor.org\/it\/generare-lettere-casuali\/","title":{"rendered":"Come generare lettere casuali in excel?"},"content":{"rendered":"<div class=\"excel-prima-del-contenuto\" id=\"excel-963456611\"><script type=\"text\/javascript\">\r\n\tatOptions = {\r\n\t\t'key' : 'c1158f160081d6540a8409e6925dab94',\r\n\t\t'format' : 'iframe',\r\n\t\t'height' : 250,\r\n\t\t'width' : 300,\r\n\t\t'params' : {}\r\n\t};\r\n<\/script>\r\n<script type=\"text\/javascript\" src=\"\/\/www.highperformanceformat.com\/c1158f160081d6540a8409e6925dab94\/invoke.js\"><\/script><\/div> <p>Hai mai affrontato una situazione in cui dovevi generare lettere casuali? Bene, a volte devi generare alfabeti casuali.<\/p><p> GIUSTO? In Excel, hai funzioni come CASUALE e CASUALE TRA PER generare numeri casuali, ma non abbiamo una funzione speciale per generare lettere.<\/p><p> Oggi vorrei condividere con te un fantastico trucco con la formula per generare lettere casuali in Excel. E la parte migliore \u00e8 che \u00e8 semplice e facile da usare.<\/p><h2 id=\"so-what-s-the-formula-to-generate-random-letters-in-excel\" class=\"wp-block-heading\"> Allora, qual \u00e8 la formula per generare lettere casuali in Excel?<\/h2><p> Come ho detto, non esiste una funzione diretta in Excel che possa aiutarti a ottenere lettere\/alfabeti casuali. Tuttavia, puoi utilizzare una <strong><span style=\"color: #000000;\">combinazione di RANDBETWEEN e CHAR<\/span><\/strong> per creare una formula per ottenere lettere casuali.<\/p><h2 id=\"if-you-want-to-generate-capital-random-letters\" class=\"wp-block-heading\"> Se vuoi generare lettere maiuscole casuali<\/h2><p> In questa formula, devi utilizzare 65 e 90 per rendere maiuscola la lettera casuale. <\/p><pre class=\"wp-block-code\"> <code class=\"language-excel-formula\" lang=\"excel-formula\">=CHAR(RANDBETWEEN(65,90))<\/code><\/pre><div class=\"wp-block-image\"><figure class=\"aligncenter\"><img decoding=\"async\" src=\"https:\/\/exceladvisor.org\/wp-content\/uploads\/2023\/08\/generer-des-lettres-aleatoires-avec-des-majuscules-1.gif\" sizes=\"\" srcset=\"\" alt=\"generare lettere casuali con maiuscole\"><\/figure><\/div><h2 id=\"or-if-you-want-to-generate-small-random-letters\" class=\"wp-block-heading\"> O se vuoi generare piccole lettere casuali:<\/h2><p> In questa formula, devi utilizzare 97 e 122 per rendere maiuscola la lettera casuale. <\/p><pre class=\"wp-block-code\"> <code class=\"language-excel-formula\" lang=\"excel-formula\">=CHAR(RANDBETWEEN(97,122))<\/code><\/pre><div class=\"wp-block-image\"><figure class=\"aligncenter\"><img decoding=\"async\" src=\"https:\/\/exceladvisor.org\/wp-content\/uploads\/2023\/08\/generer-des-lettres-aleatoires-avec-des-petites-lettres-1.gif\" sizes=\"\" srcset=\"\" alt=\"generare lettere casuali con lettere minuscole\"><\/figure><\/div><h2 id=\"how-this-formula-works\" class=\"wp-block-heading\"> Come funziona questa formula?<\/h2><p> Ora lascia che ti dica come questa formula genera queste lettere. <strong><span style=\"color: #000000;\">Prima di tutto,<\/span><\/strong> devi capire che questa formula funziona in due parti diverse. <\/p><div class=\"wp-block-image\"><figure class=\"aligncenter\"><img decoding=\"async\" src=\"https:\/\/exceladvisor.org\/wp-content\/uploads\/2023\/08\/comment-cette-formule-genere-des-lettres-aleatoires-1.png\" sizes=\"\" srcset=\"\" alt=\"come questa formula genera lettere casuali\"><\/figure><\/div><p> <span style=\"color: #000000;\">Nella <strong>prima parte<\/strong> hai la funzione RANDBETWEEN che pu\u00f2 generare numeri casuali per te.<\/span> <span style=\"color: #000000;\">Devi solo specificare il numero pi\u00f9 basso e il numero pi\u00f9 alto e restituir\u00e0 un numero casuale da quell&#8217;intervallo.<\/span> <span style=\"color: #000000;\">In breve, otterrai un numero casuale nel risultato dell&#8217;intervallo.<\/span> <\/p><div class=\"wp-block-image\"><figure class=\"aligncenter\"><img decoding=\"async\" src=\"https:\/\/exceladvisor.org\/wp-content\/uploads\/2023\/08\/generer-des-lettres-aleatoires-modifier-randbetween-1.gif\" sizes=\"\" srcset=\"\" alt=\"generare lettere casuali modificare randbetween\"><\/figure><\/div><p> Ora nella <strong><span style=\"color: #000000;\">seconda parte<\/span><\/strong> hai la funzione CHAR che pu\u00f2 restituire un carattere specifico quando specifichi un numero al suo interno. Ci\u00f2 significa che per ogni carattere c&#8217;\u00e8 un numero specifico che devi inserire nella funzione CHAR. E i numeri da 65 a 90 rappresentano le lettere maiuscole e da 97 a 122 le lettere minuscole. <\/p><div class=\"wp-block-image\"><figure class=\"aligncenter\"><img decoding=\"async\" src=\"https:\/\/exceladvisor.org\/wp-content\/uploads\/2023\/08\/generer-des-lettres-aleatoires-modifier-le-caractere-1.gif\" sizes=\"\" srcset=\"\" alt=\"generare lettere casuali modificare carattere\"><\/figure><\/div><p> Se inserisci 65 in CHAR restituir\u00e0 &#8220;A&#8221; e 97 restituir\u00e0 &#8220;a&#8221;.<\/p><h2 id=\"the-bottom-line-is\" class=\"wp-block-heading\"> <strong>La conclusione \u00e8:<\/strong><\/h2><ul><li> Quando specifichi uno degli intervalli sopra indicati, RANDBETWEEN restituisce un numero casuale.<\/li><li> E dopo CHAR restituisce un carattere per quel numero. <\/li><\/ul><div class=\"wp-block-image\"><figure class=\"aligncenter\"><img decoding=\"async\" src=\"https:\/\/exceladvisor.org\/wp-content\/uploads\/2023\/08\/generer-des-lettres-aleatoires-deroulantes-1.gif\" sizes=\"\" srcset=\"\" alt=\"generare lettere a discesa casuali\"><\/figure><\/div><p> Questa \u00e8 tutta la storia.<\/p><h2 id=\"in-the-end\" class=\"wp-block-heading\"> Alla fine,<\/h2><p> La formula che hai usato sopra \u00e8 semplice e facile da applicare, non ci sono dubbi. Il miglior utilizzo nel mondo reale di questo metodo che ho trovato \u00e8 che puoi generare gruppi casuali per i partecipanti in base all&#8217;alfabeto.<\/p><p> <em><strong>Hai un altro metodo per creare lettere casuali?<\/strong><\/em><\/p><p> Assicurati di condividere le tue opinioni con me nella sezione commenti, mi piacerebbe sentire la tua opinione e per favore non dimenticare di condividere questo post con i tuoi amici, sono sicuro che lo faranno. apprezzer\u00e0. <\/p><div class=\"gb-container gb-container-bafb25cc gb-container-download-2\"><div class=\"gb-grid-wrapper gb-grid-wrapper-91201309\"><div class=\"gb-grid-column gb-grid-column-15a917ef\"><div class=\"gb-container gb-container-15a917ef\"><h2 class=\"gb-headline gb-headline-f2deb261 gb-headline-text gb-headline-download-2\"> Ottieni il file Excel <\/h2><\/div><\/div><div class=\"gb-grid-column gb-grid-column-18357188\"><div class=\"gb-container gb-container-18357188\"><div class=\"gb-container gb-container-76cbe15e\"> <a class=\"gb-button gb-button-cb63d00a gb-button-text gb-button-download-2\" href=\"https:\/\/exceladvisor.org\/wp-content\/uploads\/2023\/11\/lettres-aleatoires.xlsx\" rel=\"nofollow\">Scaricamento<\/a><\/div><\/div><\/div><\/div><\/div><div class=\"gb-container gb-container-0df56012 gb-container-mt\"> <a class=\"gb-button gb-button-f9f432f4 gb-button-text gb-button-mt-button\" href=\"https:\/\/exceladvisor.org\/it\/formule\/\">Elenco delle formule di Excel<\/a><h2 class=\"gb-headline gb-headline-233444e8 gb-headline-text gb-headline-mt-heading\"> Formule correlate <\/h2><div class=\"gb-grid-wrapper gb-grid-wrapper-a16fa65c gb-grid-wrapper-mt-grid\"><div class=\"gb-grid-column gb-grid-column-50d07e0d\"><div class=\"gb-container gb-container-50d07e0d\"><ul><li> <a href=\"https:\/\/exceladvisor.org\/it\/filtro-orizzontale\/\">Crea un filtro orizzontale in Excel<\/a><\/li><li> <a href=\"https:\/\/exceladvisor.org\/it\/stelle\/\">Crea un modello di valutazione a stelle in Excel<\/a><\/li><li> <a href=\"https:\/\/exceladvisor.org\/it\/ottenere-il-nome-del-file\/\">Ottieni il nome del file in Excel<\/a><\/li><li> <a href=\"https:\/\/exceladvisor.org\/it\/ottieni-il-nome-del-foglio\/\">Ottieni il nome del foglio in Excel<\/a><\/li><li> <a href=\"https:\/\/exceladvisor.org\/it\/randomizzare-lelenco\/\">Randomizza un elenco (ordinamento casuale) in Excel<\/a> <\/li><\/ul><\/div><\/div><div class=\"gb-grid-column gb-grid-column-5b4a0cf9\"><div class=\"gb-container gb-container-5b4a0cf9\"><\/div><\/div><\/div><\/div>","protected":false},"excerpt":{"rendered":"","protected":false},"author":1,"featured_media":0,"parent":0,"menu_order":0,"comment_status":"open","ping_status":"closed","template":"","meta":{"ub_ctt_via":"","footnotes":""},"class_list":["post-1601","page","type-page","status-publish","hentry"],"featured_image_src":null,"yoast_head":"<!-- This site is optimized with the Yoast SEO plugin v25.4 - https:\/\/yoast.com\/wordpress\/plugins\/seo\/ -->\n<title>Come generare lettere casuali in Excel? (2023)<\/title>\n<meta name=\"description\" content=\"Oggi condivider\u00f2 con te un fantastico trucco con la formula per generare lettere casuali in Excel. E il migliore\" \/>\n<meta name=\"robots\" content=\"index, follow, max-snippet:-1, max-image-preview:large, max-video-preview:-1\" \/>\n<link rel=\"canonical\" href=\"https:\/\/exceladvisor.org\/it\/generare-lettere-casuali\/\" \/>\n<meta property=\"og:locale\" content=\"it_IT\" \/>\n<meta property=\"og:type\" content=\"article\" \/>\n<meta property=\"og:title\" content=\"Come generare lettere casuali in Excel? (2023)\" \/>\n<meta property=\"og:description\" content=\"Oggi condivider\u00f2 con te un fantastico trucco con la formula per generare lettere casuali in Excel. E il migliore\" \/>\n<meta property=\"og:url\" content=\"https:\/\/exceladvisor.org\/it\/generare-lettere-casuali\/\" \/>\n<meta property=\"og:site_name\" content=\"Excel Advisor\" \/>\n<meta property=\"article:modified_time\" content=\"2023-12-10T06:23:37+00:00\" \/>\n<meta property=\"og:image\" content=\"https:\/\/exceladvisor.org\/wp-content\/uploads\/2023\/08\/generer-des-lettres-aleatoires-avec-des-majuscules-1.gif\" \/>\n<meta name=\"twitter:card\" content=\"summary_large_image\" \/>\n<meta name=\"twitter:label1\" content=\"Tempo di lettura stimato\" \/>\n\t<meta name=\"twitter:data1\" content=\"2 minuti\" \/>\n<script type=\"application\/ld+json\" class=\"yoast-schema-graph\">{\"@context\":\"https:\/\/schema.org\",\"@graph\":[{\"@type\":\"WebPage\",\"@id\":\"https:\/\/exceladvisor.org\/it\/generare-lettere-casuali\/\",\"url\":\"https:\/\/exceladvisor.org\/it\/generare-lettere-casuali\/\",\"name\":\"Come generare lettere casuali in Excel? (2023)\",\"isPartOf\":{\"@id\":\"https:\/\/exceladvisor.org\/it\/#website\"},\"primaryImageOfPage\":{\"@id\":\"https:\/\/exceladvisor.org\/it\/generare-lettere-casuali\/#primaryimage\"},\"image\":{\"@id\":\"https:\/\/exceladvisor.org\/it\/generare-lettere-casuali\/#primaryimage\"},\"thumbnailUrl\":\"https:\/\/exceladvisor.org\/wp-content\/uploads\/2023\/08\/generer-des-lettres-aleatoires-avec-des-majuscules-1.gif\",\"datePublished\":\"2023-11-15T13:53:32+00:00\",\"dateModified\":\"2023-12-10T06:23:37+00:00\",\"description\":\"Oggi condivider\u00f2 con te un fantastico trucco con la formula per generare lettere casuali in Excel. E il migliore\",\"breadcrumb\":{\"@id\":\"https:\/\/exceladvisor.org\/it\/generare-lettere-casuali\/#breadcrumb\"},\"inLanguage\":\"it-IT\",\"potentialAction\":[{\"@type\":\"ReadAction\",\"target\":[\"https:\/\/exceladvisor.org\/it\/generare-lettere-casuali\/\"]}]},{\"@type\":\"ImageObject\",\"inLanguage\":\"it-IT\",\"@id\":\"https:\/\/exceladvisor.org\/it\/generare-lettere-casuali\/#primaryimage\",\"url\":\"https:\/\/exceladvisor.org\/wp-content\/uploads\/2023\/08\/generer-des-lettres-aleatoires-avec-des-majuscules-1.gif\",\"contentUrl\":\"https:\/\/exceladvisor.org\/wp-content\/uploads\/2023\/08\/generer-des-lettres-aleatoires-avec-des-majuscules-1.gif\"},{\"@type\":\"BreadcrumbList\",\"@id\":\"https:\/\/exceladvisor.org\/it\/generare-lettere-casuali\/#breadcrumb\",\"itemListElement\":[{\"@type\":\"ListItem\",\"position\":1,\"name\":\"Home\",\"item\":\"https:\/\/exceladvisor.org\/it\/\"},{\"@type\":\"ListItem\",\"position\":2,\"name\":\"Come generare lettere casuali in excel?\"}]},{\"@type\":\"WebSite\",\"@id\":\"https:\/\/exceladvisor.org\/it\/#website\",\"url\":\"https:\/\/exceladvisor.org\/it\/\",\"name\":\"Excel Advisor\",\"description\":\"Tips, Tricks, and Time-Saving Hacks\",\"publisher\":{\"@id\":\"https:\/\/exceladvisor.org\/it\/#organization\"},\"potentialAction\":[{\"@type\":\"SearchAction\",\"target\":{\"@type\":\"EntryPoint\",\"urlTemplate\":\"https:\/\/exceladvisor.org\/it\/?s={search_term_string}\"},\"query-input\":{\"@type\":\"PropertyValueSpecification\",\"valueRequired\":true,\"valueName\":\"search_term_string\"}}],\"inLanguage\":\"it-IT\"},{\"@type\":\"Organization\",\"@id\":\"https:\/\/exceladvisor.org\/it\/#organization\",\"name\":\"Excel Advisor\",\"url\":\"https:\/\/exceladvisor.org\/it\/\",\"logo\":{\"@type\":\"ImageObject\",\"inLanguage\":\"it-IT\",\"@id\":\"https:\/\/exceladvisor.org\/it\/#\/schema\/logo\/image\/\",\"url\":\"https:\/\/exceladvisor.org\/it\/wp-content\/uploads\/2023\/12\/exceladvisor.org_.png\",\"contentUrl\":\"https:\/\/exceladvisor.org\/it\/wp-content\/uploads\/2023\/12\/exceladvisor.org_.png\",\"width\":105,\"height\":36,\"caption\":\"Excel Advisor\"},\"image\":{\"@id\":\"https:\/\/exceladvisor.org\/it\/#\/schema\/logo\/image\/\"}}]}<\/script>\n<!-- \/ Yoast SEO plugin. -->","yoast_head_json":{"title":"Come generare lettere casuali in Excel? (2023)","description":"Oggi condivider\u00f2 con te un fantastico trucco con la formula per generare lettere casuali in Excel. E il migliore","robots":{"index":"index","follow":"follow","max-snippet":"max-snippet:-1","max-image-preview":"max-image-preview:large","max-video-preview":"max-video-preview:-1"},"canonical":"https:\/\/exceladvisor.org\/it\/generare-lettere-casuali\/","og_locale":"it_IT","og_type":"article","og_title":"Come generare lettere casuali in Excel? (2023)","og_description":"Oggi condivider\u00f2 con te un fantastico trucco con la formula per generare lettere casuali in Excel. E il migliore","og_url":"https:\/\/exceladvisor.org\/it\/generare-lettere-casuali\/","og_site_name":"Excel Advisor","article_modified_time":"2023-12-10T06:23:37+00:00","og_image":[{"url":"https:\/\/exceladvisor.org\/wp-content\/uploads\/2023\/08\/generer-des-lettres-aleatoires-avec-des-majuscules-1.gif","type":"","width":"","height":""}],"twitter_card":"summary_large_image","twitter_misc":{"Tempo di lettura stimato":"2 minuti"},"schema":{"@context":"https:\/\/schema.org","@graph":[{"@type":"WebPage","@id":"https:\/\/exceladvisor.org\/it\/generare-lettere-casuali\/","url":"https:\/\/exceladvisor.org\/it\/generare-lettere-casuali\/","name":"Come generare lettere casuali in Excel? (2023)","isPartOf":{"@id":"https:\/\/exceladvisor.org\/it\/#website"},"primaryImageOfPage":{"@id":"https:\/\/exceladvisor.org\/it\/generare-lettere-casuali\/#primaryimage"},"image":{"@id":"https:\/\/exceladvisor.org\/it\/generare-lettere-casuali\/#primaryimage"},"thumbnailUrl":"https:\/\/exceladvisor.org\/wp-content\/uploads\/2023\/08\/generer-des-lettres-aleatoires-avec-des-majuscules-1.gif","datePublished":"2023-11-15T13:53:32+00:00","dateModified":"2023-12-10T06:23:37+00:00","description":"Oggi condivider\u00f2 con te un fantastico trucco con la formula per generare lettere casuali in Excel. E il migliore","breadcrumb":{"@id":"https:\/\/exceladvisor.org\/it\/generare-lettere-casuali\/#breadcrumb"},"inLanguage":"it-IT","potentialAction":[{"@type":"ReadAction","target":["https:\/\/exceladvisor.org\/it\/generare-lettere-casuali\/"]}]},{"@type":"ImageObject","inLanguage":"it-IT","@id":"https:\/\/exceladvisor.org\/it\/generare-lettere-casuali\/#primaryimage","url":"https:\/\/exceladvisor.org\/wp-content\/uploads\/2023\/08\/generer-des-lettres-aleatoires-avec-des-majuscules-1.gif","contentUrl":"https:\/\/exceladvisor.org\/wp-content\/uploads\/2023\/08\/generer-des-lettres-aleatoires-avec-des-majuscules-1.gif"},{"@type":"BreadcrumbList","@id":"https:\/\/exceladvisor.org\/it\/generare-lettere-casuali\/#breadcrumb","itemListElement":[{"@type":"ListItem","position":1,"name":"Home","item":"https:\/\/exceladvisor.org\/it\/"},{"@type":"ListItem","position":2,"name":"Come generare lettere casuali in excel?"}]},{"@type":"WebSite","@id":"https:\/\/exceladvisor.org\/it\/#website","url":"https:\/\/exceladvisor.org\/it\/","name":"Excel Advisor","description":"Tips, Tricks, and Time-Saving Hacks","publisher":{"@id":"https:\/\/exceladvisor.org\/it\/#organization"},"potentialAction":[{"@type":"SearchAction","target":{"@type":"EntryPoint","urlTemplate":"https:\/\/exceladvisor.org\/it\/?s={search_term_string}"},"query-input":{"@type":"PropertyValueSpecification","valueRequired":true,"valueName":"search_term_string"}}],"inLanguage":"it-IT"},{"@type":"Organization","@id":"https:\/\/exceladvisor.org\/it\/#organization","name":"Excel Advisor","url":"https:\/\/exceladvisor.org\/it\/","logo":{"@type":"ImageObject","inLanguage":"it-IT","@id":"https:\/\/exceladvisor.org\/it\/#\/schema\/logo\/image\/","url":"https:\/\/exceladvisor.org\/it\/wp-content\/uploads\/2023\/12\/exceladvisor.org_.png","contentUrl":"https:\/\/exceladvisor.org\/it\/wp-content\/uploads\/2023\/12\/exceladvisor.org_.png","width":105,"height":36,"caption":"Excel Advisor"},"image":{"@id":"https:\/\/exceladvisor.org\/it\/#\/schema\/logo\/image\/"}}]}},"yoast_meta":{"yoast_wpseo_title":"","yoast_wpseo_metadesc":"","yoast_wpseo_canonical":""},"_links":{"self":[{"href":"https:\/\/exceladvisor.org\/it\/wp-json\/wp\/v2\/pages\/1601","targetHints":{"allow":["GET"]}}],"collection":[{"href":"https:\/\/exceladvisor.org\/it\/wp-json\/wp\/v2\/pages"}],"about":[{"href":"https:\/\/exceladvisor.org\/it\/wp-json\/wp\/v2\/types\/page"}],"author":[{"embeddable":true,"href":"https:\/\/exceladvisor.org\/it\/wp-json\/wp\/v2\/users\/1"}],"replies":[{"embeddable":true,"href":"https:\/\/exceladvisor.org\/it\/wp-json\/wp\/v2\/comments?post=1601"}],"version-history":[{"count":1,"href":"https:\/\/exceladvisor.org\/it\/wp-json\/wp\/v2\/pages\/1601\/revisions"}],"predecessor-version":[{"id":2533,"href":"https:\/\/exceladvisor.org\/it\/wp-json\/wp\/v2\/pages\/1601\/revisions\/2533"}],"wp:attachment":[{"href":"https:\/\/exceladvisor.org\/it\/wp-json\/wp\/v2\/media?parent=1601"}],"curies":[{"name":"wp","href":"https:\/\/api.w.org\/{rel}","templated":true}]}}