{"id":1603,"date":"2023-11-15T13:06:05","date_gmt":"2023-11-15T13:06:05","guid":{"rendered":"https:\/\/exceladvisor.org\/it\/nome-del-mese\/"},"modified":"2023-12-10T06:24:46","modified_gmt":"2023-12-10T06:24:46","slug":"nome-del-mese","status":"publish","type":"page","link":"https:\/\/exceladvisor.org\/it\/nome-del-mese\/","title":{"rendered":"Come ottenere un mese da una data?"},"content":{"rendered":"<div class=\"excel-prima-del-contenuto\" id=\"excel-3203786981\"><script type=\"text\/javascript\">\r\n\tatOptions = {\r\n\t\t'key' : 'c1158f160081d6540a8409e6925dab94',\r\n\t\t'format' : 'iframe',\r\n\t\t'height' : 250,\r\n\t\t'width' : 300,\r\n\t\t'params' : {}\r\n\t};\r\n<\/script>\r\n<script type=\"text\/javascript\" src=\"\/\/www.highperformanceformat.com\/c1158f160081d6540a8409e6925dab94\/invoke.js\"><\/script><\/div> <p>Le date sono una parte importante dei dati. Ci sono alcune volte in cui dobbiamo utilizzare solo parte di una data. Facciamo un esempio dal mese. A volte \u00e8 necessario solo un mese dalla data.<\/p><p> Il mese \u00e8 uno dei componenti utili di una data che puoi utilizzare per riepilogare i dati e quando si tratta di Excel, abbiamo diversi metodi per ottenere un mese da una data.<\/p><p> Ho trovato un totale di 5 metodi per questo. E oggi in questo articolo vorrei condividere con voi tutti questi metodi per ottenere\/estrarre il mese da una data. Quindi mettiamoci al lavoro.<\/p><h2 id=\"tab-con-4\" class=\"wp-block-heading\"> 1. Funzione MESE<\/h2><p> Usare la funzione MESE \u00e8 il metodo pi\u00f9 semplice per estrarre un mese da una data. Tutto quello che devi fare \u00e8 semplicemente fare riferimento a una data valida in questa funzione e restituir\u00e0 il numero del mese compreso tra 1 e 12. <\/p><pre class=\"wp-block-preformatted\"> = <a href=\"https:\/\/exceladvisor.org\/fonctions-de-date-excel\/\">MONTH<\/a> (A2) <\/pre><p class=\"has-text-align-center\"><img loading=\"lazy\" decoding=\"async\" src=\"https:\/\/exceladvisor.org\/wp-content\/uploads\/2023\/08\/obtenir-le-mois-a-partir-dune-date-avec-la-fonction-mois-min-1.png\" sizes=\"auto, \" srcset=\"\" alt=\"ottieni il mese da una data con la funzione mese\" width=\"348\" height=\"348\" data-id=\"11843\"><\/p><p> Puoi anche inserire una data direttamente nella funzione utilizzando il <a href=\"https:\/\/exceladvisor.org\/it\/testo-fino-ad-oggi\/\">formato data corretto<\/a> . <\/p><figure class=\"wp-block-table\"><table class=\"mtr-table mtr-thead-th\"><thead><tr><th class=\"mtr-th-tag\" data-mtr-content=\"Pro\"><div class=\"mtr-cell-content\"> Pro<\/div><\/th><th class=\"mtr-th-tag\" data-mtr-content=\"Con\"><div class=\"mtr-cell-content\"> Stronzo <\/div><\/th><\/tr><\/thead><tbody><tr><td class=\"mtr-td-tag\" data-mtr-content=\"Pro\"><div class=\"mtr-cell-content\">\u00c8 facile da applicare e non \u00e8 necessario combinarlo con altre funzioni.<\/div><\/td><td class=\"mtr-td-tag\" data-mtr-content=\"Con\"><div class=\"mtr-cell-content\"> Il numero del mese ha un utilizzo limitato, la maggior parte delle volte \u00e8 meglio presentare il nome del mese anzich\u00e9 i numeri e se si desidera il nome del mese \u00e8 necessario un metodo diverso.<\/div><\/td><\/tr><\/tbody><\/table><\/figure><h2 id=\"tab-con-2\" class=\"wp-block-heading\"> 2. Funzione TESTO<\/h2><p> Come ho detto, \u00e8 meglio usare il nome del mese anzich\u00e9 il numero del mese. L&#8217;uso della funzione TESTO \u00e8 un metodo perfetto per estrarre il nome del mese da una data. Il lavoro di base della funzione di testo qui \u00e8 convertire una data in un mese utilizzando un formato specifico. <\/p><pre class=\"wp-block-preformatted\"> <span style=\"font-family: 'Courier New', Courier, monospace;\">=<\/span> <span style=\"font-family: 'Courier New', Courier, monospace;\">TEXT<\/span> <span style=\"font-family: 'Courier New', Courier, monospace;\">(A2,\"MMM\")<\/span> <\/pre><div class=\"wp-block-image\"><figure class=\"aligncenter is-resized\"><img loading=\"lazy\" decoding=\"async\" src=\"https:\/\/exceladvisor.org\/wp-content\/uploads\/2023\/08\/obtenir-le-mois-a-partir-dune-date-avec-la-fonction-de-texte-min-1.png\" sizes=\"auto, \" srcset=\"\" alt=\"ottieni il mese da una data con la funzione di testo\" width=\"421\" height=\"383\"><\/figure><\/div><p> Per impostazione predefinita hai <a href=\"https:\/\/support.office.com\/en-us\/article\/TEXT-function-20d5ac4d-7b94-49fd-bb38-93d29371225c\" target=\"_blank\" rel=\"noopener noreferrer\">5 diversi formati di data<\/a> che puoi utilizzare nella funzione testo. Questi formati restituiranno il nome del mese come testo. Tutto quello che devi fare \u00e8 fare riferimento a una data nella funzione e specificare un formato. S\u00ec, \u00e8 tutto. E assicurati che la data che utilizzi debba essere una <a style=\"outline: none;\" href=\"https:\/\/exceladvisor.org\/it\/testo-fino-ad-oggi\/\">data valida<\/a> secondo il sistema di data di Excel. <\/p><figure class=\"wp-block-table\"><table class=\"has-fixed-layout mtr-table mtr-thead-th\"><thead><tr><th class=\"mtr-th-tag\" data-mtr-content=\"Pros\"><div class=\"mtr-cell-content\"> Benefici<\/div><\/th><th class=\"mtr-th-tag\" data-mtr-content=\"Cons\"><div class=\"mtr-cell-content\"> Gli svantaggi <\/div><\/th><\/tr><\/thead><tbody><tr><td class=\"mtr-td-tag\" data-mtr-content=\"Pros\"><div class=\"mtr-cell-content\"> Hai la possibilit\u00e0 di scegliere un formato tra 5 formati diversi e la colonna della data originale rimarr\u00e0 la stessa.<\/div><\/td><td class=\"mtr-td-tag\" data-mtr-content=\"Cons\"><div class=\"mtr-cell-content\"> Restituir\u00e0 il nome del mese che sar\u00e0 testo e non \u00e8 possibile utilizzare un&#8217;abbreviazione personalizzata per il nome del mese.<\/div><\/td><\/tr><\/tbody><\/table><\/figure><h2 id=\"tab-con-3\" class=\"wp-block-heading\"> 3. SCEGLI la funzione<\/h2><p> Supponiamo che tu voglia ottenere un nome di mese personalizzato o magari un nome in una lingua diversa invece di un numero o nome normale. In questa situazione la funzione SCEGLI pu\u00f2 aiutarti. \u00c8 necessario specificare un nome personalizzato per i 12 mesi nella funzione e utilizzare la funzione mese per ottenere il numero del mese dalla data. <\/p><pre class=\"wp-block-preformatted\"> =CHOOSE(MONTH(A1),\"Jan\",\"Feb\",\"Mar\",\"Apr\",\"May\",\"Jun\",\"Jul\",\"Aug\",\"Sep\",\"Oct\",\"Nov \",\"Dec\") <\/pre><div class=\"wp-block-image\"><figure class=\"aligncenter\"><img decoding=\"async\" src=\"https:\/\/exceladvisor.org\/wp-content\/uploads\/2023\/08\/obtenir-le-mois-a-partir-dune-date-avec-choisir-la-fonction-min-1.png\" sizes=\"\" srcset=\"\" alt=\"dati con il nome del mese da una data\"><\/figure><\/div><p> Quando la funzione del mese restituisce il numero del mese a partire dalla data, scegliendo la funzione verr\u00e0 restituito il nome del mese personalizzato anzich\u00e9 quel numero.<\/p><p> <strong>Correlati:<\/strong> <a href=\"https:\/\/exceladvisor.org\/it\/barra-delle-formule-excel\/\">barra della formula<\/a> <\/p><figure class=\"wp-block-table\"><table class=\"has-fixed-layout mtr-table mtr-thead-th\"><thead><tr><th class=\"mtr-th-tag\" data-mtr-content=\"Pros\"><div class=\"mtr-cell-content\"> Benefici<\/div><\/th><th class=\"mtr-th-tag\" data-mtr-content=\"Cons\"><div class=\"mtr-cell-content\"> Gli svantaggi <\/div><\/th><\/tr><\/thead><tbody><tr><td class=\"mtr-td-tag\" data-mtr-content=\"Pros\"><div class=\"mtr-cell-content\"> Ci\u00f2 ti consente una maggiore flessibilit\u00e0 e puoi specificare un nome mese personalizzato per ogni mese.<\/div><\/td><td class=\"mtr-td-tag\" data-mtr-content=\"Cons\"><div class=\"mtr-cell-content\"> \u00c8 un processo che richiede molto tempo per aggiungere tutti i valori della funzione uno per uno.<\/div><\/td><\/tr><\/tbody><\/table><\/figure><h2 id=\"tab-con-1\" class=\"wp-block-heading\"> 4. PowerQuery<\/h2><p> Se vuoi ottenere il nome di un mese da una data in modo intelligente, allora Power query \u00e8 la tua chiamata. Pu\u00f2 consentire di convertire una data in mese e anche di estrarre il numero o il nome del mese da una data. Power Query \u00e8 un pacchetto completo che ti consente di lavorare con le date. Qui hai i dati di seguito e qui hai bisogno di mesi dalle date.<\/p><ul><li> Innanzitutto, converti i tuoi dati in una tabella.<\/li><li> Successivamente, seleziona una delle celle della tabella e vai alla scheda Dati.<\/li><li> Nella scheda dati, fare clic su &#8220;Dalla tabella&#8221;. <\/li><\/ul><div class=\"wp-block-image\"><figure class=\"aligncenter\"><img decoding=\"async\" src=\"https:\/\/exceladvisor.org\/wp-content\/uploads\/2023\/08\/cliquez-sur-le-tableau-pour-obtenir-le-mois-a-partir-de-la-date-avec-la-requete-de-puissance-min-1.png\" sizes=\"\" srcset=\"\" alt=\"fare clic sulla tabella per ottenere il mese dalla data con la query di alimentazione\"><\/figure><\/div><ul><li> Caricher\u00e0 la tabella nell&#8217;editor di Power Query.<\/li><\/ul><p> Da qui hai due diverse opzioni, una \u00e8 aggiungere una nuova colonna con il nome o il numero del mese o convertire le date in un nome o numero del mese. Salta i due passaggi successivi se desideri semplicemente convertire le date in mesi senza aggiungere una nuova colonna.<\/p><ul><li> Innanzitutto, fai clic con il pulsante destro del mouse sull&#8217;intestazione della colonna.<\/li><li> E successivamente fai clic su &#8220;Colonna duplicata&#8221;. <\/li><\/ul><div class=\"wp-block-image\"><figure class=\"aligncenter\"><img decoding=\"async\" src=\"https:\/\/exceladvisor.org\/wp-content\/uploads\/2023\/08\/ajouter-une-colonne-en-double-pour-obtenir-le-mois-a-partir-dune-date-min-1.png\" sizes=\"\" srcset=\"\" alt=\"aggiungi una colonna duplicata per ottenere il mese da una data\"><\/figure><\/div><ul><li> Seleziona la nuova colonna nell&#8217;intestazione e fai clic con il pulsante destro del mouse su di essa.<\/li><li> Vai a Trasforma \u279c Mese \u279c Nome del mese o del mese. <\/li><\/ul><div class=\"wp-block-image\"><figure class=\"aligncenter\"><img decoding=\"async\" src=\"https:\/\/exceladvisor.org\/wp-content\/uploads\/2023\/08\/selectionnez-le-nom-du-mois-pour-obtenir-le-mois-min-1.png\" sizes=\"\" srcset=\"\" alt=\"seleziona il nome del mese per ottenere il mese\"><\/figure><\/div><ul><li> Convertir\u00e0 istantaneamente le date in mesi. <\/li><\/ul><div class=\"wp-block-image\"><figure class=\"aligncenter\"><img decoding=\"async\" src=\"https:\/\/exceladvisor.org\/wp-content\/uploads\/2023\/08\/cliquez-sur-fermer-et-chargez-pour-obtenir-le-mois-a-partir-dune-date-min-1.png\" sizes=\"\" srcset=\"\" alt=\"fare clic su Chiudi e carica per ottenere il mese da una data\"><\/figure><\/div><ul><li> Ancora una cosa, fai clic con il pulsante destro del mouse sull&#8217;intestazione della colonna e rinomina la colonna in &#8220;Mese&#8221;.<\/li><li> Alla fine, fai clic su &#8220;Chiudi e carica&#8221; e caricher\u00e0 i tuoi dati in un foglio di calcolo. <\/li><\/ul><div class=\"wp-block-image\"><figure class=\"aligncenter\"><img decoding=\"async\" src=\"https:\/\/exceladvisor.org\/wp-content\/uploads\/2023\/08\/donnees-avec-le-nom-du-mois-a-partir-dune-date-min-1.png\" sizes=\"\" srcset=\"\" alt=\"dati con il nome del mese da una data\"><\/figure><\/div><figure class=\"wp-block-table\"><table class=\"has-fixed-layout mtr-table mtr-thead-th\"><thead><tr><th class=\"mtr-th-tag\" data-mtr-content=\"Pro\"><div class=\"mtr-cell-content\"> Pro<\/div><\/th><th class=\"mtr-th-tag\" data-mtr-content=\"Con\"><div class=\"mtr-cell-content\"> Stronzo <\/div><\/th><\/tr><\/thead><tbody><tr><td class=\"mtr-td-tag\" data-mtr-content=\"Pro\"><div class=\"mtr-cell-content\">\u00c8 una configurazione dinamica e puntuale. I tuoi dati originali non saranno interessati.<\/div><\/td><td class=\"mtr-td-tag\" data-mtr-content=\"Con\"><div class=\"mtr-cell-content\"> Dovresti avere una query potente nella tua versione di Excel e il nome del mese sar\u00e0 un nome completo.<\/div><\/td><\/tr><\/tbody><\/table><\/figure><h2 id=\"tab-con-0\" class=\"wp-block-heading\"> 5. Formattazione personalizzata<\/h2><p> Se non vuoi utilizzare un metodo formula, il modo pi\u00f9 semplice per utilizzarlo per convertire una data in un mese \u00e8 <a href=\"https:\/\/support.office.com\/en-us\/article\/Create-or-delete-a-custom-number-format-78f2a361-936b-4c03-8772-09fab54be7f4?ui=en-US&amp;rs=en-US&amp;ad=US&amp;fromAR=1\" target=\"_blank\" rel=\"noopener noreferrer\">applicare la formattazione personalizzata<\/a> . Segui questi semplici passaggi.<\/p><ol><li> Seleziona l&#8217;intervallo di celle o la colonna.<\/li><li> Premi il tasto di scelta rapida Ctrl + 1.<\/li><li> Nell&#8217;opzione formato, vai su &#8220;Personalizzato&#8221;.<\/li><li> Ora, nella barra di input \u201cTipo\u201d, inserisci \u201cMM\u201d, \u201cMMM\u201d o \u201cMMMMMM\u201d.<\/li><li> Fare clic su OK. <\/li><\/ol><div class=\"wp-block-image\"><figure class=\"aligncenter is-resized\"><img loading=\"lazy\" decoding=\"async\" src=\"https:\/\/exceladvisor.org\/wp-content\/uploads\/2023\/08\/obtenir-le-mois-a-partir-dune-date-avec-des-options-de-mise-en-forme-ouvertes-de-mise-en-forme-conditionnelle-min-1.png\" sizes=\"auto, \" srcset=\"\" alt=\"ottieni il mese da una data con formattazione condizionale opzioni di formattazione aperte\" width=\"534\" height=\"466\"><\/figure><\/div><figure class=\"wp-block-table\"><table class=\"has-fixed-layout mtr-table mtr-thead-th\"><thead><tr><th class=\"mtr-th-tag\" data-mtr-content=\"Pros\"><div class=\"mtr-cell-content\"> Benefici<\/div><\/th><th class=\"mtr-th-tag\" data-mtr-content=\"Cons\"><div class=\"mtr-cell-content\"> Gli svantaggi <\/div><\/th><\/tr><\/thead><tbody><tr><td class=\"mtr-td-tag\" data-mtr-content=\"Pros\"><div class=\"mtr-cell-content\"> \u00c8 facile da applicare e non cambia la data ma il suo formato.<\/div><\/td><td class=\"mtr-td-tag\" data-mtr-content=\"Cons\"><div class=\"mtr-cell-content\"> Poich\u00e9 il valore \u00e8 una data, quando lo copi e incolli altrove come valore, sar\u00e0 una data, non un testo. Se qualcuno cambia il formato, il nome del mese andr\u00e0 perso.<\/div><\/td><\/tr><\/tbody><\/table><\/figure><h2 class=\"wp-block-heading\"> Conclusione<\/h2><p> Tutti i metodi sopra indicati possono essere utilizzati in diverse situazioni. Ma alcuni di essi sono utilizzati pi\u00f9 frequentemente.<\/p><p> La funzione TESTO \u00e8 applicabile nella maggior parte delle situazioni. D&#8217;altra parte, hai anche una query di potenza per ottenere mesi in pochi clic. Se me lo chiedi, utilizzo la funzione di testo, ma oggigiorno sono pi\u00f9 innamorato della query di potenza, quindi mi piacerebbe usare anche quella.<\/p><p> Alla fine, voglio solo dire che puoi utilizzare uno qualsiasi di questi metodi a seconda delle tue esigenze. Ma devi dirmi una cosa.<\/p><p> <strong>Qual \u00e8 il tuo metodo preferito?<\/strong><\/p><p> Per favore condividi con me nella sezione commenti, mi piacerebbe sentire la tua opinione. E non dimenticare di condividerlo con i tuoi amici. <\/p><div class=\"gb-container gb-container-52dfcee1 gb-container-sample-file\"><h2 class=\"gb-headline gb-headline-e289c143 gb-headline-text gb-headline-4f7959c2\"> Ottieni il file Excel<\/h2><p> <a class=\"gb-button gb-button-e88d6bee gb-button-text gb-button-button1\" href=\"https:\/\/exceladvisor.org\/wp-content\/uploads\/2023\/08\/obtenir-le-mois-a-partir-de-la-date-2.xlsx\" rel=\"nofollow\">Scaricamento<\/a><\/p><\/div><div class=\"gb-container gb-container-0df56012 gb-container-mt\"> <a class=\"gb-button gb-button-f9f432f4 gb-button-text gb-button-mt-button\" href=\"https:\/\/exceladvisor.org\/it\/formule\/\">Elenco delle formule di Excel<\/a><h2 class=\"gb-headline gb-headline-233444e8 gb-headline-text gb-headline-mt-heading\"> Formule correlate <\/h2><div class=\"gb-grid-wrapper gb-grid-wrapper-a16fa65c gb-grid-wrapper-mt-grid\"><div class=\"gb-grid-column gb-grid-column-50d07e0d\"><div class=\"gb-container gb-container-50d07e0d\"><ul><li> <a href=\"https:\/\/exceladvisor.org\/it\/aggiungere-un-mese-a-una-data-2\/\">Aggiungi un mese a una data in Excel<\/a><\/li><li> <a href=\"https:\/\/exceladvisor.org\/it\/fine-del-mese\/\">Ottieni la data di fine del mese in Excel<\/a><\/li><li> <a href=\"https:\/\/exceladvisor.org\/it\/primo-giorno-del-mese-2\/\">Ottieni il primo giorno del mese in Excel (inizio del mese)<\/a><\/li><li> <a href=\"https:\/\/exceladvisor.org\/it\/trimestre\/\">Ottieni un trimestre da una data [Fiscale + Calendario] in Excel<\/a><\/li><li> <a href=\"https:\/\/exceladvisor.org\/it\/mese-compreso-tra-due-date\/\">Numero di mesi tra due date in Excel<\/a> <\/li><\/ul><\/div><\/div><div class=\"gb-grid-column gb-grid-column-5b4a0cf9\"><div class=\"gb-container gb-container-5b4a0cf9\"><\/div><\/div><\/div><\/div>","protected":false},"excerpt":{"rendered":"","protected":false},"author":1,"featured_media":0,"parent":0,"menu_order":0,"comment_status":"open","ping_status":"closed","template":"","meta":{"ub_ctt_via":"","footnotes":""},"class_list":["post-1603","page","type-page","status-publish","hentry"],"featured_image_src":null,"yoast_head":"<!-- This site is optimized with the Yoast SEO plugin v25.4 - https:\/\/yoast.com\/wordpress\/plugins\/seo\/ -->\n<title>Come ottenere un mese da una data? (Guida 2023)<\/title>\n<meta name=\"description\" content=\"In questo tutorial imparerai come ottenere\/estrarre il nome del mese da una data in Excel utilizzando cinque metodi diversi che\" \/>\n<meta name=\"robots\" content=\"index, follow, max-snippet:-1, max-image-preview:large, max-video-preview:-1\" \/>\n<link rel=\"canonical\" href=\"https:\/\/exceladvisor.org\/it\/nome-del-mese\/\" \/>\n<meta property=\"og:locale\" content=\"it_IT\" \/>\n<meta property=\"og:type\" content=\"article\" \/>\n<meta property=\"og:title\" content=\"Come ottenere un mese da una data? (Guida 2023)\" \/>\n<meta property=\"og:description\" content=\"In questo tutorial imparerai come ottenere\/estrarre il nome del mese da una data in Excel utilizzando cinque metodi diversi che\" \/>\n<meta property=\"og:url\" content=\"https:\/\/exceladvisor.org\/it\/nome-del-mese\/\" \/>\n<meta property=\"og:site_name\" content=\"Excel Advisor\" \/>\n<meta property=\"article:modified_time\" content=\"2023-12-10T06:24:46+00:00\" \/>\n<meta property=\"og:image\" content=\"https:\/\/exceladvisor.org\/wp-content\/uploads\/2023\/08\/obtenir-le-mois-a-partir-dune-date-avec-la-fonction-mois-min-1.png\" \/>\n<meta name=\"twitter:card\" content=\"summary_large_image\" \/>\n<meta name=\"twitter:label1\" content=\"Tempo di lettura stimato\" \/>\n\t<meta name=\"twitter:data1\" content=\"5 minuti\" \/>\n<script type=\"application\/ld+json\" class=\"yoast-schema-graph\">{\"@context\":\"https:\/\/schema.org\",\"@graph\":[{\"@type\":\"WebPage\",\"@id\":\"https:\/\/exceladvisor.org\/it\/nome-del-mese\/\",\"url\":\"https:\/\/exceladvisor.org\/it\/nome-del-mese\/\",\"name\":\"Come ottenere un mese da una data? (Guida 2023)\",\"isPartOf\":{\"@id\":\"https:\/\/exceladvisor.org\/it\/#website\"},\"primaryImageOfPage\":{\"@id\":\"https:\/\/exceladvisor.org\/it\/nome-del-mese\/#primaryimage\"},\"image\":{\"@id\":\"https:\/\/exceladvisor.org\/it\/nome-del-mese\/#primaryimage\"},\"thumbnailUrl\":\"https:\/\/exceladvisor.org\/wp-content\/uploads\/2023\/08\/obtenir-le-mois-a-partir-dune-date-avec-la-fonction-mois-min-1.png\",\"datePublished\":\"2023-11-15T13:06:05+00:00\",\"dateModified\":\"2023-12-10T06:24:46+00:00\",\"description\":\"In questo tutorial imparerai come ottenere\/estrarre il nome del mese da una data in Excel utilizzando cinque metodi diversi che\",\"breadcrumb\":{\"@id\":\"https:\/\/exceladvisor.org\/it\/nome-del-mese\/#breadcrumb\"},\"inLanguage\":\"it-IT\",\"potentialAction\":[{\"@type\":\"ReadAction\",\"target\":[\"https:\/\/exceladvisor.org\/it\/nome-del-mese\/\"]}]},{\"@type\":\"ImageObject\",\"inLanguage\":\"it-IT\",\"@id\":\"https:\/\/exceladvisor.org\/it\/nome-del-mese\/#primaryimage\",\"url\":\"https:\/\/exceladvisor.org\/wp-content\/uploads\/2023\/08\/obtenir-le-mois-a-partir-dune-date-avec-la-fonction-mois-min-1.png\",\"contentUrl\":\"https:\/\/exceladvisor.org\/wp-content\/uploads\/2023\/08\/obtenir-le-mois-a-partir-dune-date-avec-la-fonction-mois-min-1.png\"},{\"@type\":\"BreadcrumbList\",\"@id\":\"https:\/\/exceladvisor.org\/it\/nome-del-mese\/#breadcrumb\",\"itemListElement\":[{\"@type\":\"ListItem\",\"position\":1,\"name\":\"Home\",\"item\":\"https:\/\/exceladvisor.org\/it\/\"},{\"@type\":\"ListItem\",\"position\":2,\"name\":\"Come ottenere un mese da una data?\"}]},{\"@type\":\"WebSite\",\"@id\":\"https:\/\/exceladvisor.org\/it\/#website\",\"url\":\"https:\/\/exceladvisor.org\/it\/\",\"name\":\"Excel Advisor\",\"description\":\"Tips, Tricks, and Time-Saving Hacks\",\"publisher\":{\"@id\":\"https:\/\/exceladvisor.org\/it\/#organization\"},\"potentialAction\":[{\"@type\":\"SearchAction\",\"target\":{\"@type\":\"EntryPoint\",\"urlTemplate\":\"https:\/\/exceladvisor.org\/it\/?s={search_term_string}\"},\"query-input\":{\"@type\":\"PropertyValueSpecification\",\"valueRequired\":true,\"valueName\":\"search_term_string\"}}],\"inLanguage\":\"it-IT\"},{\"@type\":\"Organization\",\"@id\":\"https:\/\/exceladvisor.org\/it\/#organization\",\"name\":\"Excel Advisor\",\"url\":\"https:\/\/exceladvisor.org\/it\/\",\"logo\":{\"@type\":\"ImageObject\",\"inLanguage\":\"it-IT\",\"@id\":\"https:\/\/exceladvisor.org\/it\/#\/schema\/logo\/image\/\",\"url\":\"https:\/\/exceladvisor.org\/it\/wp-content\/uploads\/2023\/12\/exceladvisor.org_.png\",\"contentUrl\":\"https:\/\/exceladvisor.org\/it\/wp-content\/uploads\/2023\/12\/exceladvisor.org_.png\",\"width\":105,\"height\":36,\"caption\":\"Excel Advisor\"},\"image\":{\"@id\":\"https:\/\/exceladvisor.org\/it\/#\/schema\/logo\/image\/\"}}]}<\/script>\n<!-- \/ Yoast SEO plugin. -->","yoast_head_json":{"title":"Come ottenere un mese da una data? (Guida 2023)","description":"In questo tutorial imparerai come ottenere\/estrarre il nome del mese da una data in Excel utilizzando cinque metodi diversi che","robots":{"index":"index","follow":"follow","max-snippet":"max-snippet:-1","max-image-preview":"max-image-preview:large","max-video-preview":"max-video-preview:-1"},"canonical":"https:\/\/exceladvisor.org\/it\/nome-del-mese\/","og_locale":"it_IT","og_type":"article","og_title":"Come ottenere un mese da una data? (Guida 2023)","og_description":"In questo tutorial imparerai come ottenere\/estrarre il nome del mese da una data in Excel utilizzando cinque metodi diversi che","og_url":"https:\/\/exceladvisor.org\/it\/nome-del-mese\/","og_site_name":"Excel Advisor","article_modified_time":"2023-12-10T06:24:46+00:00","og_image":[{"url":"https:\/\/exceladvisor.org\/wp-content\/uploads\/2023\/08\/obtenir-le-mois-a-partir-dune-date-avec-la-fonction-mois-min-1.png","type":"","width":"","height":""}],"twitter_card":"summary_large_image","twitter_misc":{"Tempo di lettura stimato":"5 minuti"},"schema":{"@context":"https:\/\/schema.org","@graph":[{"@type":"WebPage","@id":"https:\/\/exceladvisor.org\/it\/nome-del-mese\/","url":"https:\/\/exceladvisor.org\/it\/nome-del-mese\/","name":"Come ottenere un mese da una data? (Guida 2023)","isPartOf":{"@id":"https:\/\/exceladvisor.org\/it\/#website"},"primaryImageOfPage":{"@id":"https:\/\/exceladvisor.org\/it\/nome-del-mese\/#primaryimage"},"image":{"@id":"https:\/\/exceladvisor.org\/it\/nome-del-mese\/#primaryimage"},"thumbnailUrl":"https:\/\/exceladvisor.org\/wp-content\/uploads\/2023\/08\/obtenir-le-mois-a-partir-dune-date-avec-la-fonction-mois-min-1.png","datePublished":"2023-11-15T13:06:05+00:00","dateModified":"2023-12-10T06:24:46+00:00","description":"In questo tutorial imparerai come ottenere\/estrarre il nome del mese da una data in Excel utilizzando cinque metodi diversi che","breadcrumb":{"@id":"https:\/\/exceladvisor.org\/it\/nome-del-mese\/#breadcrumb"},"inLanguage":"it-IT","potentialAction":[{"@type":"ReadAction","target":["https:\/\/exceladvisor.org\/it\/nome-del-mese\/"]}]},{"@type":"ImageObject","inLanguage":"it-IT","@id":"https:\/\/exceladvisor.org\/it\/nome-del-mese\/#primaryimage","url":"https:\/\/exceladvisor.org\/wp-content\/uploads\/2023\/08\/obtenir-le-mois-a-partir-dune-date-avec-la-fonction-mois-min-1.png","contentUrl":"https:\/\/exceladvisor.org\/wp-content\/uploads\/2023\/08\/obtenir-le-mois-a-partir-dune-date-avec-la-fonction-mois-min-1.png"},{"@type":"BreadcrumbList","@id":"https:\/\/exceladvisor.org\/it\/nome-del-mese\/#breadcrumb","itemListElement":[{"@type":"ListItem","position":1,"name":"Home","item":"https:\/\/exceladvisor.org\/it\/"},{"@type":"ListItem","position":2,"name":"Come ottenere un mese da una data?"}]},{"@type":"WebSite","@id":"https:\/\/exceladvisor.org\/it\/#website","url":"https:\/\/exceladvisor.org\/it\/","name":"Excel Advisor","description":"Tips, Tricks, and Time-Saving Hacks","publisher":{"@id":"https:\/\/exceladvisor.org\/it\/#organization"},"potentialAction":[{"@type":"SearchAction","target":{"@type":"EntryPoint","urlTemplate":"https:\/\/exceladvisor.org\/it\/?s={search_term_string}"},"query-input":{"@type":"PropertyValueSpecification","valueRequired":true,"valueName":"search_term_string"}}],"inLanguage":"it-IT"},{"@type":"Organization","@id":"https:\/\/exceladvisor.org\/it\/#organization","name":"Excel Advisor","url":"https:\/\/exceladvisor.org\/it\/","logo":{"@type":"ImageObject","inLanguage":"it-IT","@id":"https:\/\/exceladvisor.org\/it\/#\/schema\/logo\/image\/","url":"https:\/\/exceladvisor.org\/it\/wp-content\/uploads\/2023\/12\/exceladvisor.org_.png","contentUrl":"https:\/\/exceladvisor.org\/it\/wp-content\/uploads\/2023\/12\/exceladvisor.org_.png","width":105,"height":36,"caption":"Excel Advisor"},"image":{"@id":"https:\/\/exceladvisor.org\/it\/#\/schema\/logo\/image\/"}}]}},"yoast_meta":{"yoast_wpseo_title":"","yoast_wpseo_metadesc":"","yoast_wpseo_canonical":""},"_links":{"self":[{"href":"https:\/\/exceladvisor.org\/it\/wp-json\/wp\/v2\/pages\/1603","targetHints":{"allow":["GET"]}}],"collection":[{"href":"https:\/\/exceladvisor.org\/it\/wp-json\/wp\/v2\/pages"}],"about":[{"href":"https:\/\/exceladvisor.org\/it\/wp-json\/wp\/v2\/types\/page"}],"author":[{"embeddable":true,"href":"https:\/\/exceladvisor.org\/it\/wp-json\/wp\/v2\/users\/1"}],"replies":[{"embeddable":true,"href":"https:\/\/exceladvisor.org\/it\/wp-json\/wp\/v2\/comments?post=1603"}],"version-history":[{"count":1,"href":"https:\/\/exceladvisor.org\/it\/wp-json\/wp\/v2\/pages\/1603\/revisions"}],"predecessor-version":[{"id":2602,"href":"https:\/\/exceladvisor.org\/it\/wp-json\/wp\/v2\/pages\/1603\/revisions\/2602"}],"wp:attachment":[{"href":"https:\/\/exceladvisor.org\/it\/wp-json\/wp\/v2\/media?parent=1603"}],"curies":[{"name":"wp","href":"https:\/\/api.w.org\/{rel}","templated":true}]}}