{"id":1604,"date":"2023-11-15T12:57:17","date_gmt":"2023-11-15T12:57:17","guid":{"rendered":"https:\/\/exceladvisor.org\/it\/arrotondare-al-5-piu-vicino\/"},"modified":"2023-12-10T06:20:57","modified_gmt":"2023-12-10T06:20:57","slug":"arrotondare-al-5-piu-vicino","status":"publish","type":"page","link":"https:\/\/exceladvisor.org\/it\/arrotondare-al-5-piu-vicino\/","title":{"rendered":"Come arrotondare al pi\u00f9 vicino 0,5, 5 e 50 in excel?"},"content":{"rendered":"<div class=\"excel-prima-del-contenuto\" id=\"excel-2850905365\"><script type=\"text\/javascript\">\r\n\tatOptions = {\r\n\t\t'key' : 'c1158f160081d6540a8409e6925dab94',\r\n\t\t'format' : 'iframe',\r\n\t\t'height' : 250,\r\n\t\t'width' : 300,\r\n\t\t'params' : {}\r\n\t};\r\n<\/script>\r\n<script type=\"text\/javascript\" src=\"\/\/www.highperformanceformat.com\/c1158f160081d6540a8409e6925dab94\/invoke.js\"><\/script><\/div> <p>In questo tutorial sulle formule, impareremo come arrotondare un numero al 5, 50 e 0,5 pi\u00f9 vicino. \u00c8 possibile utilizzare queste formule in Excel 2007, Excel 2010, Excel 2013, Excel 2016, Excel 2019 ed Excel per Mac.<\/p><h2 class=\"wp-block-heading\"> Arrotonda a 0,5, 5 e 50 pi\u00f9 vicini<\/h2><p> Per arrotondare al 5 pi\u00f9 vicino, puoi utilizzare la funzione MROUND, in cui puoi specificare l&#8217;argomento di cui ottenere il multiplo. Osserva la seguente formula. <\/p><div class=\"wp-block-image\"><figure class=\"aligncenter size-full is-resized\"><img loading=\"lazy\" decoding=\"async\" class=\"wp-image-63656\" src=\"https:\/\/exceladvisor.org\/wp-content\/uploads\/2023\/08\/1-fonction-ronde.png\" sizes=\"auto, \" srcset=\"\" alt=\"funzione mround\" width=\"420\" height=\"195\"><\/figure><\/div><pre class=\"wp-block-code\"> <code class=\"language-excel-formula\" lang=\"excel-formula\">=MROUND(A2,5)<\/code><\/pre><p> Nella formula sopra, hai utilizzato 5 come multiplo per arrotondare il valore. Ora, se guardi il primo valore nella cella A2 che \u00e8 4 e il multiplo di 5 pi\u00f9 vicino \u00e8 5. E, per il secondo valore, hai 15 che \u00e8 il multiplo di 5 pi\u00f9 vicino.<\/p><p> Allo stesso modo, con la funzione MROUND puoi usare 50. <\/p><div class=\"wp-block-image\"><figure class=\"aligncenter size-full is-resized\"><img loading=\"lazy\" decoding=\"async\" class=\"wp-image-63657\" src=\"https:\/\/exceladvisor.org\/wp-content\/uploads\/2023\/08\/2-mround-fonction-avec-argument.png\" sizes=\"auto, \" srcset=\"\" alt=\"mround-funzione-con-argomento\" width=\"415\" height=\"217\"><\/figure><\/div><p> E la stessa funzione vale per .5. <\/p><div class=\"wp-block-image\"><figure class=\"aligncenter size-full is-resized\"><img loading=\"lazy\" decoding=\"async\" class=\"wp-image-63658\" src=\"https:\/\/exceladvisor.org\/wp-content\/uploads\/2023\/08\/3-mrond-fonction-rond-le-plus-proche.png\" sizes=\"auto, \" srcset=\"\" alt=\"mround-funzione-round-pi\u00f9 vicino\" width=\"425\" height=\"207\"><\/figure><\/div><h2 class=\"wp-block-heading\"> Arrotonda al 5 pi\u00f9 vicino<\/h2><p> Per arrotondare un numero a 5 \u00e8 necessario utilizzare la funzione FLOOR. Questa funzione ha gli stessi argomenti della funzione MROUND. <\/p><div class=\"wp-block-image\"><figure class=\"aligncenter size-full is-resized\"><img loading=\"lazy\" decoding=\"async\" class=\"wp-image-63659\" src=\"https:\/\/exceladvisor.org\/wp-content\/uploads\/2023\/08\/4-arrondir-au-cinq-le-plus-proche.png\" sizes=\"auto, \" srcset=\"\" alt=\"arrotondare ai cinque pi\u00f9 vicini\" width=\"431\" height=\"202\"><\/figure><\/div><pre class=\"wp-block-code\"> <code class=\"language-excel-formula\" lang=\"excel-formula\">=FLOOR(D8,5)<\/code><\/pre><p> E lo stesso per i 50. <\/p><div class=\"wp-block-image\"><figure class=\"aligncenter size-full is-resized\"><img loading=\"lazy\" decoding=\"async\" class=\"wp-image-63660\" src=\"https:\/\/exceladvisor.org\/wp-content\/uploads\/2023\/08\/5-arrondir-a-la-cinquantaine-inferieure.png\" sizes=\"auto, \" srcset=\"\" alt=\"arrotondare alla cinquantina pi\u00f9 vicina\" width=\"436\" height=\"201\"><\/figure><\/div><p> E anche per 0,5. <\/p><div class=\"wp-block-image\"><figure class=\"aligncenter size-full is-resized\"><img loading=\"lazy\" decoding=\"async\" class=\"wp-image-63661\" src=\"https:\/\/exceladvisor.org\/wp-content\/uploads\/2023\/08\/6-arrondir-au-point-cinq-le-plus-proche.png\" sizes=\"auto, \" srcset=\"\" alt=\"arrotondare al numero cinque pi\u00f9 vicino\" width=\"442\" height=\"203\"><\/figure><\/div><h2 class=\"wp-block-heading\"> Arrotondato al 5 pi\u00f9 vicino<\/h2><p> Per arrotondare un numero al 5 pi\u00f9 vicino, \u00e8 necessario utilizzare la funzione CEILING. <\/p><div class=\"wp-block-image\"><figure class=\"aligncenter size-full is-resized\"><img loading=\"lazy\" decoding=\"async\" class=\"wp-image-63662\" src=\"https:\/\/exceladvisor.org\/wp-content\/uploads\/2023\/08\/7-arrondir-au-cinq-le-plus-proche.png\" sizes=\"auto, \" srcset=\"\" alt=\"arrotondare ai cinque pi\u00f9 vicini\" width=\"453\" height=\"200\"><\/figure><\/div><p> Via 50. <\/p><div class=\"wp-block-image\"><figure class=\"aligncenter size-full is-resized\"><img loading=\"lazy\" decoding=\"async\" class=\"wp-image-63663\" src=\"https:\/\/exceladvisor.org\/wp-content\/uploads\/2023\/08\/8-arrondir-a-la-cinquantaine-la-plus-proche.png\" sizes=\"auto, \" srcset=\"\" alt=\"arrotondare alla cinquantina pi\u00f9 vicina\" width=\"458\" height=\"210\"><\/figure><\/div><p> E alla fine, per .5. <\/p><div class=\"wp-block-image\"><figure class=\"aligncenter size-full is-resized\"><img loading=\"lazy\" decoding=\"async\" class=\"wp-image-63664\" src=\"https:\/\/exceladvisor.org\/wp-content\/uploads\/2023\/08\/9-arrondir-au-point-cinq-le-plus-proche.png\" sizes=\"auto, \" srcset=\"\" alt=\"arrotondato al punto cinque pi\u00f9 vicino\" width=\"455\" height=\"206\"><\/figure><\/div><div class=\"gb-container gb-container-52dfcee1 gb-container-sample-file\"><h2 class=\"gb-headline gb-headline-e289c143 gb-headline-text gb-headline-4f7959c2\"> Ottieni il file Excel<\/h2><p> <a class=\"gb-button gb-button-e88d6bee gb-button-text gb-button-button1\" href=\"https:\/\/exceladvisor.org\/wp-content\/uploads\/2023\/11\/arrondir-au-cinq-superieur-le-plus-proche.xlsx\" rel=\"nofollow\">Scaricamento<\/a><\/p><\/div><div class=\"gb-container gb-container-0df56012 gb-container-mt\"> <a class=\"gb-button gb-button-f9f432f4 gb-button-text gb-button-mt-button\" href=\"https:\/\/exceladvisor.org\/it\/formule\/\">Elenco delle formule di Excel<\/a><h2 class=\"gb-headline gb-headline-233444e8 gb-headline-text gb-headline-mt-heading\"> Formule correlate <\/h2><div class=\"gb-grid-wrapper gb-grid-wrapper-a16fa65c gb-grid-wrapper-mt-grid\"><div class=\"gb-grid-column gb-grid-column-50d07e0d\"><div class=\"gb-container gb-container-50d07e0d\"><ul><li> <a href=\"https:\/\/exceladvisor.org\/it\/arrotondando-al-migliaio-piu-vicino\/\">Arrotondare un numero al 1000 pi\u00f9 vicino in Excel<\/a><\/li><li> <a href=\"https:\/\/exceladvisor.org\/it\/percentuale-arrotondata-2\/\">Valori percentuali arrotondati<\/a> <\/li><\/ul><\/div><\/div><div class=\"gb-grid-column gb-grid-column-5b4a0cf9\"><div class=\"gb-container gb-container-5b4a0cf9\"><\/div><\/div><\/div><\/div>","protected":false},"excerpt":{"rendered":"","protected":false},"author":1,"featured_media":0,"parent":0,"menu_order":0,"comment_status":"open","ping_status":"closed","template":"","meta":{"ub_ctt_via":"","footnotes":""},"class_list":["post-1604","page","type-page","status-publish","hentry"],"featured_image_src":null,"yoast_head":"<!-- This site is optimized with the Yoast SEO plugin v25.4 - https:\/\/yoast.com\/wordpress\/plugins\/seo\/ -->\n<title>\u25b7 Come arrotondare al 0,5, 5 e 50 pi\u00f9 vicino in Excel?<\/title>\n<meta name=\"description\" content=\"Per arrotondare al 5 pi\u00f9 vicino, puoi utilizzare la funzione MROUND, in cui puoi specificare l&#039;argomento per\" \/>\n<meta name=\"robots\" content=\"index, follow, max-snippet:-1, max-image-preview:large, max-video-preview:-1\" \/>\n<link rel=\"canonical\" href=\"https:\/\/exceladvisor.org\/it\/arrotondare-al-5-piu-vicino\/\" \/>\n<meta property=\"og:locale\" content=\"it_IT\" \/>\n<meta property=\"og:type\" content=\"article\" \/>\n<meta property=\"og:title\" content=\"\u25b7 Come arrotondare al 0,5, 5 e 50 pi\u00f9 vicino in Excel?\" \/>\n<meta property=\"og:description\" content=\"Per arrotondare al 5 pi\u00f9 vicino, puoi utilizzare la funzione MROUND, in cui puoi specificare l&#039;argomento per\" \/>\n<meta property=\"og:url\" content=\"https:\/\/exceladvisor.org\/it\/arrotondare-al-5-piu-vicino\/\" \/>\n<meta property=\"og:site_name\" content=\"Excel Advisor\" \/>\n<meta property=\"article:modified_time\" content=\"2023-12-10T06:20:57+00:00\" \/>\n<meta property=\"og:image\" content=\"https:\/\/exceladvisor.org\/wp-content\/uploads\/2023\/08\/1-fonction-ronde.png\" \/>\n<meta name=\"twitter:card\" content=\"summary_large_image\" \/>\n<meta name=\"twitter:label1\" content=\"Tempo di lettura stimato\" \/>\n\t<meta name=\"twitter:data1\" content=\"1 minuto\" \/>\n<script type=\"application\/ld+json\" class=\"yoast-schema-graph\">{\"@context\":\"https:\/\/schema.org\",\"@graph\":[{\"@type\":\"WebPage\",\"@id\":\"https:\/\/exceladvisor.org\/it\/arrotondare-al-5-piu-vicino\/\",\"url\":\"https:\/\/exceladvisor.org\/it\/arrotondare-al-5-piu-vicino\/\",\"name\":\"\u25b7 Come arrotondare al 0,5, 5 e 50 pi\u00f9 vicino in Excel?\",\"isPartOf\":{\"@id\":\"https:\/\/exceladvisor.org\/it\/#website\"},\"primaryImageOfPage\":{\"@id\":\"https:\/\/exceladvisor.org\/it\/arrotondare-al-5-piu-vicino\/#primaryimage\"},\"image\":{\"@id\":\"https:\/\/exceladvisor.org\/it\/arrotondare-al-5-piu-vicino\/#primaryimage\"},\"thumbnailUrl\":\"https:\/\/exceladvisor.org\/wp-content\/uploads\/2023\/08\/1-fonction-ronde.png\",\"datePublished\":\"2023-11-15T12:57:17+00:00\",\"dateModified\":\"2023-12-10T06:20:57+00:00\",\"description\":\"Per arrotondare al 5 pi\u00f9 vicino, puoi utilizzare la funzione MROUND, in cui puoi specificare l&#39;argomento per\",\"breadcrumb\":{\"@id\":\"https:\/\/exceladvisor.org\/it\/arrotondare-al-5-piu-vicino\/#breadcrumb\"},\"inLanguage\":\"it-IT\",\"potentialAction\":[{\"@type\":\"ReadAction\",\"target\":[\"https:\/\/exceladvisor.org\/it\/arrotondare-al-5-piu-vicino\/\"]}]},{\"@type\":\"ImageObject\",\"inLanguage\":\"it-IT\",\"@id\":\"https:\/\/exceladvisor.org\/it\/arrotondare-al-5-piu-vicino\/#primaryimage\",\"url\":\"https:\/\/exceladvisor.org\/wp-content\/uploads\/2023\/08\/1-fonction-ronde.png\",\"contentUrl\":\"https:\/\/exceladvisor.org\/wp-content\/uploads\/2023\/08\/1-fonction-ronde.png\"},{\"@type\":\"BreadcrumbList\",\"@id\":\"https:\/\/exceladvisor.org\/it\/arrotondare-al-5-piu-vicino\/#breadcrumb\",\"itemListElement\":[{\"@type\":\"ListItem\",\"position\":1,\"name\":\"Home\",\"item\":\"https:\/\/exceladvisor.org\/it\/\"},{\"@type\":\"ListItem\",\"position\":2,\"name\":\"Come arrotondare al pi\u00f9 vicino 0,5, 5 e 50 in excel?\"}]},{\"@type\":\"WebSite\",\"@id\":\"https:\/\/exceladvisor.org\/it\/#website\",\"url\":\"https:\/\/exceladvisor.org\/it\/\",\"name\":\"Excel Advisor\",\"description\":\"Tips, Tricks, and Time-Saving Hacks\",\"publisher\":{\"@id\":\"https:\/\/exceladvisor.org\/it\/#organization\"},\"potentialAction\":[{\"@type\":\"SearchAction\",\"target\":{\"@type\":\"EntryPoint\",\"urlTemplate\":\"https:\/\/exceladvisor.org\/it\/?s={search_term_string}\"},\"query-input\":{\"@type\":\"PropertyValueSpecification\",\"valueRequired\":true,\"valueName\":\"search_term_string\"}}],\"inLanguage\":\"it-IT\"},{\"@type\":\"Organization\",\"@id\":\"https:\/\/exceladvisor.org\/it\/#organization\",\"name\":\"Excel Advisor\",\"url\":\"https:\/\/exceladvisor.org\/it\/\",\"logo\":{\"@type\":\"ImageObject\",\"inLanguage\":\"it-IT\",\"@id\":\"https:\/\/exceladvisor.org\/it\/#\/schema\/logo\/image\/\",\"url\":\"https:\/\/exceladvisor.org\/it\/wp-content\/uploads\/2023\/12\/exceladvisor.org_.png\",\"contentUrl\":\"https:\/\/exceladvisor.org\/it\/wp-content\/uploads\/2023\/12\/exceladvisor.org_.png\",\"width\":105,\"height\":36,\"caption\":\"Excel Advisor\"},\"image\":{\"@id\":\"https:\/\/exceladvisor.org\/it\/#\/schema\/logo\/image\/\"}}]}<\/script>\n<!-- \/ Yoast SEO plugin. -->","yoast_head_json":{"title":"\u25b7 Come arrotondare al 0,5, 5 e 50 pi\u00f9 vicino in Excel?","description":"Per arrotondare al 5 pi\u00f9 vicino, puoi utilizzare la funzione MROUND, in cui puoi specificare l&#39;argomento per","robots":{"index":"index","follow":"follow","max-snippet":"max-snippet:-1","max-image-preview":"max-image-preview:large","max-video-preview":"max-video-preview:-1"},"canonical":"https:\/\/exceladvisor.org\/it\/arrotondare-al-5-piu-vicino\/","og_locale":"it_IT","og_type":"article","og_title":"\u25b7 Come arrotondare al 0,5, 5 e 50 pi\u00f9 vicino in Excel?","og_description":"Per arrotondare al 5 pi\u00f9 vicino, puoi utilizzare la funzione MROUND, in cui puoi specificare l&#39;argomento per","og_url":"https:\/\/exceladvisor.org\/it\/arrotondare-al-5-piu-vicino\/","og_site_name":"Excel Advisor","article_modified_time":"2023-12-10T06:20:57+00:00","og_image":[{"url":"https:\/\/exceladvisor.org\/wp-content\/uploads\/2023\/08\/1-fonction-ronde.png","type":"","width":"","height":""}],"twitter_card":"summary_large_image","twitter_misc":{"Tempo di lettura stimato":"1 minuto"},"schema":{"@context":"https:\/\/schema.org","@graph":[{"@type":"WebPage","@id":"https:\/\/exceladvisor.org\/it\/arrotondare-al-5-piu-vicino\/","url":"https:\/\/exceladvisor.org\/it\/arrotondare-al-5-piu-vicino\/","name":"\u25b7 Come arrotondare al 0,5, 5 e 50 pi\u00f9 vicino in Excel?","isPartOf":{"@id":"https:\/\/exceladvisor.org\/it\/#website"},"primaryImageOfPage":{"@id":"https:\/\/exceladvisor.org\/it\/arrotondare-al-5-piu-vicino\/#primaryimage"},"image":{"@id":"https:\/\/exceladvisor.org\/it\/arrotondare-al-5-piu-vicino\/#primaryimage"},"thumbnailUrl":"https:\/\/exceladvisor.org\/wp-content\/uploads\/2023\/08\/1-fonction-ronde.png","datePublished":"2023-11-15T12:57:17+00:00","dateModified":"2023-12-10T06:20:57+00:00","description":"Per arrotondare al 5 pi\u00f9 vicino, puoi utilizzare la funzione MROUND, in cui puoi specificare l&#39;argomento per","breadcrumb":{"@id":"https:\/\/exceladvisor.org\/it\/arrotondare-al-5-piu-vicino\/#breadcrumb"},"inLanguage":"it-IT","potentialAction":[{"@type":"ReadAction","target":["https:\/\/exceladvisor.org\/it\/arrotondare-al-5-piu-vicino\/"]}]},{"@type":"ImageObject","inLanguage":"it-IT","@id":"https:\/\/exceladvisor.org\/it\/arrotondare-al-5-piu-vicino\/#primaryimage","url":"https:\/\/exceladvisor.org\/wp-content\/uploads\/2023\/08\/1-fonction-ronde.png","contentUrl":"https:\/\/exceladvisor.org\/wp-content\/uploads\/2023\/08\/1-fonction-ronde.png"},{"@type":"BreadcrumbList","@id":"https:\/\/exceladvisor.org\/it\/arrotondare-al-5-piu-vicino\/#breadcrumb","itemListElement":[{"@type":"ListItem","position":1,"name":"Home","item":"https:\/\/exceladvisor.org\/it\/"},{"@type":"ListItem","position":2,"name":"Come arrotondare al pi\u00f9 vicino 0,5, 5 e 50 in excel?"}]},{"@type":"WebSite","@id":"https:\/\/exceladvisor.org\/it\/#website","url":"https:\/\/exceladvisor.org\/it\/","name":"Excel Advisor","description":"Tips, Tricks, and Time-Saving Hacks","publisher":{"@id":"https:\/\/exceladvisor.org\/it\/#organization"},"potentialAction":[{"@type":"SearchAction","target":{"@type":"EntryPoint","urlTemplate":"https:\/\/exceladvisor.org\/it\/?s={search_term_string}"},"query-input":{"@type":"PropertyValueSpecification","valueRequired":true,"valueName":"search_term_string"}}],"inLanguage":"it-IT"},{"@type":"Organization","@id":"https:\/\/exceladvisor.org\/it\/#organization","name":"Excel Advisor","url":"https:\/\/exceladvisor.org\/it\/","logo":{"@type":"ImageObject","inLanguage":"it-IT","@id":"https:\/\/exceladvisor.org\/it\/#\/schema\/logo\/image\/","url":"https:\/\/exceladvisor.org\/it\/wp-content\/uploads\/2023\/12\/exceladvisor.org_.png","contentUrl":"https:\/\/exceladvisor.org\/it\/wp-content\/uploads\/2023\/12\/exceladvisor.org_.png","width":105,"height":36,"caption":"Excel Advisor"},"image":{"@id":"https:\/\/exceladvisor.org\/it\/#\/schema\/logo\/image\/"}}]}},"yoast_meta":{"yoast_wpseo_title":"","yoast_wpseo_metadesc":"","yoast_wpseo_canonical":""},"_links":{"self":[{"href":"https:\/\/exceladvisor.org\/it\/wp-json\/wp\/v2\/pages\/1604","targetHints":{"allow":["GET"]}}],"collection":[{"href":"https:\/\/exceladvisor.org\/it\/wp-json\/wp\/v2\/pages"}],"about":[{"href":"https:\/\/exceladvisor.org\/it\/wp-json\/wp\/v2\/types\/page"}],"author":[{"embeddable":true,"href":"https:\/\/exceladvisor.org\/it\/wp-json\/wp\/v2\/users\/1"}],"replies":[{"embeddable":true,"href":"https:\/\/exceladvisor.org\/it\/wp-json\/wp\/v2\/comments?post=1604"}],"version-history":[{"count":1,"href":"https:\/\/exceladvisor.org\/it\/wp-json\/wp\/v2\/pages\/1604\/revisions"}],"predecessor-version":[{"id":2332,"href":"https:\/\/exceladvisor.org\/it\/wp-json\/wp\/v2\/pages\/1604\/revisions\/2332"}],"wp:attachment":[{"href":"https:\/\/exceladvisor.org\/it\/wp-json\/wp\/v2\/media?parent=1604"}],"curies":[{"name":"wp","href":"https:\/\/api.w.org\/{rel}","templated":true}]}}