{"id":1608,"date":"2023-11-15T11:48:49","date_gmt":"2023-11-15T11:48:49","guid":{"rendered":"https:\/\/exceladvisor.org\/it\/se-negativo-allora-zero\/"},"modified":"2023-12-10T06:21:04","modified_gmt":"2023-12-10T06:21:04","slug":"se-negativo-allora-zero","status":"publish","type":"page","link":"https:\/\/exceladvisor.org\/it\/se-negativo-allora-zero\/","title":{"rendered":"Come azzerare i valori negativi in excel?"},"content":{"rendered":"<div class=\"excel-prima-del-contenuto\" id=\"excel-1048672675\"><script type=\"text\/javascript\">\r\n\tatOptions = {\r\n\t\t'key' : 'c1158f160081d6540a8409e6925dab94',\r\n\t\t'format' : 'iframe',\r\n\t\t'height' : 250,\r\n\t\t'width' : 300,\r\n\t\t'params' : {}\r\n\t};\r\n<\/script>\r\n<script type=\"text\/javascript\" src=\"\/\/www.highperformanceformat.com\/c1158f160081d6540a8409e6925dab94\/invoke.js\"><\/script><\/div> <p>Permettetemi di condividere un esempio con voi. Nella tabella seguente, hai una tabella con i due elenchi di numeri nelle colonne A e B. E nella colonna C, hai una differenza tra i due. <\/p><div class=\"wp-block-image\"><figure class=\"aligncenter size-full is-resized\"><img loading=\"lazy\" decoding=\"async\" class=\"wp-image-64144\" src=\"https:\/\/exceladvisor.org\/wp-content\/uploads\/2023\/08\/1-tableau-avec-des-valeurs-negatives.png\" sizes=\"auto, \" srcset=\"\" alt=\"tabella con valori negativi\" width=\"381\" height=\"298\"><\/figure><\/div><p> Ora qui dobbiamo usare una formula per cambiare i valori negativi in zeri. Quindi in questo tutorial esamineremo tutti i diversi modi per scrivere una formula per convertire i numeri negativi in zeri.<\/p><h2 id=\"convert-negative-numbers-using-if\" class=\"wp-block-heading\"> Converti i numeri negativi usando SE<\/h2><p> Il primo metodo consiste nell&#8217;utilizzare la funzione SE che consente di creare una condizione per verificare se un numero \u00e8 negativo e quindi convertire quel numero in zero. <\/p><div class=\"wp-block-image\"><figure class=\"aligncenter size-full is-resized\"><img loading=\"lazy\" decoding=\"async\" class=\"wp-image-64145\" src=\"https:\/\/exceladvisor.org\/wp-content\/uploads\/2023\/08\/convertir-un-nombre-negatif.png\" sizes=\"auto, \" srcset=\"\" alt=\"convertire-numero-negativo\" width=\"372\" height=\"293\"><\/figure><\/div><p> Utilizzare i seguenti passaggi.<\/p><ol type=\"1\"><li> Immettere la funzione SE nella cella C2.<\/li><li> Specificare la formula di sottrazione per la cella A1 da B1.<\/li><li> Utilizza il segno maggiore con lo zero per creare una condizione.<\/li><li> Per value_if_true, specificare zero.<\/li><li> E per value_if_false, inserisci la sottrazione che hai formulato nella condizione.<\/li><li> Inserisci le parentesi di chiusura e premi Invio per ottenere il risultato.<\/li><\/ol><p> Seguendo i passaggi precedenti, hai scritto una formula che sottrae due valori e verifica il risultato. Se il risultato \u00e8 un numero negativo, converti quel numero negativo in zero o nel risultato normale. <\/p><pre class=\"wp-block-code\"> <code class=\"language-excel-formula\" lang=\"excel-formula\">=IF(A2-B2&lt;0,0,A2-B2)<\/code><\/pre><h2 id=\"change-negative-numbers-into-a-zero-with-max-function\" class=\"wp-block-heading\"> Cambia i numeri negativi in zero con la funzione MAX<\/h2><p> Puoi anche utilizzare la funzione MAX per modificare un numero negativo in zero. Prendiamo lo stesso esempio. <\/p><div class=\"wp-block-image\"><figure class=\"aligncenter size-full is-resized\"><img loading=\"lazy\" decoding=\"async\" class=\"wp-image-64147\" src=\"https:\/\/exceladvisor.org\/wp-content\/uploads\/2023\/08\/3-changer-les-nombres-negatifs-en-zero.png\" sizes=\"auto, \" srcset=\"\" alt=\"cambia-numeri-negativi-a-zero\" width=\"401\" height=\"321\"><\/figure><\/div><pre class=\"wp-block-code\"> <code class=\"language-excel-formula\" lang=\"excel-formula\">=MAX(A2-B2,0)<\/code><\/pre><p> Nella formula precedente, hai utilizzato la funzione max in cui un argomento \u00e8 la formula per sottrarre A2 da B2 e il secondo \u00e8 uno zero.<\/p><p> Capiamolo in questo modo, la funzione max restituisce i valori massimi da pi\u00f9 valori. Quando il risultato della sottrazione \u00e8 un numero positivo, restituisce quel numero, ma se il risultato \u00e8 un numero negativo, restituisce zero.<\/p><h2 id=\"show-a-zero-for-negative-number\" class=\"wp-block-heading\"> Mostra uno zero per un numero negativo<\/h2><p> Puoi anche utilizzare la formattazione personalizzata per visualizzare uno zero per un numero negativo. Utilizzare i passaggi seguenti per applicarlo.<\/p><ol type=\"1\"><li> Seleziona una cella o un intervallo di celle.<\/li><li> Premi il tasto di scelta rapida Control + 1 (Command +1 se utilizzi Mac) per aprire la finestra di dialogo Formato celle.<\/li><li> Fare clic sull&#8217;opzione personalizzata e inserire 0; \u201c0\u201d; 0 nella casella di input.<\/li><li> Fare clic su OK per applicare le impostazioni. <\/li><\/ol><div class=\"wp-block-image\"><figure class=\"aligncenter size-full is-resized\"><img loading=\"lazy\" decoding=\"async\" class=\"wp-image-64148\" src=\"https:\/\/exceladvisor.org\/wp-content\/uploads\/2023\/08\/4-zero-pour-les-nombres-negatifs.png\" sizes=\"auto, \" srcset=\"\" alt=\"zero per i numeri negativi\" width=\"535\" height=\"324\"><\/figure><\/div><p> Questo metodo non modificher\u00e0 il valore ma la formattazione. Il valore originale rimarr\u00e0 intatto. <\/p><div class=\"gb-container gb-container-52dfcee1 gb-container-sample-file\"><h2 class=\"gb-headline gb-headline-e289c143 gb-headline-text gb-headline-4f7959c2\"> Ottieni il file Excel<\/h2> <a class=\"gb-button gb-button-e88d6bee gb-button-text gb-button-button1\" href=\"https:\/\/exceladvisor.org\/wp-content\/uploads\/2023\/08\/si-negatif-alors-zero-2.xlsx\" rel=\"nofollow\">Scaricamento<\/a><\/div><div class=\"gb-container gb-container-0df56012 gb-container-mt\"> <a class=\"gb-button gb-button-f9f432f4 gb-button-text gb-button-mt-button\" href=\"https:\/\/exceladvisor.org\/it\/formule\/\">Elenco delle formule di Excel<\/a><h2 class=\"gb-headline gb-headline-233444e8 gb-headline-text gb-headline-mt-heading\"> Formule correlate <\/h2><div class=\"gb-grid-wrapper gb-grid-wrapper-a16fa65c gb-grid-wrapper-mt-grid\"><div class=\"gb-grid-column gb-grid-column-50d07e0d\"><div class=\"gb-container gb-container-50d07e0d\"><ul><li> <a href=\"https:\/\/exceladvisor.org\/it\/se-zero-allora-vuoto\/\">Controlla IF 0 (zero), quindi vuoto in Excel<\/a><\/li><li> <a href=\"https:\/\/exceladvisor.org\/it\/controlla-se-esiste-un-valore-in-un-intervallo\/\">Controlla se esiste un valore in un intervallo in Excel<\/a><\/li><li> <a href=\"https:\/\/exceladvisor.org\/it\/se-e-1\/\">Combina le funzioni SE e AND in Excel<\/a><\/li><li> <a href=\"https:\/\/exceladvisor.org\/it\/se-o-1\/\">Combina le funzioni SE e OR in Excel<\/a><\/li><li> <a href=\"https:\/\/exceladvisor.org\/it\/se-la-cella-e-vuota\/\">SE la cella \u00e8 vuota (vuota) utilizzando SE + ISBLANK in Excel<\/a> <\/li><\/ul><\/div><\/div><div class=\"gb-grid-column gb-grid-column-5b4a0cf9\"><div class=\"gb-container gb-container-5b4a0cf9\"><\/div><\/div><\/div><\/div>","protected":false},"excerpt":{"rendered":"","protected":false},"author":1,"featured_media":0,"parent":0,"menu_order":0,"comment_status":"open","ping_status":"closed","template":"","meta":{"ub_ctt_via":"","footnotes":""},"class_list":["post-1608","page","type-page","status-publish","hentry"],"featured_image_src":null,"yoast_head":"<!-- This site is optimized with the Yoast SEO plugin v25.4 - https:\/\/yoast.com\/wordpress\/plugins\/seo\/ -->\n<title>Come azzerare i valori negativi in Excel?<\/title>\n<meta name=\"description\" content=\"In questo tutorial sulle formule, impareremo come utilizzare la funzione SE per creare una formula che restituir\u00e0 zero se un valore \u00e8\" \/>\n<meta name=\"robots\" content=\"index, follow, max-snippet:-1, max-image-preview:large, max-video-preview:-1\" \/>\n<link rel=\"canonical\" href=\"https:\/\/exceladvisor.org\/it\/se-negativo-allora-zero\/\" \/>\n<meta property=\"og:locale\" content=\"it_IT\" \/>\n<meta property=\"og:type\" content=\"article\" \/>\n<meta property=\"og:title\" content=\"Come azzerare i valori negativi in Excel?\" \/>\n<meta property=\"og:description\" content=\"In questo tutorial sulle formule, impareremo come utilizzare la funzione SE per creare una formula che restituir\u00e0 zero se un valore \u00e8\" \/>\n<meta property=\"og:url\" content=\"https:\/\/exceladvisor.org\/it\/se-negativo-allora-zero\/\" \/>\n<meta property=\"og:site_name\" content=\"Excel Advisor\" \/>\n<meta property=\"article:modified_time\" content=\"2023-12-10T06:21:04+00:00\" \/>\n<meta property=\"og:image\" content=\"https:\/\/exceladvisor.org\/wp-content\/uploads\/2023\/08\/1-tableau-avec-des-valeurs-negatives.png\" \/>\n<meta name=\"twitter:card\" content=\"summary_large_image\" \/>\n<meta name=\"twitter:label1\" content=\"Tempo di lettura stimato\" \/>\n\t<meta name=\"twitter:data1\" content=\"2 minuti\" \/>\n<script type=\"application\/ld+json\" class=\"yoast-schema-graph\">{\"@context\":\"https:\/\/schema.org\",\"@graph\":[{\"@type\":\"WebPage\",\"@id\":\"https:\/\/exceladvisor.org\/it\/se-negativo-allora-zero\/\",\"url\":\"https:\/\/exceladvisor.org\/it\/se-negativo-allora-zero\/\",\"name\":\"Come azzerare i valori negativi in Excel?\",\"isPartOf\":{\"@id\":\"https:\/\/exceladvisor.org\/it\/#website\"},\"primaryImageOfPage\":{\"@id\":\"https:\/\/exceladvisor.org\/it\/se-negativo-allora-zero\/#primaryimage\"},\"image\":{\"@id\":\"https:\/\/exceladvisor.org\/it\/se-negativo-allora-zero\/#primaryimage\"},\"thumbnailUrl\":\"https:\/\/exceladvisor.org\/wp-content\/uploads\/2023\/08\/1-tableau-avec-des-valeurs-negatives.png\",\"datePublished\":\"2023-11-15T11:48:49+00:00\",\"dateModified\":\"2023-12-10T06:21:04+00:00\",\"description\":\"In questo tutorial sulle formule, impareremo come utilizzare la funzione SE per creare una formula che restituir\u00e0 zero se un valore \u00e8\",\"breadcrumb\":{\"@id\":\"https:\/\/exceladvisor.org\/it\/se-negativo-allora-zero\/#breadcrumb\"},\"inLanguage\":\"it-IT\",\"potentialAction\":[{\"@type\":\"ReadAction\",\"target\":[\"https:\/\/exceladvisor.org\/it\/se-negativo-allora-zero\/\"]}]},{\"@type\":\"ImageObject\",\"inLanguage\":\"it-IT\",\"@id\":\"https:\/\/exceladvisor.org\/it\/se-negativo-allora-zero\/#primaryimage\",\"url\":\"https:\/\/exceladvisor.org\/wp-content\/uploads\/2023\/08\/1-tableau-avec-des-valeurs-negatives.png\",\"contentUrl\":\"https:\/\/exceladvisor.org\/wp-content\/uploads\/2023\/08\/1-tableau-avec-des-valeurs-negatives.png\"},{\"@type\":\"BreadcrumbList\",\"@id\":\"https:\/\/exceladvisor.org\/it\/se-negativo-allora-zero\/#breadcrumb\",\"itemListElement\":[{\"@type\":\"ListItem\",\"position\":1,\"name\":\"Home\",\"item\":\"https:\/\/exceladvisor.org\/it\/\"},{\"@type\":\"ListItem\",\"position\":2,\"name\":\"Come azzerare i valori negativi in excel?\"}]},{\"@type\":\"WebSite\",\"@id\":\"https:\/\/exceladvisor.org\/it\/#website\",\"url\":\"https:\/\/exceladvisor.org\/it\/\",\"name\":\"Excel Advisor\",\"description\":\"Tips, Tricks, and Time-Saving Hacks\",\"publisher\":{\"@id\":\"https:\/\/exceladvisor.org\/it\/#organization\"},\"potentialAction\":[{\"@type\":\"SearchAction\",\"target\":{\"@type\":\"EntryPoint\",\"urlTemplate\":\"https:\/\/exceladvisor.org\/it\/?s={search_term_string}\"},\"query-input\":{\"@type\":\"PropertyValueSpecification\",\"valueRequired\":true,\"valueName\":\"search_term_string\"}}],\"inLanguage\":\"it-IT\"},{\"@type\":\"Organization\",\"@id\":\"https:\/\/exceladvisor.org\/it\/#organization\",\"name\":\"Excel Advisor\",\"url\":\"https:\/\/exceladvisor.org\/it\/\",\"logo\":{\"@type\":\"ImageObject\",\"inLanguage\":\"it-IT\",\"@id\":\"https:\/\/exceladvisor.org\/it\/#\/schema\/logo\/image\/\",\"url\":\"https:\/\/exceladvisor.org\/it\/wp-content\/uploads\/2023\/12\/exceladvisor.org_.png\",\"contentUrl\":\"https:\/\/exceladvisor.org\/it\/wp-content\/uploads\/2023\/12\/exceladvisor.org_.png\",\"width\":105,\"height\":36,\"caption\":\"Excel Advisor\"},\"image\":{\"@id\":\"https:\/\/exceladvisor.org\/it\/#\/schema\/logo\/image\/\"}}]}<\/script>\n<!-- \/ Yoast SEO plugin. -->","yoast_head_json":{"title":"Come azzerare i valori negativi in Excel?","description":"In questo tutorial sulle formule, impareremo come utilizzare la funzione SE per creare una formula che restituir\u00e0 zero se un valore \u00e8","robots":{"index":"index","follow":"follow","max-snippet":"max-snippet:-1","max-image-preview":"max-image-preview:large","max-video-preview":"max-video-preview:-1"},"canonical":"https:\/\/exceladvisor.org\/it\/se-negativo-allora-zero\/","og_locale":"it_IT","og_type":"article","og_title":"Come azzerare i valori negativi in Excel?","og_description":"In questo tutorial sulle formule, impareremo come utilizzare la funzione SE per creare una formula che restituir\u00e0 zero se un valore \u00e8","og_url":"https:\/\/exceladvisor.org\/it\/se-negativo-allora-zero\/","og_site_name":"Excel Advisor","article_modified_time":"2023-12-10T06:21:04+00:00","og_image":[{"url":"https:\/\/exceladvisor.org\/wp-content\/uploads\/2023\/08\/1-tableau-avec-des-valeurs-negatives.png","type":"","width":"","height":""}],"twitter_card":"summary_large_image","twitter_misc":{"Tempo di lettura stimato":"2 minuti"},"schema":{"@context":"https:\/\/schema.org","@graph":[{"@type":"WebPage","@id":"https:\/\/exceladvisor.org\/it\/se-negativo-allora-zero\/","url":"https:\/\/exceladvisor.org\/it\/se-negativo-allora-zero\/","name":"Come azzerare i valori negativi in Excel?","isPartOf":{"@id":"https:\/\/exceladvisor.org\/it\/#website"},"primaryImageOfPage":{"@id":"https:\/\/exceladvisor.org\/it\/se-negativo-allora-zero\/#primaryimage"},"image":{"@id":"https:\/\/exceladvisor.org\/it\/se-negativo-allora-zero\/#primaryimage"},"thumbnailUrl":"https:\/\/exceladvisor.org\/wp-content\/uploads\/2023\/08\/1-tableau-avec-des-valeurs-negatives.png","datePublished":"2023-11-15T11:48:49+00:00","dateModified":"2023-12-10T06:21:04+00:00","description":"In questo tutorial sulle formule, impareremo come utilizzare la funzione SE per creare una formula che restituir\u00e0 zero se un valore \u00e8","breadcrumb":{"@id":"https:\/\/exceladvisor.org\/it\/se-negativo-allora-zero\/#breadcrumb"},"inLanguage":"it-IT","potentialAction":[{"@type":"ReadAction","target":["https:\/\/exceladvisor.org\/it\/se-negativo-allora-zero\/"]}]},{"@type":"ImageObject","inLanguage":"it-IT","@id":"https:\/\/exceladvisor.org\/it\/se-negativo-allora-zero\/#primaryimage","url":"https:\/\/exceladvisor.org\/wp-content\/uploads\/2023\/08\/1-tableau-avec-des-valeurs-negatives.png","contentUrl":"https:\/\/exceladvisor.org\/wp-content\/uploads\/2023\/08\/1-tableau-avec-des-valeurs-negatives.png"},{"@type":"BreadcrumbList","@id":"https:\/\/exceladvisor.org\/it\/se-negativo-allora-zero\/#breadcrumb","itemListElement":[{"@type":"ListItem","position":1,"name":"Home","item":"https:\/\/exceladvisor.org\/it\/"},{"@type":"ListItem","position":2,"name":"Come azzerare i valori negativi in excel?"}]},{"@type":"WebSite","@id":"https:\/\/exceladvisor.org\/it\/#website","url":"https:\/\/exceladvisor.org\/it\/","name":"Excel Advisor","description":"Tips, Tricks, and Time-Saving Hacks","publisher":{"@id":"https:\/\/exceladvisor.org\/it\/#organization"},"potentialAction":[{"@type":"SearchAction","target":{"@type":"EntryPoint","urlTemplate":"https:\/\/exceladvisor.org\/it\/?s={search_term_string}"},"query-input":{"@type":"PropertyValueSpecification","valueRequired":true,"valueName":"search_term_string"}}],"inLanguage":"it-IT"},{"@type":"Organization","@id":"https:\/\/exceladvisor.org\/it\/#organization","name":"Excel Advisor","url":"https:\/\/exceladvisor.org\/it\/","logo":{"@type":"ImageObject","inLanguage":"it-IT","@id":"https:\/\/exceladvisor.org\/it\/#\/schema\/logo\/image\/","url":"https:\/\/exceladvisor.org\/it\/wp-content\/uploads\/2023\/12\/exceladvisor.org_.png","contentUrl":"https:\/\/exceladvisor.org\/it\/wp-content\/uploads\/2023\/12\/exceladvisor.org_.png","width":105,"height":36,"caption":"Excel Advisor"},"image":{"@id":"https:\/\/exceladvisor.org\/it\/#\/schema\/logo\/image\/"}}]}},"yoast_meta":{"yoast_wpseo_title":"","yoast_wpseo_metadesc":"","yoast_wpseo_canonical":""},"_links":{"self":[{"href":"https:\/\/exceladvisor.org\/it\/wp-json\/wp\/v2\/pages\/1608","targetHints":{"allow":["GET"]}}],"collection":[{"href":"https:\/\/exceladvisor.org\/it\/wp-json\/wp\/v2\/pages"}],"about":[{"href":"https:\/\/exceladvisor.org\/it\/wp-json\/wp\/v2\/types\/page"}],"author":[{"embeddable":true,"href":"https:\/\/exceladvisor.org\/it\/wp-json\/wp\/v2\/users\/1"}],"replies":[{"embeddable":true,"href":"https:\/\/exceladvisor.org\/it\/wp-json\/wp\/v2\/comments?post=1608"}],"version-history":[{"count":1,"href":"https:\/\/exceladvisor.org\/it\/wp-json\/wp\/v2\/pages\/1608\/revisions"}],"predecessor-version":[{"id":2339,"href":"https:\/\/exceladvisor.org\/it\/wp-json\/wp\/v2\/pages\/1608\/revisions\/2339"}],"wp:attachment":[{"href":"https:\/\/exceladvisor.org\/it\/wp-json\/wp\/v2\/media?parent=1608"}],"curies":[{"name":"wp","href":"https:\/\/api.w.org\/{rel}","templated":true}]}}