{"id":1609,"date":"2023-11-15T11:37:07","date_gmt":"2023-11-15T11:37:07","guid":{"rendered":"https:\/\/exceladvisor.org\/it\/riferimento-3d\/"},"modified":"2023-12-10T06:23:24","modified_gmt":"2023-12-10T06:23:24","slug":"riferimento-3d","status":"publish","type":"page","link":"https:\/\/exceladvisor.org\/it\/riferimento-3d\/","title":{"rendered":"Come creare un riferimento 3d in excel?"},"content":{"rendered":"<div class=\"excel-prima-del-contenuto\" id=\"excel-1717731956\"><script type=\"text\/javascript\">\r\n\tatOptions = {\r\n\t\t'key' : 'c1158f160081d6540a8409e6925dab94',\r\n\t\t'format' : 'iframe',\r\n\t\t'height' : 250,\r\n\t\t'width' : 300,\r\n\t\t'params' : {}\r\n\t};\r\n<\/script>\r\n<script type=\"text\/javascript\" src=\"\/\/www.highperformanceformat.com\/c1158f160081d6540a8409e6925dab94\/invoke.js\"><\/script><\/div> <p>Vogliamo tutti risparmiare tempo. Inoltre, l&#8217;utilizzo di Riferimento 3D in Excel pu\u00f2 far risparmiare molto tempo.<\/p><p> \u00c8 come un grafico o un&#8217;immagine tridimensionale con pi\u00f9 di una fase. <span style=\"font-size: 1em;\">Un intervallo normale riguarda un gruppo di celle su un singolo foglio di lavoro.<\/span><\/p><p> Ad esempio, in =SUM(Foglio1!A1:A10), &#8220;A1:A10&#8221; \u00e8 un gruppo di celle a cui fa riferimento Foglio1.<\/p><p> Tuttavia, un riferimento 3D \u00e8 un intervallo di celle in cui \u00e8 possibile fare riferimento alle stesse celle da pi\u00f9 fogli di lavoro utilizzando un unico riferimento. In termini semplici, fare riferimento alla stessa cella o intervallo su pi\u00f9 fogli.<\/p><h2 id=\"h-create-a-3d-reference\" class=\"wp-block-heading\"> Crea un riferimento 3D<\/h2><p> L&#8217;unica cosa di cui devi occuparti prima di utilizzare un riferimento 3D \u00e8 che tutti i fogli di lavoro devono essere in sequenza. Lascia che ti mostri un esempio. <\/p><div class=\"wp-block-image\"><figure class=\"aligncenter\"><img decoding=\"async\" src=\"https:\/\/exceladvisor.org\/wp-content\/uploads\/2023\/08\/Ajouter-des-feuilles-de-calcul-pour-utiliser-la-plage-Excel-3D.png\" sizes=\"\" srcset=\"\" alt=\"Aggiungi fogli di lavoro per utilizzare la gamma 3D di Excel\"><\/figure><\/div><p> Ora qui hai 5 fogli di lavoro in una cartella di lavoro. Quindi, se vuoi calcolare la somma dell&#8217;intervallo C5:D6 da tutti e 5 i fogli di lavoro, devi utilizzare una formula come quella seguente.<\/p><pre class=\"wp-block-code\"> <code class=\"language-excel-formula\" lang=\"excel-formula\">=('2009'!A1:A10,'2010'!A1:A10,'2011'!A1:A10,'2012'!A1:A10,'2013'!A1:A10)<\/code><\/pre><p> Ma se vuoi creare una formula 3D con un riferimento 3D, sar\u00e0 qualcosa del genere.<\/p><pre class=\"wp-block-code\"> <code class=\"language-excel-formula\" lang=\"excel-formula\">=SUM('2009:2013'!A1:A10)<\/code><\/pre><h2 id=\"h-how-3d-reference-works-in-excel\" class=\"wp-block-heading\"> Come funziona il riferimento 3D in Excel<\/h2><p> Una formula di gamma 3D funziona sempre in due parti diverse. <\/p><div class=\"wp-block-image\"><figure class=\"aligncenter\"><img decoding=\"async\" src=\"https:\/\/exceladvisor.org\/wp-content\/uploads\/2023\/08\/Comment-fonctionne-la-gamme-Excel-3D-1.png\" sizes=\"\" srcset=\"\" alt=\"Come funziona la gamma 3D di Excel\"><\/figure><\/div><ul><li> <strong>Primo:<\/strong> un intervallo di fogli di lavoro: come un intervallo di celle, \u00e8 necessario creare un intervallo di fogli di lavoro da cui si desidera fare riferimento alle celle. L&#8217;intervallo del foglio di lavoro deve essere un intervallo continuo. Nell&#8217;esempio sopra, ho 5 fogli di calcolo dal 2009 al 2013.<\/li><li> <strong>Secondo<\/strong> : un intervallo di celle. Un intervallo normale di celle a cui <span style=\"font-size: revert;\">vuoi fare riferimento in tutti i fogli di lavoro.<\/span><\/li><\/ul><h2 id=\"h-adding-a-new-worksheet\" class=\"wp-block-heading\"> Aggiunta di un nuovo foglio di calcolo<\/h2><p> Supponiamo che tu inserisci un foglio di lavoro tra il 2009 e il 2013. Includer\u00e0 automaticamente il valore dell&#8217;intervallo A1: A10 dal nuovo foglio nella funzione che utilizzi. <\/p><div class=\"wp-block-image\"><figure class=\"aligncenter\"><img decoding=\"async\" src=\"https:\/\/exceladvisor.org\/wp-content\/uploads\/2023\/08\/Comment-creer-une-plage-3D5-1.png\" sizes=\"\" srcset=\"\" alt=\"ulteriori informazioni sull'aggiunta di nuovi fogli di lavoro alla gamma 3d\"><\/figure><\/div><h2 id=\"h-deleting-a-worksheet\" class=\"wp-block-heading\"> Eliminazione di un foglio di calcolo:<\/h2><p> Se elimini un foglio di lavoro dal 2009 al 2013, questo escluder\u00e0 automaticamente il valore nella cella C4 dalla funzione che stai utilizzando.<\/p><h2 id=\"h-the-sequence-of-worksheets\" class=\"wp-block-heading\"> La sequenza del foglio di lavoro:<\/h2><p> In questo esempio, l&#8217;intervallo del foglio di lavoro inizia da &#8220;Foglio 2009&#8221; e termina con &#8220;Foglio 2013&#8221;. Il punto \u00e8 che se sposti un foglio fuori da questo intervallo, quel foglio verr\u00e0 escluso dal calcolo della formula.<\/p><h2 id=\"h-conclusion\" class=\"wp-block-heading\"> Conclusione<\/h2><p> Uno dei vantaggi pi\u00f9 importanti dei riferimenti 3D \u00e8 che possono abbreviare le formule complesse. Non \u00e8 necessario fare riferimento a tutti i fogli di lavoro separatamente nelle formule. E spero che questo metodo ti aiuti a scrivere formule migliori.<\/p><p> Ora dimmi una cosa. Lo hai mai provato prima? Per favore condividi i tuoi pensieri con me nella sezione commenti, mi piacerebbe sentire la tua opinione. E non dimenticare di condividere con i tuoi amici. <\/p><div class=\"gb-container gb-container-bafb25cc gb-container-download-2\"><div class=\"gb-grid-wrapper gb-grid-wrapper-91201309\"><div class=\"gb-grid-column gb-grid-column-15a917ef\"><div class=\"gb-container gb-container-15a917ef\"><h2 class=\"gb-headline gb-headline-f2deb261 gb-headline-text gb-headline-download-2\"> Ottieni il file Excel <\/h2><\/div><\/div><div class=\"gb-grid-column gb-grid-column-18357188\"><div class=\"gb-container gb-container-18357188\"><div class=\"gb-container gb-container-76cbe15e\"> <a class=\"gb-button gb-button-cb63d00a gb-button-text gb-button-download-2\" href=\"https:\/\/exceladvisor.org\/wp-content\/uploads\/2023\/08\/gamme-3d.xlsx\" rel=\"nofollow\">Scaricamento<\/a><\/div><\/div><\/div><\/div><\/div><div class=\"gb-container gb-container-0df56012 gb-container-mt\"> <a class=\"gb-button gb-button-f9f432f4 gb-button-text gb-button-mt-button\" href=\"https:\/\/exceladvisor.org\/it\/formule\/\">Elenco delle formule di Excel<\/a><h2 class=\"gb-headline gb-headline-233444e8 gb-headline-text gb-headline-mt-heading\"> Formule correlate <\/h2><div class=\"gb-grid-wrapper gb-grid-wrapper-a16fa65c gb-grid-wrapper-mt-grid\"><div class=\"gb-grid-column gb-grid-column-50d07e0d\"><div class=\"gb-container gb-container-50d07e0d\"><ul><li> <a href=\"https:\/\/exceladvisor.org\/it\/caratteri-jolly-2\/\">Caratteri jolly in Excel<\/a><\/li><li> <a href=\"https:\/\/exceladvisor.org\/it\/nascondi-la-formula\/\">Nascondi la formula in Excel<\/a><\/li><li> <a href=\"https:\/\/exceladvisor.org\/it\/r1c1\/\">Stile di riferimento R1C1 in Excel<\/a> <\/li><\/ul><\/div><\/div><div class=\"gb-grid-column gb-grid-column-5b4a0cf9\"><div class=\"gb-container gb-container-5b4a0cf9\"><\/div><\/div><\/div><\/div>","protected":false},"excerpt":{"rendered":"","protected":false},"author":1,"featured_media":0,"parent":0,"menu_order":0,"comment_status":"open","ping_status":"closed","template":"","meta":{"ub_ctt_via":"","footnotes":""},"class_list":["post-1609","page","type-page","status-publish","hentry"],"featured_image_src":null,"yoast_head":"<!-- This site is optimized with the Yoast SEO plugin v25.4 - https:\/\/yoast.com\/wordpress\/plugins\/seo\/ -->\n<title>Come creare un riferimento 3D in Excel? (Tutorial 2023)<\/title>\n<meta name=\"description\" content=\"Con il riferimento Excel 3D, puoi fare riferimento allo stesso intervallo di celle da fogli di lavoro diversi. Esso pu\u00f2\" \/>\n<meta name=\"robots\" content=\"index, follow, max-snippet:-1, max-image-preview:large, max-video-preview:-1\" \/>\n<link rel=\"canonical\" href=\"https:\/\/exceladvisor.org\/it\/riferimento-3d\/\" \/>\n<meta property=\"og:locale\" content=\"it_IT\" \/>\n<meta property=\"og:type\" content=\"article\" \/>\n<meta property=\"og:title\" content=\"Come creare un riferimento 3D in Excel? (Tutorial 2023)\" \/>\n<meta property=\"og:description\" content=\"Con il riferimento Excel 3D, puoi fare riferimento allo stesso intervallo di celle da fogli di lavoro diversi. Esso pu\u00f2\" \/>\n<meta property=\"og:url\" content=\"https:\/\/exceladvisor.org\/it\/riferimento-3d\/\" \/>\n<meta property=\"og:site_name\" content=\"Excel Advisor\" \/>\n<meta property=\"article:modified_time\" content=\"2023-12-10T06:23:24+00:00\" \/>\n<meta property=\"og:image\" content=\"https:\/\/exceladvisor.org\/wp-content\/uploads\/2023\/08\/Ajouter-des-feuilles-de-calcul-pour-utiliser-la-plage-Excel-3D.png\" \/>\n<meta name=\"twitter:card\" content=\"summary_large_image\" \/>\n<meta name=\"twitter:label1\" content=\"Tempo di lettura stimato\" \/>\n\t<meta name=\"twitter:data1\" content=\"2 minuti\" \/>\n<script type=\"application\/ld+json\" class=\"yoast-schema-graph\">{\"@context\":\"https:\/\/schema.org\",\"@graph\":[{\"@type\":\"WebPage\",\"@id\":\"https:\/\/exceladvisor.org\/it\/riferimento-3d\/\",\"url\":\"https:\/\/exceladvisor.org\/it\/riferimento-3d\/\",\"name\":\"Come creare un riferimento 3D in Excel? (Tutorial 2023)\",\"isPartOf\":{\"@id\":\"https:\/\/exceladvisor.org\/it\/#website\"},\"primaryImageOfPage\":{\"@id\":\"https:\/\/exceladvisor.org\/it\/riferimento-3d\/#primaryimage\"},\"image\":{\"@id\":\"https:\/\/exceladvisor.org\/it\/riferimento-3d\/#primaryimage\"},\"thumbnailUrl\":\"https:\/\/exceladvisor.org\/wp-content\/uploads\/2023\/08\/Ajouter-des-feuilles-de-calcul-pour-utiliser-la-plage-Excel-3D.png\",\"datePublished\":\"2023-11-15T11:37:07+00:00\",\"dateModified\":\"2023-12-10T06:23:24+00:00\",\"description\":\"Con il riferimento Excel 3D, puoi fare riferimento allo stesso intervallo di celle da fogli di lavoro diversi. Esso pu\u00f2\",\"breadcrumb\":{\"@id\":\"https:\/\/exceladvisor.org\/it\/riferimento-3d\/#breadcrumb\"},\"inLanguage\":\"it-IT\",\"potentialAction\":[{\"@type\":\"ReadAction\",\"target\":[\"https:\/\/exceladvisor.org\/it\/riferimento-3d\/\"]}]},{\"@type\":\"ImageObject\",\"inLanguage\":\"it-IT\",\"@id\":\"https:\/\/exceladvisor.org\/it\/riferimento-3d\/#primaryimage\",\"url\":\"https:\/\/exceladvisor.org\/wp-content\/uploads\/2023\/08\/Ajouter-des-feuilles-de-calcul-pour-utiliser-la-plage-Excel-3D.png\",\"contentUrl\":\"https:\/\/exceladvisor.org\/wp-content\/uploads\/2023\/08\/Ajouter-des-feuilles-de-calcul-pour-utiliser-la-plage-Excel-3D.png\"},{\"@type\":\"BreadcrumbList\",\"@id\":\"https:\/\/exceladvisor.org\/it\/riferimento-3d\/#breadcrumb\",\"itemListElement\":[{\"@type\":\"ListItem\",\"position\":1,\"name\":\"Home\",\"item\":\"https:\/\/exceladvisor.org\/it\/\"},{\"@type\":\"ListItem\",\"position\":2,\"name\":\"Come creare un riferimento 3d in excel?\"}]},{\"@type\":\"WebSite\",\"@id\":\"https:\/\/exceladvisor.org\/it\/#website\",\"url\":\"https:\/\/exceladvisor.org\/it\/\",\"name\":\"Excel Advisor\",\"description\":\"Tips, Tricks, and Time-Saving Hacks\",\"publisher\":{\"@id\":\"https:\/\/exceladvisor.org\/it\/#organization\"},\"potentialAction\":[{\"@type\":\"SearchAction\",\"target\":{\"@type\":\"EntryPoint\",\"urlTemplate\":\"https:\/\/exceladvisor.org\/it\/?s={search_term_string}\"},\"query-input\":{\"@type\":\"PropertyValueSpecification\",\"valueRequired\":true,\"valueName\":\"search_term_string\"}}],\"inLanguage\":\"it-IT\"},{\"@type\":\"Organization\",\"@id\":\"https:\/\/exceladvisor.org\/it\/#organization\",\"name\":\"Excel Advisor\",\"url\":\"https:\/\/exceladvisor.org\/it\/\",\"logo\":{\"@type\":\"ImageObject\",\"inLanguage\":\"it-IT\",\"@id\":\"https:\/\/exceladvisor.org\/it\/#\/schema\/logo\/image\/\",\"url\":\"https:\/\/exceladvisor.org\/it\/wp-content\/uploads\/2023\/12\/exceladvisor.org_.png\",\"contentUrl\":\"https:\/\/exceladvisor.org\/it\/wp-content\/uploads\/2023\/12\/exceladvisor.org_.png\",\"width\":105,\"height\":36,\"caption\":\"Excel Advisor\"},\"image\":{\"@id\":\"https:\/\/exceladvisor.org\/it\/#\/schema\/logo\/image\/\"}}]}<\/script>\n<!-- \/ Yoast SEO plugin. -->","yoast_head_json":{"title":"Come creare un riferimento 3D in Excel? (Tutorial 2023)","description":"Con il riferimento Excel 3D, puoi fare riferimento allo stesso intervallo di celle da fogli di lavoro diversi. Esso pu\u00f2","robots":{"index":"index","follow":"follow","max-snippet":"max-snippet:-1","max-image-preview":"max-image-preview:large","max-video-preview":"max-video-preview:-1"},"canonical":"https:\/\/exceladvisor.org\/it\/riferimento-3d\/","og_locale":"it_IT","og_type":"article","og_title":"Come creare un riferimento 3D in Excel? (Tutorial 2023)","og_description":"Con il riferimento Excel 3D, puoi fare riferimento allo stesso intervallo di celle da fogli di lavoro diversi. Esso pu\u00f2","og_url":"https:\/\/exceladvisor.org\/it\/riferimento-3d\/","og_site_name":"Excel Advisor","article_modified_time":"2023-12-10T06:23:24+00:00","og_image":[{"url":"https:\/\/exceladvisor.org\/wp-content\/uploads\/2023\/08\/Ajouter-des-feuilles-de-calcul-pour-utiliser-la-plage-Excel-3D.png","type":"","width":"","height":""}],"twitter_card":"summary_large_image","twitter_misc":{"Tempo di lettura stimato":"2 minuti"},"schema":{"@context":"https:\/\/schema.org","@graph":[{"@type":"WebPage","@id":"https:\/\/exceladvisor.org\/it\/riferimento-3d\/","url":"https:\/\/exceladvisor.org\/it\/riferimento-3d\/","name":"Come creare un riferimento 3D in Excel? (Tutorial 2023)","isPartOf":{"@id":"https:\/\/exceladvisor.org\/it\/#website"},"primaryImageOfPage":{"@id":"https:\/\/exceladvisor.org\/it\/riferimento-3d\/#primaryimage"},"image":{"@id":"https:\/\/exceladvisor.org\/it\/riferimento-3d\/#primaryimage"},"thumbnailUrl":"https:\/\/exceladvisor.org\/wp-content\/uploads\/2023\/08\/Ajouter-des-feuilles-de-calcul-pour-utiliser-la-plage-Excel-3D.png","datePublished":"2023-11-15T11:37:07+00:00","dateModified":"2023-12-10T06:23:24+00:00","description":"Con il riferimento Excel 3D, puoi fare riferimento allo stesso intervallo di celle da fogli di lavoro diversi. Esso pu\u00f2","breadcrumb":{"@id":"https:\/\/exceladvisor.org\/it\/riferimento-3d\/#breadcrumb"},"inLanguage":"it-IT","potentialAction":[{"@type":"ReadAction","target":["https:\/\/exceladvisor.org\/it\/riferimento-3d\/"]}]},{"@type":"ImageObject","inLanguage":"it-IT","@id":"https:\/\/exceladvisor.org\/it\/riferimento-3d\/#primaryimage","url":"https:\/\/exceladvisor.org\/wp-content\/uploads\/2023\/08\/Ajouter-des-feuilles-de-calcul-pour-utiliser-la-plage-Excel-3D.png","contentUrl":"https:\/\/exceladvisor.org\/wp-content\/uploads\/2023\/08\/Ajouter-des-feuilles-de-calcul-pour-utiliser-la-plage-Excel-3D.png"},{"@type":"BreadcrumbList","@id":"https:\/\/exceladvisor.org\/it\/riferimento-3d\/#breadcrumb","itemListElement":[{"@type":"ListItem","position":1,"name":"Home","item":"https:\/\/exceladvisor.org\/it\/"},{"@type":"ListItem","position":2,"name":"Come creare un riferimento 3d in excel?"}]},{"@type":"WebSite","@id":"https:\/\/exceladvisor.org\/it\/#website","url":"https:\/\/exceladvisor.org\/it\/","name":"Excel Advisor","description":"Tips, Tricks, and Time-Saving Hacks","publisher":{"@id":"https:\/\/exceladvisor.org\/it\/#organization"},"potentialAction":[{"@type":"SearchAction","target":{"@type":"EntryPoint","urlTemplate":"https:\/\/exceladvisor.org\/it\/?s={search_term_string}"},"query-input":{"@type":"PropertyValueSpecification","valueRequired":true,"valueName":"search_term_string"}}],"inLanguage":"it-IT"},{"@type":"Organization","@id":"https:\/\/exceladvisor.org\/it\/#organization","name":"Excel Advisor","url":"https:\/\/exceladvisor.org\/it\/","logo":{"@type":"ImageObject","inLanguage":"it-IT","@id":"https:\/\/exceladvisor.org\/it\/#\/schema\/logo\/image\/","url":"https:\/\/exceladvisor.org\/it\/wp-content\/uploads\/2023\/12\/exceladvisor.org_.png","contentUrl":"https:\/\/exceladvisor.org\/it\/wp-content\/uploads\/2023\/12\/exceladvisor.org_.png","width":105,"height":36,"caption":"Excel Advisor"},"image":{"@id":"https:\/\/exceladvisor.org\/it\/#\/schema\/logo\/image\/"}}]}},"yoast_meta":{"yoast_wpseo_title":"","yoast_wpseo_metadesc":"","yoast_wpseo_canonical":""},"_links":{"self":[{"href":"https:\/\/exceladvisor.org\/it\/wp-json\/wp\/v2\/pages\/1609","targetHints":{"allow":["GET"]}}],"collection":[{"href":"https:\/\/exceladvisor.org\/it\/wp-json\/wp\/v2\/pages"}],"about":[{"href":"https:\/\/exceladvisor.org\/it\/wp-json\/wp\/v2\/types\/page"}],"author":[{"embeddable":true,"href":"https:\/\/exceladvisor.org\/it\/wp-json\/wp\/v2\/users\/1"}],"replies":[{"embeddable":true,"href":"https:\/\/exceladvisor.org\/it\/wp-json\/wp\/v2\/comments?post=1609"}],"version-history":[{"count":1,"href":"https:\/\/exceladvisor.org\/it\/wp-json\/wp\/v2\/pages\/1609\/revisions"}],"predecessor-version":[{"id":2516,"href":"https:\/\/exceladvisor.org\/it\/wp-json\/wp\/v2\/pages\/1609\/revisions\/2516"}],"wp:attachment":[{"href":"https:\/\/exceladvisor.org\/it\/wp-json\/wp\/v2\/media?parent=1609"}],"curies":[{"name":"wp","href":"https:\/\/api.w.org\/{rel}","templated":true}]}}