{"id":1611,"date":"2023-11-15T11:10:08","date_gmt":"2023-11-15T11:10:08","guid":{"rendered":"https:\/\/exceladvisor.org\/it\/ottenere-il-numero-del-giorno-dellanno\/"},"modified":"2023-12-10T06:23:17","modified_gmt":"2023-12-10T06:23:17","slug":"ottenere-il-numero-del-giorno-dellanno","status":"publish","type":"page","link":"https:\/\/exceladvisor.org\/it\/ottenere-il-numero-del-giorno-dellanno\/","title":{"rendered":"Come estrarre giorni da una data in excel?"},"content":{"rendered":"<div class=\"excel-prima-del-contenuto\" id=\"excel-2714125674\"><script type=\"text\/javascript\">\r\n\tatOptions = {\r\n\t\t'key' : 'c1158f160081d6540a8409e6925dab94',\r\n\t\t'format' : 'iframe',\r\n\t\t'height' : 250,\r\n\t\t'width' : 300,\r\n\t\t'params' : {}\r\n\t};\r\n<\/script>\r\n<script type=\"text\/javascript\" src=\"\/\/www.highperformanceformat.com\/c1158f160081d6540a8409e6925dab94\/invoke.js\"><\/script><\/div> <p>In un anno ci sono 365 o 366 giorni (anni bisestili). E in questo tutorial imparerai come ottenere il numero del giorno nell&#8217;anno per una data. Ci\u00f2 significa qual \u00e8 il numero di giorni in 365 o 366 giorni.<\/p><h2 class=\"wp-block-heading\"> Calcolare il numero di giorni per una data<\/h2><p> Per scrivere una formula per ottenere il numero del giorno, attenersi alla procedura seguente.<\/p><ol type=\"1\"><li> Fai riferimento alla cella A1 dove hai la data.<\/li><li> Ora digita il segno meno (-) e quindi inserisci la funzione data.<\/li><li> Nella funzione data, utilizzare ulteriormente la funzione anno, quindi fare riferimento alla cella A1.<\/li><li> Nel secondo argomento inserisci 1 e nell&#8217;ultimo argomento inserisci 0.<\/li><li> Immettere le parentesi di chiusura e premere Invio.<\/li><\/ol><pre class=\"wp-block-code\"> <code class=\"language-excel-formula\" lang=\"excel-formula\">=A1-DATE(YEAR(A1),1,0)<\/code><\/pre><p> Come puoi vedere, abbiamo il 2 aprile 2022 nella cella A1 e la formula che abbiamo utilizzato ha restituito 92 nel risultato. <\/p><div class=\"wp-block-image\"><figure class=\"aligncenter size-full is-resized\"><img loading=\"lazy\" decoding=\"async\" class=\"wp-image-64202\" src=\"https:\/\/exceladvisor.org\/wp-content\/uploads\/2023\/08\/1-calculer-date-numero-de-date.png\" sizes=\"auto, \" srcset=\"\" alt=\"calcolare-giorno-numero-di-data\" width=\"416\" height=\"250\"><\/figure><\/div><p> Ora capiamo questa formula. <\/p><div class=\"wp-block-image\"><figure class=\"aligncenter size-full is-resized\"><img loading=\"lazy\" decoding=\"async\" class=\"wp-image-64203\" src=\"https:\/\/exceladvisor.org\/wp-content\/uploads\/2023\/08\/2-formule-pour-obtenir-le-numero-de-date.png\" sizes=\"auto, \" srcset=\"\" alt=\"formula-per-ottenere-il-numero-del-giorno\" width=\"598\" height=\"217\"><\/figure><\/div><p> Nella prima parte abbiamo la funzione data che hai utilizzato che restituisce l&#8217;ultima data dell&#8217;anno precedente. Pertanto, poich\u00e9 abbiamo la data dell&#8217;anno 2022, la funzione data restituisce 31-dic-2021. <\/p><div class=\"wp-block-image\"><figure class=\"aligncenter size-full is-resized\"><img loading=\"lazy\" decoding=\"async\" class=\"wp-image-64204\" src=\"https:\/\/exceladvisor.org\/wp-content\/uploads\/2023\/08\/3-premiere-partie-de-la-formule-du-numero-de-date.png\" sizes=\"auto, \" srcset=\"\" alt=\"formula di numerazione per la prima parte della giornata\" width=\"522\" height=\"262\"><\/figure><\/div><p> Quando sottrai il 31 dicembre 2021 dal 2 aprile 2022 ottieni 92 nel risultato che \u00e8 il numero del giorno del 2 aprile 2022 dell&#8217;anno 2022.<\/p><p> C&#8217;\u00e8 un punto che devi ricordare che Excel memorizza una data come numero. Quando inserisci 1 in una cella e la formatti come data, Excel lo visualizza come 01-gen-1990.<\/p><p> Ora il numero per la data 2 aprile 2022 \u00e8 44653 e per il 31 dicembre 2021 \u00e8 44561 e la differenza tra i due numeri \u00e8 92. <\/p><div class=\"gb-container gb-container-52dfcee1 gb-container-sample-file\"><h2 class=\"gb-headline gb-headline-e289c143 gb-headline-text gb-headline-4f7959c2\"> Ottieni il file Excel<\/h2><p> <a class=\"gb-button gb-button-e88d6bee gb-button-text gb-button-button1\" href=\"https:\/\/exceladvisor.org\/wp-content\/uploads\/2023\/08\/obtenir-le-numero-du-jour.xlsx\" rel=\"nofollow\">Scaricamento<\/a><\/p><\/div><div class=\"gb-container gb-container-0df56012 gb-container-mt\"> <a class=\"gb-button gb-button-f9f432f4 gb-button-text gb-button-mt-button\" href=\"https:\/\/exceladvisor.org\/it\/formule\/\">Elenco delle formule di Excel<\/a><h2 class=\"gb-headline gb-headline-233444e8 gb-headline-text gb-headline-mt-heading\"> Formule correlate <\/h2><div class=\"gb-grid-wrapper gb-grid-wrapper-a16fa65c gb-grid-wrapper-mt-grid\"><div class=\"gb-grid-column gb-grid-column-50d07e0d\"><div class=\"gb-container gb-container-50d07e0d\"><ul><li> <a href=\"https:\/\/exceladvisor.org\/it\/aggiungere-anni-fino-ad-oggi\/\">Aggiungi anni fino ad oggi in Excel<\/a><\/li><li> <a href=\"https:\/\/exceladvisor.org\/it\/contare-gli-anni-tra-due-date\/\">Contare gli anni tra due date in Excel<\/a><\/li><li> <a href=\"https:\/\/exceladvisor.org\/it\/ottenere-2-anni-di-servizio\/\">Ottieni anni di servizio in Excel<\/a> <\/li><\/ul><\/div><\/div><div class=\"gb-grid-column gb-grid-column-5b4a0cf9\"><div class=\"gb-container gb-container-5b4a0cf9\"><ul><li> <a href=\"https:\/\/exceladvisor.org\/it\/anni-tra-le-date\/\">Anni tra le date in Excel<\/a><\/li><li> <a href=\"https:\/\/exceladvisor.org\/it\/estrarre-anno-mese\/\">Estrai (Ottieni) l&#8217;anno o il mese da una data in Excel<\/a><\/li><\/ul><\/div><\/div><\/div><\/div>","protected":false},"excerpt":{"rendered":"","protected":false},"author":1,"featured_media":0,"parent":0,"menu_order":0,"comment_status":"open","ping_status":"closed","template":"","meta":{"ub_ctt_via":"","footnotes":""},"class_list":["post-1611","page","type-page","status-publish","hentry"],"featured_image_src":null,"yoast_head":"<!-- This site is optimized with the Yoast SEO plugin v25.4 - https:\/\/yoast.com\/wordpress\/plugins\/seo\/ -->\n<title>Come estrarre giorni da una data in Excel? - Consulente Excel<\/title>\n<meta name=\"description\" content=\"In questo tutorial sulle formule di Excel imparerai come ottenere (estrarre) il numero del giorno di una data tra tutti i giorni di un\" \/>\n<meta name=\"robots\" content=\"index, follow, max-snippet:-1, max-image-preview:large, max-video-preview:-1\" \/>\n<link rel=\"canonical\" href=\"https:\/\/exceladvisor.org\/it\/ottenere-il-numero-del-giorno-dellanno\/\" \/>\n<meta property=\"og:locale\" content=\"it_IT\" \/>\n<meta property=\"og:type\" content=\"article\" \/>\n<meta property=\"og:title\" content=\"Come estrarre giorni da una data in Excel? - Consulente Excel\" \/>\n<meta property=\"og:description\" content=\"In questo tutorial sulle formule di Excel imparerai come ottenere (estrarre) il numero del giorno di una data tra tutti i giorni di un\" \/>\n<meta property=\"og:url\" content=\"https:\/\/exceladvisor.org\/it\/ottenere-il-numero-del-giorno-dellanno\/\" \/>\n<meta property=\"og:site_name\" content=\"Excel Advisor\" \/>\n<meta property=\"article:modified_time\" content=\"2023-12-10T06:23:17+00:00\" \/>\n<meta property=\"og:image\" content=\"https:\/\/exceladvisor.org\/wp-content\/uploads\/2023\/08\/1-calculer-date-numero-de-date.png\" \/>\n<meta name=\"twitter:card\" content=\"summary_large_image\" \/>\n<meta name=\"twitter:label1\" content=\"Tempo di lettura stimato\" \/>\n\t<meta name=\"twitter:data1\" content=\"1 minuto\" \/>\n<script type=\"application\/ld+json\" class=\"yoast-schema-graph\">{\"@context\":\"https:\/\/schema.org\",\"@graph\":[{\"@type\":\"WebPage\",\"@id\":\"https:\/\/exceladvisor.org\/it\/ottenere-il-numero-del-giorno-dellanno\/\",\"url\":\"https:\/\/exceladvisor.org\/it\/ottenere-il-numero-del-giorno-dellanno\/\",\"name\":\"Come estrarre giorni da una data in Excel? - Consulente Excel\",\"isPartOf\":{\"@id\":\"https:\/\/exceladvisor.org\/it\/#website\"},\"primaryImageOfPage\":{\"@id\":\"https:\/\/exceladvisor.org\/it\/ottenere-il-numero-del-giorno-dellanno\/#primaryimage\"},\"image\":{\"@id\":\"https:\/\/exceladvisor.org\/it\/ottenere-il-numero-del-giorno-dellanno\/#primaryimage\"},\"thumbnailUrl\":\"https:\/\/exceladvisor.org\/wp-content\/uploads\/2023\/08\/1-calculer-date-numero-de-date.png\",\"datePublished\":\"2023-11-15T11:10:08+00:00\",\"dateModified\":\"2023-12-10T06:23:17+00:00\",\"description\":\"In questo tutorial sulle formule di Excel imparerai come ottenere (estrarre) il numero del giorno di una data tra tutti i giorni di un\",\"breadcrumb\":{\"@id\":\"https:\/\/exceladvisor.org\/it\/ottenere-il-numero-del-giorno-dellanno\/#breadcrumb\"},\"inLanguage\":\"it-IT\",\"potentialAction\":[{\"@type\":\"ReadAction\",\"target\":[\"https:\/\/exceladvisor.org\/it\/ottenere-il-numero-del-giorno-dellanno\/\"]}]},{\"@type\":\"ImageObject\",\"inLanguage\":\"it-IT\",\"@id\":\"https:\/\/exceladvisor.org\/it\/ottenere-il-numero-del-giorno-dellanno\/#primaryimage\",\"url\":\"https:\/\/exceladvisor.org\/wp-content\/uploads\/2023\/08\/1-calculer-date-numero-de-date.png\",\"contentUrl\":\"https:\/\/exceladvisor.org\/wp-content\/uploads\/2023\/08\/1-calculer-date-numero-de-date.png\"},{\"@type\":\"BreadcrumbList\",\"@id\":\"https:\/\/exceladvisor.org\/it\/ottenere-il-numero-del-giorno-dellanno\/#breadcrumb\",\"itemListElement\":[{\"@type\":\"ListItem\",\"position\":1,\"name\":\"Home\",\"item\":\"https:\/\/exceladvisor.org\/it\/\"},{\"@type\":\"ListItem\",\"position\":2,\"name\":\"Come estrarre giorni da una data in excel?\"}]},{\"@type\":\"WebSite\",\"@id\":\"https:\/\/exceladvisor.org\/it\/#website\",\"url\":\"https:\/\/exceladvisor.org\/it\/\",\"name\":\"Excel Advisor\",\"description\":\"Tips, Tricks, and Time-Saving Hacks\",\"publisher\":{\"@id\":\"https:\/\/exceladvisor.org\/it\/#organization\"},\"potentialAction\":[{\"@type\":\"SearchAction\",\"target\":{\"@type\":\"EntryPoint\",\"urlTemplate\":\"https:\/\/exceladvisor.org\/it\/?s={search_term_string}\"},\"query-input\":{\"@type\":\"PropertyValueSpecification\",\"valueRequired\":true,\"valueName\":\"search_term_string\"}}],\"inLanguage\":\"it-IT\"},{\"@type\":\"Organization\",\"@id\":\"https:\/\/exceladvisor.org\/it\/#organization\",\"name\":\"Excel Advisor\",\"url\":\"https:\/\/exceladvisor.org\/it\/\",\"logo\":{\"@type\":\"ImageObject\",\"inLanguage\":\"it-IT\",\"@id\":\"https:\/\/exceladvisor.org\/it\/#\/schema\/logo\/image\/\",\"url\":\"https:\/\/exceladvisor.org\/it\/wp-content\/uploads\/2023\/12\/exceladvisor.org_.png\",\"contentUrl\":\"https:\/\/exceladvisor.org\/it\/wp-content\/uploads\/2023\/12\/exceladvisor.org_.png\",\"width\":105,\"height\":36,\"caption\":\"Excel Advisor\"},\"image\":{\"@id\":\"https:\/\/exceladvisor.org\/it\/#\/schema\/logo\/image\/\"}}]}<\/script>\n<!-- \/ Yoast SEO plugin. -->","yoast_head_json":{"title":"Come estrarre giorni da una data in Excel? - Consulente Excel","description":"In questo tutorial sulle formule di Excel imparerai come ottenere (estrarre) il numero del giorno di una data tra tutti i giorni di un","robots":{"index":"index","follow":"follow","max-snippet":"max-snippet:-1","max-image-preview":"max-image-preview:large","max-video-preview":"max-video-preview:-1"},"canonical":"https:\/\/exceladvisor.org\/it\/ottenere-il-numero-del-giorno-dellanno\/","og_locale":"it_IT","og_type":"article","og_title":"Come estrarre giorni da una data in Excel? - Consulente Excel","og_description":"In questo tutorial sulle formule di Excel imparerai come ottenere (estrarre) il numero del giorno di una data tra tutti i giorni di un","og_url":"https:\/\/exceladvisor.org\/it\/ottenere-il-numero-del-giorno-dellanno\/","og_site_name":"Excel Advisor","article_modified_time":"2023-12-10T06:23:17+00:00","og_image":[{"url":"https:\/\/exceladvisor.org\/wp-content\/uploads\/2023\/08\/1-calculer-date-numero-de-date.png","type":"","width":"","height":""}],"twitter_card":"summary_large_image","twitter_misc":{"Tempo di lettura stimato":"1 minuto"},"schema":{"@context":"https:\/\/schema.org","@graph":[{"@type":"WebPage","@id":"https:\/\/exceladvisor.org\/it\/ottenere-il-numero-del-giorno-dellanno\/","url":"https:\/\/exceladvisor.org\/it\/ottenere-il-numero-del-giorno-dellanno\/","name":"Come estrarre giorni da una data in Excel? - Consulente Excel","isPartOf":{"@id":"https:\/\/exceladvisor.org\/it\/#website"},"primaryImageOfPage":{"@id":"https:\/\/exceladvisor.org\/it\/ottenere-il-numero-del-giorno-dellanno\/#primaryimage"},"image":{"@id":"https:\/\/exceladvisor.org\/it\/ottenere-il-numero-del-giorno-dellanno\/#primaryimage"},"thumbnailUrl":"https:\/\/exceladvisor.org\/wp-content\/uploads\/2023\/08\/1-calculer-date-numero-de-date.png","datePublished":"2023-11-15T11:10:08+00:00","dateModified":"2023-12-10T06:23:17+00:00","description":"In questo tutorial sulle formule di Excel imparerai come ottenere (estrarre) il numero del giorno di una data tra tutti i giorni di un","breadcrumb":{"@id":"https:\/\/exceladvisor.org\/it\/ottenere-il-numero-del-giorno-dellanno\/#breadcrumb"},"inLanguage":"it-IT","potentialAction":[{"@type":"ReadAction","target":["https:\/\/exceladvisor.org\/it\/ottenere-il-numero-del-giorno-dellanno\/"]}]},{"@type":"ImageObject","inLanguage":"it-IT","@id":"https:\/\/exceladvisor.org\/it\/ottenere-il-numero-del-giorno-dellanno\/#primaryimage","url":"https:\/\/exceladvisor.org\/wp-content\/uploads\/2023\/08\/1-calculer-date-numero-de-date.png","contentUrl":"https:\/\/exceladvisor.org\/wp-content\/uploads\/2023\/08\/1-calculer-date-numero-de-date.png"},{"@type":"BreadcrumbList","@id":"https:\/\/exceladvisor.org\/it\/ottenere-il-numero-del-giorno-dellanno\/#breadcrumb","itemListElement":[{"@type":"ListItem","position":1,"name":"Home","item":"https:\/\/exceladvisor.org\/it\/"},{"@type":"ListItem","position":2,"name":"Come estrarre giorni da una data in excel?"}]},{"@type":"WebSite","@id":"https:\/\/exceladvisor.org\/it\/#website","url":"https:\/\/exceladvisor.org\/it\/","name":"Excel Advisor","description":"Tips, Tricks, and Time-Saving Hacks","publisher":{"@id":"https:\/\/exceladvisor.org\/it\/#organization"},"potentialAction":[{"@type":"SearchAction","target":{"@type":"EntryPoint","urlTemplate":"https:\/\/exceladvisor.org\/it\/?s={search_term_string}"},"query-input":{"@type":"PropertyValueSpecification","valueRequired":true,"valueName":"search_term_string"}}],"inLanguage":"it-IT"},{"@type":"Organization","@id":"https:\/\/exceladvisor.org\/it\/#organization","name":"Excel Advisor","url":"https:\/\/exceladvisor.org\/it\/","logo":{"@type":"ImageObject","inLanguage":"it-IT","@id":"https:\/\/exceladvisor.org\/it\/#\/schema\/logo\/image\/","url":"https:\/\/exceladvisor.org\/it\/wp-content\/uploads\/2023\/12\/exceladvisor.org_.png","contentUrl":"https:\/\/exceladvisor.org\/it\/wp-content\/uploads\/2023\/12\/exceladvisor.org_.png","width":105,"height":36,"caption":"Excel Advisor"},"image":{"@id":"https:\/\/exceladvisor.org\/it\/#\/schema\/logo\/image\/"}}]}},"yoast_meta":{"yoast_wpseo_title":"","yoast_wpseo_metadesc":"","yoast_wpseo_canonical":""},"_links":{"self":[{"href":"https:\/\/exceladvisor.org\/it\/wp-json\/wp\/v2\/pages\/1611","targetHints":{"allow":["GET"]}}],"collection":[{"href":"https:\/\/exceladvisor.org\/it\/wp-json\/wp\/v2\/pages"}],"about":[{"href":"https:\/\/exceladvisor.org\/it\/wp-json\/wp\/v2\/types\/page"}],"author":[{"embeddable":true,"href":"https:\/\/exceladvisor.org\/it\/wp-json\/wp\/v2\/users\/1"}],"replies":[{"embeddable":true,"href":"https:\/\/exceladvisor.org\/it\/wp-json\/wp\/v2\/comments?post=1611"}],"version-history":[{"count":1,"href":"https:\/\/exceladvisor.org\/it\/wp-json\/wp\/v2\/pages\/1611\/revisions"}],"predecessor-version":[{"id":2503,"href":"https:\/\/exceladvisor.org\/it\/wp-json\/wp\/v2\/pages\/1611\/revisions\/2503"}],"wp:attachment":[{"href":"https:\/\/exceladvisor.org\/it\/wp-json\/wp\/v2\/media?parent=1611"}],"curies":[{"name":"wp","href":"https:\/\/api.w.org\/{rel}","templated":true}]}}