{"id":1613,"date":"2023-11-15T10:51:02","date_gmt":"2023-11-15T10:51:02","guid":{"rendered":"https:\/\/exceladvisor.org\/it\/contare-tra-due-numeri\/"},"modified":"2023-12-10T06:22:15","modified_gmt":"2023-12-10T06:22:15","slug":"contare-tra-due-numeri","status":"publish","type":"page","link":"https:\/\/exceladvisor.org\/it\/contare-tra-due-numeri\/","title":{"rendered":"Come contare tra due numeri?"},"content":{"rendered":"<div class=\"excel-prima-del-contenuto\" id=\"excel-367868795\"><script type=\"text\/javascript\">\r\n\tatOptions = {\r\n\t\t'key' : 'c1158f160081d6540a8409e6925dab94',\r\n\t\t'format' : 'iframe',\r\n\t\t'height' : 250,\r\n\t\t'width' : 300,\r\n\t\t'params' : {}\r\n\t};\r\n<\/script>\r\n<script type=\"text\/javascript\" src=\"\/\/www.highperformanceformat.com\/c1158f160081d6540a8409e6925dab94\/invoke.js\"><\/script><\/div> <div class=\"adthrive-video-player in-post\" data-video-id=\"ss6mCvLf\" data-player-type=\"default\"><\/div><p> In Excel, puoi contare tra due numeri utilizzando la funzione CONTA.SE. Con la funzione CONTA.SE, puoi specificare un limite superiore di numeri e un limite inferiore per creare un intervallo di numeri da contare. Nell&#8217;esempio seguente abbiamo un elenco di nomi con et\u00e0. Adesso dobbiamo contare le persone di due et\u00e0, cio\u00e8 due numeri. <\/p><div class=\"gb-container gb-container-52dfcee1 gb-container-sample-file\"><h2 class=\"gb-headline gb-headline-e289c143 gb-headline-text gb-headline-4f7959c2\"> Ottieni il file Excel<\/h2> <a class=\"gb-button gb-button-e88d6bee gb-button-text gb-button-button1\" href=\"https:\/\/exceladvisor.org\/wp-content\/uploads\/2023\/08\/compter-entre-deux-nombres-2.xlsx\" rel=\"nofollow\">Scaricamento<\/a> <\/div><div class=\"wp-block-image\"><figure class=\"aligncenter size-full is-resized\"><img loading=\"lazy\" decoding=\"async\" class=\"wp-image-63808\" src=\"https:\/\/exceladvisor.org\/wp-content\/uploads\/2023\/08\/1-liste-de-noms-et-dage.png\" sizes=\"auto, \" srcset=\"\" alt=\"elenco-di-nomi-ed-et\u00e0\" width=\"491\" height=\"515\"><\/figure><\/div><h2 id=\"using-countifs-to-count-between-two-numbers\" class=\"wp-block-heading\"> Utilizza CONTA.PI\u00d9.SE per contare tra due numeri<\/h2><p> \u00c8 possibile utilizzare i seguenti passaggi per creare formule utilizzando CONTA.PI\u00d9.SE per contare i numeri compresi tra 10 e 25.<\/p><ol><li> Innanzitutto, inserisci &#8220;=COUNTIS(&#8221; nella cella C1. <br><img loading=\"lazy\" decoding=\"async\" title=\"Funzione 2-conteggi-utilizzo\" src=\"https:\/\/exceladvisor.org\/wp-content\/uploads\/2023\/08\/2-utiliser-la-fonction-countifs.png\" sizes=\"auto, \" srcset=\"\" alt=\"use-countifs-function\" width=\"530\" height=\"193\"><\/li><li> Successivamente, fai riferimento all&#8217;intervallo da cui desideri contare i valori. <br><img loading=\"lazy\" decoding=\"async\" title=\"3-fare-riferimento-a-un-intervallo\" src=\"https:\/\/exceladvisor.org\/wp-content\/uploads\/2023\/08\/3-font-reference-a-une-gamme.png\" sizes=\"auto, \" srcset=\"\" alt=\"refer-to-a-range\" width=\"483\" height=\"273\"><\/li><li> Quindi \u00e8 necessario specificare il numero superiore utilizzando il segno superiore e uguale. <br><img loading=\"lazy\" decoding=\"async\" title=\"4-specificare-il-numero-superiore\" src=\"https:\/\/exceladvisor.org\/wp-content\/uploads\/2023\/08\/4-specifiez-le-chiffre-superieur.png\" sizes=\"auto, \" srcset=\"\" alt=\"specify-the-upper-number\" width=\"574\" height=\"267\"><\/li><li> Da qui, ancora una volta, \u00e8 necessario fare riferimento all&#8217;intervallo di numeri in criteri2. <br><img loading=\"lazy\" decoding=\"async\" title=\"5-fare riferimento alla gamma\" src=\"https:\/\/exceladvisor.org\/wp-content\/uploads\/2023\/08\/5-se-referer-a-la-gamme.png\" sizes=\"auto, \" srcset=\"\" alt=\"refer-to-the-range\" width=\"653\" height=\"284\"><\/li><li> Alla fine, utilizzare i segni minore e uguale per specificare un numero inferiore a 10 nell&#8217;intervallo di conteggio. <br><img loading=\"lazy\" decoding=\"async\" title=\"6-specificare-il-numero-sotto\" src=\"https:\/\/exceladvisor.org\/wp-content\/uploads\/2023\/08\/6-precisez-le-nombre-ci-dessous.png\" sizes=\"auto, \" srcset=\"\" alt=\"specify-the-number-below\" width=\"560\" height=\"260\"><\/li><\/ol><pre class=\"wp-block-code\"> <code class=\"language-excel-formula\" lang=\"excel-formula\">=COUNTIFS(B2:B26,\"&lt;=25\",B2:B26,\"&gt;=10\")<\/code><\/pre><p> CONTA.PI\u00d9.SE pu\u00f2 accettare pi\u00f9 criteri e contare i valori in base ad essi e per comprendere questa formula dobbiamo dividerla in due parti. <\/p><div class=\"wp-block-image\"><figure class=\"aligncenter size-full is-resized\"><img loading=\"lazy\" decoding=\"async\" class=\"wp-image-63814\" src=\"https:\/\/exceladvisor.org\/wp-content\/uploads\/2023\/08\/7-diviser-la-fonction-countifs.png\" sizes=\"auto, \" srcset=\"\" alt=\"funzione di divisione dei conteggi\" width=\"614\" height=\"177\"><\/figure><\/div><ol type=\"1\"><li> Innanzitutto, specifichi l&#8217;intervallo da cui vuoi contare i numeri e il numero pi\u00f9 alto utilizzando i segni maggiore e uguale.<\/li><li> Successivamente, hai specificato il numero inferiore e l&#8217;intervallo di numeri. <\/li><\/ol><div class=\"gb-container gb-container-1b09ec6c gb-container-sample-file\"><h2 class=\"gb-headline gb-headline-176a8592 gb-headline-text gb-headline-4f7959c2\"> Ottieni il file Excel<\/h2> <a class=\"gb-button gb-button-c9e1c226 gb-button-text gb-button-button1\" href=\"https:\/\/exceladvisor.org\/wp-content\/uploads\/2023\/08\/compter-entre-deux-nombres-2.xlsx\" rel=\"nofollow\">Scaricamento<\/a><\/div><h2 id=\"using-sumproduct-to-count-cells-between-two-numbers\" class=\"wp-block-heading\"> Utilizzo di SUMPRODUCT per contare le celle tra due numeri<\/h2><p> Puoi anche utilizzare la funzione SUMPRODUCT per contare il numero di celle tra due numeri. In questa formula dobbiamo utilizzare la funzione INT con SUMPRODUCT. Vedi la formula qui sotto: <\/p><pre class=\"wp-block-code\"> <code class=\"language-excel-formula\" lang=\"excel-formula\">=SUMPRODUCT(INT(B2:B26&gt;=10), INT(B2:B26&lt;=25))<\/code><\/pre><div class=\"wp-block-image\"><figure class=\"aligncenter size-full is-resized\"><img loading=\"lazy\" decoding=\"async\" class=\"wp-image-63815\" src=\"https:\/\/exceladvisor.org\/wp-content\/uploads\/2023\/08\/8-sumproduct-pour-compter-les-cellules.png\" sizes=\"auto, \" srcset=\"\" alt=\"sommaprodotto-contare-celle\" width=\"571\" height=\"264\"><\/figure><\/div><p> <strong>Per capire la formula dobbiamo dividerla:<\/strong><\/p><p> Nella prima funzione INT abbiamo utilizzato l&#8217;intervallo di celle da cui vogliamo contare i numeri. E &gt;= segni per riferirsi solo a numeri maggiori o uguali a 10. E restituisce un array che mostra tutti i numeri maggiori di 10 utilizzando 1. <\/p><div class=\"wp-block-image\"><figure class=\"aligncenter size-full is-resized\"><img loading=\"lazy\" decoding=\"async\" class=\"wp-image-63816\" src=\"https:\/\/exceladvisor.org\/wp-content\/uploads\/2023\/08\/9-formule-de-produit-de-somme-divisee.png\" sizes=\"auto, \" srcset=\"\" alt=\"formula del prodotto a somma frazionaria\" width=\"577\" height=\"280\"><\/figure><\/div><p> E nella seconda funzione INT hai di nuovo lo stesso intervallo che considera i numeri inferiori e uguali a 25. <\/p><div class=\"wp-block-image\"><figure class=\"aligncenter size-full is-resized\"><img loading=\"lazy\" decoding=\"async\" class=\"wp-image-63817\" src=\"https:\/\/exceladvisor.org\/wp-content\/uploads\/2023\/08\/10-sumproduct-avec-differents-tableaux.png\" sizes=\"auto, \" srcset=\"\" alt=\"sommaprodotto con array diversi\" width=\"593\" height=\"299\"><\/figure><\/div><p> Con le due funzioni INT hai due array diversi. Nella prima hai 1 per ogni numero maggiore o uguale a 10 e nella seconda 1 per valori inferiori o uguali a 25. <\/p><div class=\"wp-block-image\"><figure class=\"aligncenter size-full is-resized\"><img loading=\"lazy\" decoding=\"async\" class=\"wp-image-63818\" src=\"https:\/\/exceladvisor.org\/wp-content\/uploads\/2023\/08\/11-int-avec-deux-tableaux-differents.png\" sizes=\"auto, \" srcset=\"\" alt=\"int-con-due-array-diversi\" width=\"633\" height=\"84\"><\/figure><\/div><p> Alla fine,<\/p><ul><li> SUMPRODUCT moltiplica ciascun valore nel primo array per il valore nel secondo array e otterrai un array di valori che rappresenta i numeri compresi tra 10 e 25.<\/li><li> E dopo restituisci la somma di questi valori dall&#8217;array. <\/li><\/ul><div class=\"gb-container gb-container-6d5b6d9c gb-container-sample-file\"><h2 class=\"gb-headline gb-headline-acbdb120 gb-headline-text gb-headline-4f7959c2\"> Ottieni il file Excel<\/h2> <a class=\"gb-button gb-button-b1d8e62f gb-button-text gb-button-button1\" href=\"https:\/\/exceladvisor.org\/wp-content\/uploads\/2023\/08\/compter-entre-deux-nombres-2.xlsx\" rel=\"nofollow\">Scaricamento<\/a><\/div><div class=\"gb-container gb-container-0df56012 gb-container-mt\"> <a class=\"gb-button gb-button-f9f432f4 gb-button-text gb-button-mt-button\" href=\"https:\/\/exceladvisor.org\/it\/formule\/\">Elenco delle formule di Excel<\/a><h2 class=\"gb-headline gb-headline-233444e8 gb-headline-text gb-headline-mt-heading\"> Formule correlate <\/h2><div class=\"gb-grid-wrapper gb-grid-wrapper-a16fa65c gb-grid-wrapper-mt-grid\"><div class=\"gb-grid-column gb-grid-column-50d07e0d\"><div class=\"gb-container gb-container-50d07e0d\"><ul><li> <a href=\"https:\/\/exceladvisor.org\/it\/numero-di-celle-vuote\/\">Contare le celle vuote (vuote) utilizzando CONTA.SE in Excel<\/a><\/li><li> <a href=\"https:\/\/exceladvisor.org\/it\/contare-se-inferiore-a\/\">Contare le celle inferiori a un valore particolare (COUNTIF) in Excel<\/a><\/li><li> <a href=\"https:\/\/exceladvisor.org\/it\/contare-le-celle-diverse-da\/\">Contare le celle diverse da in Excel (CONTA.SE)<\/a><\/li><li> <a href=\"https:\/\/exceladvisor.org\/it\/contare-le-celle-non-vuote\/\">Conta le celle che non sono vuote in Excel<\/a><\/li><li> <a href=\"https:\/\/exceladvisor.org\/it\/conto-maggiore-di-zero\/\">Contare maggiore di 0 (COUNTIF) in Excel<\/a> <\/li><\/ul><\/div><\/div><div class=\"gb-grid-column gb-grid-column-5b4a0cf9\"><div class=\"gb-container gb-container-5b4a0cf9\"><\/div><\/div><\/div><\/div>","protected":false},"excerpt":{"rendered":"","protected":false},"author":1,"featured_media":0,"parent":0,"menu_order":0,"comment_status":"open","ping_status":"closed","template":"","meta":{"ub_ctt_via":"","footnotes":""},"class_list":["post-1613","page","type-page","status-publish","hentry"],"featured_image_src":null,"yoast_head":"<!-- This site is optimized with the Yoast SEO plugin v25.4 - https:\/\/yoast.com\/wordpress\/plugins\/seo\/ -->\n<title>Come contare tra due numeri? (Metodi 2023)<\/title>\n<meta name=\"description\" content=\"In questo tutorial sulle formule imparerai come contare i valori tra due numeri utilizzando la funzione CONTA.SE in Excel.\" \/>\n<meta name=\"robots\" content=\"index, follow, max-snippet:-1, max-image-preview:large, max-video-preview:-1\" \/>\n<link rel=\"canonical\" href=\"https:\/\/exceladvisor.org\/it\/contare-tra-due-numeri\/\" \/>\n<meta property=\"og:locale\" content=\"it_IT\" \/>\n<meta property=\"og:type\" content=\"article\" \/>\n<meta property=\"og:title\" content=\"Come contare tra due numeri? (Metodi 2023)\" \/>\n<meta property=\"og:description\" content=\"In questo tutorial sulle formule imparerai come contare i valori tra due numeri utilizzando la funzione CONTA.SE in Excel.\" \/>\n<meta property=\"og:url\" content=\"https:\/\/exceladvisor.org\/it\/contare-tra-due-numeri\/\" \/>\n<meta property=\"og:site_name\" content=\"Excel Advisor\" \/>\n<meta property=\"article:modified_time\" content=\"2023-12-10T06:22:15+00:00\" \/>\n<meta property=\"og:image\" content=\"https:\/\/exceladvisor.org\/wp-content\/uploads\/2023\/08\/1-liste-de-noms-et-dage.png\" \/>\n<meta name=\"twitter:card\" content=\"summary_large_image\" \/>\n<meta name=\"twitter:label1\" content=\"Tempo di lettura stimato\" \/>\n\t<meta name=\"twitter:data1\" content=\"2 minuti\" \/>\n<script type=\"application\/ld+json\" class=\"yoast-schema-graph\">{\"@context\":\"https:\/\/schema.org\",\"@graph\":[{\"@type\":\"WebPage\",\"@id\":\"https:\/\/exceladvisor.org\/it\/contare-tra-due-numeri\/\",\"url\":\"https:\/\/exceladvisor.org\/it\/contare-tra-due-numeri\/\",\"name\":\"Come contare tra due numeri? (Metodi 2023)\",\"isPartOf\":{\"@id\":\"https:\/\/exceladvisor.org\/it\/#website\"},\"primaryImageOfPage\":{\"@id\":\"https:\/\/exceladvisor.org\/it\/contare-tra-due-numeri\/#primaryimage\"},\"image\":{\"@id\":\"https:\/\/exceladvisor.org\/it\/contare-tra-due-numeri\/#primaryimage\"},\"thumbnailUrl\":\"https:\/\/exceladvisor.org\/wp-content\/uploads\/2023\/08\/1-liste-de-noms-et-dage.png\",\"datePublished\":\"2023-11-15T10:51:02+00:00\",\"dateModified\":\"2023-12-10T06:22:15+00:00\",\"description\":\"In questo tutorial sulle formule imparerai come contare i valori tra due numeri utilizzando la funzione CONTA.SE in Excel.\",\"breadcrumb\":{\"@id\":\"https:\/\/exceladvisor.org\/it\/contare-tra-due-numeri\/#breadcrumb\"},\"inLanguage\":\"it-IT\",\"potentialAction\":[{\"@type\":\"ReadAction\",\"target\":[\"https:\/\/exceladvisor.org\/it\/contare-tra-due-numeri\/\"]}]},{\"@type\":\"ImageObject\",\"inLanguage\":\"it-IT\",\"@id\":\"https:\/\/exceladvisor.org\/it\/contare-tra-due-numeri\/#primaryimage\",\"url\":\"https:\/\/exceladvisor.org\/wp-content\/uploads\/2023\/08\/1-liste-de-noms-et-dage.png\",\"contentUrl\":\"https:\/\/exceladvisor.org\/wp-content\/uploads\/2023\/08\/1-liste-de-noms-et-dage.png\"},{\"@type\":\"BreadcrumbList\",\"@id\":\"https:\/\/exceladvisor.org\/it\/contare-tra-due-numeri\/#breadcrumb\",\"itemListElement\":[{\"@type\":\"ListItem\",\"position\":1,\"name\":\"Home\",\"item\":\"https:\/\/exceladvisor.org\/it\/\"},{\"@type\":\"ListItem\",\"position\":2,\"name\":\"Come contare tra due numeri?\"}]},{\"@type\":\"WebSite\",\"@id\":\"https:\/\/exceladvisor.org\/it\/#website\",\"url\":\"https:\/\/exceladvisor.org\/it\/\",\"name\":\"Excel Advisor\",\"description\":\"Tips, Tricks, and Time-Saving Hacks\",\"publisher\":{\"@id\":\"https:\/\/exceladvisor.org\/it\/#organization\"},\"potentialAction\":[{\"@type\":\"SearchAction\",\"target\":{\"@type\":\"EntryPoint\",\"urlTemplate\":\"https:\/\/exceladvisor.org\/it\/?s={search_term_string}\"},\"query-input\":{\"@type\":\"PropertyValueSpecification\",\"valueRequired\":true,\"valueName\":\"search_term_string\"}}],\"inLanguage\":\"it-IT\"},{\"@type\":\"Organization\",\"@id\":\"https:\/\/exceladvisor.org\/it\/#organization\",\"name\":\"Excel Advisor\",\"url\":\"https:\/\/exceladvisor.org\/it\/\",\"logo\":{\"@type\":\"ImageObject\",\"inLanguage\":\"it-IT\",\"@id\":\"https:\/\/exceladvisor.org\/it\/#\/schema\/logo\/image\/\",\"url\":\"https:\/\/exceladvisor.org\/it\/wp-content\/uploads\/2023\/12\/exceladvisor.org_.png\",\"contentUrl\":\"https:\/\/exceladvisor.org\/it\/wp-content\/uploads\/2023\/12\/exceladvisor.org_.png\",\"width\":105,\"height\":36,\"caption\":\"Excel Advisor\"},\"image\":{\"@id\":\"https:\/\/exceladvisor.org\/it\/#\/schema\/logo\/image\/\"}}]}<\/script>\n<!-- \/ Yoast SEO plugin. -->","yoast_head_json":{"title":"Come contare tra due numeri? (Metodi 2023)","description":"In questo tutorial sulle formule imparerai come contare i valori tra due numeri utilizzando la funzione CONTA.SE in Excel.","robots":{"index":"index","follow":"follow","max-snippet":"max-snippet:-1","max-image-preview":"max-image-preview:large","max-video-preview":"max-video-preview:-1"},"canonical":"https:\/\/exceladvisor.org\/it\/contare-tra-due-numeri\/","og_locale":"it_IT","og_type":"article","og_title":"Come contare tra due numeri? (Metodi 2023)","og_description":"In questo tutorial sulle formule imparerai come contare i valori tra due numeri utilizzando la funzione CONTA.SE in Excel.","og_url":"https:\/\/exceladvisor.org\/it\/contare-tra-due-numeri\/","og_site_name":"Excel Advisor","article_modified_time":"2023-12-10T06:22:15+00:00","og_image":[{"url":"https:\/\/exceladvisor.org\/wp-content\/uploads\/2023\/08\/1-liste-de-noms-et-dage.png","type":"","width":"","height":""}],"twitter_card":"summary_large_image","twitter_misc":{"Tempo di lettura stimato":"2 minuti"},"schema":{"@context":"https:\/\/schema.org","@graph":[{"@type":"WebPage","@id":"https:\/\/exceladvisor.org\/it\/contare-tra-due-numeri\/","url":"https:\/\/exceladvisor.org\/it\/contare-tra-due-numeri\/","name":"Come contare tra due numeri? (Metodi 2023)","isPartOf":{"@id":"https:\/\/exceladvisor.org\/it\/#website"},"primaryImageOfPage":{"@id":"https:\/\/exceladvisor.org\/it\/contare-tra-due-numeri\/#primaryimage"},"image":{"@id":"https:\/\/exceladvisor.org\/it\/contare-tra-due-numeri\/#primaryimage"},"thumbnailUrl":"https:\/\/exceladvisor.org\/wp-content\/uploads\/2023\/08\/1-liste-de-noms-et-dage.png","datePublished":"2023-11-15T10:51:02+00:00","dateModified":"2023-12-10T06:22:15+00:00","description":"In questo tutorial sulle formule imparerai come contare i valori tra due numeri utilizzando la funzione CONTA.SE in Excel.","breadcrumb":{"@id":"https:\/\/exceladvisor.org\/it\/contare-tra-due-numeri\/#breadcrumb"},"inLanguage":"it-IT","potentialAction":[{"@type":"ReadAction","target":["https:\/\/exceladvisor.org\/it\/contare-tra-due-numeri\/"]}]},{"@type":"ImageObject","inLanguage":"it-IT","@id":"https:\/\/exceladvisor.org\/it\/contare-tra-due-numeri\/#primaryimage","url":"https:\/\/exceladvisor.org\/wp-content\/uploads\/2023\/08\/1-liste-de-noms-et-dage.png","contentUrl":"https:\/\/exceladvisor.org\/wp-content\/uploads\/2023\/08\/1-liste-de-noms-et-dage.png"},{"@type":"BreadcrumbList","@id":"https:\/\/exceladvisor.org\/it\/contare-tra-due-numeri\/#breadcrumb","itemListElement":[{"@type":"ListItem","position":1,"name":"Home","item":"https:\/\/exceladvisor.org\/it\/"},{"@type":"ListItem","position":2,"name":"Come contare tra due numeri?"}]},{"@type":"WebSite","@id":"https:\/\/exceladvisor.org\/it\/#website","url":"https:\/\/exceladvisor.org\/it\/","name":"Excel Advisor","description":"Tips, Tricks, and Time-Saving Hacks","publisher":{"@id":"https:\/\/exceladvisor.org\/it\/#organization"},"potentialAction":[{"@type":"SearchAction","target":{"@type":"EntryPoint","urlTemplate":"https:\/\/exceladvisor.org\/it\/?s={search_term_string}"},"query-input":{"@type":"PropertyValueSpecification","valueRequired":true,"valueName":"search_term_string"}}],"inLanguage":"it-IT"},{"@type":"Organization","@id":"https:\/\/exceladvisor.org\/it\/#organization","name":"Excel Advisor","url":"https:\/\/exceladvisor.org\/it\/","logo":{"@type":"ImageObject","inLanguage":"it-IT","@id":"https:\/\/exceladvisor.org\/it\/#\/schema\/logo\/image\/","url":"https:\/\/exceladvisor.org\/it\/wp-content\/uploads\/2023\/12\/exceladvisor.org_.png","contentUrl":"https:\/\/exceladvisor.org\/it\/wp-content\/uploads\/2023\/12\/exceladvisor.org_.png","width":105,"height":36,"caption":"Excel Advisor"},"image":{"@id":"https:\/\/exceladvisor.org\/it\/#\/schema\/logo\/image\/"}}]}},"yoast_meta":{"yoast_wpseo_title":"","yoast_wpseo_metadesc":"","yoast_wpseo_canonical":""},"_links":{"self":[{"href":"https:\/\/exceladvisor.org\/it\/wp-json\/wp\/v2\/pages\/1613","targetHints":{"allow":["GET"]}}],"collection":[{"href":"https:\/\/exceladvisor.org\/it\/wp-json\/wp\/v2\/pages"}],"about":[{"href":"https:\/\/exceladvisor.org\/it\/wp-json\/wp\/v2\/types\/page"}],"author":[{"embeddable":true,"href":"https:\/\/exceladvisor.org\/it\/wp-json\/wp\/v2\/users\/1"}],"replies":[{"embeddable":true,"href":"https:\/\/exceladvisor.org\/it\/wp-json\/wp\/v2\/comments?post=1613"}],"version-history":[{"count":1,"href":"https:\/\/exceladvisor.org\/it\/wp-json\/wp\/v2\/pages\/1613\/revisions"}],"predecessor-version":[{"id":2408,"href":"https:\/\/exceladvisor.org\/it\/wp-json\/wp\/v2\/pages\/1613\/revisions\/2408"}],"wp:attachment":[{"href":"https:\/\/exceladvisor.org\/it\/wp-json\/wp\/v2\/media?parent=1613"}],"curies":[{"name":"wp","href":"https:\/\/api.w.org\/{rel}","templated":true}]}}