{"id":1617,"date":"2023-11-15T09:18:53","date_gmt":"2023-11-15T09:18:53","guid":{"rendered":"https:\/\/exceladvisor.org\/it\/filtro-della-sequenza-temporale\/"},"modified":"2023-12-10T06:27:28","modified_gmt":"2023-12-10T06:27:28","slug":"filtro-della-sequenza-temporale","status":"publish","type":"page","link":"https:\/\/exceladvisor.org\/it\/filtro-della-sequenza-temporale\/","title":{"rendered":"Cronologia della tabella pivot"},"content":{"rendered":"<div class=\"excel-prima-del-contenuto\" id=\"excel-489793982\"><script type=\"text\/javascript\">\r\n\tatOptions = {\r\n\t\t'key' : 'c1158f160081d6540a8409e6925dab94',\r\n\t\t'format' : 'iframe',\r\n\t\t'height' : 250,\r\n\t\t'width' : 300,\r\n\t\t'params' : {}\r\n\t};\r\n<\/script>\r\n<script type=\"text\/javascript\" src=\"\/\/www.highperformanceformat.com\/c1158f160081d6540a8409e6925dab94\/invoke.js\"><\/script><\/div> <p>La funzionalit\u00e0 della sequenza temporale \u00e8 stata introdotta per la prima volta in Excel 2013 e la buona notizia \u00e8 che puoi utilizzarla anche con una tabella pivot. Pu\u00f2 essere un punto di svolta per te filtrare le date in una tabella pivot.<\/p><p> Perch\u00e9 il problema con l&#8217;opzione di filtro predefinita \u00e8 che \u00e8 molto difficile filtrare con mesi, trimestri e anni se si hanno date semplici.<\/p><p> Ma con un filtro della sequenza temporale, non \u00e8 necessario aprire il filtro ancora e ancora, lo fai semplicemente con un clic. Questo \u00e8 il motivo per cui Microsoft ha introdotto l&#8217;opzione di filtro della sequenza temporale. <\/p><div class=\"wp-block-image\"><figure class=\"aligncenter\"><img decoding=\"async\" src=\"https:\/\/exceladvisor.org\/wp-content\/uploads\/2023\/08\/Remplacer-le-filtre-normal-par-la-chronologie-du-tableau-croise-dynamique-1.png\" sizes=\"\" srcset=\"\" alt=\"Sostituisci il filtro normale con la sequenza temporale della tabella pivot\"><\/figure><\/div><p> Una sequenza temporale \u00e8 <a style=\"outline: none;\" href=\"https:\/\/exceladvisor.org\/it\/collegare-laffettatrice-a-diverse-tabelle-pivot\/\" data-wpel-link=\"internal\">come un segmento<\/a> , la differenza \u00e8 che la sequenza temporale filtra solo le date. Quindi, oggi in questo articolo, vorrei condividere con voi semplici passaggi per aggiungere un filtro della sequenza temporale per filtrare le date nella tabella pivot.<\/p><p class=\"qt-tip\"> NOTA: le tabelle pivot fanno parte di <a style=\"outline: none;\" href=\"https:\/\/exceladvisor.org\/it\/eccellere-nelle-competenze\/\">COMPETENZE EXCEL INTERMEDIE<\/a> .<\/p><h2 id=\"tab-con-1\" class=\"wp-block-heading\"> Passaggi per inserire una sequenza temporale in una tabella pivot<\/h2><p> <a style=\"outline: none;\" href=\"https:\/\/exceladvisor.org\/wp-content\/uploads\/2023\/11\/utiliser-la-chronologie-du-tableau-croise-dynamique.xlsx\" rel=\"nofollow\">file di esempio<\/a> <\/p><ol id=\"block-67eca96c-43a3-4ad9-b21e-127f3a0dca02\" class=\"block-editor-rich-text__editable block-editor-block-list__block wp-block is-selected rich-text\" tabindex=\"0\" role=\"group\" contenteditable=\"true\" aria-multiline=\"true\" aria-label=\"Block: List\" data-block=\"67eca96c-43a3-4ad9-b21e-127f3a0dca02\" data-type=\"core\/list\" data-title=\"List\"><li> Seleziona una delle celle nella tabella pivot. <br><img decoding=\"async\" title=\"nt\/uploads\/2016\/05\/Select-Pivot-Table-To-Add-Pivot-Table-Timeline\" src=\"https:\/\/exceladvisor.org\/wp-content\/uploads\/2023\/08\/Selectionnez-le-tableau-croise-dynamique-pour-ajouter-une-chronologie-de-tableau-croise-dynamique.png\" sizes=\"\" srcset=\"\" alt=\"nt\/uploads\/2016\/05\/select-pivot-table-to-add-pivot-table-timeline\"><\/li><li> Vai a Strumenti tabella pivot \u2192 Analizza \u2192 Filtro \u2192 Inserisci sequenza temporale. <br><img decoding=\"async\" title=\"nt\/uploads\/2016\/05\/Add-Pivot-Table-Timeline\" src=\"https:\/\/exceladvisor.org\/wp-content\/uploads\/2023\/08\/Ajouter-une-chronologie-de-tableau-croise-dynamique-1.png\" sizes=\"\" srcset=\"\" alt=\"nt\/uploads\/2016\/05\/add-pivot-table-timeline\"><\/li><li> Fai clic su Inserisci sequenza temporale e otterrai una finestra di dialogo.<\/li><li> Nella finestra pop-up, seleziona le colonne della data che hai nei tuoi dati.<\/li><li> Fare clic su OK. <br><img decoding=\"async\" title=\"nt\/uploads\/2016\/05\/Select-Date-To-Insert-Pivot-Table-Timeline\" src=\"https:\/\/exceladvisor.org\/wp-content\/uploads\/2023\/08\/Selectionnez-la-date-pour-inserer-la-chronologie-du-tableau-croise-dynamique.png\" sizes=\"\" srcset=\"\" alt=\"nt\/uploads\/2016\/05\/select-date-to-insert-pivot-table-timeline\"><\/li><\/ol><p> Ora hai un filtro della sequenza temporale nel tuo foglio di lavoro e puoi filtrare la tua tabella pivot con questo. <\/p><div class=\"wp-block-image\"><figure class=\"aligncenter\"><img decoding=\"async\" src=\"https:\/\/exceladvisor.org\/wp-content\/uploads\/2023\/08\/25.png\" sizes=\"\" srcset=\"\" alt=\"Cronologia della tabella pivot\"><\/figure><\/div><p> Correlati: <a href=\"https:\/\/exceladvisor.org\/it\/affettatrice-excel\/\"><strong>filtro dei dati di Excel<\/strong><\/a><\/p><h2 class=\"wp-block-heading\"> Componenti di un filtro della sequenza temporale<\/h2><p> Ecco alcuni componenti principali che puoi utilizzare per padroneggiare le timeline. <\/p><div class=\"wp-block-image\"><figure class=\"aligncenter\"><img decoding=\"async\" src=\"https:\/\/exceladvisor.org\/wp-content\/uploads\/2023\/08\/Chronologie-du-tableau-croise-dynamique-des-composants-1.png\" sizes=\"\" srcset=\"\" alt=\"Sequenza temporale della tabella pivot del componente\"><\/figure><\/div><ol><li> <strong>Cancella filtri:<\/strong> \u00e8 possibile utilizzare questo pulsante per cancellare tutti i filtri.<\/li><li> <strong>Livello temporale:<\/strong> dall&#8217;opzione del livello temporale \u00e8 possibile utilizzare quattro diversi livelli temporali. Hai giorni, mesi, trimestri e anni da utilizzare come livello temporale.<\/li><li> <strong>Cronologia:<\/strong> utilizzare la sequenza temporale per filtrare le date per il periodo di tempo desiderato. Puoi filtrare le date per giorni, mesi, trimestri e anni. Puoi selezionare anche pi\u00f9 di un giorno, mese, trimestre e anno, ma solo in ordine.<\/li><li> <strong>Barra di scorrimento:<\/strong> utilizzare la barra di scorrimento per scorrere giorni, mesi, trimestri e anni.<\/li><\/ol><h2 id=\"tab-con-3\" class=\"wp-block-heading\"> Personalizza una sequenza temporale<\/h2><p> Hai anche opzioni per personalizzare la tua sequenza temporale. \u00c8 possibile apportare le seguenti modifiche.<\/p><h3 id=\"tab-con-4\" class=\"wp-block-heading\"> 1. Cambia taglia<\/h3><p> \u00c8 possibile modificare la dimensione della sequenza temporale di una tabella pivot seguendo questi passaggi.<\/p><ul><li> Seleziona la tua sequenza temporale.<\/li><li> Vai a Strumenti della timeline \u2192 Opzioni \u2192 Dimensioni.<\/li><li> Modifica l&#8217;altezza e la larghezza della timeline. <\/li><\/ul><div class=\"wp-block-image\"><figure class=\"aligncenter\"><img decoding=\"async\" src=\"https:\/\/exceladvisor.org\/wp-content\/uploads\/2023\/08\/Chronologie-du-tableau-croise-dynamique-de-la-taille-du-changement.png\" sizes=\"\" srcset=\"\" alt=\"Modificare le dimensioni della sequenza temporale della tabella pivot\"><\/figure><\/div><p> E un altro modo migliore \u00e8 ridimensionare una sequenza temporale dai suoi confini.<\/p><h3 id=\"tab-con-5\" class=\"wp-block-heading\"> 2. Cambia il nome della didascalia<\/h3><p> Per impostazione predefinita, ti mostrer\u00e0 lo stesso nome della didascalia del nome della colonna che hai selezionato per inserire una sequenza temporale. Ma puoi modificarlo in qualsiasi momento procedendo come segue.<\/p><ul><li> Seleziona la tua sequenza temporale.<\/li><li> Vai a Strumenti della timeline \u2192 Opzioni \u2192 Timeline \u2192 Legenda della timeline.<\/li><li> Inserisci un nuovo nome.<\/li><li> Premere Invio. <\/li><\/ul><div class=\"wp-block-image\"><figure class=\"aligncenter\"><img decoding=\"async\" src=\"https:\/\/exceladvisor.org\/wp-content\/uploads\/2023\/08\/Modifier-le-nom-de-la-legende-Tableau-croise-dynamique-Chronologie.png\" sizes=\"\" srcset=\"\" alt=\"Modificare il nome della legenda della sequenza temporale della tabella pivot\"><\/figure><\/div><h3 id=\"tab-con-6\" class=\"wp-block-heading\"> 3. Applica gli stili della sequenza temporale<\/h3><p> S\u00ec, puoi utilizzare stili diversi per la tua timeline nella tabella pivot. Esistono un totale di 12 stili di temi diversi che puoi utilizzare per la sequenza temporale della tabella pivot. <\/p><div class=\"wp-block-image\"><figure class=\"aligncenter\"><img decoding=\"async\" src=\"https:\/\/exceladvisor.org\/wp-content\/uploads\/2023\/08\/Differents-styles-a-utiliser-dans-la-chronologie-du-tableau-croise-dynamique-1.png\" sizes=\"\" srcset=\"\" alt=\"Stili diversi da utilizzare nella sequenza temporale della tabella pivot\"><\/figure><\/div><p> Puoi anche creare un tema personalizzato per la tua timeline creando un nuovo stile di timeline. <\/p><div class=\"wp-block-image\"><figure class=\"aligncenter\"><img decoding=\"async\" src=\"https:\/\/exceladvisor.org\/wp-content\/uploads\/2023\/08\/Creer-un-nouveau-style-pour-la-chronologie-du-tableau-croise-dynamique-1.png\" sizes=\"\" srcset=\"\" alt=\"Crea un nuovo stile per la sequenza temporale della tabella pivot\"><\/figure><\/div><p> Hai le seguenti opzioni per personalizzare la tua timeline. <\/p><div class=\"wp-block-image\"><figure class=\"aligncenter\"><img decoding=\"async\" src=\"https:\/\/exceladvisor.org\/wp-content\/uploads\/2023\/08\/Personnaliser-le-style-de-chronologie-du-nouveau-tableau-croise-dynamique.png\" sizes=\"\" srcset=\"\" alt=\"Personalizza lo stile della sequenza temporale della nuova tabella pivot\"><\/figure><\/div><h3 id=\"tab-con-7\" class=\"wp-block-heading\"> 4. Associare una sequenza temporale a pi\u00f9 tabelle pivot<\/h3><p> <a style=\"outline: none;\" href=\"https:\/\/exceladvisor.org\/it\/collegare-laffettatrice-a-diverse-tabelle-pivot\/\">Come un&#8217;affettatrice<\/a> , puoi anche collegare una sequenza temporale a pi\u00f9 tabelle pivot. Basta seguire questi semplici passaggi per farlo. <\/p><ol id=\"block-e8e85b1b-1b94-4023-96d4-7c6c30c5236e\" class=\"block-editor-rich-text__editable block-editor-block-list__block wp-block is-selected rich-text\" tabindex=\"0\" role=\"group\" contenteditable=\"true\" aria-multiline=\"true\" aria-label=\"Block: List\" data-block=\"e8e85b1b-1b94-4023-96d4-7c6c30c5236e\" data-type=\"core\/list\" data-title=\"List\"><li> Seleziona la tua timeline e fai clic con il pulsante destro del mouse su di essa.<\/li><li> Ora fai clic su Segnala connessioni. <br><img decoding=\"async\" title=\"nt\/uploads\/2016\/05\/Click-Report-Connections-ToLink-Pivot-Table-Timeline\" src=\"https:\/\/exceladvisor.org\/wp-content\/uploads\/2023\/08\/Cliquez-sur-Rapporter-les-connexions-pour-lier-la-chronologie-du-tableau-croise-dynamique.png\" sizes=\"\" srcset=\"\" alt=\"nt\/uploads\/2016\/05\/click-report-connections-tolink-pivot-table-timeline\"><\/li><li> Ora otterrai una finestra pop-up con l&#8217;elenco delle tabelle pivot.<\/li><li> Controlla le tabelle pivot che desideri collegare alla timeline. <br><img decoding=\"async\" title=\"nt\/uploads\/2016\/05\/Tick-Mark-All-Pivot-Table-To-Link-Pivot-Tables-Timeline\" src=\"https:\/\/exceladvisor.org\/wp-content\/uploads\/2023\/08\/Cochez-Marquer-tous-les-tableaux-croises-dynamiques-pour-lier-la-chronologie-des-tableaux-croises-dynamiques.png\" sizes=\"\" srcset=\"\" alt=\"nt\/uploads\/2016\/05\/tick-mark-all-pivot-table-to-link-pivot-tables-timeline\"><\/li><li> E fare clic su OK.<\/li><\/ol><h2 class=\"wp-block-heading\"> Ulteriori informazioni sulle tabelle pivot<\/h2><ol><li> <a style=\"outline: none;\" href=\"https:\/\/exceladvisor.org\/it\/collegare-laffettatrice-a-diverse-tabelle-pivot\/\">Connetti i filtri dei dati a pi\u00f9 tabelle pivot<\/a><\/li><li> <a style=\"outline: none;\" href=\"https:\/\/exceladvisor.org\/it\/la-tabella-dinamica-fa-riferimenti-incrociati-a-diversi-file\/\">Crea una tabella pivot con pi\u00f9 cartelle di lavoro<\/a><\/li><li> <a style=\"outline: none;\" href=\"https:\/\/exceladvisor.org\/it\/colonna-dei-ranghi\/\" data-wpel-link=\"internal\">Come classificare in una tabella pivot in Excel<\/a><\/li><li> <a style=\"outline: none;\" href=\"https:\/\/exceladvisor.org\/it\/totale-cumulativo\/\" data-wpel-link=\"internal\">Aggiungi il totale parziale nella tabella pivot<\/a><\/li><li> <a style=\"outline: none;\" href=\"https:\/\/exceladvisor.org\/it\/intervallo-di-aggiornamento-automatico\/\">Aggiorna automaticamente un intervallo di tabelle pivot<\/a><\/li><\/ol>","protected":false},"excerpt":{"rendered":"","protected":false},"author":1,"featured_media":0,"parent":0,"menu_order":0,"comment_status":"open","ping_status":"closed","template":"","meta":{"ub_ctt_via":"","footnotes":""},"class_list":["post-1617","page","type-page","status-publish","hentry"],"featured_image_src":null,"yoast_head":"<!-- This site is optimized with the Yoast SEO plugin v25.4 - https:\/\/yoast.com\/wordpress\/plugins\/seo\/ -->\n<title>Filtro cronologico | Esercitazione sulla tabella pivot di Excel<\/title>\n<meta name=\"description\" content=\"Vuoi essere un utente avanzato delle tabelle pivot? Hai bisogno di saperne di pi\u00f9 sulla sequenza temporale della tabella pivot\" \/>\n<meta name=\"robots\" content=\"index, follow, max-snippet:-1, max-image-preview:large, max-video-preview:-1\" \/>\n<link rel=\"canonical\" href=\"https:\/\/exceladvisor.org\/it\/filtro-della-sequenza-temporale\/\" \/>\n<meta property=\"og:locale\" content=\"it_IT\" \/>\n<meta property=\"og:type\" content=\"article\" \/>\n<meta property=\"og:title\" content=\"Filtro cronologico | Esercitazione sulla tabella pivot di Excel\" \/>\n<meta property=\"og:description\" content=\"Vuoi essere un utente avanzato delle tabelle pivot? Hai bisogno di saperne di pi\u00f9 sulla sequenza temporale della tabella pivot\" \/>\n<meta property=\"og:url\" content=\"https:\/\/exceladvisor.org\/it\/filtro-della-sequenza-temporale\/\" \/>\n<meta property=\"og:site_name\" content=\"Excel Advisor\" \/>\n<meta property=\"article:modified_time\" content=\"2023-12-10T06:27:28+00:00\" \/>\n<meta property=\"og:image\" content=\"https:\/\/exceladvisor.org\/wp-content\/uploads\/2023\/08\/Remplacer-le-filtre-normal-par-la-chronologie-du-tableau-croise-dynamique-1.png\" \/>\n<meta name=\"twitter:card\" content=\"summary_large_image\" \/>\n<meta name=\"twitter:label1\" content=\"Tempo di lettura stimato\" \/>\n\t<meta name=\"twitter:data1\" content=\"3 minuti\" \/>\n<script type=\"application\/ld+json\" class=\"yoast-schema-graph\">{\"@context\":\"https:\/\/schema.org\",\"@graph\":[{\"@type\":\"WebPage\",\"@id\":\"https:\/\/exceladvisor.org\/it\/filtro-della-sequenza-temporale\/\",\"url\":\"https:\/\/exceladvisor.org\/it\/filtro-della-sequenza-temporale\/\",\"name\":\"Filtro cronologico | Esercitazione sulla tabella pivot di Excel\",\"isPartOf\":{\"@id\":\"https:\/\/exceladvisor.org\/it\/#website\"},\"primaryImageOfPage\":{\"@id\":\"https:\/\/exceladvisor.org\/it\/filtro-della-sequenza-temporale\/#primaryimage\"},\"image\":{\"@id\":\"https:\/\/exceladvisor.org\/it\/filtro-della-sequenza-temporale\/#primaryimage\"},\"thumbnailUrl\":\"https:\/\/exceladvisor.org\/wp-content\/uploads\/2023\/08\/Remplacer-le-filtre-normal-par-la-chronologie-du-tableau-croise-dynamique-1.png\",\"datePublished\":\"2023-11-15T09:18:53+00:00\",\"dateModified\":\"2023-12-10T06:27:28+00:00\",\"description\":\"Vuoi essere un utente avanzato delle tabelle pivot? Hai bisogno di saperne di pi\u00f9 sulla sequenza temporale della tabella pivot\",\"breadcrumb\":{\"@id\":\"https:\/\/exceladvisor.org\/it\/filtro-della-sequenza-temporale\/#breadcrumb\"},\"inLanguage\":\"it-IT\",\"potentialAction\":[{\"@type\":\"ReadAction\",\"target\":[\"https:\/\/exceladvisor.org\/it\/filtro-della-sequenza-temporale\/\"]}]},{\"@type\":\"ImageObject\",\"inLanguage\":\"it-IT\",\"@id\":\"https:\/\/exceladvisor.org\/it\/filtro-della-sequenza-temporale\/#primaryimage\",\"url\":\"https:\/\/exceladvisor.org\/wp-content\/uploads\/2023\/08\/Remplacer-le-filtre-normal-par-la-chronologie-du-tableau-croise-dynamique-1.png\",\"contentUrl\":\"https:\/\/exceladvisor.org\/wp-content\/uploads\/2023\/08\/Remplacer-le-filtre-normal-par-la-chronologie-du-tableau-croise-dynamique-1.png\"},{\"@type\":\"BreadcrumbList\",\"@id\":\"https:\/\/exceladvisor.org\/it\/filtro-della-sequenza-temporale\/#breadcrumb\",\"itemListElement\":[{\"@type\":\"ListItem\",\"position\":1,\"name\":\"Home\",\"item\":\"https:\/\/exceladvisor.org\/it\/\"},{\"@type\":\"ListItem\",\"position\":2,\"name\":\"Cronologia della tabella pivot\"}]},{\"@type\":\"WebSite\",\"@id\":\"https:\/\/exceladvisor.org\/it\/#website\",\"url\":\"https:\/\/exceladvisor.org\/it\/\",\"name\":\"Excel Advisor\",\"description\":\"Tips, Tricks, and Time-Saving Hacks\",\"publisher\":{\"@id\":\"https:\/\/exceladvisor.org\/it\/#organization\"},\"potentialAction\":[{\"@type\":\"SearchAction\",\"target\":{\"@type\":\"EntryPoint\",\"urlTemplate\":\"https:\/\/exceladvisor.org\/it\/?s={search_term_string}\"},\"query-input\":{\"@type\":\"PropertyValueSpecification\",\"valueRequired\":true,\"valueName\":\"search_term_string\"}}],\"inLanguage\":\"it-IT\"},{\"@type\":\"Organization\",\"@id\":\"https:\/\/exceladvisor.org\/it\/#organization\",\"name\":\"Excel Advisor\",\"url\":\"https:\/\/exceladvisor.org\/it\/\",\"logo\":{\"@type\":\"ImageObject\",\"inLanguage\":\"it-IT\",\"@id\":\"https:\/\/exceladvisor.org\/it\/#\/schema\/logo\/image\/\",\"url\":\"https:\/\/exceladvisor.org\/it\/wp-content\/uploads\/2023\/12\/exceladvisor.org_.png\",\"contentUrl\":\"https:\/\/exceladvisor.org\/it\/wp-content\/uploads\/2023\/12\/exceladvisor.org_.png\",\"width\":105,\"height\":36,\"caption\":\"Excel Advisor\"},\"image\":{\"@id\":\"https:\/\/exceladvisor.org\/it\/#\/schema\/logo\/image\/\"}}]}<\/script>\n<!-- \/ Yoast SEO plugin. -->","yoast_head_json":{"title":"Filtro cronologico | Esercitazione sulla tabella pivot di Excel","description":"Vuoi essere un utente avanzato delle tabelle pivot? Hai bisogno di saperne di pi\u00f9 sulla sequenza temporale della tabella pivot","robots":{"index":"index","follow":"follow","max-snippet":"max-snippet:-1","max-image-preview":"max-image-preview:large","max-video-preview":"max-video-preview:-1"},"canonical":"https:\/\/exceladvisor.org\/it\/filtro-della-sequenza-temporale\/","og_locale":"it_IT","og_type":"article","og_title":"Filtro cronologico | Esercitazione sulla tabella pivot di Excel","og_description":"Vuoi essere un utente avanzato delle tabelle pivot? Hai bisogno di saperne di pi\u00f9 sulla sequenza temporale della tabella pivot","og_url":"https:\/\/exceladvisor.org\/it\/filtro-della-sequenza-temporale\/","og_site_name":"Excel Advisor","article_modified_time":"2023-12-10T06:27:28+00:00","og_image":[{"url":"https:\/\/exceladvisor.org\/wp-content\/uploads\/2023\/08\/Remplacer-le-filtre-normal-par-la-chronologie-du-tableau-croise-dynamique-1.png","type":"","width":"","height":""}],"twitter_card":"summary_large_image","twitter_misc":{"Tempo di lettura stimato":"3 minuti"},"schema":{"@context":"https:\/\/schema.org","@graph":[{"@type":"WebPage","@id":"https:\/\/exceladvisor.org\/it\/filtro-della-sequenza-temporale\/","url":"https:\/\/exceladvisor.org\/it\/filtro-della-sequenza-temporale\/","name":"Filtro cronologico | Esercitazione sulla tabella pivot di Excel","isPartOf":{"@id":"https:\/\/exceladvisor.org\/it\/#website"},"primaryImageOfPage":{"@id":"https:\/\/exceladvisor.org\/it\/filtro-della-sequenza-temporale\/#primaryimage"},"image":{"@id":"https:\/\/exceladvisor.org\/it\/filtro-della-sequenza-temporale\/#primaryimage"},"thumbnailUrl":"https:\/\/exceladvisor.org\/wp-content\/uploads\/2023\/08\/Remplacer-le-filtre-normal-par-la-chronologie-du-tableau-croise-dynamique-1.png","datePublished":"2023-11-15T09:18:53+00:00","dateModified":"2023-12-10T06:27:28+00:00","description":"Vuoi essere un utente avanzato delle tabelle pivot? Hai bisogno di saperne di pi\u00f9 sulla sequenza temporale della tabella pivot","breadcrumb":{"@id":"https:\/\/exceladvisor.org\/it\/filtro-della-sequenza-temporale\/#breadcrumb"},"inLanguage":"it-IT","potentialAction":[{"@type":"ReadAction","target":["https:\/\/exceladvisor.org\/it\/filtro-della-sequenza-temporale\/"]}]},{"@type":"ImageObject","inLanguage":"it-IT","@id":"https:\/\/exceladvisor.org\/it\/filtro-della-sequenza-temporale\/#primaryimage","url":"https:\/\/exceladvisor.org\/wp-content\/uploads\/2023\/08\/Remplacer-le-filtre-normal-par-la-chronologie-du-tableau-croise-dynamique-1.png","contentUrl":"https:\/\/exceladvisor.org\/wp-content\/uploads\/2023\/08\/Remplacer-le-filtre-normal-par-la-chronologie-du-tableau-croise-dynamique-1.png"},{"@type":"BreadcrumbList","@id":"https:\/\/exceladvisor.org\/it\/filtro-della-sequenza-temporale\/#breadcrumb","itemListElement":[{"@type":"ListItem","position":1,"name":"Home","item":"https:\/\/exceladvisor.org\/it\/"},{"@type":"ListItem","position":2,"name":"Cronologia della tabella pivot"}]},{"@type":"WebSite","@id":"https:\/\/exceladvisor.org\/it\/#website","url":"https:\/\/exceladvisor.org\/it\/","name":"Excel Advisor","description":"Tips, Tricks, and Time-Saving Hacks","publisher":{"@id":"https:\/\/exceladvisor.org\/it\/#organization"},"potentialAction":[{"@type":"SearchAction","target":{"@type":"EntryPoint","urlTemplate":"https:\/\/exceladvisor.org\/it\/?s={search_term_string}"},"query-input":{"@type":"PropertyValueSpecification","valueRequired":true,"valueName":"search_term_string"}}],"inLanguage":"it-IT"},{"@type":"Organization","@id":"https:\/\/exceladvisor.org\/it\/#organization","name":"Excel Advisor","url":"https:\/\/exceladvisor.org\/it\/","logo":{"@type":"ImageObject","inLanguage":"it-IT","@id":"https:\/\/exceladvisor.org\/it\/#\/schema\/logo\/image\/","url":"https:\/\/exceladvisor.org\/it\/wp-content\/uploads\/2023\/12\/exceladvisor.org_.png","contentUrl":"https:\/\/exceladvisor.org\/it\/wp-content\/uploads\/2023\/12\/exceladvisor.org_.png","width":105,"height":36,"caption":"Excel Advisor"},"image":{"@id":"https:\/\/exceladvisor.org\/it\/#\/schema\/logo\/image\/"}}]}},"yoast_meta":{"yoast_wpseo_title":"","yoast_wpseo_metadesc":"","yoast_wpseo_canonical":""},"_links":{"self":[{"href":"https:\/\/exceladvisor.org\/it\/wp-json\/wp\/v2\/pages\/1617","targetHints":{"allow":["GET"]}}],"collection":[{"href":"https:\/\/exceladvisor.org\/it\/wp-json\/wp\/v2\/pages"}],"about":[{"href":"https:\/\/exceladvisor.org\/it\/wp-json\/wp\/v2\/types\/page"}],"author":[{"embeddable":true,"href":"https:\/\/exceladvisor.org\/it\/wp-json\/wp\/v2\/users\/1"}],"replies":[{"embeddable":true,"href":"https:\/\/exceladvisor.org\/it\/wp-json\/wp\/v2\/comments?post=1617"}],"version-history":[{"count":1,"href":"https:\/\/exceladvisor.org\/it\/wp-json\/wp\/v2\/pages\/1617\/revisions"}],"predecessor-version":[{"id":2893,"href":"https:\/\/exceladvisor.org\/it\/wp-json\/wp\/v2\/pages\/1617\/revisions\/2893"}],"wp:attachment":[{"href":"https:\/\/exceladvisor.org\/it\/wp-json\/wp\/v2\/media?parent=1617"}],"curies":[{"name":"wp","href":"https:\/\/api.w.org\/{rel}","templated":true}]}}