{"id":1619,"date":"2023-11-15T08:08:27","date_gmt":"2023-11-15T08:08:27","guid":{"rendered":"https:\/\/exceladvisor.org\/it\/ordinare-una-tabella-pivot\/"},"modified":"2023-12-10T06:24:33","modified_gmt":"2023-12-10T06:24:33","slug":"ordinare-una-tabella-pivot","status":"publish","type":"page","link":"https:\/\/exceladvisor.org\/it\/ordinare-una-tabella-pivot\/","title":{"rendered":"Come ordinare una tabella pivot in excel?"},"content":{"rendered":"<div class=\"excel-prima-del-contenuto\" id=\"excel-1137845794\"><script type=\"text\/javascript\">\r\n\tatOptions = {\r\n\t\t'key' : 'c1158f160081d6540a8409e6925dab94',\r\n\t\t'format' : 'iframe',\r\n\t\t'height' : 250,\r\n\t\t'width' : 300,\r\n\t\t'params' : {}\r\n\t};\r\n<\/script>\r\n<script type=\"text\/javascript\" src=\"\/\/www.highperformanceformat.com\/c1158f160081d6540a8409e6925dab94\/invoke.js\"><\/script><\/div> <p>S\u00ec, puoi ordinare una tabella pivot in Excel. L&#8217;ordinamento pu\u00f2 essere effettuato in diversi modi, a seconda delle esigenze specifiche. Ecco i passaggi generali per ordinare una tabella pivot:<\/p><h2 class=\"wp-block-heading\"> <strong>Ordina per valori<\/strong><\/h2><p> Risolviamo una tabella pivot molto semplice. Qui, abbiamo voluto ordinare il totale complessivo dal pi\u00f9 piccolo al pi\u00f9 grande per scoprire il prodotto pi\u00f9 venduto. <\/p><div class=\"wp-block-image\"><figure class=\"aligncenter size-large is-resized\"><img loading=\"lazy\" decoding=\"async\" class=\"wp-image-59372\" src=\"https:\/\/exceladvisor.org\/wp-content\/uploads\/2023\/08\/1-tri-base-sur-les-valeurs.png\" sizes=\"auto, \" srcset=\"\" alt=\"ordinare in base ai valori\" width=\"526\" height=\"186\"><\/figure><\/div><ol><li> Innanzitutto, seleziona una cella qualsiasi nella colonna del totale complessivo e vai alla scheda Home. <br><img loading=\"lazy\" decoding=\"async\" title=\"scheda 2-vai a casa\" src=\"https:\/\/exceladvisor.org\/wp-content\/uploads\/2023\/08\/2-aller-a-longlet-daccueil.png\" sizes=\"auto, \" srcset=\"\" alt=\"go-to-home-tab\" width=\"858\" height=\"111\"><\/li><li> Successivamente, fai clic su Ordina e filtra in Modifica. <br><img loading=\"lazy\" decoding=\"async\" title=\"3-ordina e filtra durante la modifica\" src=\"https:\/\/exceladvisor.org\/wp-content\/uploads\/2023\/08\/3-trier-et-filtrer-sous-edition.png\" sizes=\"auto, \" srcset=\"\" alt=\"sort-and-filter-under-editing\" width=\"835\" height=\"108\"><\/li><li> Dopo aver fatto clic sull&#8217;opzione Ordina e filtra, verr\u00e0 visualizzato un elenco a discesa. <br><img loading=\"lazy\" decoding=\"async\" title=\"4 opzioni di ordinamento e filtraggio\" src=\"https:\/\/exceladvisor.org\/wp-content\/uploads\/2023\/08\/4-options-de-tri-et-de-filtrage.png\" sizes=\"auto, \" srcset=\"\" alt=\"sort-and-filter-option\" width=\"187\" height=\"233\"><\/li><li> Qui troverai l&#8217;opzione richiesta &#8220;Ordina dal pi\u00f9 grande al pi\u00f9 piccolo&#8221;. Basta un clic per ordinare i tuoi dati. <br><img loading=\"lazy\" decoding=\"async\" title=\"5 incantesimi dal pi\u00f9 grande al pi\u00f9 piccolo\" src=\"https:\/\/exceladvisor.org\/wp-content\/uploads\/2023\/08\/5-trier-du-plus-grand-au-plus-petit.png\" sizes=\"auto, \" srcset=\"\" alt=\"sort-largest-to-smallest\" width=\"187\" height=\"232\"><\/li><li> Infine i dati vengono ordinati. <br><img loading=\"lazy\" decoding=\"async\" title=\"6-dati ordinati\" src=\"https:\/\/exceladvisor.org\/wp-content\/uploads\/2023\/08\/6-donnees-triees.png\" sizes=\"auto, \" srcset=\"\" alt=\"sorted-data\" width=\"517\" height=\"180\"><\/li><\/ol><p> Allo stesso modo, puoi ordinare i dati dal valore pi\u00f9 piccolo a quello pi\u00f9 grande seguendo gli stessi passaggi.<\/p><ol><li> Per iniziare, fai nuovamente clic su qualsiasi cella nella riga del totale. <br><img loading=\"lazy\" decoding=\"async\" title=\"7 clic su qualsiasi cella nella riga totale\" src=\"https:\/\/exceladvisor.org\/wp-content\/uploads\/2023\/08\/7-cliquez-sur-nimporte-quelle-cellule-dans-la-ligne-totale.png\" sizes=\"auto, \" srcset=\"\" alt=\"click-any-cell-in-total-row\" width=\"513\" height=\"182\"><\/li><li> Ora vai su Home \u2192 Ordina e filtra. <br><img loading=\"lazy\" decoding=\"async\" title=\"Ordina e filtra in 8 clic\" src=\"https:\/\/exceladvisor.org\/wp-content\/uploads\/2023\/08\/Trier-et-filtrer-en-8-clics.png\" sizes=\"auto, \" srcset=\"\" alt=\"click-sort-and-filter\" width=\"882\" height=\"114\"><\/li><li> Da l\u00ec, fai clic dal pi\u00f9 grande al pi\u00f9 piccolo. <br><img loading=\"lazy\" decoding=\"async\" title=\"9 ordina dal pi\u00f9 grande al pi\u00f9 piccolo\" src=\"https:\/\/exceladvisor.org\/wp-content\/uploads\/2023\/08\/9-trier-du-plus-grand-au-plus-petit.png\" sizes=\"auto, \" srcset=\"\" alt=\"sort-largest-to-smallest\" width=\"197\" height=\"245\"><\/li><li> La riga totale viene ordinata dal pi\u00f9 grande al pi\u00f9 piccolo. <br><img loading=\"lazy\" decoding=\"async\" title=\"10 righe in totale ordinate\" src=\"https:\/\/exceladvisor.org\/wp-content\/uploads\/2023\/08\/10-lignes-au-total-triees.png\" sizes=\"auto, \" srcset=\"\" alt=\"total-row-sorted\" width=\"499\" height=\"170\"><\/li><\/ol><p> Qui nella tabella pivot sopra, le colonne e le righe del totale complessivo sono ordinate dal valore pi\u00f9 grande a quello pi\u00f9 piccolo.<\/p><h2 class=\"wp-block-heading\"> <strong>Ordinamento personalizzato di una tabella pivot<\/strong><\/h2><p> Immagina, ora devi ordinare la torta dei prodotti dal &#8220;pi\u00f9 piccolo al pi\u00f9 grande&#8221; o viceversa. Puoi farlo utilizzando un&#8217;opzione di ordinamento personalizzata.<\/p><ol><li> Fai clic su qualsiasi valore nella riga Torta escluso il totale generale perch\u00e9 non ordiniamo i totali generali. <br><img loading=\"lazy\" decoding=\"async\" title=\"11 tipi di girella personalizzata\" src=\"https:\/\/exceladvisor.org\/wp-content\/uploads\/2023\/08\/11-tri-personnalise-dun-tableau-croise-dynamique.png\" sizes=\"auto, \" srcset=\"\" alt=\"custom-sort-a-pivot-table\" width=\"516\" height=\"180\"><\/li><li> Ora fai clic su Home \u2192 Ordina e modifica. <br><img loading=\"lazy\" decoding=\"async\" title=\"12-ordina-e-modifica\" src=\"https:\/\/exceladvisor.org\/wp-content\/uploads\/2023\/08\/12-trier-et-editer.png\" sizes=\"auto, \" srcset=\"\" alt=\"sort-and-editing\" width=\"896\" height=\"114\"><\/li><li> Dopo aver fatto clic sulla freccia del menu a discesa, fare clic su Ordinamento personalizzato. <br><img loading=\"lazy\" decoding=\"async\" title=\"Ordinamento personalizzato in 13 clic\" src=\"https:\/\/exceladvisor.org\/wp-content\/uploads\/2023\/08\/Tri-personnalise-en-13-clics.png\" sizes=\"auto, \" srcset=\"\" alt=\"click-custom-sort\" width=\"194\" height=\"236\"><\/li><li> Qui si aprir\u00e0 la finestra \u201cOrdina per valore\u201d. <br><img loading=\"lazy\" decoding=\"async\" title=\"14 opzioni di ordinamento per valore\" src=\"https:\/\/exceladvisor.org\/wp-content\/uploads\/2023\/08\/14-option-de-tri-par-valeur.png\" sizes=\"auto, \" srcset=\"\" alt=\"sort-by-value-option\" width=\"360\" height=\"263\"><\/li><li> Ora seleziona Dal pi\u00f9 grande al pi\u00f9 piccolo in Opzione di ordinamento. <br><img loading=\"lazy\" decoding=\"async\" title=\"15 selezioni dal pi\u00f9 grande al pi\u00f9 piccolo\" src=\"https:\/\/exceladvisor.org\/wp-content\/uploads\/2023\/08\/15-selectionner-du-plus-grand-au-plus-petit.png\" sizes=\"auto, \" srcset=\"\" alt=\"select-largest-to-smallest\" width=\"360\" height=\"263\"><\/li><li> Allo stesso modo, seleziona la direzione di ordinamento. Come qui, vogliamo ordinare da sinistra a destra, quindi selezioneremo da sinistra a destra. <br><img loading=\"lazy\" decoding=\"async\" title=\"16-seleziona-direzione-ordinamento\" src=\"https:\/\/exceladvisor.org\/wp-content\/uploads\/2023\/08\/16-selectionner-le-sens-du-tri.png\" sizes=\"auto, \" srcset=\"\" alt=\"select-the-sort-direction\" width=\"360\" height=\"263\"><\/li><li> Eccoci qui. Ora puoi facilmente scoprire quale mese ha registrato le vendite pi\u00f9 alte e quelle pi\u00f9 basse. <br><img loading=\"lazy\" decoding=\"async\" title=\"Dati ordinati in ordine di 17 mesi\" src=\"https:\/\/exceladvisor.org\/wp-content\/uploads\/2023\/08\/Donnees-triees-sur-17-mois.png\" sizes=\"auto, \" srcset=\"\" alt=\"month-wise-sorted-data\" width=\"518\" height=\"180\"><\/li><\/ol><p> E se avessi bisogno di apportare una piccola modifica diversa dal modello selezionato nel tuo pivot.<\/p><p> Ad esempio, disponi di dati sulle vendite da gennaio a dicembre. Supponiamo di portare il mese corrente, ad esempio agosto, in alto? Questo non rientra in nessun modello definito.<\/p><p> Non preoccuparti, \u00e8 possibile. In questi casi, puoi ordinare manualmente la tabella pivot. Qui c&#8217;\u00e8 un semplice esempio. <\/p><div class=\"wp-block-image\"><figure class=\"aligncenter size-large is-resized\"><img loading=\"lazy\" decoding=\"async\" class=\"wp-image-59409\" src=\"https:\/\/exceladvisor.org\/wp-content\/uploads\/2023\/08\/18-trier-le-tableau-croise-dynamique-manuellement.png\" sizes=\"auto, \" srcset=\"\" alt=\"sort-pivot-array-manualmente\" width=\"481\" height=\"301\"><\/figure><\/div><p> Ora nella tabella sopra abbiamo i dati organizzati da gennaio a dicembre in colonne e paesi in ordine alfabetico. Segui i passaggi seguenti per portare &#8220;Agosto&#8221; nella prima colonna e &#8220;India&#8221; nella riga superiore.<\/p><ol><li> Innanzitutto, seleziona l&#8217;intestazione della colonna in cui desideri spostarti. Come qui, vogliamo spostare il mese di agosto. Quindi selezioneremo la cella Aug. <br><img loading=\"lazy\" decoding=\"async\" title=\"19-seleziona-intestazione-colonna\" src=\"https:\/\/exceladvisor.org\/wp-content\/uploads\/2023\/08\/19-selectionner-len-tete-de-colonne.png\" sizes=\"auto, \" srcset=\"\" alt=\"select-the-header-of-column\" width=\"675\" height=\"280\"><\/li><li> Ricorda, dobbiamo solo selezionare la cella di intestazione.<\/li><li> Ora, una volta spostato il cursore sul bordo della cella selezionata, apparir\u00e0 un cursore in movimento dell&#8217;oggetto. <br><img loading=\"lazy\" decoding=\"async\" title=\"20-seleziona-cella-intestazione\" src=\"https:\/\/exceladvisor.org\/wp-content\/uploads\/2023\/08\/20-selectionnez-la-cellule-den-tete.png\" sizes=\"auto, \" srcset=\"\" alt=\"select-the-header-cell\" width=\"450\" height=\"279\"><\/li><li> Successivamente, fai clic con il mouse e trascina la colonna nella posizione in cui desideri spostarti. Qui lo trascineremo nella prima colonna. <br><img loading=\"lazy\" decoding=\"async\" title=\"Colonna da 21 diapositive in posizione\" src=\"https:\/\/exceladvisor.org\/wp-content\/uploads\/2023\/08\/21-faites-glisser-la-colonne-vers-la-position.png\" sizes=\"auto, \" srcset=\"\" alt=\"drag-the-column-to-the-position\" width=\"684\" height=\"284\"><\/li><li> Allo stesso modo, ripetere i passaggi con il paese.<\/li><li> Seleziona &#8220;India&#8221; e sposta il cursore sul confine per ottenere il cursore di spostamento e trascinalo nella prima posizione. <br><img loading=\"lazy\" decoding=\"async\" title=\"22 diapositive in prima posizione\" src=\"https:\/\/exceladvisor.org\/wp-content\/uploads\/2023\/08\/22-glisser-vers-la-premiere-position.png\" sizes=\"auto, \" srcset=\"\" alt=\"drag-to-first-position\" width=\"484\" height=\"311\"><\/li><\/ol><h2 class=\"wp-block-heading\"> <strong>Ordina in ordine alfabetico<\/strong><\/h2><p> Ora ordiniamo i paesi in ordine alfabetico per comodit\u00e0 del nostro pubblico. Questo pu\u00f2 essere fatto in due modi diversi. <\/p><div class=\"wp-block-image\"><figure class=\"aligncenter size-large is-resized\"><img loading=\"lazy\" decoding=\"async\" class=\"wp-image-59418\" src=\"https:\/\/exceladvisor.org\/wp-content\/uploads\/2023\/08\/23-trier-par-ordre-alphabetique.png\" sizes=\"auto, \" srcset=\"\" alt=\"ordinare in ordine alfabetico\" width=\"296\" height=\"227\"><\/figure><\/div><ol><li> Per iniziare, fai clic sulla cella in alto \u201cIndia\u201d in questo esempio. <br><img loading=\"lazy\" decoding=\"async\" title=\"24 clic sulla cella in alto\" src=\"https:\/\/exceladvisor.org\/wp-content\/uploads\/2023\/08\/24-cliquez-sur-la-cellule-du-haut.png\" sizes=\"auto, \" srcset=\"\" alt=\"click-the-top-cell\" width=\"281\" height=\"213\"><\/li><li> Ora fai clic sulla scheda Home e vai al pulsante Ordina e filtra. <br><img loading=\"lazy\" decoding=\"async\" title=\"Ordina e filtra in 25 passaggi\" src=\"https:\/\/exceladvisor.org\/wp-content\/uploads\/2023\/08\/25-aller-pour-trier-et-filtrer.png\" sizes=\"auto, \" srcset=\"\" alt=\"go-to-sort-and-filter\" width=\"135\" height=\"227\"><\/li><li> Qui fai clic sull&#8217;opzione &#8220;Ordina dalla A alla Z&#8221;. <br><img loading=\"lazy\" decoding=\"async\" title=\"26 incantesimi dalla A alla Z\" src=\"https:\/\/exceladvisor.org\/wp-content\/uploads\/2023\/08\/26-trier-de-a-a-z.png\" sizes=\"auto, \" srcset=\"\" alt=\"sort-A-to-Z\" width=\"134\" height=\"154\"><\/li><li> I dati sono ordinati. Ora vedi che i paesi sono ordinati alfabeticamente dalla A alla Z. <br><img loading=\"lazy\" decoding=\"async\" title=\"27 dati ordinati\" src=\"https:\/\/exceladvisor.org\/wp-content\/uploads\/2023\/08\/27-donnees-triees.png\" sizes=\"auto, \" srcset=\"\" alt=\"sorted-data\" width=\"290\" height=\"222\"><\/li><\/ol><p> \u00c8 inoltre possibile utilizzare i seguenti passaggi per utilizzare un altro metodo di ordinamento alfabetico.<\/p><ol><li> Seleziona la cella di intestazione, ad esempio &#8220;Paese&#8221; nella tabella pivot. <br><img loading=\"lazy\" decoding=\"async\" title=\"28-seleziona-cella-intestazione\" src=\"https:\/\/exceladvisor.org\/wp-content\/uploads\/2023\/08\/28-selectionner-la-cellule-den-tete.png\" sizes=\"auto, \" srcset=\"\" alt=\"select-the-header-cell\" width=\"292\" height=\"222\"><\/li><li> Ora fai clic sulla piccola freccia a discesa accanto a &#8220;Paese&#8221;. <br><img loading=\"lazy\" decoding=\"async\" title=\"29 clic sull'elenco a discesa\" src=\"https:\/\/exceladvisor.org\/wp-content\/uploads\/2023\/08\/29-cliquez-sur-le-menu-deroulant.png\" sizes=\"auto, \" srcset=\"\" alt=\"click-on-drop-down\" width=\"228\" height=\"341\"><\/li><li> Ora fai clic sulla prima opzione, ovvero &#8220;Ordina dalla A alla Z&#8221;. <br><img loading=\"lazy\" decoding=\"async\" title=\"30 incantesimi dalla A alla Z\" src=\"https:\/\/exceladvisor.org\/wp-content\/uploads\/2023\/08\/30-trier-de-a-a-z.png\" sizes=\"auto, \" srcset=\"\" alt=\"sort-A-to-Z\" width=\"226\" height=\"337\"><\/li><li> Eccoci qui. I paesi sono elencati in ordine alfabetico dalla A alla Z. <br><img loading=\"lazy\" decoding=\"async\" title=\"31 dati ordinati dalla A alla Z\" src=\"https:\/\/exceladvisor.org\/wp-content\/uploads\/2023\/08\/31-donnees-triees-de-a-a-z.png\" sizes=\"auto, \" srcset=\"\" alt=\"sorted-data-A-to-Z\" width=\"281\" height=\"216\"><\/li><\/ol>","protected":false},"excerpt":{"rendered":"","protected":false},"author":1,"featured_media":0,"parent":0,"menu_order":0,"comment_status":"open","ping_status":"closed","template":"","meta":{"ub_ctt_via":"","footnotes":""},"class_list":["post-1619","page","type-page","status-publish","hentry"],"featured_image_src":null,"yoast_head":"<!-- This site is optimized with the Yoast SEO plugin v25.4 - https:\/\/yoast.com\/wordpress\/plugins\/seo\/ -->\n<title>Come ordinare una tabella pivot in Excel?<\/title>\n<meta name=\"description\" content=\"In questo tutorial puoi imparare come ordinare una tabella pivot utilizzando diversi metodi che possono aiutarti a ordinare\" \/>\n<meta name=\"robots\" content=\"index, follow, max-snippet:-1, max-image-preview:large, max-video-preview:-1\" \/>\n<link rel=\"canonical\" href=\"https:\/\/exceladvisor.org\/it\/ordinare-una-tabella-pivot\/\" \/>\n<meta property=\"og:locale\" content=\"it_IT\" \/>\n<meta property=\"og:type\" content=\"article\" \/>\n<meta property=\"og:title\" content=\"Come ordinare una tabella pivot in Excel?\" \/>\n<meta property=\"og:description\" content=\"In questo tutorial puoi imparare come ordinare una tabella pivot utilizzando diversi metodi che possono aiutarti a ordinare\" \/>\n<meta property=\"og:url\" content=\"https:\/\/exceladvisor.org\/it\/ordinare-una-tabella-pivot\/\" \/>\n<meta property=\"og:site_name\" content=\"Excel Advisor\" \/>\n<meta property=\"article:modified_time\" content=\"2023-12-10T06:24:33+00:00\" \/>\n<meta property=\"og:image\" content=\"https:\/\/exceladvisor.org\/wp-content\/uploads\/2023\/08\/1-tri-base-sur-les-valeurs.png\" \/>\n<meta name=\"twitter:card\" content=\"summary_large_image\" \/>\n<meta name=\"twitter:label1\" content=\"Tempo di lettura stimato\" \/>\n\t<meta name=\"twitter:data1\" content=\"3 minuti\" \/>\n<script type=\"application\/ld+json\" class=\"yoast-schema-graph\">{\"@context\":\"https:\/\/schema.org\",\"@graph\":[{\"@type\":\"WebPage\",\"@id\":\"https:\/\/exceladvisor.org\/it\/ordinare-una-tabella-pivot\/\",\"url\":\"https:\/\/exceladvisor.org\/it\/ordinare-una-tabella-pivot\/\",\"name\":\"Come ordinare una tabella pivot in Excel?\",\"isPartOf\":{\"@id\":\"https:\/\/exceladvisor.org\/it\/#website\"},\"primaryImageOfPage\":{\"@id\":\"https:\/\/exceladvisor.org\/it\/ordinare-una-tabella-pivot\/#primaryimage\"},\"image\":{\"@id\":\"https:\/\/exceladvisor.org\/it\/ordinare-una-tabella-pivot\/#primaryimage\"},\"thumbnailUrl\":\"https:\/\/exceladvisor.org\/wp-content\/uploads\/2023\/08\/1-tri-base-sur-les-valeurs.png\",\"datePublished\":\"2023-11-15T08:08:27+00:00\",\"dateModified\":\"2023-12-10T06:24:33+00:00\",\"description\":\"In questo tutorial puoi imparare come ordinare una tabella pivot utilizzando diversi metodi che possono aiutarti a ordinare\",\"breadcrumb\":{\"@id\":\"https:\/\/exceladvisor.org\/it\/ordinare-una-tabella-pivot\/#breadcrumb\"},\"inLanguage\":\"it-IT\",\"potentialAction\":[{\"@type\":\"ReadAction\",\"target\":[\"https:\/\/exceladvisor.org\/it\/ordinare-una-tabella-pivot\/\"]}]},{\"@type\":\"ImageObject\",\"inLanguage\":\"it-IT\",\"@id\":\"https:\/\/exceladvisor.org\/it\/ordinare-una-tabella-pivot\/#primaryimage\",\"url\":\"https:\/\/exceladvisor.org\/wp-content\/uploads\/2023\/08\/1-tri-base-sur-les-valeurs.png\",\"contentUrl\":\"https:\/\/exceladvisor.org\/wp-content\/uploads\/2023\/08\/1-tri-base-sur-les-valeurs.png\"},{\"@type\":\"BreadcrumbList\",\"@id\":\"https:\/\/exceladvisor.org\/it\/ordinare-una-tabella-pivot\/#breadcrumb\",\"itemListElement\":[{\"@type\":\"ListItem\",\"position\":1,\"name\":\"Home\",\"item\":\"https:\/\/exceladvisor.org\/it\/\"},{\"@type\":\"ListItem\",\"position\":2,\"name\":\"Come ordinare una tabella pivot in excel?\"}]},{\"@type\":\"WebSite\",\"@id\":\"https:\/\/exceladvisor.org\/it\/#website\",\"url\":\"https:\/\/exceladvisor.org\/it\/\",\"name\":\"Excel Advisor\",\"description\":\"Tips, Tricks, and Time-Saving Hacks\",\"publisher\":{\"@id\":\"https:\/\/exceladvisor.org\/it\/#organization\"},\"potentialAction\":[{\"@type\":\"SearchAction\",\"target\":{\"@type\":\"EntryPoint\",\"urlTemplate\":\"https:\/\/exceladvisor.org\/it\/?s={search_term_string}\"},\"query-input\":{\"@type\":\"PropertyValueSpecification\",\"valueRequired\":true,\"valueName\":\"search_term_string\"}}],\"inLanguage\":\"it-IT\"},{\"@type\":\"Organization\",\"@id\":\"https:\/\/exceladvisor.org\/it\/#organization\",\"name\":\"Excel Advisor\",\"url\":\"https:\/\/exceladvisor.org\/it\/\",\"logo\":{\"@type\":\"ImageObject\",\"inLanguage\":\"it-IT\",\"@id\":\"https:\/\/exceladvisor.org\/it\/#\/schema\/logo\/image\/\",\"url\":\"https:\/\/exceladvisor.org\/it\/wp-content\/uploads\/2023\/12\/exceladvisor.org_.png\",\"contentUrl\":\"https:\/\/exceladvisor.org\/it\/wp-content\/uploads\/2023\/12\/exceladvisor.org_.png\",\"width\":105,\"height\":36,\"caption\":\"Excel Advisor\"},\"image\":{\"@id\":\"https:\/\/exceladvisor.org\/it\/#\/schema\/logo\/image\/\"}}]}<\/script>\n<!-- \/ Yoast SEO plugin. -->","yoast_head_json":{"title":"Come ordinare una tabella pivot in Excel?","description":"In questo tutorial puoi imparare come ordinare una tabella pivot utilizzando diversi metodi che possono aiutarti a ordinare","robots":{"index":"index","follow":"follow","max-snippet":"max-snippet:-1","max-image-preview":"max-image-preview:large","max-video-preview":"max-video-preview:-1"},"canonical":"https:\/\/exceladvisor.org\/it\/ordinare-una-tabella-pivot\/","og_locale":"it_IT","og_type":"article","og_title":"Come ordinare una tabella pivot in Excel?","og_description":"In questo tutorial puoi imparare come ordinare una tabella pivot utilizzando diversi metodi che possono aiutarti a ordinare","og_url":"https:\/\/exceladvisor.org\/it\/ordinare-una-tabella-pivot\/","og_site_name":"Excel Advisor","article_modified_time":"2023-12-10T06:24:33+00:00","og_image":[{"url":"https:\/\/exceladvisor.org\/wp-content\/uploads\/2023\/08\/1-tri-base-sur-les-valeurs.png","type":"","width":"","height":""}],"twitter_card":"summary_large_image","twitter_misc":{"Tempo di lettura stimato":"3 minuti"},"schema":{"@context":"https:\/\/schema.org","@graph":[{"@type":"WebPage","@id":"https:\/\/exceladvisor.org\/it\/ordinare-una-tabella-pivot\/","url":"https:\/\/exceladvisor.org\/it\/ordinare-una-tabella-pivot\/","name":"Come ordinare una tabella pivot in Excel?","isPartOf":{"@id":"https:\/\/exceladvisor.org\/it\/#website"},"primaryImageOfPage":{"@id":"https:\/\/exceladvisor.org\/it\/ordinare-una-tabella-pivot\/#primaryimage"},"image":{"@id":"https:\/\/exceladvisor.org\/it\/ordinare-una-tabella-pivot\/#primaryimage"},"thumbnailUrl":"https:\/\/exceladvisor.org\/wp-content\/uploads\/2023\/08\/1-tri-base-sur-les-valeurs.png","datePublished":"2023-11-15T08:08:27+00:00","dateModified":"2023-12-10T06:24:33+00:00","description":"In questo tutorial puoi imparare come ordinare una tabella pivot utilizzando diversi metodi che possono aiutarti a ordinare","breadcrumb":{"@id":"https:\/\/exceladvisor.org\/it\/ordinare-una-tabella-pivot\/#breadcrumb"},"inLanguage":"it-IT","potentialAction":[{"@type":"ReadAction","target":["https:\/\/exceladvisor.org\/it\/ordinare-una-tabella-pivot\/"]}]},{"@type":"ImageObject","inLanguage":"it-IT","@id":"https:\/\/exceladvisor.org\/it\/ordinare-una-tabella-pivot\/#primaryimage","url":"https:\/\/exceladvisor.org\/wp-content\/uploads\/2023\/08\/1-tri-base-sur-les-valeurs.png","contentUrl":"https:\/\/exceladvisor.org\/wp-content\/uploads\/2023\/08\/1-tri-base-sur-les-valeurs.png"},{"@type":"BreadcrumbList","@id":"https:\/\/exceladvisor.org\/it\/ordinare-una-tabella-pivot\/#breadcrumb","itemListElement":[{"@type":"ListItem","position":1,"name":"Home","item":"https:\/\/exceladvisor.org\/it\/"},{"@type":"ListItem","position":2,"name":"Come ordinare una tabella pivot in excel?"}]},{"@type":"WebSite","@id":"https:\/\/exceladvisor.org\/it\/#website","url":"https:\/\/exceladvisor.org\/it\/","name":"Excel Advisor","description":"Tips, Tricks, and Time-Saving Hacks","publisher":{"@id":"https:\/\/exceladvisor.org\/it\/#organization"},"potentialAction":[{"@type":"SearchAction","target":{"@type":"EntryPoint","urlTemplate":"https:\/\/exceladvisor.org\/it\/?s={search_term_string}"},"query-input":{"@type":"PropertyValueSpecification","valueRequired":true,"valueName":"search_term_string"}}],"inLanguage":"it-IT"},{"@type":"Organization","@id":"https:\/\/exceladvisor.org\/it\/#organization","name":"Excel Advisor","url":"https:\/\/exceladvisor.org\/it\/","logo":{"@type":"ImageObject","inLanguage":"it-IT","@id":"https:\/\/exceladvisor.org\/it\/#\/schema\/logo\/image\/","url":"https:\/\/exceladvisor.org\/it\/wp-content\/uploads\/2023\/12\/exceladvisor.org_.png","contentUrl":"https:\/\/exceladvisor.org\/it\/wp-content\/uploads\/2023\/12\/exceladvisor.org_.png","width":105,"height":36,"caption":"Excel Advisor"},"image":{"@id":"https:\/\/exceladvisor.org\/it\/#\/schema\/logo\/image\/"}}]}},"yoast_meta":{"yoast_wpseo_title":"","yoast_wpseo_metadesc":"","yoast_wpseo_canonical":""},"_links":{"self":[{"href":"https:\/\/exceladvisor.org\/it\/wp-json\/wp\/v2\/pages\/1619","targetHints":{"allow":["GET"]}}],"collection":[{"href":"https:\/\/exceladvisor.org\/it\/wp-json\/wp\/v2\/pages"}],"about":[{"href":"https:\/\/exceladvisor.org\/it\/wp-json\/wp\/v2\/types\/page"}],"author":[{"embeddable":true,"href":"https:\/\/exceladvisor.org\/it\/wp-json\/wp\/v2\/users\/1"}],"replies":[{"embeddable":true,"href":"https:\/\/exceladvisor.org\/it\/wp-json\/wp\/v2\/comments?post=1619"}],"version-history":[{"count":1,"href":"https:\/\/exceladvisor.org\/it\/wp-json\/wp\/v2\/pages\/1619\/revisions"}],"predecessor-version":[{"id":2588,"href":"https:\/\/exceladvisor.org\/it\/wp-json\/wp\/v2\/pages\/1619\/revisions\/2588"}],"wp:attachment":[{"href":"https:\/\/exceladvisor.org\/it\/wp-json\/wp\/v2\/media?parent=1619"}],"curies":[{"name":"wp","href":"https:\/\/api.w.org\/{rel}","templated":true}]}}