{"id":1623,"date":"2023-11-15T05:35:45","date_gmt":"2023-11-15T05:35:45","guid":{"rendered":"https:\/\/exceladvisor.org\/it\/colonna-dei-ranghi\/"},"modified":"2023-12-10T06:23:31","modified_gmt":"2023-12-10T06:23:31","slug":"colonna-dei-ranghi","status":"publish","type":"page","link":"https:\/\/exceladvisor.org\/it\/colonna-dei-ranghi\/","title":{"rendered":"Come faccio ad aggiungere righe alle tabelle pivot?"},"content":{"rendered":"<div class=\"excel-prima-del-contenuto\" id=\"excel-442669374\"><script type=\"text\/javascript\">\r\n\tatOptions = {\r\n\t\t'key' : 'c1158f160081d6540a8409e6925dab94',\r\n\t\t'format' : 'iframe',\r\n\t\t'height' : 250,\r\n\t\t'width' : 300,\r\n\t\t'params' : {}\r\n\t};\r\n<\/script>\r\n<script type=\"text\/javascript\" src=\"\/\/www.highperformanceformat.com\/c1158f160081d6540a8409e6925dab94\/invoke.js\"><\/script><\/div> <p>Utilizzando una tabella pivot, puoi riepilogare i tuoi dati in modo comprensibile. E questo riepilogo pu\u00f2 aiutarti ad analizzare i dati per categoria, prodotto, mese, ecc.<\/p><p> Una delle pratiche comuni dell&#8217;analisi dei dati \u00e8 classificarli. La classificazione delle categorie e dei prodotti pu\u00f2 aiutarti a confrontarli tra loro.<\/p><p> La parte migliore della classifica \u00e8 che puoi controllare cosa c&#8217;\u00e8 in alto e cosa c&#8217;\u00e8 in fondo. Se utilizziamo la classifica in una tabella pivot, possiamo risparmiare molto tempo e fatica e ci aiuter\u00e0 nella nostra analisi.<\/p><p> Quindi oggi in questo articolo vorrei mostrarti 3 diversi metodi per aggiungere una colonna di classificazione in una tabella pivot.<\/p><p class=\"qt-tip\"> <strong>NOTA:<\/strong> le tabelle pivot sono una delle <a style=\"outline: none;\" href=\"https:\/\/exceladvisor.org\/it\/eccellere-nelle-competenze\/\">COMPETENZE EXCEL INTERMEDIE<\/a> e l&#8217;ordinamento in una tabella pivot \u00e8 una delle Competenze avanzate delle tabelle pivot.<\/p><h2 id=\"tab-con-7\" class=\"wp-block-heading\"> Aggiungi la classifica delle tabelle pivot in Excel <\/h2><ol id=\"block-1cdd13a7-9078-4d7a-9db5-0402fd67f935\" class=\"block-editor-rich-text__editable block-editor-block-list__block wp-block is-selected rich-text\" tabindex=\"0\" role=\"group\" contenteditable=\"true\" aria-multiline=\"true\" aria-label=\"Block: List\" data-block=\"1cdd13a7-9078-4d7a-9db5-0402fd67f935\" data-type=\"core\/list\" data-title=\"List\"><li> Aggiungi due volte il campo valore nella tabella pivot per la quale desideri misurare la classifica. <br><img decoding=\"async\" title=\"Aggiungi rango nella tabella pivot in Excel-2\" src=\"https:\/\/exceladvisor.org\/wp-content\/uploads\/2023\/08\/Ajouter-un-rang-dans-le-tableau-croise-dynamique-dans-Excel-2-1.png\" sizes=\"\" srcset=\"\" alt=\"Add Ranks In Pivot Table In Excel 2010 &amp; Above\"><\/li><li> Seleziona una delle celle nella seconda colonna di dati e fai clic con il pulsante destro del mouse su di essa.<\/li><li> Vai su \u201cMostra valori come\u201d. Hai due diverse opzioni per aggiungere la classificazione &#8220;Classifica dal pi\u00f9 piccolo al pi\u00f9 grande&#8221; o &#8220;Classifica dal pi\u00f9 grande al pi\u00f9 piccolo&#8221;, seleziona quella che desideri utilizzare. <br><img decoding=\"async\" title=\"Aggiungi rango nella tabella pivot in Excel-3\" src=\"https:\/\/exceladvisor.org\/wp-content\/uploads\/2023\/08\/Ajouter-un-rang-dans-le-tableau-croise-dynamique-dans-Excel-3-1.png\" sizes=\"\" srcset=\"\" alt=\"Add Ranks In Pivot Table in Excel\"><\/li><li> Convertir\u00e0 i valori delle colonne in classifiche e quindi ordiner\u00e0 semplicemente i dati per analizzare la classifica. <br><img decoding=\"async\" title=\"Aggiungi rango nella tabella pivot in Excel-4\" src=\"https:\/\/exceladvisor.org\/wp-content\/uploads\/2023\/08\/Ajouter-un-rang-dans-le-tableau-croise-dynamique-dans-Excel-4-1.png\" sizes=\"\" srcset=\"\" alt=\"Add Ranks In Pivot Table in Excel\"><\/li><\/ol><p> Questo \u00e8 il modo pi\u00f9 semplice per aggiungere una classifica a una tabella pivot se utilizzi Excel 2010 o versioni precedenti.<\/p><p class=\"grey-note\"> Quando utilizzi questo metodo, le classifiche cambiano mentre filtri la tabella pivot.<\/p><h2 id=\"tab-con-1\" class=\"wp-block-heading\"> Aggiungi la classificazione delle tabelle pivot in Excel 2007 e versioni precedenti <\/h2><ol id=\"block-3767d3ec-1e7b-41a5-9d79-5a37a38c26e8\" class=\"block-editor-rich-text__editable block-editor-block-list__block wp-block is-selected rich-text\" tabindex=\"0\" role=\"group\" contenteditable=\"true\" aria-multiline=\"true\" aria-label=\"Block: List\" data-block=\"3767d3ec-1e7b-41a5-9d79-5a37a38c26e8\" data-type=\"core\/list\" data-title=\"List\"><li> Inizia ordinando in ordine crescente i dati su cui vuoi calcolare la classifica. <br><img decoding=\"async\" title=\"Aggiungi riga nella tabella pivot in Excel-5\" src=\"https:\/\/exceladvisor.org\/wp-content\/uploads\/2023\/08\/Ajouter-un-rang-dans-le-tableau-croise-dynamique-dans-Excel-5-1.png\" sizes=\"\" srcset=\"\" alt=\"Add Ranks In Pivot Table in Excel\"><\/li><li> Successivamente, apri la finestra di dialogo del campo calcolato e inserisci &#8220;= 1&#8221; nella barra di immissione della formula. <br><img decoding=\"async\" title=\"Aggiungi rango nella tabella pivot in Excel-6\" src=\"https:\/\/exceladvisor.org\/wp-content\/uploads\/2023\/08\/Ajouter-un-rang-dans-le-tableau-croise-dynamique-dans-Excel-6-1.png\" sizes=\"\" srcset=\"\" alt=\"Add Ranks In Pivot Table in Excel\"><\/li><li> Ci\u00f2 aggiunger\u00e0 un nuovo campo nel tuo pivot con un valore di 1 in tutte le celle. <br><img decoding=\"async\" title=\"Aggiungi riga nella tabella pivot in Excel-14\" src=\"https:\/\/exceladvisor.org\/wp-content\/uploads\/2023\/08\/Ajouter-un-rang-dans-le-tableau-croise-dynamique-dans-Excel-14-1.png\" sizes=\"\" srcset=\"\" alt=\"Add Rank In Pivot Table Excel 2007 &amp; 2010\"><\/li><li> Successivamente, seleziona una delle celle in questo campo e fai clic con il pulsante destro del mouse.<\/li><li> Ora seleziona l&#8217;opzione &#8220;Campo valore&#8221; e nella finestra di dialogo di impostazione del campo valore, vai alla scheda &#8220;Mostra valori come&#8221;.<\/li><li> Dall&#8217;elenco a discesa, selezionare &#8220;Running Total In&#8221; e fare clic su OK. <br><img decoding=\"async\" title=\"Aggiungi rango nella tabella pivot in Excel-15\" src=\"https:\/\/exceladvisor.org\/wp-content\/uploads\/2023\/08\/Ajouter-un-rang-dans-le-tableau-croise-dynamique-dans-Excel-15-1.png\" sizes=\"\" srcset=\"\" alt=\"Add Rank In Pivot Table Excel 2007 &amp; 2010\"><\/li><li> Ora hai una colonna con le classifiche nella tua tabella pivot. <br><img decoding=\"async\" title=\"Aggiungi riga nella tabella pivot in Excel-16\" src=\"https:\/\/exceladvisor.org\/wp-content\/uploads\/2023\/08\/Ajouter-un-rang-dans-le-tableau-croise-dynamique-dans-Excel-16-1.png\" sizes=\"\" srcset=\"\" alt=\"Add Rank In Pivot Table Excel 2007 &amp; 2010\"><\/li><\/ol><p class=\"qt-tip\"> <strong>Avviso:<\/strong> assicurati di aver ordinato la tabella pivot in ordine crescente o decrescente.<\/p><h2 id=\"tab-con-2\" class=\"wp-block-heading\"> Utilizzo di RANK.EQ e RANK.AVG nei dati di origine<\/h2><p> Questo metodo \u00e8 un po\u2019 complicato, ma funziona come un incantesimo. Il vantaggio di utilizzare RANK.EQ e RANK.AVG \u00e8 che non devi aggiungere nulla alla tabella pivot. Basta seguire questi semplici passaggi.<\/p><ol><li> Innanzitutto, nei tuoi dati grezzi inserisci una nuova colonna e aggiungi questa formula nella <a href=\"https:\/\/exceladvisor.org\/it\/barra-delle-formule-excel\/\">barra della formula<\/a> :<ul><li> <strong>=SE(NB.SE(C$2:C2,C2)&gt;1, \u00bb \u00bb,SOMMA($E$2:$E$1507,$C$2:$C$1507,C2))<\/strong><\/li><li> (Ecco come funziona la formula: questa formula aggiunger\u00e0 un singolo totale per ciascuna categoria nella colonna. E potrai utilizzare questo totale per calcolare la classifica di ciascuna categoria). <\/li><\/ul><img decoding=\"async\" title=\"Aggiungi riga nella tabella pivot in Excel-8\" src=\"https:\/\/exceladvisor.org\/wp-content\/uploads\/2023\/08\/Ajouter-un-rang-dans-le-tableau-croise-dynamique-dans-Excel-8-1.png\" sizes=\"\" srcset=\"\" alt=\"Add Rank Formulas In Raw Data To Add Rank In Pivot Table\"><\/li><li> Ora aggiungi altre due colonne alla fine dei tuoi dati e aggiungi loro le formule seguenti.<ul><li> <strong>=SE(H2=&#8221;&#8221;,0,RANGO.EQ(H2,$H$2:$H$1507,1))<\/strong><\/li><li> <strong>=SE(H=&#8221;&#8221;,0,RANGO.AVG(H2,$H$2:$H$1507,1))<\/strong><\/li><li> (Ecco come funziona la formula: RANK.EQ e RANK.AVG calcoleranno il rango della categoria nel dump dei dati. Abbiamo utilizzato queste due funzioni per ottenere diversi tipi di ranghi).<\/li><\/ul><\/li><li> Successivamente, crea una tabella pivot utilizzando questo dump dei dati come di seguito. Puoi utilizzare entrambe le colonne per calcolare la classifica. <br><img decoding=\"async\" title=\"Aggiungi rango nella tabella pivot in Excel-12\" src=\"https:\/\/exceladvisor.org\/wp-content\/uploads\/2023\/08\/Ajouter-un-rang-dans-le-tableau-croise-dynamique-dans-Excel-12-1.png\" sizes=\"\" srcset=\"\" alt=\"Create Pivot Table To Add Rank In Pivot Table Create Pivot Table\"><\/li><\/ol><p class=\"qt-tip\"> <strong>Importante:<\/strong> quando utilizzi questo metodo, la classifica non cambier\u00e0 quando filtri gli elementi.<\/p><h2 id=\"tab-con-3\" class=\"wp-block-heading\"> Aggiungi una colonna di classificazione separata in una tabella pivot<\/h2><p> Invece di utilizzare formule o qualsiasi altro metodo, puoi anche aggiungere una colonna manuale separata per la classifica. Quando desideri aggiungere ranghi per un&#8217;istanza, puoi utilizzare questo metodo. Basta seguire questi semplici passaggi. <\/p><ol id=\"block-801fdb14-42c2-4a71-9877-54cb09d728bd\" class=\"block-editor-rich-text__editable block-editor-block-list__block wp-block is-selected rich-text\" tabindex=\"0\" role=\"group\" contenteditable=\"true\" aria-multiline=\"true\" aria-label=\"Block: List\" data-block=\"801fdb14-42c2-4a71-9877-54cb09d728bd\" data-type=\"core\/list\" data-title=\"List\"><li> Prendi una tabella pivot e ordina i valori in ordine crescente o decrescente come desideri. <br><img decoding=\"async\" title=\"Aggiungi riga nella tabella pivot in Excel-11\" src=\"https:\/\/exceladvisor.org\/wp-content\/uploads\/2023\/08\/Ajouter-un-rang-dans-le-tableau-croise-dynamique-dans-Excel-11-1.png\" sizes=\"\" srcset=\"\" alt=\"Sort Data To Add Rank In Pivot Table Create Pivot Table\"><\/li><li> E, nelle due colonne successive all&#8217;esterno della tabella pivot, aggiungi le formule seguenti.<ul><li> =RANGO.EQ(E4;$E$4:$E$15,1)<\/li><li> =RANGO.MEDIA(E4;$E$4:$E$15,1)<\/li><\/ul><\/li><li> Trascinateli qui sotto e avrete la classifica con la tabella pivot. <br><img decoding=\"async\" title=\"Aggiungi riga nella tabella pivot in Excel-12-1\" src=\"https:\/\/exceladvisor.org\/wp-content\/uploads\/2023\/08\/Ajouter-un-rang-dans-le-tableau-croise-dynamique-dans-Excel-12-1.png\" sizes=\"\" srcset=\"\" alt=\"Add Formulas To Add Rank In Pivot Table Create Pivot Table\"><\/li><\/ol><h2 id=\"tab-con-4\" class=\"wp-block-heading\"> File di esempio<\/h2><p> <a style=\"outline: none;\" href=\"https:\/\/exceladvisor.org\/wp-content\/uploads\/2023\/11\/comment-ajouter-des-rangs-dans-un-tableau-croise-dynamique-exceladvisor.xlsx\" rel=\"nofollow\" data-wpel-link=\"internal\">scaricamento<\/a> <\/p><div class=\"wp-block-group main-page-bottom is-layout-flow\"><div class=\"wp-block-group__inner-container\"><h2 class=\"wp-block-heading\"> Ulteriori informazioni sulle tabelle pivot<\/h2><ul><li> <a href=\"https:\/\/exceladvisor.org\/it\/calcolo-nella-tabella-pivot\/\">Aggiungere un campo calcolato e un elemento (formule in una tabella pivot)<\/a><\/li><li> <a href=\"https:\/\/exceladvisor.org\/it\/contare-valori-univoci\/\">Conta valori univoci in una tabella pivot in Excel<\/a><\/li><li> <a href=\"https:\/\/exceladvisor.org\/it\/date-di-gruppo\/\">Raggruppare le date in una tabella pivot<\/a><\/li><\/ul><p> \u21e0 Torna al <a href=\"https:\/\/exceladvisor.org\/it\/tabella-pivot\/\">tutorial sulla tabella pivot<\/a><\/p><\/div><\/div>","protected":false},"excerpt":{"rendered":"","protected":false},"author":1,"featured_media":0,"parent":0,"menu_order":0,"comment_status":"open","ping_status":"closed","template":"","meta":{"ub_ctt_via":"","footnotes":""},"class_list":["post-1623","page","type-page","status-publish","hentry"],"featured_image_src":null,"yoast_head":"<!-- This site is optimized with the Yoast SEO plugin v25.4 - https:\/\/yoast.com\/wordpress\/plugins\/seo\/ -->\n<title>Come faccio ad aggiungere righe alle tabelle pivot?<\/title>\n<meta name=\"description\" content=\"Scopri come aggiungere una riga in una tabella pivot utilizzando diversi metodi in Excel 2010 e versioni successive.\" \/>\n<meta name=\"robots\" content=\"index, follow, max-snippet:-1, max-image-preview:large, max-video-preview:-1\" \/>\n<link rel=\"canonical\" href=\"https:\/\/exceladvisor.org\/it\/colonna-dei-ranghi\/\" \/>\n<meta property=\"og:locale\" content=\"it_IT\" \/>\n<meta property=\"og:type\" content=\"article\" \/>\n<meta property=\"og:title\" content=\"Come faccio ad aggiungere righe alle tabelle pivot?\" \/>\n<meta property=\"og:description\" content=\"Scopri come aggiungere una riga in una tabella pivot utilizzando diversi metodi in Excel 2010 e versioni successive.\" \/>\n<meta property=\"og:url\" content=\"https:\/\/exceladvisor.org\/it\/colonna-dei-ranghi\/\" \/>\n<meta property=\"og:site_name\" content=\"Excel Advisor\" \/>\n<meta property=\"article:modified_time\" content=\"2023-12-10T06:23:31+00:00\" \/>\n<meta property=\"og:image\" content=\"https:\/\/exceladvisor.org\/wp-content\/uploads\/2023\/08\/Ajouter-un-rang-dans-le-tableau-croise-dynamique-dans-Excel-2-1.png\" \/>\n<meta name=\"twitter:card\" content=\"summary_large_image\" \/>\n<meta name=\"twitter:label1\" content=\"Tempo di lettura stimato\" \/>\n\t<meta name=\"twitter:data1\" content=\"4 minuti\" \/>\n<script type=\"application\/ld+json\" class=\"yoast-schema-graph\">{\"@context\":\"https:\/\/schema.org\",\"@graph\":[{\"@type\":\"WebPage\",\"@id\":\"https:\/\/exceladvisor.org\/it\/colonna-dei-ranghi\/\",\"url\":\"https:\/\/exceladvisor.org\/it\/colonna-dei-ranghi\/\",\"name\":\"Come faccio ad aggiungere righe alle tabelle pivot?\",\"isPartOf\":{\"@id\":\"https:\/\/exceladvisor.org\/it\/#website\"},\"primaryImageOfPage\":{\"@id\":\"https:\/\/exceladvisor.org\/it\/colonna-dei-ranghi\/#primaryimage\"},\"image\":{\"@id\":\"https:\/\/exceladvisor.org\/it\/colonna-dei-ranghi\/#primaryimage\"},\"thumbnailUrl\":\"https:\/\/exceladvisor.org\/wp-content\/uploads\/2023\/08\/Ajouter-un-rang-dans-le-tableau-croise-dynamique-dans-Excel-2-1.png\",\"datePublished\":\"2023-11-15T05:35:45+00:00\",\"dateModified\":\"2023-12-10T06:23:31+00:00\",\"description\":\"Scopri come aggiungere una riga in una tabella pivot utilizzando diversi metodi in Excel 2010 e versioni successive.\",\"breadcrumb\":{\"@id\":\"https:\/\/exceladvisor.org\/it\/colonna-dei-ranghi\/#breadcrumb\"},\"inLanguage\":\"it-IT\",\"potentialAction\":[{\"@type\":\"ReadAction\",\"target\":[\"https:\/\/exceladvisor.org\/it\/colonna-dei-ranghi\/\"]}]},{\"@type\":\"ImageObject\",\"inLanguage\":\"it-IT\",\"@id\":\"https:\/\/exceladvisor.org\/it\/colonna-dei-ranghi\/#primaryimage\",\"url\":\"https:\/\/exceladvisor.org\/wp-content\/uploads\/2023\/08\/Ajouter-un-rang-dans-le-tableau-croise-dynamique-dans-Excel-2-1.png\",\"contentUrl\":\"https:\/\/exceladvisor.org\/wp-content\/uploads\/2023\/08\/Ajouter-un-rang-dans-le-tableau-croise-dynamique-dans-Excel-2-1.png\"},{\"@type\":\"BreadcrumbList\",\"@id\":\"https:\/\/exceladvisor.org\/it\/colonna-dei-ranghi\/#breadcrumb\",\"itemListElement\":[{\"@type\":\"ListItem\",\"position\":1,\"name\":\"Home\",\"item\":\"https:\/\/exceladvisor.org\/it\/\"},{\"@type\":\"ListItem\",\"position\":2,\"name\":\"Come faccio ad aggiungere righe alle tabelle pivot?\"}]},{\"@type\":\"WebSite\",\"@id\":\"https:\/\/exceladvisor.org\/it\/#website\",\"url\":\"https:\/\/exceladvisor.org\/it\/\",\"name\":\"Excel Advisor\",\"description\":\"Tips, Tricks, and Time-Saving Hacks\",\"publisher\":{\"@id\":\"https:\/\/exceladvisor.org\/it\/#organization\"},\"potentialAction\":[{\"@type\":\"SearchAction\",\"target\":{\"@type\":\"EntryPoint\",\"urlTemplate\":\"https:\/\/exceladvisor.org\/it\/?s={search_term_string}\"},\"query-input\":{\"@type\":\"PropertyValueSpecification\",\"valueRequired\":true,\"valueName\":\"search_term_string\"}}],\"inLanguage\":\"it-IT\"},{\"@type\":\"Organization\",\"@id\":\"https:\/\/exceladvisor.org\/it\/#organization\",\"name\":\"Excel Advisor\",\"url\":\"https:\/\/exceladvisor.org\/it\/\",\"logo\":{\"@type\":\"ImageObject\",\"inLanguage\":\"it-IT\",\"@id\":\"https:\/\/exceladvisor.org\/it\/#\/schema\/logo\/image\/\",\"url\":\"https:\/\/exceladvisor.org\/it\/wp-content\/uploads\/2023\/12\/exceladvisor.org_.png\",\"contentUrl\":\"https:\/\/exceladvisor.org\/it\/wp-content\/uploads\/2023\/12\/exceladvisor.org_.png\",\"width\":105,\"height\":36,\"caption\":\"Excel Advisor\"},\"image\":{\"@id\":\"https:\/\/exceladvisor.org\/it\/#\/schema\/logo\/image\/\"}}]}<\/script>\n<!-- \/ Yoast SEO plugin. -->","yoast_head_json":{"title":"Come faccio ad aggiungere righe alle tabelle pivot?","description":"Scopri come aggiungere una riga in una tabella pivot utilizzando diversi metodi in Excel 2010 e versioni successive.","robots":{"index":"index","follow":"follow","max-snippet":"max-snippet:-1","max-image-preview":"max-image-preview:large","max-video-preview":"max-video-preview:-1"},"canonical":"https:\/\/exceladvisor.org\/it\/colonna-dei-ranghi\/","og_locale":"it_IT","og_type":"article","og_title":"Come faccio ad aggiungere righe alle tabelle pivot?","og_description":"Scopri come aggiungere una riga in una tabella pivot utilizzando diversi metodi in Excel 2010 e versioni successive.","og_url":"https:\/\/exceladvisor.org\/it\/colonna-dei-ranghi\/","og_site_name":"Excel Advisor","article_modified_time":"2023-12-10T06:23:31+00:00","og_image":[{"url":"https:\/\/exceladvisor.org\/wp-content\/uploads\/2023\/08\/Ajouter-un-rang-dans-le-tableau-croise-dynamique-dans-Excel-2-1.png","type":"","width":"","height":""}],"twitter_card":"summary_large_image","twitter_misc":{"Tempo di lettura stimato":"4 minuti"},"schema":{"@context":"https:\/\/schema.org","@graph":[{"@type":"WebPage","@id":"https:\/\/exceladvisor.org\/it\/colonna-dei-ranghi\/","url":"https:\/\/exceladvisor.org\/it\/colonna-dei-ranghi\/","name":"Come faccio ad aggiungere righe alle tabelle pivot?","isPartOf":{"@id":"https:\/\/exceladvisor.org\/it\/#website"},"primaryImageOfPage":{"@id":"https:\/\/exceladvisor.org\/it\/colonna-dei-ranghi\/#primaryimage"},"image":{"@id":"https:\/\/exceladvisor.org\/it\/colonna-dei-ranghi\/#primaryimage"},"thumbnailUrl":"https:\/\/exceladvisor.org\/wp-content\/uploads\/2023\/08\/Ajouter-un-rang-dans-le-tableau-croise-dynamique-dans-Excel-2-1.png","datePublished":"2023-11-15T05:35:45+00:00","dateModified":"2023-12-10T06:23:31+00:00","description":"Scopri come aggiungere una riga in una tabella pivot utilizzando diversi metodi in Excel 2010 e versioni successive.","breadcrumb":{"@id":"https:\/\/exceladvisor.org\/it\/colonna-dei-ranghi\/#breadcrumb"},"inLanguage":"it-IT","potentialAction":[{"@type":"ReadAction","target":["https:\/\/exceladvisor.org\/it\/colonna-dei-ranghi\/"]}]},{"@type":"ImageObject","inLanguage":"it-IT","@id":"https:\/\/exceladvisor.org\/it\/colonna-dei-ranghi\/#primaryimage","url":"https:\/\/exceladvisor.org\/wp-content\/uploads\/2023\/08\/Ajouter-un-rang-dans-le-tableau-croise-dynamique-dans-Excel-2-1.png","contentUrl":"https:\/\/exceladvisor.org\/wp-content\/uploads\/2023\/08\/Ajouter-un-rang-dans-le-tableau-croise-dynamique-dans-Excel-2-1.png"},{"@type":"BreadcrumbList","@id":"https:\/\/exceladvisor.org\/it\/colonna-dei-ranghi\/#breadcrumb","itemListElement":[{"@type":"ListItem","position":1,"name":"Home","item":"https:\/\/exceladvisor.org\/it\/"},{"@type":"ListItem","position":2,"name":"Come faccio ad aggiungere righe alle tabelle pivot?"}]},{"@type":"WebSite","@id":"https:\/\/exceladvisor.org\/it\/#website","url":"https:\/\/exceladvisor.org\/it\/","name":"Excel Advisor","description":"Tips, Tricks, and Time-Saving Hacks","publisher":{"@id":"https:\/\/exceladvisor.org\/it\/#organization"},"potentialAction":[{"@type":"SearchAction","target":{"@type":"EntryPoint","urlTemplate":"https:\/\/exceladvisor.org\/it\/?s={search_term_string}"},"query-input":{"@type":"PropertyValueSpecification","valueRequired":true,"valueName":"search_term_string"}}],"inLanguage":"it-IT"},{"@type":"Organization","@id":"https:\/\/exceladvisor.org\/it\/#organization","name":"Excel Advisor","url":"https:\/\/exceladvisor.org\/it\/","logo":{"@type":"ImageObject","inLanguage":"it-IT","@id":"https:\/\/exceladvisor.org\/it\/#\/schema\/logo\/image\/","url":"https:\/\/exceladvisor.org\/it\/wp-content\/uploads\/2023\/12\/exceladvisor.org_.png","contentUrl":"https:\/\/exceladvisor.org\/it\/wp-content\/uploads\/2023\/12\/exceladvisor.org_.png","width":105,"height":36,"caption":"Excel Advisor"},"image":{"@id":"https:\/\/exceladvisor.org\/it\/#\/schema\/logo\/image\/"}}]}},"yoast_meta":{"yoast_wpseo_title":"","yoast_wpseo_metadesc":"","yoast_wpseo_canonical":""},"_links":{"self":[{"href":"https:\/\/exceladvisor.org\/it\/wp-json\/wp\/v2\/pages\/1623","targetHints":{"allow":["GET"]}}],"collection":[{"href":"https:\/\/exceladvisor.org\/it\/wp-json\/wp\/v2\/pages"}],"about":[{"href":"https:\/\/exceladvisor.org\/it\/wp-json\/wp\/v2\/types\/page"}],"author":[{"embeddable":true,"href":"https:\/\/exceladvisor.org\/it\/wp-json\/wp\/v2\/users\/1"}],"replies":[{"embeddable":true,"href":"https:\/\/exceladvisor.org\/it\/wp-json\/wp\/v2\/comments?post=1623"}],"version-history":[{"count":1,"href":"https:\/\/exceladvisor.org\/it\/wp-json\/wp\/v2\/pages\/1623\/revisions"}],"predecessor-version":[{"id":2528,"href":"https:\/\/exceladvisor.org\/it\/wp-json\/wp\/v2\/pages\/1623\/revisions\/2528"}],"wp:attachment":[{"href":"https:\/\/exceladvisor.org\/it\/wp-json\/wp\/v2\/media?parent=1623"}],"curies":[{"name":"wp","href":"https:\/\/api.w.org\/{rel}","templated":true}]}}