{"id":1626,"date":"2023-11-15T02:07:04","date_gmt":"2023-11-15T02:07:04","guid":{"rendered":"https:\/\/exceladvisor.org\/it\/se-la-cella-e-vuota\/"},"modified":"2023-12-10T06:27:04","modified_gmt":"2023-12-10T06:27:04","slug":"se-la-cella-e-vuota","status":"publish","type":"page","link":"https:\/\/exceladvisor.org\/it\/se-la-cella-e-vuota\/","title":{"rendered":"Come verificare se una cella \u00e8 vuota in excel?"},"content":{"rendered":"<div class=\"excel-prima-del-contenuto\" id=\"excel-2820999580\"><script type=\"text\/javascript\">\r\n\tatOptions = {\r\n\t\t'key' : 'c1158f160081d6540a8409e6925dab94',\r\n\t\t'format' : 'iframe',\r\n\t\t'height' : 250,\r\n\t\t'width' : 300,\r\n\t\t'params' : {}\r\n\t};\r\n<\/script>\r\n<script type=\"text\/javascript\" src=\"\/\/www.highperformanceformat.com\/c1158f160081d6540a8409e6925dab94\/invoke.js\"><\/script><\/div> <p>In Excel, se desideri verificare se una cella \u00e8 vuota o meno, puoi utilizzare una formula combinata di SE e ISVUOTO. Entrambe queste formule funzionano in modo che ISBLANK controlli il valore della cella e quindi IF restituisca in cambio un messaggio completo significativo (specificato dall&#8217;utente).<\/p><p> Nell&#8217;esempio seguente, hai un elenco di numeri in cui sono presenti alcune celle vuote. <\/p><div class=\"wp-block-image\"><figure class=\"aligncenter size-full is-resized\"><img loading=\"lazy\" decoding=\"async\" class=\"wp-image-69839\" src=\"https:\/\/exceladvisor.org\/wp-content\/uploads\/2023\/08\/1-liste-avec-quelques-cellules-vides.png\" sizes=\"auto, \" srcset=\"\" alt=\"elenco con alcune celle vuote\" width=\"313\" height=\"357\"><\/figure><\/div><h2 class=\"wp-block-heading\"> Formula per verificare se una cella \u00e8 vuota o meno (vuota)<\/h2><ol type=\"1\"><li> Innanzitutto, nella cella B1, inserisci IF nella cella.<\/li><li> Ora nel primo argomento inserisci ISBLANK e fai riferimento alla cella A1 e inserisci le parentesi di chiusura.<\/li><li> Quindi, nel secondo argomento, utilizzare il valore &#8220;Empty&#8221;.<\/li><li> Successivamente, nel terzo argomento, utilizzare \u201cNon-Blank\u201d.<\/li><li> Alla fine, chiudi la funzione, premi Invio e trascina la formula sull&#8217;ultimo valore che hai nell&#8217;elenco. <\/li><\/ol><div class=\"wp-block-image\"><figure class=\"aligncenter size-full is-resized\"><img loading=\"lazy\" decoding=\"async\" class=\"wp-image-69840\" src=\"https:\/\/exceladvisor.org\/wp-content\/uploads\/2023\/08\/2-si-formule-pour-trouver-vide.png\" sizes=\"auto, \" srcset=\"\" alt=\"se-formula-per-trovare-vuoto\" width=\"545\" height=\"385\"><\/figure><\/div><p> Come puoi vedere, abbiamo il valore &#8220;Vuoto&#8221; per la cella in cui la cella \u00e8 vuota nella colonna A.<\/p><pre class=\"wp-block-code\"> <code class=\"language-excel-formula\" lang=\"excel-formula\">=IF(ISBLANK(A1),\"Blank\",\"Non-Blank\")<\/code><\/pre><p> Ora capiamo questa formula. Nella prima parte dove abbiamo ISBLANK che controlla se le celle sono vuote o meno. <\/p><div class=\"wp-block-image\"><figure class=\"aligncenter size-full is-resized\"><img loading=\"lazy\" decoding=\"async\" class=\"wp-image-69841\" src=\"https:\/\/exceladvisor.org\/wp-content\/uploads\/2023\/08\/3-est-la-fonction-vide.png\" sizes=\"auto, \" srcset=\"\" alt=\"funzione isblank\" width=\"532\" height=\"395\"><\/figure><\/div><p> Successivamente, se il valore restituito da ISBLANK \u00e8 TRUE, IF restituir\u00e0 &#8220;Blank&#8221; e se il valore restituito da ISBLANK \u00e8 FALSE IF restituir\u00e0 &#8220;Non_Blank&#8221;. <\/p><div class=\"wp-block-image\"><figure class=\"aligncenter size-full is-resized\"><img loading=\"lazy\" decoding=\"async\" class=\"wp-image-69842\" src=\"https:\/\/exceladvisor.org\/wp-content\/uploads\/2023\/08\/4-est-une-valeur-de-resultat-vide.png\" sizes=\"auto, \" srcset=\"\" alt=\"valore-risultato-vuoto\" width=\"509\" height=\"358\"><\/figure><\/div><h2 class=\"wp-block-heading\"> Formula alternativa<\/h2><p> Puoi anche utilizzare un&#8217;altra formula in cui devi solo utilizzare la funzione SE.<\/p><p> Ora nella funzione devi solo specificare la cella in cui vuoi testare la condizione e quindi utilizzare un operatore uguale con il valore vuoto per creare una condizione da testare.<\/p><p> E devi solo specificare due valori per i quali vuoi ottenere la condizione VERO o FALSO. <\/p><div class=\"wp-block-image\"><figure class=\"aligncenter size-full is-resized\"><img loading=\"lazy\" decoding=\"async\" class=\"wp-image-69843\" src=\"https:\/\/exceladvisor.org\/wp-content\/uploads\/2023\/08\/5-si-formule-avec-blanc-et-non-blanc.png\" sizes=\"auto, \" srcset=\"\" alt=\"se-formula-con-vuoto-e-non-vuoto\" width=\"484\" height=\"385\"><\/figure><\/div><div class=\"gb-container gb-container-52dfcee1 gb-container-sample-file\"><h2 class=\"gb-headline gb-headline-e289c143 gb-headline-text gb-headline-4f7959c2\"> Ottieni il file Excel<\/h2> <a class=\"gb-button gb-button-e88d6bee gb-button-text gb-button-button1\" href=\"https:\/\/exceladvisor.org\/wp-content\/uploads\/2023\/08\/si-la-cellule-est-vide-2.xlsx\" rel=\"nofollow\">Scaricamento<\/a><\/div><div class=\"gb-container gb-container-0df56012 gb-container-mt\"> <a class=\"gb-button gb-button-f9f432f4 gb-button-text gb-button-mt-button\" href=\"https:\/\/exceladvisor.org\/it\/formule\/\">Elenco delle formule di Excel<\/a><h2 class=\"gb-headline gb-headline-233444e8 gb-headline-text gb-headline-mt-heading\"> Formule correlate <\/h2><div class=\"gb-grid-wrapper gb-grid-wrapper-a16fa65c gb-grid-wrapper-mt-grid\"><div class=\"gb-grid-column gb-grid-column-50d07e0d\"><div class=\"gb-container gb-container-50d07e0d\"><ul><li> <a href=\"https:\/\/exceladvisor.org\/it\/se-zero-allora-vuoto\/\">Controlla IF 0 (zero), quindi vuoto in Excel<\/a><\/li><li> <a href=\"https:\/\/exceladvisor.org\/it\/controlla-se-esiste-un-valore-in-un-intervallo\/\">Controlla se esiste un valore in un intervallo in Excel<\/a><\/li><li> <a href=\"https:\/\/exceladvisor.org\/it\/se-e-1\/\">Combina le funzioni SE e AND in Excel<\/a><\/li><li> <a href=\"https:\/\/exceladvisor.org\/it\/se-o-1\/\">Combina le funzioni SE e OR in Excel<\/a><\/li><li> <a href=\"https:\/\/exceladvisor.org\/it\/se-negativo-allora-zero\/\">SE negativo quindi zero (0) in Excel<\/a> <\/li><\/ul><\/div><\/div><div class=\"gb-grid-column gb-grid-column-5b4a0cf9\"><div class=\"gb-container gb-container-5b4a0cf9\"><\/div><\/div><\/div><\/div>","protected":false},"excerpt":{"rendered":"","protected":false},"author":1,"featured_media":0,"parent":0,"menu_order":0,"comment_status":"open","ping_status":"closed","template":"","meta":{"ub_ctt_via":"","footnotes":""},"class_list":["post-1626","page","type-page","status-publish","hentry"],"featured_image_src":null,"yoast_head":"<!-- This site is optimized with the Yoast SEO plugin v25.4 - https:\/\/yoast.com\/wordpress\/plugins\/seo\/ -->\n<title>Come verificare se una cella \u00e8 vuota in Excel? (Guida 2023)<\/title>\n<meta name=\"description\" content=\"In questo tutorial impareremo come scrivere una formula per verificare se una cella \u00e8 vuota o meno. Utilizzeremo il\" \/>\n<meta name=\"robots\" content=\"index, follow, max-snippet:-1, max-image-preview:large, max-video-preview:-1\" \/>\n<link rel=\"canonical\" href=\"https:\/\/exceladvisor.org\/it\/se-la-cella-e-vuota\/\" \/>\n<meta property=\"og:locale\" content=\"it_IT\" \/>\n<meta property=\"og:type\" content=\"article\" \/>\n<meta property=\"og:title\" content=\"Come verificare se una cella \u00e8 vuota in Excel? (Guida 2023)\" \/>\n<meta property=\"og:description\" content=\"In questo tutorial impareremo come scrivere una formula per verificare se una cella \u00e8 vuota o meno. Utilizzeremo il\" \/>\n<meta property=\"og:url\" content=\"https:\/\/exceladvisor.org\/it\/se-la-cella-e-vuota\/\" \/>\n<meta property=\"og:site_name\" content=\"Excel Advisor\" \/>\n<meta property=\"article:modified_time\" content=\"2023-12-10T06:27:04+00:00\" \/>\n<meta property=\"og:image\" content=\"https:\/\/exceladvisor.org\/wp-content\/uploads\/2023\/08\/1-liste-avec-quelques-cellules-vides.png\" \/>\n<meta name=\"twitter:card\" content=\"summary_large_image\" \/>\n<meta name=\"twitter:label1\" content=\"Tempo di lettura stimato\" \/>\n\t<meta name=\"twitter:data1\" content=\"2 minuti\" \/>\n<script type=\"application\/ld+json\" class=\"yoast-schema-graph\">{\"@context\":\"https:\/\/schema.org\",\"@graph\":[{\"@type\":\"WebPage\",\"@id\":\"https:\/\/exceladvisor.org\/it\/se-la-cella-e-vuota\/\",\"url\":\"https:\/\/exceladvisor.org\/it\/se-la-cella-e-vuota\/\",\"name\":\"Come verificare se una cella \u00e8 vuota in Excel? (Guida 2023)\",\"isPartOf\":{\"@id\":\"https:\/\/exceladvisor.org\/it\/#website\"},\"primaryImageOfPage\":{\"@id\":\"https:\/\/exceladvisor.org\/it\/se-la-cella-e-vuota\/#primaryimage\"},\"image\":{\"@id\":\"https:\/\/exceladvisor.org\/it\/se-la-cella-e-vuota\/#primaryimage\"},\"thumbnailUrl\":\"https:\/\/exceladvisor.org\/wp-content\/uploads\/2023\/08\/1-liste-avec-quelques-cellules-vides.png\",\"datePublished\":\"2023-11-15T02:07:04+00:00\",\"dateModified\":\"2023-12-10T06:27:04+00:00\",\"description\":\"In questo tutorial impareremo come scrivere una formula per verificare se una cella \u00e8 vuota o meno. Utilizzeremo il\",\"breadcrumb\":{\"@id\":\"https:\/\/exceladvisor.org\/it\/se-la-cella-e-vuota\/#breadcrumb\"},\"inLanguage\":\"it-IT\",\"potentialAction\":[{\"@type\":\"ReadAction\",\"target\":[\"https:\/\/exceladvisor.org\/it\/se-la-cella-e-vuota\/\"]}]},{\"@type\":\"ImageObject\",\"inLanguage\":\"it-IT\",\"@id\":\"https:\/\/exceladvisor.org\/it\/se-la-cella-e-vuota\/#primaryimage\",\"url\":\"https:\/\/exceladvisor.org\/wp-content\/uploads\/2023\/08\/1-liste-avec-quelques-cellules-vides.png\",\"contentUrl\":\"https:\/\/exceladvisor.org\/wp-content\/uploads\/2023\/08\/1-liste-avec-quelques-cellules-vides.png\"},{\"@type\":\"BreadcrumbList\",\"@id\":\"https:\/\/exceladvisor.org\/it\/se-la-cella-e-vuota\/#breadcrumb\",\"itemListElement\":[{\"@type\":\"ListItem\",\"position\":1,\"name\":\"Home\",\"item\":\"https:\/\/exceladvisor.org\/it\/\"},{\"@type\":\"ListItem\",\"position\":2,\"name\":\"Come verificare se una cella \u00e8 vuota in excel?\"}]},{\"@type\":\"WebSite\",\"@id\":\"https:\/\/exceladvisor.org\/it\/#website\",\"url\":\"https:\/\/exceladvisor.org\/it\/\",\"name\":\"Excel Advisor\",\"description\":\"Tips, Tricks, and Time-Saving Hacks\",\"publisher\":{\"@id\":\"https:\/\/exceladvisor.org\/it\/#organization\"},\"potentialAction\":[{\"@type\":\"SearchAction\",\"target\":{\"@type\":\"EntryPoint\",\"urlTemplate\":\"https:\/\/exceladvisor.org\/it\/?s={search_term_string}\"},\"query-input\":{\"@type\":\"PropertyValueSpecification\",\"valueRequired\":true,\"valueName\":\"search_term_string\"}}],\"inLanguage\":\"it-IT\"},{\"@type\":\"Organization\",\"@id\":\"https:\/\/exceladvisor.org\/it\/#organization\",\"name\":\"Excel Advisor\",\"url\":\"https:\/\/exceladvisor.org\/it\/\",\"logo\":{\"@type\":\"ImageObject\",\"inLanguage\":\"it-IT\",\"@id\":\"https:\/\/exceladvisor.org\/it\/#\/schema\/logo\/image\/\",\"url\":\"https:\/\/exceladvisor.org\/it\/wp-content\/uploads\/2023\/12\/exceladvisor.org_.png\",\"contentUrl\":\"https:\/\/exceladvisor.org\/it\/wp-content\/uploads\/2023\/12\/exceladvisor.org_.png\",\"width\":105,\"height\":36,\"caption\":\"Excel Advisor\"},\"image\":{\"@id\":\"https:\/\/exceladvisor.org\/it\/#\/schema\/logo\/image\/\"}}]}<\/script>\n<!-- \/ Yoast SEO plugin. -->","yoast_head_json":{"title":"Come verificare se una cella \u00e8 vuota in Excel? (Guida 2023)","description":"In questo tutorial impareremo come scrivere una formula per verificare se una cella \u00e8 vuota o meno. Utilizzeremo il","robots":{"index":"index","follow":"follow","max-snippet":"max-snippet:-1","max-image-preview":"max-image-preview:large","max-video-preview":"max-video-preview:-1"},"canonical":"https:\/\/exceladvisor.org\/it\/se-la-cella-e-vuota\/","og_locale":"it_IT","og_type":"article","og_title":"Come verificare se una cella \u00e8 vuota in Excel? (Guida 2023)","og_description":"In questo tutorial impareremo come scrivere una formula per verificare se una cella \u00e8 vuota o meno. Utilizzeremo il","og_url":"https:\/\/exceladvisor.org\/it\/se-la-cella-e-vuota\/","og_site_name":"Excel Advisor","article_modified_time":"2023-12-10T06:27:04+00:00","og_image":[{"url":"https:\/\/exceladvisor.org\/wp-content\/uploads\/2023\/08\/1-liste-avec-quelques-cellules-vides.png","type":"","width":"","height":""}],"twitter_card":"summary_large_image","twitter_misc":{"Tempo di lettura stimato":"2 minuti"},"schema":{"@context":"https:\/\/schema.org","@graph":[{"@type":"WebPage","@id":"https:\/\/exceladvisor.org\/it\/se-la-cella-e-vuota\/","url":"https:\/\/exceladvisor.org\/it\/se-la-cella-e-vuota\/","name":"Come verificare se una cella \u00e8 vuota in Excel? (Guida 2023)","isPartOf":{"@id":"https:\/\/exceladvisor.org\/it\/#website"},"primaryImageOfPage":{"@id":"https:\/\/exceladvisor.org\/it\/se-la-cella-e-vuota\/#primaryimage"},"image":{"@id":"https:\/\/exceladvisor.org\/it\/se-la-cella-e-vuota\/#primaryimage"},"thumbnailUrl":"https:\/\/exceladvisor.org\/wp-content\/uploads\/2023\/08\/1-liste-avec-quelques-cellules-vides.png","datePublished":"2023-11-15T02:07:04+00:00","dateModified":"2023-12-10T06:27:04+00:00","description":"In questo tutorial impareremo come scrivere una formula per verificare se una cella \u00e8 vuota o meno. Utilizzeremo il","breadcrumb":{"@id":"https:\/\/exceladvisor.org\/it\/se-la-cella-e-vuota\/#breadcrumb"},"inLanguage":"it-IT","potentialAction":[{"@type":"ReadAction","target":["https:\/\/exceladvisor.org\/it\/se-la-cella-e-vuota\/"]}]},{"@type":"ImageObject","inLanguage":"it-IT","@id":"https:\/\/exceladvisor.org\/it\/se-la-cella-e-vuota\/#primaryimage","url":"https:\/\/exceladvisor.org\/wp-content\/uploads\/2023\/08\/1-liste-avec-quelques-cellules-vides.png","contentUrl":"https:\/\/exceladvisor.org\/wp-content\/uploads\/2023\/08\/1-liste-avec-quelques-cellules-vides.png"},{"@type":"BreadcrumbList","@id":"https:\/\/exceladvisor.org\/it\/se-la-cella-e-vuota\/#breadcrumb","itemListElement":[{"@type":"ListItem","position":1,"name":"Home","item":"https:\/\/exceladvisor.org\/it\/"},{"@type":"ListItem","position":2,"name":"Come verificare se una cella \u00e8 vuota in excel?"}]},{"@type":"WebSite","@id":"https:\/\/exceladvisor.org\/it\/#website","url":"https:\/\/exceladvisor.org\/it\/","name":"Excel Advisor","description":"Tips, Tricks, and Time-Saving Hacks","publisher":{"@id":"https:\/\/exceladvisor.org\/it\/#organization"},"potentialAction":[{"@type":"SearchAction","target":{"@type":"EntryPoint","urlTemplate":"https:\/\/exceladvisor.org\/it\/?s={search_term_string}"},"query-input":{"@type":"PropertyValueSpecification","valueRequired":true,"valueName":"search_term_string"}}],"inLanguage":"it-IT"},{"@type":"Organization","@id":"https:\/\/exceladvisor.org\/it\/#organization","name":"Excel Advisor","url":"https:\/\/exceladvisor.org\/it\/","logo":{"@type":"ImageObject","inLanguage":"it-IT","@id":"https:\/\/exceladvisor.org\/it\/#\/schema\/logo\/image\/","url":"https:\/\/exceladvisor.org\/it\/wp-content\/uploads\/2023\/12\/exceladvisor.org_.png","contentUrl":"https:\/\/exceladvisor.org\/it\/wp-content\/uploads\/2023\/12\/exceladvisor.org_.png","width":105,"height":36,"caption":"Excel Advisor"},"image":{"@id":"https:\/\/exceladvisor.org\/it\/#\/schema\/logo\/image\/"}}]}},"yoast_meta":{"yoast_wpseo_title":"","yoast_wpseo_metadesc":"","yoast_wpseo_canonical":""},"_links":{"self":[{"href":"https:\/\/exceladvisor.org\/it\/wp-json\/wp\/v2\/pages\/1626","targetHints":{"allow":["GET"]}}],"collection":[{"href":"https:\/\/exceladvisor.org\/it\/wp-json\/wp\/v2\/pages"}],"about":[{"href":"https:\/\/exceladvisor.org\/it\/wp-json\/wp\/v2\/types\/page"}],"author":[{"embeddable":true,"href":"https:\/\/exceladvisor.org\/it\/wp-json\/wp\/v2\/users\/1"}],"replies":[{"embeddable":true,"href":"https:\/\/exceladvisor.org\/it\/wp-json\/wp\/v2\/comments?post=1626"}],"version-history":[{"count":1,"href":"https:\/\/exceladvisor.org\/it\/wp-json\/wp\/v2\/pages\/1626\/revisions"}],"predecessor-version":[{"id":2867,"href":"https:\/\/exceladvisor.org\/it\/wp-json\/wp\/v2\/pages\/1626\/revisions\/2867"}],"wp:attachment":[{"href":"https:\/\/exceladvisor.org\/it\/wp-json\/wp\/v2\/media?parent=1626"}],"curies":[{"name":"wp","href":"https:\/\/api.w.org\/{rel}","templated":true}]}}