{"id":1632,"date":"2023-11-14T17:14:32","date_gmt":"2023-11-14T17:14:32","guid":{"rendered":"https:\/\/exceladvisor.org\/it\/correttore-ortografico\/"},"modified":"2023-12-10T06:22:16","modified_gmt":"2023-12-10T06:22:16","slug":"correttore-ortografico","status":"publish","type":"page","link":"https:\/\/exceladvisor.org\/it\/correttore-ortografico\/","title":{"rendered":"Come controllare l&#39;ortografia in excel?"},"content":{"rendered":"<div class=\"excel-prima-del-contenuto\" id=\"excel-1627583649\"><script type=\"text\/javascript\">\r\n\tatOptions = {\r\n\t\t'key' : 'c1158f160081d6540a8409e6925dab94',\r\n\t\t'format' : 'iframe',\r\n\t\t'height' : 250,\r\n\t\t'width' : 300,\r\n\t\t'params' : {}\r\n\t};\r\n<\/script>\r\n<script type=\"text\/javascript\" src=\"\/\/www.highperformanceformat.com\/c1158f160081d6540a8409e6925dab94\/invoke.js\"><\/script><\/div> <p>Come Microsoft Word, anche Excel dispone di una funzionalit\u00e0 di controllo ortografico, ma la maggior parte degli utenti di Excel non conosce o non utilizza questa funzionalit\u00e0 perch\u00e9 Excel viene utilizzato principalmente per valori numerici anzich\u00e9 per dati di testo.<\/p><p> Il controllo ortografico in Excel identifica la parola errata e gli utenti possono correggerla utilizzando questa funzionalit\u00e0 di controllo ortografico.<\/p><p> Se confrontiamo, il controllo ortografico in Excel non \u00e8 molto avanzato come in Word dove controlla gli errori grammaticali, le parole errate e sottolinea le parole errate, ma \u00e8 comunque una buona opzione per gli utenti di Excel che eseguiranno questo controllo per identificare le parole errate e correggerle .<\/p><h2 class=\"wp-block-heading\"> Esegui il controllo ortografico in Excel<\/h2><ol><li> Innanzitutto, seleziona la cella da cui desideri eseguire il controllo ortografico o seleziona la cella A1 per eseguire il controllo ortografico dall&#8217;intero foglio.<\/li><li> Successivamente, vai alla scheda &#8220;Revisione&#8221; e fai clic sull&#8217;icona &#8220;Ortografia&#8221; sotto il gruppo &#8220;Controllo&#8221; sulla barra multifunzione o premi F7 come tasto di scelta rapida per il controllo ortografico. <br><img loading=\"lazy\" decoding=\"async\" title=\"controllo ortografico in 1 esecuzione\" src=\"https:\/\/exceladvisor.org\/wp-content\/uploads\/2023\/08\/1-verification-orthographique.png\" sizes=\"auto, \" srcset=\"\" alt=\"run-spell-check\" width=\"444\" height=\"156\"><\/li><li> Dopo aver fatto clic su &#8220;Ortografia&#8221;, verr\u00e0 avviato il controllo ortografico e se trovi una parola errata, si aprir\u00e0 la finestra di dialogo dell&#8217;ortografia.<\/li><li> La finestra di dialogo di ortografia offre pi\u00f9 opzioni di suggerimento per sceglierne una in base alla parola errata con pi\u00f9 azioni da eseguire per quella parola come &#8220;Ignora una volta, modifica, aggiungi al dizionario&#8221; e molte altre opzioni. altri. <br><img loading=\"lazy\" decoding=\"async\" title=\"2-Finestra di dialogo del controllo ortografico\" src=\"https:\/\/exceladvisor.org\/wp-content\/uploads\/2023\/08\/2-boite-de-dialogue-de-verification-orthographique.png\" sizes=\"auto, \" srcset=\"\" alt=\"spell-check-dialog-box\" width=\"509\" height=\"302\"><\/li><li> Ora puoi scegliere il suggerimento e fare clic su &#8220;Modifica&#8221; per aggiornare la parola errata solo per questa volta oppure puoi fare clic su &#8220;Ignora una volta&#8221; per ignorare questa parola errata solo questa volta o fare clic su &#8220;Aggiungi al dizionario&#8221; per aggiungere questa parola all&#8217;ortografia dizionario.<\/li><li> Una volta che hai finito con tutte le parole errate, verr\u00e0 visualizzata la finestra di dialogo che dice che il controllo ortografico \u00e8 stato completato e fai clic su OK. <br><img loading=\"lazy\" decoding=\"async\" title=\"3 controlli ortografici completati\" src=\"https:\/\/exceladvisor.org\/wp-content\/uploads\/2023\/08\/3-verification-orthographique-terminee.png\" sizes=\"auto, \" srcset=\"\" alt=\"spell-check-complete\" width=\"284\" height=\"125\"><\/li><\/ol><h2 class=\"wp-block-heading\"> Opzioni della finestra di dialogo del controllo ortografico<\/h2><ol><li> <strong>Ignora una volta:<\/strong> ignora la parola trovata con errori di ortografia solo una volta, il che significa che se la stessa parola si ripete nel foglio, trover\u00e0 di nuovo quella parola con errori di ortografia.<\/li><li> <strong>Ignora tutto:<\/strong> ignora la parola trovata come errata per tutte le istanze e non visualizzer\u00e0 pi\u00f9 la parola ripetuta come errata nel foglio di lavoro.<\/li><li> <strong>Aggiungi al dizionario:<\/strong> se devi utilizzare una parola identica a quella inserita (soprattutto nel caso di abbreviazioni) ma il controllo ortografico identifica quella parola come errata, puoi aggiungere quella parola al dizionario controlla l&#8217;ortografia in modo che ogni volta che la usa questa parola, il controllo ortografico non la trover\u00e0 errata.<\/li><li> <strong>Modifica:<\/strong> sostituisce la parola errata con il suggerimento selezionato tra i suggerimenti disponibili per quella parola errata.<\/li><li> <strong>Cambia tutto:<\/strong> modifica l&#8217;occorrenza della parola errata con il suggerimento selezionato.<\/li><li> <strong>Correzione automatica:<\/strong> modifica la parola con errori di ortografia con il suggerimento e aggiungi quel suggerimento nell&#8217;elenco di correzione automatica e ogni volta che inserisci quella parola con errori di ortografia, il correttore ortografico corregge automaticamente quella parola con quel suggerimento preselezionato.<\/li><\/ol><h2 class=\"wp-block-heading\"> Modifica le impostazioni predefinite del controllo ortografico in Excel<\/h2><p> Il controllo ortografico in Excel presenta alcune impostazioni predefinite che gli utenti possono modificare effettuando le seguenti operazioni:<\/p><ol><li> Innanzitutto, fai clic sul pulsante &#8220;Opzioni&#8221; nella finestra di dialogo del controllo ortografico. <br><img loading=\"lazy\" decoding=\"async\" title=\"4 opzioni di dialogo per il controllo ortografico\" src=\"https:\/\/exceladvisor.org\/wp-content\/uploads\/2023\/08\/4-options-de-boite-de-dialogue-de-verification-orthographique.png\" sizes=\"auto, \" srcset=\"\" alt=\"spell-check-dialog-box-options\" width=\"498\" height=\"296\"><\/li><li> Dopo aver fatto clic su &#8220;Opzioni&#8221;, si aprir\u00e0 la finestra di dialogo &#8220;Opzioni Excel&#8221; in cui \u00e8 possibile modificare l&#8217;impostazione predefinita.<\/li><li> Ora deseleziona o seleziona le opzioni di impostazione predefinite che desideri modificare e fai clic su OK. <br><img loading=\"lazy\" decoding=\"async\" title=\"5 opzioni predefinite per il controllo ortografico\" src=\"https:\/\/exceladvisor.org\/wp-content\/uploads\/2023\/08\/5-options-de-verification-orthographique-par-defaut.png\" sizes=\"auto, \" srcset=\"\" alt=\"spell-check-default-options\" width=\"626\" height=\"514\"><\/li><\/ol><h2 class=\"wp-block-heading\"> Asporto:<\/h2><ol><li> Il controllo ortografico identifica solo le parole errate.<\/li><li> Il controllo ortografico non identifica le parole in maiuscolo e le parole con la combinazione di numeri finch\u00e9 non deselezioni queste opzioni di impostazione predefinite.<\/li><li> Il controllo ortografico non identifica le parole nelle formule di Excel.<\/li><li> Il controllo ortografico viene eseguito da sinistra a destra, riga per riga.<\/li><li> Se fai clic su una cella diversa da A1 ed esegui il controllo ortografico, le celle a sinistra della colonna selezionata in quella riga verranno ignorate.<\/li><li> Se selezioni pi\u00f9 celle ed esegui il controllo ortografico, verr\u00e0 eseguito solo sulle celle selezionate.<\/li><li> Il controllo ortografico mostra le parole con errori di ortografia una per una, il che significa che in ogni cella trova un errore si aprir\u00e0 una finestra di dialogo di controllo ortografico per agire su quell&#8217;errore e una volta verificato, ti mostrer\u00e0 il successivo errore di ortografia, se solo.<\/li><\/ol><div class=\"gb-container gb-container-4db6181c gb-container-mt\"> <a class=\"gb-button gb-button-c5897111 gb-button-text gb-button-mt-button\" href=\"https:\/\/exceladvisor.org\/it\/nozioni-di-base-su-excel\/\">Nozioni di base su Microsoft Excel (componenti, parti e note informative)<\/a><h2 class=\"gb-headline gb-headline-665e5f6b gb-headline-text gb-headline-mt-heading\"> Tutorial correlati <\/h2><div class=\"gb-grid-wrapper gb-grid-wrapper-a20baf7c gb-grid-wrapper-mt-grid\"><div class=\"gb-grid-column gb-grid-column-65ddf67e\"><div class=\"gb-container gb-container-65ddf67e\"><ul><li> <a href=\"https:\/\/exceladvisor.org\/it\/disegna-una-linea\/\">Disegna una linea in Excel<\/a><\/li><li> <a href=\"https:\/\/exceladvisor.org\/it\/aggiungere-un-pulsante\/\">Aggiungi un pulsante in Excel<\/a><\/li><li> <a href=\"https:\/\/exceladvisor.org\/it\/unire-le-cellule-dissociate\/\">Unisci: separa le celle in Excel<\/a><\/li><li> <a href=\"https:\/\/exceladvisor.org\/it\/ritiro\/\">Aumenta e diminuisci il rientro in Excel<\/a><\/li><li> <a href=\"https:\/\/exceladvisor.org\/it\/ruotare-il-testo\/\">Ruota il testo in Excel (orientamento del testo)<\/a> <\/li><\/ul><\/div><\/div><div class=\"gb-grid-column gb-grid-column-50067b57\"><div class=\"gb-container gb-container-50067b57\"><\/div><\/div><\/div><\/div>","protected":false},"excerpt":{"rendered":"","protected":false},"author":1,"featured_media":0,"parent":0,"menu_order":0,"comment_status":"open","ping_status":"closed","template":"","meta":{"ub_ctt_via":"","footnotes":""},"class_list":["post-1632","page","type-page","status-publish","hentry"],"featured_image_src":null,"yoast_head":"<!-- This site is optimized with the Yoast SEO plugin v25.4 - https:\/\/yoast.com\/wordpress\/plugins\/seo\/ -->\n<title>\u25b7 Come controllare l&#039;ortografia in Excel? (Tutorial 2023)<\/title>\n<meta name=\"description\" content=\"In questo tutorial impareremo come eseguire il controllo ortografico in Excel e impareremo anche tutto\" \/>\n<meta name=\"robots\" content=\"index, follow, max-snippet:-1, max-image-preview:large, max-video-preview:-1\" \/>\n<link rel=\"canonical\" href=\"https:\/\/exceladvisor.org\/it\/correttore-ortografico\/\" \/>\n<meta property=\"og:locale\" content=\"it_IT\" \/>\n<meta property=\"og:type\" content=\"article\" \/>\n<meta property=\"og:title\" content=\"\u25b7 Come controllare l&#039;ortografia in Excel? (Tutorial 2023)\" \/>\n<meta property=\"og:description\" content=\"In questo tutorial impareremo come eseguire il controllo ortografico in Excel e impareremo anche tutto\" \/>\n<meta property=\"og:url\" content=\"https:\/\/exceladvisor.org\/it\/correttore-ortografico\/\" \/>\n<meta property=\"og:site_name\" content=\"Excel Advisor\" \/>\n<meta property=\"article:modified_time\" content=\"2023-12-10T06:22:16+00:00\" \/>\n<meta property=\"og:image\" content=\"https:\/\/exceladvisor.org\/wp-content\/uploads\/2023\/08\/1-verification-orthographique.png\" \/>\n<meta name=\"twitter:card\" content=\"summary_large_image\" \/>\n<meta name=\"twitter:label1\" content=\"Tempo di lettura stimato\" \/>\n\t<meta name=\"twitter:data1\" content=\"4 minuti\" \/>\n<script type=\"application\/ld+json\" class=\"yoast-schema-graph\">{\"@context\":\"https:\/\/schema.org\",\"@graph\":[{\"@type\":\"WebPage\",\"@id\":\"https:\/\/exceladvisor.org\/it\/correttore-ortografico\/\",\"url\":\"https:\/\/exceladvisor.org\/it\/correttore-ortografico\/\",\"name\":\"\u25b7 Come controllare l&#39;ortografia in Excel? (Tutorial 2023)\",\"isPartOf\":{\"@id\":\"https:\/\/exceladvisor.org\/it\/#website\"},\"primaryImageOfPage\":{\"@id\":\"https:\/\/exceladvisor.org\/it\/correttore-ortografico\/#primaryimage\"},\"image\":{\"@id\":\"https:\/\/exceladvisor.org\/it\/correttore-ortografico\/#primaryimage\"},\"thumbnailUrl\":\"https:\/\/exceladvisor.org\/wp-content\/uploads\/2023\/08\/1-verification-orthographique.png\",\"datePublished\":\"2023-11-14T17:14:32+00:00\",\"dateModified\":\"2023-12-10T06:22:16+00:00\",\"description\":\"In questo tutorial impareremo come eseguire il controllo ortografico in Excel e impareremo anche tutto\",\"breadcrumb\":{\"@id\":\"https:\/\/exceladvisor.org\/it\/correttore-ortografico\/#breadcrumb\"},\"inLanguage\":\"it-IT\",\"potentialAction\":[{\"@type\":\"ReadAction\",\"target\":[\"https:\/\/exceladvisor.org\/it\/correttore-ortografico\/\"]}]},{\"@type\":\"ImageObject\",\"inLanguage\":\"it-IT\",\"@id\":\"https:\/\/exceladvisor.org\/it\/correttore-ortografico\/#primaryimage\",\"url\":\"https:\/\/exceladvisor.org\/wp-content\/uploads\/2023\/08\/1-verification-orthographique.png\",\"contentUrl\":\"https:\/\/exceladvisor.org\/wp-content\/uploads\/2023\/08\/1-verification-orthographique.png\"},{\"@type\":\"BreadcrumbList\",\"@id\":\"https:\/\/exceladvisor.org\/it\/correttore-ortografico\/#breadcrumb\",\"itemListElement\":[{\"@type\":\"ListItem\",\"position\":1,\"name\":\"Home\",\"item\":\"https:\/\/exceladvisor.org\/it\/\"},{\"@type\":\"ListItem\",\"position\":2,\"name\":\"Come controllare l&#39;ortografia in excel?\"}]},{\"@type\":\"WebSite\",\"@id\":\"https:\/\/exceladvisor.org\/it\/#website\",\"url\":\"https:\/\/exceladvisor.org\/it\/\",\"name\":\"Excel Advisor\",\"description\":\"Tips, Tricks, and Time-Saving Hacks\",\"publisher\":{\"@id\":\"https:\/\/exceladvisor.org\/it\/#organization\"},\"potentialAction\":[{\"@type\":\"SearchAction\",\"target\":{\"@type\":\"EntryPoint\",\"urlTemplate\":\"https:\/\/exceladvisor.org\/it\/?s={search_term_string}\"},\"query-input\":{\"@type\":\"PropertyValueSpecification\",\"valueRequired\":true,\"valueName\":\"search_term_string\"}}],\"inLanguage\":\"it-IT\"},{\"@type\":\"Organization\",\"@id\":\"https:\/\/exceladvisor.org\/it\/#organization\",\"name\":\"Excel Advisor\",\"url\":\"https:\/\/exceladvisor.org\/it\/\",\"logo\":{\"@type\":\"ImageObject\",\"inLanguage\":\"it-IT\",\"@id\":\"https:\/\/exceladvisor.org\/it\/#\/schema\/logo\/image\/\",\"url\":\"https:\/\/exceladvisor.org\/it\/wp-content\/uploads\/2023\/12\/exceladvisor.org_.png\",\"contentUrl\":\"https:\/\/exceladvisor.org\/it\/wp-content\/uploads\/2023\/12\/exceladvisor.org_.png\",\"width\":105,\"height\":36,\"caption\":\"Excel Advisor\"},\"image\":{\"@id\":\"https:\/\/exceladvisor.org\/it\/#\/schema\/logo\/image\/\"}}]}<\/script>\n<!-- \/ Yoast SEO plugin. -->","yoast_head_json":{"title":"\u25b7 Come controllare l&#39;ortografia in Excel? (Tutorial 2023)","description":"In questo tutorial impareremo come eseguire il controllo ortografico in Excel e impareremo anche tutto","robots":{"index":"index","follow":"follow","max-snippet":"max-snippet:-1","max-image-preview":"max-image-preview:large","max-video-preview":"max-video-preview:-1"},"canonical":"https:\/\/exceladvisor.org\/it\/correttore-ortografico\/","og_locale":"it_IT","og_type":"article","og_title":"\u25b7 Come controllare l&#39;ortografia in Excel? (Tutorial 2023)","og_description":"In questo tutorial impareremo come eseguire il controllo ortografico in Excel e impareremo anche tutto","og_url":"https:\/\/exceladvisor.org\/it\/correttore-ortografico\/","og_site_name":"Excel Advisor","article_modified_time":"2023-12-10T06:22:16+00:00","og_image":[{"url":"https:\/\/exceladvisor.org\/wp-content\/uploads\/2023\/08\/1-verification-orthographique.png","type":"","width":"","height":""}],"twitter_card":"summary_large_image","twitter_misc":{"Tempo di lettura stimato":"4 minuti"},"schema":{"@context":"https:\/\/schema.org","@graph":[{"@type":"WebPage","@id":"https:\/\/exceladvisor.org\/it\/correttore-ortografico\/","url":"https:\/\/exceladvisor.org\/it\/correttore-ortografico\/","name":"\u25b7 Come controllare l&#39;ortografia in Excel? (Tutorial 2023)","isPartOf":{"@id":"https:\/\/exceladvisor.org\/it\/#website"},"primaryImageOfPage":{"@id":"https:\/\/exceladvisor.org\/it\/correttore-ortografico\/#primaryimage"},"image":{"@id":"https:\/\/exceladvisor.org\/it\/correttore-ortografico\/#primaryimage"},"thumbnailUrl":"https:\/\/exceladvisor.org\/wp-content\/uploads\/2023\/08\/1-verification-orthographique.png","datePublished":"2023-11-14T17:14:32+00:00","dateModified":"2023-12-10T06:22:16+00:00","description":"In questo tutorial impareremo come eseguire il controllo ortografico in Excel e impareremo anche tutto","breadcrumb":{"@id":"https:\/\/exceladvisor.org\/it\/correttore-ortografico\/#breadcrumb"},"inLanguage":"it-IT","potentialAction":[{"@type":"ReadAction","target":["https:\/\/exceladvisor.org\/it\/correttore-ortografico\/"]}]},{"@type":"ImageObject","inLanguage":"it-IT","@id":"https:\/\/exceladvisor.org\/it\/correttore-ortografico\/#primaryimage","url":"https:\/\/exceladvisor.org\/wp-content\/uploads\/2023\/08\/1-verification-orthographique.png","contentUrl":"https:\/\/exceladvisor.org\/wp-content\/uploads\/2023\/08\/1-verification-orthographique.png"},{"@type":"BreadcrumbList","@id":"https:\/\/exceladvisor.org\/it\/correttore-ortografico\/#breadcrumb","itemListElement":[{"@type":"ListItem","position":1,"name":"Home","item":"https:\/\/exceladvisor.org\/it\/"},{"@type":"ListItem","position":2,"name":"Come controllare l&#39;ortografia in excel?"}]},{"@type":"WebSite","@id":"https:\/\/exceladvisor.org\/it\/#website","url":"https:\/\/exceladvisor.org\/it\/","name":"Excel Advisor","description":"Tips, Tricks, and Time-Saving Hacks","publisher":{"@id":"https:\/\/exceladvisor.org\/it\/#organization"},"potentialAction":[{"@type":"SearchAction","target":{"@type":"EntryPoint","urlTemplate":"https:\/\/exceladvisor.org\/it\/?s={search_term_string}"},"query-input":{"@type":"PropertyValueSpecification","valueRequired":true,"valueName":"search_term_string"}}],"inLanguage":"it-IT"},{"@type":"Organization","@id":"https:\/\/exceladvisor.org\/it\/#organization","name":"Excel Advisor","url":"https:\/\/exceladvisor.org\/it\/","logo":{"@type":"ImageObject","inLanguage":"it-IT","@id":"https:\/\/exceladvisor.org\/it\/#\/schema\/logo\/image\/","url":"https:\/\/exceladvisor.org\/it\/wp-content\/uploads\/2023\/12\/exceladvisor.org_.png","contentUrl":"https:\/\/exceladvisor.org\/it\/wp-content\/uploads\/2023\/12\/exceladvisor.org_.png","width":105,"height":36,"caption":"Excel Advisor"},"image":{"@id":"https:\/\/exceladvisor.org\/it\/#\/schema\/logo\/image\/"}}]}},"yoast_meta":{"yoast_wpseo_title":"","yoast_wpseo_metadesc":"","yoast_wpseo_canonical":""},"_links":{"self":[{"href":"https:\/\/exceladvisor.org\/it\/wp-json\/wp\/v2\/pages\/1632","targetHints":{"allow":["GET"]}}],"collection":[{"href":"https:\/\/exceladvisor.org\/it\/wp-json\/wp\/v2\/pages"}],"about":[{"href":"https:\/\/exceladvisor.org\/it\/wp-json\/wp\/v2\/types\/page"}],"author":[{"embeddable":true,"href":"https:\/\/exceladvisor.org\/it\/wp-json\/wp\/v2\/users\/1"}],"replies":[{"embeddable":true,"href":"https:\/\/exceladvisor.org\/it\/wp-json\/wp\/v2\/comments?post=1632"}],"version-history":[{"count":1,"href":"https:\/\/exceladvisor.org\/it\/wp-json\/wp\/v2\/pages\/1632\/revisions"}],"predecessor-version":[{"id":2410,"href":"https:\/\/exceladvisor.org\/it\/wp-json\/wp\/v2\/pages\/1632\/revisions\/2410"}],"wp:attachment":[{"href":"https:\/\/exceladvisor.org\/it\/wp-json\/wp\/v2\/media?parent=1632"}],"curies":[{"name":"wp","href":"https:\/\/api.w.org\/{rel}","templated":true}]}}