{"id":1636,"date":"2023-11-14T15:29:45","date_gmt":"2023-11-14T15:29:45","guid":{"rendered":"https:\/\/exceladvisor.org\/it\/valori-massimi-medi\/"},"modified":"2023-12-10T06:21:19","modified_gmt":"2023-12-10T06:21:19","slug":"valori-massimi-medi","status":"publish","type":"page","link":"https:\/\/exceladvisor.org\/it\/valori-massimi-medi\/","title":{"rendered":"Come calcolare la media dei 5 valori top in excel?"},"content":{"rendered":"<div class=\"excel-prima-del-contenuto\" id=\"excel-1104941928\"><script type=\"text\/javascript\">\r\n\tatOptions = {\r\n\t\t'key' : 'c1158f160081d6540a8409e6925dab94',\r\n\t\t'format' : 'iframe',\r\n\t\t'height' : 250,\r\n\t\t'width' : 300,\r\n\t\t'params' : {}\r\n\t};\r\n<\/script>\r\n<script type=\"text\/javascript\" src=\"\/\/www.highperformanceformat.com\/c1158f160081d6540a8409e6925dab94\/invoke.js\"><\/script><\/div> <p>Supponiamo che tu abbia una linea di 20 prodotti nella tua attivit\u00e0 e disponi di dati di vendita mensili per tutti i 20 prodotti.<\/p><p> Da questi dati, vuoi calcolare la media dei primi 5 prodotti. In breve, da questi dati vuoi ottenere la media dei primi 5 valori. Guarda l&#8217;esempio qui sotto. <\/p><div class=\"wp-block-image\"><figure class=\"aligncenter\"><img decoding=\"async\" src=\"https:\/\/exceladvisor.org\/wp-content\/uploads\/2023\/08\/ventes-de-produits-pour-obtenir-la-moyenne-des-5-meilleurs.png\" sizes=\"\" srcset=\"\" alt=\"vendite di prodotti per ottenere la media dei primi 5\"><\/figure><\/div><h2 class=\"wp-block-heading\"> Formula: Media dei valori TOP 5<\/h2><p> Per calcolare la media dei primi 5 punteggi nell&#8217;elenco, \u00e8 possibile utilizzare una formula basata sulla combinazione di GRANDE e MEDIA. E la formula sar\u00e0: <\/p><pre class=\"wp-block-code\"> <code class=\"language-excel-formula\" lang=\"excel-formula\">=AVERAGE(LARGE(B2:B21,{1,2,3,4,5}))<\/code><\/pre><div class=\"wp-block-image\"><figure class=\"aligncenter\"><img decoding=\"async\" src=\"https:\/\/exceladvisor.org\/wp-content\/uploads\/2023\/08\/formule-pour-obtenir-la-moyenne-des-5-premiers.png\" sizes=\"\" srcset=\"\" alt=\"formula per ottenere la media dei primi 5\"><\/figure><\/div><h3 class=\"wp-block-heading\"> Come funziona questa formula?<\/h3><p> Per comprendere questa formula \u00e8 necessario dividerla in due parti. Nella prima parte abbiamo utilizzato la funzione LARGE.<\/p><h4 class=\"wp-block-heading\"> Funzione AMPIO<\/h4><p> La funzione GRANDE pu\u00f2 restituire l&#8217;ennesimo valore pi\u00f9 grande dai dati. Se specifichi 2 come ennesimo valore, restituir\u00e0 il secondo valore pi\u00f9 alto dai dati.<\/p><p> Qui sono necessari i primi 5 valori, non solo uno, per calcolarne la media. Per questo \u00e8 necessario inserire la tabella seguente come ennesimo valore.<\/p><p> {1,2,3,4,5}<\/p><p> Quando lo inserisci nella funzione, restituisce un array dei primi 5 valori, proprio come quello qui sotto. <\/p><div class=\"wp-block-image\"><figure class=\"aligncenter\"><img decoding=\"async\" src=\"https:\/\/exceladvisor.org\/wp-content\/uploads\/2023\/08\/comment-la-grande-formule-fonctionne-pour-obtenir-la-moyenne-des-5-premiers.png\" sizes=\"\" srcset=\"\" alt=\"come funziona la grande formula per ottenere la media dei primi 5\"><\/figure><\/div><p> <strong>Alla fine<\/strong> la funzione media restituisce la media di questi valori. Qui devi capire che la funzione media pu\u00f2 accettare un array senza inserire alcuna formula come CTRL+MAIUSC+INVIO. <\/p><div class=\"gb-container gb-container-52dfcee1 gb-container-sample-file\"><h2 class=\"gb-headline gb-headline-e289c143 gb-headline-text gb-headline-4f7959c2\"> Ottieni il file Excel<\/h2><p> <a class=\"gb-button gb-button-e88d6bee gb-button-text gb-button-button1\" href=\"https:\/\/exceladvisor.org\/wp-content\/uploads\/2023\/11\/moyenne-des-cinq-premieres-valeurs.xlsx\" rel=\"nofollow\">Scaricamento<\/a><\/p><\/div><div class=\"gb-container gb-container-0df56012 gb-container-mt\"> <a class=\"gb-button gb-button-f9f432f4 gb-button-text gb-button-mt-button\" href=\"https:\/\/exceladvisor.org\/it\/formule\/\">Elenco delle formule di Excel<\/a><h2 class=\"gb-headline gb-headline-233444e8 gb-headline-text gb-headline-mt-heading\"> Formule correlate <\/h2><div class=\"gb-grid-wrapper gb-grid-wrapper-a16fa65c gb-grid-wrapper-mt-grid\"><div class=\"gb-grid-column gb-grid-column-50d07e0d\"><div class=\"gb-container gb-container-50d07e0d\"><ul><li> <a href=\"https:\/\/exceladvisor.org\/it\/media-ponderata\/\">Calcola la media ponderata in Excel<\/a><\/li><li> <a href=\"https:\/\/exceladvisor.org\/it\/media-degli-errori-ignorati-2\/\">Media ma ignora gli errori (#N\/D e altri errori)<\/a><\/li><li> <a href=\"https:\/\/exceladvisor.org\/it\/la-media-esclude-gli-zeri-2\/\">Numero medio ma esclusi gli zeri<\/a><\/li><li> <a href=\"https:\/\/exceladvisor.org\/it\/media-delle-celle-non-vuote-2\/\">Media solo celle non vuote<\/a><\/li><li> <a href=\"https:\/\/exceladvisor.org\/it\/percentuale-media-2\/\">Calcolare la media dei valori percentuali<\/a><\/li><\/ul><\/div><\/div><\/div><\/div>","protected":false},"excerpt":{"rendered":"","protected":false},"author":1,"featured_media":0,"parent":0,"menu_order":0,"comment_status":"open","ping_status":"closed","template":"","meta":{"ub_ctt_via":"","footnotes":""},"class_list":["post-1636","page","type-page","status-publish","hentry"],"featured_image_src":null,"yoast_head":"<!-- This site is optimized with the Yoast SEO plugin v25.4 - https:\/\/yoast.com\/wordpress\/plugins\/seo\/ -->\n<title>Come calcolare la media dei 5 valori TOP in Excel?<\/title>\n<meta name=\"description\" content=\"Per calcolare la media dei primi 5 punteggi nell&#039;elenco, \u00e8 possibile utilizzare una formula basata sulla combinazione di GRANDE e MEDIA.\" \/>\n<meta name=\"robots\" content=\"index, follow, max-snippet:-1, max-image-preview:large, max-video-preview:-1\" \/>\n<link rel=\"canonical\" href=\"https:\/\/exceladvisor.org\/it\/valori-massimi-medi\/\" \/>\n<meta property=\"og:locale\" content=\"it_IT\" \/>\n<meta property=\"og:type\" content=\"article\" \/>\n<meta property=\"og:title\" content=\"Come calcolare la media dei 5 valori TOP in Excel?\" \/>\n<meta property=\"og:description\" content=\"Per calcolare la media dei primi 5 punteggi nell&#039;elenco, \u00e8 possibile utilizzare una formula basata sulla combinazione di GRANDE e MEDIA.\" \/>\n<meta property=\"og:url\" content=\"https:\/\/exceladvisor.org\/it\/valori-massimi-medi\/\" \/>\n<meta property=\"og:site_name\" content=\"Excel Advisor\" \/>\n<meta property=\"article:modified_time\" content=\"2023-12-10T06:21:19+00:00\" \/>\n<meta property=\"og:image\" content=\"https:\/\/exceladvisor.org\/wp-content\/uploads\/2023\/08\/ventes-de-produits-pour-obtenir-la-moyenne-des-5-meilleurs.png\" \/>\n<meta name=\"twitter:card\" content=\"summary_large_image\" \/>\n<meta name=\"twitter:label1\" content=\"Tempo di lettura stimato\" \/>\n\t<meta name=\"twitter:data1\" content=\"1 minuto\" \/>\n<script type=\"application\/ld+json\" class=\"yoast-schema-graph\">{\"@context\":\"https:\/\/schema.org\",\"@graph\":[{\"@type\":\"WebPage\",\"@id\":\"https:\/\/exceladvisor.org\/it\/valori-massimi-medi\/\",\"url\":\"https:\/\/exceladvisor.org\/it\/valori-massimi-medi\/\",\"name\":\"Come calcolare la media dei 5 valori TOP in Excel?\",\"isPartOf\":{\"@id\":\"https:\/\/exceladvisor.org\/it\/#website\"},\"primaryImageOfPage\":{\"@id\":\"https:\/\/exceladvisor.org\/it\/valori-massimi-medi\/#primaryimage\"},\"image\":{\"@id\":\"https:\/\/exceladvisor.org\/it\/valori-massimi-medi\/#primaryimage\"},\"thumbnailUrl\":\"https:\/\/exceladvisor.org\/wp-content\/uploads\/2023\/08\/ventes-de-produits-pour-obtenir-la-moyenne-des-5-meilleurs.png\",\"datePublished\":\"2023-11-14T15:29:45+00:00\",\"dateModified\":\"2023-12-10T06:21:19+00:00\",\"description\":\"Per calcolare la media dei primi 5 punteggi nell&#39;elenco, \u00e8 possibile utilizzare una formula basata sulla combinazione di GRANDE e MEDIA.\",\"breadcrumb\":{\"@id\":\"https:\/\/exceladvisor.org\/it\/valori-massimi-medi\/#breadcrumb\"},\"inLanguage\":\"it-IT\",\"potentialAction\":[{\"@type\":\"ReadAction\",\"target\":[\"https:\/\/exceladvisor.org\/it\/valori-massimi-medi\/\"]}]},{\"@type\":\"ImageObject\",\"inLanguage\":\"it-IT\",\"@id\":\"https:\/\/exceladvisor.org\/it\/valori-massimi-medi\/#primaryimage\",\"url\":\"https:\/\/exceladvisor.org\/wp-content\/uploads\/2023\/08\/ventes-de-produits-pour-obtenir-la-moyenne-des-5-meilleurs.png\",\"contentUrl\":\"https:\/\/exceladvisor.org\/wp-content\/uploads\/2023\/08\/ventes-de-produits-pour-obtenir-la-moyenne-des-5-meilleurs.png\"},{\"@type\":\"BreadcrumbList\",\"@id\":\"https:\/\/exceladvisor.org\/it\/valori-massimi-medi\/#breadcrumb\",\"itemListElement\":[{\"@type\":\"ListItem\",\"position\":1,\"name\":\"Home\",\"item\":\"https:\/\/exceladvisor.org\/it\/\"},{\"@type\":\"ListItem\",\"position\":2,\"name\":\"Come calcolare la media dei 5 valori top in excel?\"}]},{\"@type\":\"WebSite\",\"@id\":\"https:\/\/exceladvisor.org\/it\/#website\",\"url\":\"https:\/\/exceladvisor.org\/it\/\",\"name\":\"Excel Advisor\",\"description\":\"Tips, Tricks, and Time-Saving Hacks\",\"publisher\":{\"@id\":\"https:\/\/exceladvisor.org\/it\/#organization\"},\"potentialAction\":[{\"@type\":\"SearchAction\",\"target\":{\"@type\":\"EntryPoint\",\"urlTemplate\":\"https:\/\/exceladvisor.org\/it\/?s={search_term_string}\"},\"query-input\":{\"@type\":\"PropertyValueSpecification\",\"valueRequired\":true,\"valueName\":\"search_term_string\"}}],\"inLanguage\":\"it-IT\"},{\"@type\":\"Organization\",\"@id\":\"https:\/\/exceladvisor.org\/it\/#organization\",\"name\":\"Excel Advisor\",\"url\":\"https:\/\/exceladvisor.org\/it\/\",\"logo\":{\"@type\":\"ImageObject\",\"inLanguage\":\"it-IT\",\"@id\":\"https:\/\/exceladvisor.org\/it\/#\/schema\/logo\/image\/\",\"url\":\"https:\/\/exceladvisor.org\/it\/wp-content\/uploads\/2023\/12\/exceladvisor.org_.png\",\"contentUrl\":\"https:\/\/exceladvisor.org\/it\/wp-content\/uploads\/2023\/12\/exceladvisor.org_.png\",\"width\":105,\"height\":36,\"caption\":\"Excel Advisor\"},\"image\":{\"@id\":\"https:\/\/exceladvisor.org\/it\/#\/schema\/logo\/image\/\"}}]}<\/script>\n<!-- \/ Yoast SEO plugin. -->","yoast_head_json":{"title":"Come calcolare la media dei 5 valori TOP in Excel?","description":"Per calcolare la media dei primi 5 punteggi nell&#39;elenco, \u00e8 possibile utilizzare una formula basata sulla combinazione di GRANDE e MEDIA.","robots":{"index":"index","follow":"follow","max-snippet":"max-snippet:-1","max-image-preview":"max-image-preview:large","max-video-preview":"max-video-preview:-1"},"canonical":"https:\/\/exceladvisor.org\/it\/valori-massimi-medi\/","og_locale":"it_IT","og_type":"article","og_title":"Come calcolare la media dei 5 valori TOP in Excel?","og_description":"Per calcolare la media dei primi 5 punteggi nell&#39;elenco, \u00e8 possibile utilizzare una formula basata sulla combinazione di GRANDE e MEDIA.","og_url":"https:\/\/exceladvisor.org\/it\/valori-massimi-medi\/","og_site_name":"Excel Advisor","article_modified_time":"2023-12-10T06:21:19+00:00","og_image":[{"url":"https:\/\/exceladvisor.org\/wp-content\/uploads\/2023\/08\/ventes-de-produits-pour-obtenir-la-moyenne-des-5-meilleurs.png","type":"","width":"","height":""}],"twitter_card":"summary_large_image","twitter_misc":{"Tempo di lettura stimato":"1 minuto"},"schema":{"@context":"https:\/\/schema.org","@graph":[{"@type":"WebPage","@id":"https:\/\/exceladvisor.org\/it\/valori-massimi-medi\/","url":"https:\/\/exceladvisor.org\/it\/valori-massimi-medi\/","name":"Come calcolare la media dei 5 valori TOP in Excel?","isPartOf":{"@id":"https:\/\/exceladvisor.org\/it\/#website"},"primaryImageOfPage":{"@id":"https:\/\/exceladvisor.org\/it\/valori-massimi-medi\/#primaryimage"},"image":{"@id":"https:\/\/exceladvisor.org\/it\/valori-massimi-medi\/#primaryimage"},"thumbnailUrl":"https:\/\/exceladvisor.org\/wp-content\/uploads\/2023\/08\/ventes-de-produits-pour-obtenir-la-moyenne-des-5-meilleurs.png","datePublished":"2023-11-14T15:29:45+00:00","dateModified":"2023-12-10T06:21:19+00:00","description":"Per calcolare la media dei primi 5 punteggi nell&#39;elenco, \u00e8 possibile utilizzare una formula basata sulla combinazione di GRANDE e MEDIA.","breadcrumb":{"@id":"https:\/\/exceladvisor.org\/it\/valori-massimi-medi\/#breadcrumb"},"inLanguage":"it-IT","potentialAction":[{"@type":"ReadAction","target":["https:\/\/exceladvisor.org\/it\/valori-massimi-medi\/"]}]},{"@type":"ImageObject","inLanguage":"it-IT","@id":"https:\/\/exceladvisor.org\/it\/valori-massimi-medi\/#primaryimage","url":"https:\/\/exceladvisor.org\/wp-content\/uploads\/2023\/08\/ventes-de-produits-pour-obtenir-la-moyenne-des-5-meilleurs.png","contentUrl":"https:\/\/exceladvisor.org\/wp-content\/uploads\/2023\/08\/ventes-de-produits-pour-obtenir-la-moyenne-des-5-meilleurs.png"},{"@type":"BreadcrumbList","@id":"https:\/\/exceladvisor.org\/it\/valori-massimi-medi\/#breadcrumb","itemListElement":[{"@type":"ListItem","position":1,"name":"Home","item":"https:\/\/exceladvisor.org\/it\/"},{"@type":"ListItem","position":2,"name":"Come calcolare la media dei 5 valori top in excel?"}]},{"@type":"WebSite","@id":"https:\/\/exceladvisor.org\/it\/#website","url":"https:\/\/exceladvisor.org\/it\/","name":"Excel Advisor","description":"Tips, Tricks, and Time-Saving Hacks","publisher":{"@id":"https:\/\/exceladvisor.org\/it\/#organization"},"potentialAction":[{"@type":"SearchAction","target":{"@type":"EntryPoint","urlTemplate":"https:\/\/exceladvisor.org\/it\/?s={search_term_string}"},"query-input":{"@type":"PropertyValueSpecification","valueRequired":true,"valueName":"search_term_string"}}],"inLanguage":"it-IT"},{"@type":"Organization","@id":"https:\/\/exceladvisor.org\/it\/#organization","name":"Excel Advisor","url":"https:\/\/exceladvisor.org\/it\/","logo":{"@type":"ImageObject","inLanguage":"it-IT","@id":"https:\/\/exceladvisor.org\/it\/#\/schema\/logo\/image\/","url":"https:\/\/exceladvisor.org\/it\/wp-content\/uploads\/2023\/12\/exceladvisor.org_.png","contentUrl":"https:\/\/exceladvisor.org\/it\/wp-content\/uploads\/2023\/12\/exceladvisor.org_.png","width":105,"height":36,"caption":"Excel Advisor"},"image":{"@id":"https:\/\/exceladvisor.org\/it\/#\/schema\/logo\/image\/"}}]}},"yoast_meta":{"yoast_wpseo_title":"","yoast_wpseo_metadesc":"","yoast_wpseo_canonical":""},"_links":{"self":[{"href":"https:\/\/exceladvisor.org\/it\/wp-json\/wp\/v2\/pages\/1636","targetHints":{"allow":["GET"]}}],"collection":[{"href":"https:\/\/exceladvisor.org\/it\/wp-json\/wp\/v2\/pages"}],"about":[{"href":"https:\/\/exceladvisor.org\/it\/wp-json\/wp\/v2\/types\/page"}],"author":[{"embeddable":true,"href":"https:\/\/exceladvisor.org\/it\/wp-json\/wp\/v2\/users\/1"}],"replies":[{"embeddable":true,"href":"https:\/\/exceladvisor.org\/it\/wp-json\/wp\/v2\/comments?post=1636"}],"version-history":[{"count":1,"href":"https:\/\/exceladvisor.org\/it\/wp-json\/wp\/v2\/pages\/1636\/revisions"}],"predecessor-version":[{"id":2353,"href":"https:\/\/exceladvisor.org\/it\/wp-json\/wp\/v2\/pages\/1636\/revisions\/2353"}],"wp:attachment":[{"href":"https:\/\/exceladvisor.org\/it\/wp-json\/wp\/v2\/media?parent=1636"}],"curies":[{"name":"wp","href":"https:\/\/api.w.org\/{rel}","templated":true}]}}