{"id":1637,"date":"2023-11-14T15:17:07","date_gmt":"2023-11-14T15:17:07","guid":{"rendered":"https:\/\/exceladvisor.org\/it\/ottieni-il-nome-del-giorno\/"},"modified":"2023-12-10T06:24:36","modified_gmt":"2023-12-10T06:24:36","slug":"ottieni-il-nome-del-giorno","status":"publish","type":"page","link":"https:\/\/exceladvisor.org\/it\/ottieni-il-nome-del-giorno\/","title":{"rendered":"Come ottenere il nome del giorno da una data in excel?"},"content":{"rendered":"<div class=\"excel-prima-del-contenuto\" id=\"excel-3822618336\"><script type=\"text\/javascript\">\r\n\tatOptions = {\r\n\t\t'key' : 'c1158f160081d6540a8409e6925dab94',\r\n\t\t'format' : 'iframe',\r\n\t\t'height' : 250,\r\n\t\t'width' : 300,\r\n\t\t'params' : {}\r\n\t};\r\n<\/script>\r\n<script type=\"text\/javascript\" src=\"\/\/www.highperformanceformat.com\/c1158f160081d6540a8409e6925dab94\/invoke.js\"><\/script><\/div> <p class=\"has-text-align-left\">Supponiamo che tu abbia una data a partire da questa data per la quale desideri ottenere il nome del giorno, ad esempio sabato, domenica. Questo pu\u00f2 essere fatto con una formula. In effetti si possono utilizzare diverse formule.<\/p><h2 class=\"wp-block-heading\"> Ottieni il nome del giorno con la funzione TESTO<\/h2><p> \u00c8 possibile utilizzare la funzione TESTO per estrarre il nome di un giorno da una data. Supponiamo di avere una data nella cella A2 e di voler ottenere il nome del giorno nella cella B2. La formula sar\u00e0:<\/p><pre class=\"wp-block-code\"> <code class=\"language-excel-formula\" lang=\"excel-formula\">=TEXT(A2,\"DDD\")<\/code><\/pre><p> Questa formula restituir\u00e0 il nome del giorno a partire dalla data. E, se desideri un nome completo per il giorno, puoi utilizzare la formula seguente. <\/p><pre class=\"wp-block-code\"> <code class=\"language-excel-formula\" lang=\"excel-formula\">=TEXT(A2,\"DDDD\")<\/code><\/pre><div class=\"wp-block-image\"><figure class=\"aligncenter\"><img decoding=\"async\" src=\"https:\/\/exceladvisor.org\/wp-content\/uploads\/2023\/08\/obtenir-le-nom-du-mois-a-partir-dune-date-avec-une-fonction-de-texte.png\" sizes=\"\" srcset=\"\" alt=\"ottieni il nome del mese da una data con una funzione di testo\"><\/figure><\/div><h2 class=\"wp-block-heading\"> Funziona<\/h2><p> Quando fai riferimento alla data nella funzione TESTO, stai convertendo quei dati in un formato di testo specifico che hai menzionato.<\/p><h2 class=\"wp-block-heading\"> Utilizzando la funzione SELECT Ottieni il nome del giorno<\/h2><p> Questo \u00e8 un altro metodo che puoi utilizzare per estrarre il nome di un giorno da una data. E questo metodo \u00e8 pi\u00f9 flessibile.<\/p><p> Supponiamo che tu voglia utilizzare un&#8217;abbreviazione personalizzata o desideri ottenere il nome del giorno in un&#8217;altra lingua. La formula sar\u00e0: <\/p><pre class=\"wp-block-code\"> <code class=\"language-excel-formula\" lang=\"excel-formula\">=CHOOSE(WEEKDAY(A3,2),\"M\",\"Tu\",\"W\",\"Th\",\"F\",\"Sa\",\"Su\")<\/code><\/pre><div class=\"wp-block-image\"><figure class=\"aligncenter\"><img decoding=\"async\" src=\"https:\/\/exceladvisor.org\/wp-content\/uploads\/2023\/08\/obtenir-le-nom-du-mois-a-partir-dune-date-avec-la-fonction-de-choix.png\" sizes=\"\" srcset=\"\" alt=\"ottieni il nome del mese da una data con la funzione di selezione\"><\/figure><\/div><h2 class=\"wp-block-heading\"> Come funziona<\/h2><p> Qui WEEKDAY restituisce il numero di giorni in una settimana, ovvero 1-7. Se il giorno \u00e8 luned\u00ec restituir\u00e0 1 e marted\u00ec restituir\u00e0 2. Quindi per ogni giorno della settimana c&#8217;\u00e8 un numero.<\/p><p> Dopodich\u00e9 nella funzione SCEGLI hai menzionato 7 valori diversi per 7 giorni della settimana e quando GIORNO SETTIMANA restituisce un numero, SCEGLI restituisce il valore in base a quel numero. In breve, ottieni un nome per il giorno.<\/p><h2 class=\"wp-block-heading\"> Applica la formattazione personalizzata<\/h2><p> Se non desideri estrarre il nome del giorno in un&#8217;altra cella, puoi applicare la formattazione personalizzata per formattare una data come nome del giorno. Per quello:<\/p><ol><li> Seleziona tutte le celle e premi il tasto di scelta rapida Ctrl + 1.<\/li><li> Nella scheda Numero, seleziona Personalizzato e inserisci &#8220;ddd&#8221; o &#8220;dddd&#8221; nella barra di immissione.<\/li><li> Alla fine, fare clic su OK. <\/li><\/ol><div class=\"wp-block-image\"><figure class=\"aligncenter\"><img decoding=\"async\" src=\"https:\/\/exceladvisor.org\/wp-content\/uploads\/2023\/08\/obtenir-le-nom-du-mois-a-partir-dune-date-avec-un-formatage-personnalise.png\" sizes=\"\" srcset=\"\" alt=\"ottieni il nome del mese da una data con formattazione personalizzata\"><\/figure><\/div><p> Ci\u00f2 convertir\u00e0 la data nella cella selezionata in un nome di giorno.<\/p><p class=\"grey-note\"> Quando applichi la formattazione personalizzata, il valore nella cella \u00e8 sempre una data, devi solo modificarne la formattazione. <\/p><div class=\"gb-container gb-container-52dfcee1 gb-container-sample-file\"><h2 class=\"gb-headline gb-headline-e289c143 gb-headline-text gb-headline-4f7959c2\"> Ottieni il file Excel<\/h2><p> <a class=\"gb-button gb-button-e88d6bee gb-button-text gb-button-button1\" href=\"https:\/\/exceladvisor.org\/wp-content\/uploads\/2023\/08\/obtenir-le-nom-du-jour-2.xlsx\" rel=\"nofollow\">Scaricamento<\/a><\/p><\/div><div class=\"gb-container gb-container-0df56012 gb-container-mt\"> <a class=\"gb-button gb-button-f9f432f4 gb-button-text gb-button-mt-button\" href=\"https:\/\/exceladvisor.org\/it\/formule\/\">Elenco delle formule di Excel<\/a><h2 class=\"gb-headline gb-headline-233444e8 gb-headline-text gb-headline-mt-heading\"> Formule correlate <\/h2><div class=\"gb-grid-wrapper gb-grid-wrapper-a16fa65c gb-grid-wrapper-mt-grid\"><div class=\"gb-grid-column gb-grid-column-50d07e0d\"><div class=\"gb-container gb-container-50d07e0d\"><ul><li> <a href=\"https:\/\/exceladvisor.org\/it\/aggiungere-la-data-della-settimana\/\">Aggiungi-sottrai settimana da una data in Excel<\/a><\/li><li> <a href=\"https:\/\/exceladvisor.org\/it\/giorni-del-mese\/\">Ottieni il numero totale di giorni di mesi in Excel<\/a><\/li><li> <a href=\"https:\/\/exceladvisor.org\/it\/mesi-giorni-lavorativi\/\">Giorni lavorativi in un mese<\/a><\/li><li> <a href=\"https:\/\/exceladvisor.org\/it\/data-al-testo-2\/\">Converti la data in testo<\/a> <\/li><\/ul><\/div><\/div><div class=\"gb-grid-column gb-grid-column-5b4a0cf9\"><div class=\"gb-container gb-container-5b4a0cf9\"><ul><li> <a href=\"https:\/\/exceladvisor.org\/it\/giorni-del-conto-alla-rovescia\/\">Giorni di conto alla rovescia<\/a><\/li><li> <a href=\"https:\/\/exceladvisor.org\/it\/giorni-tra-due-date\/\">Contare i giorni tra due date<\/a><\/li><li> <a href=\"https:\/\/exceladvisor.org\/it\/appuntamento-con-julienne-2\/\">Convertire in data giuliana<\/a><\/li><li> <a href=\"https:\/\/exceladvisor.org\/it\/domenica-precedente-2\/\">Ottieni la domenica precedente<\/a><\/li><\/ul><\/div><\/div><\/div><\/div>","protected":false},"excerpt":{"rendered":"","protected":false},"author":1,"featured_media":0,"parent":0,"menu_order":0,"comment_status":"open","ping_status":"closed","template":"","meta":{"ub_ctt_via":"","footnotes":""},"class_list":["post-1637","page","type-page","status-publish","hentry"],"featured_image_src":null,"yoast_head":"<!-- This site is optimized with the Yoast SEO plugin v25.4 - https:\/\/yoast.com\/wordpress\/plugins\/seo\/ -->\n<title>Formula: ottieni il nome del giorno da una data in Excel?<\/title>\n<meta name=\"description\" content=\"Supponiamo che tu abbia una data a partire da questa data per la quale desideri ottenere il nome del giorno, ad esempio sabato, domenica.\" \/>\n<meta name=\"robots\" content=\"index, follow, max-snippet:-1, max-image-preview:large, max-video-preview:-1\" \/>\n<link rel=\"canonical\" href=\"https:\/\/exceladvisor.org\/it\/ottieni-il-nome-del-giorno\/\" \/>\n<meta property=\"og:locale\" content=\"it_IT\" \/>\n<meta property=\"og:type\" content=\"article\" \/>\n<meta property=\"og:title\" content=\"Formula: ottieni il nome del giorno da una data in Excel?\" \/>\n<meta property=\"og:description\" content=\"Supponiamo che tu abbia una data a partire da questa data per la quale desideri ottenere il nome del giorno, ad esempio sabato, domenica.\" \/>\n<meta property=\"og:url\" content=\"https:\/\/exceladvisor.org\/it\/ottieni-il-nome-del-giorno\/\" \/>\n<meta property=\"og:site_name\" content=\"Excel Advisor\" \/>\n<meta property=\"article:modified_time\" content=\"2023-12-10T06:24:36+00:00\" \/>\n<meta property=\"og:image\" content=\"https:\/\/exceladvisor.org\/wp-content\/uploads\/2023\/08\/obtenir-le-nom-du-mois-a-partir-dune-date-avec-une-fonction-de-texte.png\" \/>\n<meta name=\"twitter:card\" content=\"summary_large_image\" \/>\n<meta name=\"twitter:label1\" content=\"Tempo di lettura stimato\" \/>\n\t<meta name=\"twitter:data1\" content=\"2 minuti\" \/>\n<script type=\"application\/ld+json\" class=\"yoast-schema-graph\">{\"@context\":\"https:\/\/schema.org\",\"@graph\":[{\"@type\":\"WebPage\",\"@id\":\"https:\/\/exceladvisor.org\/it\/ottieni-il-nome-del-giorno\/\",\"url\":\"https:\/\/exceladvisor.org\/it\/ottieni-il-nome-del-giorno\/\",\"name\":\"Formula: ottieni il nome del giorno da una data in Excel?\",\"isPartOf\":{\"@id\":\"https:\/\/exceladvisor.org\/it\/#website\"},\"primaryImageOfPage\":{\"@id\":\"https:\/\/exceladvisor.org\/it\/ottieni-il-nome-del-giorno\/#primaryimage\"},\"image\":{\"@id\":\"https:\/\/exceladvisor.org\/it\/ottieni-il-nome-del-giorno\/#primaryimage\"},\"thumbnailUrl\":\"https:\/\/exceladvisor.org\/wp-content\/uploads\/2023\/08\/obtenir-le-nom-du-mois-a-partir-dune-date-avec-une-fonction-de-texte.png\",\"datePublished\":\"2023-11-14T15:17:07+00:00\",\"dateModified\":\"2023-12-10T06:24:36+00:00\",\"description\":\"Supponiamo che tu abbia una data a partire da questa data per la quale desideri ottenere il nome del giorno, ad esempio sabato, domenica.\",\"breadcrumb\":{\"@id\":\"https:\/\/exceladvisor.org\/it\/ottieni-il-nome-del-giorno\/#breadcrumb\"},\"inLanguage\":\"it-IT\",\"potentialAction\":[{\"@type\":\"ReadAction\",\"target\":[\"https:\/\/exceladvisor.org\/it\/ottieni-il-nome-del-giorno\/\"]}]},{\"@type\":\"ImageObject\",\"inLanguage\":\"it-IT\",\"@id\":\"https:\/\/exceladvisor.org\/it\/ottieni-il-nome-del-giorno\/#primaryimage\",\"url\":\"https:\/\/exceladvisor.org\/wp-content\/uploads\/2023\/08\/obtenir-le-nom-du-mois-a-partir-dune-date-avec-une-fonction-de-texte.png\",\"contentUrl\":\"https:\/\/exceladvisor.org\/wp-content\/uploads\/2023\/08\/obtenir-le-nom-du-mois-a-partir-dune-date-avec-une-fonction-de-texte.png\"},{\"@type\":\"BreadcrumbList\",\"@id\":\"https:\/\/exceladvisor.org\/it\/ottieni-il-nome-del-giorno\/#breadcrumb\",\"itemListElement\":[{\"@type\":\"ListItem\",\"position\":1,\"name\":\"Home\",\"item\":\"https:\/\/exceladvisor.org\/it\/\"},{\"@type\":\"ListItem\",\"position\":2,\"name\":\"Come ottenere il nome del giorno da una data in excel?\"}]},{\"@type\":\"WebSite\",\"@id\":\"https:\/\/exceladvisor.org\/it\/#website\",\"url\":\"https:\/\/exceladvisor.org\/it\/\",\"name\":\"Excel Advisor\",\"description\":\"Tips, Tricks, and Time-Saving Hacks\",\"publisher\":{\"@id\":\"https:\/\/exceladvisor.org\/it\/#organization\"},\"potentialAction\":[{\"@type\":\"SearchAction\",\"target\":{\"@type\":\"EntryPoint\",\"urlTemplate\":\"https:\/\/exceladvisor.org\/it\/?s={search_term_string}\"},\"query-input\":{\"@type\":\"PropertyValueSpecification\",\"valueRequired\":true,\"valueName\":\"search_term_string\"}}],\"inLanguage\":\"it-IT\"},{\"@type\":\"Organization\",\"@id\":\"https:\/\/exceladvisor.org\/it\/#organization\",\"name\":\"Excel Advisor\",\"url\":\"https:\/\/exceladvisor.org\/it\/\",\"logo\":{\"@type\":\"ImageObject\",\"inLanguage\":\"it-IT\",\"@id\":\"https:\/\/exceladvisor.org\/it\/#\/schema\/logo\/image\/\",\"url\":\"https:\/\/exceladvisor.org\/it\/wp-content\/uploads\/2023\/12\/exceladvisor.org_.png\",\"contentUrl\":\"https:\/\/exceladvisor.org\/it\/wp-content\/uploads\/2023\/12\/exceladvisor.org_.png\",\"width\":105,\"height\":36,\"caption\":\"Excel Advisor\"},\"image\":{\"@id\":\"https:\/\/exceladvisor.org\/it\/#\/schema\/logo\/image\/\"}}]}<\/script>\n<!-- \/ Yoast SEO plugin. -->","yoast_head_json":{"title":"Formula: ottieni il nome del giorno da una data in Excel?","description":"Supponiamo che tu abbia una data a partire da questa data per la quale desideri ottenere il nome del giorno, ad esempio sabato, domenica.","robots":{"index":"index","follow":"follow","max-snippet":"max-snippet:-1","max-image-preview":"max-image-preview:large","max-video-preview":"max-video-preview:-1"},"canonical":"https:\/\/exceladvisor.org\/it\/ottieni-il-nome-del-giorno\/","og_locale":"it_IT","og_type":"article","og_title":"Formula: ottieni il nome del giorno da una data in Excel?","og_description":"Supponiamo che tu abbia una data a partire da questa data per la quale desideri ottenere il nome del giorno, ad esempio sabato, domenica.","og_url":"https:\/\/exceladvisor.org\/it\/ottieni-il-nome-del-giorno\/","og_site_name":"Excel Advisor","article_modified_time":"2023-12-10T06:24:36+00:00","og_image":[{"url":"https:\/\/exceladvisor.org\/wp-content\/uploads\/2023\/08\/obtenir-le-nom-du-mois-a-partir-dune-date-avec-une-fonction-de-texte.png","type":"","width":"","height":""}],"twitter_card":"summary_large_image","twitter_misc":{"Tempo di lettura stimato":"2 minuti"},"schema":{"@context":"https:\/\/schema.org","@graph":[{"@type":"WebPage","@id":"https:\/\/exceladvisor.org\/it\/ottieni-il-nome-del-giorno\/","url":"https:\/\/exceladvisor.org\/it\/ottieni-il-nome-del-giorno\/","name":"Formula: ottieni il nome del giorno da una data in Excel?","isPartOf":{"@id":"https:\/\/exceladvisor.org\/it\/#website"},"primaryImageOfPage":{"@id":"https:\/\/exceladvisor.org\/it\/ottieni-il-nome-del-giorno\/#primaryimage"},"image":{"@id":"https:\/\/exceladvisor.org\/it\/ottieni-il-nome-del-giorno\/#primaryimage"},"thumbnailUrl":"https:\/\/exceladvisor.org\/wp-content\/uploads\/2023\/08\/obtenir-le-nom-du-mois-a-partir-dune-date-avec-une-fonction-de-texte.png","datePublished":"2023-11-14T15:17:07+00:00","dateModified":"2023-12-10T06:24:36+00:00","description":"Supponiamo che tu abbia una data a partire da questa data per la quale desideri ottenere il nome del giorno, ad esempio sabato, domenica.","breadcrumb":{"@id":"https:\/\/exceladvisor.org\/it\/ottieni-il-nome-del-giorno\/#breadcrumb"},"inLanguage":"it-IT","potentialAction":[{"@type":"ReadAction","target":["https:\/\/exceladvisor.org\/it\/ottieni-il-nome-del-giorno\/"]}]},{"@type":"ImageObject","inLanguage":"it-IT","@id":"https:\/\/exceladvisor.org\/it\/ottieni-il-nome-del-giorno\/#primaryimage","url":"https:\/\/exceladvisor.org\/wp-content\/uploads\/2023\/08\/obtenir-le-nom-du-mois-a-partir-dune-date-avec-une-fonction-de-texte.png","contentUrl":"https:\/\/exceladvisor.org\/wp-content\/uploads\/2023\/08\/obtenir-le-nom-du-mois-a-partir-dune-date-avec-une-fonction-de-texte.png"},{"@type":"BreadcrumbList","@id":"https:\/\/exceladvisor.org\/it\/ottieni-il-nome-del-giorno\/#breadcrumb","itemListElement":[{"@type":"ListItem","position":1,"name":"Home","item":"https:\/\/exceladvisor.org\/it\/"},{"@type":"ListItem","position":2,"name":"Come ottenere il nome del giorno da una data in excel?"}]},{"@type":"WebSite","@id":"https:\/\/exceladvisor.org\/it\/#website","url":"https:\/\/exceladvisor.org\/it\/","name":"Excel Advisor","description":"Tips, Tricks, and Time-Saving Hacks","publisher":{"@id":"https:\/\/exceladvisor.org\/it\/#organization"},"potentialAction":[{"@type":"SearchAction","target":{"@type":"EntryPoint","urlTemplate":"https:\/\/exceladvisor.org\/it\/?s={search_term_string}"},"query-input":{"@type":"PropertyValueSpecification","valueRequired":true,"valueName":"search_term_string"}}],"inLanguage":"it-IT"},{"@type":"Organization","@id":"https:\/\/exceladvisor.org\/it\/#organization","name":"Excel Advisor","url":"https:\/\/exceladvisor.org\/it\/","logo":{"@type":"ImageObject","inLanguage":"it-IT","@id":"https:\/\/exceladvisor.org\/it\/#\/schema\/logo\/image\/","url":"https:\/\/exceladvisor.org\/it\/wp-content\/uploads\/2023\/12\/exceladvisor.org_.png","contentUrl":"https:\/\/exceladvisor.org\/it\/wp-content\/uploads\/2023\/12\/exceladvisor.org_.png","width":105,"height":36,"caption":"Excel Advisor"},"image":{"@id":"https:\/\/exceladvisor.org\/it\/#\/schema\/logo\/image\/"}}]}},"yoast_meta":{"yoast_wpseo_title":"","yoast_wpseo_metadesc":"","yoast_wpseo_canonical":""},"_links":{"self":[{"href":"https:\/\/exceladvisor.org\/it\/wp-json\/wp\/v2\/pages\/1637","targetHints":{"allow":["GET"]}}],"collection":[{"href":"https:\/\/exceladvisor.org\/it\/wp-json\/wp\/v2\/pages"}],"about":[{"href":"https:\/\/exceladvisor.org\/it\/wp-json\/wp\/v2\/types\/page"}],"author":[{"embeddable":true,"href":"https:\/\/exceladvisor.org\/it\/wp-json\/wp\/v2\/users\/1"}],"replies":[{"embeddable":true,"href":"https:\/\/exceladvisor.org\/it\/wp-json\/wp\/v2\/comments?post=1637"}],"version-history":[{"count":1,"href":"https:\/\/exceladvisor.org\/it\/wp-json\/wp\/v2\/pages\/1637\/revisions"}],"predecessor-version":[{"id":2591,"href":"https:\/\/exceladvisor.org\/it\/wp-json\/wp\/v2\/pages\/1637\/revisions\/2591"}],"wp:attachment":[{"href":"https:\/\/exceladvisor.org\/it\/wp-json\/wp\/v2\/media?parent=1637"}],"curies":[{"name":"wp","href":"https:\/\/api.w.org\/{rel}","templated":true}]}}