{"id":1638,"date":"2023-11-14T15:02:28","date_gmt":"2023-11-14T15:02:28","guid":{"rendered":"https:\/\/exceladvisor.org\/it\/somma-di-valori-tra-due-date\/"},"modified":"2023-12-10T06:19:46","modified_gmt":"2023-12-10T06:19:46","slug":"somma-di-valori-tra-due-date","status":"publish","type":"page","link":"https:\/\/exceladvisor.org\/it\/somma-di-valori-tra-due-date\/","title":{"rendered":"Come aggiungere due tabelle di date?"},"content":{"rendered":"<div class=\"excel-prima-del-contenuto\" id=\"excel-1891855792\"><script type=\"text\/javascript\">\r\n\tatOptions = {\r\n\t\t'key' : 'c1158f160081d6540a8409e6925dab94',\r\n\t\t'format' : 'iframe',\r\n\t\t'height' : 250,\r\n\t\t'width' : 300,\r\n\t\t'params' : {}\r\n\t};\r\n<\/script>\r\n<script type=\"text\/javascript\" src=\"\/\/www.highperformanceformat.com\/c1158f160081d6540a8409e6925dab94\/invoke.js\"><\/script><\/div> <p>S\u00ec, hai sentito bene SUMIFS \u00e8 il metodo pi\u00f9 semplice e migliore per aggiungere valori tra due date (ovvero l&#8217;intervallo di date).<\/p><p> Lascia che ti dica una cosa. Supponiamo che lavori in una societ\u00e0 commerciale e il tuo capo ti chieda l&#8217;importo totale delle vendite degli ultimi 15 giorni.<\/p><p> In questo caso, \u00e8 necessario aggiungere l&#8217;importo delle vendite dalla data corrente fino a 15 giorni prima, cio\u00e8 tra due date. Lascia che ti dica come. Qui hai un intervallo di due date che comprende un totale di 15 giorni e devi aggiungere i valori per ciascuna di esse.<\/p><p> E con SUMIFS puoi aggiungere queste due date come criteri e funziona come un intervallo e somma tutti i valori compresi nell&#8217;intervallo.<\/p><p class=\"qt-tip\"> <strong>Introduzione rapida:<\/strong> SUMIFS pu\u00f2 aiutarti ad aggiungere valori specificando pi\u00f9 criteri. In breve, riassumer\u00e0 solo le celle in cui sono soddisfatte tutte le condizioni.<\/p><pre class=\"wp-block-code\"> <code class=\"language-excel-formula\" lang=\"excel-formula\">=SUMIFS(sum_range,range1,criteria1,[range2],[criteria2],\u2026)<\/code><\/pre><p> Nella sintassi precedente, \u00e8 necessario prima fare riferimento all&#8217;intervallo da cui si desidera sommare i valori, quindi all&#8217;intervallo per verificare i criteri, quindi al criterio da verificare e cos\u00ec via.<\/p><h2 class=\"wp-block-heading\"> Formula per aggiungere valori tra due date in Excel<\/h2><p> Qui hai i dati di vendita per il mese di gennaio e devi sommare i valori tra il 15 gennaio 2017 e il 25 gennaio 2017. <\/p><div class=\"gb-container gb-container-52dfcee1 gb-container-sample-file\"><h2 class=\"gb-headline gb-headline-e289c143 gb-headline-text gb-headline-4f7959c2\"> Ottieni il file Excel<\/h2> <a class=\"gb-button gb-button-e88d6bee gb-button-text gb-button-button1\" href=\"https:\/\/exceladvisor.org\/wp-content\/uploads\/2023\/08\/somme-des-valeurs-entre-deux-donnees-de-dates.xlsx\" rel=\"nofollow\">Scaricamento<\/a> <\/div><div class=\"wp-block-image\"><figure class=\"aligncenter\"><img decoding=\"async\" src=\"https:\/\/exceladvisor.org\/wp-content\/uploads\/2023\/08\/donnees-pour-additionner-les-valeurs-entre-deux-dates-min-1.png\" sizes=\"\" srcset=\"\" alt=\"data per aggiungere valori tra due date utilizzando SUMIFS\"><\/figure><\/div><p> Nella cella D2, inserisci la formula seguente e premi Invio:<\/p><pre class=\"wp-block-code\"> <code class=\"language-excel-formula\" lang=\"excel-formula\">=SUMIFS(B2:B31,A2:A31,\"&gt;=15-Jan-2017\",A2:A31,\"&lt;=25-Jan-2017\")<\/code><\/pre><p> Quando premi Invio, questa funzione restituir\u00e0 $ 15.682 nella cella, che \u00e8 la somma dell&#8217;importo tra il 15 gennaio 2017 e il 25 gennaio 2017. E qui in questo calcolo hai incluso anche le date di inizio e fine. <\/p><div class=\"wp-block-image\"><figure class=\"aligncenter\"><img decoding=\"async\" src=\"https:\/\/exceladvisor.org\/wp-content\/uploads\/2023\/08\/formule-pour-additionner-les-valeurs-entre-deux-dates-min-1.png\" sizes=\"\" srcset=\"\" alt=\"formula per aggiungere valori tra due date\"><\/figure><\/div><p> Per verificare questo calcolo, seleziona semplicemente le celle dell&#8217;importo dal 15 gennaio 2017 al 25 gennaio 2017 e controlla la barra di stato per la somma di questi valori oppure puoi anche filtrare i valori per verificarlo. <\/p><div class=\"wp-block-image\"><figure class=\"aligncenter\"><img decoding=\"async\" src=\"https:\/\/exceladvisor.org\/wp-content\/uploads\/2023\/08\/verifier-la-somme-de-la-barre-detat-pour-verifier-que-la-somme-des-valeurs-entre-les-dates-min-1.png\" sizes=\"\" srcset=\"\" alt=\"controlla la somma della barra di stato per verificare che la somma dei valori tra le date\"><\/figure><\/div><h3 class=\"wp-block-heading\"> Ecco come funziona.<\/h3><p> In questa formula abbiamo utilizzato operatori logici con SUMIFS che ci permettono di aggiungere una condizione durante il calcolo della somma. Analizziamo la formula per capirla. <\/p><div class=\"wp-block-image\"><figure class=\"aligncenter\"><img decoding=\"async\" src=\"https:\/\/exceladvisor.org\/wp-content\/uploads\/2023\/08\/comment-cette-formule-fonctionne-pour-additionner-les-valeurs-entre-deux-dates-min-1.png\" sizes=\"\" srcset=\"\" alt=\"come funziona questa formula per sommare i valori tra due date\"><\/figure><\/div><ul><li> Innanzitutto, abbiamo utilizzato l&#8217;intervallo B2:B31 come sum_range in cui abbiamo l&#8217;importo.<\/li><li> <span style=\"color: #000000;\">Successivamente<\/span> , abbiamo fatto riferimento ad A2:A31 come primo intervallo di criteri e &#8220;&gt;=15-gen-2017&#8221; come primo criterio.<\/li><li> Quindi abbiamo fatto nuovamente riferimento ad A2:A31, ma questa volta come secondo intervallo di criteri e &#8220;&lt;=25-gen-2017&#8221; come secondo criterio.<\/li><\/ul><p> Questi due criteri dicono quindi alla funzione di sommare i valori uguali o superiori al 15 gennaio 2017 e uguali o inferiori al 25 gennaio 2017.<\/p><p> Quindi questo <strong><span style=\"color: #000000;\">punto \u00e8<\/span><\/strong> che abbiamo due criteri diversi, uno per il limite inferiore e uno per il limite superiore, che crea un intervallo di date. E la funzione sommer\u00e0 solo i valori all&#8217;interno di tale intervallo.<\/p><h2 class=\"wp-block-heading\"> Somma di valori tra un <span style=\"color: #ea493f;\">intervallo dinamico<\/span> di date<\/h2><p> Potrebbero esserci momenti in cui \u00e8 necessario aggiungere continuamente valori tra due date. Diciamo che devi sommare i valori degli ultimi 7 giorni e deve essere dinamico in modo che ogni giorno ottieni la somma degli ultimi 7 giorni. Quindi le formule saranno:<\/p><pre class=\"wp-block-code\"> <code class=\"language-excel-formula\" lang=\"excel-formula\">=SUMIFS(B2:B31,A2:A31,\"&lt;=\"&amp;TODAY(),A2:A31,\"&gt;=\"&amp;(TODAY()-6))<\/code><\/pre><h3 class=\"wp-block-heading\"> Ecco come funziona<\/h3><p> Nella formula sopra, abbiamo utilizzato la funzione OGGI per ottenere la data dinamica corrente che cambier\u00e0 automaticamente. Il primo criterio indica alla funzione di aggiungere solo valori uguali o inferiori alla data odierna.<\/p><p> Inoltre, il <span style=\"color: #000000;\">secondo<\/span> criterio indica alla funzione di aggiungere solo valori uguali o inferiori alla data che precede 6 giorni oggi.<\/p><p> <span style=\"color: #000000;\"><strong>Ora<\/strong><\/span> l&#8217;intervallo di due date sar\u00e0 pi\u00f9 o meno questo, <strong>da oggi a sei giorni fa<\/strong> , il che significa che hai un totale di sette giorni. E la funzione sommer\u00e0 solo i valori all&#8217;interno di questo intervallo. <\/p><div class=\"gb-container gb-container-9b8f593d gb-container-sample-file\"><h2 class=\"gb-headline gb-headline-e7dd4817 gb-headline-text gb-headline-4f7959c2\"> Ottieni il file Excel<\/h2> <a class=\"gb-button gb-button-e0766fef gb-button-text gb-button-button1\" href=\"https:\/\/exceladvisor.org\/wp-content\/uploads\/2023\/08\/somme-des-valeurs-entre-deux-dates-2.xlsx\" rel=\"nofollow\">Scaricamento<\/a><\/div><div class=\"gb-container gb-container-0df56012 gb-container-mt\"> <a class=\"gb-button gb-button-f9f432f4 gb-button-text gb-button-mt-button\" href=\"https:\/\/exceladvisor.org\/it\/formule\/\">Elenco delle formule di Excel<\/a><h2 class=\"gb-headline gb-headline-233444e8 gb-headline-text gb-headline-mt-heading\"> Formule correlate <\/h2><div class=\"gb-grid-wrapper gb-grid-wrapper-a16fa65c gb-grid-wrapper-mt-grid\"><div class=\"gb-grid-column gb-grid-column-50d07e0d\"><div class=\"gb-container gb-container-50d07e0d\"><ul><li> <a href=\"https:\/\/exceladvisor.org\/it\/somma-se-maggiore-di\/\">Somma maggiore dei valori utilizzando SOMMA.SE<\/a><\/li><li> <a href=\"https:\/\/exceladvisor.org\/it\/sutive-non-uguali\/\">Somma di valori non uguali (SUMIFS) in Excel<\/a><\/li><li> <a href=\"https:\/\/exceladvisor.org\/it\/sumif-sumif-o-logica\/\">SOMMA.SE\/SOMMA.FS con logica OR in Excel<\/a><\/li><li> <a href=\"https:\/\/exceladvisor.org\/it\/sumif-con-caratteri-jolly\/\">SOMMA.SE con caratteri jolly in Excel<\/a><\/li><li> <a href=\"https:\/\/exceladvisor.org\/it\/sumif-vlookup\/\">Combina CERCA.VERT con SOMMA.SE<\/a> <\/li><\/ul><\/div><\/div><div class=\"gb-grid-column gb-grid-column-5b4a0cf9\"><div class=\"gb-container gb-container-5b4a0cf9\"><\/div><\/div><\/div><\/div>","protected":false},"excerpt":{"rendered":"","protected":false},"author":1,"featured_media":0,"parent":0,"menu_order":0,"comment_status":"open","ping_status":"closed","template":"","meta":{"ub_ctt_via":"","footnotes":""},"class_list":["post-1638","page","type-page","status-publish","hentry"],"featured_image_src":null,"yoast_head":"<!-- This site is optimized with the Yoast SEO plugin v25.4 - https:\/\/yoast.com\/wordpress\/plugins\/seo\/ -->\n<title>SUMIFS: somma di valori tra due tabelle di date<\/title>\n<meta name=\"description\" content=\"SUMIFS \u00e8 il modo migliore per aggiungere valori se rientrano tra due date. Devi solo menzionare la data inferiore\" \/>\n<meta name=\"robots\" content=\"index, follow, max-snippet:-1, max-image-preview:large, max-video-preview:-1\" \/>\n<link rel=\"canonical\" href=\"https:\/\/exceladvisor.org\/it\/somma-di-valori-tra-due-date\/\" \/>\n<meta property=\"og:locale\" content=\"it_IT\" \/>\n<meta property=\"og:type\" content=\"article\" \/>\n<meta property=\"og:title\" content=\"SUMIFS: somma di valori tra due tabelle di date\" \/>\n<meta property=\"og:description\" content=\"SUMIFS \u00e8 il modo migliore per aggiungere valori se rientrano tra due date. Devi solo menzionare la data inferiore\" \/>\n<meta property=\"og:url\" content=\"https:\/\/exceladvisor.org\/it\/somma-di-valori-tra-due-date\/\" \/>\n<meta property=\"og:site_name\" content=\"Excel Advisor\" \/>\n<meta property=\"article:modified_time\" content=\"2023-12-10T06:19:46+00:00\" \/>\n<meta property=\"og:image\" content=\"https:\/\/exceladvisor.org\/wp-content\/uploads\/2023\/08\/donnees-pour-additionner-les-valeurs-entre-deux-dates-min-1.png\" \/>\n<meta name=\"twitter:card\" content=\"summary_large_image\" \/>\n<meta name=\"twitter:label1\" content=\"Tempo di lettura stimato\" \/>\n\t<meta name=\"twitter:data1\" content=\"3 minuti\" \/>\n<script type=\"application\/ld+json\" class=\"yoast-schema-graph\">{\"@context\":\"https:\/\/schema.org\",\"@graph\":[{\"@type\":\"WebPage\",\"@id\":\"https:\/\/exceladvisor.org\/it\/somma-di-valori-tra-due-date\/\",\"url\":\"https:\/\/exceladvisor.org\/it\/somma-di-valori-tra-due-date\/\",\"name\":\"SUMIFS: somma di valori tra due tabelle di date\",\"isPartOf\":{\"@id\":\"https:\/\/exceladvisor.org\/it\/#website\"},\"primaryImageOfPage\":{\"@id\":\"https:\/\/exceladvisor.org\/it\/somma-di-valori-tra-due-date\/#primaryimage\"},\"image\":{\"@id\":\"https:\/\/exceladvisor.org\/it\/somma-di-valori-tra-due-date\/#primaryimage\"},\"thumbnailUrl\":\"https:\/\/exceladvisor.org\/wp-content\/uploads\/2023\/08\/donnees-pour-additionner-les-valeurs-entre-deux-dates-min-1.png\",\"datePublished\":\"2023-11-14T15:02:28+00:00\",\"dateModified\":\"2023-12-10T06:19:46+00:00\",\"description\":\"SUMIFS \u00e8 il modo migliore per aggiungere valori se rientrano tra due date. Devi solo menzionare la data inferiore\",\"breadcrumb\":{\"@id\":\"https:\/\/exceladvisor.org\/it\/somma-di-valori-tra-due-date\/#breadcrumb\"},\"inLanguage\":\"it-IT\",\"potentialAction\":[{\"@type\":\"ReadAction\",\"target\":[\"https:\/\/exceladvisor.org\/it\/somma-di-valori-tra-due-date\/\"]}]},{\"@type\":\"ImageObject\",\"inLanguage\":\"it-IT\",\"@id\":\"https:\/\/exceladvisor.org\/it\/somma-di-valori-tra-due-date\/#primaryimage\",\"url\":\"https:\/\/exceladvisor.org\/wp-content\/uploads\/2023\/08\/donnees-pour-additionner-les-valeurs-entre-deux-dates-min-1.png\",\"contentUrl\":\"https:\/\/exceladvisor.org\/wp-content\/uploads\/2023\/08\/donnees-pour-additionner-les-valeurs-entre-deux-dates-min-1.png\"},{\"@type\":\"BreadcrumbList\",\"@id\":\"https:\/\/exceladvisor.org\/it\/somma-di-valori-tra-due-date\/#breadcrumb\",\"itemListElement\":[{\"@type\":\"ListItem\",\"position\":1,\"name\":\"Home\",\"item\":\"https:\/\/exceladvisor.org\/it\/\"},{\"@type\":\"ListItem\",\"position\":2,\"name\":\"Come aggiungere due tabelle di date?\"}]},{\"@type\":\"WebSite\",\"@id\":\"https:\/\/exceladvisor.org\/it\/#website\",\"url\":\"https:\/\/exceladvisor.org\/it\/\",\"name\":\"Excel Advisor\",\"description\":\"Tips, Tricks, and Time-Saving Hacks\",\"publisher\":{\"@id\":\"https:\/\/exceladvisor.org\/it\/#organization\"},\"potentialAction\":[{\"@type\":\"SearchAction\",\"target\":{\"@type\":\"EntryPoint\",\"urlTemplate\":\"https:\/\/exceladvisor.org\/it\/?s={search_term_string}\"},\"query-input\":{\"@type\":\"PropertyValueSpecification\",\"valueRequired\":true,\"valueName\":\"search_term_string\"}}],\"inLanguage\":\"it-IT\"},{\"@type\":\"Organization\",\"@id\":\"https:\/\/exceladvisor.org\/it\/#organization\",\"name\":\"Excel Advisor\",\"url\":\"https:\/\/exceladvisor.org\/it\/\",\"logo\":{\"@type\":\"ImageObject\",\"inLanguage\":\"it-IT\",\"@id\":\"https:\/\/exceladvisor.org\/it\/#\/schema\/logo\/image\/\",\"url\":\"https:\/\/exceladvisor.org\/it\/wp-content\/uploads\/2023\/12\/exceladvisor.org_.png\",\"contentUrl\":\"https:\/\/exceladvisor.org\/it\/wp-content\/uploads\/2023\/12\/exceladvisor.org_.png\",\"width\":105,\"height\":36,\"caption\":\"Excel Advisor\"},\"image\":{\"@id\":\"https:\/\/exceladvisor.org\/it\/#\/schema\/logo\/image\/\"}}]}<\/script>\n<!-- \/ Yoast SEO plugin. -->","yoast_head_json":{"title":"SUMIFS: somma di valori tra due tabelle di date","description":"SUMIFS \u00e8 il modo migliore per aggiungere valori se rientrano tra due date. Devi solo menzionare la data inferiore","robots":{"index":"index","follow":"follow","max-snippet":"max-snippet:-1","max-image-preview":"max-image-preview:large","max-video-preview":"max-video-preview:-1"},"canonical":"https:\/\/exceladvisor.org\/it\/somma-di-valori-tra-due-date\/","og_locale":"it_IT","og_type":"article","og_title":"SUMIFS: somma di valori tra due tabelle di date","og_description":"SUMIFS \u00e8 il modo migliore per aggiungere valori se rientrano tra due date. Devi solo menzionare la data inferiore","og_url":"https:\/\/exceladvisor.org\/it\/somma-di-valori-tra-due-date\/","og_site_name":"Excel Advisor","article_modified_time":"2023-12-10T06:19:46+00:00","og_image":[{"url":"https:\/\/exceladvisor.org\/wp-content\/uploads\/2023\/08\/donnees-pour-additionner-les-valeurs-entre-deux-dates-min-1.png","type":"","width":"","height":""}],"twitter_card":"summary_large_image","twitter_misc":{"Tempo di lettura stimato":"3 minuti"},"schema":{"@context":"https:\/\/schema.org","@graph":[{"@type":"WebPage","@id":"https:\/\/exceladvisor.org\/it\/somma-di-valori-tra-due-date\/","url":"https:\/\/exceladvisor.org\/it\/somma-di-valori-tra-due-date\/","name":"SUMIFS: somma di valori tra due tabelle di date","isPartOf":{"@id":"https:\/\/exceladvisor.org\/it\/#website"},"primaryImageOfPage":{"@id":"https:\/\/exceladvisor.org\/it\/somma-di-valori-tra-due-date\/#primaryimage"},"image":{"@id":"https:\/\/exceladvisor.org\/it\/somma-di-valori-tra-due-date\/#primaryimage"},"thumbnailUrl":"https:\/\/exceladvisor.org\/wp-content\/uploads\/2023\/08\/donnees-pour-additionner-les-valeurs-entre-deux-dates-min-1.png","datePublished":"2023-11-14T15:02:28+00:00","dateModified":"2023-12-10T06:19:46+00:00","description":"SUMIFS \u00e8 il modo migliore per aggiungere valori se rientrano tra due date. Devi solo menzionare la data inferiore","breadcrumb":{"@id":"https:\/\/exceladvisor.org\/it\/somma-di-valori-tra-due-date\/#breadcrumb"},"inLanguage":"it-IT","potentialAction":[{"@type":"ReadAction","target":["https:\/\/exceladvisor.org\/it\/somma-di-valori-tra-due-date\/"]}]},{"@type":"ImageObject","inLanguage":"it-IT","@id":"https:\/\/exceladvisor.org\/it\/somma-di-valori-tra-due-date\/#primaryimage","url":"https:\/\/exceladvisor.org\/wp-content\/uploads\/2023\/08\/donnees-pour-additionner-les-valeurs-entre-deux-dates-min-1.png","contentUrl":"https:\/\/exceladvisor.org\/wp-content\/uploads\/2023\/08\/donnees-pour-additionner-les-valeurs-entre-deux-dates-min-1.png"},{"@type":"BreadcrumbList","@id":"https:\/\/exceladvisor.org\/it\/somma-di-valori-tra-due-date\/#breadcrumb","itemListElement":[{"@type":"ListItem","position":1,"name":"Home","item":"https:\/\/exceladvisor.org\/it\/"},{"@type":"ListItem","position":2,"name":"Come aggiungere due tabelle di date?"}]},{"@type":"WebSite","@id":"https:\/\/exceladvisor.org\/it\/#website","url":"https:\/\/exceladvisor.org\/it\/","name":"Excel Advisor","description":"Tips, Tricks, and Time-Saving Hacks","publisher":{"@id":"https:\/\/exceladvisor.org\/it\/#organization"},"potentialAction":[{"@type":"SearchAction","target":{"@type":"EntryPoint","urlTemplate":"https:\/\/exceladvisor.org\/it\/?s={search_term_string}"},"query-input":{"@type":"PropertyValueSpecification","valueRequired":true,"valueName":"search_term_string"}}],"inLanguage":"it-IT"},{"@type":"Organization","@id":"https:\/\/exceladvisor.org\/it\/#organization","name":"Excel Advisor","url":"https:\/\/exceladvisor.org\/it\/","logo":{"@type":"ImageObject","inLanguage":"it-IT","@id":"https:\/\/exceladvisor.org\/it\/#\/schema\/logo\/image\/","url":"https:\/\/exceladvisor.org\/it\/wp-content\/uploads\/2023\/12\/exceladvisor.org_.png","contentUrl":"https:\/\/exceladvisor.org\/it\/wp-content\/uploads\/2023\/12\/exceladvisor.org_.png","width":105,"height":36,"caption":"Excel Advisor"},"image":{"@id":"https:\/\/exceladvisor.org\/it\/#\/schema\/logo\/image\/"}}]}},"yoast_meta":{"yoast_wpseo_title":"","yoast_wpseo_metadesc":"","yoast_wpseo_canonical":""},"_links":{"self":[{"href":"https:\/\/exceladvisor.org\/it\/wp-json\/wp\/v2\/pages\/1638","targetHints":{"allow":["GET"]}}],"collection":[{"href":"https:\/\/exceladvisor.org\/it\/wp-json\/wp\/v2\/pages"}],"about":[{"href":"https:\/\/exceladvisor.org\/it\/wp-json\/wp\/v2\/types\/page"}],"author":[{"embeddable":true,"href":"https:\/\/exceladvisor.org\/it\/wp-json\/wp\/v2\/users\/1"}],"replies":[{"embeddable":true,"href":"https:\/\/exceladvisor.org\/it\/wp-json\/wp\/v2\/comments?post=1638"}],"version-history":[{"count":1,"href":"https:\/\/exceladvisor.org\/it\/wp-json\/wp\/v2\/pages\/1638\/revisions"}],"predecessor-version":[{"id":2263,"href":"https:\/\/exceladvisor.org\/it\/wp-json\/wp\/v2\/pages\/1638\/revisions\/2263"}],"wp:attachment":[{"href":"https:\/\/exceladvisor.org\/it\/wp-json\/wp\/v2\/media?parent=1638"}],"curies":[{"name":"wp","href":"https:\/\/api.w.org\/{rel}","templated":true}]}}