{"id":1640,"date":"2023-11-14T14:34:20","date_gmt":"2023-11-14T14:34:20","guid":{"rendered":"https:\/\/exceladvisor.org\/it\/caratteri-jolly-con-vlookup\/"},"modified":"2023-12-10T06:26:22","modified_gmt":"2023-12-10T06:26:22","slug":"caratteri-jolly-con-vlookup","status":"publish","type":"page","link":"https:\/\/exceladvisor.org\/it\/caratteri-jolly-con-vlookup\/","title":{"rendered":"Come utilizzare i caratteri jolly con cerca.vert?"},"content":{"rendered":"<div class=\"excel-prima-del-contenuto\" id=\"excel-1953091373\"><script type=\"text\/javascript\">\r\n\tatOptions = {\r\n\t\t'key' : 'c1158f160081d6540a8409e6925dab94',\r\n\t\t'format' : 'iframe',\r\n\t\t'height' : 250,\r\n\t\t'width' : 300,\r\n\t\t'params' : {}\r\n\t};\r\n<\/script>\r\n<script type=\"text\/javascript\" src=\"\/\/www.highperformanceformat.com\/c1158f160081d6540a8409e6925dab94\/invoke.js\"><\/script><\/div> <p>Sono sicuro che vuoi rendere CERCA.VERT pi\u00f9 potente. Bene, usare i caratteri jolly con CERCA.VERT pu\u00f2 farlo per te. Pu\u00f2 aiutarti a cercare un valore utilizzando una corrispondenza parziale.<\/p><p> <strong>ORA:<\/strong><\/p><p> Supponiamo che tu abbia dati come la tabella seguente in cui hai i nomi completi degli studenti in una colonna e i loro voti in un&#8217;altra colonna. <\/p><div class=\"wp-block-image\"><figure class=\"aligncenter\"><img decoding=\"async\" src=\"https:\/\/exceladvisor.org\/wp-content\/uploads\/2023\/08\/table-de-donnees-utiliser-des-caracteres-generiques-avec-vlookup-min-1.png\" sizes=\"\" srcset=\"\" alt=\"la tabella dati utilizza i caratteri jolly con vlookup\"><\/figure><\/div><p> E da questi dati vuoi cercare i voti di un particolare studente, ma solo con il nome. Un normale CERCA.VERT non ti consente di cercare un valore come questo.<\/p><p> Tuttavia, quando combini un asterisco che \u00e8 un carattere jolly, puoi ottenere i voti di uno studente utilizzando solo una corrispondenza parziale. Quindi, oggi in questo articolo, vorrei condividere con te come utilizzare i caratteri jolly con CERCA.VERT.<\/p><p> E per questo ho elencato <strong><span style=\"color: #000000;\">5 esempi concreti<\/span><\/strong> che possono aiutarti a comprendere questo binomio.<\/p><h2 id=\"types-of-wildcards\" class=\"wp-block-heading\"> Tipi di caratteri jolly<\/h2><p> Ora il punto \u00e8: hai un totale di 3 caratteri jolly che puoi utilizzare in Excel.<\/p><ul><li> <strong><span style=\"color: #000000;\">Asterisco (*):<\/span><\/strong> trova un numero qualsiasi di caratteri dopo il testo. Ad esempio, puoi utilizzare &#8220;Ex*&#8221; per trovare la corrispondenza con il testo &#8220;Excel&#8221; di un elenco.<\/li><li> <strong><span style=\"color: #000000;\">Punto interrogativo (?):<\/span><\/strong> utilizzare un punto interrogativo per sostituirlo con un carattere. Ad esempio, puoi utilizzare P?inter per cercare il testo &#8220;Pittore&#8221; o &#8220;Stampante&#8221;.<\/li><li> Tilde (~): questo pu\u00f2 annullare l&#8217;impatto dei due caratteri sopra. Ad esempio, se desideri cercare il valore &#8220;PD*&#8221;, puoi utilizzare invece &#8220;PD~*&#8221;.<\/li><\/ul><p> <a href=\"https:\/\/exceladvisor.org\/wp-content\/uploads\/2023\/11\/caracteres-generiques.xlsx\" data-wpil=\"url\">Scopri di pi\u00f9 sui caratteri jolly in questa guida definitiva<\/a> .<\/p><p> Qui ho elencato 5 esempi diversi per aiutarti a capire come funziona questa combinazione di carattere jolly e CERCA.VERT. Puoi <a href=\"https:\/\/exceladvisor.org\/wp-content\/uploads\/2023\/08\/caracteres-generiques-avec-des-donnees-vlookup.xlsx\" rel=\"nofollow\">scaricare questo file di esempio qui<\/a> per seguirlo.<\/p><h2 id=\"vlookup-with-a-first-name-and-an-asterisk\" class=\"wp-block-heading\"> CERCA.VERT con un nome e un asterisco<\/h2><p> Continuiamo con l&#8217;esempio che ti ho mostrato sopra. Qui hai un elenco di nomi (nome + cognome) e devi cercare i voti degli studenti utilizzando solo il nome. <\/p><div class=\"wp-block-image\"><figure class=\"aligncenter\"><img decoding=\"async\" src=\"https:\/\/exceladvisor.org\/wp-content\/uploads\/2023\/08\/table-de-donnees-utiliser-des-caracteres-generiques-avec-vlookup-min-1.png\" sizes=\"\" srcset=\"\" alt=\"la tabella dati utilizza i caratteri jolly con vlookup\"><\/figure><\/div><p> Quando usi un normale CERCA.VERT restituir\u00e0 un errore #N\/A che significa che il valore non \u00e8 presente nell&#8217;elenco, il che \u00e8 completamente corretto. <\/p><div class=\"wp-block-image\"><figure class=\"aligncenter\"><img decoding=\"async\" src=\"https:\/\/exceladvisor.org\/wp-content\/uploads\/2023\/08\/utiliser-des-caracteres-generiques-avec-vlookup-pour-rechercher-le-prenom-min-1.png\" sizes=\"\" srcset=\"\" alt=\"utilizzare i caratteri jolly con vlookup per cercare il nome\"><\/figure><\/div><p> Tuttavia, quando combini il valore di ricerca con un asterisco, ottieni i voti degli studenti senza errori. <\/p><div class=\"wp-block-image\"><figure class=\"aligncenter\"><img decoding=\"async\" src=\"https:\/\/exceladvisor.org\/wp-content\/uploads\/2023\/08\/utiliser-des-caracteres-generiques-avec-vlookup-pour-rechercher-le-prenom-avec-un-asterisque-min-1.png\" sizes=\"\" srcset=\"\" alt=\"utilizzare i caratteri jolly con vlookup per cercare il nome con un asterisco\"><\/figure><\/div><h3 id=\"this-is-how-this-formula-works-2\" class=\"wp-block-heading\"> Ecco come funziona questa formula<\/h3><p> Nella formula sopra hai utilizzato un asterisco dopo il nome che aiuta CERCA.VERT a cercare un valore che inizia con il nome che hai menzionato e il resto del valore pu\u00f2 essere qualsiasi cosa.<\/p><h2 id=\"combine-vlookup-and-an-asterisk-to-avoid-trailing-spaces\" class=\"wp-block-heading\"> Combina CERCA.VERT e un asterisco per evitare spazi finali<\/h2><p> Ora in questi dati hai solo i nomi, ma ancora una volta non sei in grado di ottenere le valutazioni. E il motivo \u00e8 che dopo aver rimosso i cognomi, lo spazio centrale rimane l\u00ec. <\/p><div class=\"wp-block-image\"><figure class=\"aligncenter\"><img decoding=\"async\" src=\"https:\/\/exceladvisor.org\/wp-content\/uploads\/2023\/08\/donnees-de-prenom-a-utiliser-avec-des-caracteres-generiques-avec-vlookup-1.png\" sizes=\"\" srcset=\"\" alt=\"dati del nome da utilizzare con caratteri jolly con vlookup\"><\/figure><\/div><p> E ora quando provi a cercare marchi con il nome ricevi di nuovo l&#8217;errore #N\/A. <\/p><div class=\"wp-block-image\"><figure class=\"aligncenter\"><img decoding=\"async\" src=\"https:\/\/exceladvisor.org\/wp-content\/uploads\/2023\/08\/utiliser-des-caracteres-generiques-avec-vlookup-pour-rechercher-le-prenom-avec-un-espace-minimum-1.png\" sizes=\"\" srcset=\"\" alt=\"utilizzare i caratteri jolly con vlookup per cercare il nome con lo spazio\"><\/figure><\/div><p> Ma s\u00ec, puoi <a href=\"https:\/\/exceladvisor.org\/it\/rimuovere-gli-spazi-aggiuntivi\/\">rimuovere tutti quegli spazi indesiderati<\/a> , ma qui la nostra motivazione \u00e8 utilizzare i caratteri jolly con CERCA.VERT per risolvere questo problema. <\/p><div class=\"wp-block-image\"><figure class=\"aligncenter\"><img decoding=\"async\" src=\"https:\/\/exceladvisor.org\/wp-content\/uploads\/2023\/08\/utiliser-des-caracteres-generiques-avec-vlookup-pour-rechercher-le-prenom-avec-un-espace-en-utilisant-un-asterisque-min-1.png\" sizes=\"\" srcset=\"\" alt=\"utilizzare i caratteri jolly con vlookup per cercare il nome con lo spazio utilizzando l'asterisco min\"><\/figure><\/div><p> Anche qui dovresti usare la stessa formula che hai usato sopra. Ignorer\u00e0 gli spazi durante la corrispondenza di un valore e restituir\u00e0 i voti con il nome dello studente.<\/p><h2 id=\"partial-invoice-look-up\" class=\"wp-block-heading\"> Ricerca fatture parziali<\/h2><p> In entrambi gli esempi precedenti, hai utilizzato un asterisco per eseguire una corrispondenza parziale per CERCA.VERT. Ma qui in questo esempio abbiamo i dati di fatturazione con l&#8217;importo delle vendite.<\/p><p> <strong><em>Ecco una svolta:<\/em><\/strong><\/p><p> Ogni numero di fattura ha un prefisso &#8220;INV&#8221; all&#8217;inizio. Sfortunatamente, con il numero di fattura che stai utilizzando per cercare l&#8217;importo, non hai questo testo. <\/p><div class=\"wp-block-image\"><figure class=\"aligncenter\"><img decoding=\"async\" src=\"https:\/\/exceladvisor.org\/wp-content\/uploads\/2023\/08\/donnees-de-facturation-pour-utiliser-des-caracteres-generiques-avec-vlookup-1.png\" sizes=\"\" srcset=\"\" alt=\"dati di fatturazione per utilizzare i caratteri jolly con vlookup\"><\/figure><\/div><p> E con il normale CERCA.VERT non \u00e8 possibile ottenere l&#8217;importo delle vendite. <\/p><div class=\"wp-block-image\"><figure class=\"aligncenter\"><img decoding=\"async\" src=\"https:\/\/exceladvisor.org\/wp-content\/uploads\/2023\/08\/une-correspondance-partielle-de-recherche-de-facture-normale-min-1.png\" sizes=\"\" srcset=\"\" alt=\"una ricerca fattura normale corrispondenza parziale min\"><\/figure><\/div><p> E utilizzando un carattere jolly, la formula sar\u00e0 simile a questa: <\/p><div class=\"wp-block-image\"><figure class=\"aligncenter\"><img decoding=\"async\" src=\"https:\/\/exceladvisor.org\/wp-content\/uploads\/2023\/08\/recherche-de-facture-partielle-avec-caracteres-generiques-min-1.png\" sizes=\"\" srcset=\"\" alt=\"ricerca parziale fatture con caratteri jolly min\"><\/figure><\/div><h3 id=\"how-this-formula-works\" class=\"wp-block-heading\"> Come funziona questa formula?<\/h3><p> Nella formula sopra hai combinato tre punti interrogativi con il numero della fattura come prefisso. Come ho detto sopra, un punto interrogativo rappresenter\u00e0 i personaggi.<\/p><p> Qui, questi 3 punti interrogativi rappresentano questi 3 caratteri che hai all&#8217;inizio dei numeri delle fatture.<\/p><p> Ci\u00f2 consente di cercare l&#8217;importo delle vendite per l&#8217;utilizzo con corrispondenza parziale.<\/p><h2 id=\"use-a-question-mark-with-vlookup-to-match-a-product-id\" class=\"wp-block-heading\"> Utilizza un punto interrogativo con CERCA.VERT per abbinare un ID prodotto<\/h2><p> Ricominciamo, in questo esempio in cui hai ID prodotto che sono una combinazione di 4 cifre, 3 testo e 3 cifre. Ora devi cercare la quantit\u00e0 di un particolare prodotto. <\/p><div class=\"wp-block-image\"><figure class=\"aligncenter\"><img decoding=\"async\" src=\"https:\/\/exceladvisor.org\/wp-content\/uploads\/2023\/08\/donnees-didentification-de-produit-pour-utiliser-des-caracteres-generiques-avec-vlookup-1.png\" sizes=\"\" srcset=\"\" alt=\"dati di identificazione del prodotto per utilizzare i caratteri jolly con vlookup\"><\/figure><\/div><p> <strong>\u00c8 pazzesco:<\/strong><\/p><p> In questi dati conosci solo il numero iniziale dell&#8217;ID prodotto e l&#8217;ultimo numero \u00e8 lo stesso in tutti gli ID. Ma il problema \u00e8 il testo della parte centrale che non hai. <\/p><div class=\"wp-block-image\"><figure class=\"aligncenter\"><img decoding=\"async\" src=\"https:\/\/exceladvisor.org\/wp-content\/uploads\/2023\/08\/recherche-simple-dID-de-produit-avec-des-caracteres-generiques-min-1.png\" sizes=\"\" srcset=\"\" alt=\"ricerca semplice dell'ID prodotto con caratteri jolly minimi\"><\/figure><\/div><p> Per risolvere questo problema, \u00e8 necessario combinare nuovamente i caratteri jolly del punto interrogativo con CERCA.VERT. E la formula sar\u00e0 simile a questa: <\/p><div class=\"wp-block-image\"><figure class=\"aligncenter\"><img decoding=\"async\" src=\"https:\/\/exceladvisor.org\/wp-content\/uploads\/2023\/08\/recherche-dID-de-produit-avec-point-dinterrogation-generique-min-1.png\" sizes=\"\" srcset=\"\" alt=\"ricerca id prodotto con punto interrogativo generico min\"><\/figure><\/div><h3 id=\"how-this-formula-works-1\" class=\"wp-block-heading\"> Come funziona questa formula?<\/h3><p> Nella formula sopra, questi due punti interrogativi rappresentano il testo presente nell&#8217;elenco degli ID prodotto originale.<\/p><h2 id=\"nullifying-the-effect-of-wildcard-characters-in-vlookup\" class=\"wp-block-heading\"> Annullamento dell&#8217;effetto dei caratteri jolly in CERCA.VERT<\/h2><p> Ci sar\u00e0 una situazione in cui dovrai rimuovere l&#8217;effetto dei caratteri jolly. Diamo un&#8217;occhiata ai dati sottostanti dove abbiamo valori nella colonna con un asterisco. E qui questi asterischi non vengono utilizzati come carattere jolly, ma fanno parte dei valori effettivi. <\/p><div class=\"wp-block-image\"><figure class=\"aligncenter\"><img decoding=\"async\" src=\"https:\/\/exceladvisor.org\/wp-content\/uploads\/2023\/08\/mauvaise-recherche-dun-asterisque-min-1.png\" sizes=\"\" srcset=\"\" alt=\"ricerca errata per un asterisco min\"><\/figure><\/div><p> <strong>Forse ti starai chiedendo:<\/strong><\/p><p> Ma quando provi a cercare un valore che include un asterisco, Excel lo tratter\u00e0 come un carattere jolly anzich\u00e9 come un valore normale.<\/p><p> Quindi qui \u00e8 necessario annullare l&#8217;effetto di questo carattere jolly. Per fare ci\u00f2, devi usare una tilde. E dovresti usare una formula come questa: <\/p><div class=\"wp-block-image\"><figure class=\"aligncenter\"><img decoding=\"async\" src=\"https:\/\/exceladvisor.org\/wp-content\/uploads\/2023\/08\/annuler-leffet-du-joker-min-1.png\" sizes=\"\" srcset=\"\" alt=\"annulla effetto jolly min\"><\/figure><\/div><p> Quando usi una tilde prima di un asterisco e un punto interrogativo, ne annuller\u00e0 l&#8217;effetto ed Excel lo tratter\u00e0 come un normale carattere di testo. <\/p><div class=\"gb-container gb-container-52dfcee1 gb-container-sample-file\"><h2 class=\"gb-headline gb-headline-e289c143 gb-headline-text gb-headline-4f7959c2\"> Ottieni il file Excel<\/h2> <a class=\"gb-button gb-button-e88d6bee gb-button-text gb-button-button1\" href=\"https:\/\/exceladvisor.org\/wp-content\/uploads\/2023\/08\/caracteres-generiques-avec-vlookup-2.xlsx\" rel=\"nofollow\">Scaricamento<\/a><\/div><div class=\"gb-container gb-container-0df56012 gb-container-mt\"> <a class=\"gb-button gb-button-f9f432f4 gb-button-text gb-button-mt-button\" href=\"https:\/\/exceladvisor.org\/it\/formule\/\">Elenco delle formule di Excel<\/a><h2 class=\"gb-headline gb-headline-233444e8 gb-headline-text gb-headline-mt-heading\"> Formule correlate <\/h2><div class=\"gb-grid-wrapper gb-grid-wrapper-a16fa65c gb-grid-wrapper-mt-grid\"><div class=\"gb-grid-column gb-grid-column-50d07e0d\"><div class=\"gb-container gb-container-50d07e0d\"><ul><li> <a href=\"https:\/\/exceladvisor.org\/it\/iferror-vlookup\/\">SEERRORE con CERCA.VERT in Excel per sostituire #N\/D in Excel<\/a><\/li><li> <a href=\"https:\/\/exceladvisor.org\/it\/ricerca-bidirezionale\/\">Esegui una ricerca bidirezionale in Excel<\/a><\/li><li> <a href=\"https:\/\/exceladvisor.org\/it\/ricerca-inversa\/\">CERCA.VERT inversa (indietro: da destra a sinistra) in Excel<\/a><\/li><li> <a href=\"https:\/\/exceladvisor.org\/it\/corrispondenza-di-vsearch\/\">Combinazione di CORRISPONDENZA CERCA.VERT in Excel<\/a><\/li><li> <a href=\"https:\/\/exceladvisor.org\/it\/vlookup-diversi-criteri\/\">CERCA.VERT con pi\u00f9 criteri in Excel<\/a> <\/li><\/ul><\/div><\/div><div class=\"gb-grid-column gb-grid-column-5b4a0cf9\"><div class=\"gb-container gb-container-5b4a0cf9\"><\/div><\/div><\/div><\/div>","protected":false},"excerpt":{"rendered":"","protected":false},"author":1,"featured_media":0,"parent":0,"menu_order":0,"comment_status":"open","ping_status":"closed","template":"","meta":{"ub_ctt_via":"","footnotes":""},"class_list":["post-1640","page","type-page","status-publish","hentry"],"featured_image_src":null,"yoast_head":"<!-- This site is optimized with the Yoast SEO plugin v25.4 - https:\/\/yoast.com\/wordpress\/plugins\/seo\/ -->\n<title>Come utilizzare i caratteri jolly con CERCA.VERT?<\/title>\n<meta name=\"description\" content=\"Utilizzando i caratteri jolly con CERCA.VERT, puoi vincere tutte le situazioni in cui \u00e8 difficile utilizzare CERCA.VERT. Questo ti aiuter\u00e0 a trovare un valore...\" \/>\n<meta name=\"robots\" content=\"index, follow, max-snippet:-1, max-image-preview:large, max-video-preview:-1\" \/>\n<link rel=\"canonical\" href=\"https:\/\/exceladvisor.org\/it\/caratteri-jolly-con-vlookup\/\" \/>\n<meta property=\"og:locale\" content=\"it_IT\" \/>\n<meta property=\"og:type\" content=\"article\" \/>\n<meta property=\"og:title\" content=\"Come utilizzare i caratteri jolly con CERCA.VERT?\" \/>\n<meta property=\"og:description\" content=\"Utilizzando i caratteri jolly con CERCA.VERT, puoi vincere tutte le situazioni in cui \u00e8 difficile utilizzare CERCA.VERT. Questo ti aiuter\u00e0 a trovare un valore...\" \/>\n<meta property=\"og:url\" content=\"https:\/\/exceladvisor.org\/it\/caratteri-jolly-con-vlookup\/\" \/>\n<meta property=\"og:site_name\" content=\"Excel Advisor\" \/>\n<meta property=\"article:modified_time\" content=\"2023-12-10T06:26:22+00:00\" \/>\n<meta property=\"og:image\" content=\"https:\/\/exceladvisor.org\/wp-content\/uploads\/2023\/08\/table-de-donnees-utiliser-des-caracteres-generiques-avec-vlookup-min-1.png\" \/>\n<meta name=\"twitter:card\" content=\"summary_large_image\" \/>\n<meta name=\"twitter:label1\" content=\"Tempo di lettura stimato\" \/>\n\t<meta name=\"twitter:data1\" content=\"5 minuti\" \/>\n<script type=\"application\/ld+json\" class=\"yoast-schema-graph\">{\"@context\":\"https:\/\/schema.org\",\"@graph\":[{\"@type\":\"WebPage\",\"@id\":\"https:\/\/exceladvisor.org\/it\/caratteri-jolly-con-vlookup\/\",\"url\":\"https:\/\/exceladvisor.org\/it\/caratteri-jolly-con-vlookup\/\",\"name\":\"Come utilizzare i caratteri jolly con CERCA.VERT?\",\"isPartOf\":{\"@id\":\"https:\/\/exceladvisor.org\/it\/#website\"},\"primaryImageOfPage\":{\"@id\":\"https:\/\/exceladvisor.org\/it\/caratteri-jolly-con-vlookup\/#primaryimage\"},\"image\":{\"@id\":\"https:\/\/exceladvisor.org\/it\/caratteri-jolly-con-vlookup\/#primaryimage\"},\"thumbnailUrl\":\"https:\/\/exceladvisor.org\/wp-content\/uploads\/2023\/08\/table-de-donnees-utiliser-des-caracteres-generiques-avec-vlookup-min-1.png\",\"datePublished\":\"2023-11-14T14:34:20+00:00\",\"dateModified\":\"2023-12-10T06:26:22+00:00\",\"description\":\"Utilizzando i caratteri jolly con CERCA.VERT, puoi vincere tutte le situazioni in cui \u00e8 difficile utilizzare CERCA.VERT. Questo ti aiuter\u00e0 a trovare un valore...\",\"breadcrumb\":{\"@id\":\"https:\/\/exceladvisor.org\/it\/caratteri-jolly-con-vlookup\/#breadcrumb\"},\"inLanguage\":\"it-IT\",\"potentialAction\":[{\"@type\":\"ReadAction\",\"target\":[\"https:\/\/exceladvisor.org\/it\/caratteri-jolly-con-vlookup\/\"]}]},{\"@type\":\"ImageObject\",\"inLanguage\":\"it-IT\",\"@id\":\"https:\/\/exceladvisor.org\/it\/caratteri-jolly-con-vlookup\/#primaryimage\",\"url\":\"https:\/\/exceladvisor.org\/wp-content\/uploads\/2023\/08\/table-de-donnees-utiliser-des-caracteres-generiques-avec-vlookup-min-1.png\",\"contentUrl\":\"https:\/\/exceladvisor.org\/wp-content\/uploads\/2023\/08\/table-de-donnees-utiliser-des-caracteres-generiques-avec-vlookup-min-1.png\"},{\"@type\":\"BreadcrumbList\",\"@id\":\"https:\/\/exceladvisor.org\/it\/caratteri-jolly-con-vlookup\/#breadcrumb\",\"itemListElement\":[{\"@type\":\"ListItem\",\"position\":1,\"name\":\"Home\",\"item\":\"https:\/\/exceladvisor.org\/it\/\"},{\"@type\":\"ListItem\",\"position\":2,\"name\":\"Come utilizzare i caratteri jolly con cerca.vert?\"}]},{\"@type\":\"WebSite\",\"@id\":\"https:\/\/exceladvisor.org\/it\/#website\",\"url\":\"https:\/\/exceladvisor.org\/it\/\",\"name\":\"Excel Advisor\",\"description\":\"Tips, Tricks, and Time-Saving Hacks\",\"publisher\":{\"@id\":\"https:\/\/exceladvisor.org\/it\/#organization\"},\"potentialAction\":[{\"@type\":\"SearchAction\",\"target\":{\"@type\":\"EntryPoint\",\"urlTemplate\":\"https:\/\/exceladvisor.org\/it\/?s={search_term_string}\"},\"query-input\":{\"@type\":\"PropertyValueSpecification\",\"valueRequired\":true,\"valueName\":\"search_term_string\"}}],\"inLanguage\":\"it-IT\"},{\"@type\":\"Organization\",\"@id\":\"https:\/\/exceladvisor.org\/it\/#organization\",\"name\":\"Excel Advisor\",\"url\":\"https:\/\/exceladvisor.org\/it\/\",\"logo\":{\"@type\":\"ImageObject\",\"inLanguage\":\"it-IT\",\"@id\":\"https:\/\/exceladvisor.org\/it\/#\/schema\/logo\/image\/\",\"url\":\"https:\/\/exceladvisor.org\/it\/wp-content\/uploads\/2023\/12\/exceladvisor.org_.png\",\"contentUrl\":\"https:\/\/exceladvisor.org\/it\/wp-content\/uploads\/2023\/12\/exceladvisor.org_.png\",\"width\":105,\"height\":36,\"caption\":\"Excel Advisor\"},\"image\":{\"@id\":\"https:\/\/exceladvisor.org\/it\/#\/schema\/logo\/image\/\"}}]}<\/script>\n<!-- \/ Yoast SEO plugin. -->","yoast_head_json":{"title":"Come utilizzare i caratteri jolly con CERCA.VERT?","description":"Utilizzando i caratteri jolly con CERCA.VERT, puoi vincere tutte le situazioni in cui \u00e8 difficile utilizzare CERCA.VERT. Questo ti aiuter\u00e0 a trovare un valore...","robots":{"index":"index","follow":"follow","max-snippet":"max-snippet:-1","max-image-preview":"max-image-preview:large","max-video-preview":"max-video-preview:-1"},"canonical":"https:\/\/exceladvisor.org\/it\/caratteri-jolly-con-vlookup\/","og_locale":"it_IT","og_type":"article","og_title":"Come utilizzare i caratteri jolly con CERCA.VERT?","og_description":"Utilizzando i caratteri jolly con CERCA.VERT, puoi vincere tutte le situazioni in cui \u00e8 difficile utilizzare CERCA.VERT. Questo ti aiuter\u00e0 a trovare un valore...","og_url":"https:\/\/exceladvisor.org\/it\/caratteri-jolly-con-vlookup\/","og_site_name":"Excel Advisor","article_modified_time":"2023-12-10T06:26:22+00:00","og_image":[{"url":"https:\/\/exceladvisor.org\/wp-content\/uploads\/2023\/08\/table-de-donnees-utiliser-des-caracteres-generiques-avec-vlookup-min-1.png","type":"","width":"","height":""}],"twitter_card":"summary_large_image","twitter_misc":{"Tempo di lettura stimato":"5 minuti"},"schema":{"@context":"https:\/\/schema.org","@graph":[{"@type":"WebPage","@id":"https:\/\/exceladvisor.org\/it\/caratteri-jolly-con-vlookup\/","url":"https:\/\/exceladvisor.org\/it\/caratteri-jolly-con-vlookup\/","name":"Come utilizzare i caratteri jolly con CERCA.VERT?","isPartOf":{"@id":"https:\/\/exceladvisor.org\/it\/#website"},"primaryImageOfPage":{"@id":"https:\/\/exceladvisor.org\/it\/caratteri-jolly-con-vlookup\/#primaryimage"},"image":{"@id":"https:\/\/exceladvisor.org\/it\/caratteri-jolly-con-vlookup\/#primaryimage"},"thumbnailUrl":"https:\/\/exceladvisor.org\/wp-content\/uploads\/2023\/08\/table-de-donnees-utiliser-des-caracteres-generiques-avec-vlookup-min-1.png","datePublished":"2023-11-14T14:34:20+00:00","dateModified":"2023-12-10T06:26:22+00:00","description":"Utilizzando i caratteri jolly con CERCA.VERT, puoi vincere tutte le situazioni in cui \u00e8 difficile utilizzare CERCA.VERT. Questo ti aiuter\u00e0 a trovare un valore...","breadcrumb":{"@id":"https:\/\/exceladvisor.org\/it\/caratteri-jolly-con-vlookup\/#breadcrumb"},"inLanguage":"it-IT","potentialAction":[{"@type":"ReadAction","target":["https:\/\/exceladvisor.org\/it\/caratteri-jolly-con-vlookup\/"]}]},{"@type":"ImageObject","inLanguage":"it-IT","@id":"https:\/\/exceladvisor.org\/it\/caratteri-jolly-con-vlookup\/#primaryimage","url":"https:\/\/exceladvisor.org\/wp-content\/uploads\/2023\/08\/table-de-donnees-utiliser-des-caracteres-generiques-avec-vlookup-min-1.png","contentUrl":"https:\/\/exceladvisor.org\/wp-content\/uploads\/2023\/08\/table-de-donnees-utiliser-des-caracteres-generiques-avec-vlookup-min-1.png"},{"@type":"BreadcrumbList","@id":"https:\/\/exceladvisor.org\/it\/caratteri-jolly-con-vlookup\/#breadcrumb","itemListElement":[{"@type":"ListItem","position":1,"name":"Home","item":"https:\/\/exceladvisor.org\/it\/"},{"@type":"ListItem","position":2,"name":"Come utilizzare i caratteri jolly con cerca.vert?"}]},{"@type":"WebSite","@id":"https:\/\/exceladvisor.org\/it\/#website","url":"https:\/\/exceladvisor.org\/it\/","name":"Excel Advisor","description":"Tips, Tricks, and Time-Saving Hacks","publisher":{"@id":"https:\/\/exceladvisor.org\/it\/#organization"},"potentialAction":[{"@type":"SearchAction","target":{"@type":"EntryPoint","urlTemplate":"https:\/\/exceladvisor.org\/it\/?s={search_term_string}"},"query-input":{"@type":"PropertyValueSpecification","valueRequired":true,"valueName":"search_term_string"}}],"inLanguage":"it-IT"},{"@type":"Organization","@id":"https:\/\/exceladvisor.org\/it\/#organization","name":"Excel Advisor","url":"https:\/\/exceladvisor.org\/it\/","logo":{"@type":"ImageObject","inLanguage":"it-IT","@id":"https:\/\/exceladvisor.org\/it\/#\/schema\/logo\/image\/","url":"https:\/\/exceladvisor.org\/it\/wp-content\/uploads\/2023\/12\/exceladvisor.org_.png","contentUrl":"https:\/\/exceladvisor.org\/it\/wp-content\/uploads\/2023\/12\/exceladvisor.org_.png","width":105,"height":36,"caption":"Excel Advisor"},"image":{"@id":"https:\/\/exceladvisor.org\/it\/#\/schema\/logo\/image\/"}}]}},"yoast_meta":{"yoast_wpseo_title":"","yoast_wpseo_metadesc":"","yoast_wpseo_canonical":""},"_links":{"self":[{"href":"https:\/\/exceladvisor.org\/it\/wp-json\/wp\/v2\/pages\/1640","targetHints":{"allow":["GET"]}}],"collection":[{"href":"https:\/\/exceladvisor.org\/it\/wp-json\/wp\/v2\/pages"}],"about":[{"href":"https:\/\/exceladvisor.org\/it\/wp-json\/wp\/v2\/types\/page"}],"author":[{"embeddable":true,"href":"https:\/\/exceladvisor.org\/it\/wp-json\/wp\/v2\/users\/1"}],"replies":[{"embeddable":true,"href":"https:\/\/exceladvisor.org\/it\/wp-json\/wp\/v2\/comments?post=1640"}],"version-history":[{"count":1,"href":"https:\/\/exceladvisor.org\/it\/wp-json\/wp\/v2\/pages\/1640\/revisions"}],"predecessor-version":[{"id":2785,"href":"https:\/\/exceladvisor.org\/it\/wp-json\/wp\/v2\/pages\/1640\/revisions\/2785"}],"wp:attachment":[{"href":"https:\/\/exceladvisor.org\/it\/wp-json\/wp\/v2\/media?parent=1640"}],"curies":[{"name":"wp","href":"https:\/\/api.w.org\/{rel}","templated":true}]}}