{"id":1642,"date":"2023-11-14T12:22:00","date_gmt":"2023-11-14T12:22:00","guid":{"rendered":"https:\/\/exceladvisor.org\/it\/ordinare-per-data\/"},"modified":"2023-12-10T06:24:28","modified_gmt":"2023-12-10T06:24:28","slug":"ordinare-per-data","status":"publish","type":"page","link":"https:\/\/exceladvisor.org\/it\/ordinare-per-data\/","title":{"rendered":"Come ordinare i valori per data, ora e ordinamento inverso?"},"content":{"rendered":"<div class=\"excel-prima-del-contenuto\" id=\"excel-4006340797\"><script type=\"text\/javascript\">\r\n\tatOptions = {\r\n\t\t'key' : 'c1158f160081d6540a8409e6925dab94',\r\n\t\t'format' : 'iframe',\r\n\t\t'height' : 250,\r\n\t\t'width' : 300,\r\n\t\t'params' : {}\r\n\t};\r\n<\/script>\r\n<script type=\"text\/javascript\" src=\"\/\/www.highperformanceformat.com\/c1158f160081d6540a8409e6925dab94\/invoke.js\"><\/script><\/div> <p>In Excel, se desideri ordinare per data, ovvero dove sono presenti le date in una colonna, puoi semplicemente utilizzare l&#8217;opzione ORDINA.<\/p><p> Quando selezioni la colonna in cui sono presenti le date e quindi apri l&#8217;opzione di ordinamento, hai la possibilit\u00e0 di ordinare in ordine crescente o decrescente.<\/p><p> Nell&#8217;esempio seguente, hai le date nella colonna A e ora devi ordinare in base alle date in quella colonna. <\/p><div class=\"wp-block-image\"><figure class=\"aligncenter size-full is-resized\"><img loading=\"lazy\" decoding=\"async\" class=\"wp-image-69984\" src=\"https:\/\/exceladvisor.org\/wp-content\/uploads\/2023\/08\/1-dates-aleatoires-dans-la-colonne.png\" sizes=\"auto, \" srcset=\"\" alt=\"date-casuali-nella-colonna\" width=\"293\" height=\"495\"><\/figure><\/div><p> Ora vediamo come possiamo ordinarlo.<\/p><h2 class=\"wp-block-heading\"> Passaggi per ordinare per data in Excel<\/h2><ol><li> Prima di tutto, vai alla scheda dati e fai clic sul pulsante di ordinamento per aprire l&#8217;opzione di ordinamento. Puoi anche utilizzare la scorciatoia da tastiera A \u27a4 S \u27a4 S. <br><img loading=\"lazy\" decoding=\"async\" title=\"2-ordina per data in Excel\" src=\"https:\/\/exceladvisor.org\/wp-content\/uploads\/2023\/08\/2-trier-par-date-dans-excel.png\" sizes=\"auto, \" srcset=\"\" alt=\"sort-by-date-in-excel\" width=\"630\" height=\"206\"><\/li><li> Successivamente, nell&#8217;opzione ORDINA, seleziona la colonna che desideri ordinare, quindi seleziona l&#8217;ordine in base al quale desideri ordinare. <br><img loading=\"lazy\" decoding=\"async\" title=\"3-seleziona-colonna-da-ordinare\" src=\"https:\/\/exceladvisor.org\/wp-content\/uploads\/2023\/08\/3-selectionnez-la-colonne-a-trier.png\" sizes=\"auto, \" srcset=\"\" alt=\"select-the-column-to-sort\" width=\"551\" height=\"257\"><\/li><li> Successivamente, devi conoscere l&#8217;opzione &#8220;I miei dati hanno un&#8217;intestazione&#8221; che \u00e8 gi\u00e0 selezionata, ma devi assicurarti che se i tuoi dati non hanno un&#8217;intestazione, deselezionala. <br><img loading=\"lazy\" decoding=\"async\" title=\"4-opzione-intestazione-dei-miei-dati\" src=\"https:\/\/exceladvisor.org\/wp-content\/uploads\/2023\/08\/4-option-mes-en-tetes-de-donnees.png\" sizes=\"auto, \" srcset=\"\" alt=\"my-data-headers-option\" width=\"617\" height=\"288\"><\/li><li> Alla fine, fai clic su OK per ordinare la colonna per data.<\/li><\/ol><p> Nel momento in cui fai clic su OK, tutte le date verranno ordinate dal pi\u00f9 vecchio al pi\u00f9 recente. <\/p><div class=\"wp-block-image\"><figure class=\"aligncenter size-full is-resized\"><img loading=\"lazy\" decoding=\"async\" class=\"wp-image-69988\" src=\"https:\/\/exceladvisor.org\/wp-content\/uploads\/2023\/08\/5-dates-triees.png\" sizes=\"auto, \" srcset=\"\" alt=\"date ordinate\" width=\"380\" height=\"380\"><\/figure><\/div><h2 class=\"wp-block-heading\"> Ordina per data e ora<\/h2><p> In Excel, le date vengono archiviate come numeri interi e l&#8217;ora viene archiviata come decimali con questi numeri interi. Pertanto, quando si ordina per data, anche l&#8217;ora verr\u00e0 presa in considerazione dall&#8217;opzione di ordinamento.<\/p><p> Nell&#8217;esempio seguente hai il tempo con le date. <\/p><div class=\"wp-block-image\"><figure class=\"aligncenter size-full is-resized\"><img loading=\"lazy\" decoding=\"async\" class=\"wp-image-69989\" src=\"https:\/\/exceladvisor.org\/wp-content\/uploads\/2023\/08\/6-trier-par-date-et-heure.png\" sizes=\"auto, \" srcset=\"\" alt=\"ordinamento per data e ora\" width=\"762\" height=\"362\"><\/figure><\/div><p> E quando fai clic su OK, tutte le date vengono ordinate dagli ordini pi\u00f9 vecchi a quelli pi\u00f9 recenti. <\/p><div class=\"wp-block-image\"><figure class=\"aligncenter size-full is-resized\"><img loading=\"lazy\" decoding=\"async\" class=\"wp-image-69990\" src=\"https:\/\/exceladvisor.org\/wp-content\/uploads\/2023\/08\/7-dates-triees-de-lancien-au-nouveau.png\" sizes=\"auto, \" srcset=\"\" alt=\"date ordinate dal vecchio al nuovo\" width=\"365\" height=\"249\"><\/figure><\/div><p> Ora se vedi i primi due valori in cui hai le stesse date, ma entrambe le date hanno valori temporali e l&#8217;opzione di ordinamento dovrebbe ordinarli in base ai valori temporali.<\/p><p> Prima hai la data alle 05:56, poi la data alle 16:11.<\/p><h2 class=\"wp-block-heading\"> Ordina per anni a partire dalle date<\/h2><p> Ora supponiamo che tu voglia ordinare in base agli anni a partire dalle date. In questo caso \u00e8 necessario aggiungere prima una colonna helper per ottenere prima gli anni dalla data e quindi ordinare entrambe le colonne.<\/p><p> Nell&#8217;esempio seguente abbiamo utilizzato la funzione ANNO nella colonna B per ottenere gli anni. <\/p><div class=\"wp-block-image\"><figure class=\"aligncenter size-full is-resized\"><img loading=\"lazy\" decoding=\"async\" class=\"wp-image-69991\" src=\"https:\/\/exceladvisor.org\/wp-content\/uploads\/2023\/08\/8-trier-par-annees-a-partir-des-dates.png\" sizes=\"auto, \" srcset=\"\" alt=\"ordinamento per anni dalle date\" width=\"562\" height=\"270\"><\/figure><\/div><p> Successivamente, ordina entrambe le colonne in base alla colonna degli anni come ho detto prima. <\/p><div class=\"wp-block-image\"><figure class=\"aligncenter size-full is-resized\"><img loading=\"lazy\" decoding=\"async\" class=\"wp-image-69992\" src=\"https:\/\/exceladvisor.org\/wp-content\/uploads\/2023\/08\/9-selectionner-trier-par-annees.png\" sizes=\"auto, \" srcset=\"\" alt=\"seleziona-ordina per anni\" width=\"780\" height=\"408\"><\/figure><\/div><p> E per farlo devi usare dal pi\u00f9 piccolo al pi\u00f9 grande e poi fare clic su OK. <\/p><div class=\"wp-block-image\"><figure class=\"aligncenter size-full is-resized\"><img loading=\"lazy\" decoding=\"async\" class=\"wp-image-69994\" src=\"https:\/\/exceladvisor.org\/wp-content\/uploads\/2023\/08\/10-dates-triees-par-annees.png\" sizes=\"auto, \" srcset=\"\" alt=\"date ordinate in anni\" width=\"329\" height=\"370\"><\/figure><\/div><p> Ecco come ordinare per date utilizzando solo gli anni.<\/p><h2 class=\"wp-block-heading\"> Ordinamento inverso per data<\/h2><p> Nel primo esempio, abbiamo spiegato che sei pronto per modificare l&#8217;ordinamento.<\/p><p> Quindi, se vuoi ordinarlo in ordine inverso, puoi cambiare il &#8220;dal pi\u00f9 vecchio al pi\u00f9 recente&#8221; in &#8220;dal pi\u00f9 recente al pi\u00f9 vecchio&#8221;. <\/p><div class=\"wp-block-image\"><figure class=\"aligncenter size-full is-resized\"><img loading=\"lazy\" decoding=\"async\" class=\"wp-image-69995\" src=\"https:\/\/exceladvisor.org\/wp-content\/uploads\/2023\/08\/11-inverse-trier-par-date.png\" sizes=\"auto, \" srcset=\"\" alt=\"ordinamento inverso per data\" width=\"669\" height=\"311\"><\/figure><\/div><div class=\"gb-container gb-container-4db6181c gb-container-mt\"> <a class=\"gb-button gb-button-c5897111 gb-button-text gb-button-mt-button\" href=\"https:\/\/exceladvisor.org\/it\/nozioni-di-base-su-excel\/\">Nozioni di base su Microsoft Excel (componenti, parti e note informative)<\/a><h2 class=\"gb-headline gb-headline-665e5f6b gb-headline-text gb-headline-mt-heading\"> Tutorial correlati <\/h2><div class=\"gb-grid-wrapper gb-grid-wrapper-a20baf7c gb-grid-wrapper-mt-grid\"><div class=\"gb-grid-column gb-grid-column-65ddf67e\"><div class=\"gb-container gb-container-65ddf67e\"><ul><li> <a href=\"https:\/\/exceladvisor.org\/it\/ordinare-orizzontalmente\/\">Ordina orizzontalmente in Excel<\/a><\/li><li> <a href=\"https:\/\/exceladvisor.org\/it\/randomizzare-lelenco\/\">Randomizza un elenco (ordinamento casuale)<\/a><\/li><li> <a href=\"https:\/\/exceladvisor.org\/it\/ordinare-lintervallo\/\">Ordina l&#8217;intervallo utilizzando VBA<\/a> <\/li><\/ul><\/div><\/div><div class=\"gb-grid-column gb-grid-column-50067b57\"><div class=\"gb-container gb-container-50067b57\"><\/div><\/div><\/div><\/div>","protected":false},"excerpt":{"rendered":"","protected":false},"author":1,"featured_media":0,"parent":0,"menu_order":0,"comment_status":"open","ping_status":"closed","template":"","meta":{"ub_ctt_via":"","footnotes":""},"class_list":["post-1642","page","type-page","status-publish","hentry"],"featured_image_src":null,"yoast_head":"<!-- This site is optimized with the Yoast SEO plugin v25.4 - https:\/\/yoast.com\/wordpress\/plugins\/seo\/ -->\n<title>\u25b7 Come ordinare i valori per data, ora e ordinamento inverso?<\/title>\n<meta name=\"description\" content=\"In questo tutorial impareremo come ordinare i dati in una colonna utilizzando Ordina per data, Data e ora e Ordinamento inverso.\" \/>\n<meta name=\"robots\" content=\"index, follow, max-snippet:-1, max-image-preview:large, max-video-preview:-1\" \/>\n<link rel=\"canonical\" href=\"https:\/\/exceladvisor.org\/it\/ordinare-per-data\/\" \/>\n<meta property=\"og:locale\" content=\"it_IT\" \/>\n<meta property=\"og:type\" content=\"article\" \/>\n<meta property=\"og:title\" content=\"\u25b7 Come ordinare i valori per data, ora e ordinamento inverso?\" \/>\n<meta property=\"og:description\" content=\"In questo tutorial impareremo come ordinare i dati in una colonna utilizzando Ordina per data, Data e ora e Ordinamento inverso.\" \/>\n<meta property=\"og:url\" content=\"https:\/\/exceladvisor.org\/it\/ordinare-per-data\/\" \/>\n<meta property=\"og:site_name\" content=\"Excel Advisor\" \/>\n<meta property=\"article:modified_time\" content=\"2023-12-10T06:24:28+00:00\" \/>\n<meta property=\"og:image\" content=\"https:\/\/exceladvisor.org\/wp-content\/uploads\/2023\/08\/1-dates-aleatoires-dans-la-colonne.png\" \/>\n<meta name=\"twitter:card\" content=\"summary_large_image\" \/>\n<meta name=\"twitter:label1\" content=\"Tempo di lettura stimato\" \/>\n\t<meta name=\"twitter:data1\" content=\"2 minuti\" \/>\n<script type=\"application\/ld+json\" class=\"yoast-schema-graph\">{\"@context\":\"https:\/\/schema.org\",\"@graph\":[{\"@type\":\"WebPage\",\"@id\":\"https:\/\/exceladvisor.org\/it\/ordinare-per-data\/\",\"url\":\"https:\/\/exceladvisor.org\/it\/ordinare-per-data\/\",\"name\":\"\u25b7 Come ordinare i valori per data, ora e ordinamento inverso?\",\"isPartOf\":{\"@id\":\"https:\/\/exceladvisor.org\/it\/#website\"},\"primaryImageOfPage\":{\"@id\":\"https:\/\/exceladvisor.org\/it\/ordinare-per-data\/#primaryimage\"},\"image\":{\"@id\":\"https:\/\/exceladvisor.org\/it\/ordinare-per-data\/#primaryimage\"},\"thumbnailUrl\":\"https:\/\/exceladvisor.org\/wp-content\/uploads\/2023\/08\/1-dates-aleatoires-dans-la-colonne.png\",\"datePublished\":\"2023-11-14T12:22:00+00:00\",\"dateModified\":\"2023-12-10T06:24:28+00:00\",\"description\":\"In questo tutorial impareremo come ordinare i dati in una colonna utilizzando Ordina per data, Data e ora e Ordinamento inverso.\",\"breadcrumb\":{\"@id\":\"https:\/\/exceladvisor.org\/it\/ordinare-per-data\/#breadcrumb\"},\"inLanguage\":\"it-IT\",\"potentialAction\":[{\"@type\":\"ReadAction\",\"target\":[\"https:\/\/exceladvisor.org\/it\/ordinare-per-data\/\"]}]},{\"@type\":\"ImageObject\",\"inLanguage\":\"it-IT\",\"@id\":\"https:\/\/exceladvisor.org\/it\/ordinare-per-data\/#primaryimage\",\"url\":\"https:\/\/exceladvisor.org\/wp-content\/uploads\/2023\/08\/1-dates-aleatoires-dans-la-colonne.png\",\"contentUrl\":\"https:\/\/exceladvisor.org\/wp-content\/uploads\/2023\/08\/1-dates-aleatoires-dans-la-colonne.png\"},{\"@type\":\"BreadcrumbList\",\"@id\":\"https:\/\/exceladvisor.org\/it\/ordinare-per-data\/#breadcrumb\",\"itemListElement\":[{\"@type\":\"ListItem\",\"position\":1,\"name\":\"Home\",\"item\":\"https:\/\/exceladvisor.org\/it\/\"},{\"@type\":\"ListItem\",\"position\":2,\"name\":\"Come ordinare i valori per data, ora e ordinamento inverso?\"}]},{\"@type\":\"WebSite\",\"@id\":\"https:\/\/exceladvisor.org\/it\/#website\",\"url\":\"https:\/\/exceladvisor.org\/it\/\",\"name\":\"Excel Advisor\",\"description\":\"Tips, Tricks, and Time-Saving Hacks\",\"publisher\":{\"@id\":\"https:\/\/exceladvisor.org\/it\/#organization\"},\"potentialAction\":[{\"@type\":\"SearchAction\",\"target\":{\"@type\":\"EntryPoint\",\"urlTemplate\":\"https:\/\/exceladvisor.org\/it\/?s={search_term_string}\"},\"query-input\":{\"@type\":\"PropertyValueSpecification\",\"valueRequired\":true,\"valueName\":\"search_term_string\"}}],\"inLanguage\":\"it-IT\"},{\"@type\":\"Organization\",\"@id\":\"https:\/\/exceladvisor.org\/it\/#organization\",\"name\":\"Excel Advisor\",\"url\":\"https:\/\/exceladvisor.org\/it\/\",\"logo\":{\"@type\":\"ImageObject\",\"inLanguage\":\"it-IT\",\"@id\":\"https:\/\/exceladvisor.org\/it\/#\/schema\/logo\/image\/\",\"url\":\"https:\/\/exceladvisor.org\/it\/wp-content\/uploads\/2023\/12\/exceladvisor.org_.png\",\"contentUrl\":\"https:\/\/exceladvisor.org\/it\/wp-content\/uploads\/2023\/12\/exceladvisor.org_.png\",\"width\":105,\"height\":36,\"caption\":\"Excel Advisor\"},\"image\":{\"@id\":\"https:\/\/exceladvisor.org\/it\/#\/schema\/logo\/image\/\"}}]}<\/script>\n<!-- \/ Yoast SEO plugin. -->","yoast_head_json":{"title":"\u25b7 Come ordinare i valori per data, ora e ordinamento inverso?","description":"In questo tutorial impareremo come ordinare i dati in una colonna utilizzando Ordina per data, Data e ora e Ordinamento inverso.","robots":{"index":"index","follow":"follow","max-snippet":"max-snippet:-1","max-image-preview":"max-image-preview:large","max-video-preview":"max-video-preview:-1"},"canonical":"https:\/\/exceladvisor.org\/it\/ordinare-per-data\/","og_locale":"it_IT","og_type":"article","og_title":"\u25b7 Come ordinare i valori per data, ora e ordinamento inverso?","og_description":"In questo tutorial impareremo come ordinare i dati in una colonna utilizzando Ordina per data, Data e ora e Ordinamento inverso.","og_url":"https:\/\/exceladvisor.org\/it\/ordinare-per-data\/","og_site_name":"Excel Advisor","article_modified_time":"2023-12-10T06:24:28+00:00","og_image":[{"url":"https:\/\/exceladvisor.org\/wp-content\/uploads\/2023\/08\/1-dates-aleatoires-dans-la-colonne.png","type":"","width":"","height":""}],"twitter_card":"summary_large_image","twitter_misc":{"Tempo di lettura stimato":"2 minuti"},"schema":{"@context":"https:\/\/schema.org","@graph":[{"@type":"WebPage","@id":"https:\/\/exceladvisor.org\/it\/ordinare-per-data\/","url":"https:\/\/exceladvisor.org\/it\/ordinare-per-data\/","name":"\u25b7 Come ordinare i valori per data, ora e ordinamento inverso?","isPartOf":{"@id":"https:\/\/exceladvisor.org\/it\/#website"},"primaryImageOfPage":{"@id":"https:\/\/exceladvisor.org\/it\/ordinare-per-data\/#primaryimage"},"image":{"@id":"https:\/\/exceladvisor.org\/it\/ordinare-per-data\/#primaryimage"},"thumbnailUrl":"https:\/\/exceladvisor.org\/wp-content\/uploads\/2023\/08\/1-dates-aleatoires-dans-la-colonne.png","datePublished":"2023-11-14T12:22:00+00:00","dateModified":"2023-12-10T06:24:28+00:00","description":"In questo tutorial impareremo come ordinare i dati in una colonna utilizzando Ordina per data, Data e ora e Ordinamento inverso.","breadcrumb":{"@id":"https:\/\/exceladvisor.org\/it\/ordinare-per-data\/#breadcrumb"},"inLanguage":"it-IT","potentialAction":[{"@type":"ReadAction","target":["https:\/\/exceladvisor.org\/it\/ordinare-per-data\/"]}]},{"@type":"ImageObject","inLanguage":"it-IT","@id":"https:\/\/exceladvisor.org\/it\/ordinare-per-data\/#primaryimage","url":"https:\/\/exceladvisor.org\/wp-content\/uploads\/2023\/08\/1-dates-aleatoires-dans-la-colonne.png","contentUrl":"https:\/\/exceladvisor.org\/wp-content\/uploads\/2023\/08\/1-dates-aleatoires-dans-la-colonne.png"},{"@type":"BreadcrumbList","@id":"https:\/\/exceladvisor.org\/it\/ordinare-per-data\/#breadcrumb","itemListElement":[{"@type":"ListItem","position":1,"name":"Home","item":"https:\/\/exceladvisor.org\/it\/"},{"@type":"ListItem","position":2,"name":"Come ordinare i valori per data, ora e ordinamento inverso?"}]},{"@type":"WebSite","@id":"https:\/\/exceladvisor.org\/it\/#website","url":"https:\/\/exceladvisor.org\/it\/","name":"Excel Advisor","description":"Tips, Tricks, and Time-Saving Hacks","publisher":{"@id":"https:\/\/exceladvisor.org\/it\/#organization"},"potentialAction":[{"@type":"SearchAction","target":{"@type":"EntryPoint","urlTemplate":"https:\/\/exceladvisor.org\/it\/?s={search_term_string}"},"query-input":{"@type":"PropertyValueSpecification","valueRequired":true,"valueName":"search_term_string"}}],"inLanguage":"it-IT"},{"@type":"Organization","@id":"https:\/\/exceladvisor.org\/it\/#organization","name":"Excel Advisor","url":"https:\/\/exceladvisor.org\/it\/","logo":{"@type":"ImageObject","inLanguage":"it-IT","@id":"https:\/\/exceladvisor.org\/it\/#\/schema\/logo\/image\/","url":"https:\/\/exceladvisor.org\/it\/wp-content\/uploads\/2023\/12\/exceladvisor.org_.png","contentUrl":"https:\/\/exceladvisor.org\/it\/wp-content\/uploads\/2023\/12\/exceladvisor.org_.png","width":105,"height":36,"caption":"Excel Advisor"},"image":{"@id":"https:\/\/exceladvisor.org\/it\/#\/schema\/logo\/image\/"}}]}},"yoast_meta":{"yoast_wpseo_title":"","yoast_wpseo_metadesc":"","yoast_wpseo_canonical":""},"_links":{"self":[{"href":"https:\/\/exceladvisor.org\/it\/wp-json\/wp\/v2\/pages\/1642","targetHints":{"allow":["GET"]}}],"collection":[{"href":"https:\/\/exceladvisor.org\/it\/wp-json\/wp\/v2\/pages"}],"about":[{"href":"https:\/\/exceladvisor.org\/it\/wp-json\/wp\/v2\/types\/page"}],"author":[{"embeddable":true,"href":"https:\/\/exceladvisor.org\/it\/wp-json\/wp\/v2\/users\/1"}],"replies":[{"embeddable":true,"href":"https:\/\/exceladvisor.org\/it\/wp-json\/wp\/v2\/comments?post=1642"}],"version-history":[{"count":1,"href":"https:\/\/exceladvisor.org\/it\/wp-json\/wp\/v2\/pages\/1642\/revisions"}],"predecessor-version":[{"id":2584,"href":"https:\/\/exceladvisor.org\/it\/wp-json\/wp\/v2\/pages\/1642\/revisions\/2584"}],"wp:attachment":[{"href":"https:\/\/exceladvisor.org\/it\/wp-json\/wp\/v2\/media?parent=1642"}],"curies":[{"name":"wp","href":"https:\/\/api.w.org\/{rel}","templated":true}]}}