{"id":1643,"date":"2023-11-14T10:17:28","date_gmt":"2023-11-14T10:17:28","guid":{"rendered":"https:\/\/exceladvisor.org\/it\/stile-cellulare\/"},"modified":"2023-12-10T06:28:37","modified_gmt":"2023-12-10T06:28:37","slug":"stile-cellulare","status":"publish","type":"page","link":"https:\/\/exceladvisor.org\/it\/stile-cellulare\/","title":{"rendered":"Stile cella excel: titolo, calcolo, totale e intestazioni"},"content":{"rendered":"<div class=\"excel-prima-del-contenuto\" id=\"excel-1405055619\"><script type=\"text\/javascript\">\r\n\tatOptions = {\r\n\t\t'key' : 'c1158f160081d6540a8409e6925dab94',\r\n\t\t'format' : 'iframe',\r\n\t\t'height' : 250,\r\n\t\t'width' : 300,\r\n\t\t'params' : {}\r\n\t};\r\n<\/script>\r\n<script type=\"text\/javascript\" src=\"\/\/www.highperformanceformat.com\/c1158f160081d6540a8409e6925dab94\/invoke.js\"><\/script><\/div> <p>In Excel, quando si lavora con i dati, a volte \u00e8 importante applicare uno stile di formattazione specifico a una cella o a un intervallo di celle. Il fatto \u00e8 che creare uno stile di formattazione per dati specifici richiede uno sforzo.<\/p><p> Ma la buona notizia \u00e8 che in Excel ci sono stili predefiniti che puoi utilizzare per applicarli a celle diverse. <\/p><div class=\"wp-block-image\"><figure class=\"aligncenter size-full is-resized\"><img loading=\"lazy\" decoding=\"async\" class=\"wp-image-72345\" src=\"https:\/\/exceladvisor.org\/wp-content\/uploads\/2023\/08\/1-styles-Excel-predefinis.png\" sizes=\"auto, \" srcset=\"\" alt=\"Stili predefiniti di Excel\" width=\"585\" height=\"458\"><\/figure><\/div><p> Applicare uno qualsiasi di questi stili \u00e8 semplice e facile. Tutto quello che devi fare \u00e8 selezionare la cella a cui desideri applicare lo stile e quindi applicare lo stile dalla finestra di dialogo dello stile della cella.<\/p><p> In questo tutorial esploreremo questi stili di cella e proveremo a utilizzare alcuni dei formati pi\u00f9 utili (Titolo, Calcolo, Totale e Intestazione).<\/p><h2 class=\"wp-block-heading\"> Calcolo dello stile<\/h2><p> Se lavori con <a href=\"https:\/\/exceladvisor.org\/it\/formule\/\">molti calcoli<\/a> in Excel, che \u00e8 l&#8217;utilizzo principale di Excel nel mondo reale, esiste uno stile di cella specifico che puoi applicare alla cella o a un intervallo di celle con un calcolo. <\/p><div class=\"wp-block-image\"><figure class=\"aligncenter size-full is-resized\"><img loading=\"lazy\" decoding=\"async\" class=\"wp-image-72346\" src=\"https:\/\/exceladvisor.org\/wp-content\/uploads\/2023\/08\/2-styles-de-calcul.png\" sizes=\"auto, \" srcset=\"\" alt=\"stile di calcolo\" width=\"457\" height=\"293\"><\/figure><\/div><p> Nell&#8217;esempio seguente, hai una formula di somma nella cella A15 e in questa cella abbiamo applicato lo stile di calcolo degli stili di cella di Excel. <\/p><div class=\"wp-block-image\"><figure class=\"aligncenter size-full is-resized\"><img loading=\"lazy\" decoding=\"async\" class=\"wp-image-72347\" src=\"https:\/\/exceladvisor.org\/wp-content\/uploads\/2023\/08\/3-style-de-calcul-applique-a-une-cellule.png\" sizes=\"auto, \" srcset=\"\" alt=\"stile di calcolo applicato a una cella\" width=\"384\" height=\"567\"><\/figure><\/div><p> Come puoi vedere, ha un colore del carattere arancione, grigio chiaro come <a href=\"https:\/\/exceladvisor.org\/it\/colore-delle-cellule\/\">colore della cella<\/a> e un <a href=\"https:\/\/exceladvisor.org\/it\/applicare-i-bordi\/\">bordo<\/a> chiaro attorno alla cella. <\/p><div class=\"wp-block-image\"><figure class=\"aligncenter size-full is-resized\"><img loading=\"lazy\" decoding=\"async\" class=\"wp-image-72348\" src=\"https:\/\/exceladvisor.org\/wp-content\/uploads\/2023\/08\/4-style-de-calcul-applique.png\" sizes=\"auto, \" srcset=\"\" alt=\"stile di calcolo applicato\" width=\"388\" height=\"296\"><\/figure><\/div><p> Se provi ad applicare questi stili manualmente, devi utilizzare diverse opzioni, ma con Stile cella di calcolo puoi farlo con un solo clic.<\/p><h2 class=\"wp-block-heading\"> Stile del titolo<\/h2><p> Se desideri modificare il valore di una cella come titolo, puoi applicare lo stile del titolo dagli stili di cella. <\/p><div class=\"wp-block-image\"><figure class=\"aligncenter size-full is-resized\"><img loading=\"lazy\" decoding=\"async\" class=\"wp-image-72349\" src=\"https:\/\/exceladvisor.org\/wp-content\/uploads\/2023\/08\/style-5-titres.png\" sizes=\"auto, \" srcset=\"\" alt=\"stile del titolo\" width=\"539\" height=\"356\"><\/figure><\/div><p> Con lo stile del titolo, ottieni uno stile di carattere sottile e una dimensione del carattere pari a 18.<\/p><h2 class=\"wp-block-heading\"> Sezioni<\/h2><p> E hai anche stili di intestazione (1-4) da utilizzare sui dati della cella. <\/p><div class=\"wp-block-image\"><figure class=\"aligncenter size-full is-resized\"><img loading=\"lazy\" decoding=\"async\" class=\"wp-image-72350\" src=\"https:\/\/exceladvisor.org\/wp-content\/uploads\/2023\/08\/6-styles-de-titre.png\" sizes=\"auto, \" srcset=\"\" alt=\"stili di intestazione\" width=\"584\" height=\"306\"><\/figure><\/div><p> Negli stili di intestazione, ottieni uno stile di carattere in grassetto e un <a href=\"https:\/\/exceladvisor.org\/it\/confine\/\">bordo nella parte inferiore<\/a> della cella.<\/p><h2 class=\"wp-block-heading\"> Totale<\/h2><p> Hai anche uno stile di cella totale che potrebbe essere utile se lavori con <a href=\"https:\/\/exceladvisor.org\/it\/formato-del-numero-contabile\/\">dati contabili<\/a> . <\/p><div class=\"wp-block-image\"><figure class=\"aligncenter size-full is-resized\"><img loading=\"lazy\" decoding=\"async\" class=\"wp-image-72351\" src=\"https:\/\/exceladvisor.org\/wp-content\/uploads\/2023\/08\/7-styles-au-total.png\" sizes=\"auto, \" srcset=\"\" alt=\"stile totale\" width=\"593\" height=\"327\"><\/figure><\/div><h2 class=\"wp-block-heading\"> Creare un nuovo stile<\/h2><p> Oltre agli stili che hai, puoi crearne uno nuovo per te stesso. Nella parte inferiore della finestra di dialogo, fai clic su &#8220;Nuovo stile cella&#8221; e si aprir\u00e0 la finestra di dialogo dello stile. <\/p><div class=\"wp-block-image\"><figure class=\"aligncenter size-full is-resized\"><img loading=\"lazy\" decoding=\"async\" class=\"wp-image-72352\" src=\"https:\/\/exceladvisor.org\/wp-content\/uploads\/2023\/08\/8-creer-un-nouveau-style.png\" sizes=\"auto, \" srcset=\"\" alt=\"creare un nuovo stile\" width=\"700\" height=\"410\"><\/figure><\/div><p> Da qui hai sei diverse opzioni di formattazione che puoi includere nel tuo stile di cella. <\/p><div class=\"wp-block-image\"><figure class=\"aligncenter size-full is-resized\"><img loading=\"lazy\" decoding=\"async\" class=\"wp-image-72353\" src=\"https:\/\/exceladvisor.org\/wp-content\/uploads\/2023\/08\/9-six-options-de-formatage-differentes.png\" sizes=\"auto, \" srcset=\"\" alt=\"sei diverse opzioni di formattazione\" width=\"315\" height=\"393\"><\/figure><\/div><p> Ma se desideri applicare una formattazione precisa, fai clic sul pulsante Formato per aprire la finestra di dialogo delle opzioni di formato. <\/p><div class=\"wp-block-image\"><figure class=\"aligncenter size-full is-resized\"><img loading=\"lazy\" decoding=\"async\" class=\"wp-image-72354\" src=\"https:\/\/exceladvisor.org\/wp-content\/uploads\/2023\/08\/Boite-de-dialogue-10-options-de-format.png\" sizes=\"auto, \" srcset=\"\" alt=\"finestra di dialogo delle opzioni di formato\" width=\"827\" height=\"517\"><\/figure><\/div><p> Alla fine, inserisci un nome per il tuo stile e fai clic su OK per salvare. <\/p><div class=\"wp-block-image\"><figure class=\"aligncenter size-full is-resized\"><img loading=\"lazy\" decoding=\"async\" class=\"wp-image-72355\" src=\"https:\/\/exceladvisor.org\/wp-content\/uploads\/2023\/08\/11-entrez-le-nom-de-votre-style.png\" sizes=\"auto, \" srcset=\"\" alt=\"inserisci il nome del tuo stile\" width=\"319\" height=\"277\"><\/figure><\/div><h2 class=\"wp-block-heading\"> Modifica uno stile di cella<\/h2><p> Hai anche la possibilit\u00e0 di modificare uno degli stili di cella modificabili e apportarvi una modifica. Pu\u00f2 trattarsi di uno stile personalizzato creato da te o di uno degli stili predefiniti. Tutto quello che devi fare \u00e8 fare clic con il pulsante destro del mouse sullo stile e fare clic su &#8220;Modifica&#8221;. <\/p><div class=\"wp-block-image\"><figure class=\"aligncenter size-full is-resized\"><img loading=\"lazy\" decoding=\"async\" class=\"wp-image-72356\" src=\"https:\/\/exceladvisor.org\/wp-content\/uploads\/2023\/08\/12-modifier-un-style-de-cellule.png\" sizes=\"auto, \" srcset=\"\" alt=\"cambiare lo stile di una cella\" width=\"408\" height=\"249\"><\/figure><\/div><p> Si aprir\u00e0 la finestra di dialogo da cui \u00e8 possibile apportare modifiche allo stile e salvarlo.<\/p><div class=\"gb-container gb-container-4db6181c gb-container-mt\"> <a class=\"gb-button gb-button-c5897111 gb-button-text gb-button-mt-button\" href=\"https:\/\/exceladvisor.org\/it\/nozioni-di-base-su-excel\/\">Nozioni di base su Microsoft Excel (componenti, parti e note informative)<\/a><h2 class=\"gb-headline gb-headline-665e5f6b gb-headline-text gb-headline-mt-heading\"> Tutorial correlati <\/h2><div class=\"gb-grid-wrapper gb-grid-wrapper-a20baf7c gb-grid-wrapper-mt-grid\"><div class=\"gb-grid-column gb-grid-column-65ddf67e\"><div class=\"gb-container gb-container-65ddf67e\"><ul><li> <a href=\"https:\/\/exceladvisor.org\/it\/aggiungi-un-numero-di-pagina\/\">Aggiungi un numero di pagina in Excel<\/a><\/li><li> <a href=\"https:\/\/exceladvisor.org\/it\/applicare-lo-stile-virgola\/\">Applica lo stile virgola in Excel<\/a><\/li><li> <a href=\"https:\/\/exceladvisor.org\/it\/asta\/\">Applicare il barrato in Excel<\/a><\/li><li> <a href=\"https:\/\/exceladvisor.org\/it\/evidenziare-le-celle-vuote\/\">Evidenzia le celle vuote in Excel<\/a> <\/li><\/ul><\/div><\/div><div class=\"gb-grid-column gb-grid-column-50067b57\"><div class=\"gb-container gb-container-50067b57\"><\/div><\/div><\/div><\/div>","protected":false},"excerpt":{"rendered":"","protected":false},"author":1,"featured_media":0,"parent":0,"menu_order":0,"comment_status":"open","ping_status":"closed","template":"","meta":{"ub_ctt_via":"","footnotes":""},"class_list":["post-1643","page","type-page","status-publish","hentry"],"featured_image_src":null,"yoast_head":"<!-- This site is optimized with the Yoast SEO plugin v25.4 - https:\/\/yoast.com\/wordpress\/plugins\/seo\/ -->\n<title>Stile cella Excel: titolo, calcolo, totale e intestazioni (2023)<\/title>\n<meta name=\"description\" content=\"In questo tutorial impareremo come utilizzare l&#039;opzione Stile cella di Excel. Esamineremo gli stili disponibili e uno stile\" \/>\n<meta name=\"robots\" content=\"index, follow, max-snippet:-1, max-image-preview:large, max-video-preview:-1\" \/>\n<link rel=\"canonical\" href=\"https:\/\/exceladvisor.org\/it\/stile-cellulare\/\" \/>\n<meta property=\"og:locale\" content=\"it_IT\" \/>\n<meta property=\"og:type\" content=\"article\" \/>\n<meta property=\"og:title\" content=\"Stile cella Excel: titolo, calcolo, totale e intestazioni (2023)\" \/>\n<meta property=\"og:description\" content=\"In questo tutorial impareremo come utilizzare l&#039;opzione Stile cella di Excel. Esamineremo gli stili disponibili e uno stile\" \/>\n<meta property=\"og:url\" content=\"https:\/\/exceladvisor.org\/it\/stile-cellulare\/\" \/>\n<meta property=\"og:site_name\" content=\"Excel Advisor\" \/>\n<meta property=\"article:modified_time\" content=\"2023-12-10T06:28:37+00:00\" \/>\n<meta property=\"og:image\" content=\"https:\/\/exceladvisor.org\/wp-content\/uploads\/2023\/08\/1-styles-Excel-predefinis.png\" \/>\n<meta name=\"twitter:card\" content=\"summary_large_image\" \/>\n<meta name=\"twitter:label1\" content=\"Tempo di lettura stimato\" \/>\n\t<meta name=\"twitter:data1\" content=\"3 minuti\" \/>\n<script type=\"application\/ld+json\" class=\"yoast-schema-graph\">{\"@context\":\"https:\/\/schema.org\",\"@graph\":[{\"@type\":\"WebPage\",\"@id\":\"https:\/\/exceladvisor.org\/it\/stile-cellulare\/\",\"url\":\"https:\/\/exceladvisor.org\/it\/stile-cellulare\/\",\"name\":\"Stile cella Excel: titolo, calcolo, totale e intestazioni (2023)\",\"isPartOf\":{\"@id\":\"https:\/\/exceladvisor.org\/it\/#website\"},\"primaryImageOfPage\":{\"@id\":\"https:\/\/exceladvisor.org\/it\/stile-cellulare\/#primaryimage\"},\"image\":{\"@id\":\"https:\/\/exceladvisor.org\/it\/stile-cellulare\/#primaryimage\"},\"thumbnailUrl\":\"https:\/\/exceladvisor.org\/wp-content\/uploads\/2023\/08\/1-styles-Excel-predefinis.png\",\"datePublished\":\"2023-11-14T10:17:28+00:00\",\"dateModified\":\"2023-12-10T06:28:37+00:00\",\"description\":\"In questo tutorial impareremo come utilizzare l&#39;opzione Stile cella di Excel. Esamineremo gli stili disponibili e uno stile\",\"breadcrumb\":{\"@id\":\"https:\/\/exceladvisor.org\/it\/stile-cellulare\/#breadcrumb\"},\"inLanguage\":\"it-IT\",\"potentialAction\":[{\"@type\":\"ReadAction\",\"target\":[\"https:\/\/exceladvisor.org\/it\/stile-cellulare\/\"]}]},{\"@type\":\"ImageObject\",\"inLanguage\":\"it-IT\",\"@id\":\"https:\/\/exceladvisor.org\/it\/stile-cellulare\/#primaryimage\",\"url\":\"https:\/\/exceladvisor.org\/wp-content\/uploads\/2023\/08\/1-styles-Excel-predefinis.png\",\"contentUrl\":\"https:\/\/exceladvisor.org\/wp-content\/uploads\/2023\/08\/1-styles-Excel-predefinis.png\"},{\"@type\":\"BreadcrumbList\",\"@id\":\"https:\/\/exceladvisor.org\/it\/stile-cellulare\/#breadcrumb\",\"itemListElement\":[{\"@type\":\"ListItem\",\"position\":1,\"name\":\"Home\",\"item\":\"https:\/\/exceladvisor.org\/it\/\"},{\"@type\":\"ListItem\",\"position\":2,\"name\":\"Stile cella excel: titolo, calcolo, totale e intestazioni\"}]},{\"@type\":\"WebSite\",\"@id\":\"https:\/\/exceladvisor.org\/it\/#website\",\"url\":\"https:\/\/exceladvisor.org\/it\/\",\"name\":\"Excel Advisor\",\"description\":\"Tips, Tricks, and Time-Saving Hacks\",\"publisher\":{\"@id\":\"https:\/\/exceladvisor.org\/it\/#organization\"},\"potentialAction\":[{\"@type\":\"SearchAction\",\"target\":{\"@type\":\"EntryPoint\",\"urlTemplate\":\"https:\/\/exceladvisor.org\/it\/?s={search_term_string}\"},\"query-input\":{\"@type\":\"PropertyValueSpecification\",\"valueRequired\":true,\"valueName\":\"search_term_string\"}}],\"inLanguage\":\"it-IT\"},{\"@type\":\"Organization\",\"@id\":\"https:\/\/exceladvisor.org\/it\/#organization\",\"name\":\"Excel Advisor\",\"url\":\"https:\/\/exceladvisor.org\/it\/\",\"logo\":{\"@type\":\"ImageObject\",\"inLanguage\":\"it-IT\",\"@id\":\"https:\/\/exceladvisor.org\/it\/#\/schema\/logo\/image\/\",\"url\":\"https:\/\/exceladvisor.org\/it\/wp-content\/uploads\/2023\/12\/exceladvisor.org_.png\",\"contentUrl\":\"https:\/\/exceladvisor.org\/it\/wp-content\/uploads\/2023\/12\/exceladvisor.org_.png\",\"width\":105,\"height\":36,\"caption\":\"Excel Advisor\"},\"image\":{\"@id\":\"https:\/\/exceladvisor.org\/it\/#\/schema\/logo\/image\/\"}}]}<\/script>\n<!-- \/ Yoast SEO plugin. -->","yoast_head_json":{"title":"Stile cella Excel: titolo, calcolo, totale e intestazioni (2023)","description":"In questo tutorial impareremo come utilizzare l&#39;opzione Stile cella di Excel. Esamineremo gli stili disponibili e uno stile","robots":{"index":"index","follow":"follow","max-snippet":"max-snippet:-1","max-image-preview":"max-image-preview:large","max-video-preview":"max-video-preview:-1"},"canonical":"https:\/\/exceladvisor.org\/it\/stile-cellulare\/","og_locale":"it_IT","og_type":"article","og_title":"Stile cella Excel: titolo, calcolo, totale e intestazioni (2023)","og_description":"In questo tutorial impareremo come utilizzare l&#39;opzione Stile cella di Excel. Esamineremo gli stili disponibili e uno stile","og_url":"https:\/\/exceladvisor.org\/it\/stile-cellulare\/","og_site_name":"Excel Advisor","article_modified_time":"2023-12-10T06:28:37+00:00","og_image":[{"url":"https:\/\/exceladvisor.org\/wp-content\/uploads\/2023\/08\/1-styles-Excel-predefinis.png","type":"","width":"","height":""}],"twitter_card":"summary_large_image","twitter_misc":{"Tempo di lettura stimato":"3 minuti"},"schema":{"@context":"https:\/\/schema.org","@graph":[{"@type":"WebPage","@id":"https:\/\/exceladvisor.org\/it\/stile-cellulare\/","url":"https:\/\/exceladvisor.org\/it\/stile-cellulare\/","name":"Stile cella Excel: titolo, calcolo, totale e intestazioni (2023)","isPartOf":{"@id":"https:\/\/exceladvisor.org\/it\/#website"},"primaryImageOfPage":{"@id":"https:\/\/exceladvisor.org\/it\/stile-cellulare\/#primaryimage"},"image":{"@id":"https:\/\/exceladvisor.org\/it\/stile-cellulare\/#primaryimage"},"thumbnailUrl":"https:\/\/exceladvisor.org\/wp-content\/uploads\/2023\/08\/1-styles-Excel-predefinis.png","datePublished":"2023-11-14T10:17:28+00:00","dateModified":"2023-12-10T06:28:37+00:00","description":"In questo tutorial impareremo come utilizzare l&#39;opzione Stile cella di Excel. Esamineremo gli stili disponibili e uno stile","breadcrumb":{"@id":"https:\/\/exceladvisor.org\/it\/stile-cellulare\/#breadcrumb"},"inLanguage":"it-IT","potentialAction":[{"@type":"ReadAction","target":["https:\/\/exceladvisor.org\/it\/stile-cellulare\/"]}]},{"@type":"ImageObject","inLanguage":"it-IT","@id":"https:\/\/exceladvisor.org\/it\/stile-cellulare\/#primaryimage","url":"https:\/\/exceladvisor.org\/wp-content\/uploads\/2023\/08\/1-styles-Excel-predefinis.png","contentUrl":"https:\/\/exceladvisor.org\/wp-content\/uploads\/2023\/08\/1-styles-Excel-predefinis.png"},{"@type":"BreadcrumbList","@id":"https:\/\/exceladvisor.org\/it\/stile-cellulare\/#breadcrumb","itemListElement":[{"@type":"ListItem","position":1,"name":"Home","item":"https:\/\/exceladvisor.org\/it\/"},{"@type":"ListItem","position":2,"name":"Stile cella excel: titolo, calcolo, totale e intestazioni"}]},{"@type":"WebSite","@id":"https:\/\/exceladvisor.org\/it\/#website","url":"https:\/\/exceladvisor.org\/it\/","name":"Excel Advisor","description":"Tips, Tricks, and Time-Saving Hacks","publisher":{"@id":"https:\/\/exceladvisor.org\/it\/#organization"},"potentialAction":[{"@type":"SearchAction","target":{"@type":"EntryPoint","urlTemplate":"https:\/\/exceladvisor.org\/it\/?s={search_term_string}"},"query-input":{"@type":"PropertyValueSpecification","valueRequired":true,"valueName":"search_term_string"}}],"inLanguage":"it-IT"},{"@type":"Organization","@id":"https:\/\/exceladvisor.org\/it\/#organization","name":"Excel Advisor","url":"https:\/\/exceladvisor.org\/it\/","logo":{"@type":"ImageObject","inLanguage":"it-IT","@id":"https:\/\/exceladvisor.org\/it\/#\/schema\/logo\/image\/","url":"https:\/\/exceladvisor.org\/it\/wp-content\/uploads\/2023\/12\/exceladvisor.org_.png","contentUrl":"https:\/\/exceladvisor.org\/it\/wp-content\/uploads\/2023\/12\/exceladvisor.org_.png","width":105,"height":36,"caption":"Excel Advisor"},"image":{"@id":"https:\/\/exceladvisor.org\/it\/#\/schema\/logo\/image\/"}}]}},"yoast_meta":{"yoast_wpseo_title":"","yoast_wpseo_metadesc":"","yoast_wpseo_canonical":""},"_links":{"self":[{"href":"https:\/\/exceladvisor.org\/it\/wp-json\/wp\/v2\/pages\/1643","targetHints":{"allow":["GET"]}}],"collection":[{"href":"https:\/\/exceladvisor.org\/it\/wp-json\/wp\/v2\/pages"}],"about":[{"href":"https:\/\/exceladvisor.org\/it\/wp-json\/wp\/v2\/types\/page"}],"author":[{"embeddable":true,"href":"https:\/\/exceladvisor.org\/it\/wp-json\/wp\/v2\/users\/1"}],"replies":[{"embeddable":true,"href":"https:\/\/exceladvisor.org\/it\/wp-json\/wp\/v2\/comments?post=1643"}],"version-history":[{"count":1,"href":"https:\/\/exceladvisor.org\/it\/wp-json\/wp\/v2\/pages\/1643\/revisions"}],"predecessor-version":[{"id":2960,"href":"https:\/\/exceladvisor.org\/it\/wp-json\/wp\/v2\/pages\/1643\/revisions\/2960"}],"wp:attachment":[{"href":"https:\/\/exceladvisor.org\/it\/wp-json\/wp\/v2\/media?parent=1643"}],"curies":[{"name":"wp","href":"https:\/\/api.w.org\/{rel}","templated":true}]}}