{"id":1644,"date":"2023-11-14T02:04:06","date_gmt":"2023-11-14T02:04:06","guid":{"rendered":"https:\/\/exceladvisor.org\/it\/evidenziare-le-celle-vuote\/"},"modified":"2023-12-10T06:23:24","modified_gmt":"2023-12-10T06:23:24","slug":"evidenziare-le-celle-vuote","status":"publish","type":"page","link":"https:\/\/exceladvisor.org\/it\/evidenziare-le-celle-vuote\/","title":{"rendered":"Come evidenziare le celle vuote in excel"},"content":{"rendered":"<div class=\"excel-prima-del-contenuto\" id=\"excel-378264648\"><script type=\"text\/javascript\">\r\n\tatOptions = {\r\n\t\t'key' : 'c1158f160081d6540a8409e6925dab94',\r\n\t\t'format' : 'iframe',\r\n\t\t'height' : 250,\r\n\t\t'width' : 300,\r\n\t\t'params' : {}\r\n\t};\r\n<\/script>\r\n<script type=\"text\/javascript\" src=\"\/\/www.highperformanceformat.com\/c1158f160081d6540a8409e6925dab94\/invoke.js\"><\/script><\/div> <p>\u00c8 difficile riconoscere le celle vuote in dati di grandi dimensioni perch\u00e9 una cella vuota \u00e8 semplicemente una cella bianca senza alcun valore. Nella maggior parte dei casi, le celle vuote rappresentano una sorta di dati mancanti oppure una formula restituisce una stringa vuota che risulta in una cella vuota.<\/p><p> Ed \u00e8 per questo che si consiglia di evidenziare queste cellule con il colore in modo da poterle riconoscere.<\/p><p> Forse ti starai chiedendo: qual \u00e8 il metodo migliore per trovare ed evidenziare le celle vuote? Ma ecco il problema: dipende da te perch\u00e9 c&#8217;\u00e8 pi\u00f9 di un modo per farlo e puoi utilizzare uno qualsiasi di questi modi per portare a termine il tuo lavoro. Tutti questi metodi sono unici.<\/p><p> Quindi oggi in questo articolo vorrei condividere con te 3 diversi metodi che puoi utilizzare per evidenziare le celle vuote in Excel. Quindi iniziamo.<\/p><p> Qui abbiamo la tabella qui sotto in cui abbiamo celle vuote. Puoi scaricarlo <a href=\"https:\/\/exceladvisor.org\/wp-content\/uploads\/2023\/08\/mettre-en-surbrillance-les-cellules-vides-2.xlsx\" target=\"_blank\" rel=\"noreferrer noopener nofollow\">qui<\/a> per seguirlo. <\/p><div class=\"wp-block-image\"><figure class=\"aligncenter\"><img decoding=\"async\" title=\"evidenziare la tabella dati delle celle vuote\" src=\"https:\/\/exceladvisor.org\/wp-content\/uploads\/2023\/08\/comment-mettre-en-surbrillance-des-cellules-vides-avec-un-tableau-de-donnees-de-mise-en-forme-conditionnelle-1.png\" sizes=\"\" srcset=\"\" alt=\"highlight blank cells data table\"><\/figure><\/div><h2 class=\"wp-block-heading\"> Evidenzia le celle vuote con GoTo Special<\/h2><p> <span style=\"font-size: 1em;\">Se desideri applicare un colore a tutte le celle vuote in un intervallo, accedere a<\/span> un&#8217;opzione speciale pu\u00f2 essere un <span style=\"font-size: 1em;\">modo facile da usare. Questo metodo \u00e8 semplice:<\/span> seleziona tutte le celle vuote e <a href=\"https:\/\/exceladvisor.org\/it\/colore-delle-cellule\/\">applica <span style=\"font-size: 1em;\">un colore alla cella<\/span><\/a> <span style=\"font-size: 1em;\">. S\u00ec \u00e8 quello.<\/span> Di seguito sono riportati i passaggi per evidenziare tutte le celle vuote.<\/p><ol><li> Innanzitutto, seleziona tutti i tuoi dati. <br><img decoding=\"async\" title=\"come evidenziare le celle vuote con i dati di selezione della formattazione condizionale\" src=\"https:\/\/exceladvisor.org\/wp-content\/uploads\/2023\/08\/comment-mettre-en-surbrillance-des-cellules-vides-avec-une-mise-en-forme-conditionnelle-selectionner-des-donnees-1.png\" sizes=\"\" srcset=\"\" alt=\"how to highlight blank cells select data\"><\/li><li> Vai alla scheda Home \u27a4 Cerca e seleziona \u27a4 Fai clic su &#8220;Vai a Speciale&#8221;. <br><img decoding=\"async\" title=\"seleziona-vai-per-evidenziare-celle-vuote-in-excel\" src=\"https:\/\/exceladvisor.org\/wp-content\/uploads\/2023\/08\/selectionnez-goto-pour-mettre-en-surbrillance-les-cellules-vides-dans-excel-1.png\" sizes=\"\" srcset=\"\" alt=\"select goto to highlight blank cells in excel\"><\/li><li> Nella finestra Vai a speciale, seleziona &#8220;Vuoto&#8221; e fai clic su OK. (Selezioner\u00e0 tutte le celle vuote nella tabella.) <br><img decoding=\"async\" title=\"seleziona-vuoti-per-evidenziare-celle-vuote-in-Excel\" src=\"https:\/\/exceladvisor.org\/wp-content\/uploads\/2023\/08\/selectionnez-vide-pour-mettre-en-surbrillance-les-cellules-vides-dans-excel-1.png\" sizes=\"\" srcset=\"\" alt=\"select blank to highlight blank cells in excel\"><\/li><li> Successivamente, vai alla scheda Home e applica il colore per evidenziare le celle. <br><img decoding=\"async\" title=\"applica-colore-per-evidenziare-celle-vuote-in-Excel\" src=\"https:\/\/exceladvisor.org\/wp-content\/uploads\/2023\/08\/appliquer-une-couleur-pour-mettre-en-surbrillance-les-cellules-vides-dans-Excel-1.png\" sizes=\"\" srcset=\"\" alt=\"apply color to highlight blank cells in excel\"><\/li><\/ol><p class=\"content-box-blue\"> Se vuoi utilizzare un metodo dinamico, applichi il metodo condizionale, vedi il metodo seguente.<\/p><h2 id=\"tab-con-2\" class=\"wp-block-heading\"> Formattazione condizionale per evidenziare le celle vuote<\/h2><ol><li> Innanzitutto, seleziona la tabella dati. <br><img decoding=\"async\" title=\"come evidenziare le celle vuote con i dati di selezione della formattazione condizionale\" src=\"https:\/\/exceladvisor.org\/wp-content\/uploads\/2023\/08\/comment-mettre-en-surbrillance-des-cellules-vides-avec-une-mise-en-forme-conditionnelle-selectionner-des-donnees-1.png\" sizes=\"\" srcset=\"\" alt=\"how to highlight blank cells select data\"><\/li><li> Passare a \u27a4 scheda Home \u27a4 Formattazione condizionale. <br><img decoding=\"async\" title=\"come evidenziare le celle vuote con la scheda Vai a Home con formattazione condizionale\" src=\"https:\/\/exceladvisor.org\/wp-content\/uploads\/2023\/08\/comment-mettre-en-surbrillance-les-cellules-vides-avec-la-mise-en-forme-conditionnelle-aller-a-longlet-daccueil-1.png\" sizes=\"\" srcset=\"\" alt=\"how to highlight blank cells goto home tab\"><\/li><li> Nelle opzioni di formattazione condizionale, seleziona &#8220;evidenzia regole cella&#8221; e fai clic su &#8220;altre regole&#8221;. <br><img decoding=\"async\" title=\"come evidenziare le celle vuote con la formattazione condizionale selezionare pi\u00f9 regole\" src=\"https:\/\/exceladvisor.org\/wp-content\/uploads\/2023\/08\/comment-mettre-en-surbrillance-des-cellules-vides-avec-une-mise-en-forme-conditionnelle-selectionner-plus-de-regles-1.png\" sizes=\"\" srcset=\"\" alt=\"how to highlight blank cells select more rules\"><\/li><li> Ora, nella descrizione della regola, seleziona &#8220;Vuoto&#8221; dal menu a discesa. <br><img decoding=\"async\" title=\"come evidenziare le celle vuote con formattazione condizionale selezionare lo spazio vuoto dal menu a discesa\" src=\"https:\/\/exceladvisor.org\/wp-content\/uploads\/2023\/08\/comment-mettre-en-surbrillance-des-cellules-vides-avec-une-mise-en-forme-conditionnelle-selectionner-vide-dans-la-liste-deroulante-1.png\" sizes=\"\" srcset=\"\" alt=\"how to highlight blank cells select blank from drop down\"><\/li><li> Successivamente, fai clic sul pulsante \u201cformato\u201d per aprire l\u2019opzione di formato. <br><img decoding=\"async\" title=\"come evidenziare le celle vuote con la formattazione condizionale facendo clic sul pulsante Formatta\" src=\"https:\/\/exceladvisor.org\/wp-content\/uploads\/2023\/08\/comment-mettre-en-surbrillance-les-cellules-vides-avec-la-mise-en-forme-conditionnelle-cliquez-sur-le-bouton-de-format-1.png\" sizes=\"\" srcset=\"\" alt=\"how to highlight blank cells click format button\"><\/li><li> Nelle opzioni di formattazione, seleziona il colore che desideri utilizzare per l&#8217;evidenziazione.<\/li><li> Fare clic su OK. <br><img decoding=\"async\" title=\"usa il colore rosso per evidenziare le celle vuote in Excel-1\" src=\"https:\/\/exceladvisor.org\/wp-content\/uploads\/2023\/08\/utiliser-la-couleur-rouge-pour-mettre-en-surbrillance-les-cellules-vides-dans-excel-1-1.png\" sizes=\"\" srcset=\"\" alt=\"use red color to highlight blank cells in excel\"><\/li><\/ol><p> E la parte migliore \u00e8 che se hai celle vuote con una formula, questa verr\u00e0 evidenziata e <a href=\"https:\/\/exceladvisor.org\/it\/tabella-pivot\/\">se hai una tabella pivot<\/a> invece di una tabella normale, i passaggi saranno gli stessi.<\/p><p class=\"content-box-grey\"> \u00c8 una configurazione una tantum, non \u00e8 necessario applicarla ancora e ancora. Utilizza una tabella nei tuoi dati e <a href=\"https:\/\/exceladvisor.org\/it\/formattazione-condizionale\/\">la formattazione condizionale<\/a> si espander\u00e0 quando aggiungi nuovi dati alla tabella.<\/p><h2 id=\"tab-con-3\" class=\"wp-block-heading\"> Codice VBA per evidenziare la cella vuota<\/h2><p> So che hai un amore incondizionato per VBA. Ed \u00e8 per questo che abbiamo un codice macro per applicare un colore a tutte le celle vuote in un intervallo selezionato.<\/p><pre class=\"wp-block-code\"> <code class=\"language-visual-basic line-numbers\" lang=\"visual-basic\">Sub ColorBlankCells() Dim rng As Range Set rng = Selection rng.SpecialCells(xlCellTypeBlanks).Interior.Color = vbRed End Sub<\/code><\/pre><p> Quando <a href=\"https:\/\/exceladvisor.org\/it\/eseguire-una-macro-2\/\">esegui questo codice,<\/a> controlla ogni cella nell&#8217;intervallo e quindi applica un colore rosso se una cella \u00e8 vuota.<\/p><p> <strong>Leggi:<\/strong> <a href=\"https:\/\/exceladvisor.org\/it\/vba\/\">Tutorial VBA<\/a><\/p><h2 id=\"tab-con-4\" class=\"wp-block-heading\"> Conclusione<\/h2><p> Quindi questi sono i tre metodi che puoi utilizzare per evidenziare le celle vuote. Puoi utilizzare uno qualsiasi di questi metodi che ritieni sia perfetto per te. E, secondo me, preferisco sempre utilizzare la formattazione condizionale perch\u00e9 \u00e8 dinamica, quindi non \u00e8 necessario applicarla pi\u00f9 e pi\u00f9 volte.<\/p><p> Spero che questi metodi ti aiuteranno nel tuo lavoro quotidiano.<\/p><p> Ora dimmi una cosa. <strong><em><span style=\"color: #ea493f;\">Hai un altro metodo per applicare il colore alle celle vuote?<\/span><\/em><\/strong> Per favore condividi con me nella sezione commenti, mi piacerebbe sentire la tua opinione. E non dimenticare di condividere questo suggerimento con i tuoi amici.<\/p><div class=\"gb-container gb-container-4db6181c gb-container-mt\"> <a class=\"gb-button gb-button-c5897111 gb-button-text gb-button-mt-button\" href=\"https:\/\/exceladvisor.org\/it\/nozioni-di-base-su-excel\/\">Nozioni di base su Microsoft Excel (componenti, parti e note informative)<\/a><h2 class=\"gb-headline gb-headline-665e5f6b gb-headline-text gb-headline-mt-heading\"> Tutorial correlati <\/h2><div class=\"gb-grid-wrapper gb-grid-wrapper-a20baf7c gb-grid-wrapper-mt-grid\"><div class=\"gb-grid-column gb-grid-column-65ddf67e\"><div class=\"gb-container gb-container-65ddf67e\"><ul><li> <a href=\"https:\/\/exceladvisor.org\/it\/formato-del-numero-contabile\/\">Applicare il formato dei numeri contabili in Excel<\/a><\/li><li> <a href=\"https:\/\/exceladvisor.org\/it\/colore-delle-cellule\/\">Applica il colore di sfondo a una cella o all&#8217;intero foglio in Excel<\/a><\/li><li> <a href=\"https:\/\/exceladvisor.org\/it\/la-griglia\/\">Stampa la griglia di Excel (elimina, accorcia e cambia colore)<\/a><\/li><li> <a href=\"https:\/\/exceladvisor.org\/it\/aggiungi-un-numero-di-pagina\/\">Aggiungi un numero di pagina in Excel<\/a><\/li><li> <a href=\"https:\/\/exceladvisor.org\/it\/applicare-lo-stile-virgola\/\">Applica lo stile virgola in Excel<\/a><\/li><\/ul><\/div><\/div><\/div><\/div>","protected":false},"excerpt":{"rendered":"","protected":false},"author":1,"featured_media":0,"parent":0,"menu_order":0,"comment_status":"open","ping_status":"closed","template":"","meta":{"ub_ctt_via":"","footnotes":""},"class_list":["post-1644","page","type-page","status-publish","hentry"],"featured_image_src":null,"yoast_head":"<!-- This site is optimized with the Yoast SEO plugin v25.4 - https:\/\/yoast.com\/wordpress\/plugins\/seo\/ -->\n<title>Come evidenziare le celle vuote in Excel<\/title>\n<meta name=\"description\" content=\"Se sei curioso di sapere come evidenziare le celle vuote in Excel, qui abbiamo spiegato 3 modi per farlo.\" \/>\n<meta name=\"robots\" content=\"index, follow, max-snippet:-1, max-image-preview:large, max-video-preview:-1\" \/>\n<link rel=\"canonical\" href=\"https:\/\/exceladvisor.org\/it\/evidenziare-le-celle-vuote\/\" \/>\n<meta property=\"og:locale\" content=\"it_IT\" \/>\n<meta property=\"og:type\" content=\"article\" \/>\n<meta property=\"og:title\" content=\"Come evidenziare le celle vuote in Excel\" \/>\n<meta property=\"og:description\" content=\"Se sei curioso di sapere come evidenziare le celle vuote in Excel, qui abbiamo spiegato 3 modi per farlo.\" \/>\n<meta property=\"og:url\" content=\"https:\/\/exceladvisor.org\/it\/evidenziare-le-celle-vuote\/\" \/>\n<meta property=\"og:site_name\" content=\"Excel Advisor\" \/>\n<meta property=\"article:modified_time\" content=\"2023-12-10T06:23:24+00:00\" \/>\n<meta property=\"og:image\" content=\"https:\/\/exceladvisor.org\/wp-content\/uploads\/2023\/08\/comment-mettre-en-surbrillance-des-cellules-vides-avec-un-tableau-de-donnees-de-mise-en-forme-conditionnelle-1.png\" \/>\n<meta name=\"twitter:card\" content=\"summary_large_image\" \/>\n<meta name=\"twitter:label1\" content=\"Tempo di lettura stimato\" \/>\n\t<meta name=\"twitter:data1\" content=\"3 minuti\" \/>\n<script type=\"application\/ld+json\" class=\"yoast-schema-graph\">{\"@context\":\"https:\/\/schema.org\",\"@graph\":[{\"@type\":\"WebPage\",\"@id\":\"https:\/\/exceladvisor.org\/it\/evidenziare-le-celle-vuote\/\",\"url\":\"https:\/\/exceladvisor.org\/it\/evidenziare-le-celle-vuote\/\",\"name\":\"Come evidenziare le celle vuote in Excel\",\"isPartOf\":{\"@id\":\"https:\/\/exceladvisor.org\/it\/#website\"},\"primaryImageOfPage\":{\"@id\":\"https:\/\/exceladvisor.org\/it\/evidenziare-le-celle-vuote\/#primaryimage\"},\"image\":{\"@id\":\"https:\/\/exceladvisor.org\/it\/evidenziare-le-celle-vuote\/#primaryimage\"},\"thumbnailUrl\":\"https:\/\/exceladvisor.org\/wp-content\/uploads\/2023\/08\/comment-mettre-en-surbrillance-des-cellules-vides-avec-un-tableau-de-donnees-de-mise-en-forme-conditionnelle-1.png\",\"datePublished\":\"2023-11-14T02:04:06+00:00\",\"dateModified\":\"2023-12-10T06:23:24+00:00\",\"description\":\"Se sei curioso di sapere come evidenziare le celle vuote in Excel, qui abbiamo spiegato 3 modi per farlo.\",\"breadcrumb\":{\"@id\":\"https:\/\/exceladvisor.org\/it\/evidenziare-le-celle-vuote\/#breadcrumb\"},\"inLanguage\":\"it-IT\",\"potentialAction\":[{\"@type\":\"ReadAction\",\"target\":[\"https:\/\/exceladvisor.org\/it\/evidenziare-le-celle-vuote\/\"]}]},{\"@type\":\"ImageObject\",\"inLanguage\":\"it-IT\",\"@id\":\"https:\/\/exceladvisor.org\/it\/evidenziare-le-celle-vuote\/#primaryimage\",\"url\":\"https:\/\/exceladvisor.org\/wp-content\/uploads\/2023\/08\/comment-mettre-en-surbrillance-des-cellules-vides-avec-un-tableau-de-donnees-de-mise-en-forme-conditionnelle-1.png\",\"contentUrl\":\"https:\/\/exceladvisor.org\/wp-content\/uploads\/2023\/08\/comment-mettre-en-surbrillance-des-cellules-vides-avec-un-tableau-de-donnees-de-mise-en-forme-conditionnelle-1.png\"},{\"@type\":\"BreadcrumbList\",\"@id\":\"https:\/\/exceladvisor.org\/it\/evidenziare-le-celle-vuote\/#breadcrumb\",\"itemListElement\":[{\"@type\":\"ListItem\",\"position\":1,\"name\":\"Home\",\"item\":\"https:\/\/exceladvisor.org\/it\/\"},{\"@type\":\"ListItem\",\"position\":2,\"name\":\"Come evidenziare le celle vuote in excel\"}]},{\"@type\":\"WebSite\",\"@id\":\"https:\/\/exceladvisor.org\/it\/#website\",\"url\":\"https:\/\/exceladvisor.org\/it\/\",\"name\":\"Excel Advisor\",\"description\":\"Tips, Tricks, and Time-Saving Hacks\",\"publisher\":{\"@id\":\"https:\/\/exceladvisor.org\/it\/#organization\"},\"potentialAction\":[{\"@type\":\"SearchAction\",\"target\":{\"@type\":\"EntryPoint\",\"urlTemplate\":\"https:\/\/exceladvisor.org\/it\/?s={search_term_string}\"},\"query-input\":{\"@type\":\"PropertyValueSpecification\",\"valueRequired\":true,\"valueName\":\"search_term_string\"}}],\"inLanguage\":\"it-IT\"},{\"@type\":\"Organization\",\"@id\":\"https:\/\/exceladvisor.org\/it\/#organization\",\"name\":\"Excel Advisor\",\"url\":\"https:\/\/exceladvisor.org\/it\/\",\"logo\":{\"@type\":\"ImageObject\",\"inLanguage\":\"it-IT\",\"@id\":\"https:\/\/exceladvisor.org\/it\/#\/schema\/logo\/image\/\",\"url\":\"https:\/\/exceladvisor.org\/it\/wp-content\/uploads\/2023\/12\/exceladvisor.org_.png\",\"contentUrl\":\"https:\/\/exceladvisor.org\/it\/wp-content\/uploads\/2023\/12\/exceladvisor.org_.png\",\"width\":105,\"height\":36,\"caption\":\"Excel Advisor\"},\"image\":{\"@id\":\"https:\/\/exceladvisor.org\/it\/#\/schema\/logo\/image\/\"}}]}<\/script>\n<!-- \/ Yoast SEO plugin. -->","yoast_head_json":{"title":"Come evidenziare le celle vuote in Excel","description":"Se sei curioso di sapere come evidenziare le celle vuote in Excel, qui abbiamo spiegato 3 modi per farlo.","robots":{"index":"index","follow":"follow","max-snippet":"max-snippet:-1","max-image-preview":"max-image-preview:large","max-video-preview":"max-video-preview:-1"},"canonical":"https:\/\/exceladvisor.org\/it\/evidenziare-le-celle-vuote\/","og_locale":"it_IT","og_type":"article","og_title":"Come evidenziare le celle vuote in Excel","og_description":"Se sei curioso di sapere come evidenziare le celle vuote in Excel, qui abbiamo spiegato 3 modi per farlo.","og_url":"https:\/\/exceladvisor.org\/it\/evidenziare-le-celle-vuote\/","og_site_name":"Excel Advisor","article_modified_time":"2023-12-10T06:23:24+00:00","og_image":[{"url":"https:\/\/exceladvisor.org\/wp-content\/uploads\/2023\/08\/comment-mettre-en-surbrillance-des-cellules-vides-avec-un-tableau-de-donnees-de-mise-en-forme-conditionnelle-1.png","type":"","width":"","height":""}],"twitter_card":"summary_large_image","twitter_misc":{"Tempo di lettura stimato":"3 minuti"},"schema":{"@context":"https:\/\/schema.org","@graph":[{"@type":"WebPage","@id":"https:\/\/exceladvisor.org\/it\/evidenziare-le-celle-vuote\/","url":"https:\/\/exceladvisor.org\/it\/evidenziare-le-celle-vuote\/","name":"Come evidenziare le celle vuote in Excel","isPartOf":{"@id":"https:\/\/exceladvisor.org\/it\/#website"},"primaryImageOfPage":{"@id":"https:\/\/exceladvisor.org\/it\/evidenziare-le-celle-vuote\/#primaryimage"},"image":{"@id":"https:\/\/exceladvisor.org\/it\/evidenziare-le-celle-vuote\/#primaryimage"},"thumbnailUrl":"https:\/\/exceladvisor.org\/wp-content\/uploads\/2023\/08\/comment-mettre-en-surbrillance-des-cellules-vides-avec-un-tableau-de-donnees-de-mise-en-forme-conditionnelle-1.png","datePublished":"2023-11-14T02:04:06+00:00","dateModified":"2023-12-10T06:23:24+00:00","description":"Se sei curioso di sapere come evidenziare le celle vuote in Excel, qui abbiamo spiegato 3 modi per farlo.","breadcrumb":{"@id":"https:\/\/exceladvisor.org\/it\/evidenziare-le-celle-vuote\/#breadcrumb"},"inLanguage":"it-IT","potentialAction":[{"@type":"ReadAction","target":["https:\/\/exceladvisor.org\/it\/evidenziare-le-celle-vuote\/"]}]},{"@type":"ImageObject","inLanguage":"it-IT","@id":"https:\/\/exceladvisor.org\/it\/evidenziare-le-celle-vuote\/#primaryimage","url":"https:\/\/exceladvisor.org\/wp-content\/uploads\/2023\/08\/comment-mettre-en-surbrillance-des-cellules-vides-avec-un-tableau-de-donnees-de-mise-en-forme-conditionnelle-1.png","contentUrl":"https:\/\/exceladvisor.org\/wp-content\/uploads\/2023\/08\/comment-mettre-en-surbrillance-des-cellules-vides-avec-un-tableau-de-donnees-de-mise-en-forme-conditionnelle-1.png"},{"@type":"BreadcrumbList","@id":"https:\/\/exceladvisor.org\/it\/evidenziare-le-celle-vuote\/#breadcrumb","itemListElement":[{"@type":"ListItem","position":1,"name":"Home","item":"https:\/\/exceladvisor.org\/it\/"},{"@type":"ListItem","position":2,"name":"Come evidenziare le celle vuote in excel"}]},{"@type":"WebSite","@id":"https:\/\/exceladvisor.org\/it\/#website","url":"https:\/\/exceladvisor.org\/it\/","name":"Excel Advisor","description":"Tips, Tricks, and Time-Saving Hacks","publisher":{"@id":"https:\/\/exceladvisor.org\/it\/#organization"},"potentialAction":[{"@type":"SearchAction","target":{"@type":"EntryPoint","urlTemplate":"https:\/\/exceladvisor.org\/it\/?s={search_term_string}"},"query-input":{"@type":"PropertyValueSpecification","valueRequired":true,"valueName":"search_term_string"}}],"inLanguage":"it-IT"},{"@type":"Organization","@id":"https:\/\/exceladvisor.org\/it\/#organization","name":"Excel Advisor","url":"https:\/\/exceladvisor.org\/it\/","logo":{"@type":"ImageObject","inLanguage":"it-IT","@id":"https:\/\/exceladvisor.org\/it\/#\/schema\/logo\/image\/","url":"https:\/\/exceladvisor.org\/it\/wp-content\/uploads\/2023\/12\/exceladvisor.org_.png","contentUrl":"https:\/\/exceladvisor.org\/it\/wp-content\/uploads\/2023\/12\/exceladvisor.org_.png","width":105,"height":36,"caption":"Excel Advisor"},"image":{"@id":"https:\/\/exceladvisor.org\/it\/#\/schema\/logo\/image\/"}}]}},"yoast_meta":{"yoast_wpseo_title":"","yoast_wpseo_metadesc":"","yoast_wpseo_canonical":""},"_links":{"self":[{"href":"https:\/\/exceladvisor.org\/it\/wp-json\/wp\/v2\/pages\/1644","targetHints":{"allow":["GET"]}}],"collection":[{"href":"https:\/\/exceladvisor.org\/it\/wp-json\/wp\/v2\/pages"}],"about":[{"href":"https:\/\/exceladvisor.org\/it\/wp-json\/wp\/v2\/types\/page"}],"author":[{"embeddable":true,"href":"https:\/\/exceladvisor.org\/it\/wp-json\/wp\/v2\/users\/1"}],"replies":[{"embeddable":true,"href":"https:\/\/exceladvisor.org\/it\/wp-json\/wp\/v2\/comments?post=1644"}],"version-history":[{"count":1,"href":"https:\/\/exceladvisor.org\/it\/wp-json\/wp\/v2\/pages\/1644\/revisions"}],"predecessor-version":[{"id":2517,"href":"https:\/\/exceladvisor.org\/it\/wp-json\/wp\/v2\/pages\/1644\/revisions\/2517"}],"wp:attachment":[{"href":"https:\/\/exceladvisor.org\/it\/wp-json\/wp\/v2\/media?parent=1644"}],"curies":[{"name":"wp","href":"https:\/\/api.w.org\/{rel}","templated":true}]}}