{"id":1649,"date":"2023-11-13T18:23:16","date_gmt":"2023-11-13T18:23:16","guid":{"rendered":"https:\/\/exceladvisor.org\/it\/condizione-nel-prodotto-somma\/"},"modified":"2023-12-10T06:26:51","modified_gmt":"2023-12-10T06:26:51","slug":"condizione-nel-prodotto-somma","status":"publish","type":"page","link":"https:\/\/exceladvisor.org\/it\/condizione-nel-prodotto-somma\/","title":{"rendered":"Come utilizzare sumproduct if in excel?"},"content":{"rendered":"<div class=\"excel-prima-del-contenuto\" id=\"excel-3498227792\"><script type=\"text\/javascript\">\r\n\tatOptions = {\r\n\t\t'key' : 'c1158f160081d6540a8409e6925dab94',\r\n\t\t'format' : 'iframe',\r\n\t\t'height' : 250,\r\n\t\t'width' : 300,\r\n\t\t'params' : {}\r\n\t};\r\n<\/script>\r\n<script type=\"text\/javascript\" src=\"\/\/www.highperformanceformat.com\/c1158f160081d6540a8409e6925dab94\/invoke.js\"><\/script><\/div> <p>PRODOTTOSOMMA \u00e8 una delle <a style=\"outline: none; display: inline-block;\" href=\"https:\/\/exceladvisor.org\/it\/funzioni-di-excel\/\">funzioni pi\u00f9 importanti di Excel<\/a> . La parte migliore \u00e8 che puoi modificarlo in diversi modi.<\/p><p> E uno dei suoi poteri che ho scoperto di recente \u00e8: usalo come <strong>SUMPRODUCT IF<\/strong> In breve, un SUMPRODUCT condizionale.<\/p><p> Bene, come sai, puoi usare SUMPRODUCT per moltiplicare e sommare intervalli o matrici specificati. Con un SUMPRODUCT condizionale \u00e8 possibile moltiplicare e sommare gli intervalli che soddisfano i criteri.<\/p><p> S\u00ec, hai sentito bene. E tu conosci il meglio? Non \u00e8 necessario utilizzare la funzione SE per questo. Non \u00e8 fantastico?<\/p><p> S\u00cc?<\/p><p> Quindi oggi in questo articolo vorrei condividere con te un problema e un modo semplice per utilizzare SUMPRODUCTIVE per risolverlo.<\/p><p> Quindi sii con me per imparare una delle formule Excel pi\u00f9 sorprendenti e assicurati di <a href=\"https:\/\/exceladvisor.org\/wp-content\/uploads\/2023\/08\/somme-des-donnees-brutes.xlsx\" rel=\"nofollow\">scaricare file di esempio.<\/a><\/p><h2 id=\"h-how-i-got-to-know-about-this-conditional-sumproduct\" class=\"wp-block-heading\"> Come ho scoperto questo SUMPRODUCT condizionale<\/h2><p> Cominciamo dall&#8217;inizio.<\/p><p> Ieri ho ricevuto un&#8217;e-mail da uno dei miei iscritti. Voleva creare un&#8217;istruzione condizionale con SUMPRODUCT e IF per ottenere dati da una tabella.<\/p><p> Ecco la mail che ho ricevuto:<\/p><blockquote class=\"wp-block-quote\"><p> Ciao Puneet, ho bisogno del tuo aiuto. C&#8217;\u00e8 un modo per combinare SUMPRODUCT IF? Ho dei dati in una tabella e voglio ottenere il prodotto di due colonne che soddisfano i criteri. Mi aiuti per favore.<\/p><\/blockquote><p> Con la mail ho ricevuto da lei un file Excel con i seguenti componenti. Puoi <a href=\"https:\/\/exceladvisor.org\/wp-content\/uploads\/2023\/08\/somme-des-donnees-brutes.xlsx\" rel=\"nofollow\">scaricare questo file da qui<\/a> per seguirlo. <\/p><div class=\"wp-block-image\"><figure class=\"aligncenter size-full\"><img loading=\"lazy\" decoding=\"async\" class=\"wp-image-17568\" src=\"https:\/\/exceladvisor.org\/wp-content\/uploads\/2023\/08\/table-de-donnees-brutes-pour-appliquer-sumproduct-si-1.png\" sizes=\"auto, \" srcset=\"\" alt=\"tabella dei dati grezzi per applicare il prodotto somma se\" width=\"584\" height=\"437\"><\/figure><\/div><ol><li> <strong><span style=\"color: #000000;\">Dati azionari:<\/span><\/strong> questa tabella contiene i dati azionari archiviati in diversi negozi della sua azienda. Contiene il nome del prodotto, le unit\u00e0 in magazzino e il peso unitario.<\/li><li> <strong><span style=\"color: #000000;\">Elenco a discesa<\/span> :<\/strong> un menu a discesa per selezionare un prodotto.<\/li><\/ol><p> Da questa tabella voleva ottenere la quantit\u00e0 totale di un prodotto (unit\u00e0 * peso per unit\u00e0) selezionando il menu a discesa. Ad esempio, se seleziona &#8220;Verdure&#8221;, la quantit\u00e0 totale nella cella dovrebbe essere il totale moltiplicando le unit\u00e0 per la quantit\u00e0 per unit\u00e0.<\/p><p> Tieni presente che il nome del prodotto \u00e8 un requisito qui. <\/p><div class=\"wp-block-image\"><figure class=\"aligncenter\"><img decoding=\"async\" src=\"https:\/\/exceladvisor.org\/wp-content\/uploads\/2023\/08\/tableau-de-donnees-de-la-fonction-de-somme-conditionnelle-pour-selectionner-les-impulsions-1.png\" sizes=\"\" srcset=\"\" alt=\"tabella dati della funzione di somma condizionale per selezionare gli impulsi\"><\/figure><\/div><h2 id=\"h-solution-with-sumproduct-if\" class=\"wp-block-heading\"> Soluzione con SUMPRODUCT IF<\/h2><p> A quel tempo ero sicuro di una cosa per ottenere la somma del prodotto da array o intervalli che possiamo usare SUMPRODUCT.<\/p><p> Ma qui il gioco consisteva nel ottenere la somma moltiplicando le unit\u00e0 totali e la quantit\u00e0 per unit\u00e0 solo per le celle che soddisfacevano i criteri.<\/p><p> E la formula che possiamo usare: <\/p><pre class=\"wp-block-code\"> <code class=\"language-excel-formula\" lang=\"excel-formula\">=SUMPRODUCT(--(C7:C19=C2),E7:E19,F7:F19)<\/code><\/pre><p class=\"has-text-align-center\"><img loading=\"lazy\" decoding=\"async\" src=\"https:\/\/exceladvisor.org\/wp-content\/uploads\/2023\/08\/Solution-avec-Sumproduct-If-Statement.gif\" sizes=\"auto, \" srcset=\"\" alt=\"Soluzione con Sumproduct If Statement\" width=\"588\" height=\"488\" data-id=\"7191\"><\/p><p> Ora, quando selezioni una voce dall&#8217;elenco a discesa, questa formula restituir\u00e0 il prodotto solo per le celle che soddisfano i criteri.<\/p><p> <strong><span style=\"color: #ff0000;\">Ehi, aspetta un attimo:<\/span><\/strong> proprio come questa formula, ho elencato alcune formule pi\u00f9 intelligenti che potrebbero stupirti.<\/p><ul><li><a href=\"https:\/\/exceladvisor.org\/it\/classificazione-condizionale-rango-del-prodotto-sommativo-se\/\">Classifica condizionale in Excel utilizzando la funzione SUMPRODUCT<\/a><\/li><li> <a href=\"https:\/\/exceladvisor.org\/it\/massimo-se\/\">Come utilizzare la formula MAX SE in Excel<\/a><\/li><li> <a href=\"https:\/\/exceladvisor.org\/it\/conteggi-contese-o-logici\/\">Come utilizzare la logica OR in COUNTIF\/COUNIFS in Excel<\/a><\/li><li> <a href=\"https:\/\/exceladvisor.org\/it\/sumif-sumif-o-logica\/\">Come utilizzare SOMMA.SE\/SUMIFS con la logica OR in Excel<\/a><\/li><\/ul><h2 id=\"h-how-it-works\" class=\"wp-block-heading\"> Come funziona<\/h2><p> Come gi\u00e0 sai, SUMPRODUCT pu\u00f2 funzionare con le tabelle. Quindi, nel metodo sopra, abbiamo utilizzato tre array per ottenere il prodotto dei valori. <\/p><div class=\"wp-block-image\"><figure class=\"aligncenter\"><img decoding=\"async\" src=\"https:\/\/exceladvisor.org\/wp-content\/uploads\/2023\/08\/trois-tableaux-pour-sumproduct-conditionnel-1.png\" sizes=\"\" srcset=\"\" alt=\"tre matrici per il prodotto somma condizionale\"><\/figure><\/div><p> La formula funziona come segue.<\/p><h3 id=\"h-1-creating-a-condition\" class=\"wp-block-heading\"> 1. Crea una condizione<\/h3><p> <b>Prima di tutto<\/b> , abbiamo una tabella per verificare lo stato del nome del prodotto. Controller\u00e0 i valori della colonna del prodotto e restituir\u00e0 TRUE per i valori corrispondenti e FALSE per gli altri. <\/p><div class=\"wp-block-image\"><figure class=\"aligncenter\"><img decoding=\"async\" src=\"https:\/\/exceladvisor.org\/wp-content\/uploads\/2023\/08\/Fonctionnement-de-linstruction-SUMPRODUCT-IF.png\" sizes=\"\" srcset=\"\" alt=\"Come funziona l'istruzione SUMPRODUCT IF\"><\/figure><\/div><h3 id=\"h-2-using-double-minus-sign\" class=\"wp-block-heading\"> 2. Utilizzare il doppio segno meno<\/h3><p> Ora il passo successivo \u00e8 convertire i valori VERO-FALSO in 0-1 in modo da poterli utilizzare nel calcolo. E per questo abbiamo utilizzato il <a href=\"http:\/\/www.listendata.com\/2012\/10\/why-two-minus-signs-in-excel-formula.html\" target=\"_blank\" rel=\"noopener noreferrer\">doppio segno meno<\/a> davanti alla prima tabella. <\/p><div class=\"wp-block-image\"><figure class=\"aligncenter\"><img decoding=\"async\" src=\"https:\/\/exceladvisor.org\/wp-content\/uploads\/2023\/08\/Utiliser-Double-Minus-Sigh-avec-linstruction-SUMPRODUCT-IF.png\" sizes=\"\" srcset=\"\" alt=\"usa il doppio sospiro meno con l'istruzione sumproduct if\"><\/figure><\/div><h3 id=\"h-3-multiplying-arrays\" class=\"wp-block-heading\"> 3. Moltiplicare le tabelle<\/h3><p> Dopo aver convertito VERO-FALSO in 0-1, la tabella apparir\u00e0 cos\u00ec. Qui tutti i valori in cui i criteri non sono soddisfatti, abbiamo zeri. <\/p><div class=\"wp-block-image\"><figure class=\"aligncenter\"><img decoding=\"async\" src=\"https:\/\/exceladvisor.org\/wp-content\/uploads\/2023\/08\/tableau-fonctionnant-pour-utiliser-la-condition-dans-sumproduct-1.png\" sizes=\"\" srcset=\"\" alt=\"array che funziona per utilizzare la condizione nel prodotto somma\"><\/figure><\/div><p> Ricorda, quando qualcosa si moltiplica per zero, ritorna a zero. In questo modo otteniamo il prodotto solo per le celle dove ne abbiamo 1. Insomma, dove la condizione \u00e8 soddisfatta. <\/p><div class=\"gb-container gb-container-bafb25cc gb-container-download-2\"><div class=\"gb-grid-wrapper gb-grid-wrapper-91201309\"><div class=\"gb-grid-column gb-grid-column-15a917ef\"><div class=\"gb-container gb-container-15a917ef\"><h2 class=\"gb-headline gb-headline-f2deb261 gb-headline-text gb-headline-download-2\"> Ottieni il file Excel <\/h2><\/div><\/div><div class=\"gb-grid-column gb-grid-column-18357188\"><div class=\"gb-container gb-container-18357188\"><div class=\"gb-container gb-container-76cbe15e\"> <a class=\"gb-button gb-button-cb63d00a gb-button-text gb-button-download-2\" href=\"https:\/\/exceladvisor.org\/wp-content\/uploads\/2023\/08\/produit-somme-conditionnelle.xlsx\" rel=\"nofollow\">Scaricamento<\/a><\/div><\/div><\/div><\/div><\/div><h2 id=\"h-conclusion\" class=\"wp-block-heading\"> Conclusione<\/h2><p> La parte migliore dell&#8217;utilizzo di questo SUMPRODUCT condizionale \u00e8 che non \u00e8 necessario utilizzare IF e tutto il calcolo \u00e8 in una singola cella. Come ho detto, SUMPRODUCT \u00e8 una delle <a href=\"https:\/\/exceladvisor.org\/it\/funzioni-di-excel\/\">funzioni pi\u00f9 potenti<\/a> ed \u00e8 la cosa migliore che puoi fare con i suoi poteri.<\/p><p> Ora dimmi una cosa.<\/p><p> <em>Hai mai provato a utilizzare una condizione in SUMPRODUCT prima?<\/em><\/p><p> Per favore condividi le tue opinioni con me nella sezione commenti. Mi piacerebbe sentire la tua opinione e non dimenticare di condividerlo con i tuoi amici, sono sicuro che lo apprezzeranno.<\/p><div class=\"gb-container gb-container-0df56012 gb-container-mt\"> <a class=\"gb-button gb-button-f9f432f4 gb-button-text gb-button-mt-button\" href=\"https:\/\/exceladvisor.org\/it\/formule\/\">Elenco delle formule di Excel<\/a><h2 class=\"gb-headline gb-headline-233444e8 gb-headline-text gb-headline-mt-heading\"> Formule correlate <\/h2><div class=\"gb-grid-wrapper gb-grid-wrapper-a16fa65c gb-grid-wrapper-mt-grid\"><div class=\"gb-grid-column gb-grid-column-50d07e0d\"><div class=\"gb-container gb-container-50d07e0d\"><ul><li> <a href=\"https:\/\/exceladvisor.org\/it\/confrontare-due-celle\/\">Confronta due celle in Excel<\/a><\/li><li><a href=\"https:\/\/exceladvisor.org\/it\/classificazione-condizionale-rango-del-prodotto-sommativo-se\/\">Classifica condizionale in Excel utilizzando la funzione SUMPRODUCT [RANKIF].<\/a> <\/li><\/ul><\/div><\/div><div class=\"gb-grid-column gb-grid-column-5b4a0cf9\"><div class=\"gb-container gb-container-5b4a0cf9\"><\/div><\/div><\/div><\/div>","protected":false},"excerpt":{"rendered":"","protected":false},"author":1,"featured_media":0,"parent":0,"menu_order":0,"comment_status":"open","ping_status":"closed","template":"","meta":{"ub_ctt_via":"","footnotes":""},"class_list":["post-1649","page","type-page","status-publish","hentry"],"featured_image_src":null,"yoast_head":"<!-- This site is optimized with the Yoast SEO plugin v25.4 - https:\/\/yoast.com\/wordpress\/plugins\/seo\/ -->\n<title>Come utilizzare SUMPRODUCT IF in Excel? (Tutorial 2023)<\/title>\n<meta name=\"description\" content=\"Credo che l&#039;utilizzo di una condizione in sumproduct sia una delle cose pi\u00f9 potenti che puoi fare in Excel.\" \/>\n<meta name=\"robots\" content=\"index, follow, max-snippet:-1, max-image-preview:large, max-video-preview:-1\" \/>\n<link rel=\"canonical\" href=\"https:\/\/exceladvisor.org\/it\/condizione-nel-prodotto-somma\/\" \/>\n<meta property=\"og:locale\" content=\"it_IT\" \/>\n<meta property=\"og:type\" content=\"article\" \/>\n<meta property=\"og:title\" content=\"Come utilizzare SUMPRODUCT IF in Excel? (Tutorial 2023)\" \/>\n<meta property=\"og:description\" content=\"Credo che l&#039;utilizzo di una condizione in sumproduct sia una delle cose pi\u00f9 potenti che puoi fare in Excel.\" \/>\n<meta property=\"og:url\" content=\"https:\/\/exceladvisor.org\/it\/condizione-nel-prodotto-somma\/\" \/>\n<meta property=\"og:site_name\" content=\"Excel Advisor\" \/>\n<meta property=\"article:modified_time\" content=\"2023-12-10T06:26:51+00:00\" \/>\n<meta property=\"og:image\" content=\"https:\/\/exceladvisor.org\/wp-content\/uploads\/2023\/08\/table-de-donnees-brutes-pour-appliquer-sumproduct-si-1.png\" \/>\n<meta name=\"twitter:card\" content=\"summary_large_image\" \/>\n<meta name=\"twitter:label1\" content=\"Tempo di lettura stimato\" \/>\n\t<meta name=\"twitter:data1\" content=\"4 minuti\" \/>\n<script type=\"application\/ld+json\" class=\"yoast-schema-graph\">{\"@context\":\"https:\/\/schema.org\",\"@graph\":[{\"@type\":\"WebPage\",\"@id\":\"https:\/\/exceladvisor.org\/it\/condizione-nel-prodotto-somma\/\",\"url\":\"https:\/\/exceladvisor.org\/it\/condizione-nel-prodotto-somma\/\",\"name\":\"Come utilizzare SUMPRODUCT IF in Excel? (Tutorial 2023)\",\"isPartOf\":{\"@id\":\"https:\/\/exceladvisor.org\/it\/#website\"},\"primaryImageOfPage\":{\"@id\":\"https:\/\/exceladvisor.org\/it\/condizione-nel-prodotto-somma\/#primaryimage\"},\"image\":{\"@id\":\"https:\/\/exceladvisor.org\/it\/condizione-nel-prodotto-somma\/#primaryimage\"},\"thumbnailUrl\":\"https:\/\/exceladvisor.org\/wp-content\/uploads\/2023\/08\/table-de-donnees-brutes-pour-appliquer-sumproduct-si-1.png\",\"datePublished\":\"2023-11-13T18:23:16+00:00\",\"dateModified\":\"2023-12-10T06:26:51+00:00\",\"description\":\"Credo che l&#39;utilizzo di una condizione in sumproduct sia una delle cose pi\u00f9 potenti che puoi fare in Excel.\",\"breadcrumb\":{\"@id\":\"https:\/\/exceladvisor.org\/it\/condizione-nel-prodotto-somma\/#breadcrumb\"},\"inLanguage\":\"it-IT\",\"potentialAction\":[{\"@type\":\"ReadAction\",\"target\":[\"https:\/\/exceladvisor.org\/it\/condizione-nel-prodotto-somma\/\"]}]},{\"@type\":\"ImageObject\",\"inLanguage\":\"it-IT\",\"@id\":\"https:\/\/exceladvisor.org\/it\/condizione-nel-prodotto-somma\/#primaryimage\",\"url\":\"https:\/\/exceladvisor.org\/wp-content\/uploads\/2023\/08\/table-de-donnees-brutes-pour-appliquer-sumproduct-si-1.png\",\"contentUrl\":\"https:\/\/exceladvisor.org\/wp-content\/uploads\/2023\/08\/table-de-donnees-brutes-pour-appliquer-sumproduct-si-1.png\"},{\"@type\":\"BreadcrumbList\",\"@id\":\"https:\/\/exceladvisor.org\/it\/condizione-nel-prodotto-somma\/#breadcrumb\",\"itemListElement\":[{\"@type\":\"ListItem\",\"position\":1,\"name\":\"Home\",\"item\":\"https:\/\/exceladvisor.org\/it\/\"},{\"@type\":\"ListItem\",\"position\":2,\"name\":\"Come utilizzare sumproduct if in excel?\"}]},{\"@type\":\"WebSite\",\"@id\":\"https:\/\/exceladvisor.org\/it\/#website\",\"url\":\"https:\/\/exceladvisor.org\/it\/\",\"name\":\"Excel Advisor\",\"description\":\"Tips, Tricks, and Time-Saving Hacks\",\"publisher\":{\"@id\":\"https:\/\/exceladvisor.org\/it\/#organization\"},\"potentialAction\":[{\"@type\":\"SearchAction\",\"target\":{\"@type\":\"EntryPoint\",\"urlTemplate\":\"https:\/\/exceladvisor.org\/it\/?s={search_term_string}\"},\"query-input\":{\"@type\":\"PropertyValueSpecification\",\"valueRequired\":true,\"valueName\":\"search_term_string\"}}],\"inLanguage\":\"it-IT\"},{\"@type\":\"Organization\",\"@id\":\"https:\/\/exceladvisor.org\/it\/#organization\",\"name\":\"Excel Advisor\",\"url\":\"https:\/\/exceladvisor.org\/it\/\",\"logo\":{\"@type\":\"ImageObject\",\"inLanguage\":\"it-IT\",\"@id\":\"https:\/\/exceladvisor.org\/it\/#\/schema\/logo\/image\/\",\"url\":\"https:\/\/exceladvisor.org\/it\/wp-content\/uploads\/2023\/12\/exceladvisor.org_.png\",\"contentUrl\":\"https:\/\/exceladvisor.org\/it\/wp-content\/uploads\/2023\/12\/exceladvisor.org_.png\",\"width\":105,\"height\":36,\"caption\":\"Excel Advisor\"},\"image\":{\"@id\":\"https:\/\/exceladvisor.org\/it\/#\/schema\/logo\/image\/\"}}]}<\/script>\n<!-- \/ Yoast SEO plugin. -->","yoast_head_json":{"title":"Come utilizzare SUMPRODUCT IF in Excel? (Tutorial 2023)","description":"Credo che l&#39;utilizzo di una condizione in sumproduct sia una delle cose pi\u00f9 potenti che puoi fare in Excel.","robots":{"index":"index","follow":"follow","max-snippet":"max-snippet:-1","max-image-preview":"max-image-preview:large","max-video-preview":"max-video-preview:-1"},"canonical":"https:\/\/exceladvisor.org\/it\/condizione-nel-prodotto-somma\/","og_locale":"it_IT","og_type":"article","og_title":"Come utilizzare SUMPRODUCT IF in Excel? (Tutorial 2023)","og_description":"Credo che l&#39;utilizzo di una condizione in sumproduct sia una delle cose pi\u00f9 potenti che puoi fare in Excel.","og_url":"https:\/\/exceladvisor.org\/it\/condizione-nel-prodotto-somma\/","og_site_name":"Excel Advisor","article_modified_time":"2023-12-10T06:26:51+00:00","og_image":[{"url":"https:\/\/exceladvisor.org\/wp-content\/uploads\/2023\/08\/table-de-donnees-brutes-pour-appliquer-sumproduct-si-1.png","type":"","width":"","height":""}],"twitter_card":"summary_large_image","twitter_misc":{"Tempo di lettura stimato":"4 minuti"},"schema":{"@context":"https:\/\/schema.org","@graph":[{"@type":"WebPage","@id":"https:\/\/exceladvisor.org\/it\/condizione-nel-prodotto-somma\/","url":"https:\/\/exceladvisor.org\/it\/condizione-nel-prodotto-somma\/","name":"Come utilizzare SUMPRODUCT IF in Excel? (Tutorial 2023)","isPartOf":{"@id":"https:\/\/exceladvisor.org\/it\/#website"},"primaryImageOfPage":{"@id":"https:\/\/exceladvisor.org\/it\/condizione-nel-prodotto-somma\/#primaryimage"},"image":{"@id":"https:\/\/exceladvisor.org\/it\/condizione-nel-prodotto-somma\/#primaryimage"},"thumbnailUrl":"https:\/\/exceladvisor.org\/wp-content\/uploads\/2023\/08\/table-de-donnees-brutes-pour-appliquer-sumproduct-si-1.png","datePublished":"2023-11-13T18:23:16+00:00","dateModified":"2023-12-10T06:26:51+00:00","description":"Credo che l&#39;utilizzo di una condizione in sumproduct sia una delle cose pi\u00f9 potenti che puoi fare in Excel.","breadcrumb":{"@id":"https:\/\/exceladvisor.org\/it\/condizione-nel-prodotto-somma\/#breadcrumb"},"inLanguage":"it-IT","potentialAction":[{"@type":"ReadAction","target":["https:\/\/exceladvisor.org\/it\/condizione-nel-prodotto-somma\/"]}]},{"@type":"ImageObject","inLanguage":"it-IT","@id":"https:\/\/exceladvisor.org\/it\/condizione-nel-prodotto-somma\/#primaryimage","url":"https:\/\/exceladvisor.org\/wp-content\/uploads\/2023\/08\/table-de-donnees-brutes-pour-appliquer-sumproduct-si-1.png","contentUrl":"https:\/\/exceladvisor.org\/wp-content\/uploads\/2023\/08\/table-de-donnees-brutes-pour-appliquer-sumproduct-si-1.png"},{"@type":"BreadcrumbList","@id":"https:\/\/exceladvisor.org\/it\/condizione-nel-prodotto-somma\/#breadcrumb","itemListElement":[{"@type":"ListItem","position":1,"name":"Home","item":"https:\/\/exceladvisor.org\/it\/"},{"@type":"ListItem","position":2,"name":"Come utilizzare sumproduct if in excel?"}]},{"@type":"WebSite","@id":"https:\/\/exceladvisor.org\/it\/#website","url":"https:\/\/exceladvisor.org\/it\/","name":"Excel Advisor","description":"Tips, Tricks, and Time-Saving Hacks","publisher":{"@id":"https:\/\/exceladvisor.org\/it\/#organization"},"potentialAction":[{"@type":"SearchAction","target":{"@type":"EntryPoint","urlTemplate":"https:\/\/exceladvisor.org\/it\/?s={search_term_string}"},"query-input":{"@type":"PropertyValueSpecification","valueRequired":true,"valueName":"search_term_string"}}],"inLanguage":"it-IT"},{"@type":"Organization","@id":"https:\/\/exceladvisor.org\/it\/#organization","name":"Excel Advisor","url":"https:\/\/exceladvisor.org\/it\/","logo":{"@type":"ImageObject","inLanguage":"it-IT","@id":"https:\/\/exceladvisor.org\/it\/#\/schema\/logo\/image\/","url":"https:\/\/exceladvisor.org\/it\/wp-content\/uploads\/2023\/12\/exceladvisor.org_.png","contentUrl":"https:\/\/exceladvisor.org\/it\/wp-content\/uploads\/2023\/12\/exceladvisor.org_.png","width":105,"height":36,"caption":"Excel Advisor"},"image":{"@id":"https:\/\/exceladvisor.org\/it\/#\/schema\/logo\/image\/"}}]}},"yoast_meta":{"yoast_wpseo_title":"","yoast_wpseo_metadesc":"","yoast_wpseo_canonical":""},"_links":{"self":[{"href":"https:\/\/exceladvisor.org\/it\/wp-json\/wp\/v2\/pages\/1649","targetHints":{"allow":["GET"]}}],"collection":[{"href":"https:\/\/exceladvisor.org\/it\/wp-json\/wp\/v2\/pages"}],"about":[{"href":"https:\/\/exceladvisor.org\/it\/wp-json\/wp\/v2\/types\/page"}],"author":[{"embeddable":true,"href":"https:\/\/exceladvisor.org\/it\/wp-json\/wp\/v2\/users\/1"}],"replies":[{"embeddable":true,"href":"https:\/\/exceladvisor.org\/it\/wp-json\/wp\/v2\/comments?post=1649"}],"version-history":[{"count":1,"href":"https:\/\/exceladvisor.org\/it\/wp-json\/wp\/v2\/pages\/1649\/revisions"}],"predecessor-version":[{"id":2845,"href":"https:\/\/exceladvisor.org\/it\/wp-json\/wp\/v2\/pages\/1649\/revisions\/2845"}],"wp:attachment":[{"href":"https:\/\/exceladvisor.org\/it\/wp-json\/wp\/v2\/media?parent=1649"}],"curies":[{"name":"wp","href":"https:\/\/api.w.org\/{rel}","templated":true}]}}