{"id":1650,"date":"2023-11-13T18:13:54","date_gmt":"2023-11-13T18:13:54","guid":{"rendered":"https:\/\/exceladvisor.org\/it\/media-ponderata\/"},"modified":"2023-12-10T06:21:23","modified_gmt":"2023-12-10T06:21:23","slug":"media-ponderata","status":"publish","type":"page","link":"https:\/\/exceladvisor.org\/it\/media-ponderata\/","title":{"rendered":"Come calcolare la media ponderata in excel?"},"content":{"rendered":"<div class=\"excel-prima-del-contenuto\" id=\"excel-3705959846\"><script type=\"text\/javascript\">\r\n\tatOptions = {\r\n\t\t'key' : 'c1158f160081d6540a8409e6925dab94',\r\n\t\t'format' : 'iframe',\r\n\t\t'height' : 250,\r\n\t\t'width' : 300,\r\n\t\t'params' : {}\r\n\t};\r\n<\/script>\r\n<script type=\"text\/javascript\" src=\"\/\/www.highperformanceformat.com\/c1158f160081d6540a8409e6925dab94\/invoke.js\"><\/script><\/div> <p class=\"has-text-align-left\">Una media \u00e8 il modo migliore per ottenere una panoramica dei dati. Ma a volte la media fornisce un valore distorto. In queste situazioni [ogni volta], il modo migliore \u00e8 calcolare la media ponderata.<\/p><p> E ho scoperto che il modo migliore \u00e8 utilizzare una formula combinando le funzioni SUMPRODUCT e SUM.<\/p><p> Questo metodo \u00e8 semplice e facile da applicare. Quindi oggi in questo articolo vorrei condividere con voi come calcolare la media ponderata in Excel utilizzando SUMPRODUCT e SUM.<\/p><h2 id=\"tab-con-1\" class=\"wp-block-heading\"> Differenza tra media normale e media ponderata<\/h2><p> Nell&#8217;esempio seguente abbiamo 1658 come media normale e 1445 come media ponderata. Vorrei chiarire questa differenza in due punti. <\/p><div class=\"wp-block-image\"><figure class=\"aligncenter\"><img decoding=\"async\" src=\"https:\/\/exceladvisor.org\/wp-content\/uploads\/2023\/08\/different-entre-la-moyenne-ponderee-normale-et-comment-calculer-la-moyenne-ponderee-dans-Excel-avec-sumproduct.png\" sizes=\"\" srcset=\"\" alt=\"diverso tra la media ponderata normale e il modo in cui calcolare la media ponderata in Excel con sommaprodotto\"><\/figure><\/div><ul><li> <strong>Primo:<\/strong> se moltiplichi 1658 (media) per 68 (quantit\u00e0), otterrai 112742, che non \u00e8 uguale all&#8217;importo totale. Ma se moltiplichi 1445 (media ponderata) per 68 (quantit\u00e0), otterrai 98289, che equivale all&#8217;importo totale.<\/li><li> <strong>Secondo:<\/strong> il prodotto-1 ha il prezzo pi\u00f9 basso e la quantit\u00e0 pi\u00f9 alta, mentre il prodotto-4 ha il prezzo pi\u00f9 alto e la quantit\u00e0 pi\u00f9 bassa.<\/li><\/ul><p> Nel calcolo della media normale non si tiene conto della quantit\u00e0 e se si verifica una variazione della quantit\u00e0 non ci sar\u00e0 alcun effetto sul prezzo medio. E, nella media ponderata, puoi prendere la quantit\u00e0 come peso.<\/p><h2 id=\"tab-con-2\" class=\"wp-block-heading\"> Passaggio per calcolare la media ponderata in Excel<\/h2><p> Per calcolare la media ponderata utilizziamo la stessa tabella dati che ti ho mostrato nell&#8217;esempio sopra. <\/p><div class=\"gb-container gb-container-bafb25cc gb-container-download-2\"><div class=\"gb-grid-wrapper gb-grid-wrapper-91201309\"><div class=\"gb-grid-column gb-grid-column-15a917ef\"><div class=\"gb-container gb-container-15a917ef\"><h2 class=\"gb-headline gb-headline-f2deb261 gb-headline-text gb-headline-download-2\"> Ottieni il file Excel <\/h2><\/div><\/div><div class=\"gb-grid-column gb-grid-column-18357188\"><div class=\"gb-container gb-container-18357188\"><div class=\"gb-container gb-container-76cbe15e\"> <a class=\"gb-button gb-button-cb63d00a gb-button-text gb-button-download-2\" href=\"https:\/\/exceladvisor.org\/wp-content\/uploads\/2023\/11\/donnees-pour-calculer-la-moyenne-mobile-avec-sumproduct.xlsx\" rel=\"nofollow\">Scaricamento<\/a> <\/div><\/div><\/div><\/div><\/div><div class=\"wp-block-image\"><figure class=\"aligncenter\"><img decoding=\"async\" src=\"https:\/\/exceladvisor.org\/wp-content\/uploads\/2023\/08\/table-de-donnees-a-utiliser-pour-calculer-la-moyenne-ponderee-dans-excel-avec-la-formule-sumproduct.png\" sizes=\"\" srcset=\"\" alt=\"diverso tra la media ponderata normale e il modo in cui calcolare la media ponderata in Excel con sommaprodotto\"><\/figure><\/div><p> Ora segui questi due semplici passaggi.<\/p><ul><li> Nella cella C7, inserisci la seguente formula: =SOMMAPRODOTTO(B2:B6,C2:C6)\/SOMMA(B2:B6). <\/li><\/ul><div class=\"wp-block-image\"><figure class=\"aligncenter\"><img decoding=\"async\" src=\"https:\/\/exceladvisor.org\/wp-content\/uploads\/2023\/08\/entrer-des-formules-dans-le-tableau-de-donnees-a-utiliser-pour-calculer-la-moyenne-ponderee-dans-Excel-avec-sumproduct.png\" sizes=\"\" srcset=\"\" alt=\"immettere le formule nella tabella dati da utilizzare per calcolare la media ponderata in Excel con sommaprodotto\"><\/figure><\/div><ul><li> Fare clic su OK. <\/li><\/ul><div class=\"wp-block-image\"><figure class=\"aligncenter\"><img decoding=\"async\" src=\"https:\/\/exceladvisor.org\/wp-content\/uploads\/2023\/08\/cliquez-sur-ok-dans-le-tableau-de-donnees-a-utiliser-pour-calculer-la-moyenne-ponderee-dans-Excel-avec-sumproduct.png\" sizes=\"\" srcset=\"\" alt=\"fare clic su OK nella tabella dati da utilizzare per calcolare la media ponderata in Excel con sumproduct\"><\/figure><\/div><p> Ora hai 1445 come media ponderata tra prezzo e prodotto. Come ho detto, SUMPRODUCT \u00e8 un modo semplice per calcolare la media ponderata o la media ponderata in Excel. La parte migliore di SUMPRODUCT \u00e8 che pu\u00f2 moltiplicare e aggiungere un array in una singola cella.<\/p><pre class=\"wp-block-code\"> <code class=\"language-excel-formula\" lang=\"excel-formula\">=SUMPRODUCT(B2:B6,C2:C6)\/SUM(C2:C6)<\/code><\/pre><h3 id=\"tab-con-3\" class=\"wp-block-heading\"> Come funziona<\/h3><p> Dobbiamo scomporre questa formula per capirla. <\/p><div class=\"wp-block-image\"><figure class=\"aligncenter\"><img decoding=\"async\" src=\"https:\/\/exceladvisor.org\/wp-content\/uploads\/2023\/08\/les-formules-se-decomposent-pour-calculer-la-moyenne-ponderee-dans-Excel-avec-sumproduct.png\" sizes=\"\" srcset=\"\" alt=\"le formule si decompongono per calcolare la media ponderata in Excel con sommaprodotto\"><\/figure><\/div><p> Innanzitutto, SUMPRODUCT calcoler\u00e0 il prodotto del prezzo e della quantit\u00e0 per tutti i prodotti e restituir\u00e0 la somma di tutti essi. Successivamente, alcune funzioni ti daranno la somma della quantit\u00e0. E alla fine otterrai la media ponderata dividendo i valori di entrambe le funzioni.<\/p><p> Guarda questo: <a href=\"https:\/\/exceladvisor.org\/it\/condizione-nel-prodotto-somma\/\"><strong>SUMPRODUTTIVO<\/strong><\/a><\/p><h2 id=\"tab-con-4\" class=\"wp-block-heading\"> Calcolare la media mobile ponderata<\/h2><p> Andiamo un po&#8217; oltre. Passiamo alla parte di analisi dei dati. Utilizzando la stessa formula, puoi anche calcolare la media mobile ponderata. <\/p><div class=\"gb-container gb-container-d0894b79 gb-container-download-2\"><div class=\"gb-grid-wrapper gb-grid-wrapper-fb05a72a\"><div class=\"gb-grid-column gb-grid-column-977d91db\"><div class=\"gb-container gb-container-977d91db\"><h2 class=\"gb-headline gb-headline-21846cd9 gb-headline-text gb-headline-download-2\"> Ottieni il file Excel <\/h2><\/div><\/div><div class=\"gb-grid-column gb-grid-column-098be44d\"><div class=\"gb-container gb-container-098be44d\"><div class=\"gb-container gb-container-1d96da0a\"> <a class=\"gb-button gb-button-e86530c2 gb-button-text gb-button-download-2\" href=\"https:\/\/exceladvisor.org\/wp-content\/uploads\/2023\/11\/donnees-pour-calculer-la-moyenne-mobile-avec-sumproduct.xlsx\" rel=\"nofollow\">Scaricamento<\/a> <\/div><\/div><\/div><\/div><\/div><div class=\"wp-block-image\"><figure class=\"aligncenter\"><img decoding=\"async\" src=\"https:\/\/exceladvisor.org\/wp-content\/uploads\/2023\/08\/avec-moyenne-mobile-calculer-la-moyenne-ponderee-avec-sumproduct-1.png\" sizes=\"\" srcset=\"\" alt=\"con la media mobile calcola la media ponderata ponderata in Excel con sumproduct\"><\/figure><\/div><p> Ecco i passaggi:<\/p><ul><li> Inserisci la formula seguente nella cella D4 e trascinala fino alla fine. =SOMMAPRODOTTO(B2:B4;C2:C4)\/SOMMA(C2:C4) <\/li><\/ul><div class=\"wp-block-image\"><figure class=\"aligncenter\"><img decoding=\"async\" src=\"https:\/\/exceladvisor.org\/wp-content\/uploads\/2023\/08\/ajouter-des-formules-pour-calculer-la-moyenne-mobile-et-calculer-la-moyenne-ponderee-avec-sumproduct-1.png\" sizes=\"\" srcset=\"\" alt=\"aggiungi formule per calcolare la media mobile e calcola la media ponderata in Excel con sumproduct\"><\/figure><\/div><ul><li> Una volta trascinata questa formula, verr\u00e0 calcolata la media mobile basata su 3 mesi per ogni mese.<\/li><\/ul><h3 id=\"tab-con-3\" class=\"wp-block-heading\"> Come funziona<\/h3><p> Se controlli l&#8217;istantanea sopra nella cella D4, hai la media mobile per gennaio, febbraio e marzo. E, nella cella D5, hai la media mobile di febbraio, marzo e aprile.<\/p><p> Quindi ogni volta che passi a un nuovo mese, otterrai la media mobile, incluso il mese corrente e gli ultimi due mesi. Rendi relativi i riferimenti di cella quando trascini la formula. <\/p><div class=\"gb-container gb-container-3c0c09cb gb-container-download-2\"><div class=\"gb-grid-wrapper gb-grid-wrapper-2ce0b1ad\"><div class=\"gb-grid-column gb-grid-column-03e068ab\"><div class=\"gb-container gb-container-03e068ab\"><h2 class=\"gb-headline gb-headline-9978411b gb-headline-text gb-headline-download-2\"> Ottieni il file Excel <\/h2><\/div><\/div><div class=\"gb-grid-column gb-grid-column-3f9fba78\"><div class=\"gb-container gb-container-3f9fba78\"><div class=\"gb-container gb-container-ee718499\"> <a class=\"gb-button gb-button-94105543 gb-button-text gb-button-download-2\" href=\"https:\/\/exceladvisor.org\/wp-content\/uploads\/2023\/11\/moyenne-ponderee-avec-somme-du-produit.xlsx\" rel=\"nofollow\">Scaricamento<\/a><\/div><\/div><\/div><\/div><\/div><div class=\"gb-container gb-container-0df56012 gb-container-mt\"> <a class=\"gb-button gb-button-f9f432f4 gb-button-text gb-button-mt-button\" href=\"https:\/\/exceladvisor.org\/it\/formule\/\">Elenco delle formule di Excel<\/a><h2 class=\"gb-headline gb-headline-233444e8 gb-headline-text gb-headline-mt-heading\"> Formule correlate <\/h2><div class=\"gb-grid-wrapper gb-grid-wrapper-a16fa65c gb-grid-wrapper-mt-grid\"><div class=\"gb-grid-column gb-grid-column-50d07e0d\"><div class=\"gb-container gb-container-50d07e0d\"><ul><li> <a href=\"https:\/\/exceladvisor.org\/it\/valori-massimi-medi\/\">Media dei 5 valori pi\u00f9 alti in Excel<\/a><\/li><li> <a href=\"https:\/\/exceladvisor.org\/it\/media-degli-errori-ignorati-2\/\">Media ma ignora gli errori (#N\/D e altri errori)<\/a><\/li><li> <a href=\"https:\/\/exceladvisor.org\/it\/la-media-esclude-gli-zeri-2\/\">Numero medio ma esclusi gli zeri<\/a><\/li><li> <a href=\"https:\/\/exceladvisor.org\/it\/media-delle-celle-non-vuote-2\/\">Media solo celle non vuote<\/a><\/li><li> <a href=\"https:\/\/exceladvisor.org\/it\/percentuale-media-2\/\">Calcolare la media dei valori percentuali<\/a> <\/li><\/ul><\/div><\/div><div class=\"gb-grid-column gb-grid-column-5b4a0cf9\"><div class=\"gb-container gb-container-5b4a0cf9\"><\/div><\/div><\/div><\/div>","protected":false},"excerpt":{"rendered":"","protected":false},"author":1,"featured_media":0,"parent":0,"menu_order":0,"comment_status":"open","ping_status":"closed","template":"","meta":{"ub_ctt_via":"","footnotes":""},"class_list":["post-1650","page","type-page","status-publish","hentry"],"featured_image_src":null,"yoast_head":"<!-- This site is optimized with the Yoast SEO plugin v25.4 - https:\/\/yoast.com\/wordpress\/plugins\/seo\/ -->\n<title>\u25b7 Come calcolare la media ponderata in Excel?<\/title>\n<meta name=\"description\" content=\"La media ponderata \u00e8 uno dei calcoli pi\u00f9 importanti e la somma del prodotto \u00e8 uno dei metodi pi\u00f9 semplici per calcolarla.\" \/>\n<meta name=\"robots\" content=\"index, follow, max-snippet:-1, max-image-preview:large, max-video-preview:-1\" \/>\n<link rel=\"canonical\" href=\"https:\/\/exceladvisor.org\/it\/media-ponderata\/\" \/>\n<meta property=\"og:locale\" content=\"it_IT\" \/>\n<meta property=\"og:type\" content=\"article\" \/>\n<meta property=\"og:title\" content=\"\u25b7 Come calcolare la media ponderata in Excel?\" \/>\n<meta property=\"og:description\" content=\"La media ponderata \u00e8 uno dei calcoli pi\u00f9 importanti e la somma del prodotto \u00e8 uno dei metodi pi\u00f9 semplici per calcolarla.\" \/>\n<meta property=\"og:url\" content=\"https:\/\/exceladvisor.org\/it\/media-ponderata\/\" \/>\n<meta property=\"og:site_name\" content=\"Excel Advisor\" \/>\n<meta property=\"article:modified_time\" content=\"2023-12-10T06:21:23+00:00\" \/>\n<meta property=\"og:image\" content=\"https:\/\/exceladvisor.org\/wp-content\/uploads\/2023\/08\/different-entre-la-moyenne-ponderee-normale-et-comment-calculer-la-moyenne-ponderee-dans-Excel-avec-sumproduct.png\" \/>\n<meta name=\"twitter:card\" content=\"summary_large_image\" \/>\n<meta name=\"twitter:label1\" content=\"Tempo di lettura stimato\" \/>\n\t<meta name=\"twitter:data1\" content=\"3 minuti\" \/>\n<script type=\"application\/ld+json\" class=\"yoast-schema-graph\">{\"@context\":\"https:\/\/schema.org\",\"@graph\":[{\"@type\":\"WebPage\",\"@id\":\"https:\/\/exceladvisor.org\/it\/media-ponderata\/\",\"url\":\"https:\/\/exceladvisor.org\/it\/media-ponderata\/\",\"name\":\"\u25b7 Come calcolare la media ponderata in Excel?\",\"isPartOf\":{\"@id\":\"https:\/\/exceladvisor.org\/it\/#website\"},\"primaryImageOfPage\":{\"@id\":\"https:\/\/exceladvisor.org\/it\/media-ponderata\/#primaryimage\"},\"image\":{\"@id\":\"https:\/\/exceladvisor.org\/it\/media-ponderata\/#primaryimage\"},\"thumbnailUrl\":\"https:\/\/exceladvisor.org\/wp-content\/uploads\/2023\/08\/different-entre-la-moyenne-ponderee-normale-et-comment-calculer-la-moyenne-ponderee-dans-Excel-avec-sumproduct.png\",\"datePublished\":\"2023-11-13T18:13:54+00:00\",\"dateModified\":\"2023-12-10T06:21:23+00:00\",\"description\":\"La media ponderata \u00e8 uno dei calcoli pi\u00f9 importanti e la somma del prodotto \u00e8 uno dei metodi pi\u00f9 semplici per calcolarla.\",\"breadcrumb\":{\"@id\":\"https:\/\/exceladvisor.org\/it\/media-ponderata\/#breadcrumb\"},\"inLanguage\":\"it-IT\",\"potentialAction\":[{\"@type\":\"ReadAction\",\"target\":[\"https:\/\/exceladvisor.org\/it\/media-ponderata\/\"]}]},{\"@type\":\"ImageObject\",\"inLanguage\":\"it-IT\",\"@id\":\"https:\/\/exceladvisor.org\/it\/media-ponderata\/#primaryimage\",\"url\":\"https:\/\/exceladvisor.org\/wp-content\/uploads\/2023\/08\/different-entre-la-moyenne-ponderee-normale-et-comment-calculer-la-moyenne-ponderee-dans-Excel-avec-sumproduct.png\",\"contentUrl\":\"https:\/\/exceladvisor.org\/wp-content\/uploads\/2023\/08\/different-entre-la-moyenne-ponderee-normale-et-comment-calculer-la-moyenne-ponderee-dans-Excel-avec-sumproduct.png\"},{\"@type\":\"BreadcrumbList\",\"@id\":\"https:\/\/exceladvisor.org\/it\/media-ponderata\/#breadcrumb\",\"itemListElement\":[{\"@type\":\"ListItem\",\"position\":1,\"name\":\"Home\",\"item\":\"https:\/\/exceladvisor.org\/it\/\"},{\"@type\":\"ListItem\",\"position\":2,\"name\":\"Come calcolare la media ponderata in excel?\"}]},{\"@type\":\"WebSite\",\"@id\":\"https:\/\/exceladvisor.org\/it\/#website\",\"url\":\"https:\/\/exceladvisor.org\/it\/\",\"name\":\"Excel Advisor\",\"description\":\"Tips, Tricks, and Time-Saving Hacks\",\"publisher\":{\"@id\":\"https:\/\/exceladvisor.org\/it\/#organization\"},\"potentialAction\":[{\"@type\":\"SearchAction\",\"target\":{\"@type\":\"EntryPoint\",\"urlTemplate\":\"https:\/\/exceladvisor.org\/it\/?s={search_term_string}\"},\"query-input\":{\"@type\":\"PropertyValueSpecification\",\"valueRequired\":true,\"valueName\":\"search_term_string\"}}],\"inLanguage\":\"it-IT\"},{\"@type\":\"Organization\",\"@id\":\"https:\/\/exceladvisor.org\/it\/#organization\",\"name\":\"Excel Advisor\",\"url\":\"https:\/\/exceladvisor.org\/it\/\",\"logo\":{\"@type\":\"ImageObject\",\"inLanguage\":\"it-IT\",\"@id\":\"https:\/\/exceladvisor.org\/it\/#\/schema\/logo\/image\/\",\"url\":\"https:\/\/exceladvisor.org\/it\/wp-content\/uploads\/2023\/12\/exceladvisor.org_.png\",\"contentUrl\":\"https:\/\/exceladvisor.org\/it\/wp-content\/uploads\/2023\/12\/exceladvisor.org_.png\",\"width\":105,\"height\":36,\"caption\":\"Excel Advisor\"},\"image\":{\"@id\":\"https:\/\/exceladvisor.org\/it\/#\/schema\/logo\/image\/\"}}]}<\/script>\n<!-- \/ Yoast SEO plugin. -->","yoast_head_json":{"title":"\u25b7 Come calcolare la media ponderata in Excel?","description":"La media ponderata \u00e8 uno dei calcoli pi\u00f9 importanti e la somma del prodotto \u00e8 uno dei metodi pi\u00f9 semplici per calcolarla.","robots":{"index":"index","follow":"follow","max-snippet":"max-snippet:-1","max-image-preview":"max-image-preview:large","max-video-preview":"max-video-preview:-1"},"canonical":"https:\/\/exceladvisor.org\/it\/media-ponderata\/","og_locale":"it_IT","og_type":"article","og_title":"\u25b7 Come calcolare la media ponderata in Excel?","og_description":"La media ponderata \u00e8 uno dei calcoli pi\u00f9 importanti e la somma del prodotto \u00e8 uno dei metodi pi\u00f9 semplici per calcolarla.","og_url":"https:\/\/exceladvisor.org\/it\/media-ponderata\/","og_site_name":"Excel Advisor","article_modified_time":"2023-12-10T06:21:23+00:00","og_image":[{"url":"https:\/\/exceladvisor.org\/wp-content\/uploads\/2023\/08\/different-entre-la-moyenne-ponderee-normale-et-comment-calculer-la-moyenne-ponderee-dans-Excel-avec-sumproduct.png","type":"","width":"","height":""}],"twitter_card":"summary_large_image","twitter_misc":{"Tempo di lettura stimato":"3 minuti"},"schema":{"@context":"https:\/\/schema.org","@graph":[{"@type":"WebPage","@id":"https:\/\/exceladvisor.org\/it\/media-ponderata\/","url":"https:\/\/exceladvisor.org\/it\/media-ponderata\/","name":"\u25b7 Come calcolare la media ponderata in Excel?","isPartOf":{"@id":"https:\/\/exceladvisor.org\/it\/#website"},"primaryImageOfPage":{"@id":"https:\/\/exceladvisor.org\/it\/media-ponderata\/#primaryimage"},"image":{"@id":"https:\/\/exceladvisor.org\/it\/media-ponderata\/#primaryimage"},"thumbnailUrl":"https:\/\/exceladvisor.org\/wp-content\/uploads\/2023\/08\/different-entre-la-moyenne-ponderee-normale-et-comment-calculer-la-moyenne-ponderee-dans-Excel-avec-sumproduct.png","datePublished":"2023-11-13T18:13:54+00:00","dateModified":"2023-12-10T06:21:23+00:00","description":"La media ponderata \u00e8 uno dei calcoli pi\u00f9 importanti e la somma del prodotto \u00e8 uno dei metodi pi\u00f9 semplici per calcolarla.","breadcrumb":{"@id":"https:\/\/exceladvisor.org\/it\/media-ponderata\/#breadcrumb"},"inLanguage":"it-IT","potentialAction":[{"@type":"ReadAction","target":["https:\/\/exceladvisor.org\/it\/media-ponderata\/"]}]},{"@type":"ImageObject","inLanguage":"it-IT","@id":"https:\/\/exceladvisor.org\/it\/media-ponderata\/#primaryimage","url":"https:\/\/exceladvisor.org\/wp-content\/uploads\/2023\/08\/different-entre-la-moyenne-ponderee-normale-et-comment-calculer-la-moyenne-ponderee-dans-Excel-avec-sumproduct.png","contentUrl":"https:\/\/exceladvisor.org\/wp-content\/uploads\/2023\/08\/different-entre-la-moyenne-ponderee-normale-et-comment-calculer-la-moyenne-ponderee-dans-Excel-avec-sumproduct.png"},{"@type":"BreadcrumbList","@id":"https:\/\/exceladvisor.org\/it\/media-ponderata\/#breadcrumb","itemListElement":[{"@type":"ListItem","position":1,"name":"Home","item":"https:\/\/exceladvisor.org\/it\/"},{"@type":"ListItem","position":2,"name":"Come calcolare la media ponderata in excel?"}]},{"@type":"WebSite","@id":"https:\/\/exceladvisor.org\/it\/#website","url":"https:\/\/exceladvisor.org\/it\/","name":"Excel Advisor","description":"Tips, Tricks, and Time-Saving Hacks","publisher":{"@id":"https:\/\/exceladvisor.org\/it\/#organization"},"potentialAction":[{"@type":"SearchAction","target":{"@type":"EntryPoint","urlTemplate":"https:\/\/exceladvisor.org\/it\/?s={search_term_string}"},"query-input":{"@type":"PropertyValueSpecification","valueRequired":true,"valueName":"search_term_string"}}],"inLanguage":"it-IT"},{"@type":"Organization","@id":"https:\/\/exceladvisor.org\/it\/#organization","name":"Excel Advisor","url":"https:\/\/exceladvisor.org\/it\/","logo":{"@type":"ImageObject","inLanguage":"it-IT","@id":"https:\/\/exceladvisor.org\/it\/#\/schema\/logo\/image\/","url":"https:\/\/exceladvisor.org\/it\/wp-content\/uploads\/2023\/12\/exceladvisor.org_.png","contentUrl":"https:\/\/exceladvisor.org\/it\/wp-content\/uploads\/2023\/12\/exceladvisor.org_.png","width":105,"height":36,"caption":"Excel Advisor"},"image":{"@id":"https:\/\/exceladvisor.org\/it\/#\/schema\/logo\/image\/"}}]}},"yoast_meta":{"yoast_wpseo_title":"","yoast_wpseo_metadesc":"","yoast_wpseo_canonical":""},"_links":{"self":[{"href":"https:\/\/exceladvisor.org\/it\/wp-json\/wp\/v2\/pages\/1650","targetHints":{"allow":["GET"]}}],"collection":[{"href":"https:\/\/exceladvisor.org\/it\/wp-json\/wp\/v2\/pages"}],"about":[{"href":"https:\/\/exceladvisor.org\/it\/wp-json\/wp\/v2\/types\/page"}],"author":[{"embeddable":true,"href":"https:\/\/exceladvisor.org\/it\/wp-json\/wp\/v2\/users\/1"}],"replies":[{"embeddable":true,"href":"https:\/\/exceladvisor.org\/it\/wp-json\/wp\/v2\/comments?post=1650"}],"version-history":[{"count":1,"href":"https:\/\/exceladvisor.org\/it\/wp-json\/wp\/v2\/pages\/1650\/revisions"}],"predecessor-version":[{"id":2357,"href":"https:\/\/exceladvisor.org\/it\/wp-json\/wp\/v2\/pages\/1650\/revisions\/2357"}],"wp:attachment":[{"href":"https:\/\/exceladvisor.org\/it\/wp-json\/wp\/v2\/media?parent=1650"}],"curies":[{"name":"wp","href":"https:\/\/api.w.org\/{rel}","templated":true}]}}