{"id":1651,"date":"2023-11-13T17:56:54","date_gmt":"2023-11-13T17:56:54","guid":{"rendered":"https:\/\/exceladvisor.org\/it\/classificazione-condizionale-rango-del-prodotto-sommativo-se\/"},"modified":"2023-12-10T06:26:43","modified_gmt":"2023-12-10T06:26:43","slug":"classificazione-condizionale-rango-del-prodotto-sommativo-se","status":"publish","type":"page","link":"https:\/\/exceladvisor.org\/it\/classificazione-condizionale-rango-del-prodotto-sommativo-se\/","title":{"rendered":"Come utilizzare la classificazione condizionale in excel?"},"content":{"rendered":"<div class=\"excel-prima-del-contenuto\" id=\"excel-2569274346\"><script type=\"text\/javascript\">\r\n\tatOptions = {\r\n\t\t'key' : 'c1158f160081d6540a8409e6925dab94',\r\n\t\t'format' : 'iframe',\r\n\t\t'height' : 250,\r\n\t\t'width' : 300,\r\n\t\t'params' : {}\r\n\t};\r\n<\/script>\r\n<script type=\"text\/javascript\" src=\"\/\/www.highperformanceformat.com\/c1158f160081d6540a8409e6925dab94\/invoke.js\"><\/script><\/div> <p>Innanzitutto, fallo per me, apri la cartella di lavoro di Excel e prova a digitare RANKIF. Ti chiederai perch\u00e9 in Excel non esiste una funzione per la classificazione condizionale.<\/p><p> S\u00ec, non c&#8217;\u00e8 nessuno. <\/p><div class=\"wp-block-image\"><figure class=\"aligncenter\"><img decoding=\"async\" src=\"https:\/\/exceladvisor.org\/wp-content\/uploads\/2023\/08\/tapez-rang-si-dans-excel-pour-le-classement-conditionnel-min-1.png\" sizes=\"\" srcset=\"\" alt=\"ogni volta usa sumproduct per uno spuntino condizionale\"><\/figure><\/div><p> Ora pensala in questo modo, hai mai affrontato una situazione in cui devi classificare i valori utilizzando alcuni criteri specifici? E se s\u00ec, come risolvi questo problema, perch\u00e9 sai che non esiste la funzione RANKIF in Excel?<\/p><p> Non \u00e8 sicuro?<\/p><p> Lascia che ti dica una cosa, ogni volta che vuoi creare una classifica condizionale basata su un criterio specifico o una classifica di categoria, il modo migliore \u00e8 usare SUMPRODUCT. S\u00ec, hai capito bene, \u00e8 SUMPRODUCT. <\/p><div class=\"wp-block-image\"><figure class=\"aligncenter\"><img decoding=\"async\" src=\"https:\/\/exceladvisor.org\/wp-content\/uploads\/2023\/08\/a-chaque-fois-utiliser-sumproduct-pour-le-classement-conditionnel-min-1.png\" sizes=\"\" srcset=\"\" alt=\"ogni volta usa sumproduct per uno spuntino condizionale\"><\/figure><\/div><p> Sono innamorato di questa funzione da qualche anno e oggi in questo articolo ti mostrer\u00f2 un modo semplice per ordinare valori con una condizione utilizzando SUMPRODUCT. Ed \u00e8 una tecnica che pu\u00f2 portarti da un principiante a un utente avanzato di Excel.<\/p><p> <em><a href=\"https:\/\/exceladvisor.org\/it\/prodotto-sommativo-2\/\">Vuoi saperne di pi\u00f9 su SOMMEPROD<\/a> ?<\/em><\/p><p> Iniziamo.<\/p><p> Qui in questo esempio abbiamo un elenco di studenti con i loro punteggi in diverse materie. Puoi <a href=\"https:\/\/exceladvisor.org\/wp-content\/uploads\/2023\/11\/exemples-de-rangs-conditionnels-de-donnees-avec-sumproduct.xlsx\" target=\"_blank\" rel=\"noreferrer noopener nofollow\">scaricare questo file di esempio qui<\/a> per seguirlo. <\/p><div class=\"wp-block-image\"><figure class=\"aligncenter\"><img decoding=\"async\" src=\"https:\/\/exceladvisor.org\/wp-content\/uploads\/2023\/08\/table-de-donnees-a-utiliser-pour-creer-le-rang-si-avec-sumproduct-pour-le-classement-conditionnel-min-1.png\" sizes=\"\" srcset=\"\" alt=\"tabella dati da utilizzare per creare una classifica se con sommaprodotto per la classifica condizionale\"><\/figure><\/div><p> Qui, il nostro obiettivo \u00e8 classificare tutti gli studenti in ciascuna materia. Ci\u00f2 significa classificare dal primo all&#8217;ultimo studente in ciascuna materia come finanza, operazioni, ecc., in base ai voti<\/p><h2 id=\"h-conditional-formula-to-use-it-as-rankif\" class=\"wp-block-heading\"> Formula condizionale per usarlo come RANKIF<\/h2><ol><li> Innanzitutto, aggiungi una nuova colonna alla fine della tabella e chiamala &#8220;Subject Wise Rank&#8221;. <br><img decoding=\"async\" title=\"aggiungi-nuova-colonna-alla-tabella-dati-per-creare-rango-se-con-somma-prodotto-per-rango-min-condizionale\" src=\"https:\/\/exceladvisor.org\/wp-content\/uploads\/2023\/08\/ajouter-une-nouvelle-colonne-a-la-table-de-donnees-pour-creer-un-classement-si-avec-sumproduct-pour-le-classement-conditionnel-min-1.png\" sizes=\"\" srcset=\"\" alt=\"add new column to data table to create rank if with sumproduct for conditional ranking\"><\/li><li> Nella cella D4, inserisci questa formula =SUMPRODUCT((\u2013(C2=$C$2:$C$121)),(\u2013(B2&lt;$B$2:$B$121)))+1 e premi Invio. <br><img decoding=\"async\" title=\"aggiungi formule alla tabella dati per creare un rango se con prodotto somma per rango minimo condizionale\" src=\"https:\/\/exceladvisor.org\/wp-content\/uploads\/2023\/08\/ajouter-des-formules-a-la-table-de-donnees-pour-creer-un-classement-si-avec-sumproduct-pour-le-classement-conditionnel-min-1.png\" sizes=\"\" srcset=\"\" alt=\"add formulas to data table to create rank if with sumproduct for conditional ranking\"><\/li><li> Successivamente, applica questa formula alla fine della colonna, fino all&#8217;ultima cella. <br><img decoding=\"async\" title=\"menu a tendina-formula-nella-tabella-dati-per-creare-classifica-se-con-somma-prodotto-per-classifica-min-condizionale\" src=\"https:\/\/exceladvisor.org\/wp-content\/uploads\/2023\/08\/faites-defiler-la-formule-vers-la-table-de-donnees-pour-creer-un-classement-si-avec-sumproduct-pour-le-classement-conditionnel-min-1.png\" sizes=\"\" srcset=\"\" alt=\"drop down formula to data table to create rank if with sumproduct for conditional ranking\"><\/li><\/ol><p> <span style=\"color: #ea493f;\"><strong>Congratulazioni<\/strong><\/span> , hai aggiunto le classifiche delle materie per gli studenti e pensi di aver dedicato qualche secondo?<\/p><p> Non \u00e8 semplice ed efficace? Ma l\u2019importante \u00e8 capire come funziona questa formula. E credimi, rimarrai sorpreso quando scoprirai di aver fatto un po&#8217; di magia qui con questa funzione.<\/p><h2 id=\"h-how-this-conditional-rankif-formula-works\" class=\"wp-block-heading\"> Come funziona questa formula condizionale RANKIF?<\/h2><p> Per capirlo dobbiamo dividere la formula in tre parti. E ricorda che SUMPRODUCT \u00e8 una funzione che pu\u00f2 accettare array anche quando non hai applicato una formula come array. <\/p><div class=\"wp-block-image\"><figure class=\"aligncenter\"><img decoding=\"async\" src=\"https:\/\/exceladvisor.org\/wp-content\/uploads\/2023\/08\/decomposer-les-formules-en-table-de-donnees-pour-creer-un-rang-si-avec-sumproduct-pour-le-classement-conditionnel-min-1.png\" sizes=\"\" srcset=\"\" alt=\"decomporre le formule nella tabella dati per creare una classificazione con sommaprodotto per la classificazione condizionale\"><\/figure><\/div><h3 id=\"h-part-1-compare-names\" class=\"wp-block-heading\"> Parte 1: Confronta i nomi<\/h3><p> Nella prima parte, hai utilizzato <span style=\"font-family: 'Courier New', Courier, monospace;\"><code>(\u2013(C2=$C$2:$C$121))<\/code><\/span> per confrontare il nome di un soggetto con l&#8217;intero intervallo. E restituir\u00e0 un array in cui tutti questi valori saranno veri e corrisponderanno al nome dell&#8217;oggetto &#8220;Finanza&#8221;.<\/p><p> Per verificare, modifica semplicemente le formule nella cella D4, seleziona solo la prima parte della formula e premi F9. Verranno visualizzati tutti i valori nell&#8217;array.<\/p><p> Qui tutti i valori che corrispondono al nome dell&#8217;oggetto della cella D4 sono VERI e il resto \u00e8 FALSO. Quindi il punto \u00e8 che ha restituito un TRUE nell&#8217;intero array in cui corrisponde il nome del soggetto. <\/p><div class=\"wp-block-image\"><figure class=\"aligncenter\"><img decoding=\"async\" src=\"https:\/\/exceladvisor.org\/wp-content\/uploads\/2023\/08\/verifiez-la-premiere-partie-de-la-formule-dans-la-table-de-donnees-pour-creer-un-rang-si-avec-sumproduct-pour-le-classement-conditionnel-min-1.png\" sizes=\"\" srcset=\"\" alt=\"controlla la prima parte della formula nella tabella dati per creare un confronto con sumproduct per il confronto condizionale\"><\/figure><\/div><p> E alla fine devi usare il <strong>doppio segno meno<\/strong> per convertire VERO e FALSO in 1 e 0. <\/p><div class=\"wp-block-image\"><figure class=\"aligncenter\"><img decoding=\"async\" src=\"https:\/\/exceladvisor.org\/wp-content\/uploads\/2023\/08\/verifier-la-premiere-partie-de-la-formule-avec-le-signe-moins-dans-la-table-de-donnees-pour-creer-un-rang-si-avec-sumproduct-pour-le-classement-conditionnel-min-1.png\" sizes=\"\" srcset=\"\" alt=\"controlla la prima parte della formula con il segno meno nella tabella dati per creare il rango se con prodotto somma per il rango condizionale\"><\/figure><\/div><p> Risultato di questa parte della formula: abbiamo un 1 dove l&#8217;oggetto corrisponde e uno 0 dove l&#8217;oggetto non corrisponde.<\/p><h3 id=\"h-part-2-check-greater-than-values\" class=\"wp-block-heading\"> Parte 2: verificare la presenza di valori maggiori di<\/h3><p> Nella <strong><span style=\"color: #000000;\">seconda<\/span><\/strong> parte, hai utilizzato <span style=\"font-family: 'Courier New', Courier, monospace;\"><code>(--(B2&lt;$B$2:$B$121))<\/code><\/span> per verificare i punteggi degli altri studenti che sono pi\u00f9 alti di quelli di Tameka. E restituisce un array in cui tutti i valori sono TRUE dove i segni sono maggiori di Tameka.<\/p><p> Per verificare, modifica semplicemente le formule nella cella D4, seleziona solo la seconda parte della formula e premi F9. Verranno visualizzati tutti i valori nell&#8217;array.<\/p><p> Qui tutti i valori maggiori di \u201c24\u201d sono VERI e gli altri sono FALSI. Quindi il punto \u00e8 che ha restituito TRUE nell&#8217;intera tabella in cui i punteggi sono maggiori di &#8220;24&#8221;. <\/p><div class=\"wp-block-image\"><figure class=\"aligncenter\"><img decoding=\"async\" src=\"https:\/\/exceladvisor.org\/wp-content\/uploads\/2023\/08\/verifiez-la-deuxieme-partie-de-la-formule-dans-la-table-de-donnees-pour-creer-un-rang-si-avec-sumproduct-pour-le-classement-conditionnel-min-1.png\" sizes=\"\" srcset=\"\" alt=\"controlla la seconda parte della formula in datatable per creare il rango se con prodotto somma per il rango condizionale min\"><\/figure><\/div><p> E alla fine devi usare il doppio segno meno per convertire VERO e FALSO in 1 e 0. Ora apparir\u00e0 cos\u00ec. <\/p><div class=\"wp-block-image\"><figure class=\"aligncenter\"><img decoding=\"async\" src=\"https:\/\/exceladvisor.org\/wp-content\/uploads\/2023\/08\/verifier-la-deuxieme-partie-de-la-formule-avec-le-signe-moins-dans-la-table-de-donnees-pour-creer-un-rang-si-avec-sumproduct-pour-le-classement-conditionnel-min-1.png\" sizes=\"\" srcset=\"\" alt=\"controlla la seconda parte della formula con il segno meno nella tabella dei dati per creare il rango se con prodotto somma per il rango condizionale\"><\/figure><\/div><p> Risultato di questa parte della formula: abbiamo 1 dove il punteggio \u00e8 maggiore e 0 dove il punteggio \u00e8 uguale o inferiore a.<\/p><h3 id=\"h-part-3-multiply-two-arrays\" class=\"wp-block-heading\"> Parte 3: moltiplicare due array<\/h3><p> Ora fai un respiro profondo e rilassati. Rallenta la mente e pensa in questo modo. A questo punto abbiamo due tabelle diverse.<\/p><ol><li> Nella prima tabella hai 1 per tutti i valori in cui l&#8217;oggetto corrisponde e 0 se non corrisponde.<\/li><li> Nella seconda tabella ne hai uno per tutti i valori in cui il punteggio degli studenti \u00e8 pi\u00f9 alto e zero se uguale o inferiore.<\/li><\/ol><p> Ora quando SUMPRODUCT moltiplica queste due tabelle otterrai 1 solo per gli studenti la cui materia corrisponde e il cui punteggio \u00e8 superiore a Tameka. <\/p><div class=\"wp-block-image\"><figure class=\"aligncenter\"><img decoding=\"async\" src=\"https:\/\/exceladvisor.org\/wp-content\/uploads\/2023\/08\/verifiez-les-deux-parties-de-la-formule-dans-le-tableau-de-donnees-pour-creer-un-classement-si-avec-sumproduct-pour-le-classement-conditionnel-min-1.png\" sizes=\"\" srcset=\"\" alt=\"controlla entrambe le parti della formula nella tabella dati per creare il rango se con prodotto somma per il rango condizionale\"><\/figure><\/div><p> Guarda qui, ci sono altri 9 studenti con voti migliori di Tameka in finanza. <\/p><div class=\"wp-block-image\"><figure class=\"aligncenter\"><img decoding=\"async\" src=\"https:\/\/exceladvisor.org\/wp-content\/uploads\/2023\/08\/le-nombre-detudiants-a-plus-de-points-verifier-avec-la-formule-du-tableau-de-donnees-pour-creer-un-rang-si-avec-sumproduct-pour-le-classement-conditionnel-min-1.png\" sizes=\"\" srcset=\"\" alt=\"il numero di studenti ha pi\u00f9 punti controlla con la formula della tabella dati per creare una classifica se con il prodotto somma per la classifica condizionale\"><\/figure><\/div><h3 id=\"h-part-4-adding-one\" class=\"wp-block-heading\"> Parte 4: Aggiungi + UNO<\/h3><p> Se sei curioso di sapere perch\u00e9 devi aggiungere 1 nella formula finale, ecco il motivo: a questo punto, sai che ci sono un totale di 9 studenti i cui voti sono pi\u00f9 alti di quelli di Tameka.<\/p><p> Quindi se ci sono 9 studenti, Tameka dovrebbe essere al 10\u00b0 posto. Questo \u00e8 il motivo per cui \u00e8 necessario aggiungere 1 alla fine della formula. <\/p><div class=\"wp-block-image\"><figure class=\"aligncenter\"><img decoding=\"async\" src=\"https:\/\/exceladvisor.org\/wp-content\/uploads\/2023\/08\/final-avec-la-formule-dans-la-table-de-donnees-pour-creer-un-rang-si-avec-sumproduct-pour-le-classement-conditionnel-1.png\" sizes=\"\" srcset=\"\" alt=\"finale con formula in datatable per creare classifica se con sumproduct per classifica condizionale\"><\/figure><\/div><div class=\"gb-container gb-container-bafb25cc gb-container-download-2\"><div class=\"gb-grid-wrapper gb-grid-wrapper-91201309\"><div class=\"gb-grid-column gb-grid-column-15a917ef\"><div class=\"gb-container gb-container-15a917ef\"><h2 class=\"gb-headline gb-headline-f2deb261 gb-headline-text gb-headline-download-2\"> Ottieni il file Excel <\/h2><\/div><\/div><div class=\"gb-grid-column gb-grid-column-18357188\"><div class=\"gb-container gb-container-18357188\"><div class=\"gb-container gb-container-76cbe15e\"> <a class=\"gb-button gb-button-cb63d00a gb-button-text gb-button-download-2\" href=\"https:\/\/exceladvisor.org\/wp-content\/uploads\/2023\/11\/rang-si.xlsx\" rel=\"nofollow\">Scaricamento<\/a><\/div><\/div><\/div><\/div><\/div><h2 id=\"h-conclusion\" class=\"wp-block-heading\"> Conclusione<\/h2><p> Secondo me, credo che SUMPRODUCT sia una delle <a style=\"outline: none; display: inline-block;\" href=\"https:\/\/exceladvisor.org\/it\/funzioni-di-excel\/\">funzioni pi\u00f9 potenti<\/a> della libreria Excel e il metodo che abbiamo utilizzato sopra \u00e8 semplice ed efficace.<\/p><p> Con SUMPRODUCT non \u00e8 necessario scrivere formule condizionali nidificate lunghe. Hai solo bisogno di questo trucco magico per aggiungere gradi condizionali. Spero che questo suggerimento ti aiuti nel tuo lavoro e ora dimmi una cosa.<\/p><p> Conosci un altro metodo per utilizzare RANKIF?<\/p><p> Per favore condividi le tue opinioni con me nella sezione commenti, mi piacerebbe sentire la tua opinione e per favore non dimenticare di condividere questo suggerimento con i tuoi amici.<\/p><div class=\"gb-container gb-container-0df56012 gb-container-mt\"> <a class=\"gb-button gb-button-f9f432f4 gb-button-text gb-button-mt-button\" href=\"https:\/\/exceladvisor.org\/it\/formule\/\">Elenco delle formule di Excel<\/a><h2 class=\"gb-headline gb-headline-233444e8 gb-headline-text gb-headline-mt-heading\"> Formule correlate <\/h2><div class=\"gb-grid-wrapper gb-grid-wrapper-a16fa65c gb-grid-wrapper-mt-grid\"><div class=\"gb-grid-column gb-grid-column-50d07e0d\"><div class=\"gb-container gb-container-50d07e0d\"><ul><li> <a href=\"https:\/\/exceladvisor.org\/it\/confrontare-due-celle\/\">Confronta due celle in Excel<\/a><\/li><li> <a href=\"https:\/\/exceladvisor.org\/it\/condizione-nel-prodotto-somma\/\">SUMPRODUCT IF per creare una formula condizionale in Excel<\/a> <\/li><\/ul><\/div><\/div><div class=\"gb-grid-column gb-grid-column-5b4a0cf9\"><div class=\"gb-container gb-container-5b4a0cf9\"><\/div><\/div><\/div><\/div>","protected":false},"excerpt":{"rendered":"","protected":false},"author":1,"featured_media":0,"parent":0,"menu_order":0,"comment_status":"open","ping_status":"closed","template":"","meta":{"ub_ctt_via":"","footnotes":""},"class_list":["post-1651","page","type-page","status-publish","hentry"],"featured_image_src":null,"yoast_head":"<!-- This site is optimized with the Yoast SEO plugin v25.4 - https:\/\/yoast.com\/wordpress\/plugins\/seo\/ -->\n<title>\u25b7 Classifica condizionale nella funzione RANKIF di Excel nel 2023<\/title>\n<meta name=\"description\" content=\"Innanzitutto, fallo per me, apri la cartella di lavoro di Excel e prova a digitare RANKIF. Ti chiederai se non esiste alcuna funzione\" \/>\n<meta name=\"robots\" content=\"index, follow, max-snippet:-1, max-image-preview:large, max-video-preview:-1\" \/>\n<link rel=\"canonical\" href=\"https:\/\/exceladvisor.org\/it\/classificazione-condizionale-rango-del-prodotto-sommativo-se\/\" \/>\n<meta property=\"og:locale\" content=\"it_IT\" \/>\n<meta property=\"og:type\" content=\"article\" \/>\n<meta property=\"og:title\" content=\"\u25b7 Classifica condizionale nella funzione RANKIF di Excel nel 2023\" \/>\n<meta property=\"og:description\" content=\"Innanzitutto, fallo per me, apri la cartella di lavoro di Excel e prova a digitare RANKIF. Ti chiederai se non esiste alcuna funzione\" \/>\n<meta property=\"og:url\" content=\"https:\/\/exceladvisor.org\/it\/classificazione-condizionale-rango-del-prodotto-sommativo-se\/\" \/>\n<meta property=\"og:site_name\" content=\"Excel Advisor\" \/>\n<meta property=\"article:modified_time\" content=\"2023-12-10T06:26:43+00:00\" \/>\n<meta property=\"og:image\" content=\"https:\/\/exceladvisor.org\/wp-content\/uploads\/2023\/08\/tapez-rang-si-dans-excel-pour-le-classement-conditionnel-min-1.png\" \/>\n<meta name=\"twitter:card\" content=\"summary_large_image\" \/>\n<meta name=\"twitter:label1\" content=\"Tempo di lettura stimato\" \/>\n\t<meta name=\"twitter:data1\" content=\"4 minuti\" \/>\n<script type=\"application\/ld+json\" class=\"yoast-schema-graph\">{\"@context\":\"https:\/\/schema.org\",\"@graph\":[{\"@type\":\"WebPage\",\"@id\":\"https:\/\/exceladvisor.org\/it\/classificazione-condizionale-rango-del-prodotto-sommativo-se\/\",\"url\":\"https:\/\/exceladvisor.org\/it\/classificazione-condizionale-rango-del-prodotto-sommativo-se\/\",\"name\":\"\u25b7 Classifica condizionale nella funzione RANKIF di Excel nel 2023\",\"isPartOf\":{\"@id\":\"https:\/\/exceladvisor.org\/it\/#website\"},\"primaryImageOfPage\":{\"@id\":\"https:\/\/exceladvisor.org\/it\/classificazione-condizionale-rango-del-prodotto-sommativo-se\/#primaryimage\"},\"image\":{\"@id\":\"https:\/\/exceladvisor.org\/it\/classificazione-condizionale-rango-del-prodotto-sommativo-se\/#primaryimage\"},\"thumbnailUrl\":\"https:\/\/exceladvisor.org\/wp-content\/uploads\/2023\/08\/tapez-rang-si-dans-excel-pour-le-classement-conditionnel-min-1.png\",\"datePublished\":\"2023-11-13T17:56:54+00:00\",\"dateModified\":\"2023-12-10T06:26:43+00:00\",\"description\":\"Innanzitutto, fallo per me, apri la cartella di lavoro di Excel e prova a digitare RANKIF. Ti chiederai se non esiste alcuna funzione\",\"breadcrumb\":{\"@id\":\"https:\/\/exceladvisor.org\/it\/classificazione-condizionale-rango-del-prodotto-sommativo-se\/#breadcrumb\"},\"inLanguage\":\"it-IT\",\"potentialAction\":[{\"@type\":\"ReadAction\",\"target\":[\"https:\/\/exceladvisor.org\/it\/classificazione-condizionale-rango-del-prodotto-sommativo-se\/\"]}]},{\"@type\":\"ImageObject\",\"inLanguage\":\"it-IT\",\"@id\":\"https:\/\/exceladvisor.org\/it\/classificazione-condizionale-rango-del-prodotto-sommativo-se\/#primaryimage\",\"url\":\"https:\/\/exceladvisor.org\/wp-content\/uploads\/2023\/08\/tapez-rang-si-dans-excel-pour-le-classement-conditionnel-min-1.png\",\"contentUrl\":\"https:\/\/exceladvisor.org\/wp-content\/uploads\/2023\/08\/tapez-rang-si-dans-excel-pour-le-classement-conditionnel-min-1.png\"},{\"@type\":\"BreadcrumbList\",\"@id\":\"https:\/\/exceladvisor.org\/it\/classificazione-condizionale-rango-del-prodotto-sommativo-se\/#breadcrumb\",\"itemListElement\":[{\"@type\":\"ListItem\",\"position\":1,\"name\":\"Home\",\"item\":\"https:\/\/exceladvisor.org\/it\/\"},{\"@type\":\"ListItem\",\"position\":2,\"name\":\"Come utilizzare la classificazione condizionale in excel?\"}]},{\"@type\":\"WebSite\",\"@id\":\"https:\/\/exceladvisor.org\/it\/#website\",\"url\":\"https:\/\/exceladvisor.org\/it\/\",\"name\":\"Excel Advisor\",\"description\":\"Tips, Tricks, and Time-Saving Hacks\",\"publisher\":{\"@id\":\"https:\/\/exceladvisor.org\/it\/#organization\"},\"potentialAction\":[{\"@type\":\"SearchAction\",\"target\":{\"@type\":\"EntryPoint\",\"urlTemplate\":\"https:\/\/exceladvisor.org\/it\/?s={search_term_string}\"},\"query-input\":{\"@type\":\"PropertyValueSpecification\",\"valueRequired\":true,\"valueName\":\"search_term_string\"}}],\"inLanguage\":\"it-IT\"},{\"@type\":\"Organization\",\"@id\":\"https:\/\/exceladvisor.org\/it\/#organization\",\"name\":\"Excel Advisor\",\"url\":\"https:\/\/exceladvisor.org\/it\/\",\"logo\":{\"@type\":\"ImageObject\",\"inLanguage\":\"it-IT\",\"@id\":\"https:\/\/exceladvisor.org\/it\/#\/schema\/logo\/image\/\",\"url\":\"https:\/\/exceladvisor.org\/it\/wp-content\/uploads\/2023\/12\/exceladvisor.org_.png\",\"contentUrl\":\"https:\/\/exceladvisor.org\/it\/wp-content\/uploads\/2023\/12\/exceladvisor.org_.png\",\"width\":105,\"height\":36,\"caption\":\"Excel Advisor\"},\"image\":{\"@id\":\"https:\/\/exceladvisor.org\/it\/#\/schema\/logo\/image\/\"}}]}<\/script>\n<!-- \/ Yoast SEO plugin. -->","yoast_head_json":{"title":"\u25b7 Classifica condizionale nella funzione RANKIF di Excel nel 2023","description":"Innanzitutto, fallo per me, apri la cartella di lavoro di Excel e prova a digitare RANKIF. Ti chiederai se non esiste alcuna funzione","robots":{"index":"index","follow":"follow","max-snippet":"max-snippet:-1","max-image-preview":"max-image-preview:large","max-video-preview":"max-video-preview:-1"},"canonical":"https:\/\/exceladvisor.org\/it\/classificazione-condizionale-rango-del-prodotto-sommativo-se\/","og_locale":"it_IT","og_type":"article","og_title":"\u25b7 Classifica condizionale nella funzione RANKIF di Excel nel 2023","og_description":"Innanzitutto, fallo per me, apri la cartella di lavoro di Excel e prova a digitare RANKIF. Ti chiederai se non esiste alcuna funzione","og_url":"https:\/\/exceladvisor.org\/it\/classificazione-condizionale-rango-del-prodotto-sommativo-se\/","og_site_name":"Excel Advisor","article_modified_time":"2023-12-10T06:26:43+00:00","og_image":[{"url":"https:\/\/exceladvisor.org\/wp-content\/uploads\/2023\/08\/tapez-rang-si-dans-excel-pour-le-classement-conditionnel-min-1.png","type":"","width":"","height":""}],"twitter_card":"summary_large_image","twitter_misc":{"Tempo di lettura stimato":"4 minuti"},"schema":{"@context":"https:\/\/schema.org","@graph":[{"@type":"WebPage","@id":"https:\/\/exceladvisor.org\/it\/classificazione-condizionale-rango-del-prodotto-sommativo-se\/","url":"https:\/\/exceladvisor.org\/it\/classificazione-condizionale-rango-del-prodotto-sommativo-se\/","name":"\u25b7 Classifica condizionale nella funzione RANKIF di Excel nel 2023","isPartOf":{"@id":"https:\/\/exceladvisor.org\/it\/#website"},"primaryImageOfPage":{"@id":"https:\/\/exceladvisor.org\/it\/classificazione-condizionale-rango-del-prodotto-sommativo-se\/#primaryimage"},"image":{"@id":"https:\/\/exceladvisor.org\/it\/classificazione-condizionale-rango-del-prodotto-sommativo-se\/#primaryimage"},"thumbnailUrl":"https:\/\/exceladvisor.org\/wp-content\/uploads\/2023\/08\/tapez-rang-si-dans-excel-pour-le-classement-conditionnel-min-1.png","datePublished":"2023-11-13T17:56:54+00:00","dateModified":"2023-12-10T06:26:43+00:00","description":"Innanzitutto, fallo per me, apri la cartella di lavoro di Excel e prova a digitare RANKIF. Ti chiederai se non esiste alcuna funzione","breadcrumb":{"@id":"https:\/\/exceladvisor.org\/it\/classificazione-condizionale-rango-del-prodotto-sommativo-se\/#breadcrumb"},"inLanguage":"it-IT","potentialAction":[{"@type":"ReadAction","target":["https:\/\/exceladvisor.org\/it\/classificazione-condizionale-rango-del-prodotto-sommativo-se\/"]}]},{"@type":"ImageObject","inLanguage":"it-IT","@id":"https:\/\/exceladvisor.org\/it\/classificazione-condizionale-rango-del-prodotto-sommativo-se\/#primaryimage","url":"https:\/\/exceladvisor.org\/wp-content\/uploads\/2023\/08\/tapez-rang-si-dans-excel-pour-le-classement-conditionnel-min-1.png","contentUrl":"https:\/\/exceladvisor.org\/wp-content\/uploads\/2023\/08\/tapez-rang-si-dans-excel-pour-le-classement-conditionnel-min-1.png"},{"@type":"BreadcrumbList","@id":"https:\/\/exceladvisor.org\/it\/classificazione-condizionale-rango-del-prodotto-sommativo-se\/#breadcrumb","itemListElement":[{"@type":"ListItem","position":1,"name":"Home","item":"https:\/\/exceladvisor.org\/it\/"},{"@type":"ListItem","position":2,"name":"Come utilizzare la classificazione condizionale in excel?"}]},{"@type":"WebSite","@id":"https:\/\/exceladvisor.org\/it\/#website","url":"https:\/\/exceladvisor.org\/it\/","name":"Excel Advisor","description":"Tips, Tricks, and Time-Saving Hacks","publisher":{"@id":"https:\/\/exceladvisor.org\/it\/#organization"},"potentialAction":[{"@type":"SearchAction","target":{"@type":"EntryPoint","urlTemplate":"https:\/\/exceladvisor.org\/it\/?s={search_term_string}"},"query-input":{"@type":"PropertyValueSpecification","valueRequired":true,"valueName":"search_term_string"}}],"inLanguage":"it-IT"},{"@type":"Organization","@id":"https:\/\/exceladvisor.org\/it\/#organization","name":"Excel Advisor","url":"https:\/\/exceladvisor.org\/it\/","logo":{"@type":"ImageObject","inLanguage":"it-IT","@id":"https:\/\/exceladvisor.org\/it\/#\/schema\/logo\/image\/","url":"https:\/\/exceladvisor.org\/it\/wp-content\/uploads\/2023\/12\/exceladvisor.org_.png","contentUrl":"https:\/\/exceladvisor.org\/it\/wp-content\/uploads\/2023\/12\/exceladvisor.org_.png","width":105,"height":36,"caption":"Excel Advisor"},"image":{"@id":"https:\/\/exceladvisor.org\/it\/#\/schema\/logo\/image\/"}}]}},"yoast_meta":{"yoast_wpseo_title":"","yoast_wpseo_metadesc":"","yoast_wpseo_canonical":""},"_links":{"self":[{"href":"https:\/\/exceladvisor.org\/it\/wp-json\/wp\/v2\/pages\/1651","targetHints":{"allow":["GET"]}}],"collection":[{"href":"https:\/\/exceladvisor.org\/it\/wp-json\/wp\/v2\/pages"}],"about":[{"href":"https:\/\/exceladvisor.org\/it\/wp-json\/wp\/v2\/types\/page"}],"author":[{"embeddable":true,"href":"https:\/\/exceladvisor.org\/it\/wp-json\/wp\/v2\/users\/1"}],"replies":[{"embeddable":true,"href":"https:\/\/exceladvisor.org\/it\/wp-json\/wp\/v2\/comments?post=1651"}],"version-history":[{"count":1,"href":"https:\/\/exceladvisor.org\/it\/wp-json\/wp\/v2\/pages\/1651\/revisions"}],"predecessor-version":[{"id":2829,"href":"https:\/\/exceladvisor.org\/it\/wp-json\/wp\/v2\/pages\/1651\/revisions\/2829"}],"wp:attachment":[{"href":"https:\/\/exceladvisor.org\/it\/wp-json\/wp\/v2\/media?parent=1651"}],"curies":[{"name":"wp","href":"https:\/\/api.w.org\/{rel}","templated":true}]}}