{"id":1652,"date":"2023-11-13T16:36:39","date_gmt":"2023-11-13T16:36:39","guid":{"rendered":"https:\/\/exceladvisor.org\/it\/vista-dietro-le-quinte\/"},"modified":"2023-12-10T06:20:52","modified_gmt":"2023-12-10T06:20:52","slug":"vista-dietro-le-quinte","status":"publish","type":"page","link":"https:\/\/exceladvisor.org\/it\/vista-dietro-le-quinte\/","title":{"rendered":"Come aprire la visualizzazione backstage in excel?"},"content":{"rendered":"<div class=\"excel-prima-del-contenuto\" id=\"excel-400033919\"><script type=\"text\/javascript\">\r\n\tatOptions = {\r\n\t\t'key' : 'c1158f160081d6540a8409e6925dab94',\r\n\t\t'format' : 'iframe',\r\n\t\t'height' : 250,\r\n\t\t'width' : 300,\r\n\t\t'params' : {}\r\n\t};\r\n<\/script>\r\n<script type=\"text\/javascript\" src=\"\/\/www.highperformanceformat.com\/c1158f160081d6540a8409e6925dab94\/invoke.js\"><\/script><\/div> <p>Quando apri Excel, ti viene mostrata una finestra di apertura chiamata visualizzazione Backstage. Questa \u00e8 la prima visualizzazione che ottieni quando apri Excel. <\/p><div class=\"wp-block-image\"><figure class=\"aligncenter size-full is-resized\"><img loading=\"lazy\" decoding=\"async\" class=\"wp-image-88721\" src=\"https:\/\/exceladvisor.org\/wp-content\/uploads\/2023\/08\/1-fenetre-ouvrante-en-coulisses.png\" sizes=\"auto, \" srcset=\"\" alt=\"apertura-finestra-dietro le quinte\" width=\"750\" height=\"394\"><\/figure><\/div><p> Puoi vedere nello screenshot qui sopra che questa finestra ha la possibilit\u00e0 di iniziare a lavorare in Excel. Ma si chiama modalit\u00e0 backstage perch\u00e9 inizia dal retro quando lavori in Excel. E per aprirlo mentre lavori, devi fare clic sulla scheda File della finestra di Excel. <\/p><div class=\"wp-block-image\"><figure class=\"aligncenter size-full is-resized\"><img loading=\"lazy\" decoding=\"async\" class=\"wp-image-88722\" src=\"https:\/\/exceladvisor.org\/wp-content\/uploads\/2023\/08\/2-aller-a-longlet-fichier-2.png\" sizes=\"auto, \" srcset=\"\" alt=\"vai alla scheda file\" width=\"455\" height=\"299\"><\/figure><\/div><p> In poche parole, questa visualizzazione di Excel rimane nella parte posteriore ed \u00e8 necessario accedervi dalla scheda File. Puoi anche dare uno sguardo dietro le quinte di Excel su Mac quando lo apri. <\/p><div class=\"wp-block-image\"><figure class=\"aligncenter size-full is-resized\"><img loading=\"lazy\" decoding=\"async\" class=\"alignnone size-full wp-image-13614\" src=\"https:\/\/exceladvisor.org\/wp-content\/uploads\/2023\/11\/vue-dexcel-a-larrieres.png\" alt=\"vista posteriore di Excel\" width=\"750\" height=\"470\" srcset=\"https:\/\/exceladvisor.org\/wp-content\/uploads\/2023\/11\/vue-dexcel-a-larrieres.png 750w, https:\/\/exceladvisor.org\/wp-content\/uploads\/2023\/11\/vue-dexcel-a-larrieres-300x188.png 300w\" sizes=\"auto, (max-width: 750px) 100vw, 750px\"><\/figure><\/div><p> E se vuoi riaprirlo, devi andare su File Nuovo. <\/p><div class=\"wp-block-image\"><figure class=\"aligncenter size-full is-resized\"><img loading=\"lazy\" decoding=\"async\" class=\"wp-image-88724\" src=\"https:\/\/exceladvisor.org\/wp-content\/uploads\/2023\/08\/4-aller-au-fichier-nouveau.png\" sizes=\"auto, \" srcset=\"\" alt=\"vai al file nuovo\" width=\"592\" height=\"264\"><\/figure><\/div><h2 class=\"wp-block-heading\"> Tasti rapidi<\/h2><p> Se lavori in Excel e desideri aprire la visualizzazione backstage, puoi utilizzare la scorciatoia da tastiera:<\/p><p> <kbd>Alt<\/kbd> + <kbd>F<\/kbd><\/p><h2 class=\"wp-block-heading\"> Opzione disponibile nella visualizzazione Backstage<\/h2><p> Ci sono alcune opzioni essenziali disponibili su di esso:<\/p><ul><li> Nuovo: per creare una nuova cartella di lavoro.<\/li><li> Apri: per aprire una cartella di lavoro gi\u00e0 salvata.<\/li><li> Altro: per aprire le opzioni di Excel e le informazioni sull&#8217;account. <\/li><\/ul><div class=\"wp-block-image\"><figure class=\"aligncenter size-full is-resized\"><img loading=\"lazy\" decoding=\"async\" class=\"wp-image-88725\" src=\"https:\/\/exceladvisor.org\/wp-content\/uploads\/2023\/08\/5-options-disponibles-en-vue-backstage.png\" sizes=\"auto, \" srcset=\"\" alt=\"opzioni-disponibili-nella-visualizzazione-backstage\" width=\"154\" height=\"505\"><\/figure><\/div><p> L&#8217;opzione precedente rimarr\u00e0 anche se non hai aperto una cartella di lavoro. Ma una volta aperta la cartella di lavoro, avrai pi\u00f9 opzioni. <\/p><div class=\"wp-block-image\"><figure class=\"aligncenter size-full is-resized\"><img loading=\"lazy\" decoding=\"async\" class=\"wp-image-88726\" src=\"https:\/\/exceladvisor.org\/wp-content\/uploads\/2023\/08\/6-options-supplementaires-a-louverture-dExcel.png\" sizes=\"auto, \" srcset=\"\" alt=\"pi\u00f9-opzioni-quando-excel-\u00e8-aperto\" width=\"162\" height=\"492\"><\/figure><\/div><p> Puoi aprire una nuova cartella di lavoro vuota nella parte superiore della finestra. Puoi anche utilizzare alcuni modelli predefiniti disponibili in Excel. <\/p><div class=\"wp-block-image\"><figure class=\"aligncenter size-full is-resized\"><img loading=\"lazy\" decoding=\"async\" class=\"wp-image-88727\" src=\"https:\/\/exceladvisor.org\/wp-content\/uploads\/2023\/08\/7-nouveau-classeur-vierge.png\" sizes=\"auto, \" srcset=\"\" alt=\"nuovo raccoglitore vuoto\" width=\"644\" height=\"300\"><\/figure><\/div><p> Nella parte inferiore della finestra \u00e8 presente un elenco delle cartelle di lavoro utilizzate di recente e una barra di ricerca per cercare le cartelle di lavoro. <\/p><div class=\"wp-block-image\"><figure class=\"aligncenter size-full is-resized\"><img loading=\"lazy\" decoding=\"async\" class=\"wp-image-88728\" src=\"https:\/\/exceladvisor.org\/wp-content\/uploads\/2023\/08\/8-classeurs-doccasion-recents.png\" sizes=\"auto, \" srcset=\"\" alt=\"leganti usati di recente\" width=\"602\" height=\"175\"><\/figure><\/div><p> Puoi anche appuntare una cartella di lavoro che desideri utilizzare pi\u00f9 spesso di altre. Quindi ti consente di aprirlo con un solo clic dall&#8217;elenco bloccato. <\/p><div class=\"wp-block-image\"><figure class=\"aligncenter size-full is-resized\"><img loading=\"lazy\" decoding=\"async\" class=\"wp-image-88729\" src=\"https:\/\/exceladvisor.org\/wp-content\/uploads\/2023\/08\/9-epingler-un-classeur.png\" sizes=\"auto, \" srcset=\"\" alt=\"perno del raccoglitore\" width=\"604\" height=\"344\"><\/figure><\/div><p> Quando fai clic sull&#8217;opzione &#8220;Apri&#8221;, ottieni pi\u00f9 opzioni per individuare un file da aprire. <\/p><div class=\"wp-block-image\"><figure class=\"aligncenter size-full is-resized\"><img loading=\"lazy\" decoding=\"async\" class=\"wp-image-88730\" src=\"https:\/\/exceladvisor.org\/wp-content\/uploads\/2023\/08\/10-options-supplementaires-pour-localiser-un-fichier.png\" sizes=\"auto, \" srcset=\"\" alt=\"pi\u00f9-opzioni-per-localizzare-un-file\" width=\"446\" height=\"513\"><\/figure><\/div><h2 class=\"wp-block-heading\"> Chiudi la visualizzazione Backstage<\/h2><p> Se non hai un file aperto, devi aprire una cartella di lavoro per evitare la visualizzazione Backstage. Successivamente, se hai gi\u00e0 una cartella di lavoro aperta, devi premere il tasto Esc o fare clic sul pulsante Indietro. <\/p><div class=\"wp-block-image\"><figure class=\"aligncenter size-full is-resized\"><img loading=\"lazy\" decoding=\"async\" class=\"wp-image-88731\" src=\"https:\/\/exceladvisor.org\/wp-content\/uploads\/2023\/08\/11-fermer-la-vue-des-coulisses.png\" sizes=\"auto, \" srcset=\"\" alt=\"vista ravvicinata del dietro le quinte\" width=\"351\" height=\"132\"><\/figure><\/div><div class=\"gb-container gb-container-29c351cb gb-container-mt\"> <a class=\"gb-button gb-button-3f93e23e gb-button-text gb-button-mt-button\" href=\"https:\/\/exceladvisor.org\/it\/nozioni-di-base-su-excel\/\">Nozioni di base su Microsoft Excel (componenti, parti e note informative)<\/a><h2 class=\"gb-headline gb-headline-039c6b39 gb-headline-text gb-headline-mt-heading\"> Altri tutorial <\/h2><div class=\"gb-grid-wrapper gb-grid-wrapper-a21eef70 gb-grid-wrapper-mt-grid\"><div class=\"gb-grid-column gb-grid-column-8876d83d\"><div class=\"gb-container gb-container-8876d83d\"><ul><li> <a href=\"https:\/\/exceladvisor.org\/it\/barra-di-stato\/\">Barra di stato in Excel<\/a><\/li><li> <a href=\"https:\/\/exceladvisor.org\/it\/zona-di-testo\/\">Inserisci una casella di testo in Excel<\/a><\/li><li> <a href=\"https:\/\/exceladvisor.org\/it\/un\/\" data-wpil=\"url\">Cambia il colore della scheda in Excel<\/a><\/li><li> <a href=\"https:\/\/exceladvisor.org\/it\/ingrandisci\/\">Ingrandisci o rimpicciolisci in Excel<\/a><\/li><li> <a href=\"https:\/\/exceladvisor.org\/it\/la-finestra-di-dialogo\/\">Finestra di dialogo in Excel<\/a> <\/li><\/ul><\/div><\/div><div class=\"gb-grid-column gb-grid-column-ee06a2c7\"><div class=\"gb-container gb-container-ee06a2c7\"><ul><li> <a href=\"https:\/\/exceladvisor.org\/it\/allineamento\/\">Allineamento in Excel<\/a><\/li><li> <a href=\"https:\/\/exceladvisor.org\/it\/salvare-il-file\/\">Salva un file in Excel<\/a><\/li><li> <a href=\"https:\/\/exceladvisor.org\/it\/mesi-a-scorrimento-automatico\/\">Mesi a scorrimento automatico in Excel<\/a><\/li><li> <a href=\"https:\/\/exceladvisor.org\/it\/modalita-scura\/\">Abilita la modalit\u00e0 oscura in Excel<\/a><\/li><li> <a href=\"https:\/\/exceladvisor.org\/it\/barra-di-scorrimento\/\">Ripristina la barra di scorrimento in Excel<\/a><\/li><\/ul><\/div><\/div><\/div><\/div>","protected":false},"excerpt":{"rendered":"","protected":false},"author":1,"featured_media":0,"parent":0,"menu_order":0,"comment_status":"open","ping_status":"closed","template":"","meta":{"ub_ctt_via":"","footnotes":""},"class_list":["post-1652","page","type-page","status-publish","hentry"],"featured_image_src":null,"yoast_head":"<!-- This site is optimized with the Yoast SEO plugin v25.4 - https:\/\/yoast.com\/wordpress\/plugins\/seo\/ -->\n<title>Come aprire la visualizzazione Backstage in Excel? (Tutorial 2023)<\/title>\n<meta name=\"description\" content=\"Questa \u00e8 chiamata visualizzazione dietro le quinte perch\u00e9 inizia dal retro quando lavori in Excel. E per aprirlo mentre\" \/>\n<meta name=\"robots\" content=\"index, follow, max-snippet:-1, max-image-preview:large, max-video-preview:-1\" \/>\n<link rel=\"canonical\" href=\"https:\/\/exceladvisor.org\/it\/vista-dietro-le-quinte\/\" \/>\n<meta property=\"og:locale\" content=\"it_IT\" \/>\n<meta property=\"og:type\" content=\"article\" \/>\n<meta property=\"og:title\" content=\"Come aprire la visualizzazione Backstage in Excel? (Tutorial 2023)\" \/>\n<meta property=\"og:description\" content=\"Questa \u00e8 chiamata visualizzazione dietro le quinte perch\u00e9 inizia dal retro quando lavori in Excel. E per aprirlo mentre\" \/>\n<meta property=\"og:url\" content=\"https:\/\/exceladvisor.org\/it\/vista-dietro-le-quinte\/\" \/>\n<meta property=\"og:site_name\" content=\"Excel Advisor\" \/>\n<meta property=\"article:modified_time\" content=\"2023-12-10T06:20:52+00:00\" \/>\n<meta property=\"og:image\" content=\"https:\/\/exceladvisor.org\/wp-content\/uploads\/2023\/08\/1-fenetre-ouvrante-en-coulisses.png\" \/>\n<meta name=\"twitter:card\" content=\"summary_large_image\" \/>\n<meta name=\"twitter:label1\" content=\"Tempo di lettura stimato\" \/>\n\t<meta name=\"twitter:data1\" content=\"2 minuti\" \/>\n<script type=\"application\/ld+json\" class=\"yoast-schema-graph\">{\"@context\":\"https:\/\/schema.org\",\"@graph\":[{\"@type\":\"WebPage\",\"@id\":\"https:\/\/exceladvisor.org\/it\/vista-dietro-le-quinte\/\",\"url\":\"https:\/\/exceladvisor.org\/it\/vista-dietro-le-quinte\/\",\"name\":\"Come aprire la visualizzazione Backstage in Excel? (Tutorial 2023)\",\"isPartOf\":{\"@id\":\"https:\/\/exceladvisor.org\/it\/#website\"},\"primaryImageOfPage\":{\"@id\":\"https:\/\/exceladvisor.org\/it\/vista-dietro-le-quinte\/#primaryimage\"},\"image\":{\"@id\":\"https:\/\/exceladvisor.org\/it\/vista-dietro-le-quinte\/#primaryimage\"},\"thumbnailUrl\":\"https:\/\/exceladvisor.org\/wp-content\/uploads\/2023\/08\/1-fenetre-ouvrante-en-coulisses.png\",\"datePublished\":\"2023-11-13T16:36:39+00:00\",\"dateModified\":\"2023-12-10T06:20:52+00:00\",\"description\":\"Questa \u00e8 chiamata visualizzazione dietro le quinte perch\u00e9 inizia dal retro quando lavori in Excel. E per aprirlo mentre\",\"breadcrumb\":{\"@id\":\"https:\/\/exceladvisor.org\/it\/vista-dietro-le-quinte\/#breadcrumb\"},\"inLanguage\":\"it-IT\",\"potentialAction\":[{\"@type\":\"ReadAction\",\"target\":[\"https:\/\/exceladvisor.org\/it\/vista-dietro-le-quinte\/\"]}]},{\"@type\":\"ImageObject\",\"inLanguage\":\"it-IT\",\"@id\":\"https:\/\/exceladvisor.org\/it\/vista-dietro-le-quinte\/#primaryimage\",\"url\":\"https:\/\/exceladvisor.org\/wp-content\/uploads\/2023\/08\/1-fenetre-ouvrante-en-coulisses.png\",\"contentUrl\":\"https:\/\/exceladvisor.org\/wp-content\/uploads\/2023\/08\/1-fenetre-ouvrante-en-coulisses.png\"},{\"@type\":\"BreadcrumbList\",\"@id\":\"https:\/\/exceladvisor.org\/it\/vista-dietro-le-quinte\/#breadcrumb\",\"itemListElement\":[{\"@type\":\"ListItem\",\"position\":1,\"name\":\"Home\",\"item\":\"https:\/\/exceladvisor.org\/it\/\"},{\"@type\":\"ListItem\",\"position\":2,\"name\":\"Come aprire la visualizzazione backstage in excel?\"}]},{\"@type\":\"WebSite\",\"@id\":\"https:\/\/exceladvisor.org\/it\/#website\",\"url\":\"https:\/\/exceladvisor.org\/it\/\",\"name\":\"Excel Advisor\",\"description\":\"Tips, Tricks, and Time-Saving Hacks\",\"publisher\":{\"@id\":\"https:\/\/exceladvisor.org\/it\/#organization\"},\"potentialAction\":[{\"@type\":\"SearchAction\",\"target\":{\"@type\":\"EntryPoint\",\"urlTemplate\":\"https:\/\/exceladvisor.org\/it\/?s={search_term_string}\"},\"query-input\":{\"@type\":\"PropertyValueSpecification\",\"valueRequired\":true,\"valueName\":\"search_term_string\"}}],\"inLanguage\":\"it-IT\"},{\"@type\":\"Organization\",\"@id\":\"https:\/\/exceladvisor.org\/it\/#organization\",\"name\":\"Excel Advisor\",\"url\":\"https:\/\/exceladvisor.org\/it\/\",\"logo\":{\"@type\":\"ImageObject\",\"inLanguage\":\"it-IT\",\"@id\":\"https:\/\/exceladvisor.org\/it\/#\/schema\/logo\/image\/\",\"url\":\"https:\/\/exceladvisor.org\/it\/wp-content\/uploads\/2023\/12\/exceladvisor.org_.png\",\"contentUrl\":\"https:\/\/exceladvisor.org\/it\/wp-content\/uploads\/2023\/12\/exceladvisor.org_.png\",\"width\":105,\"height\":36,\"caption\":\"Excel Advisor\"},\"image\":{\"@id\":\"https:\/\/exceladvisor.org\/it\/#\/schema\/logo\/image\/\"}}]}<\/script>\n<!-- \/ Yoast SEO plugin. -->","yoast_head_json":{"title":"Come aprire la visualizzazione Backstage in Excel? (Tutorial 2023)","description":"Questa \u00e8 chiamata visualizzazione dietro le quinte perch\u00e9 inizia dal retro quando lavori in Excel. E per aprirlo mentre","robots":{"index":"index","follow":"follow","max-snippet":"max-snippet:-1","max-image-preview":"max-image-preview:large","max-video-preview":"max-video-preview:-1"},"canonical":"https:\/\/exceladvisor.org\/it\/vista-dietro-le-quinte\/","og_locale":"it_IT","og_type":"article","og_title":"Come aprire la visualizzazione Backstage in Excel? (Tutorial 2023)","og_description":"Questa \u00e8 chiamata visualizzazione dietro le quinte perch\u00e9 inizia dal retro quando lavori in Excel. E per aprirlo mentre","og_url":"https:\/\/exceladvisor.org\/it\/vista-dietro-le-quinte\/","og_site_name":"Excel Advisor","article_modified_time":"2023-12-10T06:20:52+00:00","og_image":[{"url":"https:\/\/exceladvisor.org\/wp-content\/uploads\/2023\/08\/1-fenetre-ouvrante-en-coulisses.png","type":"","width":"","height":""}],"twitter_card":"summary_large_image","twitter_misc":{"Tempo di lettura stimato":"2 minuti"},"schema":{"@context":"https:\/\/schema.org","@graph":[{"@type":"WebPage","@id":"https:\/\/exceladvisor.org\/it\/vista-dietro-le-quinte\/","url":"https:\/\/exceladvisor.org\/it\/vista-dietro-le-quinte\/","name":"Come aprire la visualizzazione Backstage in Excel? (Tutorial 2023)","isPartOf":{"@id":"https:\/\/exceladvisor.org\/it\/#website"},"primaryImageOfPage":{"@id":"https:\/\/exceladvisor.org\/it\/vista-dietro-le-quinte\/#primaryimage"},"image":{"@id":"https:\/\/exceladvisor.org\/it\/vista-dietro-le-quinte\/#primaryimage"},"thumbnailUrl":"https:\/\/exceladvisor.org\/wp-content\/uploads\/2023\/08\/1-fenetre-ouvrante-en-coulisses.png","datePublished":"2023-11-13T16:36:39+00:00","dateModified":"2023-12-10T06:20:52+00:00","description":"Questa \u00e8 chiamata visualizzazione dietro le quinte perch\u00e9 inizia dal retro quando lavori in Excel. E per aprirlo mentre","breadcrumb":{"@id":"https:\/\/exceladvisor.org\/it\/vista-dietro-le-quinte\/#breadcrumb"},"inLanguage":"it-IT","potentialAction":[{"@type":"ReadAction","target":["https:\/\/exceladvisor.org\/it\/vista-dietro-le-quinte\/"]}]},{"@type":"ImageObject","inLanguage":"it-IT","@id":"https:\/\/exceladvisor.org\/it\/vista-dietro-le-quinte\/#primaryimage","url":"https:\/\/exceladvisor.org\/wp-content\/uploads\/2023\/08\/1-fenetre-ouvrante-en-coulisses.png","contentUrl":"https:\/\/exceladvisor.org\/wp-content\/uploads\/2023\/08\/1-fenetre-ouvrante-en-coulisses.png"},{"@type":"BreadcrumbList","@id":"https:\/\/exceladvisor.org\/it\/vista-dietro-le-quinte\/#breadcrumb","itemListElement":[{"@type":"ListItem","position":1,"name":"Home","item":"https:\/\/exceladvisor.org\/it\/"},{"@type":"ListItem","position":2,"name":"Come aprire la visualizzazione backstage in excel?"}]},{"@type":"WebSite","@id":"https:\/\/exceladvisor.org\/it\/#website","url":"https:\/\/exceladvisor.org\/it\/","name":"Excel Advisor","description":"Tips, Tricks, and Time-Saving Hacks","publisher":{"@id":"https:\/\/exceladvisor.org\/it\/#organization"},"potentialAction":[{"@type":"SearchAction","target":{"@type":"EntryPoint","urlTemplate":"https:\/\/exceladvisor.org\/it\/?s={search_term_string}"},"query-input":{"@type":"PropertyValueSpecification","valueRequired":true,"valueName":"search_term_string"}}],"inLanguage":"it-IT"},{"@type":"Organization","@id":"https:\/\/exceladvisor.org\/it\/#organization","name":"Excel Advisor","url":"https:\/\/exceladvisor.org\/it\/","logo":{"@type":"ImageObject","inLanguage":"it-IT","@id":"https:\/\/exceladvisor.org\/it\/#\/schema\/logo\/image\/","url":"https:\/\/exceladvisor.org\/it\/wp-content\/uploads\/2023\/12\/exceladvisor.org_.png","contentUrl":"https:\/\/exceladvisor.org\/it\/wp-content\/uploads\/2023\/12\/exceladvisor.org_.png","width":105,"height":36,"caption":"Excel Advisor"},"image":{"@id":"https:\/\/exceladvisor.org\/it\/#\/schema\/logo\/image\/"}}]}},"yoast_meta":{"yoast_wpseo_title":"","yoast_wpseo_metadesc":"","yoast_wpseo_canonical":""},"_links":{"self":[{"href":"https:\/\/exceladvisor.org\/it\/wp-json\/wp\/v2\/pages\/1652","targetHints":{"allow":["GET"]}}],"collection":[{"href":"https:\/\/exceladvisor.org\/it\/wp-json\/wp\/v2\/pages"}],"about":[{"href":"https:\/\/exceladvisor.org\/it\/wp-json\/wp\/v2\/types\/page"}],"author":[{"embeddable":true,"href":"https:\/\/exceladvisor.org\/it\/wp-json\/wp\/v2\/users\/1"}],"replies":[{"embeddable":true,"href":"https:\/\/exceladvisor.org\/it\/wp-json\/wp\/v2\/comments?post=1652"}],"version-history":[{"count":1,"href":"https:\/\/exceladvisor.org\/it\/wp-json\/wp\/v2\/pages\/1652\/revisions"}],"predecessor-version":[{"id":2327,"href":"https:\/\/exceladvisor.org\/it\/wp-json\/wp\/v2\/pages\/1652\/revisions\/2327"}],"wp:attachment":[{"href":"https:\/\/exceladvisor.org\/it\/wp-json\/wp\/v2\/media?parent=1652"}],"curies":[{"name":"wp","href":"https:\/\/api.w.org\/{rel}","templated":true}]}}