{"id":1653,"date":"2023-11-13T16:32:31","date_gmt":"2023-11-13T16:32:31","guid":{"rendered":"https:\/\/exceladvisor.org\/it\/vlookup-diversi-criteri\/"},"modified":"2023-12-10T06:23:13","modified_gmt":"2023-12-10T06:23:13","slug":"vlookup-diversi-criteri","status":"publish","type":"page","link":"https:\/\/exceladvisor.org\/it\/vlookup-diversi-criteri\/","title":{"rendered":"Come eseguire la cerca.vert con pi\u00f9 criteri in excel?"},"content":{"rendered":"<div class=\"excel-prima-del-contenuto\" id=\"excel-1626320795\"><script type=\"text\/javascript\">\r\n\tatOptions = {\r\n\t\t'key' : 'c1158f160081d6540a8409e6925dab94',\r\n\t\t'format' : 'iframe',\r\n\t\t'height' : 250,\r\n\t\t'width' : 300,\r\n\t\t'params' : {}\r\n\t};\r\n<\/script>\r\n<script type=\"text\/javascript\" src=\"\/\/www.highperformanceformat.com\/c1158f160081d6540a8409e6925dab94\/invoke.js\"><\/script><\/div> <p>CERCA.VERT \u00e8 una delle <a style=\"outline: none; display: inline-block;\" href=\"https:\/\/exceladvisor.org\/it\/funzioni-di-excel\/\">funzioni di Excel pi\u00f9 popolari<\/a> . Ma \u00e8 anche una delle funzioni pi\u00f9 limitate.<\/p><p> Gli utenti avanzati di Excel sanno che ci sono cos\u00ec tante cose che non possiamo fare con CERCA.VERT o che devono impegnarsi ulteriormente per farlo funzionare.<\/p><p> Ad esempio, utilizzando CERCA.VERT con pi\u00f9 criteri. Per impostazione predefinita, CERCA.VERT ti consente di cercare un singolo valore.<\/p><p> Ma nel mondo reale ci sono situazioni in cui dobbiamo utilizzare due o pi\u00f9 criteri.<\/p><p> Supponiamo di avere un elenco di studenti per un&#8217;intera scuola e in tale elenco di voler cercare uno studente il cui nome \u00e8 &#8220;John&#8221; e che frequenta la classe IX. <\/p><div class=\"wp-block-image\"><figure class=\"aligncenter\"><img decoding=\"async\" src=\"https:\/\/exceladvisor.org\/wp-content\/uploads\/2023\/08\/2-vlookup-avec-table-de-donnees-a-criteres-multiples-min-1.png\" sizes=\"\" srcset=\"\" alt=\"\"><\/figure><\/div><p> Esiste un&#8217;enorme possibilit\u00e0 che ci sia pi\u00f9 di uno studente il cui nome \u00e8 &#8220;John&#8221;. La soluzione migliore in questo caso \u00e8 combinare due criteri diversi (nome e classe) per ottenere in cambio il giusto valore. <\/p><div class=\"wp-block-image\"><figure class=\"aligncenter\"><img decoding=\"async\" src=\"https:\/\/exceladvisor.org\/wp-content\/uploads\/2023\/08\/1-vlookup-avec-plusieurs-criteres-comment-min-1.png\" sizes=\"\" srcset=\"\" alt=\"\"><\/figure><\/div><p> Oggi in questo articolo esploreremo il metodo per utilizzare pi\u00f9 criteri con CERCA.VERT.<\/p><p> Quindi, iniziamo e assicuriamoci di <a href=\"https:\/\/exceladvisor.org\/wp-content\/uploads\/2023\/08\/vlookup-de-donnees-brutes-avec-plusieurs-criteres.xlsx\" rel=\"nofollow\">scaricare questo file di esempio da qui<\/a> per seguirlo.<\/p><p> Ora, in base al problema sopra menzionato, dobbiamo utilizzare due criteri come valore di ricerca in CERCA.VERT. Per questo dobbiamo apportare due facili e semplici aggiustamenti.<\/p><h2 id=\"tab-con-1\" class=\"wp-block-heading\"> Crea una nuova colonna di supporto<\/h2><p> Ecco i passaggi per inserire una nuova colonna unendo due criteri.<\/p><ul><li> Innanzitutto, dobbiamo aggiungere una nuova colonna. <\/li><\/ul><div class=\"wp-block-image\"><figure class=\"aligncenter\"><img decoding=\"async\" src=\"https:\/\/exceladvisor.org\/wp-content\/uploads\/2023\/08\/3-vlookup-avec-plusieurs-criteres-inserer-une-colonne-vide-min-1.png\" sizes=\"\" srcset=\"\" alt=\"\"><\/figure><\/div><ul><li> Successivamente, nella nuova colonna, inserisci una formula per unire il nome e la classe, come di seguito. <\/li><\/ul><div class=\"wp-block-image\"><figure class=\"aligncenter\"><img decoding=\"async\" src=\"https:\/\/exceladvisor.org\/wp-content\/uploads\/2023\/08\/4-vlookup-avec-plusieurs-criteres-inserer-une-formule-pour-joindre-des-colonnes-min-1.png\" sizes=\"\" srcset=\"\" alt=\"\"><\/figure><\/div><ul><li> Ora trascina la formula sull&#8217;ultima cella della colonna.<\/li><li> Ora abbiamo un&#8217;unica colonna in cui abbiamo combinato due diversi criteri (nome e classe). <\/li><\/ul><div class=\"wp-block-image\"><figure class=\"aligncenter\"><img decoding=\"async\" src=\"https:\/\/exceladvisor.org\/wp-content\/uploads\/2023\/08\/5-vlookup-avec-plusieurs-criteres-nouvelle-colonne-combinee-avec-deux-criteres-min-1.png\" sizes=\"\" srcset=\"\" alt=\"\"><\/figure><\/div><h2 id=\"tab-con-2\" class=\"wp-block-heading\"> Combina due criteri nel valore di ricerca<\/h2><p> Ora il passo successivo \u00e8 combinare due criteri nell&#8217;argomento lookup_value di CERCA.VERT.<\/p><p> Qui vogliamo usare \u201cJohn\u201d e \u201cClass-IX\u201d e per questo dobbiamo combinare i due usando una e commerciale in lookup_argument. <\/p><div class=\"wp-block-image\"><figure class=\"aligncenter\"><img decoding=\"async\" src=\"https:\/\/exceladvisor.org\/wp-content\/uploads\/2023\/08\/6-vlookup-avec-plusieurs-criteres-utilise-deux-arguments-dans-vlookup-min-1.png\" sizes=\"\" srcset=\"\" alt=\"\"><\/figure><\/div><p> Successivamente dobbiamo selezionare le colonne C e D come lookup_range, 2 come col_index_number e 0 come [range_lookup] <\/p><div class=\"wp-block-image\"><figure class=\"aligncenter\"><img decoding=\"async\" src=\"https:\/\/exceladvisor.org\/wp-content\/uploads\/2023\/08\/7-vlookup-avec-plusieurs-criteres-definissent-la-plage-min-1.png\" sizes=\"\" srcset=\"\" alt=\"\"><\/figure><\/div><p> Alla fine premi Invio. E ora abbiamo il punteggio di John che \u00e8 nella classe IX. <\/p><div class=\"wp-block-image\"><figure class=\"aligncenter\"><img decoding=\"async\" src=\"https:\/\/exceladvisor.org\/wp-content\/uploads\/2023\/08\/8-vlookup-avec-plusieurs-criteres-resultat-final-min-1.png\" sizes=\"\" srcset=\"\" alt=\"\"><\/figure><\/div><h2 id=\"tab-con-3\" class=\"wp-block-heading\"> Come funziona<\/h2><p> Il metodo per utilizzare i criteri combinati in CERCA.VERT \u00e8 semplice. Quando combiniamo due colonne in una, otteniamo valori univoci.<\/p><p> Pensatela in questo modo: nei nostri dati abbiamo il nome John tre volte. Ma quando uniamo i nomi alla loro classe, otteniamo un valore univoco per ciascun nome.<\/p><p> Ad esempio, JohnClass-IX, JohnClass-VI e JohnClass-II. Ora non c&#8217;\u00e8 alcun valore nei duplicati.<\/p><p> Allo stesso modo, specificando lookup_argument in CERCA.VERT, abbiamo combinato i due criteri: nome e classe in modo che restituisca il punteggio dello studente corretto, ovvero John che \u00e8 nella classe IX. <\/p><div class=\"wp-block-image\"><figure class=\"aligncenter\"><img decoding=\"async\" src=\"https:\/\/exceladvisor.org\/wp-content\/uploads\/2023\/08\/9-vlookup-avec-plusieurs-criteres-trouver-des-valeurs-precises-min-1.png\" sizes=\"\" srcset=\"\" alt=\"\"><\/figure><\/div><h2 id=\"tab-con-4\" class=\"wp-block-heading\"> Conclusione<\/h2><p> L&#8217;utilizzo di pi\u00f9 criteri con CERCA.VERT ti aiuta a cercare un valore in modo pi\u00f9 accurato e semplice. Proprio come abbiamo fatto nell&#8217;esempio sopra.<\/p><p> E la parte migliore \u00e8 che combinare due criteri diversi non \u00e8 un grosso problema, \u00e8 semplice e facile. Spero che questa formula ti sia stata utile e che ti possa aiutare nel tuo lavoro.<\/p><p> Ora dimmi una cosa. Hai mai provato ad aggiungere pi\u00f9 di un criterio in CERCA.VERT? O hai un altro metodo per questo? Per favore condividi con me nella sezione commenti, mi piacerebbe sentire la tua opinione. E non dimenticare di condividere questo suggerimento con i tuoi amici.<\/p><div class=\"gb-container gb-container-0df56012 gb-container-mt\"> <a class=\"gb-button gb-button-f9f432f4 gb-button-text gb-button-mt-button\" href=\"https:\/\/exceladvisor.org\/it\/formule\/\">Elenco delle formule di Excel<\/a><h2 class=\"gb-headline gb-headline-233444e8 gb-headline-text gb-headline-mt-heading\"> Formule correlate <\/h2><div class=\"gb-grid-wrapper gb-grid-wrapper-a16fa65c gb-grid-wrapper-mt-grid\"><div class=\"gb-grid-column gb-grid-column-50d07e0d\"><div class=\"gb-container gb-container-50d07e0d\"><ul><li> <a href=\"https:\/\/exceladvisor.org\/it\/iferror-vlookup\/\">SEERRORE con CERCA.VERT in Excel per sostituire #N\/D in Excel<\/a><\/li><li> <a href=\"https:\/\/exceladvisor.org\/it\/ricerca-bidirezionale\/\">Esegui una ricerca bidirezionale in Excel<\/a><\/li><li> <a href=\"https:\/\/exceladvisor.org\/it\/ricerca-inversa\/\">CERCA.VERT inversa (indietro: da destra a sinistra) in Excel<\/a><\/li><li> <a href=\"https:\/\/exceladvisor.org\/it\/corrispondenza-di-vsearch\/\">Combinazione di CORRISPONDENZA CERCA.VERT in Excel<\/a><\/li><li> <a href=\"https:\/\/exceladvisor.org\/it\/caratteri-jolly-con-vlookup\/\">Caratteri jolly con CERCA.VERT in Excel<\/a> <\/li><\/ul><\/div><\/div><div class=\"gb-grid-column gb-grid-column-5b4a0cf9\"><div class=\"gb-container gb-container-5b4a0cf9\"><\/div><\/div><\/div><\/div>","protected":false},"excerpt":{"rendered":"","protected":false},"author":1,"featured_media":0,"parent":0,"menu_order":0,"comment_status":"open","ping_status":"closed","template":"","meta":{"ub_ctt_via":"","footnotes":""},"class_list":["post-1653","page","type-page","status-publish","hentry"],"featured_image_src":null,"yoast_head":"<!-- This site is optimized with the Yoast SEO plugin v25.4 - https:\/\/yoast.com\/wordpress\/plugins\/seo\/ -->\n<title>\u25b7 Come eseguire la CERCA.VERT con pi\u00f9 criteri in Excel?<\/title>\n<meta name=\"description\" content=\"L&#039;utilizzo di CERCA.VERT con pi\u00f9 criteri offre maggiore precisione durante la ricerca di un valore. E la parte migliore \u00e8 che \u00e8 facile...\" \/>\n<meta name=\"robots\" content=\"index, follow, max-snippet:-1, max-image-preview:large, max-video-preview:-1\" \/>\n<link rel=\"canonical\" href=\"https:\/\/exceladvisor.org\/it\/vlookup-diversi-criteri\/\" \/>\n<meta property=\"og:locale\" content=\"it_IT\" \/>\n<meta property=\"og:type\" content=\"article\" \/>\n<meta property=\"og:title\" content=\"\u25b7 Come eseguire la CERCA.VERT con pi\u00f9 criteri in Excel?\" \/>\n<meta property=\"og:description\" content=\"L&#039;utilizzo di CERCA.VERT con pi\u00f9 criteri offre maggiore precisione durante la ricerca di un valore. E la parte migliore \u00e8 che \u00e8 facile...\" \/>\n<meta property=\"og:url\" content=\"https:\/\/exceladvisor.org\/it\/vlookup-diversi-criteri\/\" \/>\n<meta property=\"og:site_name\" content=\"Excel Advisor\" \/>\n<meta property=\"article:modified_time\" content=\"2023-12-10T06:23:13+00:00\" \/>\n<meta property=\"og:image\" content=\"https:\/\/exceladvisor.org\/wp-content\/uploads\/2023\/08\/2-vlookup-avec-table-de-donnees-a-criteres-multiples-min-1.png\" \/>\n<meta name=\"twitter:card\" content=\"summary_large_image\" \/>\n<meta name=\"twitter:label1\" content=\"Tempo di lettura stimato\" \/>\n\t<meta name=\"twitter:data1\" content=\"3 minuti\" \/>\n<script type=\"application\/ld+json\" class=\"yoast-schema-graph\">{\"@context\":\"https:\/\/schema.org\",\"@graph\":[{\"@type\":\"WebPage\",\"@id\":\"https:\/\/exceladvisor.org\/it\/vlookup-diversi-criteri\/\",\"url\":\"https:\/\/exceladvisor.org\/it\/vlookup-diversi-criteri\/\",\"name\":\"\u25b7 Come eseguire la CERCA.VERT con pi\u00f9 criteri in Excel?\",\"isPartOf\":{\"@id\":\"https:\/\/exceladvisor.org\/it\/#website\"},\"primaryImageOfPage\":{\"@id\":\"https:\/\/exceladvisor.org\/it\/vlookup-diversi-criteri\/#primaryimage\"},\"image\":{\"@id\":\"https:\/\/exceladvisor.org\/it\/vlookup-diversi-criteri\/#primaryimage\"},\"thumbnailUrl\":\"https:\/\/exceladvisor.org\/wp-content\/uploads\/2023\/08\/2-vlookup-avec-table-de-donnees-a-criteres-multiples-min-1.png\",\"datePublished\":\"2023-11-13T16:32:31+00:00\",\"dateModified\":\"2023-12-10T06:23:13+00:00\",\"description\":\"L&#39;utilizzo di CERCA.VERT con pi\u00f9 criteri offre maggiore precisione durante la ricerca di un valore. E la parte migliore \u00e8 che \u00e8 facile...\",\"breadcrumb\":{\"@id\":\"https:\/\/exceladvisor.org\/it\/vlookup-diversi-criteri\/#breadcrumb\"},\"inLanguage\":\"it-IT\",\"potentialAction\":[{\"@type\":\"ReadAction\",\"target\":[\"https:\/\/exceladvisor.org\/it\/vlookup-diversi-criteri\/\"]}]},{\"@type\":\"ImageObject\",\"inLanguage\":\"it-IT\",\"@id\":\"https:\/\/exceladvisor.org\/it\/vlookup-diversi-criteri\/#primaryimage\",\"url\":\"https:\/\/exceladvisor.org\/wp-content\/uploads\/2023\/08\/2-vlookup-avec-table-de-donnees-a-criteres-multiples-min-1.png\",\"contentUrl\":\"https:\/\/exceladvisor.org\/wp-content\/uploads\/2023\/08\/2-vlookup-avec-table-de-donnees-a-criteres-multiples-min-1.png\"},{\"@type\":\"BreadcrumbList\",\"@id\":\"https:\/\/exceladvisor.org\/it\/vlookup-diversi-criteri\/#breadcrumb\",\"itemListElement\":[{\"@type\":\"ListItem\",\"position\":1,\"name\":\"Home\",\"item\":\"https:\/\/exceladvisor.org\/it\/\"},{\"@type\":\"ListItem\",\"position\":2,\"name\":\"Come eseguire la cerca.vert con pi\u00f9 criteri in excel?\"}]},{\"@type\":\"WebSite\",\"@id\":\"https:\/\/exceladvisor.org\/it\/#website\",\"url\":\"https:\/\/exceladvisor.org\/it\/\",\"name\":\"Excel Advisor\",\"description\":\"Tips, Tricks, and Time-Saving Hacks\",\"publisher\":{\"@id\":\"https:\/\/exceladvisor.org\/it\/#organization\"},\"potentialAction\":[{\"@type\":\"SearchAction\",\"target\":{\"@type\":\"EntryPoint\",\"urlTemplate\":\"https:\/\/exceladvisor.org\/it\/?s={search_term_string}\"},\"query-input\":{\"@type\":\"PropertyValueSpecification\",\"valueRequired\":true,\"valueName\":\"search_term_string\"}}],\"inLanguage\":\"it-IT\"},{\"@type\":\"Organization\",\"@id\":\"https:\/\/exceladvisor.org\/it\/#organization\",\"name\":\"Excel Advisor\",\"url\":\"https:\/\/exceladvisor.org\/it\/\",\"logo\":{\"@type\":\"ImageObject\",\"inLanguage\":\"it-IT\",\"@id\":\"https:\/\/exceladvisor.org\/it\/#\/schema\/logo\/image\/\",\"url\":\"https:\/\/exceladvisor.org\/it\/wp-content\/uploads\/2023\/12\/exceladvisor.org_.png\",\"contentUrl\":\"https:\/\/exceladvisor.org\/it\/wp-content\/uploads\/2023\/12\/exceladvisor.org_.png\",\"width\":105,\"height\":36,\"caption\":\"Excel Advisor\"},\"image\":{\"@id\":\"https:\/\/exceladvisor.org\/it\/#\/schema\/logo\/image\/\"}}]}<\/script>\n<!-- \/ Yoast SEO plugin. -->","yoast_head_json":{"title":"\u25b7 Come eseguire la CERCA.VERT con pi\u00f9 criteri in Excel?","description":"L&#39;utilizzo di CERCA.VERT con pi\u00f9 criteri offre maggiore precisione durante la ricerca di un valore. E la parte migliore \u00e8 che \u00e8 facile...","robots":{"index":"index","follow":"follow","max-snippet":"max-snippet:-1","max-image-preview":"max-image-preview:large","max-video-preview":"max-video-preview:-1"},"canonical":"https:\/\/exceladvisor.org\/it\/vlookup-diversi-criteri\/","og_locale":"it_IT","og_type":"article","og_title":"\u25b7 Come eseguire la CERCA.VERT con pi\u00f9 criteri in Excel?","og_description":"L&#39;utilizzo di CERCA.VERT con pi\u00f9 criteri offre maggiore precisione durante la ricerca di un valore. E la parte migliore \u00e8 che \u00e8 facile...","og_url":"https:\/\/exceladvisor.org\/it\/vlookup-diversi-criteri\/","og_site_name":"Excel Advisor","article_modified_time":"2023-12-10T06:23:13+00:00","og_image":[{"url":"https:\/\/exceladvisor.org\/wp-content\/uploads\/2023\/08\/2-vlookup-avec-table-de-donnees-a-criteres-multiples-min-1.png","type":"","width":"","height":""}],"twitter_card":"summary_large_image","twitter_misc":{"Tempo di lettura stimato":"3 minuti"},"schema":{"@context":"https:\/\/schema.org","@graph":[{"@type":"WebPage","@id":"https:\/\/exceladvisor.org\/it\/vlookup-diversi-criteri\/","url":"https:\/\/exceladvisor.org\/it\/vlookup-diversi-criteri\/","name":"\u25b7 Come eseguire la CERCA.VERT con pi\u00f9 criteri in Excel?","isPartOf":{"@id":"https:\/\/exceladvisor.org\/it\/#website"},"primaryImageOfPage":{"@id":"https:\/\/exceladvisor.org\/it\/vlookup-diversi-criteri\/#primaryimage"},"image":{"@id":"https:\/\/exceladvisor.org\/it\/vlookup-diversi-criteri\/#primaryimage"},"thumbnailUrl":"https:\/\/exceladvisor.org\/wp-content\/uploads\/2023\/08\/2-vlookup-avec-table-de-donnees-a-criteres-multiples-min-1.png","datePublished":"2023-11-13T16:32:31+00:00","dateModified":"2023-12-10T06:23:13+00:00","description":"L&#39;utilizzo di CERCA.VERT con pi\u00f9 criteri offre maggiore precisione durante la ricerca di un valore. E la parte migliore \u00e8 che \u00e8 facile...","breadcrumb":{"@id":"https:\/\/exceladvisor.org\/it\/vlookup-diversi-criteri\/#breadcrumb"},"inLanguage":"it-IT","potentialAction":[{"@type":"ReadAction","target":["https:\/\/exceladvisor.org\/it\/vlookup-diversi-criteri\/"]}]},{"@type":"ImageObject","inLanguage":"it-IT","@id":"https:\/\/exceladvisor.org\/it\/vlookup-diversi-criteri\/#primaryimage","url":"https:\/\/exceladvisor.org\/wp-content\/uploads\/2023\/08\/2-vlookup-avec-table-de-donnees-a-criteres-multiples-min-1.png","contentUrl":"https:\/\/exceladvisor.org\/wp-content\/uploads\/2023\/08\/2-vlookup-avec-table-de-donnees-a-criteres-multiples-min-1.png"},{"@type":"BreadcrumbList","@id":"https:\/\/exceladvisor.org\/it\/vlookup-diversi-criteri\/#breadcrumb","itemListElement":[{"@type":"ListItem","position":1,"name":"Home","item":"https:\/\/exceladvisor.org\/it\/"},{"@type":"ListItem","position":2,"name":"Come eseguire la cerca.vert con pi\u00f9 criteri in excel?"}]},{"@type":"WebSite","@id":"https:\/\/exceladvisor.org\/it\/#website","url":"https:\/\/exceladvisor.org\/it\/","name":"Excel Advisor","description":"Tips, Tricks, and Time-Saving Hacks","publisher":{"@id":"https:\/\/exceladvisor.org\/it\/#organization"},"potentialAction":[{"@type":"SearchAction","target":{"@type":"EntryPoint","urlTemplate":"https:\/\/exceladvisor.org\/it\/?s={search_term_string}"},"query-input":{"@type":"PropertyValueSpecification","valueRequired":true,"valueName":"search_term_string"}}],"inLanguage":"it-IT"},{"@type":"Organization","@id":"https:\/\/exceladvisor.org\/it\/#organization","name":"Excel Advisor","url":"https:\/\/exceladvisor.org\/it\/","logo":{"@type":"ImageObject","inLanguage":"it-IT","@id":"https:\/\/exceladvisor.org\/it\/#\/schema\/logo\/image\/","url":"https:\/\/exceladvisor.org\/it\/wp-content\/uploads\/2023\/12\/exceladvisor.org_.png","contentUrl":"https:\/\/exceladvisor.org\/it\/wp-content\/uploads\/2023\/12\/exceladvisor.org_.png","width":105,"height":36,"caption":"Excel Advisor"},"image":{"@id":"https:\/\/exceladvisor.org\/it\/#\/schema\/logo\/image\/"}}]}},"yoast_meta":{"yoast_wpseo_title":"","yoast_wpseo_metadesc":"","yoast_wpseo_canonical":""},"_links":{"self":[{"href":"https:\/\/exceladvisor.org\/it\/wp-json\/wp\/v2\/pages\/1653","targetHints":{"allow":["GET"]}}],"collection":[{"href":"https:\/\/exceladvisor.org\/it\/wp-json\/wp\/v2\/pages"}],"about":[{"href":"https:\/\/exceladvisor.org\/it\/wp-json\/wp\/v2\/types\/page"}],"author":[{"embeddable":true,"href":"https:\/\/exceladvisor.org\/it\/wp-json\/wp\/v2\/users\/1"}],"replies":[{"embeddable":true,"href":"https:\/\/exceladvisor.org\/it\/wp-json\/wp\/v2\/comments?post=1653"}],"version-history":[{"count":1,"href":"https:\/\/exceladvisor.org\/it\/wp-json\/wp\/v2\/pages\/1653\/revisions"}],"predecessor-version":[{"id":2495,"href":"https:\/\/exceladvisor.org\/it\/wp-json\/wp\/v2\/pages\/1653\/revisions\/2495"}],"wp:attachment":[{"href":"https:\/\/exceladvisor.org\/it\/wp-json\/wp\/v2\/media?parent=1653"}],"curies":[{"name":"wp","href":"https:\/\/api.w.org\/{rel}","templated":true}]}}