{"id":1654,"date":"2023-11-13T16:20:36","date_gmt":"2023-11-13T16:20:36","guid":{"rendered":"https:\/\/exceladvisor.org\/it\/zeri-iniziali\/"},"modified":"2023-12-10T06:19:48","modified_gmt":"2023-12-10T06:19:48","slug":"zeri-iniziali","status":"publish","type":"page","link":"https:\/\/exceladvisor.org\/it\/zeri-iniziali\/","title":{"rendered":"Come aggiungere gli zeri iniziali in excel?"},"content":{"rendered":"<div class=\"excel-prima-del-contenuto\" id=\"excel-1366224040\"><script type=\"text\/javascript\">\r\n\tatOptions = {\r\n\t\t'key' : 'c1158f160081d6540a8409e6925dab94',\r\n\t\t'format' : 'iframe',\r\n\t\t'height' : 250,\r\n\t\t'width' : 300,\r\n\t\t'params' : {}\r\n\t};\r\n<\/script>\r\n<script type=\"text\/javascript\" src=\"\/\/www.highperformanceformat.com\/c1158f160081d6540a8409e6925dab94\/invoke.js\"><\/script><\/div> <p>Esistono alcune regole predefinite in Excel che potrebbero infastidirti. Una di queste regole \u00e8 che non puoi aggiungere uno zero prima di un numero.<\/p><p> La ragione di ci\u00f2 \u00e8 che uno zero davanti a un numero non ha significato e non ha valore per il numero stesso.<\/p><p> Ogni volta che provi a inserire uno zero prima di un numero, Excel lo rimuover\u00e0 e otterrai il numero solo da un numero reale.<\/p><p> Ora il problema \u00e8 questo: ci sono situazioni uniche in cui dobbiamo aggiungere uno zero prima di un numero e vogliamo che lo zero rimanga l\u00ec.<\/p><p> <span style=\"color: #000000;\">Ad esempio,<\/span> numeri di telefono, codici postali, numeri di fattura, ecc.<\/p><p> Quindi, oggi in questo articolo, vorrei condividere con voi 5 diversi metodi che possiamo utilizzare per aggiungere zeri iniziali in Excel.<\/p><h2 id=\"h-convert-a-number-into-a-text-for-adding-zeros\" class=\"wp-block-heading\"> Converti un numero in testo per aggiungere zeri<\/h2><p> Ecco una cosa: <span style=\"font-size: revert;\">se<\/span> <strong style=\"font-size: revert;\"><span style=\"color: #000000;\">cambi il formato di una cella da numero a testo<\/span><\/strong> <span style=\"font-size: revert;\">, puoi aggiungere uno zero iniziale senza alcun problema.<\/span><\/p><p> In questo modo, Excel non tratter\u00e0 il tuo numero come un numero reale e rimuover\u00e0 eventuali zeri da esso.<\/p><ul><li> Seleziona le celle in cui desideri aggiungere gli zeri iniziali.<\/li><li> Vai a Home \u279c Numero \u279c Cambia il formato del numero in testo. <\/li><\/ul><div class=\"wp-block-image\"><figure class=\"aligncenter\"><img decoding=\"async\" src=\"https:\/\/exceladvisor.org\/wp-content\/uploads\/2023\/08\/Ajouter-des-zeros-non-significatifs-dans-Excel-3-1.gif\" sizes=\"\" srcset=\"\" alt=\"Utilizzo del formato testo per aggiungere zeri iniziali in Excel prima di un numero\"><\/figure><\/div><p> Ora puoi facilmente aggiungere zeri all&#8217;inizio dei numeri. Non puoi pi\u00f9 utilizzare questi numeri in nessun tipo di calcolo perch\u00e9 ora sono in formato testo.<\/p><h2 id=\"h-use-concatenate-function-to-add-a-zero\" class=\"wp-block-heading\"> Utilizzare la funzione concatena per aggiungere uno zero<\/h2><p> Se vuoi inserire un numero fisso di zeri prima di un numero, puoi usare la funzione di concatenazione.<\/p><p> Con la funzione CONCATENA <span style=\"font-size: revert;\">si combinano gli zeri con i numeri reali.<\/span> Puoi utilizzare una formula come quella seguente per aggiungere uno zero prima dei numeri in una cella. <\/p><pre class=\"wp-block-code\"> <code class=\"language-excel-formula\" lang=\"excel-formula\">=CONCATENATE(\"0\",\"123458\")<\/code><\/pre><div class=\"wp-block-image\"><figure class=\"aligncenter\"><img decoding=\"async\" src=\"https:\/\/exceladvisor.org\/wp-content\/uploads\/2023\/08\/Ajouter-des-zeros-non-significatifs-dans-Excel-4-1.png\" sizes=\"\" srcset=\"\" alt=\"Utilizzo della funzione Concatena per aggiungere zeri iniziali in Excel prima di un numero\"><\/figure><\/div><p class=\"content-box-red\"> Non puoi pi\u00f9 utilizzare questi numeri in nessun tipo di calcolo perch\u00e9 ora sono in formato testo.<\/p><h2 id=\"h-add-dynamic-leading-zeros-with-rept-function\" class=\"wp-block-heading\"> Aggiungi zeri iniziali dinamici con la funzione REPT<\/h2><p> REPT \u00e8 una delle <a style=\"outline: none; display: inline-block;\" href=\"https:\/\/exceladvisor.org\/it\/funzioni-di-excel\/\">mie funzioni Excel preferite<\/a> che pu\u00f2 ripetere il testo pi\u00f9 volte. Ora lascia che ti mostri come questo pu\u00f2 aiutarci a prefissare lo zero in una cella. <\/p><div class=\"wp-block-image\"><figure class=\"aligncenter\"><img decoding=\"async\" src=\"https:\/\/exceladvisor.org\/wp-content\/uploads\/2023\/08\/Ajouter-des-zeros-non-significatifs-dans-Excel-5-1.gif\" sizes=\"\" srcset=\"\" alt=\"Utilizzo della funzione REPT per aggiungere zeri iniziali in Excel prima di un numero\"><\/figure><\/div><pre class=\"wp-block-code\"> <code class=\"language-excel-formula\" lang=\"excel-formula\">=REPT(0,7-LEN(B5))&amp;B5<\/code><\/pre><p> Nell&#8217;esempio sopra, abbiamo utilizzato REPT per ottenere un totale di 8 cifre in una cella. Se una cella ha 6 cifre, il resto delle 2 cifre sar\u00e0 zero e se una cella ha 4 cifre, il resto delle 4 cifre sar\u00e0 zero.<\/p><p> Questa \u00e8 una formula dinamica per ottenere lo zero prima dei numeri. Non puoi pi\u00f9 utilizzare questi numeri in nessun tipo di calcolo perch\u00e9 ora sono in formato testo.<\/p><h2 id=\"h-use-text-function-to-add-leading-zeros-format\" class=\"wp-block-heading\"> Utilizzare la funzione TESTO per aggiungere il formato zero iniziale<\/h2><p> Puoi anche utilizzare la <a href=\"https:\/\/support.office.com\/en-us\/article\/text-functions-reference-cccd86ad-547d-4ea9-a065-7bb697c2a56e\" target=\"_blank\" rel=\"noopener noreferrer\">funzione TESTO<\/a> per aggiungere zeri iniziali. La funzione TESTO ti dar\u00e0 lo stesso risultato che puoi ottenere utilizzando il formato testo. <\/p><pre class=\"wp-block-code\"> <code class=\"language-excel-formula\" lang=\"excel-formula\">=TEXT(B6,\"0000000\")<\/code><\/pre><div class=\"wp-block-image\"><figure class=\"aligncenter\"><img decoding=\"async\" src=\"https:\/\/exceladvisor.org\/wp-content\/uploads\/2023\/08\/Ajouter-des-zeros-non-significatifs-dans-Excel-6-1.gif\" sizes=\"\" srcset=\"\" alt=\"Utilizzo della funzione testo per aggiungere zeri iniziali in Excel prima di un numero\"><\/figure><\/div><p> Nell&#8217;esempio sopra abbiamo convertito un numero in un testo in cui otterrai sempre 7 cifre. Se hai 5 cifre, i numeri rimanenti del 2 saranno zero all&#8217;inizio.<\/p><p> Nella funzione testo, fai semplicemente riferimento alla cella che ha il valore, quindi al formato come ho specificato nell&#8217;esempio sopra. Non puoi utilizzare questi numeri in nessun tipo di calcolo perch\u00e9 ora sono in formato testo.<\/p><h2 id=\"h-apply-custom-format-with-leading-zeros\" class=\"wp-block-heading\"> Applica il formato personalizzato con zeri iniziali<\/h2><p> Se non desideri utilizzare formule o altri metodi, puoi applicare un formato personalizzato a una cella. Penso che questo sia il metodo migliore da utilizzare e <span style=\"color: #000000;\">abbia un ulteriore vantaggio rispetto a tutti gli altri metodi<\/span> . <\/p><div class=\"wp-block-image\"><figure class=\"aligncenter\"><img decoding=\"async\" src=\"https:\/\/exceladvisor.org\/wp-content\/uploads\/2023\/08\/Ajouter-des-zeros-non-significatifs-dans-Excel-7-1.png\" sizes=\"\" srcset=\"\" alt=\"utilizzare il formato personalizzato per aggiungere zeri iniziali in Excel\"><\/figure><\/div><ol><li> Seleziona la cella in cui desideri aggiungere zeri come prefisso.<\/li><li> Fare clic con il pulsante destro del mouse su \u279c Opzione formato oppure utilizzare il tasto di scelta rapida Ctrl+1 per aprire la &#8220;finestra di dialogo Formato cella&#8221;.<\/li><li> Nella categoria \u279c Seleziona Personalizzato.<\/li><li> Nella finestra di dialogo di input personalizzato, inserisci &#8220;0000000&#8221;.<\/li><li> Fare clic su OK.<\/li><\/ol><p> Nell&#8217;esempio sopra, abbiamo formattato le celle con numeri a 7 cifre in cui otterrai sempre 7 cifre. Se hai 5 cifre, il resto delle 2 saranno zeri iniziali.<\/p><p> Se controlli <a style=\"outline: none;\" href=\"https:\/\/exceladvisor.org\/it\/barra-delle-formule-excel\/\">la barra della formula di Excel<\/a> , hai il valore numerico effettivo nella cella e puoi utilizzare questo numero per il calcolo, cosa che non \u00e8 possibile negli altri metodi. <\/p><div class=\"gb-container gb-container-bafb25cc gb-container-download-2\"><div class=\"gb-grid-wrapper gb-grid-wrapper-91201309\"><div class=\"gb-grid-column gb-grid-column-15a917ef\"><div class=\"gb-container gb-container-15a917ef\"><h2 class=\"gb-headline gb-headline-f2deb261 gb-headline-text gb-headline-download-2\"> Ottieni il file Excel <\/h2><\/div><\/div><div class=\"gb-grid-column gb-grid-column-18357188\"><div class=\"gb-container gb-container-18357188\"><div class=\"gb-container gb-container-76cbe15e\"> <a class=\"gb-button gb-button-cb63d00a gb-button-text gb-button-download-2\" href=\"https:\/\/exceladvisor.org\/wp-content\/uploads\/2023\/11\/ajouter-des-zeros-non-significatifs-dans-excel.xlsx\" rel=\"nofollow\">Scaricamento<\/a><\/div><\/div><\/div><\/div><\/div><h2 id=\"h-conclusion\" class=\"wp-block-heading\"> Conclusione<\/h2><p> Nella maggior parte dei casi \u00e8 necessario inserire uno zero prima di un numero quando si tratta di un tipo specifico di numeri, ad esempio numeri di fattura, numeri di cellulare, codici postali, ecc.<\/p><p> Con i numeri normali questo tipo di situazione non si verifica mai perch\u00e9 siamo pi\u00f9 nel calcolo che nel formato.<\/p><p> Ma se ci\u00f2 accade, ora hai 5 metodi diversi per affrontarlo e spero che questi metodi ti aiutino, ma ora dimmi una cosa.<\/p><p> Hai un altro metodo per aggiungere zeri davanti a un numero?<\/p><p> Assicurati di condividere i tuoi pensieri con me nella sezione commenti, mi piacerebbe sentire la tua opinione. E per favore non dimenticare di condividere questo post con i tuoi amici, sono sicuro che gli piacer\u00e0.<\/p><div class=\"gb-container gb-container-0df56012 gb-container-mt\"> <a class=\"gb-button gb-button-f9f432f4 gb-button-text gb-button-mt-button\" href=\"https:\/\/exceladvisor.org\/it\/formule\/\">Elenco delle formule di Excel<\/a><h2 class=\"gb-headline gb-headline-233444e8 gb-headline-text gb-headline-mt-heading\"> Formule correlate <\/h2><div class=\"gb-grid-wrapper gb-grid-wrapper-a16fa65c gb-grid-wrapper-mt-grid\"><div class=\"gb-grid-column gb-grid-column-50d07e0d\"><div class=\"gb-container gb-container-50d07e0d\"><ul><li> <a href=\"https:\/\/exceladvisor.org\/it\/nuova-riga-nella-cella\/\">Aggiungi una nuova riga a una cella in Excel (interruzione di riga)<\/a><\/li><li> <a href=\"https:\/\/exceladvisor.org\/it\/concatenare-le-celle-con-una-virgola\/\">Concatena (combina) le celle con una virgola in Excel<\/a><\/li><li> <a href=\"https:\/\/exceladvisor.org\/it\/concatenare-un-intervallo-di-celle\/\">Concatena (combina) un intervallo di celle in Excel<\/a><\/li><li> <a href=\"https:\/\/exceladvisor.org\/it\/concatenare-uninterruzione-di-riga\/\">Concatena con interruzione di riga in Excel<\/a> <\/li><\/ul><\/div><\/div><div class=\"gb-grid-column gb-grid-column-5b4a0cf9\"><div class=\"gb-container gb-container-5b4a0cf9\"><\/div><\/div><\/div><\/div>","protected":false},"excerpt":{"rendered":"","protected":false},"author":1,"featured_media":0,"parent":0,"menu_order":0,"comment_status":"open","ping_status":"closed","template":"","meta":{"ub_ctt_via":"","footnotes":""},"class_list":["post-1654","page","type-page","status-publish","hentry"],"featured_image_src":null,"yoast_head":"<!-- This site is optimized with the Yoast SEO plugin v25.4 - https:\/\/yoast.com\/wordpress\/plugins\/seo\/ -->\n<title>\u25b7 Come aggiungere gli zeri iniziali in Excel?<\/title>\n<meta name=\"description\" content=\"Esistono alcune regole predefinite in Excel che potrebbero infastidirti. E una di queste regole \u00e8 che non puoi aggiungere uno zero\" \/>\n<meta name=\"robots\" content=\"index, follow, max-snippet:-1, max-image-preview:large, max-video-preview:-1\" \/>\n<link rel=\"canonical\" href=\"https:\/\/exceladvisor.org\/it\/zeri-iniziali\/\" \/>\n<meta property=\"og:locale\" content=\"it_IT\" \/>\n<meta property=\"og:type\" content=\"article\" \/>\n<meta property=\"og:title\" content=\"\u25b7 Come aggiungere gli zeri iniziali in Excel?\" \/>\n<meta property=\"og:description\" content=\"Esistono alcune regole predefinite in Excel che potrebbero infastidirti. E una di queste regole \u00e8 che non puoi aggiungere uno zero\" \/>\n<meta property=\"og:url\" content=\"https:\/\/exceladvisor.org\/it\/zeri-iniziali\/\" \/>\n<meta property=\"og:site_name\" content=\"Excel Advisor\" \/>\n<meta property=\"article:modified_time\" content=\"2023-12-10T06:19:48+00:00\" \/>\n<meta property=\"og:image\" content=\"https:\/\/exceladvisor.org\/wp-content\/uploads\/2023\/08\/Ajouter-des-zeros-non-significatifs-dans-Excel-3-1.gif\" \/>\n<meta name=\"twitter:card\" content=\"summary_large_image\" \/>\n<meta name=\"twitter:label1\" content=\"Tempo di lettura stimato\" \/>\n\t<meta name=\"twitter:data1\" content=\"4 minuti\" \/>\n<script type=\"application\/ld+json\" class=\"yoast-schema-graph\">{\"@context\":\"https:\/\/schema.org\",\"@graph\":[{\"@type\":\"WebPage\",\"@id\":\"https:\/\/exceladvisor.org\/it\/zeri-iniziali\/\",\"url\":\"https:\/\/exceladvisor.org\/it\/zeri-iniziali\/\",\"name\":\"\u25b7 Come aggiungere gli zeri iniziali in Excel?\",\"isPartOf\":{\"@id\":\"https:\/\/exceladvisor.org\/it\/#website\"},\"primaryImageOfPage\":{\"@id\":\"https:\/\/exceladvisor.org\/it\/zeri-iniziali\/#primaryimage\"},\"image\":{\"@id\":\"https:\/\/exceladvisor.org\/it\/zeri-iniziali\/#primaryimage\"},\"thumbnailUrl\":\"https:\/\/exceladvisor.org\/wp-content\/uploads\/2023\/08\/Ajouter-des-zeros-non-significatifs-dans-Excel-3-1.gif\",\"datePublished\":\"2023-11-13T16:20:36+00:00\",\"dateModified\":\"2023-12-10T06:19:48+00:00\",\"description\":\"Esistono alcune regole predefinite in Excel che potrebbero infastidirti. E una di queste regole \u00e8 che non puoi aggiungere uno zero\",\"breadcrumb\":{\"@id\":\"https:\/\/exceladvisor.org\/it\/zeri-iniziali\/#breadcrumb\"},\"inLanguage\":\"it-IT\",\"potentialAction\":[{\"@type\":\"ReadAction\",\"target\":[\"https:\/\/exceladvisor.org\/it\/zeri-iniziali\/\"]}]},{\"@type\":\"ImageObject\",\"inLanguage\":\"it-IT\",\"@id\":\"https:\/\/exceladvisor.org\/it\/zeri-iniziali\/#primaryimage\",\"url\":\"https:\/\/exceladvisor.org\/wp-content\/uploads\/2023\/08\/Ajouter-des-zeros-non-significatifs-dans-Excel-3-1.gif\",\"contentUrl\":\"https:\/\/exceladvisor.org\/wp-content\/uploads\/2023\/08\/Ajouter-des-zeros-non-significatifs-dans-Excel-3-1.gif\"},{\"@type\":\"BreadcrumbList\",\"@id\":\"https:\/\/exceladvisor.org\/it\/zeri-iniziali\/#breadcrumb\",\"itemListElement\":[{\"@type\":\"ListItem\",\"position\":1,\"name\":\"Home\",\"item\":\"https:\/\/exceladvisor.org\/it\/\"},{\"@type\":\"ListItem\",\"position\":2,\"name\":\"Come aggiungere gli zeri iniziali in excel?\"}]},{\"@type\":\"WebSite\",\"@id\":\"https:\/\/exceladvisor.org\/it\/#website\",\"url\":\"https:\/\/exceladvisor.org\/it\/\",\"name\":\"Excel Advisor\",\"description\":\"Tips, Tricks, and Time-Saving Hacks\",\"publisher\":{\"@id\":\"https:\/\/exceladvisor.org\/it\/#organization\"},\"potentialAction\":[{\"@type\":\"SearchAction\",\"target\":{\"@type\":\"EntryPoint\",\"urlTemplate\":\"https:\/\/exceladvisor.org\/it\/?s={search_term_string}\"},\"query-input\":{\"@type\":\"PropertyValueSpecification\",\"valueRequired\":true,\"valueName\":\"search_term_string\"}}],\"inLanguage\":\"it-IT\"},{\"@type\":\"Organization\",\"@id\":\"https:\/\/exceladvisor.org\/it\/#organization\",\"name\":\"Excel Advisor\",\"url\":\"https:\/\/exceladvisor.org\/it\/\",\"logo\":{\"@type\":\"ImageObject\",\"inLanguage\":\"it-IT\",\"@id\":\"https:\/\/exceladvisor.org\/it\/#\/schema\/logo\/image\/\",\"url\":\"https:\/\/exceladvisor.org\/it\/wp-content\/uploads\/2023\/12\/exceladvisor.org_.png\",\"contentUrl\":\"https:\/\/exceladvisor.org\/it\/wp-content\/uploads\/2023\/12\/exceladvisor.org_.png\",\"width\":105,\"height\":36,\"caption\":\"Excel Advisor\"},\"image\":{\"@id\":\"https:\/\/exceladvisor.org\/it\/#\/schema\/logo\/image\/\"}}]}<\/script>\n<!-- \/ Yoast SEO plugin. -->","yoast_head_json":{"title":"\u25b7 Come aggiungere gli zeri iniziali in Excel?","description":"Esistono alcune regole predefinite in Excel che potrebbero infastidirti. E una di queste regole \u00e8 che non puoi aggiungere uno zero","robots":{"index":"index","follow":"follow","max-snippet":"max-snippet:-1","max-image-preview":"max-image-preview:large","max-video-preview":"max-video-preview:-1"},"canonical":"https:\/\/exceladvisor.org\/it\/zeri-iniziali\/","og_locale":"it_IT","og_type":"article","og_title":"\u25b7 Come aggiungere gli zeri iniziali in Excel?","og_description":"Esistono alcune regole predefinite in Excel che potrebbero infastidirti. E una di queste regole \u00e8 che non puoi aggiungere uno zero","og_url":"https:\/\/exceladvisor.org\/it\/zeri-iniziali\/","og_site_name":"Excel Advisor","article_modified_time":"2023-12-10T06:19:48+00:00","og_image":[{"url":"https:\/\/exceladvisor.org\/wp-content\/uploads\/2023\/08\/Ajouter-des-zeros-non-significatifs-dans-Excel-3-1.gif","type":"","width":"","height":""}],"twitter_card":"summary_large_image","twitter_misc":{"Tempo di lettura stimato":"4 minuti"},"schema":{"@context":"https:\/\/schema.org","@graph":[{"@type":"WebPage","@id":"https:\/\/exceladvisor.org\/it\/zeri-iniziali\/","url":"https:\/\/exceladvisor.org\/it\/zeri-iniziali\/","name":"\u25b7 Come aggiungere gli zeri iniziali in Excel?","isPartOf":{"@id":"https:\/\/exceladvisor.org\/it\/#website"},"primaryImageOfPage":{"@id":"https:\/\/exceladvisor.org\/it\/zeri-iniziali\/#primaryimage"},"image":{"@id":"https:\/\/exceladvisor.org\/it\/zeri-iniziali\/#primaryimage"},"thumbnailUrl":"https:\/\/exceladvisor.org\/wp-content\/uploads\/2023\/08\/Ajouter-des-zeros-non-significatifs-dans-Excel-3-1.gif","datePublished":"2023-11-13T16:20:36+00:00","dateModified":"2023-12-10T06:19:48+00:00","description":"Esistono alcune regole predefinite in Excel che potrebbero infastidirti. E una di queste regole \u00e8 che non puoi aggiungere uno zero","breadcrumb":{"@id":"https:\/\/exceladvisor.org\/it\/zeri-iniziali\/#breadcrumb"},"inLanguage":"it-IT","potentialAction":[{"@type":"ReadAction","target":["https:\/\/exceladvisor.org\/it\/zeri-iniziali\/"]}]},{"@type":"ImageObject","inLanguage":"it-IT","@id":"https:\/\/exceladvisor.org\/it\/zeri-iniziali\/#primaryimage","url":"https:\/\/exceladvisor.org\/wp-content\/uploads\/2023\/08\/Ajouter-des-zeros-non-significatifs-dans-Excel-3-1.gif","contentUrl":"https:\/\/exceladvisor.org\/wp-content\/uploads\/2023\/08\/Ajouter-des-zeros-non-significatifs-dans-Excel-3-1.gif"},{"@type":"BreadcrumbList","@id":"https:\/\/exceladvisor.org\/it\/zeri-iniziali\/#breadcrumb","itemListElement":[{"@type":"ListItem","position":1,"name":"Home","item":"https:\/\/exceladvisor.org\/it\/"},{"@type":"ListItem","position":2,"name":"Come aggiungere gli zeri iniziali in excel?"}]},{"@type":"WebSite","@id":"https:\/\/exceladvisor.org\/it\/#website","url":"https:\/\/exceladvisor.org\/it\/","name":"Excel Advisor","description":"Tips, Tricks, and Time-Saving Hacks","publisher":{"@id":"https:\/\/exceladvisor.org\/it\/#organization"},"potentialAction":[{"@type":"SearchAction","target":{"@type":"EntryPoint","urlTemplate":"https:\/\/exceladvisor.org\/it\/?s={search_term_string}"},"query-input":{"@type":"PropertyValueSpecification","valueRequired":true,"valueName":"search_term_string"}}],"inLanguage":"it-IT"},{"@type":"Organization","@id":"https:\/\/exceladvisor.org\/it\/#organization","name":"Excel Advisor","url":"https:\/\/exceladvisor.org\/it\/","logo":{"@type":"ImageObject","inLanguage":"it-IT","@id":"https:\/\/exceladvisor.org\/it\/#\/schema\/logo\/image\/","url":"https:\/\/exceladvisor.org\/it\/wp-content\/uploads\/2023\/12\/exceladvisor.org_.png","contentUrl":"https:\/\/exceladvisor.org\/it\/wp-content\/uploads\/2023\/12\/exceladvisor.org_.png","width":105,"height":36,"caption":"Excel Advisor"},"image":{"@id":"https:\/\/exceladvisor.org\/it\/#\/schema\/logo\/image\/"}}]}},"yoast_meta":{"yoast_wpseo_title":"","yoast_wpseo_metadesc":"","yoast_wpseo_canonical":""},"_links":{"self":[{"href":"https:\/\/exceladvisor.org\/it\/wp-json\/wp\/v2\/pages\/1654","targetHints":{"allow":["GET"]}}],"collection":[{"href":"https:\/\/exceladvisor.org\/it\/wp-json\/wp\/v2\/pages"}],"about":[{"href":"https:\/\/exceladvisor.org\/it\/wp-json\/wp\/v2\/types\/page"}],"author":[{"embeddable":true,"href":"https:\/\/exceladvisor.org\/it\/wp-json\/wp\/v2\/users\/1"}],"replies":[{"embeddable":true,"href":"https:\/\/exceladvisor.org\/it\/wp-json\/wp\/v2\/comments?post=1654"}],"version-history":[{"count":1,"href":"https:\/\/exceladvisor.org\/it\/wp-json\/wp\/v2\/pages\/1654\/revisions"}],"predecessor-version":[{"id":2265,"href":"https:\/\/exceladvisor.org\/it\/wp-json\/wp\/v2\/pages\/1654\/revisions\/2265"}],"wp:attachment":[{"href":"https:\/\/exceladvisor.org\/it\/wp-json\/wp\/v2\/media?parent=1654"}],"curies":[{"name":"wp","href":"https:\/\/api.w.org\/{rel}","templated":true}]}}