{"id":1659,"date":"2023-11-12T18:51:05","date_gmt":"2023-11-12T18:51:05","guid":{"rendered":"https:\/\/exceladvisor.org\/it\/stelle\/"},"modified":"2023-12-10T06:23:19","modified_gmt":"2023-12-10T06:23:19","slug":"stelle","status":"publish","type":"page","link":"https:\/\/exceladvisor.org\/it\/stelle\/","title":{"rendered":"Come creare un modello di valutazione a stelle in excel?"},"content":{"rendered":"<div class=\"excel-prima-del-contenuto\" id=\"excel-2080894998\"><script type=\"text\/javascript\">\r\n\tatOptions = {\r\n\t\t'key' : 'c1158f160081d6540a8409e6925dab94',\r\n\t\t'format' : 'iframe',\r\n\t\t'height' : 250,\r\n\t\t'width' : 300,\r\n\t\t'params' : {}\r\n\t};\r\n<\/script>\r\n<script type=\"text\/javascript\" src=\"\/\/www.highperformanceformat.com\/c1158f160081d6540a8409e6925dab94\/invoke.js\"><\/script><\/div> <p class=\"has-text-align-left\">Ecco un suggerimento rapido per aiutarti a creare un modello di valutazione a stelle in Excel. Per creare questo modello di valutazione a stelle, tutto ci\u00f2 di cui hai bisogno \u00e8 la funzione REPT. La funzione REPT \u00e8 utile quando si desidera ripetere un determinato testo un certo numero di volte.<\/p><h2 id=\"h-steps-to-create-a-star-rating-template\" class=\"wp-block-heading\"> Passaggi per creare un modello di valutazione a stelle<\/h2><ol><li> Inserisci due diversi tipi di stelle (\u2606\u2605) nel tuo foglio di calcolo e posizionali in due celle diverse.<\/li><li> Inserisci cinque pulsanti di opzione (controllo modulo) dalla scheda sviluppatore. E crea un collegamento a cella singola per tutti i pulsanti. Posizionali in cinque celle in direzione verticale.<\/li><li> Unisci 5 celle, solo una colonna prima, dove ci sono i pulsanti.<\/li><li> Inserisci &#8220;=REPT(H11,5-K11)&amp;REPT(I11,K11)&#8221; nella cella unita.<\/li><li> Modifica l&#8217;orientamento del testo della cella in testo verticale, quindi modifica l&#8217;allineamento del testo al centro e in basso.<\/li><\/ol><p> Il tuo modello \u00e8 pronto. <\/p><div class=\"wp-block-image\"><figure class=\"aligncenter\"><img decoding=\"async\" src=\"https:\/\/exceladvisor.org\/wp-content\/uploads\/2023\/08\/modele-devaluation-par-etoiles-dans-excel.gif\" sizes=\"\" srcset=\"\" alt=\"Modello di valutazione a stelle in Excel\"><\/figure><\/div><h2 id=\"h-how-it-works\" class=\"wp-block-heading\"> Come funziona<\/h2><p> La prima parte della formula ti dar\u00e0 le stelle descritte. Ad esempio, quando fai clic su una valutazione a 3 stelle, verranno assegnate le restanti due stelle nel piano.<\/p><p> La seconda parte della formula ti dar\u00e0 le stelle piene. Ad esempio, quando fai clic sulla valutazione a 4 stelle, otterrai 4 stelle piene.<\/p><p class=\"content-box-green\"> Puoi anche inserire simboli nella formula stessa oppure puoi anche utilizzare altri tipi di simboli come desideri. <\/p><div class=\"gb-container gb-container-bafb25cc gb-container-download-2\"><div class=\"gb-grid-wrapper gb-grid-wrapper-91201309\"><div class=\"gb-grid-column gb-grid-column-15a917ef\"><div class=\"gb-container gb-container-15a917ef\"><h2 class=\"gb-headline gb-headline-f2deb261 gb-headline-text gb-headline-download-2\"> Ottieni il file Excel <\/h2><\/div><\/div><div class=\"gb-grid-column gb-grid-column-18357188\"><div class=\"gb-container gb-container-18357188\"><div class=\"gb-container gb-container-76cbe15e\"> <a class=\"gb-button gb-button-cb63d00a gb-button-text gb-button-download-2\" href=\"https:\/\/exceladvisor.org\/wp-content\/uploads\/2023\/11\/modele-devaluation-par-etoiles-excel-2.xlsx\" rel=\"nofollow\">Scaricamento<\/a><\/div><\/div><\/div><\/div><\/div><div class=\"gb-container gb-container-0df56012 gb-container-mt\"> <a class=\"gb-button gb-button-f9f432f4 gb-button-text gb-button-mt-button\" href=\"https:\/\/exceladvisor.org\/it\/formule\/\">Elenco delle formule di Excel<\/a><h2 class=\"gb-headline gb-headline-233444e8 gb-headline-text gb-headline-mt-heading\"> Formule correlate <\/h2><div class=\"gb-grid-wrapper gb-grid-wrapper-a16fa65c gb-grid-wrapper-mt-grid\"><div class=\"gb-grid-column gb-grid-column-50d07e0d\"><div class=\"gb-container gb-container-50d07e0d\"><ul><li> <a href=\"https:\/\/exceladvisor.org\/it\/filtro-orizzontale\/\">Crea un filtro orizzontale in Excel<\/a><\/li><li> <a href=\"https:\/\/exceladvisor.org\/it\/ottenere-il-nome-del-file\/\">Ottieni il nome del file in Excel<\/a><\/li><li> <a href=\"https:\/\/exceladvisor.org\/it\/ottieni-il-nome-del-foglio\/\">Ottieni il nome del foglio in Excel<\/a><\/li><li> <a href=\"https:\/\/exceladvisor.org\/it\/generare-lettere-casuali\/\">Genera rapidamente lettere casuali in Excel<\/a><\/li><li> <a href=\"https:\/\/exceladvisor.org\/it\/randomizzare-lelenco\/\">Randomizza un elenco (ordinamento casuale) in Excel<\/a><\/li><\/ul><\/div><\/div><\/div><\/div>","protected":false},"excerpt":{"rendered":"","protected":false},"author":1,"featured_media":0,"parent":0,"menu_order":0,"comment_status":"open","ping_status":"closed","template":"","meta":{"ub_ctt_via":"","footnotes":""},"class_list":["post-1659","page","type-page","status-publish","hentry"],"featured_image_src":null,"yoast_head":"<!-- This site is optimized with the Yoast SEO plugin v25.4 - https:\/\/yoast.com\/wordpress\/plugins\/seo\/ -->\n<title>Come creare un modello di valutazione a stelle in Excel?<\/title>\n<meta name=\"description\" content=\"La funzione REPT \u00e8 utile quando si desidera ripetere pi\u00f9 volte un determinato testo. E oggi utilizzeremo questa formula per creare un modello di valutazione a stelle.\" \/>\n<meta name=\"robots\" content=\"index, follow, max-snippet:-1, max-image-preview:large, max-video-preview:-1\" \/>\n<link rel=\"canonical\" href=\"https:\/\/exceladvisor.org\/it\/stelle\/\" \/>\n<meta property=\"og:locale\" content=\"it_IT\" \/>\n<meta property=\"og:type\" content=\"article\" \/>\n<meta property=\"og:title\" content=\"Come creare un modello di valutazione a stelle in Excel?\" \/>\n<meta property=\"og:description\" content=\"La funzione REPT \u00e8 utile quando si desidera ripetere pi\u00f9 volte un determinato testo. E oggi utilizzeremo questa formula per creare un modello di valutazione a stelle.\" \/>\n<meta property=\"og:url\" content=\"https:\/\/exceladvisor.org\/it\/stelle\/\" \/>\n<meta property=\"og:site_name\" content=\"Excel Advisor\" \/>\n<meta property=\"article:modified_time\" content=\"2023-12-10T06:23:19+00:00\" \/>\n<meta property=\"og:image\" content=\"https:\/\/exceladvisor.org\/wp-content\/uploads\/2023\/08\/modele-devaluation-par-etoiles-dans-excel.gif\" \/>\n<meta name=\"twitter:card\" content=\"summary_large_image\" \/>\n<meta name=\"twitter:label1\" content=\"Tempo di lettura stimato\" \/>\n\t<meta name=\"twitter:data1\" content=\"1 minuto\" \/>\n<script type=\"application\/ld+json\" class=\"yoast-schema-graph\">{\"@context\":\"https:\/\/schema.org\",\"@graph\":[{\"@type\":\"WebPage\",\"@id\":\"https:\/\/exceladvisor.org\/it\/stelle\/\",\"url\":\"https:\/\/exceladvisor.org\/it\/stelle\/\",\"name\":\"Come creare un modello di valutazione a stelle in Excel?\",\"isPartOf\":{\"@id\":\"https:\/\/exceladvisor.org\/it\/#website\"},\"primaryImageOfPage\":{\"@id\":\"https:\/\/exceladvisor.org\/it\/stelle\/#primaryimage\"},\"image\":{\"@id\":\"https:\/\/exceladvisor.org\/it\/stelle\/#primaryimage\"},\"thumbnailUrl\":\"https:\/\/exceladvisor.org\/wp-content\/uploads\/2023\/08\/modele-devaluation-par-etoiles-dans-excel.gif\",\"datePublished\":\"2023-11-12T18:51:05+00:00\",\"dateModified\":\"2023-12-10T06:23:19+00:00\",\"description\":\"La funzione REPT \u00e8 utile quando si desidera ripetere pi\u00f9 volte un determinato testo. E oggi utilizzeremo questa formula per creare un modello di valutazione a stelle.\",\"breadcrumb\":{\"@id\":\"https:\/\/exceladvisor.org\/it\/stelle\/#breadcrumb\"},\"inLanguage\":\"it-IT\",\"potentialAction\":[{\"@type\":\"ReadAction\",\"target\":[\"https:\/\/exceladvisor.org\/it\/stelle\/\"]}]},{\"@type\":\"ImageObject\",\"inLanguage\":\"it-IT\",\"@id\":\"https:\/\/exceladvisor.org\/it\/stelle\/#primaryimage\",\"url\":\"https:\/\/exceladvisor.org\/wp-content\/uploads\/2023\/08\/modele-devaluation-par-etoiles-dans-excel.gif\",\"contentUrl\":\"https:\/\/exceladvisor.org\/wp-content\/uploads\/2023\/08\/modele-devaluation-par-etoiles-dans-excel.gif\"},{\"@type\":\"BreadcrumbList\",\"@id\":\"https:\/\/exceladvisor.org\/it\/stelle\/#breadcrumb\",\"itemListElement\":[{\"@type\":\"ListItem\",\"position\":1,\"name\":\"Home\",\"item\":\"https:\/\/exceladvisor.org\/it\/\"},{\"@type\":\"ListItem\",\"position\":2,\"name\":\"Come creare un modello di valutazione a stelle in excel?\"}]},{\"@type\":\"WebSite\",\"@id\":\"https:\/\/exceladvisor.org\/it\/#website\",\"url\":\"https:\/\/exceladvisor.org\/it\/\",\"name\":\"Excel Advisor\",\"description\":\"Tips, Tricks, and Time-Saving Hacks\",\"publisher\":{\"@id\":\"https:\/\/exceladvisor.org\/it\/#organization\"},\"potentialAction\":[{\"@type\":\"SearchAction\",\"target\":{\"@type\":\"EntryPoint\",\"urlTemplate\":\"https:\/\/exceladvisor.org\/it\/?s={search_term_string}\"},\"query-input\":{\"@type\":\"PropertyValueSpecification\",\"valueRequired\":true,\"valueName\":\"search_term_string\"}}],\"inLanguage\":\"it-IT\"},{\"@type\":\"Organization\",\"@id\":\"https:\/\/exceladvisor.org\/it\/#organization\",\"name\":\"Excel Advisor\",\"url\":\"https:\/\/exceladvisor.org\/it\/\",\"logo\":{\"@type\":\"ImageObject\",\"inLanguage\":\"it-IT\",\"@id\":\"https:\/\/exceladvisor.org\/it\/#\/schema\/logo\/image\/\",\"url\":\"https:\/\/exceladvisor.org\/it\/wp-content\/uploads\/2023\/12\/exceladvisor.org_.png\",\"contentUrl\":\"https:\/\/exceladvisor.org\/it\/wp-content\/uploads\/2023\/12\/exceladvisor.org_.png\",\"width\":105,\"height\":36,\"caption\":\"Excel Advisor\"},\"image\":{\"@id\":\"https:\/\/exceladvisor.org\/it\/#\/schema\/logo\/image\/\"}}]}<\/script>\n<!-- \/ Yoast SEO plugin. -->","yoast_head_json":{"title":"Come creare un modello di valutazione a stelle in Excel?","description":"La funzione REPT \u00e8 utile quando si desidera ripetere pi\u00f9 volte un determinato testo. E oggi utilizzeremo questa formula per creare un modello di valutazione a stelle.","robots":{"index":"index","follow":"follow","max-snippet":"max-snippet:-1","max-image-preview":"max-image-preview:large","max-video-preview":"max-video-preview:-1"},"canonical":"https:\/\/exceladvisor.org\/it\/stelle\/","og_locale":"it_IT","og_type":"article","og_title":"Come creare un modello di valutazione a stelle in Excel?","og_description":"La funzione REPT \u00e8 utile quando si desidera ripetere pi\u00f9 volte un determinato testo. E oggi utilizzeremo questa formula per creare un modello di valutazione a stelle.","og_url":"https:\/\/exceladvisor.org\/it\/stelle\/","og_site_name":"Excel Advisor","article_modified_time":"2023-12-10T06:23:19+00:00","og_image":[{"url":"https:\/\/exceladvisor.org\/wp-content\/uploads\/2023\/08\/modele-devaluation-par-etoiles-dans-excel.gif","type":"","width":"","height":""}],"twitter_card":"summary_large_image","twitter_misc":{"Tempo di lettura stimato":"1 minuto"},"schema":{"@context":"https:\/\/schema.org","@graph":[{"@type":"WebPage","@id":"https:\/\/exceladvisor.org\/it\/stelle\/","url":"https:\/\/exceladvisor.org\/it\/stelle\/","name":"Come creare un modello di valutazione a stelle in Excel?","isPartOf":{"@id":"https:\/\/exceladvisor.org\/it\/#website"},"primaryImageOfPage":{"@id":"https:\/\/exceladvisor.org\/it\/stelle\/#primaryimage"},"image":{"@id":"https:\/\/exceladvisor.org\/it\/stelle\/#primaryimage"},"thumbnailUrl":"https:\/\/exceladvisor.org\/wp-content\/uploads\/2023\/08\/modele-devaluation-par-etoiles-dans-excel.gif","datePublished":"2023-11-12T18:51:05+00:00","dateModified":"2023-12-10T06:23:19+00:00","description":"La funzione REPT \u00e8 utile quando si desidera ripetere pi\u00f9 volte un determinato testo. E oggi utilizzeremo questa formula per creare un modello di valutazione a stelle.","breadcrumb":{"@id":"https:\/\/exceladvisor.org\/it\/stelle\/#breadcrumb"},"inLanguage":"it-IT","potentialAction":[{"@type":"ReadAction","target":["https:\/\/exceladvisor.org\/it\/stelle\/"]}]},{"@type":"ImageObject","inLanguage":"it-IT","@id":"https:\/\/exceladvisor.org\/it\/stelle\/#primaryimage","url":"https:\/\/exceladvisor.org\/wp-content\/uploads\/2023\/08\/modele-devaluation-par-etoiles-dans-excel.gif","contentUrl":"https:\/\/exceladvisor.org\/wp-content\/uploads\/2023\/08\/modele-devaluation-par-etoiles-dans-excel.gif"},{"@type":"BreadcrumbList","@id":"https:\/\/exceladvisor.org\/it\/stelle\/#breadcrumb","itemListElement":[{"@type":"ListItem","position":1,"name":"Home","item":"https:\/\/exceladvisor.org\/it\/"},{"@type":"ListItem","position":2,"name":"Come creare un modello di valutazione a stelle in excel?"}]},{"@type":"WebSite","@id":"https:\/\/exceladvisor.org\/it\/#website","url":"https:\/\/exceladvisor.org\/it\/","name":"Excel Advisor","description":"Tips, Tricks, and Time-Saving Hacks","publisher":{"@id":"https:\/\/exceladvisor.org\/it\/#organization"},"potentialAction":[{"@type":"SearchAction","target":{"@type":"EntryPoint","urlTemplate":"https:\/\/exceladvisor.org\/it\/?s={search_term_string}"},"query-input":{"@type":"PropertyValueSpecification","valueRequired":true,"valueName":"search_term_string"}}],"inLanguage":"it-IT"},{"@type":"Organization","@id":"https:\/\/exceladvisor.org\/it\/#organization","name":"Excel Advisor","url":"https:\/\/exceladvisor.org\/it\/","logo":{"@type":"ImageObject","inLanguage":"it-IT","@id":"https:\/\/exceladvisor.org\/it\/#\/schema\/logo\/image\/","url":"https:\/\/exceladvisor.org\/it\/wp-content\/uploads\/2023\/12\/exceladvisor.org_.png","contentUrl":"https:\/\/exceladvisor.org\/it\/wp-content\/uploads\/2023\/12\/exceladvisor.org_.png","width":105,"height":36,"caption":"Excel Advisor"},"image":{"@id":"https:\/\/exceladvisor.org\/it\/#\/schema\/logo\/image\/"}}]}},"yoast_meta":{"yoast_wpseo_title":"","yoast_wpseo_metadesc":"","yoast_wpseo_canonical":""},"_links":{"self":[{"href":"https:\/\/exceladvisor.org\/it\/wp-json\/wp\/v2\/pages\/1659","targetHints":{"allow":["GET"]}}],"collection":[{"href":"https:\/\/exceladvisor.org\/it\/wp-json\/wp\/v2\/pages"}],"about":[{"href":"https:\/\/exceladvisor.org\/it\/wp-json\/wp\/v2\/types\/page"}],"author":[{"embeddable":true,"href":"https:\/\/exceladvisor.org\/it\/wp-json\/wp\/v2\/users\/1"}],"replies":[{"embeddable":true,"href":"https:\/\/exceladvisor.org\/it\/wp-json\/wp\/v2\/comments?post=1659"}],"version-history":[{"count":1,"href":"https:\/\/exceladvisor.org\/it\/wp-json\/wp\/v2\/pages\/1659\/revisions"}],"predecessor-version":[{"id":2506,"href":"https:\/\/exceladvisor.org\/it\/wp-json\/wp\/v2\/pages\/1659\/revisions\/2506"}],"wp:attachment":[{"href":"https:\/\/exceladvisor.org\/it\/wp-json\/wp\/v2\/media?parent=1659"}],"curies":[{"name":"wp","href":"https:\/\/api.w.org\/{rel}","templated":true}]}}