{"id":1661,"date":"2023-11-12T17:03:14","date_gmt":"2023-11-12T17:03:14","guid":{"rendered":"https:\/\/exceladvisor.org\/it\/intervallo-grafico-dinamico\/"},"modified":"2023-12-10T06:23:17","modified_gmt":"2023-12-10T06:23:17","slug":"intervallo-grafico-dinamico","status":"publish","type":"page","link":"https:\/\/exceladvisor.org\/it\/intervallo-grafico-dinamico\/","title":{"rendered":"Come creare un intervallo grafico dinamico?"},"content":{"rendered":"<div class=\"excel-prima-del-contenuto\" id=\"excel-4240889200\"><script type=\"text\/javascript\">\r\n\tatOptions = {\r\n\t\t'key' : 'c1158f160081d6540a8409e6925dab94',\r\n\t\t'format' : 'iframe',\r\n\t\t'height' : 250,\r\n\t\t'width' : 300,\r\n\t\t'params' : {}\r\n\t};\r\n<\/script>\r\n<script type=\"text\/javascript\" src=\"\/\/www.highperformanceformat.com\/c1158f160081d6540a8409e6925dab94\/invoke.js\"><\/script><\/div> <p>Ho una buona ragione per cui dovresti utilizzare un intervallo grafico dinamico. A volte capita che crei un grafico e quando lo aggiorni devi modificarne l&#8217;intervallo manualmente.<\/p><p> Anche quando elimini alcuni dati, devi modificarne l&#8217;intervallo. Forse sembra che cambiare l&#8217;intervallo del grafico non sia un grosso problema. Ma che dire quando \u00e8 necessario aggiornare frequentemente i dati?<\/p><p> Hai bisogno di una gamma dinamica di grafica.<\/p><h2 class=\"wp-block-heading\"> Sei sicuro di aver bisogno di un intervallo grafico dinamico?<\/h2><p> S\u00ec, al 100%. Va bene, lascia che ti mostri una cosa. <\/p><div class=\"wp-block-image\"><figure class=\"aligncenter\"><img decoding=\"async\" src=\"https:\/\/exceladvisor.org\/wp-content\/uploads\/2023\/08\/comment-creer-une-plage-de-graphique-dynamique-dans-le-tableau-des-montants-mensuels-Excel-1.png\" sizes=\"\" srcset=\"\" alt=\"come creare un intervallo grafico dinamico nella tabella degli importi mensili di Excel\"><\/figure><\/div><p> Sotto hai un grafico con l&#8217;importo mensile e quando aggiungi l&#8217;importo per giugno, i valori del grafico sono gli stessi, non c&#8217;\u00e8 alcun cambiamento. Ora il fatto \u00e8 che devi aggiornare manualmente l&#8217;intervallo del grafico per includere Jun nel grafico. Quindi cosa ne pensi, l&#8217;utilizzo di una gamma grafica dinamica fa risparmiare tempo?<\/p><h2 id=\"1\" class=\"wp-block-heading\"> Utilizzo della tabella dati per l&#8217;intervallo del grafico dinamico<\/h2><p> Se utilizzi la versione di Excel 2007 o successiva, la soluzione migliore \u00e8 <a href=\"https:\/\/www.ablebits.com\/office-addins-blog\/2011\/09\/23\/excel-tables-ranges\/\" target=\"_blank\" rel=\"noopener noreferrer\">utilizzare una tabella dati anzich\u00e9 un intervallo normale<\/a> .<\/p><p> Tutto quello che devi fare \u00e8 convertire il tuo intervallo normale in una tabella <span class=\"su-highlight\" style=\"background: #f8de7e; color: #3a3a3a;\"><strong>(usa il tasto di scelta rapida Ctrl + T)<\/strong><\/span> , quindi utilizzare questa tabella per creare un grafico. Ora, ogni volta che aggiungi dati alla tabella, anche il grafico viene aggiornato automaticamente. <\/p><div class=\"wp-block-image\"><figure class=\"aligncenter\"><img decoding=\"async\" src=\"https:\/\/exceladvisor.org\/wp-content\/uploads\/2023\/08\/comment-creer-une-plage-de-graphiques-dynamiques-dans-Excel-a-laide-des-donnees-de-mise-a-jour-de-la-table-de-donnees-1.gif\" sizes=\"\" srcset=\"\" alt=\"come creare un intervallo di grafici dinamici in Excel utilizzando i dati di aggiornamento della tabella dati\"><\/figure><\/div><p> Nella tabella sopra, quando ho aggiunto l&#8217;importo per giugno, la tabella viene aggiornata automaticamente. L&#8217;unica cosa che ti porta a utilizzare il seguente metodo \u00e8 che quando elimini i dati da una tabella, il grafico non verr\u00e0 aggiornato. <\/p><div class=\"wp-block-image\"><figure class=\"aligncenter\"><img decoding=\"async\" src=\"https:\/\/exceladvisor.org\/wp-content\/uploads\/2023\/08\/comment-creer-une-plage-de-graphiques-dynamiques-dans-un-tableau-de-donnees-Excel-supprimer-des-donnees-1.png\" sizes=\"\" srcset=\"\" alt=\"come creare un intervallo di grafici dinamici nella tabella dati Excel eliminare i dati\"><\/figure><\/div><p> La soluzione a questo problema \u00e8 che quando desideri eliminare i dati dal grafico, elimina semplicemente quella cella utilizzando l&#8217;opzione Elimina.<\/p><h2 id=\"2\" class=\"wp-block-heading\"> Utilizzo dell&#8217;intervallo denominato dinamico<\/h2><p> Usare un intervallo denominato dinamico per un grafico \u00e8 un po&#8217; complicato, ma \u00e8 una configurazione unica. Una volta fatto ci\u00f2, \u00e8 semplicissimo da gestire. Quindi ho diviso l\u2019intero processo in due fasi.<\/p><ol><li> Creazione di un intervallo denominato dinamico.<\/li><li> Modifica dei dati di origine del grafico in un intervallo denominato dinamico.<\/li><\/ol><h3 id=\"3\" class=\"wp-block-heading\"> Creazione di un intervallo denominato dinamico per un grafico dinamico<\/h3><p> Per creare un intervallo denominato dinamico, possiamo utilizzare la funzione OFFSET.<\/p><p> <strong>Introduzione rapida all&#8217;offset:<\/strong> pu\u00f2 restituire il riferimento di un intervallo che \u00e8 un <a href=\"http:\/\/www.contextures.com\/exceloffsetfunction.html#rangecount\" target=\"_blank\" rel=\"noopener noreferrer\">numero specificato di righe e colonne<\/a> da una cella o un intervallo di celle. Abbiamo i seguenti dati per creare un intervallo denominato. <\/p><div class=\"wp-block-image\"><figure class=\"aligncenter\"><img decoding=\"async\" src=\"https:\/\/exceladvisor.org\/wp-content\/uploads\/2023\/08\/comment-creer-une-plage-de-graphique-dynamique-dans-Excel-avec-une-plage-nommee-dynamique-1.png\" sizes=\"\" srcset=\"\" alt=\"come creare un intervallo di grafici dinamici in Excel con intervallo denominato dinamico\"><\/figure><\/div><p> Nella colonna A, abbiamo i mesi e gli importi nella colonna B. E dobbiamo creare intervalli denominati dinamici per entrambe le colonne in modo che quando aggiorni i dati, il grafico si aggiorni automaticamente.<\/p><p> <a href=\"https:\/\/exceladvisor.org\/wp-content\/uploads\/2023\/11\/plage-graphique-dynamique-donnees-brutes.xlsx\">Scarica questo file per seguirlo<\/a> .<\/p><p> Ecco i passaggi. <\/p><ol id=\"block-6a03b0d2-7c05-43a0-b73f-5c0957980728\" class=\"block-editor-rich-text__editable block-editor-block-list__block wp-block is-selected rich-text\" tabindex=\"0\" role=\"group\" contenteditable=\"true\" aria-multiline=\"true\" aria-label=\"Block: List\" data-block=\"6a03b0d2-7c05-43a0-b73f-5c0957980728\" data-type=\"core\/list\" data-title=\"List\"><li> Vai alla scheda Formule -&gt; Nomi definiti -&gt; Gestione nomi. <br><img decoding=\"async\" title=\"come creare un intervallo-di-grafici-dinamici-in-excel-click-name-manager\" src=\"https:\/\/exceladvisor.org\/wp-content\/uploads\/2023\/08\/comment-creer-une-plage-de-graphiques-dynamiques-dans-le-gestionnaire-de-noms-de-clics-Excel-1.png\" sizes=\"\" srcset=\"\" alt=\"how to create a dynamic chart range in excel click name manager\"><\/li><li> Fare clic su &#8220;Nuovo&#8221; per creare un intervallo denominato. <br><img decoding=\"async\" title=\"come-creare-un-intervallo-di-grafici-dinamici-in-excel-fare-clic-nuovo\" src=\"https:\/\/exceladvisor.org\/wp-content\/uploads\/2023\/08\/comment-creer-une-plage-de-graphique-dynamique-dans-excel-cliquez-sur-nouveau-1.png\" sizes=\"\" srcset=\"\" alt=\"how to create a dynamic chart range in excel click new\"><\/li><li> Ora, nella finestra del nuovo nome, inserisci la seguente formula (ti dir\u00f2 come funziona pi\u00f9 tardi).<ul><li> =OFFSET(Foglio2!$B$2,0,0,COUNTA(Foglio2!$B:$B)-1,1)<\/li><\/ul><\/li><li> Assegna un nome all&#8217;intervallo &#8220;importo&#8221;. <br><img decoding=\"async\" title=\"come creare un intervallo di grafici dinamici in Excel con la formula di inserimento\" src=\"https:\/\/exceladvisor.org\/wp-content\/uploads\/2023\/08\/comment-creer-une-plage-de-graphique-dynamique-dans-excel-entrer-la-formule-1.png\" sizes=\"\" srcset=\"\" alt=\"how to create a dynamic chart range in excel enter formula\"><\/li><li> Fare clic su OK.<\/li><li> Ora crea un altro intervallo denominato utilizzando la seguente formula.<ul><li> =OFFSET(Foglio2!$A$2,0,0,COUNTA(Foglio2!$A:$A)-1,1)<\/li><\/ul><\/li><li> Chiamalo &#8220;mese&#8221;.<\/li><li> Fare clic su OK.<\/li><\/ol><p> A questo punto abbiamo due intervalli denominati, &#8220;mese&#8221; e &#8220;importo&#8221;. Ora lascia che ti spieghi come funziona. Nelle formule di cui sopra, ho utilizzato la funzione di conteggio per contare il numero totale di celle con un valore. Quindi ho utilizzato questo valore di conteggio come altezza di offset per fare riferimento a un intervallo. <\/p><div class=\"wp-block-image\"><figure class=\"aligncenter\"><img decoding=\"async\" src=\"https:\/\/exceladvisor.org\/wp-content\/uploads\/2023\/08\/comment-creer-une-plage-de-graphique-dynamique-dans-la-formule-Excel-utilisee-1.png\" sizes=\"\" srcset=\"\" alt=\"come creare un intervallo di grafici dinamici nella formula Excel utilizzata\"><\/figure><\/div><p> Nell&#8217;intervallo dei mesi, abbiamo utilizzato A2 come punto di partenza per spostare e contare il numero totale di celle aventi nella colonna B con counta (-1 per escludere l&#8217;intestazione) che si riferisce ad A2: A7 .<\/p><h3 id=\"4\" class=\"wp-block-heading\"> Modifica dei dati di origine del grafico nell&#8217;intervallo denominato dinamico<\/h3><p> Ora dobbiamo modificare i dati di origine negli intervalli denominati che abbiamo appena creato. Oh, scusa, ho dimenticato di dirti di creare un grafico, per favore <a href=\"http:\/\/www.wikihow.com\/Make-a-Line-Graph-in-Microsoft-Excel\" target=\"_blank\" rel=\"noopener noreferrer\">inserisci un grafico a linee<\/a> . Ecco i prossimi passi.<\/p><ol><li> Fai clic con il tasto destro sul grafico e seleziona &#8220;Seleziona dati&#8221;. <br><img decoding=\"async\" title=\"come creare un intervallo di grafici dinamici in Excel-seleziona-dati\" src=\"https:\/\/exceladvisor.org\/wp-content\/uploads\/2023\/08\/comment-creer-une-plage-de-graphique-dynamique-dans-Excel-selectionnez-des-donnees-1.png\" sizes=\"\" srcset=\"\" alt=\"how to create a dynamic chart range in excel select data\"><\/li><li> Sotto le voci della didascalia, fai clic su Modifica. <br><img decoding=\"async\" title=\"come-creare-un-intervallo-di-grafici-dinamici-nella-tabella-dati-di-excel-clicca-modifica\" src=\"https:\/\/exceladvisor.org\/wp-content\/uploads\/2023\/08\/comment-creer-une-plage-de-graphique-dynamique-dans-le-tableau-de-donnees-Excel-cliquez-sur-modifier-1.png\" sizes=\"\" srcset=\"\" alt=\"how to create a dynamic chart range in excel data table click edit\"><\/li><li> In Valori serie, modifica il riferimento dell&#8217;intervallo all&#8217;intervallo denominato &#8220;importo&#8221;. <br><img decoding=\"async\" title=\"come creare un intervallo-di-grafico-dinamico-in-excel-aggiungere-nome-intervallo\" src=\"https:\/\/exceladvisor.org\/wp-content\/uploads\/2023\/08\/comment-creer-une-plage-de-graphique-dynamique-dans-Excel-ajouter-le-nom-de-la-plage-1.png\" sizes=\"\" srcset=\"\" alt=\"how to create a dynamic chart range in excel add range name\"><\/li><li> Fare clic su OK.<\/li><li> Nell&#8217;asse orizzontale, fare clic su Modifica. <br><img decoding=\"async\" title=\"come-creare-un-intervallo-di-grafici-dinamici-in-excel-cliccando-modifica-intervallo-assi\" src=\"https:\/\/exceladvisor.org\/wp-content\/uploads\/2023\/08\/comment-creer-une-plage-de-graphique-dynamique-dans-Excel-cliquez-sur-modifier-la-plage-daxe-1.png\" sizes=\"\" srcset=\"\" alt=\"how to create a dynamic chart range in excel click edit axis range\"><\/li><li> Inserisci l&#8217;intervallo denominato &#8220;mese&#8221; per l&#8217;etichetta dell&#8217;asse. <br><img decoding=\"async\" title=\"come-creare-un-intervallo-di-grafico-dinamico-in-excel-cambiare-intervallo-in-mese\" src=\"https:\/\/exceladvisor.org\/wp-content\/uploads\/2023\/08\/comment-creer-une-plage-de-graphiques-dynamiques-dans-la-plage-de-modification-dExcel-au-cours-du-mois-1.png\" sizes=\"\" srcset=\"\" alt=\"how to create a dynamic chart range in excel edit range in month\"><\/li><li> Fare clic su OK.<\/li><\/ol><p> Tutto \u00e8 stato fatto. Congratulazioni, il tuo grafico ora ha un intervallo dinamico. <\/p><div class=\"wp-block-image\"><figure class=\"aligncenter\"><img decoding=\"async\" src=\"https:\/\/exceladvisor.org\/wp-content\/uploads\/2023\/08\/comment-creer-une-plage-de-graphiques-dynamiques-dans-un-graphique-Excel-est-pret-1.gif\" sizes=\"\" srcset=\"\" alt=\"come creare un intervallo di grafici dinamici in un grafico Excel \u00e8 pronto\"><\/figure><\/div><div class=\"su-note\" style=\"border-color: #c7d4d9; border-radius: 10px; -moz-border-radius: 10px; -webkit-border-radius: 10px;\"><div class=\"su-note-inner su-u-clearfix su-u-trim\" style=\"background-color: #e1eef3; border-color: #ffffff; color: #333333; border-radius: 10px; -moz-border-radius: 10px; -webkit-border-radius: 10px;\"> Nota importante: quando utilizzi un intervallo denominato nell&#8217;origine del grafico, assicurati di aggiungere il nome del foglio di lavoro.<\/div><\/div><h2 class=\"wp-block-heading\"> File di esempio<\/h2><div class=\"wp-block-image\"><figure class=\"aligncenter\"> <a href=\"https:\/\/exceladvisor.org\/wp-content\/uploads\/2023\/11\/plage-de-graphique-dynamique-2.xlsx\"><img decoding=\"async\" src=\"https:\/\/exceladvisor.org\/wp-content\/uploads\/2023\/08\/comment-creer-une-plage-de-graphique-dynamique-dans-un-exemple-de-fichier-Excel-1.png\" sizes=\"\" srcset=\"\" alt=\"come creare un intervallo di grafici dinamici nell'esempio di file Excel\"><\/a><\/figure><\/div><h2 class=\"wp-block-heading\"> Ultime parole<\/h2><p> L&#8217;uso di una gamma dinamica di grafica consente un enorme risparmio di tempo e ti far\u00e0 risparmiare molto sforzo. Non \u00e8 necessario modificare l&#8217;intervallo di dati ancora e ancora. Ogni volta che aggiorni i tuoi dati, il tuo grafico viene aggiornato immediatamente.<\/p><h2 class=\"wp-block-heading\"> Altri suggerimenti ed esercitazioni sui grafici<\/h2><ul><li> <a style=\"outline: none;\" href=\"https:\/\/exceladvisor.org\/it\/aggiungi-una-linea-orizzontale\/\">Come aggiungere una linea orizzontale a un grafico in Excel<\/a><\/li><li> <a style=\"outline: none;\" href=\"https:\/\/exceladvisor.org\/it\/aggiungi-una-linea-verticale\/\">Come aggiungere una linea verticale a un grafico in Excel<\/a><\/li><li> <a style=\"outline: none;\" href=\"https:\/\/exceladvisor.org\/it\/tabellone-dei-proiettili\/\">Come creare un grafico puntato in Excel<\/a><\/li><li> <a style=\"outline: none;\" href=\"https:\/\/exceladvisor.org\/it\/titolo-del-grafico-dinamico\/\">Come creare un titolo di grafico dinamico in Excel<\/a><\/li><li> <a style=\"outline: none;\" href=\"https:\/\/exceladvisor.org\/it\/grafica-interattiva\/\">Come creare grafici interattivi in Excel<\/a><\/li><\/ul>","protected":false},"excerpt":{"rendered":"","protected":false},"author":1,"featured_media":0,"parent":0,"menu_order":0,"comment_status":"open","ping_status":"closed","template":"","meta":{"ub_ctt_via":"","footnotes":""},"class_list":["post-1661","page","type-page","status-publish","hentry"],"featured_image_src":null,"yoast_head":"<!-- This site is optimized with the Yoast SEO plugin v25.4 - https:\/\/yoast.com\/wordpress\/plugins\/seo\/ -->\n<title>Come creare un intervallo di grafici dinamici in Excel?<\/title>\n<meta name=\"description\" content=\"In questo articolo imparerai due diversi metodi per creare una gamma di grafici dinamici. Puoi scegliere i metodi\" \/>\n<meta name=\"robots\" content=\"index, follow, max-snippet:-1, max-image-preview:large, max-video-preview:-1\" \/>\n<link rel=\"canonical\" href=\"https:\/\/exceladvisor.org\/it\/intervallo-grafico-dinamico\/\" \/>\n<meta property=\"og:locale\" content=\"it_IT\" \/>\n<meta property=\"og:type\" content=\"article\" \/>\n<meta property=\"og:title\" content=\"Come creare un intervallo di grafici dinamici in Excel?\" \/>\n<meta property=\"og:description\" content=\"In questo articolo imparerai due diversi metodi per creare una gamma di grafici dinamici. Puoi scegliere i metodi\" \/>\n<meta property=\"og:url\" content=\"https:\/\/exceladvisor.org\/it\/intervallo-grafico-dinamico\/\" \/>\n<meta property=\"og:site_name\" content=\"Excel Advisor\" \/>\n<meta property=\"article:modified_time\" content=\"2023-12-10T06:23:17+00:00\" \/>\n<meta property=\"og:image\" content=\"https:\/\/exceladvisor.org\/wp-content\/uploads\/2023\/08\/comment-creer-une-plage-de-graphique-dynamique-dans-le-tableau-des-montants-mensuels-Excel-1.png\" \/>\n<meta name=\"twitter:card\" content=\"summary_large_image\" \/>\n<meta name=\"twitter:label1\" content=\"Tempo di lettura stimato\" \/>\n\t<meta name=\"twitter:data1\" content=\"4 minuti\" \/>\n<script type=\"application\/ld+json\" class=\"yoast-schema-graph\">{\"@context\":\"https:\/\/schema.org\",\"@graph\":[{\"@type\":\"WebPage\",\"@id\":\"https:\/\/exceladvisor.org\/it\/intervallo-grafico-dinamico\/\",\"url\":\"https:\/\/exceladvisor.org\/it\/intervallo-grafico-dinamico\/\",\"name\":\"Come creare un intervallo di grafici dinamici in Excel?\",\"isPartOf\":{\"@id\":\"https:\/\/exceladvisor.org\/it\/#website\"},\"primaryImageOfPage\":{\"@id\":\"https:\/\/exceladvisor.org\/it\/intervallo-grafico-dinamico\/#primaryimage\"},\"image\":{\"@id\":\"https:\/\/exceladvisor.org\/it\/intervallo-grafico-dinamico\/#primaryimage\"},\"thumbnailUrl\":\"https:\/\/exceladvisor.org\/wp-content\/uploads\/2023\/08\/comment-creer-une-plage-de-graphique-dynamique-dans-le-tableau-des-montants-mensuels-Excel-1.png\",\"datePublished\":\"2023-11-12T17:03:14+00:00\",\"dateModified\":\"2023-12-10T06:23:17+00:00\",\"description\":\"In questo articolo imparerai due diversi metodi per creare una gamma di grafici dinamici. Puoi scegliere i metodi\",\"breadcrumb\":{\"@id\":\"https:\/\/exceladvisor.org\/it\/intervallo-grafico-dinamico\/#breadcrumb\"},\"inLanguage\":\"it-IT\",\"potentialAction\":[{\"@type\":\"ReadAction\",\"target\":[\"https:\/\/exceladvisor.org\/it\/intervallo-grafico-dinamico\/\"]}]},{\"@type\":\"ImageObject\",\"inLanguage\":\"it-IT\",\"@id\":\"https:\/\/exceladvisor.org\/it\/intervallo-grafico-dinamico\/#primaryimage\",\"url\":\"https:\/\/exceladvisor.org\/wp-content\/uploads\/2023\/08\/comment-creer-une-plage-de-graphique-dynamique-dans-le-tableau-des-montants-mensuels-Excel-1.png\",\"contentUrl\":\"https:\/\/exceladvisor.org\/wp-content\/uploads\/2023\/08\/comment-creer-une-plage-de-graphique-dynamique-dans-le-tableau-des-montants-mensuels-Excel-1.png\"},{\"@type\":\"BreadcrumbList\",\"@id\":\"https:\/\/exceladvisor.org\/it\/intervallo-grafico-dinamico\/#breadcrumb\",\"itemListElement\":[{\"@type\":\"ListItem\",\"position\":1,\"name\":\"Home\",\"item\":\"https:\/\/exceladvisor.org\/it\/\"},{\"@type\":\"ListItem\",\"position\":2,\"name\":\"Come creare un intervallo grafico dinamico?\"}]},{\"@type\":\"WebSite\",\"@id\":\"https:\/\/exceladvisor.org\/it\/#website\",\"url\":\"https:\/\/exceladvisor.org\/it\/\",\"name\":\"Excel Advisor\",\"description\":\"Tips, Tricks, and Time-Saving Hacks\",\"publisher\":{\"@id\":\"https:\/\/exceladvisor.org\/it\/#organization\"},\"potentialAction\":[{\"@type\":\"SearchAction\",\"target\":{\"@type\":\"EntryPoint\",\"urlTemplate\":\"https:\/\/exceladvisor.org\/it\/?s={search_term_string}\"},\"query-input\":{\"@type\":\"PropertyValueSpecification\",\"valueRequired\":true,\"valueName\":\"search_term_string\"}}],\"inLanguage\":\"it-IT\"},{\"@type\":\"Organization\",\"@id\":\"https:\/\/exceladvisor.org\/it\/#organization\",\"name\":\"Excel Advisor\",\"url\":\"https:\/\/exceladvisor.org\/it\/\",\"logo\":{\"@type\":\"ImageObject\",\"inLanguage\":\"it-IT\",\"@id\":\"https:\/\/exceladvisor.org\/it\/#\/schema\/logo\/image\/\",\"url\":\"https:\/\/exceladvisor.org\/it\/wp-content\/uploads\/2023\/12\/exceladvisor.org_.png\",\"contentUrl\":\"https:\/\/exceladvisor.org\/it\/wp-content\/uploads\/2023\/12\/exceladvisor.org_.png\",\"width\":105,\"height\":36,\"caption\":\"Excel Advisor\"},\"image\":{\"@id\":\"https:\/\/exceladvisor.org\/it\/#\/schema\/logo\/image\/\"}}]}<\/script>\n<!-- \/ Yoast SEO plugin. -->","yoast_head_json":{"title":"Come creare un intervallo di grafici dinamici in Excel?","description":"In questo articolo imparerai due diversi metodi per creare una gamma di grafici dinamici. Puoi scegliere i metodi","robots":{"index":"index","follow":"follow","max-snippet":"max-snippet:-1","max-image-preview":"max-image-preview:large","max-video-preview":"max-video-preview:-1"},"canonical":"https:\/\/exceladvisor.org\/it\/intervallo-grafico-dinamico\/","og_locale":"it_IT","og_type":"article","og_title":"Come creare un intervallo di grafici dinamici in Excel?","og_description":"In questo articolo imparerai due diversi metodi per creare una gamma di grafici dinamici. Puoi scegliere i metodi","og_url":"https:\/\/exceladvisor.org\/it\/intervallo-grafico-dinamico\/","og_site_name":"Excel Advisor","article_modified_time":"2023-12-10T06:23:17+00:00","og_image":[{"url":"https:\/\/exceladvisor.org\/wp-content\/uploads\/2023\/08\/comment-creer-une-plage-de-graphique-dynamique-dans-le-tableau-des-montants-mensuels-Excel-1.png","type":"","width":"","height":""}],"twitter_card":"summary_large_image","twitter_misc":{"Tempo di lettura stimato":"4 minuti"},"schema":{"@context":"https:\/\/schema.org","@graph":[{"@type":"WebPage","@id":"https:\/\/exceladvisor.org\/it\/intervallo-grafico-dinamico\/","url":"https:\/\/exceladvisor.org\/it\/intervallo-grafico-dinamico\/","name":"Come creare un intervallo di grafici dinamici in Excel?","isPartOf":{"@id":"https:\/\/exceladvisor.org\/it\/#website"},"primaryImageOfPage":{"@id":"https:\/\/exceladvisor.org\/it\/intervallo-grafico-dinamico\/#primaryimage"},"image":{"@id":"https:\/\/exceladvisor.org\/it\/intervallo-grafico-dinamico\/#primaryimage"},"thumbnailUrl":"https:\/\/exceladvisor.org\/wp-content\/uploads\/2023\/08\/comment-creer-une-plage-de-graphique-dynamique-dans-le-tableau-des-montants-mensuels-Excel-1.png","datePublished":"2023-11-12T17:03:14+00:00","dateModified":"2023-12-10T06:23:17+00:00","description":"In questo articolo imparerai due diversi metodi per creare una gamma di grafici dinamici. Puoi scegliere i metodi","breadcrumb":{"@id":"https:\/\/exceladvisor.org\/it\/intervallo-grafico-dinamico\/#breadcrumb"},"inLanguage":"it-IT","potentialAction":[{"@type":"ReadAction","target":["https:\/\/exceladvisor.org\/it\/intervallo-grafico-dinamico\/"]}]},{"@type":"ImageObject","inLanguage":"it-IT","@id":"https:\/\/exceladvisor.org\/it\/intervallo-grafico-dinamico\/#primaryimage","url":"https:\/\/exceladvisor.org\/wp-content\/uploads\/2023\/08\/comment-creer-une-plage-de-graphique-dynamique-dans-le-tableau-des-montants-mensuels-Excel-1.png","contentUrl":"https:\/\/exceladvisor.org\/wp-content\/uploads\/2023\/08\/comment-creer-une-plage-de-graphique-dynamique-dans-le-tableau-des-montants-mensuels-Excel-1.png"},{"@type":"BreadcrumbList","@id":"https:\/\/exceladvisor.org\/it\/intervallo-grafico-dinamico\/#breadcrumb","itemListElement":[{"@type":"ListItem","position":1,"name":"Home","item":"https:\/\/exceladvisor.org\/it\/"},{"@type":"ListItem","position":2,"name":"Come creare un intervallo grafico dinamico?"}]},{"@type":"WebSite","@id":"https:\/\/exceladvisor.org\/it\/#website","url":"https:\/\/exceladvisor.org\/it\/","name":"Excel Advisor","description":"Tips, Tricks, and Time-Saving Hacks","publisher":{"@id":"https:\/\/exceladvisor.org\/it\/#organization"},"potentialAction":[{"@type":"SearchAction","target":{"@type":"EntryPoint","urlTemplate":"https:\/\/exceladvisor.org\/it\/?s={search_term_string}"},"query-input":{"@type":"PropertyValueSpecification","valueRequired":true,"valueName":"search_term_string"}}],"inLanguage":"it-IT"},{"@type":"Organization","@id":"https:\/\/exceladvisor.org\/it\/#organization","name":"Excel Advisor","url":"https:\/\/exceladvisor.org\/it\/","logo":{"@type":"ImageObject","inLanguage":"it-IT","@id":"https:\/\/exceladvisor.org\/it\/#\/schema\/logo\/image\/","url":"https:\/\/exceladvisor.org\/it\/wp-content\/uploads\/2023\/12\/exceladvisor.org_.png","contentUrl":"https:\/\/exceladvisor.org\/it\/wp-content\/uploads\/2023\/12\/exceladvisor.org_.png","width":105,"height":36,"caption":"Excel Advisor"},"image":{"@id":"https:\/\/exceladvisor.org\/it\/#\/schema\/logo\/image\/"}}]}},"yoast_meta":{"yoast_wpseo_title":"","yoast_wpseo_metadesc":"","yoast_wpseo_canonical":""},"_links":{"self":[{"href":"https:\/\/exceladvisor.org\/it\/wp-json\/wp\/v2\/pages\/1661","targetHints":{"allow":["GET"]}}],"collection":[{"href":"https:\/\/exceladvisor.org\/it\/wp-json\/wp\/v2\/pages"}],"about":[{"href":"https:\/\/exceladvisor.org\/it\/wp-json\/wp\/v2\/types\/page"}],"author":[{"embeddable":true,"href":"https:\/\/exceladvisor.org\/it\/wp-json\/wp\/v2\/users\/1"}],"replies":[{"embeddable":true,"href":"https:\/\/exceladvisor.org\/it\/wp-json\/wp\/v2\/comments?post=1661"}],"version-history":[{"count":1,"href":"https:\/\/exceladvisor.org\/it\/wp-json\/wp\/v2\/pages\/1661\/revisions"}],"predecessor-version":[{"id":2502,"href":"https:\/\/exceladvisor.org\/it\/wp-json\/wp\/v2\/pages\/1661\/revisions\/2502"}],"wp:attachment":[{"href":"https:\/\/exceladvisor.org\/it\/wp-json\/wp\/v2\/media?parent=1661"}],"curies":[{"name":"wp","href":"https:\/\/api.w.org\/{rel}","templated":true}]}}