{"id":1663,"date":"2023-11-12T16:27:53","date_gmt":"2023-11-12T16:27:53","guid":{"rendered":"https:\/\/exceladvisor.org\/it\/grafico-del-tornado\/"},"modified":"2023-12-10T06:23:14","modified_gmt":"2023-12-10T06:23:14","slug":"grafico-del-tornado","status":"publish","type":"page","link":"https:\/\/exceladvisor.org\/it\/grafico-del-tornado\/","title":{"rendered":"Come creare un grafico tornado in excel?"},"content":{"rendered":"<div class=\"excel-prima-del-contenuto\" id=\"excel-1239087953\"><script type=\"text\/javascript\">\r\n\tatOptions = {\r\n\t\t'key' : 'c1158f160081d6540a8409e6925dab94',\r\n\t\t'format' : 'iframe',\r\n\t\t'height' : 250,\r\n\t\t'width' : 300,\r\n\t\t'params' : {}\r\n\t};\r\n<\/script>\r\n<script type=\"text\/javascript\" src=\"\/\/www.highperformanceformat.com\/c1158f160081d6540a8409e6925dab94\/invoke.js\"><\/script><\/div> <p>Un grafico Excel Tornado \u00e8 utile per coloro che desiderano analizzare i propri dati per un migliore processo decisionale. L&#8217;utilizzo migliore \u00e8 l&#8217;analisi della sensibilit\u00e0, ma \u00e8 possibile utilizzarla a fini di confronto. Questo \u00e8 il motivo per cui fa parte del nostro elenco <a style=\"outline: none;\" href=\"https:\/\/exceladvisor.org\/it\/grafica-avanzata\/\">di grafici avanzati<\/a> su Excel Advisor.<\/p><h2 id=\"t-1598010525958\" class=\"wp-block-heading\"> Che cos&#8217;\u00e8 un grafico Tornado di Excel<\/h2><p> Il grafico Tornado di Excel ha l&#8217;aspetto di un grafico a barre fronte-retro (simile a un tornado) in cui sono presenti due barre di dati una di fronte all&#8217;altra, che ne facilitano il confronto. Come ho detto, \u00e8 uno strumento utile per l&#8217;analisi della sensibilit\u00e0, ma puoi usarlo quando devi confrontare valori.<\/p><p> Secondo <a href=\"https:\/\/en.wikipedia.org\/wiki\/Tornado_diagram\" target=\"_blank\" rel=\"nofollow noopener noreferrer\">Wikipedia<\/a> :<\/p><p> Questo \u00e8 un tipo speciale di grafico a barre in cui i dati sono ordinati verticalmente dal pi\u00f9 alto al pi\u00f9 basso. Con questo tipo di forma sembra un tornado.<\/p><h2 id=\"t-1598010525959\" class=\"wp-block-heading\"> Come creare un grafico Tornado in Excel<\/h2><p> In Excel non esiste un&#8217;opzione predefinita per creare un grafico tornado, ma puoi utilizzare il grafico a barre predefinito e personalizzarlo. Oggi in questo articolo impareremo come crearlo.<\/p><p> Assicurati di scaricare questo file di esempio qui per seguirlo. Per creare un grafico tornado in Excel, \u00e8 necessario seguire i passaggi seguenti:<\/p><ol><li> Innanzitutto, devi convertire i dati Store-1 in un valore negativo. Ci\u00f2 ti aiuter\u00e0 a visualizzare le barre dei dati in diverse direzioni. Per fare questo, moltiplicalo semplicemente per -1 (dai un&#8217;occhiata a questo <a href=\"https:\/\/exceladvisor.org\/it\/incolla-la-moltiplicazione-speciale\/\">speciale consiglio intelligente per l&#8217;impasto<\/a> , posso scommettere che lo adorerai). <br><img loading=\"lazy\" decoding=\"async\" title=\"passaggio 1-creare-un-grafico-tornado-in-excel-utilizzando-questa-tabella-di-dati-con-valori-negativi\" src=\"https:\/\/exceladvisor.org\/wp-content\/uploads\/2023\/08\/step1-creer-un-graphique-tornade-dans-Excel-en-utilisant-cette-table-de-donnees-avec-des-valeurs-negatives.png\" sizes=\"auto, \" srcset=\"\" alt=\"step1-create-tornado-chart-in-excel-by-using-this-data-table-with-negative-values\" width=\"465\" height=\"259\"><\/li><li> Successivamente, inserisci un grafico a barre utilizzando questi dati. Vai alla scheda Inserisci \u279c Grafici \u279c Grafico a barre e con questo otterrai un grafico a barre come quello sotto in cui hai due lati (un lato \u00e8 per i valori positivi e l&#8217;altro \u00e8 per i valori negativi). <br><img loading=\"lazy\" decoding=\"async\" title=\"passaggio2-inserisci-un-grafico-a-barre-per-creare-grafico-tornado\" src=\"https:\/\/exceladvisor.org\/wp-content\/uploads\/2023\/08\/step2-inserez-un-graphique-a-barres-pour-creer-un-graphique-en-tornade.png\" sizes=\"auto, \" srcset=\"\" alt=\"step2-insert-a-bar-chart-to-create-tornado-chart\" width=\"453\" height=\"283\"><\/li><li> Da l\u00ec seleziona l&#8217;etichetta dell&#8217;asse e apri le opzioni di formattazione e nelle opzioni di formattazione vai su opzioni dell&#8217;asse \u279c Etichette \u279c Posizione etichetta. Modificare la posizione dell&#8217;etichetta su &#8220;In basso&#8221;. <br><img loading=\"lazy\" decoding=\"async\" title=\"il passaggio 3 consiste nel modificare la posizione dell'etichetta dell'asse in posizione abbassata\" src=\"https:\/\/exceladvisor.org\/wp-content\/uploads\/2023\/08\/letape-3-consiste-a-changer-la-position-de-letiquette-de-laxe-en-bas.png\" sizes=\"auto, \" srcset=\"\" alt=\"step3 is to change axis label position to low\" width=\"269\" height=\"381\"><\/li><li> Quindi \u00e8 necessario modificare la posizione dell&#8217;asse in ordine inverso. Ci\u00f2 regoler\u00e0 le barre su entrambi i lati e per fare ci\u00f2 vai su Opzioni asse \u279c Posizione asse \u279c seleziona &#8220;Categoria in ordine inverso&#8221;. <br><img loading=\"lazy\" decoding=\"async\" title=\"passaggio 4-applica-la-categoria-inversa-al-grafico-a-barre-per-creare-un-grafico-tornado\" src=\"https:\/\/exceladvisor.org\/wp-content\/uploads\/2023\/08\/etape-4-appliquez-la-categorie-inverse-au-graphique-a-barres-pour-creer-un-graphique-en-tornade.png\" sizes=\"auto, \" srcset=\"\" alt=\"step4-apply-reverse-category-to-the-bar-chart-to-create-a-tornado-chart\" width=\"299\" height=\"165\"><\/li><li> Ora \u00e8 necessario modificare lo spazio della serie e la larghezza dello spazio. Ci\u00f2 aiuter\u00e0 a semplificare le barre dei dati tra loro e per questo vai su Opzioni serie -&gt; Cambia sovrapposizione serie al 100% e Larghezza spazio al 10%. <br><img loading=\"lazy\" decoding=\"async\" title=\"passaggio5-cambia-cambia-serie-gap-e-larghezza-gap\" src=\"https:\/\/exceladvisor.org\/wp-content\/uploads\/2023\/08\/step5-change-change-series-gap-et-gap-width.png\" sizes=\"auto, \" srcset=\"\" alt=\"step5-change-change-series-gap-and-gap-width\" width=\"382\" height=\"316\"><\/li><li> Ed \u00e8 necessario modificare la formattazione del numero dell&#8217;asse orizzontale. E per questo vai su Opzioni asse \u279c Numero \u279c seleziona Personalizzato \u279c incolla il seguente formato e fai clic su Aggiungi. <br><img loading=\"lazy\" decoding=\"async\" title=\"passaggio 6-modifica-formattazione-numero\" src=\"https:\/\/exceladvisor.org\/wp-content\/uploads\/2023\/08\/step6-changer-le-formatage-des-nombres.png\" sizes=\"auto, \" srcset=\"\" alt=\"step6-change-number-formatting\" width=\"269\" height=\"191\"><\/li><li> Alla fine, proprio come nel passaggio precedente, \u00e8 necessario modificare il formato delle etichette dati per Negozio-1 in modo che non mostri segni negativi e per questa opzione vai all&#8217;etichetta \u279c Numero \u279c seleziona Personalizzato \u279c incolla il seguente formato e fare clic su Aggiungi.<\/li><\/ol><p> <strong>Congratulazioni<\/strong> , ora hai il tuo primo grafico tornado nel tuo foglio di calcolo, come di seguito. <\/p><div class=\"wp-block-image\"><figure class=\"aligncenter size-full is-resized\"><img loading=\"lazy\" decoding=\"async\" class=\"wp-image-36152\" src=\"https:\/\/exceladvisor.org\/wp-content\/uploads\/2023\/08\/graphique-tornade-utilisant-un-graphique-a-barres.png\" sizes=\"auto, \" srcset=\"\" alt=\"grafico a tornado utilizzando un grafico a barre\" width=\"555\" height=\"335\"><\/figure><\/div><p> Puoi anche creare un <a style=\"outline: none;\" href=\"https:\/\/exceladvisor.org\/it\/intervallo-grafico-dinamico\/\">intervallo grafico dinamico<\/a> per il tuo grafico in modo da non doverlo aggiornare ancora e ancora quando \u00e8 necessario aggiornare i dati.<\/p><h2 id=\"t-1598010525960\" class=\"wp-block-heading\"> Crea un grafico Tornado utilizzando la formattazione condizionale<\/h2><p> A differenza di come abbiamo utilizzato il metodo sopra, puoi anche utilizzare la formattazione condizionale. Per creare un grafico tornado con formattazione condizionale:<\/p><ul><li> Devi solo tracciare i tuoi dati come ho fatto nell&#8217;istantanea qui sotto. Come puoi vedere, nella tabella sono presenti i dati per entrambi i negozi (negozio 1 e negozio 2). <br><img loading=\"lazy\" decoding=\"async\" title=\"1-data-per-creare-un-grafico-tornado-in-excel-utilizzando-la-formattazione-condizionale\" src=\"https:\/\/exceladvisor.org\/wp-content\/uploads\/2023\/08\/1-date-pour-creer-un-graphique-tornade-dans-Excel-en-utilisant-la-mise-en-forme-conditionnelle.png\" sizes=\"auto, \" srcset=\"\" alt=\"1-date-to-create-a-tornado-chart-in-excel-using-conditional-formatting\" width=\"571\" height=\"279\"><\/li><li> Quindi, per prima cosa, allinea la colonna del negozio 1 a destra e la colonna del negozio 2 a sinistra. <br><img loading=\"lazy\" decoding=\"async\" title=\"2-modifica-allineamento del testo\" src=\"https:\/\/exceladvisor.org\/wp-content\/uploads\/2023\/08\/2-modifier-lalignement-du-texte.png\" sizes=\"auto, \" srcset=\"\" alt=\"2-change-text-alignment\" width=\"616\" height=\"301\"><\/li><li> La prossima cosa \u00e8 creare applicare la formattazione condizionale. \u00c8 necessario applicarlo a entrambe le colonne una per una.<\/li><li> Da l\u00ec, seleziona Store 1 su una colonna e vai alla scheda Home \u279c Stili \u279c Formattazione condizionale \u279c Barre dati \u279c Altre regole. <br><img loading=\"lazy\" decoding=\"async\" title=\"3 regole go-to-plus\" src=\"https:\/\/exceladvisor.org\/wp-content\/uploads\/2023\/08\/3-aller-a-plus-de-regles.png\" sizes=\"auto, \" srcset=\"\" alt=\"3- go-to-more-rules\" width=\"364\" height=\"423\"><\/li><li> Nella finestra di dialogo &#8220;Altre regole&#8221;, \u00e8 necessario definire gli elementi seguenti per creare barre dati:<ul><li> Colore: qualunque sia il colore che desideri.<\/li><li> Bordo: solido (se lo si desidera)<\/li><li> Orientamento: da destra a sinistra. <br><img loading=\"lazy\" decoding=\"async\" title=\"4-opzione-aggiunta-per-data-bar-store-1\" src=\"https:\/\/exceladvisor.org\/wp-content\/uploads\/2023\/08\/4-ajouter-une-option-pour-le-magasin-de-barre-de-donnees-1.png\" sizes=\"auto, \" srcset=\"\" alt=\"4-add-option-for-data-bar-store-1\" width=\"404\" height=\"554\"><\/li><\/ul><\/li><li> Successivamente, fare clic su OK per applicare i dati alla colonna del negozio 1.<\/li><li> La prossima cosa che devi fare \u00e8 applicare una barra per memorizzare 2 colonne usando lo stesso metodo usato per la seconda. Seleziona semplicemente la colonna e applica le barre dati dalle regole aggiuntive, utilizzando le impostazioni seguenti:<ul><li> Colore: qualunque sia il colore che desideri<\/li><li> Bordo: solido (se lo si desidera)<\/li><li> Orientamento: da sinistra a destra. <br><img loading=\"lazy\" decoding=\"async\" title=\"5-opzione-aggiunta-per-data-bar-store-2\" src=\"https:\/\/exceladvisor.org\/wp-content\/uploads\/2023\/08\/5-ajouter-une-option-pour-le-magasin-de-barres-de-donnees-2.png\" sizes=\"auto, \" srcset=\"\" alt=\"5-add-option-for-data-bar-store-2\" width=\"399\" height=\"547\"><\/li><\/ul><\/li><li> A questo punto hai una tabella contenente un grafico tornado a cui hai applicato barre dati con formattazione condizionale. <br><img loading=\"lazy\" decoding=\"async\" title=\"6-grafico-tornado-finale-con-cfr\" src=\"https:\/\/exceladvisor.org\/wp-content\/uploads\/2023\/08\/6-carte-finale-de-tornade-avec-cf.png\" sizes=\"auto, \" srcset=\"\" alt=\"6-final-tornado-chart-with-cf\" width=\"508\" height=\"248\"><\/li><\/ul><h2 id=\"t-1598010525961\" class=\"wp-block-heading\"> Utilizza la funzione REPT per creare un grafico Tornado in cella in Excel<\/h2><p> Mi piace fare le cose in modo diverso o provare modi nuovi e non convenzionali di fare cose vecchie. A questo punto sai come creare un grafico tornado con un grafico a barre e anche con la formattazione condizionale.<\/p><p> Ma c&#8217;\u00e8 un&#8217;altra cosa che possiamo provare, ed \u00e8 la funzione REPT (se vuoi saperne di pi\u00f9, dai un&#8217;occhiata a questa pagina delle funzioni). Per creare un grafico TORNADO con la funzione REPT, puoi seguire i passaggi seguenti:<\/p><ol><li> Innanzitutto, devi impostare i tuoi dati come abbiamo fatto nell&#8217;istantanea qui sotto. Qui hai una colonna con i nomi dei prodotti e due colonne per ciascun negozio (una per i valori e la seconda per i valori). <br><img loading=\"lazy\" decoding=\"async\" title=\"1-funzione-data-touse-rept-per-tornado-chart\" src=\"https:\/\/exceladvisor.org\/wp-content\/uploads\/2023\/08\/1-donnees-utiliser-la-fonction-rept-pour-le-graphique-tornade.png\" sizes=\"auto, \" srcset=\"\" alt=\"1-data-touse-rept-function-for-tornado-chart\" width=\"610\" height=\"240\"><\/li><li> Da qui dobbiamo inserire la funzione REPT nella colonna della barra dati del negozio 1 e per questo inserire la formula seguente nella prima cella e trascinarla nell&#8217;ultima cella.=REPT(\u201c|\u201d,D3\/10) <br><img loading=\"lazy\" decoding=\"async\" title=\"2-apply-rept-function-store-one-column\" src=\"https:\/\/exceladvisor.org\/wp-content\/uploads\/2023\/08\/2-appliquer-la-fonction-rept-stocker-une-colonne.png\" sizes=\"auto, \" srcset=\"\" alt=\"2-apply-rept-function-store-one-column\" width=\"543\" height=\"283\"><\/li><li> Successivamente, seleziona l&#8217;intera colonna e modifica quanto segue:<ul><li> Il carattere \u00e8 &#8220;PlayBill&#8221; (con questo carattere puoi avere l&#8217;aspetto della barra dei dati).<\/li><li> Modificare la larghezza della colonna impostando la barra dati pi\u00f9 grande o pi\u00f9 grande.<\/li><li> Cambia il colore del carattere in arancione.<\/li><li> Cambia l&#8217;allineamento del testo da destra a sinistra. <br><img loading=\"lazy\" decoding=\"async\" style=\"display: block; margin-left: auto; margin-right: auto;\" title=\"3-cambia-colore-allineamento-carattere\" src=\"https:\/\/exceladvisor.org\/wp-content\/uploads\/2023\/08\/3-changer-la-couleur-dalignement-de-la-police.png\" sizes=\"auto, \" srcset=\"\" alt=\"3-change-font-alignment-color\" width=\"497\" height=\"395\"><\/li><\/ul><\/li><li> Quindi devi seguire lo stesso metodo per aggiungere barre dati alla colonna store2 e modificare quanto segue:<ul><li> Il carattere \u00e8 &#8220;PlayBill&#8221; (con questo carattere puoi avere l&#8217;aspetto della barra dei dati).<\/li><li> Modificare la larghezza della colonna impostando la barra dati pi\u00f9 grande o pi\u00f9 grande.<\/li><li> Aggiungi un colore al carattere<\/li><li> Cambia l&#8217;allineamento del testo da sinistra a destra. <br><img loading=\"lazy\" decoding=\"async\" style=\"display: block; margin-left: auto; margin-right: auto;\" title=\"4-grafico-finale-con-funzione-rept\" src=\"https:\/\/exceladvisor.org\/wp-content\/uploads\/2023\/08\/4-graphique-final-avec-fonction-rept.png\" sizes=\"auto, \" srcset=\"\" alt=\"4-final-chart-with-rept-function\" width=\"866\" height=\"346\"><\/li><\/ul><\/li><\/ol><h2 id=\"t-1598010525962\" class=\"wp-block-heading\"> File di esempio<\/h2><p> <a href=\"https:\/\/exceladvisor.org\/wp-content\/uploads\/2023\/11\/comment-creer-un-graphique-de-tornade-dans-excel.xlsx\" rel=\"nofollow\">Scarica questo file di esempio qui<\/a> per saperne di pi\u00f9.<\/p><h2 id=\"t-1598010525963\" class=\"wp-block-heading\"> Conclusione<\/h2><p> Alcuni li chiamano diagrammi tornado, uno strumento utile per prendere decisioni tramite confronto. Puoi confrontare due articoli diversi o un singolo articolo per periodi di tempo diversi.<\/p><p> Questa \u00e8 tutta la storia delle mappe tornado e S\u00cc, ti servono solo 7 PASSI per crearle. Una cosa che mi dimentico di dirti \u00e8 che puoi anche utilizzare la formattazione condizionale o una funzione REPT per creare un grafico tornado nella cella.<\/p><p> Spero che tu lo abbia trovato utile e che ti aiuti a portare le tue abilit\u00e0 al livello successivo.<\/p><p> Ora dimmi una cosa. <strong>Hai mai usato una mappa tornado?<\/strong> Per favore condividi con me nella sezione commenti, mi piacerebbe sentire la tua opinione. E non dimenticare di condividere questo suggerimento con i tuoi amici. Sono sicuro che lo apprezzeranno.<\/p><div class=\"gb-container gb-container-a61970aa gb-container-mt\"> <a class=\"gb-button gb-button-b4293c6c gb-button-text gb-button-mt-button\" href=\"https:\/\/exceladvisor.org\/it\/grafici-excel\/\">Tipi di grafici Excel<\/a><h2 class=\"gb-headline gb-headline-5bf2e581 gb-headline-text gb-headline-mt-heading\"> Tutorial correlati <\/h2><div class=\"gb-grid-wrapper gb-grid-wrapper-9b70abf1 gb-grid-wrapper-mt-grid\"><div class=\"gb-grid-column gb-grid-column-97a95c29\"><div class=\"gb-container gb-container-97a95c29\"><ul><li> <a href=\"https:\/\/exceladvisor.org\/it\/grafica-della-cialda\/\">CARTONCINO GOFFRATO<\/a><\/li><li> <a href=\"https:\/\/exceladvisor.org\/it\/grafico-a-imbuto\/\">Grafico a imbuto<\/a><\/li><li> <a href=\"https:\/\/exceladvisor.org\/it\/diagramma-di-gantt\/\">diagramma di Gantt<\/a><\/li><li> <a href=\"https:\/\/exceladvisor.org\/it\/mappa-di-calore\/\">Mappa di calore<\/a> <\/li><\/ul><\/div><\/div><div class=\"gb-grid-column gb-grid-column-0636840f\"><div class=\"gb-container gb-container-0636840f\"><\/div><\/div><\/div><\/div>","protected":false},"excerpt":{"rendered":"","protected":false},"author":1,"featured_media":0,"parent":0,"menu_order":0,"comment_status":"open","ping_status":"closed","template":"","meta":{"ub_ctt_via":"","footnotes":""},"class_list":["post-1663","page","type-page","status-publish","hentry"],"featured_image_src":null,"yoast_head":"<!-- This site is optimized with the Yoast SEO plugin v25.4 - https:\/\/yoast.com\/wordpress\/plugins\/seo\/ -->\n<title>Come creare un grafico Tornado in Excel? (Tutorial 2023)<\/title>\n<meta name=\"description\" content=\"\u00c8 come un grafico a barre a doppia faccia (sembra un tornado) in cui abbiamo due barre di dati una di fronte all&#039;altra.\" \/>\n<meta name=\"robots\" content=\"index, follow, max-snippet:-1, max-image-preview:large, max-video-preview:-1\" \/>\n<link rel=\"canonical\" href=\"https:\/\/exceladvisor.org\/it\/grafico-del-tornado\/\" \/>\n<meta property=\"og:locale\" content=\"it_IT\" \/>\n<meta property=\"og:type\" content=\"article\" \/>\n<meta property=\"og:title\" content=\"Come creare un grafico Tornado in Excel? (Tutorial 2023)\" \/>\n<meta property=\"og:description\" content=\"\u00c8 come un grafico a barre a doppia faccia (sembra un tornado) in cui abbiamo due barre di dati una di fronte all&#039;altra.\" \/>\n<meta property=\"og:url\" content=\"https:\/\/exceladvisor.org\/it\/grafico-del-tornado\/\" \/>\n<meta property=\"og:site_name\" content=\"Excel Advisor\" \/>\n<meta property=\"article:modified_time\" content=\"2023-12-10T06:23:14+00:00\" \/>\n<meta property=\"og:image\" content=\"https:\/\/exceladvisor.org\/wp-content\/uploads\/2023\/08\/step1-creer-un-graphique-tornade-dans-Excel-en-utilisant-cette-table-de-donnees-avec-des-valeurs-negatives.png\" \/>\n<meta name=\"twitter:card\" content=\"summary_large_image\" \/>\n<meta name=\"twitter:label1\" content=\"Tempo di lettura stimato\" \/>\n\t<meta name=\"twitter:data1\" content=\"6 minuti\" \/>\n<script type=\"application\/ld+json\" class=\"yoast-schema-graph\">{\"@context\":\"https:\/\/schema.org\",\"@graph\":[{\"@type\":\"WebPage\",\"@id\":\"https:\/\/exceladvisor.org\/it\/grafico-del-tornado\/\",\"url\":\"https:\/\/exceladvisor.org\/it\/grafico-del-tornado\/\",\"name\":\"Come creare un grafico Tornado in Excel? (Tutorial 2023)\",\"isPartOf\":{\"@id\":\"https:\/\/exceladvisor.org\/it\/#website\"},\"primaryImageOfPage\":{\"@id\":\"https:\/\/exceladvisor.org\/it\/grafico-del-tornado\/#primaryimage\"},\"image\":{\"@id\":\"https:\/\/exceladvisor.org\/it\/grafico-del-tornado\/#primaryimage\"},\"thumbnailUrl\":\"https:\/\/exceladvisor.org\/wp-content\/uploads\/2023\/08\/step1-creer-un-graphique-tornade-dans-Excel-en-utilisant-cette-table-de-donnees-avec-des-valeurs-negatives.png\",\"datePublished\":\"2023-11-12T16:27:53+00:00\",\"dateModified\":\"2023-12-10T06:23:14+00:00\",\"description\":\"\u00c8 come un grafico a barre a doppia faccia (sembra un tornado) in cui abbiamo due barre di dati una di fronte all&#39;altra.\",\"breadcrumb\":{\"@id\":\"https:\/\/exceladvisor.org\/it\/grafico-del-tornado\/#breadcrumb\"},\"inLanguage\":\"it-IT\",\"potentialAction\":[{\"@type\":\"ReadAction\",\"target\":[\"https:\/\/exceladvisor.org\/it\/grafico-del-tornado\/\"]}]},{\"@type\":\"ImageObject\",\"inLanguage\":\"it-IT\",\"@id\":\"https:\/\/exceladvisor.org\/it\/grafico-del-tornado\/#primaryimage\",\"url\":\"https:\/\/exceladvisor.org\/wp-content\/uploads\/2023\/08\/step1-creer-un-graphique-tornade-dans-Excel-en-utilisant-cette-table-de-donnees-avec-des-valeurs-negatives.png\",\"contentUrl\":\"https:\/\/exceladvisor.org\/wp-content\/uploads\/2023\/08\/step1-creer-un-graphique-tornade-dans-Excel-en-utilisant-cette-table-de-donnees-avec-des-valeurs-negatives.png\"},{\"@type\":\"BreadcrumbList\",\"@id\":\"https:\/\/exceladvisor.org\/it\/grafico-del-tornado\/#breadcrumb\",\"itemListElement\":[{\"@type\":\"ListItem\",\"position\":1,\"name\":\"Home\",\"item\":\"https:\/\/exceladvisor.org\/it\/\"},{\"@type\":\"ListItem\",\"position\":2,\"name\":\"Come creare un grafico tornado in excel?\"}]},{\"@type\":\"WebSite\",\"@id\":\"https:\/\/exceladvisor.org\/it\/#website\",\"url\":\"https:\/\/exceladvisor.org\/it\/\",\"name\":\"Excel Advisor\",\"description\":\"Tips, Tricks, and Time-Saving Hacks\",\"publisher\":{\"@id\":\"https:\/\/exceladvisor.org\/it\/#organization\"},\"potentialAction\":[{\"@type\":\"SearchAction\",\"target\":{\"@type\":\"EntryPoint\",\"urlTemplate\":\"https:\/\/exceladvisor.org\/it\/?s={search_term_string}\"},\"query-input\":{\"@type\":\"PropertyValueSpecification\",\"valueRequired\":true,\"valueName\":\"search_term_string\"}}],\"inLanguage\":\"it-IT\"},{\"@type\":\"Organization\",\"@id\":\"https:\/\/exceladvisor.org\/it\/#organization\",\"name\":\"Excel Advisor\",\"url\":\"https:\/\/exceladvisor.org\/it\/\",\"logo\":{\"@type\":\"ImageObject\",\"inLanguage\":\"it-IT\",\"@id\":\"https:\/\/exceladvisor.org\/it\/#\/schema\/logo\/image\/\",\"url\":\"https:\/\/exceladvisor.org\/it\/wp-content\/uploads\/2023\/12\/exceladvisor.org_.png\",\"contentUrl\":\"https:\/\/exceladvisor.org\/it\/wp-content\/uploads\/2023\/12\/exceladvisor.org_.png\",\"width\":105,\"height\":36,\"caption\":\"Excel Advisor\"},\"image\":{\"@id\":\"https:\/\/exceladvisor.org\/it\/#\/schema\/logo\/image\/\"}}]}<\/script>\n<!-- \/ Yoast SEO plugin. -->","yoast_head_json":{"title":"Come creare un grafico Tornado in Excel? (Tutorial 2023)","description":"\u00c8 come un grafico a barre a doppia faccia (sembra un tornado) in cui abbiamo due barre di dati una di fronte all&#39;altra.","robots":{"index":"index","follow":"follow","max-snippet":"max-snippet:-1","max-image-preview":"max-image-preview:large","max-video-preview":"max-video-preview:-1"},"canonical":"https:\/\/exceladvisor.org\/it\/grafico-del-tornado\/","og_locale":"it_IT","og_type":"article","og_title":"Come creare un grafico Tornado in Excel? (Tutorial 2023)","og_description":"\u00c8 come un grafico a barre a doppia faccia (sembra un tornado) in cui abbiamo due barre di dati una di fronte all&#39;altra.","og_url":"https:\/\/exceladvisor.org\/it\/grafico-del-tornado\/","og_site_name":"Excel Advisor","article_modified_time":"2023-12-10T06:23:14+00:00","og_image":[{"url":"https:\/\/exceladvisor.org\/wp-content\/uploads\/2023\/08\/step1-creer-un-graphique-tornade-dans-Excel-en-utilisant-cette-table-de-donnees-avec-des-valeurs-negatives.png","type":"","width":"","height":""}],"twitter_card":"summary_large_image","twitter_misc":{"Tempo di lettura stimato":"6 minuti"},"schema":{"@context":"https:\/\/schema.org","@graph":[{"@type":"WebPage","@id":"https:\/\/exceladvisor.org\/it\/grafico-del-tornado\/","url":"https:\/\/exceladvisor.org\/it\/grafico-del-tornado\/","name":"Come creare un grafico Tornado in Excel? (Tutorial 2023)","isPartOf":{"@id":"https:\/\/exceladvisor.org\/it\/#website"},"primaryImageOfPage":{"@id":"https:\/\/exceladvisor.org\/it\/grafico-del-tornado\/#primaryimage"},"image":{"@id":"https:\/\/exceladvisor.org\/it\/grafico-del-tornado\/#primaryimage"},"thumbnailUrl":"https:\/\/exceladvisor.org\/wp-content\/uploads\/2023\/08\/step1-creer-un-graphique-tornade-dans-Excel-en-utilisant-cette-table-de-donnees-avec-des-valeurs-negatives.png","datePublished":"2023-11-12T16:27:53+00:00","dateModified":"2023-12-10T06:23:14+00:00","description":"\u00c8 come un grafico a barre a doppia faccia (sembra un tornado) in cui abbiamo due barre di dati una di fronte all&#39;altra.","breadcrumb":{"@id":"https:\/\/exceladvisor.org\/it\/grafico-del-tornado\/#breadcrumb"},"inLanguage":"it-IT","potentialAction":[{"@type":"ReadAction","target":["https:\/\/exceladvisor.org\/it\/grafico-del-tornado\/"]}]},{"@type":"ImageObject","inLanguage":"it-IT","@id":"https:\/\/exceladvisor.org\/it\/grafico-del-tornado\/#primaryimage","url":"https:\/\/exceladvisor.org\/wp-content\/uploads\/2023\/08\/step1-creer-un-graphique-tornade-dans-Excel-en-utilisant-cette-table-de-donnees-avec-des-valeurs-negatives.png","contentUrl":"https:\/\/exceladvisor.org\/wp-content\/uploads\/2023\/08\/step1-creer-un-graphique-tornade-dans-Excel-en-utilisant-cette-table-de-donnees-avec-des-valeurs-negatives.png"},{"@type":"BreadcrumbList","@id":"https:\/\/exceladvisor.org\/it\/grafico-del-tornado\/#breadcrumb","itemListElement":[{"@type":"ListItem","position":1,"name":"Home","item":"https:\/\/exceladvisor.org\/it\/"},{"@type":"ListItem","position":2,"name":"Come creare un grafico tornado in excel?"}]},{"@type":"WebSite","@id":"https:\/\/exceladvisor.org\/it\/#website","url":"https:\/\/exceladvisor.org\/it\/","name":"Excel Advisor","description":"Tips, Tricks, and Time-Saving Hacks","publisher":{"@id":"https:\/\/exceladvisor.org\/it\/#organization"},"potentialAction":[{"@type":"SearchAction","target":{"@type":"EntryPoint","urlTemplate":"https:\/\/exceladvisor.org\/it\/?s={search_term_string}"},"query-input":{"@type":"PropertyValueSpecification","valueRequired":true,"valueName":"search_term_string"}}],"inLanguage":"it-IT"},{"@type":"Organization","@id":"https:\/\/exceladvisor.org\/it\/#organization","name":"Excel Advisor","url":"https:\/\/exceladvisor.org\/it\/","logo":{"@type":"ImageObject","inLanguage":"it-IT","@id":"https:\/\/exceladvisor.org\/it\/#\/schema\/logo\/image\/","url":"https:\/\/exceladvisor.org\/it\/wp-content\/uploads\/2023\/12\/exceladvisor.org_.png","contentUrl":"https:\/\/exceladvisor.org\/it\/wp-content\/uploads\/2023\/12\/exceladvisor.org_.png","width":105,"height":36,"caption":"Excel Advisor"},"image":{"@id":"https:\/\/exceladvisor.org\/it\/#\/schema\/logo\/image\/"}}]}},"yoast_meta":{"yoast_wpseo_title":"","yoast_wpseo_metadesc":"","yoast_wpseo_canonical":""},"_links":{"self":[{"href":"https:\/\/exceladvisor.org\/it\/wp-json\/wp\/v2\/pages\/1663","targetHints":{"allow":["GET"]}}],"collection":[{"href":"https:\/\/exceladvisor.org\/it\/wp-json\/wp\/v2\/pages"}],"about":[{"href":"https:\/\/exceladvisor.org\/it\/wp-json\/wp\/v2\/types\/page"}],"author":[{"embeddable":true,"href":"https:\/\/exceladvisor.org\/it\/wp-json\/wp\/v2\/users\/1"}],"replies":[{"embeddable":true,"href":"https:\/\/exceladvisor.org\/it\/wp-json\/wp\/v2\/comments?post=1663"}],"version-history":[{"count":1,"href":"https:\/\/exceladvisor.org\/it\/wp-json\/wp\/v2\/pages\/1663\/revisions"}],"predecessor-version":[{"id":2496,"href":"https:\/\/exceladvisor.org\/it\/wp-json\/wp\/v2\/pages\/1663\/revisions\/2496"}],"wp:attachment":[{"href":"https:\/\/exceladvisor.org\/it\/wp-json\/wp\/v2\/media?parent=1663"}],"curies":[{"name":"wp","href":"https:\/\/api.w.org\/{rel}","templated":true}]}}