{"id":1664,"date":"2023-11-12T16:00:40","date_gmt":"2023-11-12T16:00:40","guid":{"rendered":"https:\/\/exceladvisor.org\/it\/tabellone-dei-proiettili\/"},"modified":"2023-12-10T06:23:11","modified_gmt":"2023-12-10T06:23:11","slug":"tabellone-dei-proiettili","status":"publish","type":"page","link":"https:\/\/exceladvisor.org\/it\/tabellone-dei-proiettili\/","title":{"rendered":"Come creare un grafico bullet in excel?"},"content":{"rendered":"<div class=\"excel-prima-del-contenuto\" id=\"excel-2724232354\"><script type=\"text\/javascript\">\r\n\tatOptions = {\r\n\t\t'key' : 'c1158f160081d6540a8409e6925dab94',\r\n\t\t'format' : 'iframe',\r\n\t\t'height' : 250,\r\n\t\t'width' : 300,\r\n\t\t'params' : {}\r\n\t};\r\n<\/script>\r\n<script type=\"text\/javascript\" src=\"\/\/www.highperformanceformat.com\/c1158f160081d6540a8409e6925dab94\/invoke.js\"><\/script><\/div> <p>Selezionare un buon tipo di grafico \u00e8 uno dei compiti pi\u00f9 difficili. Mentre lottavo con questo tipo di problemi, ho trovato un grafico chiamato <strong><span style=\"color: #554a47; background-color: #ffff00;\">Bullet Chart<\/span><\/strong> .<\/p><p> Il grafico bullet \u00e8 uno di quei <a href=\"https:\/\/exceladvisor.org\/it\/grafica-avanzata\/\">grafici Excel avanzati<\/a> che dovresti imparare a tracciare meglio. Questo \u00e8 un grafico perfetto da utilizzare quando \u00e8 necessario presentare un singolo punto Target vs. Achievement.<\/p><p> Secondo Wikipedia:<\/p><p> <span style=\"font-family: Georgia,serif;\"><em>Un grafico bullet \u00e8 una variante di un grafico a barre sviluppato da <a href=\"https:\/\/www.perceptualedge.com\/\" target=\"_blank\" rel=\"noreferrer noopener nofollow\">Stephen Few<\/a> . Apparentemente ispirato ai<\/em><\/span> tradizionali <a href=\"https:\/\/exceladvisor.org\/it\/tavolo-termometro\/\"><span style=\"font-family: Georgia,serif;\"><em>grafici a termometro<\/em><\/span><\/a> <span style=\"font-family: Georgia,serif;\"><em>e alle barre di avanzamento presenti in molte dashboard, il grafico a punti sostituisce gli indicatori e i contatori del dashboard.<\/em><\/span> <\/p><div class=\"wp-block-image\"><figure class=\"aligncenter\"><img decoding=\"async\" src=\"https:\/\/exceladvisor.org\/wp-content\/uploads\/2023\/08\/tableau-a-puces-pret-a-lemploi-dans-excel-1.png\" sizes=\"\" srcset=\"\" alt=\"tabella bullet pronta all'uso in Excel\"><\/figure><\/div><p> E nell&#8217;articolo di oggi condivider\u00f2 con te come creare un grafico bullet in Excel in semplici passaggi.<\/p><p> Quindi iniziamo.<\/p><h2 id=\"tab-con-1\" class=\"wp-block-heading\"> Componenti di un grafico bullet<\/h2><p> Un grafico bullet ha principalmente tre componenti.<\/p><ol><li> <strong>Indicatore di bersaglio<\/strong> : un indicatore per rappresentare il bersaglio. Nell&#8217;esempio sopra, ho utilizzato il 90% come obiettivo. \u00c8 possibile modificare il valore secondo necessit\u00e0.<\/li><li> <strong>Barra del successo<\/strong> : una singola barra del successo per rappresentare il valore effettivo. Questa barra dovrebbe essere di colore solido e leggermente pi\u00f9 stretta rispetto alle barre di colore nell&#8217;intervallo di confronto.<\/li><li> <strong>Intervallo di confronto<\/strong> : un intervallo di confronto di un tema di colore da utilizzare sullo sfondo della barra di successo. L&#8217;idea principale dell&#8217;utilizzo di questa gamma \u00e8 creare un confronto per i risultati, come le pietre miliari. <\/li><\/ol><div class=\"wp-block-image\"><figure class=\"aligncenter\"><img decoding=\"async\" src=\"https:\/\/exceladvisor.org\/wp-content\/uploads\/2023\/08\/comment-creer-un-tableau-a-puces-dans-les-composants-excel-1.png\" sizes=\"\" srcset=\"\" alt=\"come creare una tabella puntata in componenti Excel\"><\/figure><\/div><h2 class=\"wp-block-heading\"> Passaggi per creare un grafico puntato in Excel<\/h2><p> Nella tabella seguente sono presenti dati in tre parti che \u00e8 possibile utilizzare per creare un grafico bullet. Puoi <a href=\"https:\/\/exceladvisor.org\/wp-content\/uploads\/2023\/11\/tableau-a-puces-dans-une-feuille-brute-excel.xlsx\" rel=\"nofollow\">scaricare questo file da qui<\/a> per seguirlo. <\/p><div class=\"wp-block-image\"><figure class=\"aligncenter\"><img decoding=\"async\" src=\"https:\/\/exceladvisor.org\/wp-content\/uploads\/2023\/08\/tableau-pour-creer-un-graphique-a-puces-dans-excel-1.png\" sizes=\"\" srcset=\"\" alt=\"tabella per creare un grafico bullet in Excel\"><\/figure><\/div><ol><li> I primi quattro valori servono per l&#8217;intervallo di confronto.<\/li><li> Il valore del risultato \u00e8 per la barra dei risultati.<\/li><li> Il bersaglio \u00e8 per il segnalino bersaglio.<\/li><\/ol><p> Come ho detto sopra, abbiamo tre componenti principali in una tabella bullet. Quindi, \u00e8 necessario dividere l&#8217;intero processo in pi\u00f9 parti. I passaggi per creare un grafico bullet in Excel sono un po&#8217; lunghi. Ma, una volta compreso l&#8217;intero processo, sarai in grado di crearlo in pochi secondi.<\/p><h3 class=\"wp-block-heading\"> Inserisci un grafico a colonne<\/h3><p> Per creare un grafico bullet, \u00e8 necessario inserire un istogramma a cluster 2D ed ecco i passaggi per farlo.<\/p><ol><li> Innanzitutto, seleziona i tuoi dati e inserisci un istogramma del cluster 2D dalla scheda Inserisci. <br><img decoding=\"async\" title=\"vai a inserire-tab-inserisci-colonna-2d-stack-per-creare-un-grafico-puntinato-in-excel\" src=\"https:\/\/exceladvisor.org\/wp-content\/uploads\/2023\/08\/allez-dans-longlet-inserer-inserer-une-colonne-de-pile-2d-pour-creer-un-tableau-a-puces-dans-Excel-1.png\" sizes=\"\" srcset=\"\" alt=\"go to insert tab insert 2d stack column to create a bullet chart in excel\"><\/li><li> Otterrai tutti e sei i valori dei dati nel tuo grafico, in questo modo. <br><img decoding=\"async\" title=\"inserire-un-grafico-a-colonne-cluster-2d-per-creare-un-grafico-puntato-in-Excel\" src=\"https:\/\/exceladvisor.org\/wp-content\/uploads\/2023\/08\/inserer-un-graphique-a-colonnes-de-cluster-2d-pour-creer-un-graphique-a-puces-dans-Excel-1.png\" sizes=\"\" srcset=\"\" alt=\"insert a 2d cluster column chart to create a bullet chart in excel\"><\/li><li> Successivamente, \u00e8 necessario scambiare i dati nel grafico. Seleziona il tuo grafico e fai clic su &#8220;Cambia riga\/colonna&#8221;. <br><img decoding=\"async\" title=\"scambia-dati-grafico-per-creare-un-grafico-bullet-in-excel\" src=\"https:\/\/exceladvisor.org\/wp-content\/uploads\/2023\/08\/echanger-les-donnees-du-graphique-pour-creer-un-graphique-a-puces-dans-Excel-1.png\" sizes=\"\" srcset=\"\" alt=\"swap chart data to create a bullet chart in excel\"><\/li><li> Assicurati di avere valori massimi degli assi pari al 100%.<\/li><li> Ora hai una tabella come quella sotto. <br><img decoding=\"async\" title=\"modificare l'etichetta dell'asse per creare un grafico bullet in Excel\" src=\"https:\/\/exceladvisor.org\/wp-content\/uploads\/2023\/08\/changer-letiquette-de-laxe-pour-creer-un-graphique-a-puces-dans-Excel-1.png\" sizes=\"\" srcset=\"\" alt=\"change axis label to create a bullet chart in excel\"><\/li><li> Ora facciamo il passo successivo e creiamo un marcatore di destinazione.<\/li><\/ol><h3 class=\"wp-block-heading\"> Crea un segnalino bersaglio<\/h3><p> Ora devi creare un indicatore di destinazione che assomiglier\u00e0 a una piccola linea orizzontale. Ecco i passaggi.<\/p><ol><li> Innanzitutto, devi selezionare la barra di destinazione. (Ma il grafico \u00e8 completamente incasinato in questo momento ed \u00e8 difficile selezionare la barra di destinazione).<\/li><\/ol><p style=\"text-align: left; padding-left: 40px;\"> <strong data-rich-text-format-boundary=\"true\">Ecco il trucco:<\/strong> seleziona il tuo grafico e dalle opzioni di formato, utilizza questo menu a discesa per selezionare il valore target. <br><img decoding=\"async\" style=\"display: block; margin-left: auto; margin-right: auto;\" title=\"seleziona-la-barra-dei-dati-di-destinazione-per-creare-un-grafico-bullet-in-excel\" src=\"https:\/\/exceladvisor.org\/wp-content\/uploads\/2023\/08\/selectionnez-la-barre-de-donnees-cible-pour-creer-un-graphique-a-puces-dans-Excel-1.png\" sizes=\"\" srcset=\"\" alt=\"select target data bar to create a bullet chart in excel\"><\/p><ol><li style=\"list-style-type: none;\"><ol><li style=\"list-style-type: none;\"><ul id=\"block-fc63191a-1304-496b-a649-860e26f3572c\" class=\"block-editor-rich-text__editable block-editor-block-list__block wp-block is-selected rich-text\" tabindex=\"0\" role=\"group\" contenteditable=\"true\" aria-multiline=\"true\" aria-label=\"Block: List\" data-block=\"fc63191a-1304-496b-a649-860e26f3572c\" data-type=\"core\/list\" data-title=\"List\"><li> Ora vai alla scheda Progettazione e fai clic su Cambia tipo di grafico. <br><img decoding=\"async\" title=\"fare clic sul pulsante Cambia tipo di grafico per creare un grafico bullet in Excel\" src=\"https:\/\/exceladvisor.org\/wp-content\/uploads\/2023\/08\/cliquez-sur-le-bouton-de-changement-de-type-de-graphique-creer-un-graphique-a-puces-dans-Excel-1.png\" sizes=\"\" srcset=\"\" alt=\"click on change chart type button create a bullet chart in excel\"><\/li><li> Modificare il tipo di grafico per il valore target in grafico a linee con indicatore e controllare l&#8217;asse secondario corrispondente. <br><img decoding=\"async\" title=\"modificare il tipo di grafico dell'opzione della barra dei dati di destinazione per creare un grafico puntato in Excel\" src=\"https:\/\/exceladvisor.org\/wp-content\/uploads\/2023\/08\/changer-le-type-de-graphique-de-loption-pour-la-barre-de-donnees-cible-pour-creer-un-graphique-a-puces-dans-Excel-1.png\" sizes=\"\" srcset=\"\" alt=\"change chart type from option for target data bar to create a bullet chart in excel\"><\/li><li> A questo punto hai un piccolo punto nel tuo grafico per il target. <br><img decoding=\"async\" title=\"modificare il tipo di grafico della barra dei dati di destinazione per creare un grafico bullet in Excel\" src=\"https:\/\/exceladvisor.org\/wp-content\/uploads\/2023\/08\/modifier-le-type-de-graphique-de-la-barre-de-donnees-cible-pour-creer-un-graphique-a-puces-dans-Excel-1.png\" sizes=\"\" srcset=\"\" alt=\"change chart type of target data bar to create a bullet chart in excel\"><\/li><\/ul><\/li><\/ol><\/li><\/ol><p> Ora da qui fai le seguenti cose.<\/p><ol><li style=\"list-style-type: none;\"><ol><li style=\"list-style-type: none;\"><ol><li> Seleziona questo punto e trasforma l&#8217;indicatore in una barra rettangolare.<\/li><li> Cambia la dimensione del marcatore a 20.<\/li><li> Usa un colore a tinta unita per il riempimento (come il nero).<\/li><li> Nessuna fila per il confine.<\/li><li> Elimina l&#8217;asse secondario. <\/li><\/ol><\/li><\/ol><\/li><\/ol><div class=\"wp-block-image\"><figure class=\"aligncenter\"><img decoding=\"async\" src=\"https:\/\/exceladvisor.org\/wp-content\/uploads\/2023\/08\/changer-le-style-du-marqueur-pour-creer-un-tableau-a-puces-dans-Excel-1.png\" sizes=\"\" srcset=\"\" alt=\"cambia lo stile dell'indicatore per creare una tabella puntata in Excel\"><\/figure><\/div><p> A questo punto hai un grafico come sopra e quindi devi apportare alcune modifiche per aggiungere una barra di successo.<\/p><h3 class=\"wp-block-heading\"> Crea una barra del successo<\/h3><p> Dovresti creare una barra degli obiettivi con un colore solido per rappresentare il successo attuale rispetto all&#8217;obiettivo. Utilizzare i passaggi seguenti.<\/p><ol><li style=\"list-style-type: none;\"><ol><li style=\"list-style-type: none;\"><ul><li> Seleziona la barra di successo proprio come hai selezionato la barra di destinazione utilizzando l&#8217;elenco a discesa delle opzioni di formato. <br><img decoding=\"async\" title=\"seleziona-la-barra-dei-risultati-per-creare-un-grafico-bullet-in-excel\" src=\"https:\/\/exceladvisor.org\/wp-content\/uploads\/2023\/08\/selectionnez-la-barre-de-reussite-pour-creer-un-tableau-a-puces-dans-Excel-1.png\" sizes=\"\" srcset=\"\" alt=\"select achievement bar to create a bullet chart in excel\"><\/li><li> Ora vai alle opzioni seriali e seleziona l&#8217;asse secondario.<\/li><li> Per il momento modifica la larghezza dello spazio al 500%. <br><img decoding=\"async\" title=\"creare-una-barra-del-successo-sull'asse-secondario-per-creare-un-grafico-bullet-in-Excel\" src=\"https:\/\/exceladvisor.org\/wp-content\/uploads\/2023\/08\/creer-une-barre-de-reussite-sur-laxe-secondaire-pour-creer-un-tableau-a-puces-dans-Excel-1.png\" sizes=\"\" srcset=\"\" alt=\"make achievement bar to secondary axis to create a bullet chart in excel\"><\/li><li> Inoltre, utilizza un colore a tinta unita per la barra degli obiettivi come riempimento (come nero o blu scuro). <br><img decoding=\"async\" title=\"dopo-creare-la-barra-del-successo-per-creare-un-grafico-bullet-in-excel\" src=\"https:\/\/exceladvisor.org\/wp-content\/uploads\/2023\/08\/apres-avoir-cree-une-barre-de-reussite-pour-creer-un-tableau-a-puces-dans-Excel-1.png\" sizes=\"\" srcset=\"\" alt=\"after creating achievement bar to create a bullet chart in excel\"><\/li><\/ul><\/li><\/ol><\/li><\/ol><p> La tua tabella puntata \u00e8 quasi pronta, tutto ci\u00f2 che devi fare \u00e8 aggiungere un tema di colori per l&#8217;intervallo di confronto.<\/p><h3 class=\"wp-block-heading\"> Passaggio 4. Crea un intervallo di confronto<\/h3><p> Per creare un intervallo di confronto, \u00e8 necessario selezionare un colore e utilizzarne quattro diverse tonalit\u00e0. Tutto quello che devi fare \u00e8 selezionarli uno per uno e applicare un colore. Ho usato quattro diverse tonalit\u00e0 di grigio qui.<\/p><p> Puoi anche aggiungere la formattazione al grafico se ne hai bisogno. Una cosa che mi dimentico di dirti \u00e8 che una volta finito, assicurati di modificare il divario con l&#8217;intervallo di confronto al 500% e la barra di successo al 220%.<\/p><p> Congratulazioni! la tua tabella dei proiettili \u00e8 pronta. <\/p><div class=\"wp-block-image\"><figure class=\"aligncenter\"><img decoding=\"async\" src=\"https:\/\/exceladvisor.org\/wp-content\/uploads\/2023\/08\/tableau-a-puces-pret-a-lemploi-dans-excel-1.png\" sizes=\"\" srcset=\"\" alt=\"tabella bullet pronta all'uso in Excel\"><\/figure><\/div><h2 class=\"wp-block-heading\"> Ulteriori informazioni<\/h2><ol><li> Assicurati che la larghezza del tuo indicatore sia maggiore della barra di successo. Pertanto, quando hai pi\u00f9 risultati rispetto all&#8217;indicatore di destinazione, verr\u00e0 visualizzato nel modo corretto.<\/li><li> Utilizza sempre colori solidi per la barra degli obiettivi e l&#8217;indicatore del target.<\/li><li> Utilizzare diverse tonalit\u00e0 di colore singolo per l&#8217;intervallo di confronto.<\/li><li> Puoi anche utilizzare la stessa tecnica per creare un grafico a punti orizzontale. Sostituisci semplicemente il grafico a colonne con un grafico a barre. <\/li><li style=\"list-style-type: none;\"><ol><li style=\"list-style-type: none;\"><\/li><\/ol><\/li><\/ol><h2 class=\"wp-block-heading\"> File di esempio<\/h2><p> <a style=\"outline: none;\" href=\"https:\/\/exceladvisor.org\/wp-content\/uploads\/2023\/11\/tableau-a-puces-in2-excel.xls\" rel=\"nofollow\">Scarica questo file di esempio qui<\/a> per saperne di pi\u00f9.<\/p><div class=\"gb-container gb-container-a61970aa gb-container-mt\"> <a class=\"gb-button gb-button-b4293c6c gb-button-text gb-button-mt-button\" href=\"https:\/\/exceladvisor.org\/it\/grafici-excel\/\">Tipi di grafici Excel<\/a><h2 class=\"gb-headline gb-headline-5bf2e581 gb-headline-text gb-headline-mt-heading\"> Tutorial correlati <\/h2><div class=\"gb-grid-wrapper gb-grid-wrapper-9b70abf1 gb-grid-wrapper-mt-grid\"><div class=\"gb-grid-column gb-grid-column-97a95c29\"><div class=\"gb-container gb-container-97a95c29\"><ul><li> <a href=\"https:\/\/exceladvisor.org\/it\/grafica-della-cialda\/\">CARTONCINO GOFFRATO<\/a><\/li><li> <a href=\"https:\/\/exceladvisor.org\/it\/grafico-a-imbuto\/\">Grafico a imbuto<\/a><\/li><li> <a href=\"https:\/\/exceladvisor.org\/it\/diagramma-di-gantt\/\">diagramma di Gantt<\/a><\/li><li> <a href=\"https:\/\/exceladvisor.org\/it\/grafico-del-tornado\/\">Grafico del tornado<\/a><\/li><li> <a href=\"https:\/\/exceladvisor.org\/it\/grafica-avanzata\/\">Grafici Excel avanzati<\/a><\/li><li> <a href=\"https:\/\/exceladvisor.org\/it\/pittogramma\/\">Pittogramma<\/a> <\/li><\/ul><\/div><\/div><div class=\"gb-grid-column gb-grid-column-0636840f\"><div class=\"gb-container gb-container-0636840f\"><\/div><\/div><\/div><\/div>","protected":false},"excerpt":{"rendered":"","protected":false},"author":1,"featured_media":0,"parent":0,"menu_order":0,"comment_status":"open","ping_status":"closed","template":"","meta":{"ub_ctt_via":"","footnotes":""},"class_list":["post-1664","page","type-page","status-publish","hentry"],"featured_image_src":null,"yoast_head":"<!-- This site is optimized with the Yoast SEO plugin v25.4 - https:\/\/yoast.com\/wordpress\/plugins\/seo\/ -->\n<title>Come creare un grafico bullet in Excel? (Tutorial 2023)<\/title>\n<meta name=\"description\" content=\"Scegliere il giusto tipo di grafico \u00e8 uno dei compiti pi\u00f9 difficili. mentre lottavo con questo tipo di problemi, ho trovato un grafico\" \/>\n<meta name=\"robots\" content=\"index, follow, max-snippet:-1, max-image-preview:large, max-video-preview:-1\" \/>\n<link rel=\"canonical\" href=\"https:\/\/exceladvisor.org\/it\/tabellone-dei-proiettili\/\" \/>\n<meta property=\"og:locale\" content=\"it_IT\" \/>\n<meta property=\"og:type\" content=\"article\" \/>\n<meta property=\"og:title\" content=\"Come creare un grafico bullet in Excel? (Tutorial 2023)\" \/>\n<meta property=\"og:description\" content=\"Scegliere il giusto tipo di grafico \u00e8 uno dei compiti pi\u00f9 difficili. mentre lottavo con questo tipo di problemi, ho trovato un grafico\" \/>\n<meta property=\"og:url\" content=\"https:\/\/exceladvisor.org\/it\/tabellone-dei-proiettili\/\" \/>\n<meta property=\"og:site_name\" content=\"Excel Advisor\" \/>\n<meta property=\"article:modified_time\" content=\"2023-12-10T06:23:11+00:00\" \/>\n<meta property=\"og:image\" content=\"https:\/\/exceladvisor.org\/wp-content\/uploads\/2023\/08\/tableau-a-puces-pret-a-lemploi-dans-excel-1.png\" \/>\n<meta name=\"twitter:card\" content=\"summary_large_image\" \/>\n<meta name=\"twitter:label1\" content=\"Tempo di lettura stimato\" \/>\n\t<meta name=\"twitter:data1\" content=\"4 minuti\" \/>\n<script type=\"application\/ld+json\" class=\"yoast-schema-graph\">{\"@context\":\"https:\/\/schema.org\",\"@graph\":[{\"@type\":\"WebPage\",\"@id\":\"https:\/\/exceladvisor.org\/it\/tabellone-dei-proiettili\/\",\"url\":\"https:\/\/exceladvisor.org\/it\/tabellone-dei-proiettili\/\",\"name\":\"Come creare un grafico bullet in Excel? (Tutorial 2023)\",\"isPartOf\":{\"@id\":\"https:\/\/exceladvisor.org\/it\/#website\"},\"primaryImageOfPage\":{\"@id\":\"https:\/\/exceladvisor.org\/it\/tabellone-dei-proiettili\/#primaryimage\"},\"image\":{\"@id\":\"https:\/\/exceladvisor.org\/it\/tabellone-dei-proiettili\/#primaryimage\"},\"thumbnailUrl\":\"https:\/\/exceladvisor.org\/wp-content\/uploads\/2023\/08\/tableau-a-puces-pret-a-lemploi-dans-excel-1.png\",\"datePublished\":\"2023-11-12T16:00:40+00:00\",\"dateModified\":\"2023-12-10T06:23:11+00:00\",\"description\":\"Scegliere il giusto tipo di grafico \u00e8 uno dei compiti pi\u00f9 difficili. mentre lottavo con questo tipo di problemi, ho trovato un grafico\",\"breadcrumb\":{\"@id\":\"https:\/\/exceladvisor.org\/it\/tabellone-dei-proiettili\/#breadcrumb\"},\"inLanguage\":\"it-IT\",\"potentialAction\":[{\"@type\":\"ReadAction\",\"target\":[\"https:\/\/exceladvisor.org\/it\/tabellone-dei-proiettili\/\"]}]},{\"@type\":\"ImageObject\",\"inLanguage\":\"it-IT\",\"@id\":\"https:\/\/exceladvisor.org\/it\/tabellone-dei-proiettili\/#primaryimage\",\"url\":\"https:\/\/exceladvisor.org\/wp-content\/uploads\/2023\/08\/tableau-a-puces-pret-a-lemploi-dans-excel-1.png\",\"contentUrl\":\"https:\/\/exceladvisor.org\/wp-content\/uploads\/2023\/08\/tableau-a-puces-pret-a-lemploi-dans-excel-1.png\"},{\"@type\":\"BreadcrumbList\",\"@id\":\"https:\/\/exceladvisor.org\/it\/tabellone-dei-proiettili\/#breadcrumb\",\"itemListElement\":[{\"@type\":\"ListItem\",\"position\":1,\"name\":\"Home\",\"item\":\"https:\/\/exceladvisor.org\/it\/\"},{\"@type\":\"ListItem\",\"position\":2,\"name\":\"Come creare un grafico bullet in excel?\"}]},{\"@type\":\"WebSite\",\"@id\":\"https:\/\/exceladvisor.org\/it\/#website\",\"url\":\"https:\/\/exceladvisor.org\/it\/\",\"name\":\"Excel Advisor\",\"description\":\"Tips, Tricks, and Time-Saving Hacks\",\"publisher\":{\"@id\":\"https:\/\/exceladvisor.org\/it\/#organization\"},\"potentialAction\":[{\"@type\":\"SearchAction\",\"target\":{\"@type\":\"EntryPoint\",\"urlTemplate\":\"https:\/\/exceladvisor.org\/it\/?s={search_term_string}\"},\"query-input\":{\"@type\":\"PropertyValueSpecification\",\"valueRequired\":true,\"valueName\":\"search_term_string\"}}],\"inLanguage\":\"it-IT\"},{\"@type\":\"Organization\",\"@id\":\"https:\/\/exceladvisor.org\/it\/#organization\",\"name\":\"Excel Advisor\",\"url\":\"https:\/\/exceladvisor.org\/it\/\",\"logo\":{\"@type\":\"ImageObject\",\"inLanguage\":\"it-IT\",\"@id\":\"https:\/\/exceladvisor.org\/it\/#\/schema\/logo\/image\/\",\"url\":\"https:\/\/exceladvisor.org\/it\/wp-content\/uploads\/2023\/12\/exceladvisor.org_.png\",\"contentUrl\":\"https:\/\/exceladvisor.org\/it\/wp-content\/uploads\/2023\/12\/exceladvisor.org_.png\",\"width\":105,\"height\":36,\"caption\":\"Excel Advisor\"},\"image\":{\"@id\":\"https:\/\/exceladvisor.org\/it\/#\/schema\/logo\/image\/\"}}]}<\/script>\n<!-- \/ Yoast SEO plugin. -->","yoast_head_json":{"title":"Come creare un grafico bullet in Excel? (Tutorial 2023)","description":"Scegliere il giusto tipo di grafico \u00e8 uno dei compiti pi\u00f9 difficili. mentre lottavo con questo tipo di problemi, ho trovato un grafico","robots":{"index":"index","follow":"follow","max-snippet":"max-snippet:-1","max-image-preview":"max-image-preview:large","max-video-preview":"max-video-preview:-1"},"canonical":"https:\/\/exceladvisor.org\/it\/tabellone-dei-proiettili\/","og_locale":"it_IT","og_type":"article","og_title":"Come creare un grafico bullet in Excel? (Tutorial 2023)","og_description":"Scegliere il giusto tipo di grafico \u00e8 uno dei compiti pi\u00f9 difficili. mentre lottavo con questo tipo di problemi, ho trovato un grafico","og_url":"https:\/\/exceladvisor.org\/it\/tabellone-dei-proiettili\/","og_site_name":"Excel Advisor","article_modified_time":"2023-12-10T06:23:11+00:00","og_image":[{"url":"https:\/\/exceladvisor.org\/wp-content\/uploads\/2023\/08\/tableau-a-puces-pret-a-lemploi-dans-excel-1.png","type":"","width":"","height":""}],"twitter_card":"summary_large_image","twitter_misc":{"Tempo di lettura stimato":"4 minuti"},"schema":{"@context":"https:\/\/schema.org","@graph":[{"@type":"WebPage","@id":"https:\/\/exceladvisor.org\/it\/tabellone-dei-proiettili\/","url":"https:\/\/exceladvisor.org\/it\/tabellone-dei-proiettili\/","name":"Come creare un grafico bullet in Excel? (Tutorial 2023)","isPartOf":{"@id":"https:\/\/exceladvisor.org\/it\/#website"},"primaryImageOfPage":{"@id":"https:\/\/exceladvisor.org\/it\/tabellone-dei-proiettili\/#primaryimage"},"image":{"@id":"https:\/\/exceladvisor.org\/it\/tabellone-dei-proiettili\/#primaryimage"},"thumbnailUrl":"https:\/\/exceladvisor.org\/wp-content\/uploads\/2023\/08\/tableau-a-puces-pret-a-lemploi-dans-excel-1.png","datePublished":"2023-11-12T16:00:40+00:00","dateModified":"2023-12-10T06:23:11+00:00","description":"Scegliere il giusto tipo di grafico \u00e8 uno dei compiti pi\u00f9 difficili. mentre lottavo con questo tipo di problemi, ho trovato un grafico","breadcrumb":{"@id":"https:\/\/exceladvisor.org\/it\/tabellone-dei-proiettili\/#breadcrumb"},"inLanguage":"it-IT","potentialAction":[{"@type":"ReadAction","target":["https:\/\/exceladvisor.org\/it\/tabellone-dei-proiettili\/"]}]},{"@type":"ImageObject","inLanguage":"it-IT","@id":"https:\/\/exceladvisor.org\/it\/tabellone-dei-proiettili\/#primaryimage","url":"https:\/\/exceladvisor.org\/wp-content\/uploads\/2023\/08\/tableau-a-puces-pret-a-lemploi-dans-excel-1.png","contentUrl":"https:\/\/exceladvisor.org\/wp-content\/uploads\/2023\/08\/tableau-a-puces-pret-a-lemploi-dans-excel-1.png"},{"@type":"BreadcrumbList","@id":"https:\/\/exceladvisor.org\/it\/tabellone-dei-proiettili\/#breadcrumb","itemListElement":[{"@type":"ListItem","position":1,"name":"Home","item":"https:\/\/exceladvisor.org\/it\/"},{"@type":"ListItem","position":2,"name":"Come creare un grafico bullet in excel?"}]},{"@type":"WebSite","@id":"https:\/\/exceladvisor.org\/it\/#website","url":"https:\/\/exceladvisor.org\/it\/","name":"Excel Advisor","description":"Tips, Tricks, and Time-Saving Hacks","publisher":{"@id":"https:\/\/exceladvisor.org\/it\/#organization"},"potentialAction":[{"@type":"SearchAction","target":{"@type":"EntryPoint","urlTemplate":"https:\/\/exceladvisor.org\/it\/?s={search_term_string}"},"query-input":{"@type":"PropertyValueSpecification","valueRequired":true,"valueName":"search_term_string"}}],"inLanguage":"it-IT"},{"@type":"Organization","@id":"https:\/\/exceladvisor.org\/it\/#organization","name":"Excel Advisor","url":"https:\/\/exceladvisor.org\/it\/","logo":{"@type":"ImageObject","inLanguage":"it-IT","@id":"https:\/\/exceladvisor.org\/it\/#\/schema\/logo\/image\/","url":"https:\/\/exceladvisor.org\/it\/wp-content\/uploads\/2023\/12\/exceladvisor.org_.png","contentUrl":"https:\/\/exceladvisor.org\/it\/wp-content\/uploads\/2023\/12\/exceladvisor.org_.png","width":105,"height":36,"caption":"Excel Advisor"},"image":{"@id":"https:\/\/exceladvisor.org\/it\/#\/schema\/logo\/image\/"}}]}},"yoast_meta":{"yoast_wpseo_title":"","yoast_wpseo_metadesc":"","yoast_wpseo_canonical":""},"_links":{"self":[{"href":"https:\/\/exceladvisor.org\/it\/wp-json\/wp\/v2\/pages\/1664","targetHints":{"allow":["GET"]}}],"collection":[{"href":"https:\/\/exceladvisor.org\/it\/wp-json\/wp\/v2\/pages"}],"about":[{"href":"https:\/\/exceladvisor.org\/it\/wp-json\/wp\/v2\/types\/page"}],"author":[{"embeddable":true,"href":"https:\/\/exceladvisor.org\/it\/wp-json\/wp\/v2\/users\/1"}],"replies":[{"embeddable":true,"href":"https:\/\/exceladvisor.org\/it\/wp-json\/wp\/v2\/comments?post=1664"}],"version-history":[{"count":1,"href":"https:\/\/exceladvisor.org\/it\/wp-json\/wp\/v2\/pages\/1664\/revisions"}],"predecessor-version":[{"id":2491,"href":"https:\/\/exceladvisor.org\/it\/wp-json\/wp\/v2\/pages\/1664\/revisions\/2491"}],"wp:attachment":[{"href":"https:\/\/exceladvisor.org\/it\/wp-json\/wp\/v2\/media?parent=1664"}],"curies":[{"name":"wp","href":"https:\/\/api.w.org\/{rel}","templated":true}]}}