{"id":1668,"date":"2023-11-12T14:09:55","date_gmt":"2023-11-12T14:09:55","guid":{"rendered":"https:\/\/exceladvisor.org\/it\/contare-le-celle-con-il-testo\/"},"modified":"2023-12-10T06:22:08","modified_gmt":"2023-12-10T06:22:08","slug":"contare-le-celle-con-il-testo","status":"publish","type":"page","link":"https:\/\/exceladvisor.org\/it\/contare-le-celle-con-il-testo\/","title":{"rendered":"Come contare le celle con testo in excel?"},"content":{"rendered":"<div class=\"excel-prima-del-contenuto\" id=\"excel-1634804301\"><script type=\"text\/javascript\">\r\n\tatOptions = {\r\n\t\t'key' : 'c1158f160081d6540a8409e6925dab94',\r\n\t\t'format' : 'iframe',\r\n\t\t'height' : 250,\r\n\t\t'width' : 300,\r\n\t\t'params' : {}\r\n\t};\r\n<\/script>\r\n<script type=\"text\/javascript\" src=\"\/\/www.highperformanceformat.com\/c1158f160081d6540a8409e6925dab94\/invoke.js\"><\/script><\/div> <p>La settimana scorsa, uno dei miei lettori mi ha chiesto una formula semplice da utilizzare per contare le celle contenenti testo. Fondamentalmente, stava cercando di capire quale fosse il metodo migliore da utilizzare.<\/p><p> Ma se ci pensi un attimo. In Excel hai diverse formule per contare tutte le celle in cui sono presenti valori di testo. Ma il punto \u00e8 quale dovresti usare.<\/p><p> Penso che dipenda dalla situazione. Una cosa che devi capire qui \u00e8 che le celle con testo significano qualsiasi cella in cui non sono presenti numeri, celle vuote o errori.<\/p><p> Oggi in questo articolo vorrei condividere 6 modi diversi per contare le celle con testo in diverse situazioni.<\/p><h2 id=\"tab-con-1\" class=\"wp-block-heading\"> 1. CONTA.SE con caratteri jolly per contare la cella con valori di testo<\/h2><p> La formula migliore per contare le celle con testo \u00e8 CONTA.SE con un <a href=\"https:\/\/exceladvisor.org\/it\/caratteri-jolly-2\/\" data-wpil=\"url\">carattere jolly<\/a> (* \u2013 Asterisco). Nella tabella dati seguente, hai un elenco di nomi e numeri di cellulare in un&#8217;unica colonna. E da questo elenco devi contare il numero di celle con nomi (testo). La formula sar\u00e0: <\/p><pre class=\"wp-block-code\"> <code class=\"language-excel-formula\" lang=\"excel-formula\">=COUNTIF(A2:A20,\"*\")<\/code><\/pre><div class=\"wp-block-image\"><figure class=\"aligncenter size-full\"><img decoding=\"async\" class=\"wp-image-12935\" src=\"https:\/\/exceladvisor.org\/wp-content\/uploads\/2023\/08\/1-compter-les-cellules-avec-du-texte-en-utilisant-countif-et-astrisk-min-1.png\" sizes=\"\" srcset=\"\" alt=\"contare-celle-con-testo-usando-countif-e-astrisk-min\"><\/figure><\/div><p> Quando lo inserisci, restituir\u00e0 il numero di celle solo con testo.<\/p><h3 class=\"wp-block-heading\"> Ecco come funziona questa formula<\/h3><p> Qui abbiamo utilizzato CONTA.SE per contare le celle con criteri specifici e per i criteri abbiamo utilizzato l&#8217;asterisco. Quando si utilizza un asterisco, vengono conteggiate le celle contenenti un numero qualsiasi di caratteri diversi da valori logici, numeri (se non immessi come testo) ed errori.<\/p><p class=\"qt-tip\"> <strong>Nota:<\/strong> se ci sono celle in cui <a style=\"outline: none;\" href=\"https:\/\/exceladvisor.org\/it\/rimuovere-gli-spazi-aggiuntivi\/\" target=\"_blank\" rel=\"noopener noreferrer\">\u00e8 presente solo spazio vuoto<\/a> , questo verr\u00e0 conteggiato come testo. Quindi per questo puoi modificare la tua formula in questo modo.<\/p><pre class=\"wp-block-code\"> <code class=\"language-excel-formula\" lang=\"excel-formula\">=COUNTIFS(A2:A20,\"*\",A2:A20,\"&lt;&gt; \")<\/code><\/pre><h2 id=\"tab-con-2\" class=\"wp-block-heading\"> 2. SUMPRODUCT e ITEXT per contare il numero di celle con testo<\/h2><p> Per contare il numero di celle contenenti testo, puoi anche creare una formula combinando SUMPRODUCT e ISTEXT. E la formula sar\u00e0: <\/p><pre class=\"wp-block-code\"> <code class=\"language-excel-formula\" lang=\"excel-formula\">=SUMPRODUCT(--ISTEXT(A2:A20))<\/code><\/pre><p class=\"has-text-align-center\"><img loading=\"lazy\" decoding=\"async\" src=\"https:\/\/exceladvisor.org\/wp-content\/uploads\/2023\/08\/2-compter-les-cellules-avec-du-texte-en-utilisant-sumproduct-et-istext-min-1.png\" sizes=\"auto, \" srcset=\"\" alt=\"\" width=\"486\" height=\"336\" data-attachment-id=\"12936\"><\/p><p> Quando lo inserisci, restituir\u00e0 il numero di celle contenenti testo.<\/p><h3 class=\"wp-block-heading\"> Ecco come funziona questa formula<\/h3><p> Per comprendere questa formula \u00e8 necessario dividerla in tre parti diverse.<\/p><p> <strong>Innanzitutto,<\/strong> hai utilizzato ITEXT per verificare se una cella contiene testo o meno. Qui ISTEXT <strong>restituisce un array<\/strong> dove per tutte le celle in cui hai TRUE per le celle con testo e FALSE per tutte le altre celle. <\/p><div class=\"wp-block-image\"><figure class=\"aligncenter\"><img decoding=\"async\" src=\"https:\/\/exceladvisor.org\/wp-content\/uploads\/2023\/08\/3-compter-les-cellules-avec-du-texte-en-utilisant-sumproduct-et-istext-true-false-array-min-1.png\" sizes=\"\" srcset=\"\" alt=\"\"><\/figure><\/div><p> <strong>In secondo luogo,<\/strong> aggiungi un doppio segno meno per convertire l&#8217;array TRUE\/FALSE in 1\/0. Ora per tutte le celle con testo hai 1 e 0 per tutte le altre. <\/p><div class=\"wp-block-image is-style-default\"><figure class=\"aligncenter\"><img decoding=\"async\" src=\"https:\/\/exceladvisor.org\/wp-content\/uploads\/2023\/08\/4-cellules-de-comptage-avec-du-texte-en-utilisant-sumproduct-et-istext-un-tableau-zero-min-1.png\" sizes=\"\" srcset=\"\" alt=\"\"><\/figure><\/div><p> <strong>Terzo,<\/strong> hai utilizzato SUMPRODUCT per sommare questo array. E questa somma \u00e8 il numero di celle contenenti testo. <\/p><div class=\"wp-block-image\"><figure class=\"aligncenter\"><img decoding=\"async\" src=\"https:\/\/exceladvisor.org\/wp-content\/uploads\/2023\/08\/5-compter-les-cellules-avec-du-texte-en-utilisant-sumproduct-et-istext-un-zero-somme-min-1.png\" sizes=\"\" srcset=\"\" alt=\"\"><\/figure><\/div><p> Usare SUMPRODUCT qui ha il vantaggio di non dover inserire le formule sotto forma di tabella.<\/p><h2 class=\"wp-block-heading\"> 3. Formula per contare le celle con testo specifico<\/h2><p> Ora scaviamo un po&#8217; pi\u00f9 a fondo. Supponiamo che tu debba contare le celle in cui hai un testo specifico. Ecco un esempio. Nella tabella dati seguente, devi contare la cella in cui \u00e8 presente &#8220;John&#8221;. E per questo, la formula sar\u00e0: <\/p><pre class=\"wp-block-code\"> <code class=\"language-excel-formula\" lang=\"excel-formula\">=COUNTIF(A2:A20,\"John\")<\/code><\/pre><p class=\"has-text-align-center\"><img loading=\"lazy\" decoding=\"async\" src=\"https:\/\/exceladvisor.org\/wp-content\/uploads\/2023\/08\/6-cellules-de-comptage-avec-texte-specifique-avec-countif-min-1.png\" sizes=\"auto, \" srcset=\"\" alt=\"\" width=\"431\" height=\"313\" data-attachment-id=\"12940\"><\/p><p> Questa formula restituir\u00e0 il numero di celle in cui si trova il testo specificato.<\/p><h2 class=\"wp-block-heading\"> 4. Celle con testo parziale<\/h2><p> Questo a volte accade quando \u00e8 necessario contare le celle facendo corrispondere il testo parziale. E COUNTIF e i caratteri jolly possono aiutarti in questo.<\/p><p> Consulta la tabella seguente dove abbiamo combinato il nome del prodotto e i numeri della fattura. E da l\u00ec devi contare il numero di celle con &#8220;Prodotto-A&#8221;. Utilizza la formula seguente: <\/p><pre class=\"wp-block-code\"> <code class=\"language-excel-formula\" lang=\"excel-formula\">=COUNTIF(A2:A20,\"Product-A*\")<\/code><\/pre><p class=\"has-text-align-center\"><img loading=\"lazy\" decoding=\"async\" src=\"https:\/\/exceladvisor.org\/wp-content\/uploads\/2023\/08\/7-cellules-de-comptage-avec-texte-specifique-partiel-specifique-countif-asterisque-min-1.png\" sizes=\"auto, \" srcset=\"\" alt=\"\" width=\"462\" height=\"312\" data-attachment-id=\"12941\"><\/p><p> Questa formula restituir\u00e0 il numero di celle in cui \u00e8 presente &#8220;Prodotto-A&#8221;.<\/p><h2 class=\"wp-block-heading\"> 5. Testo con distinzione tra maiuscole e minuscole<\/h2><p> Ora ecco una cosa diversa. Devi contare le celle con testo specifico e questo dovrebbe essere un numero con distinzione tra maiuscole e minuscole.<\/p><p> Nella tabella seguente, devi contare le celle con il nome &#8220;JOHN&#8221;, ma qui hai lo stesso nome in lettere minuscole, ma il numero dovrebbe essere in maiuscolo.<\/p><p> Per questo, puoi combinare SUMPRODUCT con EXACT. <\/p><pre class=\"wp-block-code\"> <code class=\"language-excel-formula\" lang=\"excel-formula\">=SUMPRODUCT(--EXACT(\"JOHN\",A1:A20))<\/code><\/pre><p class=\"has-text-align-center\"><img loading=\"lazy\" decoding=\"async\" src=\"https:\/\/exceladvisor.org\/wp-content\/uploads\/2023\/08\/8-cellules-de-comptage-avec-texte-min-exact-1.png\" sizes=\"auto, \" srcset=\"\" alt=\"\" width=\"526\" height=\"323\" data-attachment-id=\"12942\"><\/p><p> Restituir\u00e0 il numero di celle in cui hai &#8220;JOHN&#8221;.<\/p><h3 class=\"wp-block-heading\"> Come funziona questa formula?<\/h3><p> Per comprendere questa formula \u00e8 necessario dividerla in tre parti diverse.<\/p><p> Innanzitutto, hai utilizzato EXACT per confrontare l&#8217;intero intervallo di celle con il testo &#8220;JOHN&#8221;. Restituisce un array in cui hai TRUE per le celle in cui &#8220;JOHN&#8221;, ignorando &#8220;john&#8221;, &#8220;John&#8221; e tutte le altre celle. <\/p><div class=\"wp-block-image\"><figure class=\"aligncenter\"><img decoding=\"async\" src=\"https:\/\/exceladvisor.org\/wp-content\/uploads\/2023\/08\/9-cellules-de-comptage-avec-texte-exact-vrai-faux-tableau-min-1.png\" sizes=\"\" srcset=\"\" alt=\"\"><\/figure><\/div><p> In secondo luogo, aggiungi un doppio segno meno per convertire questo array VERO\/FALSO in 1\/0. Ora per tutte le celle con &#8220;JOHN&#8221; hai 1 e 0 per tutte le altre. <\/p><div class=\"wp-block-image\"><figure class=\"aligncenter\"><img decoding=\"async\" src=\"https:\/\/exceladvisor.org\/wp-content\/uploads\/2023\/08\/10-cellules-de-comptage-avec-texte-exact-un-zero-tableau-min-1.png\" sizes=\"\" srcset=\"\" alt=\"conta-celle-con-testo-esatto-uno-zero-array-min\"><\/figure><\/div><p> Terzo, hai utilizzato SUMPRODUCT per sommare questo array. E questa somma \u00e8 il numero di celle che contengono &#8220;JOHN&#8221;. <\/p><div class=\"wp-block-image\"><figure class=\"aligncenter\"><img decoding=\"async\" src=\"https:\/\/exceladvisor.org\/wp-content\/uploads\/2023\/08\/11-cellules-de-comptage-avec-tableau-de-somme-exacte-de-texte-min-1.png\" sizes=\"\" srcset=\"\" alt=\"\"><\/figure><\/div><h2 class=\"wp-block-heading\"> 5. VBA per contare le celle con testo<\/h2><p> L&#8217;uso del codice macro consente un enorme risparmio di tempo. I codici seguenti ti aiuteranno a contare il numero di celle con testo nella selezione e nell&#8217;intero foglio di lavoro.<\/p><h3 class=\"wp-block-heading\"> Per la selezione:<\/h3><pre class=\"wp-block-code\"> <code class=\"language-visual-basic line-numbers\" lang=\"visual-basic\">Sub countTextSelection() Dim rng As Range Dim i As Integer For Each rng In Selection If Application.WorksheetFunction.IsText(rng) Then i = i + 1 End If Next rng MsgBox i End Sub<\/code><\/pre><h3 class=\"wp-block-heading\"> Intero foglio di calcolo:<\/h3><pre class=\"wp-block-code\"> <code class=\"language-visual-basic line-numbers\" lang=\"visual-basic\">Sub countTextWorksheet() Dim rng As Range Dim i As Integer For Each rng In ActiveSheet.UsedRange If Application.WorksheetFunction.IsText(rng) Then i = i + 1 End If Next rng MsgBox i End Sub<\/code><\/pre><p> <em>Correlati: <a href=\"https:\/\/exceladvisor.org\/it\/vba\/\">cos&#8217;\u00e8 VBA in Excel<\/a><\/em><\/p><h2 class=\"wp-block-heading\"> Conclusione<\/h2><p> Sono sicuro che tutti questi metodi siano sufficienti per contare le celle con testo in una determinata situazione. Puoi utilizzare uno qualsiasi dei metodi che ritieni siano perfetti per te.<\/p><p> Per la maggior parte delle situazioni, il primo metodo \u00e8 applicabile senza problemi. Ma se vuoi andare oltre, puoi usare altri metodi. Per me, VBA \u00e8 un enorme risparmio di tempo perch\u00e9 non devo applicare formule. Adesso tocca a te dirmi una cosa.<\/p><p> <strong>Hai un altro metodo che possiamo usare per contare il numero di celle con testo?<\/strong><\/p><p> Assicurati di condividere i tuoi pensieri con me nella sezione commenti, mi piacerebbe sentire la tua opinione. E per favore non dimenticare di condividere questo post con i tuoi amici, sono sicuro che gli piacer\u00e0. <\/p><div class=\"gb-container gb-container-52dfcee1 gb-container-sample-file\"><h2 class=\"gb-headline gb-headline-e289c143 gb-headline-text gb-headline-4f7959c2\"> Ottieni il file Excel<\/h2><p> <a class=\"gb-button gb-button-e88d6bee gb-button-text gb-button-button1\" href=\"https:\/\/exceladvisor.org\/wp-content\/uploads\/2023\/08\/compter-les-cellules-avec-du-texte-2.xlsx\" rel=\"nofollow\">Scaricamento<\/a><\/p><\/div><div class=\"gb-container gb-container-0df56012 gb-container-mt\"> <a class=\"gb-button gb-button-f9f432f4 gb-button-text gb-button-mt-button\" href=\"https:\/\/exceladvisor.org\/it\/formule\/\">Elenco delle formule di Excel<\/a><h2 class=\"gb-headline gb-headline-233444e8 gb-headline-text gb-headline-mt-heading\"> Formule correlate <\/h2><div class=\"gb-grid-wrapper gb-grid-wrapper-a16fa65c gb-grid-wrapper-mt-grid\"><div class=\"gb-grid-column gb-grid-column-50d07e0d\"><div class=\"gb-container gb-container-50d07e0d\"><ul><li> <a href=\"https:\/\/exceladvisor.org\/it\/contare-caratteri-specifici\/\">Contare caratteri specifici in Excel<\/a><\/li><li> <a href=\"https:\/\/exceladvisor.org\/it\/contare-il-numero-totale-di-celle\/\">Contare il numero totale di celle in un intervallo in Excel<\/a><\/li><li> <a href=\"https:\/\/exceladvisor.org\/it\/contare-valori-univoci-1\/\">Conta valori univoci in Excel<\/a><\/li><li> <a href=\"https:\/\/exceladvisor.org\/it\/contare-le-parole\/\">Contare le parole in Excel<\/a><\/li><li> <a href=\"https:\/\/exceladvisor.org\/it\/contare-le-righe-filtrate\/\">Conta le righe filtrate in Excel<\/a><\/li><li> <a href=\"https:\/\/exceladvisor.org\/it\/contare-le-righe-2\/\">Conteggio delle righe (tutte, vuote, non vuote e con numeri)<\/a> <\/li><\/ul><\/div><\/div><div class=\"gb-grid-column gb-grid-column-5b4a0cf9\"><div class=\"gb-container gb-container-5b4a0cf9\"><\/div><\/div><\/div><\/div>","protected":false},"excerpt":{"rendered":"","protected":false},"author":1,"featured_media":0,"parent":0,"menu_order":0,"comment_status":"open","ping_status":"closed","template":"","meta":{"ub_ctt_via":"","footnotes":""},"class_list":["post-1668","page","type-page","status-publish","hentry"],"featured_image_src":null,"yoast_head":"<!-- This site is optimized with the Yoast SEO plugin v25.4 - https:\/\/yoast.com\/wordpress\/plugins\/seo\/ -->\n<title>\u25b7 Come contare le celle con testo in Excel?<\/title>\n<meta name=\"description\" content=\"Il conteggio del numero di celle con testo pu\u00f2 essere eseguito con metodi diversi in situazioni diverse. E ne ho elencati 6...\" \/>\n<meta name=\"robots\" content=\"index, follow, max-snippet:-1, max-image-preview:large, max-video-preview:-1\" \/>\n<link rel=\"canonical\" href=\"https:\/\/exceladvisor.org\/it\/contare-le-celle-con-il-testo\/\" \/>\n<meta property=\"og:locale\" content=\"it_IT\" \/>\n<meta property=\"og:type\" content=\"article\" \/>\n<meta property=\"og:title\" content=\"\u25b7 Come contare le celle con testo in Excel?\" \/>\n<meta property=\"og:description\" content=\"Il conteggio del numero di celle con testo pu\u00f2 essere eseguito con metodi diversi in situazioni diverse. E ne ho elencati 6...\" \/>\n<meta property=\"og:url\" content=\"https:\/\/exceladvisor.org\/it\/contare-le-celle-con-il-testo\/\" \/>\n<meta property=\"og:site_name\" content=\"Excel Advisor\" \/>\n<meta property=\"article:modified_time\" content=\"2023-12-10T06:22:08+00:00\" \/>\n<meta property=\"og:image\" content=\"https:\/\/exceladvisor.org\/wp-content\/uploads\/2023\/08\/1-compter-les-cellules-avec-du-texte-en-utilisant-countif-et-astrisk-min-1.png\" \/>\n<meta name=\"twitter:card\" content=\"summary_large_image\" \/>\n<meta name=\"twitter:label1\" content=\"Tempo di lettura stimato\" \/>\n\t<meta name=\"twitter:data1\" content=\"5 minuti\" \/>\n<script type=\"application\/ld+json\" class=\"yoast-schema-graph\">{\"@context\":\"https:\/\/schema.org\",\"@graph\":[{\"@type\":\"WebPage\",\"@id\":\"https:\/\/exceladvisor.org\/it\/contare-le-celle-con-il-testo\/\",\"url\":\"https:\/\/exceladvisor.org\/it\/contare-le-celle-con-il-testo\/\",\"name\":\"\u25b7 Come contare le celle con testo in Excel?\",\"isPartOf\":{\"@id\":\"https:\/\/exceladvisor.org\/it\/#website\"},\"primaryImageOfPage\":{\"@id\":\"https:\/\/exceladvisor.org\/it\/contare-le-celle-con-il-testo\/#primaryimage\"},\"image\":{\"@id\":\"https:\/\/exceladvisor.org\/it\/contare-le-celle-con-il-testo\/#primaryimage\"},\"thumbnailUrl\":\"https:\/\/exceladvisor.org\/wp-content\/uploads\/2023\/08\/1-compter-les-cellules-avec-du-texte-en-utilisant-countif-et-astrisk-min-1.png\",\"datePublished\":\"2023-11-12T14:09:55+00:00\",\"dateModified\":\"2023-12-10T06:22:08+00:00\",\"description\":\"Il conteggio del numero di celle con testo pu\u00f2 essere eseguito con metodi diversi in situazioni diverse. E ne ho elencati 6...\",\"breadcrumb\":{\"@id\":\"https:\/\/exceladvisor.org\/it\/contare-le-celle-con-il-testo\/#breadcrumb\"},\"inLanguage\":\"it-IT\",\"potentialAction\":[{\"@type\":\"ReadAction\",\"target\":[\"https:\/\/exceladvisor.org\/it\/contare-le-celle-con-il-testo\/\"]}]},{\"@type\":\"ImageObject\",\"inLanguage\":\"it-IT\",\"@id\":\"https:\/\/exceladvisor.org\/it\/contare-le-celle-con-il-testo\/#primaryimage\",\"url\":\"https:\/\/exceladvisor.org\/wp-content\/uploads\/2023\/08\/1-compter-les-cellules-avec-du-texte-en-utilisant-countif-et-astrisk-min-1.png\",\"contentUrl\":\"https:\/\/exceladvisor.org\/wp-content\/uploads\/2023\/08\/1-compter-les-cellules-avec-du-texte-en-utilisant-countif-et-astrisk-min-1.png\"},{\"@type\":\"BreadcrumbList\",\"@id\":\"https:\/\/exceladvisor.org\/it\/contare-le-celle-con-il-testo\/#breadcrumb\",\"itemListElement\":[{\"@type\":\"ListItem\",\"position\":1,\"name\":\"Home\",\"item\":\"https:\/\/exceladvisor.org\/it\/\"},{\"@type\":\"ListItem\",\"position\":2,\"name\":\"Come contare le celle con testo in excel?\"}]},{\"@type\":\"WebSite\",\"@id\":\"https:\/\/exceladvisor.org\/it\/#website\",\"url\":\"https:\/\/exceladvisor.org\/it\/\",\"name\":\"Excel Advisor\",\"description\":\"Tips, Tricks, and Time-Saving Hacks\",\"publisher\":{\"@id\":\"https:\/\/exceladvisor.org\/it\/#organization\"},\"potentialAction\":[{\"@type\":\"SearchAction\",\"target\":{\"@type\":\"EntryPoint\",\"urlTemplate\":\"https:\/\/exceladvisor.org\/it\/?s={search_term_string}\"},\"query-input\":{\"@type\":\"PropertyValueSpecification\",\"valueRequired\":true,\"valueName\":\"search_term_string\"}}],\"inLanguage\":\"it-IT\"},{\"@type\":\"Organization\",\"@id\":\"https:\/\/exceladvisor.org\/it\/#organization\",\"name\":\"Excel Advisor\",\"url\":\"https:\/\/exceladvisor.org\/it\/\",\"logo\":{\"@type\":\"ImageObject\",\"inLanguage\":\"it-IT\",\"@id\":\"https:\/\/exceladvisor.org\/it\/#\/schema\/logo\/image\/\",\"url\":\"https:\/\/exceladvisor.org\/it\/wp-content\/uploads\/2023\/12\/exceladvisor.org_.png\",\"contentUrl\":\"https:\/\/exceladvisor.org\/it\/wp-content\/uploads\/2023\/12\/exceladvisor.org_.png\",\"width\":105,\"height\":36,\"caption\":\"Excel Advisor\"},\"image\":{\"@id\":\"https:\/\/exceladvisor.org\/it\/#\/schema\/logo\/image\/\"}}]}<\/script>\n<!-- \/ Yoast SEO plugin. -->","yoast_head_json":{"title":"\u25b7 Come contare le celle con testo in Excel?","description":"Il conteggio del numero di celle con testo pu\u00f2 essere eseguito con metodi diversi in situazioni diverse. E ne ho elencati 6...","robots":{"index":"index","follow":"follow","max-snippet":"max-snippet:-1","max-image-preview":"max-image-preview:large","max-video-preview":"max-video-preview:-1"},"canonical":"https:\/\/exceladvisor.org\/it\/contare-le-celle-con-il-testo\/","og_locale":"it_IT","og_type":"article","og_title":"\u25b7 Come contare le celle con testo in Excel?","og_description":"Il conteggio del numero di celle con testo pu\u00f2 essere eseguito con metodi diversi in situazioni diverse. E ne ho elencati 6...","og_url":"https:\/\/exceladvisor.org\/it\/contare-le-celle-con-il-testo\/","og_site_name":"Excel Advisor","article_modified_time":"2023-12-10T06:22:08+00:00","og_image":[{"url":"https:\/\/exceladvisor.org\/wp-content\/uploads\/2023\/08\/1-compter-les-cellules-avec-du-texte-en-utilisant-countif-et-astrisk-min-1.png","type":"","width":"","height":""}],"twitter_card":"summary_large_image","twitter_misc":{"Tempo di lettura stimato":"5 minuti"},"schema":{"@context":"https:\/\/schema.org","@graph":[{"@type":"WebPage","@id":"https:\/\/exceladvisor.org\/it\/contare-le-celle-con-il-testo\/","url":"https:\/\/exceladvisor.org\/it\/contare-le-celle-con-il-testo\/","name":"\u25b7 Come contare le celle con testo in Excel?","isPartOf":{"@id":"https:\/\/exceladvisor.org\/it\/#website"},"primaryImageOfPage":{"@id":"https:\/\/exceladvisor.org\/it\/contare-le-celle-con-il-testo\/#primaryimage"},"image":{"@id":"https:\/\/exceladvisor.org\/it\/contare-le-celle-con-il-testo\/#primaryimage"},"thumbnailUrl":"https:\/\/exceladvisor.org\/wp-content\/uploads\/2023\/08\/1-compter-les-cellules-avec-du-texte-en-utilisant-countif-et-astrisk-min-1.png","datePublished":"2023-11-12T14:09:55+00:00","dateModified":"2023-12-10T06:22:08+00:00","description":"Il conteggio del numero di celle con testo pu\u00f2 essere eseguito con metodi diversi in situazioni diverse. E ne ho elencati 6...","breadcrumb":{"@id":"https:\/\/exceladvisor.org\/it\/contare-le-celle-con-il-testo\/#breadcrumb"},"inLanguage":"it-IT","potentialAction":[{"@type":"ReadAction","target":["https:\/\/exceladvisor.org\/it\/contare-le-celle-con-il-testo\/"]}]},{"@type":"ImageObject","inLanguage":"it-IT","@id":"https:\/\/exceladvisor.org\/it\/contare-le-celle-con-il-testo\/#primaryimage","url":"https:\/\/exceladvisor.org\/wp-content\/uploads\/2023\/08\/1-compter-les-cellules-avec-du-texte-en-utilisant-countif-et-astrisk-min-1.png","contentUrl":"https:\/\/exceladvisor.org\/wp-content\/uploads\/2023\/08\/1-compter-les-cellules-avec-du-texte-en-utilisant-countif-et-astrisk-min-1.png"},{"@type":"BreadcrumbList","@id":"https:\/\/exceladvisor.org\/it\/contare-le-celle-con-il-testo\/#breadcrumb","itemListElement":[{"@type":"ListItem","position":1,"name":"Home","item":"https:\/\/exceladvisor.org\/it\/"},{"@type":"ListItem","position":2,"name":"Come contare le celle con testo in excel?"}]},{"@type":"WebSite","@id":"https:\/\/exceladvisor.org\/it\/#website","url":"https:\/\/exceladvisor.org\/it\/","name":"Excel Advisor","description":"Tips, Tricks, and Time-Saving Hacks","publisher":{"@id":"https:\/\/exceladvisor.org\/it\/#organization"},"potentialAction":[{"@type":"SearchAction","target":{"@type":"EntryPoint","urlTemplate":"https:\/\/exceladvisor.org\/it\/?s={search_term_string}"},"query-input":{"@type":"PropertyValueSpecification","valueRequired":true,"valueName":"search_term_string"}}],"inLanguage":"it-IT"},{"@type":"Organization","@id":"https:\/\/exceladvisor.org\/it\/#organization","name":"Excel Advisor","url":"https:\/\/exceladvisor.org\/it\/","logo":{"@type":"ImageObject","inLanguage":"it-IT","@id":"https:\/\/exceladvisor.org\/it\/#\/schema\/logo\/image\/","url":"https:\/\/exceladvisor.org\/it\/wp-content\/uploads\/2023\/12\/exceladvisor.org_.png","contentUrl":"https:\/\/exceladvisor.org\/it\/wp-content\/uploads\/2023\/12\/exceladvisor.org_.png","width":105,"height":36,"caption":"Excel Advisor"},"image":{"@id":"https:\/\/exceladvisor.org\/it\/#\/schema\/logo\/image\/"}}]}},"yoast_meta":{"yoast_wpseo_title":"","yoast_wpseo_metadesc":"","yoast_wpseo_canonical":""},"_links":{"self":[{"href":"https:\/\/exceladvisor.org\/it\/wp-json\/wp\/v2\/pages\/1668","targetHints":{"allow":["GET"]}}],"collection":[{"href":"https:\/\/exceladvisor.org\/it\/wp-json\/wp\/v2\/pages"}],"about":[{"href":"https:\/\/exceladvisor.org\/it\/wp-json\/wp\/v2\/types\/page"}],"author":[{"embeddable":true,"href":"https:\/\/exceladvisor.org\/it\/wp-json\/wp\/v2\/users\/1"}],"replies":[{"embeddable":true,"href":"https:\/\/exceladvisor.org\/it\/wp-json\/wp\/v2\/comments?post=1668"}],"version-history":[{"count":1,"href":"https:\/\/exceladvisor.org\/it\/wp-json\/wp\/v2\/pages\/1668\/revisions"}],"predecessor-version":[{"id":2401,"href":"https:\/\/exceladvisor.org\/it\/wp-json\/wp\/v2\/pages\/1668\/revisions\/2401"}],"wp:attachment":[{"href":"https:\/\/exceladvisor.org\/it\/wp-json\/wp\/v2\/media?parent=1668"}],"curies":[{"name":"wp","href":"https:\/\/api.w.org\/{rel}","templated":true}]}}