{"id":1669,"date":"2023-11-12T14:04:35","date_gmt":"2023-11-12T14:04:35","guid":{"rendered":"https:\/\/exceladvisor.org\/it\/restituisce-i-nomi-tra-una-virgola-e-laltra\/"},"modified":"2023-12-10T06:23:20","modified_gmt":"2023-12-10T06:23:20","slug":"restituisce-i-nomi-tra-una-virgola-e-laltra","status":"publish","type":"page","link":"https:\/\/exceladvisor.org\/it\/restituisce-i-nomi-tra-una-virgola-e-laltra\/","title":{"rendered":"Come estrarre il nome e il cognome con una virgola?"},"content":{"rendered":"<div class=\"excel-prima-del-contenuto\" id=\"excel-4024381554\"><script type=\"text\/javascript\">\r\n\tatOptions = {\r\n\t\t'key' : 'c1158f160081d6540a8409e6925dab94',\r\n\t\t'format' : 'iframe',\r\n\t\t'height' : 250,\r\n\t\t'width' : 300,\r\n\t\t'params' : {}\r\n\t};\r\n<\/script>\r\n<script type=\"text\/javascript\" src=\"\/\/www.highperformanceformat.com\/c1158f160081d6540a8409e6925dab94\/invoke.js\"><\/script><\/div> <p>Per trasformare nomi e cognomi in nomi e cognomi in Excel, \u00e8 necessario utilizzare una combinazione di funzioni MID, LEN e CERCA. In questo tutorial impareremo come scrivere una formula per questo. <\/p><div class=\"wp-block-image\"><figure class=\"aligncenter size-full is-resized\"><img loading=\"lazy\" decoding=\"async\" class=\"aligncenter wp-image-12335 size-full\" src=\"https:\/\/exceladvisor.org\/wp-content\/uploads\/2023\/11\/Retournez-le-premier-amp.png\" alt=\"Restituisci il primo &amp;amp;\" width=\"487\" height=\"301\" srcset=\"https:\/\/exceladvisor.org\/wp-content\/uploads\/2023\/11\/Retournez-le-premier-amp.png 487w, https:\/\/exceladvisor.org\/wp-content\/uploads\/2023\/11\/Retournez-le-premier-amp-300x185.png 300w\" sizes=\"auto, (max-width: 487px) 100vw, 487px\"><\/figure><\/div><h2 class=\"wp-block-heading\"> Formula Excel per modificare nome e cognome<\/h2><p> \u00c8 possibile utilizzare i seguenti passaggi per scrivere questa formula:<\/p><ol><li> Per prima cosa devi utilizzare la funzione CERCA per trovare lo spazio che hai tra il nome e il cognome.<br><br><\/li><li> Successivamente, aggiungi uno al numero restituito dalla ricerca.<br><br><\/li><li> Quindi \u00e8 necessario utilizzare la funzione LEN per ottenere il numero totale di caratteri (nome e cognome). E aggiungi anche 1.<br><br><\/li><li> Ora inserisci la funzione MID e nel primo argomento inserisci due volte la cella A1 (dove hai il nome) combinandola con una virgola e uno spazio.<br><br><\/li><li> Da l\u00ec, nel secondo e terzo argomento del MID, inserisci rispettivamente la funzione SEARCH e la funzione LEN (che abbiamo scritto nei passaggi precedenti).<br><br><\/li><li> Alla fine, premi Invio per ottenere il risultato.<\/li><\/ol><pre class=\"wp-block-code\"> <code class=\"language-excel-formula\" lang=\"excel-formula\">=MID(A1&amp;\", \"&amp;A1,SEARCH(\" \",A1)+1,LEN(A1)+1)<\/code><\/pre><h2 class=\"wp-block-heading\"> Come funziona questa formula?<\/h2><p> Per comprendere questa formula \u00e8 necessario dividerla in tre parti. La funzione principale \u00e8 la funzione MID e abbiamo tre argomenti da definire nella funzione mid, ed \u00e8 per questo che devi dividere questa formula in tre parti per capirla.<\/p><p> Nella <strong>PRIMA PARTE<\/strong> abbiamo l&#8217;argomentazione testuale del MID. E in questo argomento abbiamo combinato il nome e il cognome due volte utilizzando una virgola e uno spazio.<\/p><p> Nella <strong>PARTE DUE<\/strong> hai la funzione CERCA che fa riferimento alla cella A1 dove hai i nomi (nome e cognome) e cerca lo spazio al suo interno e poi aggiungi 1 al suo interno. In questo modo ottieni la posizione iniziale del cognome della cella.<\/p><p> Nella <strong>PARTE TRE<\/strong> , hai la funzione LEN che conta il numero totale di caratteri dai nomi originali (nome e cognome) e aggiunge 1 ad essi.<\/p><div class=\"wp-block-image\"><figure class=\"aligncenter size-full\"><\/figure><\/div><p> Alla fine, la funzione MID ottiene il cognome dal primo valore e il nome dal secondo valore per darti il risultato dello scambio di nome e cognome in cognome e nome. <\/p><div class=\"gb-container gb-container-52dfcee1 gb-container-sample-file\"><h2 class=\"gb-headline gb-headline-e289c143 gb-headline-text gb-headline-4f7959c2\"> Ottieni il file Excel<\/h2> <a href=\"https:\/\/exceladvisor.org\/wp-content\/uploads\/2023\/11\/changer-les-prenoms.xlsx\">Scaricamento<\/a><\/div><div class=\"gb-container gb-container-0df56012 gb-container-mt\"> <a class=\"gb-button gb-button-f9f432f4 gb-button-text gb-button-mt-button\" href=\"https:\/\/exceladvisor.org\/it\/formule\/\">Elenco delle formule di Excel<\/a><h2 class=\"gb-headline gb-headline-233444e8 gb-headline-text gb-headline-mt-heading\"> Formule correlate <\/h2><div class=\"gb-grid-wrapper gb-grid-wrapper-a16fa65c gb-grid-wrapper-mt-grid\"><div class=\"gb-grid-column gb-grid-column-50d07e0d\"><div class=\"gb-container gb-container-50d07e0d\"><ul><li> <a href=\"https:\/\/exceladvisor.org\/it\/maiuscola-la-prima-lettera\/\">Rendere maiuscola la prima lettera in Excel<\/a><\/li><li> <a href=\"https:\/\/exceladvisor.org\/it\/colonna-in-riga\/\">Cambia colonna in riga (viceversa) in Excel<\/a><\/li><li> <a href=\"https:\/\/exceladvisor.org\/it\/caso-di-sentenza\/\">Passa a Maiuscole\/minuscole in Excel<\/a><\/li><li> <a href=\"https:\/\/exceladvisor.org\/it\/cambiare-maiuscoleminuscole-nel-testo\/\">Cambia maiuscole e minuscole nel testo (maiuscolo, minuscolo, corretto)<\/a> <\/li><\/ul><\/div><\/div><div class=\"gb-grid-column gb-grid-column-5b4a0cf9\"><div class=\"gb-container gb-container-5b4a0cf9\"><\/div><\/div><\/div><\/div>","protected":false},"excerpt":{"rendered":"","protected":false},"author":1,"featured_media":0,"parent":0,"menu_order":0,"comment_status":"open","ping_status":"closed","template":"","meta":{"ub_ctt_via":"","footnotes":""},"class_list":["post-1669","page","type-page","status-publish","hentry"],"featured_image_src":null,"yoast_head":"<!-- This site is optimized with the Yoast SEO plugin v25.4 - https:\/\/yoast.com\/wordpress\/plugins\/seo\/ -->\n<title>\u25b7 Come estrarre il nome e il cognome con una virgola?<\/title>\n<meta name=\"description\" content=\"Questo tutorial ti insegner\u00e0 come scrivere una formula Excel per invertire nome e cognome e aggiungere una virgola in mezzo.\" \/>\n<meta name=\"robots\" content=\"index, follow, max-snippet:-1, max-image-preview:large, max-video-preview:-1\" \/>\n<link rel=\"canonical\" href=\"https:\/\/exceladvisor.org\/it\/restituisce-i-nomi-tra-una-virgola-e-laltra\/\" \/>\n<meta property=\"og:locale\" content=\"it_IT\" \/>\n<meta property=\"og:type\" content=\"article\" \/>\n<meta property=\"og:title\" content=\"\u25b7 Come estrarre il nome e il cognome con una virgola?\" \/>\n<meta property=\"og:description\" content=\"Questo tutorial ti insegner\u00e0 come scrivere una formula Excel per invertire nome e cognome e aggiungere una virgola in mezzo.\" \/>\n<meta property=\"og:url\" content=\"https:\/\/exceladvisor.org\/it\/restituisce-i-nomi-tra-una-virgola-e-laltra\/\" \/>\n<meta property=\"og:site_name\" content=\"Excel Advisor\" \/>\n<meta property=\"article:modified_time\" content=\"2023-12-10T06:23:20+00:00\" \/>\n<meta property=\"og:image\" content=\"https:\/\/exceladvisor.org\/wp-content\/uploads\/2023\/11\/Retournez-le-premier-amp.png\" \/>\n<meta name=\"twitter:card\" content=\"summary_large_image\" \/>\n<meta name=\"twitter:label1\" content=\"Tempo di lettura stimato\" \/>\n\t<meta name=\"twitter:data1\" content=\"2 minuti\" \/>\n<script type=\"application\/ld+json\" class=\"yoast-schema-graph\">{\"@context\":\"https:\/\/schema.org\",\"@graph\":[{\"@type\":\"WebPage\",\"@id\":\"https:\/\/exceladvisor.org\/it\/restituisce-i-nomi-tra-una-virgola-e-laltra\/\",\"url\":\"https:\/\/exceladvisor.org\/it\/restituisce-i-nomi-tra-una-virgola-e-laltra\/\",\"name\":\"\u25b7 Come estrarre il nome e il cognome con una virgola?\",\"isPartOf\":{\"@id\":\"https:\/\/exceladvisor.org\/it\/#website\"},\"primaryImageOfPage\":{\"@id\":\"https:\/\/exceladvisor.org\/it\/restituisce-i-nomi-tra-una-virgola-e-laltra\/#primaryimage\"},\"image\":{\"@id\":\"https:\/\/exceladvisor.org\/it\/restituisce-i-nomi-tra-una-virgola-e-laltra\/#primaryimage\"},\"thumbnailUrl\":\"https:\/\/exceladvisor.org\/wp-content\/uploads\/2023\/11\/Retournez-le-premier-amp.png\",\"datePublished\":\"2023-11-12T14:04:35+00:00\",\"dateModified\":\"2023-12-10T06:23:20+00:00\",\"description\":\"Questo tutorial ti insegner\u00e0 come scrivere una formula Excel per invertire nome e cognome e aggiungere una virgola in mezzo.\",\"breadcrumb\":{\"@id\":\"https:\/\/exceladvisor.org\/it\/restituisce-i-nomi-tra-una-virgola-e-laltra\/#breadcrumb\"},\"inLanguage\":\"it-IT\",\"potentialAction\":[{\"@type\":\"ReadAction\",\"target\":[\"https:\/\/exceladvisor.org\/it\/restituisce-i-nomi-tra-una-virgola-e-laltra\/\"]}]},{\"@type\":\"ImageObject\",\"inLanguage\":\"it-IT\",\"@id\":\"https:\/\/exceladvisor.org\/it\/restituisce-i-nomi-tra-una-virgola-e-laltra\/#primaryimage\",\"url\":\"https:\/\/exceladvisor.org\/wp-content\/uploads\/2023\/11\/Retournez-le-premier-amp.png\",\"contentUrl\":\"https:\/\/exceladvisor.org\/wp-content\/uploads\/2023\/11\/Retournez-le-premier-amp.png\"},{\"@type\":\"BreadcrumbList\",\"@id\":\"https:\/\/exceladvisor.org\/it\/restituisce-i-nomi-tra-una-virgola-e-laltra\/#breadcrumb\",\"itemListElement\":[{\"@type\":\"ListItem\",\"position\":1,\"name\":\"Home\",\"item\":\"https:\/\/exceladvisor.org\/it\/\"},{\"@type\":\"ListItem\",\"position\":2,\"name\":\"Come estrarre il nome e il cognome con una virgola?\"}]},{\"@type\":\"WebSite\",\"@id\":\"https:\/\/exceladvisor.org\/it\/#website\",\"url\":\"https:\/\/exceladvisor.org\/it\/\",\"name\":\"Excel Advisor\",\"description\":\"Tips, Tricks, and Time-Saving Hacks\",\"publisher\":{\"@id\":\"https:\/\/exceladvisor.org\/it\/#organization\"},\"potentialAction\":[{\"@type\":\"SearchAction\",\"target\":{\"@type\":\"EntryPoint\",\"urlTemplate\":\"https:\/\/exceladvisor.org\/it\/?s={search_term_string}\"},\"query-input\":{\"@type\":\"PropertyValueSpecification\",\"valueRequired\":true,\"valueName\":\"search_term_string\"}}],\"inLanguage\":\"it-IT\"},{\"@type\":\"Organization\",\"@id\":\"https:\/\/exceladvisor.org\/it\/#organization\",\"name\":\"Excel Advisor\",\"url\":\"https:\/\/exceladvisor.org\/it\/\",\"logo\":{\"@type\":\"ImageObject\",\"inLanguage\":\"it-IT\",\"@id\":\"https:\/\/exceladvisor.org\/it\/#\/schema\/logo\/image\/\",\"url\":\"https:\/\/exceladvisor.org\/it\/wp-content\/uploads\/2023\/12\/exceladvisor.org_.png\",\"contentUrl\":\"https:\/\/exceladvisor.org\/it\/wp-content\/uploads\/2023\/12\/exceladvisor.org_.png\",\"width\":105,\"height\":36,\"caption\":\"Excel Advisor\"},\"image\":{\"@id\":\"https:\/\/exceladvisor.org\/it\/#\/schema\/logo\/image\/\"}}]}<\/script>\n<!-- \/ Yoast SEO plugin. -->","yoast_head_json":{"title":"\u25b7 Come estrarre il nome e il cognome con una virgola?","description":"Questo tutorial ti insegner\u00e0 come scrivere una formula Excel per invertire nome e cognome e aggiungere una virgola in mezzo.","robots":{"index":"index","follow":"follow","max-snippet":"max-snippet:-1","max-image-preview":"max-image-preview:large","max-video-preview":"max-video-preview:-1"},"canonical":"https:\/\/exceladvisor.org\/it\/restituisce-i-nomi-tra-una-virgola-e-laltra\/","og_locale":"it_IT","og_type":"article","og_title":"\u25b7 Come estrarre il nome e il cognome con una virgola?","og_description":"Questo tutorial ti insegner\u00e0 come scrivere una formula Excel per invertire nome e cognome e aggiungere una virgola in mezzo.","og_url":"https:\/\/exceladvisor.org\/it\/restituisce-i-nomi-tra-una-virgola-e-laltra\/","og_site_name":"Excel Advisor","article_modified_time":"2023-12-10T06:23:20+00:00","og_image":[{"url":"https:\/\/exceladvisor.org\/wp-content\/uploads\/2023\/11\/Retournez-le-premier-amp.png","type":"","width":"","height":""}],"twitter_card":"summary_large_image","twitter_misc":{"Tempo di lettura stimato":"2 minuti"},"schema":{"@context":"https:\/\/schema.org","@graph":[{"@type":"WebPage","@id":"https:\/\/exceladvisor.org\/it\/restituisce-i-nomi-tra-una-virgola-e-laltra\/","url":"https:\/\/exceladvisor.org\/it\/restituisce-i-nomi-tra-una-virgola-e-laltra\/","name":"\u25b7 Come estrarre il nome e il cognome con una virgola?","isPartOf":{"@id":"https:\/\/exceladvisor.org\/it\/#website"},"primaryImageOfPage":{"@id":"https:\/\/exceladvisor.org\/it\/restituisce-i-nomi-tra-una-virgola-e-laltra\/#primaryimage"},"image":{"@id":"https:\/\/exceladvisor.org\/it\/restituisce-i-nomi-tra-una-virgola-e-laltra\/#primaryimage"},"thumbnailUrl":"https:\/\/exceladvisor.org\/wp-content\/uploads\/2023\/11\/Retournez-le-premier-amp.png","datePublished":"2023-11-12T14:04:35+00:00","dateModified":"2023-12-10T06:23:20+00:00","description":"Questo tutorial ti insegner\u00e0 come scrivere una formula Excel per invertire nome e cognome e aggiungere una virgola in mezzo.","breadcrumb":{"@id":"https:\/\/exceladvisor.org\/it\/restituisce-i-nomi-tra-una-virgola-e-laltra\/#breadcrumb"},"inLanguage":"it-IT","potentialAction":[{"@type":"ReadAction","target":["https:\/\/exceladvisor.org\/it\/restituisce-i-nomi-tra-una-virgola-e-laltra\/"]}]},{"@type":"ImageObject","inLanguage":"it-IT","@id":"https:\/\/exceladvisor.org\/it\/restituisce-i-nomi-tra-una-virgola-e-laltra\/#primaryimage","url":"https:\/\/exceladvisor.org\/wp-content\/uploads\/2023\/11\/Retournez-le-premier-amp.png","contentUrl":"https:\/\/exceladvisor.org\/wp-content\/uploads\/2023\/11\/Retournez-le-premier-amp.png"},{"@type":"BreadcrumbList","@id":"https:\/\/exceladvisor.org\/it\/restituisce-i-nomi-tra-una-virgola-e-laltra\/#breadcrumb","itemListElement":[{"@type":"ListItem","position":1,"name":"Home","item":"https:\/\/exceladvisor.org\/it\/"},{"@type":"ListItem","position":2,"name":"Come estrarre il nome e il cognome con una virgola?"}]},{"@type":"WebSite","@id":"https:\/\/exceladvisor.org\/it\/#website","url":"https:\/\/exceladvisor.org\/it\/","name":"Excel Advisor","description":"Tips, Tricks, and Time-Saving Hacks","publisher":{"@id":"https:\/\/exceladvisor.org\/it\/#organization"},"potentialAction":[{"@type":"SearchAction","target":{"@type":"EntryPoint","urlTemplate":"https:\/\/exceladvisor.org\/it\/?s={search_term_string}"},"query-input":{"@type":"PropertyValueSpecification","valueRequired":true,"valueName":"search_term_string"}}],"inLanguage":"it-IT"},{"@type":"Organization","@id":"https:\/\/exceladvisor.org\/it\/#organization","name":"Excel Advisor","url":"https:\/\/exceladvisor.org\/it\/","logo":{"@type":"ImageObject","inLanguage":"it-IT","@id":"https:\/\/exceladvisor.org\/it\/#\/schema\/logo\/image\/","url":"https:\/\/exceladvisor.org\/it\/wp-content\/uploads\/2023\/12\/exceladvisor.org_.png","contentUrl":"https:\/\/exceladvisor.org\/it\/wp-content\/uploads\/2023\/12\/exceladvisor.org_.png","width":105,"height":36,"caption":"Excel Advisor"},"image":{"@id":"https:\/\/exceladvisor.org\/it\/#\/schema\/logo\/image\/"}}]}},"yoast_meta":{"yoast_wpseo_title":"","yoast_wpseo_metadesc":"","yoast_wpseo_canonical":""},"_links":{"self":[{"href":"https:\/\/exceladvisor.org\/it\/wp-json\/wp\/v2\/pages\/1669","targetHints":{"allow":["GET"]}}],"collection":[{"href":"https:\/\/exceladvisor.org\/it\/wp-json\/wp\/v2\/pages"}],"about":[{"href":"https:\/\/exceladvisor.org\/it\/wp-json\/wp\/v2\/types\/page"}],"author":[{"embeddable":true,"href":"https:\/\/exceladvisor.org\/it\/wp-json\/wp\/v2\/users\/1"}],"replies":[{"embeddable":true,"href":"https:\/\/exceladvisor.org\/it\/wp-json\/wp\/v2\/comments?post=1669"}],"version-history":[{"count":1,"href":"https:\/\/exceladvisor.org\/it\/wp-json\/wp\/v2\/pages\/1669\/revisions"}],"predecessor-version":[{"id":2509,"href":"https:\/\/exceladvisor.org\/it\/wp-json\/wp\/v2\/pages\/1669\/revisions\/2509"}],"wp:attachment":[{"href":"https:\/\/exceladvisor.org\/it\/wp-json\/wp\/v2\/media?parent=1669"}],"curies":[{"name":"wp","href":"https:\/\/api.w.org\/{rel}","templated":true}]}}