{"id":1676,"date":"2023-11-11T17:39:06","date_gmt":"2023-11-11T17:39:06","guid":{"rendered":"https:\/\/exceladvisor.org\/it\/grafica-interattiva\/"},"modified":"2023-12-10T06:22:57","modified_gmt":"2023-12-10T06:22:57","slug":"grafica-interattiva","status":"publish","type":"page","link":"https:\/\/exceladvisor.org\/it\/grafica-interattiva\/","title":{"rendered":"Come creare grafici interattivi in excel?"},"content":{"rendered":"<div class=\"excel-prima-del-contenuto\" id=\"excel-2739494628\"><script type=\"text\/javascript\">\r\n\tatOptions = {\r\n\t\t'key' : 'c1158f160081d6540a8409e6925dab94',\r\n\t\t'format' : 'iframe',\r\n\t\t'height' : 250,\r\n\t\t'width' : 300,\r\n\t\t'params' : {}\r\n\t};\r\n<\/script>\r\n<script type=\"text\/javascript\" src=\"\/\/www.highperformanceformat.com\/c1158f160081d6540a8409e6925dab94\/invoke.js\"><\/script><\/div> <p>Un grafico \u00e8 uno strumento perfetto per presentare i dati in modo comprensibile. Ma a volte fa schifo perch\u00e9 lo sovraccarichiamo di dati. S\u00ec, hai sentito bene.<\/p><p> Penso che la grafica debba essere nitida e chiara e la soluzione migliore a questo problema \u00e8 utilizzare la grafica interattiva. Utilizzando i grafici interattivi in Excel, <strong>puoi presentare pi\u00f9 dati in un unico grafico<\/strong> e non devi nemmeno preoccuparti di tutto quel disordine.<\/p><p> \u00c8 un modo intelligente. Guarda la tabella qui sotto dove cerco di mostrare l&#8217;obiettivo in relazione al risultato, al profitto e alla quota di mercato. <\/p><div class=\"wp-block-image\"><figure class=\"aligncenter\"><img decoding=\"async\" src=\"https:\/\/exceladvisor.org\/wp-content\/uploads\/2023\/08\/comment-creer-un-graphique-interactif-dans-Excel-vs-graphique-normal-1.png\" sizes=\"\" srcset=\"\" alt=\"come creare un grafico interattivo in Excel rispetto al grafico normale\"><\/figure><\/div><p> Pensi che questo sia un modo decente per presentarlo? Ovviamente no. E ora guarda qui, dove ho un grafico interattivo che posso controllare con i pulsanti di opzione. <\/p><div class=\"wp-block-image\"><figure class=\"aligncenter\"><img decoding=\"async\" src=\"https:\/\/exceladvisor.org\/wp-content\/uploads\/2023\/08\/comment-creer-un-graphique-interactif-dans-un-graphique-excel-1.gif\" sizes=\"\" srcset=\"\" alt=\"come creare un grafico interattivo in un grafico Excel\"><\/figure><\/div><p style=\"font-size: 24px;\"> <em>Cosa ne pensi? Sei pronto a creare il tuo primo grafico interattivo in Excel?<\/em><\/p><h2 class=\"wp-block-heading\"> Passaggi per creare un grafico interattivo in Excel<\/h2><p> Nell&#8217;articolo di oggi ti mostrer\u00f2 i passaggi esatti che devi seguire per creare un semplice grafico interattivo in Excel. Si prega <a href=\"https:\/\/exceladvisor.org\/wp-content\/uploads\/2023\/11\/graphique-excel-interactif-donnees-brutes.xlsx\" rel=\"nofollow\">di scaricare questo file da qui<\/a> per seguirlo.<\/p><h3 class=\"wp-block-heading\"> 1. Preparare i dati<\/h3><ol><li> Innanzitutto, copia questa tabella e incollala sotto la tabella originale. <br><img loading=\"lazy\" decoding=\"async\" title=\"nt\/uploads\/2016\/12\/how-to-create-an-interactive-chart-in-excel-paste-table-data\" src=\"https:\/\/exceladvisor.org\/wp-content\/uploads\/2023\/08\/comment-creer-un-graphique-interactif-dans-Excel-coller-les-donnees-du-tableau-1.png\" sizes=\"auto, \" srcset=\"\" alt=\"nt\/uploads\/2016\/12\/how-to-create-an-interactive-chart-in-excel-paste-table-data\" width=\"488\" height=\"254\"><\/li><li> Ora elimina i dati dalla seconda tabella. <br><img decoding=\"async\" title=\"nt\/uploads\/2016\/12\/how-to-create-an-interactive-chart-in-excel-delete-data\" src=\"https:\/\/exceladvisor.org\/wp-content\/uploads\/2023\/08\/comment-creer-un-graphique-interactif-dans-excel-supprimer-des-donnees-1.png\" sizes=\"\" srcset=\"\" alt=\"how to create an interactive chart in excel delete data\"><\/li><li> Nella cella Obiettivo e risultato di gennaio, inserisci le seguenti formule e copiale nell&#8217;intera riga ( <a href=\"https:\/\/exceladvisor.org\/it\/barra-delle-formule-excel\/\">barra della formula<\/a> ).<br> <code>=IF($A$1=1,B3,NA())<\/code><br> <img decoding=\"async\" title=\"nt\/uploads\/2016\/12\/how-to-create-an-interactive-chart-in-excel-add-formula-in-tagret-achievement\" src=\"https:\/\/exceladvisor.org\/wp-content\/uploads\/2023\/08\/comment-creer-un-graphique-interactif-dans-excel-ajouter-une-formule-dans-la-realisation-de-tagret-1.png\" sizes=\"\" srcset=\"\" alt=\"how to create an interactive chart in excel add formula in tagret achievement\"><\/li><li> Successivamente, nel mese di gennaio, guadagna e copialo nell&#8217;intera riga. <br><img decoding=\"async\" title=\"nt\/uploads\/2016\/12\/how-to-create-an-interactive-chart-in-excel-add-formula-profit\" src=\"https:\/\/exceladvisor.org\/wp-content\/uploads\/2023\/08\/comment-creer-un-graphique-interactif-dans-excel-ajouter-un-profit-de-formule-1.png\" sizes=\"\" srcset=\"\" alt=\"how to create an interactive chart in excel add formula profit\"><\/li><li> In definitiva, la quota di mercato di gennaio lo copia su tutta la linea. <br><img decoding=\"async\" title=\"nt\/uploads\/2016\/12\/come-creare-un-grafico-interattivo-in-excel-aggiungere-formula-in-market-share\" src=\"https:\/\/exceladvisor.org\/wp-content\/uploads\/2023\/08\/comment-creer-un-graphique-interactif-dans-excel-ajouter-une-formule-de-part-de-marche-1.png\" sizes=\"\" srcset=\"\" alt=\"how to create an interactive chart in excel add formula in market share\"><\/li><\/ol><p style=\"font-size: 24px;\"> <em>La tua tabella dati interattiva \u00e8 pronta.<\/em> <\/p><div class=\"wp-block-image\"><figure class=\"aligncenter\"><img decoding=\"async\" src=\"https:\/\/exceladvisor.org\/wp-content\/uploads\/2023\/08\/comment-creer-un-graphique-interactif-dans-des-donnees-Excel-avec-des-formules-1.gif\" sizes=\"\" srcset=\"\" alt=\"come creare un grafico interattivo in dati Excel con formule\"><\/figure><\/div><p> Tutte le celle in questa tabella sono collegate ad A1. E quando inserisci &#8220;1&#8221; nella Tabella A1, vengono visualizzati solo i dati relativi all&#8217;obiettivo e al risultato. Per \u201c2\u201d, mostrer\u00e0 il profitto e la quota di mercato per \u201c3\u201d.<\/p><h3 class=\"wp-block-heading\"> 2. Inserire i pulsanti di opzione<\/h3><ol><li> Vai alla <a href=\"https:\/\/exceladvisor.org\/it\/aggiungi-una-scheda-sviluppatore\/\">scheda Sviluppatore<\/a> \u279c Controllo \u279c Inserisci \u279c Pulsante Opzione. <br><img decoding=\"async\" title=\"come-creare-un-grafico-interattivo-in-excel-inserisci-pulsanti-di-opzione\" src=\"https:\/\/exceladvisor.org\/wp-content\/uploads\/2023\/08\/comment-creer-un-graphique-interactif-dans-excel-inserer-des-boutons-doption-1.png\" sizes=\"\" srcset=\"\" alt=\"how to create an interactive chart in excel insert option buttons\"><\/li><li> Inserisci tre pulsanti di opzione e nominali come segue.<ul><li> Pulsante-1 = TGT contro ACH<\/li><li> Pulsante-2 = Profitto<\/li><li> Pulsante-3 = Quota di mercato <\/li><\/ul><br><img decoding=\"async\" src=\"https:\/\/exceladvisor.org\/wp-content\/uploads\/2023\/08\/comment-creer-un-graphique-interactif-dans-les-boutons-doption-de-nom-Excel-1.png\" sizes=\"\" srcset=\"\" alt=\"come creare un grafico interattivo nei pulsanti di opzione del nome Excel\"><\/li><li> Successivamente, fai clic con il pulsante destro del mouse su uno dei pulsanti e seleziona &#8220;Controllo formato&#8221;. <br><img decoding=\"async\" title=\"come-creare-un-grafico-interattivo-in-excel-seleziona-formato-controllo\" src=\"https:\/\/exceladvisor.org\/wp-content\/uploads\/2023\/08\/comment-creer-un-graphique-interactif-dans-le-controle-de-format-de-selection-Excel-1.png\" sizes=\"\" srcset=\"\" alt=\"how to create an interactive chart in excel select format control\"><\/li><li> Nelle opzioni Controllo formato, collegalo alla cella A1 e fai clic su OK. <br><img decoding=\"async\" src=\"https:\/\/exceladvisor.org\/wp-content\/uploads\/2023\/08\/comment-creer-un-graphique-interactif-dans-une-cellule-de-lien-Excel-1.png\" sizes=\"\" srcset=\"\" alt=\"come creare un grafico interattivo in una cella di collegamento di Excel\"><\/li><li> Ora puoi controllare i tuoi dati con questi pulsanti di opzione. <br><img decoding=\"async\" title=\"come-creare-un-grafico-interattivo-in-dati-excel-con-pulsanti-di-opzione.gif\" src=\"https:\/\/exceladvisor.org\/wp-content\/uploads\/2023\/08\/comment-creer-un-graphique-interactif-dans-des-donnees-Excel-avec-des-boutons-doption-1.gif\" sizes=\"\" srcset=\"\" alt=\"how to create an interactive chart in excel data with option buttons\"><\/li><\/ol><h3 class=\"wp-block-heading\"> 3. Inserire il grafico dell&#8217;asse secondario<\/h3><ol><li> Innanzitutto, seleziona la tua tabella e inserisci un istogramma.<\/li><li> Successivamente, seleziona le barre dei dati e fai clic su \u201ccambia tipo di grafico\u201d. Vai alla scheda Progettazione \u279c Progettazione \u279c Cambia tipo di grafico. <br><img decoding=\"async\" title=\"come-creare-un-grafico-interattivo-in-excel-click-change-data-type-1\" src=\"https:\/\/exceladvisor.org\/wp-content\/uploads\/2023\/08\/comment-creer-un-graphique-interactif-dans-excel-cliquez-sur-changer-le-type-de-donnees-1.png\" sizes=\"\" srcset=\"\" alt=\"how to create an interactive chart in excel click change data type\"><\/li><li> Ora, per il profitto e la quota di mercato, modifica il tipo di grafico in linea con gli indicatori e <a href=\"https:\/\/exceladvisor.org\/it\/asse-secondario\/\" data-wpil=\"url\">controlla l&#8217;asse secondario<\/a> per entrambi. <br><img decoding=\"async\" title=\"come-creare-un-grafico-interattivo-in-excel-cambiare-il-tipo-di-grafico-dell'asse-secondario\" src=\"https:\/\/exceladvisor.org\/wp-content\/uploads\/2023\/08\/comment-creer-un-graphique-interactif-dans-Excel-modifier-laxe-secondaire-du-type-de-graphique.png\" sizes=\"\" srcset=\"\" alt=\"how to create interactive chart in excel change charts type secondary axis\"><\/li><\/ol><p> <strong>Congratulazioni!<\/strong> il tuo grafico interattivo \u00e8 pronto per scatenarsi. Se lo desideri, puoi anche apportare modifiche alla formattazione del grafico. <\/p><div class=\"wp-block-image\"><figure class=\"aligncenter\"><img decoding=\"async\" src=\"https:\/\/exceladvisor.org\/wp-content\/uploads\/2023\/08\/comment-creer-un-graphique-interactif-dans-excel-pret-a-lemploi-1.gif\" sizes=\"\" srcset=\"\" alt=\"come creare grafici interattivi in Excel pronti all'uso\"><\/figure><\/div><h2 id=\"tab-con-5\" class=\"wp-block-heading\"> File di esempio<\/h2><p> <a style=\"outline: none;\" href=\"https:\/\/exceladvisor.org\/wp-content\/uploads\/2023\/11\/tableau-excel-interactif.xlsx\" rel=\"nofollow\">Scarica questo file di esempio qui<\/a> per saperne di pi\u00f9.<\/p><h2 class=\"wp-block-heading\"> Conclusione<\/h2><p> Alla fine voglio solo dire che con un grafico interattivo puoi aiutare il tuo utente a concentrarsi su una cosa alla volta.<\/p><p> E puoi anche risparmiare molto spazio nei dashboard. A volte sembra che sia un processo lungo, ma \u00e8 una configurazione una tantum che pu\u00f2 farti risparmiare molto tempo. Spero che questo suggerimento ti aiuti a migliorare nella mappatura, ma ora dimmi una cosa.<\/p><p> Che tipo di grafica interattiva usi? Condividi con me nella sezione commenti, mi piacerebbe sentire la tua opinione e non dimenticare di condividere questo suggerimento con i tuoi amici, sono sicuro che lo apprezzeranno.<\/p><h2 class=\"wp-block-heading\"> Altri tutorial sulla grafica<\/h2><ul><li> <a style=\"outline: none;\" href=\"https:\/\/exceladvisor.org\/it\/aggiungi-una-linea-orizzontale\/\">Come aggiungere una linea orizzontale a un grafico in Excel<\/a><\/li><li> <a style=\"outline: none;\" href=\"https:\/\/exceladvisor.org\/it\/aggiungi-una-linea-verticale\/\">Come aggiungere una linea verticale a un grafico in Excel<\/a><\/li><li> <a style=\"outline: none;\" href=\"https:\/\/exceladvisor.org\/it\/tabellone-dei-proiettili\/\">Come creare un grafico puntato in Excel<\/a><\/li><li> <a style=\"outline: none;\" href=\"https:\/\/exceladvisor.org\/it\/intervallo-grafico-dinamico\/\">Come creare un intervallo di grafici dinamici in Excel<\/a><\/li><li> <a style=\"outline: none;\" href=\"https:\/\/exceladvisor.org\/it\/titolo-del-grafico-dinamico\/\">Come creare un titolo di grafico dinamico in Excel<\/a><\/li><\/ul>","protected":false},"excerpt":{"rendered":"","protected":false},"author":1,"featured_media":0,"parent":0,"menu_order":0,"comment_status":"open","ping_status":"closed","template":"","meta":{"ub_ctt_via":"","footnotes":""},"class_list":["post-1676","page","type-page","status-publish","hentry"],"featured_image_src":null,"yoast_head":"<!-- This site is optimized with the Yoast SEO plugin v25.4 - https:\/\/yoast.com\/wordpress\/plugins\/seo\/ -->\n<title>Come creare grafici interattivi in Excel? [3 passaggi]<\/title>\n<meta name=\"description\" content=\"Utilizzando i grafici interattivi in Excel, puoi presentare pi\u00f9 dati in un unico grafico. E qui ho una guida passo passo per creare il tuo primo grafico interattivo.\" \/>\n<meta name=\"robots\" content=\"index, follow, max-snippet:-1, max-image-preview:large, max-video-preview:-1\" \/>\n<link rel=\"canonical\" href=\"https:\/\/exceladvisor.org\/it\/grafica-interattiva\/\" \/>\n<meta property=\"og:locale\" content=\"it_IT\" \/>\n<meta property=\"og:type\" content=\"article\" \/>\n<meta property=\"og:title\" content=\"Come creare grafici interattivi in Excel? [3 passaggi]\" \/>\n<meta property=\"og:description\" content=\"Utilizzando i grafici interattivi in Excel, puoi presentare pi\u00f9 dati in un unico grafico. E qui ho una guida passo passo per creare il tuo primo grafico interattivo.\" \/>\n<meta property=\"og:url\" content=\"https:\/\/exceladvisor.org\/it\/grafica-interattiva\/\" \/>\n<meta property=\"og:site_name\" content=\"Excel Advisor\" \/>\n<meta property=\"article:modified_time\" content=\"2023-12-10T06:22:57+00:00\" \/>\n<meta property=\"og:image\" content=\"https:\/\/exceladvisor.org\/wp-content\/uploads\/2023\/08\/comment-creer-un-graphique-interactif-dans-Excel-vs-graphique-normal-1.png\" \/>\n<meta name=\"twitter:card\" content=\"summary_large_image\" \/>\n<meta name=\"twitter:label1\" content=\"Tempo di lettura stimato\" \/>\n\t<meta name=\"twitter:data1\" content=\"3 minuti\" \/>\n<script type=\"application\/ld+json\" class=\"yoast-schema-graph\">{\"@context\":\"https:\/\/schema.org\",\"@graph\":[{\"@type\":\"WebPage\",\"@id\":\"https:\/\/exceladvisor.org\/it\/grafica-interattiva\/\",\"url\":\"https:\/\/exceladvisor.org\/it\/grafica-interattiva\/\",\"name\":\"Come creare grafici interattivi in Excel? [3 passaggi]\",\"isPartOf\":{\"@id\":\"https:\/\/exceladvisor.org\/it\/#website\"},\"primaryImageOfPage\":{\"@id\":\"https:\/\/exceladvisor.org\/it\/grafica-interattiva\/#primaryimage\"},\"image\":{\"@id\":\"https:\/\/exceladvisor.org\/it\/grafica-interattiva\/#primaryimage\"},\"thumbnailUrl\":\"https:\/\/exceladvisor.org\/wp-content\/uploads\/2023\/08\/comment-creer-un-graphique-interactif-dans-Excel-vs-graphique-normal-1.png\",\"datePublished\":\"2023-11-11T17:39:06+00:00\",\"dateModified\":\"2023-12-10T06:22:57+00:00\",\"description\":\"Utilizzando i grafici interattivi in Excel, puoi presentare pi\u00f9 dati in un unico grafico. E qui ho una guida passo passo per creare il tuo primo grafico interattivo.\",\"breadcrumb\":{\"@id\":\"https:\/\/exceladvisor.org\/it\/grafica-interattiva\/#breadcrumb\"},\"inLanguage\":\"it-IT\",\"potentialAction\":[{\"@type\":\"ReadAction\",\"target\":[\"https:\/\/exceladvisor.org\/it\/grafica-interattiva\/\"]}]},{\"@type\":\"ImageObject\",\"inLanguage\":\"it-IT\",\"@id\":\"https:\/\/exceladvisor.org\/it\/grafica-interattiva\/#primaryimage\",\"url\":\"https:\/\/exceladvisor.org\/wp-content\/uploads\/2023\/08\/comment-creer-un-graphique-interactif-dans-Excel-vs-graphique-normal-1.png\",\"contentUrl\":\"https:\/\/exceladvisor.org\/wp-content\/uploads\/2023\/08\/comment-creer-un-graphique-interactif-dans-Excel-vs-graphique-normal-1.png\"},{\"@type\":\"BreadcrumbList\",\"@id\":\"https:\/\/exceladvisor.org\/it\/grafica-interattiva\/#breadcrumb\",\"itemListElement\":[{\"@type\":\"ListItem\",\"position\":1,\"name\":\"Home\",\"item\":\"https:\/\/exceladvisor.org\/it\/\"},{\"@type\":\"ListItem\",\"position\":2,\"name\":\"Come creare grafici interattivi in excel?\"}]},{\"@type\":\"WebSite\",\"@id\":\"https:\/\/exceladvisor.org\/it\/#website\",\"url\":\"https:\/\/exceladvisor.org\/it\/\",\"name\":\"Excel Advisor\",\"description\":\"Tips, Tricks, and Time-Saving Hacks\",\"publisher\":{\"@id\":\"https:\/\/exceladvisor.org\/it\/#organization\"},\"potentialAction\":[{\"@type\":\"SearchAction\",\"target\":{\"@type\":\"EntryPoint\",\"urlTemplate\":\"https:\/\/exceladvisor.org\/it\/?s={search_term_string}\"},\"query-input\":{\"@type\":\"PropertyValueSpecification\",\"valueRequired\":true,\"valueName\":\"search_term_string\"}}],\"inLanguage\":\"it-IT\"},{\"@type\":\"Organization\",\"@id\":\"https:\/\/exceladvisor.org\/it\/#organization\",\"name\":\"Excel Advisor\",\"url\":\"https:\/\/exceladvisor.org\/it\/\",\"logo\":{\"@type\":\"ImageObject\",\"inLanguage\":\"it-IT\",\"@id\":\"https:\/\/exceladvisor.org\/it\/#\/schema\/logo\/image\/\",\"url\":\"https:\/\/exceladvisor.org\/it\/wp-content\/uploads\/2023\/12\/exceladvisor.org_.png\",\"contentUrl\":\"https:\/\/exceladvisor.org\/it\/wp-content\/uploads\/2023\/12\/exceladvisor.org_.png\",\"width\":105,\"height\":36,\"caption\":\"Excel Advisor\"},\"image\":{\"@id\":\"https:\/\/exceladvisor.org\/it\/#\/schema\/logo\/image\/\"}}]}<\/script>\n<!-- \/ Yoast SEO plugin. -->","yoast_head_json":{"title":"Come creare grafici interattivi in Excel? [3 passaggi]","description":"Utilizzando i grafici interattivi in Excel, puoi presentare pi\u00f9 dati in un unico grafico. E qui ho una guida passo passo per creare il tuo primo grafico interattivo.","robots":{"index":"index","follow":"follow","max-snippet":"max-snippet:-1","max-image-preview":"max-image-preview:large","max-video-preview":"max-video-preview:-1"},"canonical":"https:\/\/exceladvisor.org\/it\/grafica-interattiva\/","og_locale":"it_IT","og_type":"article","og_title":"Come creare grafici interattivi in Excel? [3 passaggi]","og_description":"Utilizzando i grafici interattivi in Excel, puoi presentare pi\u00f9 dati in un unico grafico. E qui ho una guida passo passo per creare il tuo primo grafico interattivo.","og_url":"https:\/\/exceladvisor.org\/it\/grafica-interattiva\/","og_site_name":"Excel Advisor","article_modified_time":"2023-12-10T06:22:57+00:00","og_image":[{"url":"https:\/\/exceladvisor.org\/wp-content\/uploads\/2023\/08\/comment-creer-un-graphique-interactif-dans-Excel-vs-graphique-normal-1.png","type":"","width":"","height":""}],"twitter_card":"summary_large_image","twitter_misc":{"Tempo di lettura stimato":"3 minuti"},"schema":{"@context":"https:\/\/schema.org","@graph":[{"@type":"WebPage","@id":"https:\/\/exceladvisor.org\/it\/grafica-interattiva\/","url":"https:\/\/exceladvisor.org\/it\/grafica-interattiva\/","name":"Come creare grafici interattivi in Excel? [3 passaggi]","isPartOf":{"@id":"https:\/\/exceladvisor.org\/it\/#website"},"primaryImageOfPage":{"@id":"https:\/\/exceladvisor.org\/it\/grafica-interattiva\/#primaryimage"},"image":{"@id":"https:\/\/exceladvisor.org\/it\/grafica-interattiva\/#primaryimage"},"thumbnailUrl":"https:\/\/exceladvisor.org\/wp-content\/uploads\/2023\/08\/comment-creer-un-graphique-interactif-dans-Excel-vs-graphique-normal-1.png","datePublished":"2023-11-11T17:39:06+00:00","dateModified":"2023-12-10T06:22:57+00:00","description":"Utilizzando i grafici interattivi in Excel, puoi presentare pi\u00f9 dati in un unico grafico. E qui ho una guida passo passo per creare il tuo primo grafico interattivo.","breadcrumb":{"@id":"https:\/\/exceladvisor.org\/it\/grafica-interattiva\/#breadcrumb"},"inLanguage":"it-IT","potentialAction":[{"@type":"ReadAction","target":["https:\/\/exceladvisor.org\/it\/grafica-interattiva\/"]}]},{"@type":"ImageObject","inLanguage":"it-IT","@id":"https:\/\/exceladvisor.org\/it\/grafica-interattiva\/#primaryimage","url":"https:\/\/exceladvisor.org\/wp-content\/uploads\/2023\/08\/comment-creer-un-graphique-interactif-dans-Excel-vs-graphique-normal-1.png","contentUrl":"https:\/\/exceladvisor.org\/wp-content\/uploads\/2023\/08\/comment-creer-un-graphique-interactif-dans-Excel-vs-graphique-normal-1.png"},{"@type":"BreadcrumbList","@id":"https:\/\/exceladvisor.org\/it\/grafica-interattiva\/#breadcrumb","itemListElement":[{"@type":"ListItem","position":1,"name":"Home","item":"https:\/\/exceladvisor.org\/it\/"},{"@type":"ListItem","position":2,"name":"Come creare grafici interattivi in excel?"}]},{"@type":"WebSite","@id":"https:\/\/exceladvisor.org\/it\/#website","url":"https:\/\/exceladvisor.org\/it\/","name":"Excel Advisor","description":"Tips, Tricks, and Time-Saving Hacks","publisher":{"@id":"https:\/\/exceladvisor.org\/it\/#organization"},"potentialAction":[{"@type":"SearchAction","target":{"@type":"EntryPoint","urlTemplate":"https:\/\/exceladvisor.org\/it\/?s={search_term_string}"},"query-input":{"@type":"PropertyValueSpecification","valueRequired":true,"valueName":"search_term_string"}}],"inLanguage":"it-IT"},{"@type":"Organization","@id":"https:\/\/exceladvisor.org\/it\/#organization","name":"Excel Advisor","url":"https:\/\/exceladvisor.org\/it\/","logo":{"@type":"ImageObject","inLanguage":"it-IT","@id":"https:\/\/exceladvisor.org\/it\/#\/schema\/logo\/image\/","url":"https:\/\/exceladvisor.org\/it\/wp-content\/uploads\/2023\/12\/exceladvisor.org_.png","contentUrl":"https:\/\/exceladvisor.org\/it\/wp-content\/uploads\/2023\/12\/exceladvisor.org_.png","width":105,"height":36,"caption":"Excel Advisor"},"image":{"@id":"https:\/\/exceladvisor.org\/it\/#\/schema\/logo\/image\/"}}]}},"yoast_meta":{"yoast_wpseo_title":"","yoast_wpseo_metadesc":"","yoast_wpseo_canonical":""},"_links":{"self":[{"href":"https:\/\/exceladvisor.org\/it\/wp-json\/wp\/v2\/pages\/1676","targetHints":{"allow":["GET"]}}],"collection":[{"href":"https:\/\/exceladvisor.org\/it\/wp-json\/wp\/v2\/pages"}],"about":[{"href":"https:\/\/exceladvisor.org\/it\/wp-json\/wp\/v2\/types\/page"}],"author":[{"embeddable":true,"href":"https:\/\/exceladvisor.org\/it\/wp-json\/wp\/v2\/users\/1"}],"replies":[{"embeddable":true,"href":"https:\/\/exceladvisor.org\/it\/wp-json\/wp\/v2\/comments?post=1676"}],"version-history":[{"count":1,"href":"https:\/\/exceladvisor.org\/it\/wp-json\/wp\/v2\/pages\/1676\/revisions"}],"predecessor-version":[{"id":2462,"href":"https:\/\/exceladvisor.org\/it\/wp-json\/wp\/v2\/pages\/1676\/revisions\/2462"}],"wp:attachment":[{"href":"https:\/\/exceladvisor.org\/it\/wp-json\/wp\/v2\/media?parent=1676"}],"curies":[{"name":"wp","href":"https:\/\/api.w.org\/{rel}","templated":true}]}}