{"id":1678,"date":"2023-11-11T16:10:09","date_gmt":"2023-11-11T16:10:09","guid":{"rendered":"https:\/\/exceladvisor.org\/it\/mediana-se-2\/"},"modified":"2023-12-10T06:27:27","modified_gmt":"2023-12-10T06:27:27","slug":"mediana-se-2","status":"publish","type":"page","link":"https:\/\/exceladvisor.org\/it\/mediana-se-2\/","title":{"rendered":"Criteri condizionali per l&#39;utilizzo della mediana con if"},"content":{"rendered":"<div class=\"excel-prima-del-contenuto\" id=\"excel-2895238807\"><script type=\"text\/javascript\">\r\n\tatOptions = {\r\n\t\t'key' : 'c1158f160081d6540a8409e6925dab94',\r\n\t\t'format' : 'iframe',\r\n\t\t'height' : 250,\r\n\t\t'width' : 300,\r\n\t\t'params' : {}\r\n\t};\r\n<\/script>\r\n<script type=\"text\/javascript\" src=\"\/\/www.highperformanceformat.com\/c1158f160081d6540a8409e6925dab94\/invoke.js\"><\/script><\/div> <p>Per scrivere la formula MEDIANA SE in Excel \u00e8 necessario utilizzare la funzione MEDIANA abbinata alla funzione SE. Per prima cosa \u00e8 necessario utilizzare la funzione MEDIANA, quindi per creare una condizione \u00e8 necessario inserire la funzione SE. Nel SI, fare riferimento all&#8217;intervallo su cui si desidera testare la condizione. Successivamente, fai riferimento all&#8217;intervallo in cui hai i dati. Alla fine, inserisci la formula come formula di matrice. <\/p><div class=\"wp-block-image\"><figure class=\"aligncenter size-full is-resized\"><img loading=\"lazy\" decoding=\"async\" class=\"wp-image-79414\" src=\"https:\/\/exceladvisor.org\/wp-content\/uploads\/2023\/08\/1-mediane-avec-si.png\" sizes=\"auto, \" srcset=\"\" alt=\"mediana-con-se\" width=\"536\" height=\"386\"><\/figure><\/div><p> In questo tutorial impareremo come scrivere una formula per calcolare una mediana con una condizione.<\/p><h2 class=\"wp-block-heading\"> Formula condizionale per calcolare la MEDIANA SE<\/h2><p> \u00c8 possibile utilizzare i passaggi seguenti:<\/p><ol><li> Per prima cosa inserisci la funzione MEDIANA in una cella.<\/li><li> Successivamente, inserisci la funzione SE con la MEDIANA.<\/li><li> Ora nell&#8217;argomento (test_logico) fare riferimento all&#8217;intervallo A1:A1.<\/li><li> Da l\u00ec, nello stesso argomento, inserisci un operatore uguale e inserisci &#8220;Giorno 1&#8221; da utilizzare come condizione da testare.<\/li><li> Quindi in (value_if_true) in IF, fare riferimento all&#8217;intervallo B1:B12 in cui sono presenti i dati per calcolare la MEDIANA.<\/li><li> Alla fine, inserisci le parentesi di chiusura per chiudere la funzione. E usa <strong>Ctrl + Maiusc + Invio<\/strong> per ottenere il risultato della formula. <\/li><\/ol><div class=\"wp-block-image\"><figure class=\"aligncenter size-full is-resized\"><img loading=\"lazy\" decoding=\"async\" class=\"wp-image-79415\" src=\"https:\/\/exceladvisor.org\/wp-content\/uploads\/2023\/08\/2-calculer-la-mediane-si.png\" sizes=\"auto, \" srcset=\"\" alt=\"calcola-mediana-se\" width=\"642\" height=\"355\"><\/figure><\/div><pre class=\"wp-block-code\"> <code class=\"language-excel-formula\" lang=\"excel-formula\">=MEDIAN(IF(A1:A12=\"Day 1\",B1:B12))<\/code><\/pre><h2 class=\"wp-block-heading\"> Come funziona questa formula?<\/h2><p> Per comprendere questa formula, devi capire che quando inserisci una formula sotto forma di tabella, funziona sull&#8217;intero intervallo anzich\u00e9 su una sola cella. \u00c8 necessario dividere questa formula in due parti per capirlo. <\/p><div class=\"wp-block-image\"><figure class=\"aligncenter size-full is-resized\"><img loading=\"lazy\" decoding=\"async\" class=\"wp-image-79416\" src=\"https:\/\/exceladvisor.org\/wp-content\/uploads\/2023\/08\/3-comprend-la-formule.png\" sizes=\"auto, \" srcset=\"\" alt=\"comprendere la formula\" width=\"675\" height=\"341\"><\/figure><\/div><p> Nella <strong><strong><mark class=\"has-inline-color\" style=\"background-color: #eedc82; color: #ed573c;\">PARTE UNO<\/mark><\/strong><\/strong> , hai una condizione da testare nell&#8217;intervallo A1:A12. In questo intervallo abbiamo due valori, Giorno 1 e Giorno 2, vogliamo testare le celle in cui abbiamo la cella Giorno 1. Come puoi vedere nell&#8217;esempio sopra, abbiamo TRUE per tutte le celle in cui impostiamo Day 1 e FALSE per il resto delle celle. <\/p><div class=\"wp-block-image\"><figure class=\"aligncenter size-full is-resized\"><img loading=\"lazy\" decoding=\"async\" class=\"wp-image-79417\" src=\"https:\/\/exceladvisor.org\/wp-content\/uploads\/2023\/08\/4-conditions-a-tester-en-premiere-partie1.png\" sizes=\"auto, \" srcset=\"\" alt=\"condizioni da testare nella prima parte\" width=\"671\" height=\"329\"><\/figure><\/div><p> Successivamente, nel secondo argomento della funzione SE, hai fatto riferimento all&#8217;intervallo B1:B12 in cui abbiamo i dati per calcolare la mediana. <\/p><div class=\"wp-block-image\"><figure class=\"aligncenter size-full is-resized\"><img loading=\"lazy\" decoding=\"async\" class=\"wp-image-79418\" src=\"https:\/\/exceladvisor.org\/wp-content\/uploads\/2023\/08\/5-fait-reference-a-la-gamme-dans-la-deuxieme-partie.png\" sizes=\"auto, \" srcset=\"\" alt=\"riferimento alla scala nella seconda parte\" width=\"705\" height=\"337\"><\/figure><\/div><p> Nella <strong><mark class=\"has-inline-color\" style=\"background-color: #eedc82; color: #ed573c;\">PARTE DUE<\/mark><\/strong> , IF restituisce i dati per tutti i valori per i quali abbiamo GIORNO 1 nell&#8217;intervallo A1:A12 e FALSE per il resto dei valori. E MEDIAN restituisce la mediana solo per questi valori. <\/p><div class=\"gb-container gb-container-52dfcee1 gb-container-sample-file\"><h2 class=\"gb-headline gb-headline-e289c143 gb-headline-text gb-headline-4f7959c2\"> Ottieni il file Excel<\/h2> <a class=\"gb-button gb-button-e88d6bee gb-button-text gb-button-button1\" href=\"https:\/\/exceladvisor.org\/wp-content\/uploads\/2023\/08\/mediane-si.xlsx\" rel=\"nofollow\">Scaricamento<\/a><\/div><div class=\"gb-container gb-container-0df56012 gb-container-mt\"> <a class=\"gb-button gb-button-f9f432f4 gb-button-text gb-button-mt-button\" href=\"https:\/\/exceladvisor.org\/it\/formule\/\">Elenco delle formule di Excel<\/a><h2 class=\"gb-headline gb-headline-233444e8 gb-headline-text gb-headline-mt-heading\"> Formule correlate <\/h2><div class=\"gb-grid-wrapper gb-grid-wrapper-a16fa65c gb-grid-wrapper-mt-grid\"><div class=\"gb-grid-column gb-grid-column-50d07e0d\"><div class=\"gb-container gb-container-50d07e0d\"><ul><li> <a href=\"https:\/\/exceladvisor.org\/it\/se-zero-allora-vuoto\/\">Controlla IF 0 (zero), quindi vuoto in Excel<\/a><\/li><li> <a href=\"https:\/\/exceladvisor.org\/it\/controlla-se-esiste-un-valore-in-un-intervallo\/\">Controlla se esiste un valore in un intervallo in Excel<\/a><\/li><li> <a href=\"https:\/\/exceladvisor.org\/it\/se-e-1\/\">Combina le funzioni SE e AND in Excel<\/a><\/li><li> <a href=\"https:\/\/exceladvisor.org\/it\/se-o-1\/\">Combina le funzioni SE e OR in Excel<\/a><\/li><li> <a href=\"https:\/\/exceladvisor.org\/it\/se-la-cella-e-vuota\/\">SE la cella \u00e8 vuota (vuota) utilizzando SE + ISBLANK in Excel<\/a><\/li><li> <a href=\"https:\/\/exceladvisor.org\/it\/se-negativo-allora-zero\/\">SE negativo quindi zero (0) in Excel<\/a> <\/li><\/ul><\/div><\/div><div class=\"gb-grid-column gb-grid-column-5b4a0cf9\"><div class=\"gb-container gb-container-5b4a0cf9\"><\/div><\/div><\/div><\/div>","protected":false},"excerpt":{"rendered":"","protected":false},"author":1,"featured_media":0,"parent":0,"menu_order":0,"comment_status":"open","ping_status":"closed","template":"","meta":{"ub_ctt_via":"","footnotes":""},"class_list":["post-1678","page","type-page","status-publish","hentry"],"featured_image_src":null,"yoast_head":"<!-- This site is optimized with the Yoast SEO plugin v25.4 - https:\/\/yoast.com\/wordpress\/plugins\/seo\/ -->\n<title>Criteri condizionali per l&#039;utilizzo della MEDIANA con IF<\/title>\n<meta name=\"description\" content=\"Per scrivere la formula MEDIANA SE in Excel \u00e8 necessario utilizzare la funzione MEDIANA abbinata alla funzione SE. Prima di tutto\" \/>\n<meta name=\"robots\" content=\"index, follow, max-snippet:-1, max-image-preview:large, max-video-preview:-1\" \/>\n<link rel=\"canonical\" href=\"https:\/\/exceladvisor.org\/it\/mediana-se-2\/\" \/>\n<meta property=\"og:locale\" content=\"it_IT\" \/>\n<meta property=\"og:type\" content=\"article\" \/>\n<meta property=\"og:title\" content=\"Criteri condizionali per l&#039;utilizzo della MEDIANA con IF\" \/>\n<meta property=\"og:description\" content=\"Per scrivere la formula MEDIANA SE in Excel \u00e8 necessario utilizzare la funzione MEDIANA abbinata alla funzione SE. Prima di tutto\" \/>\n<meta property=\"og:url\" content=\"https:\/\/exceladvisor.org\/it\/mediana-se-2\/\" \/>\n<meta property=\"og:site_name\" content=\"Excel Advisor\" \/>\n<meta property=\"article:modified_time\" content=\"2023-12-10T06:27:27+00:00\" \/>\n<meta property=\"og:image\" content=\"https:\/\/exceladvisor.org\/wp-content\/uploads\/2023\/08\/1-mediane-avec-si.png\" \/>\n<meta name=\"twitter:card\" content=\"summary_large_image\" \/>\n<meta name=\"twitter:label1\" content=\"Tempo di lettura stimato\" \/>\n\t<meta name=\"twitter:data1\" content=\"2 minuti\" \/>\n<script type=\"application\/ld+json\" class=\"yoast-schema-graph\">{\"@context\":\"https:\/\/schema.org\",\"@graph\":[{\"@type\":\"WebPage\",\"@id\":\"https:\/\/exceladvisor.org\/it\/mediana-se-2\/\",\"url\":\"https:\/\/exceladvisor.org\/it\/mediana-se-2\/\",\"name\":\"Criteri condizionali per l&#39;utilizzo della MEDIANA con IF\",\"isPartOf\":{\"@id\":\"https:\/\/exceladvisor.org\/it\/#website\"},\"primaryImageOfPage\":{\"@id\":\"https:\/\/exceladvisor.org\/it\/mediana-se-2\/#primaryimage\"},\"image\":{\"@id\":\"https:\/\/exceladvisor.org\/it\/mediana-se-2\/#primaryimage\"},\"thumbnailUrl\":\"https:\/\/exceladvisor.org\/wp-content\/uploads\/2023\/08\/1-mediane-avec-si.png\",\"datePublished\":\"2023-11-11T16:10:09+00:00\",\"dateModified\":\"2023-12-10T06:27:27+00:00\",\"description\":\"Per scrivere la formula MEDIANA SE in Excel \u00e8 necessario utilizzare la funzione MEDIANA abbinata alla funzione SE. Prima di tutto\",\"breadcrumb\":{\"@id\":\"https:\/\/exceladvisor.org\/it\/mediana-se-2\/#breadcrumb\"},\"inLanguage\":\"it-IT\",\"potentialAction\":[{\"@type\":\"ReadAction\",\"target\":[\"https:\/\/exceladvisor.org\/it\/mediana-se-2\/\"]}]},{\"@type\":\"ImageObject\",\"inLanguage\":\"it-IT\",\"@id\":\"https:\/\/exceladvisor.org\/it\/mediana-se-2\/#primaryimage\",\"url\":\"https:\/\/exceladvisor.org\/wp-content\/uploads\/2023\/08\/1-mediane-avec-si.png\",\"contentUrl\":\"https:\/\/exceladvisor.org\/wp-content\/uploads\/2023\/08\/1-mediane-avec-si.png\"},{\"@type\":\"BreadcrumbList\",\"@id\":\"https:\/\/exceladvisor.org\/it\/mediana-se-2\/#breadcrumb\",\"itemListElement\":[{\"@type\":\"ListItem\",\"position\":1,\"name\":\"Home\",\"item\":\"https:\/\/exceladvisor.org\/it\/\"},{\"@type\":\"ListItem\",\"position\":2,\"name\":\"Criteri condizionali per l&#39;utilizzo della mediana con if\"}]},{\"@type\":\"WebSite\",\"@id\":\"https:\/\/exceladvisor.org\/it\/#website\",\"url\":\"https:\/\/exceladvisor.org\/it\/\",\"name\":\"Excel Advisor\",\"description\":\"Tips, Tricks, and Time-Saving Hacks\",\"publisher\":{\"@id\":\"https:\/\/exceladvisor.org\/it\/#organization\"},\"potentialAction\":[{\"@type\":\"SearchAction\",\"target\":{\"@type\":\"EntryPoint\",\"urlTemplate\":\"https:\/\/exceladvisor.org\/it\/?s={search_term_string}\"},\"query-input\":{\"@type\":\"PropertyValueSpecification\",\"valueRequired\":true,\"valueName\":\"search_term_string\"}}],\"inLanguage\":\"it-IT\"},{\"@type\":\"Organization\",\"@id\":\"https:\/\/exceladvisor.org\/it\/#organization\",\"name\":\"Excel Advisor\",\"url\":\"https:\/\/exceladvisor.org\/it\/\",\"logo\":{\"@type\":\"ImageObject\",\"inLanguage\":\"it-IT\",\"@id\":\"https:\/\/exceladvisor.org\/it\/#\/schema\/logo\/image\/\",\"url\":\"https:\/\/exceladvisor.org\/it\/wp-content\/uploads\/2023\/12\/exceladvisor.org_.png\",\"contentUrl\":\"https:\/\/exceladvisor.org\/it\/wp-content\/uploads\/2023\/12\/exceladvisor.org_.png\",\"width\":105,\"height\":36,\"caption\":\"Excel Advisor\"},\"image\":{\"@id\":\"https:\/\/exceladvisor.org\/it\/#\/schema\/logo\/image\/\"}}]}<\/script>\n<!-- \/ Yoast SEO plugin. -->","yoast_head_json":{"title":"Criteri condizionali per l&#39;utilizzo della MEDIANA con IF","description":"Per scrivere la formula MEDIANA SE in Excel \u00e8 necessario utilizzare la funzione MEDIANA abbinata alla funzione SE. Prima di tutto","robots":{"index":"index","follow":"follow","max-snippet":"max-snippet:-1","max-image-preview":"max-image-preview:large","max-video-preview":"max-video-preview:-1"},"canonical":"https:\/\/exceladvisor.org\/it\/mediana-se-2\/","og_locale":"it_IT","og_type":"article","og_title":"Criteri condizionali per l&#39;utilizzo della MEDIANA con IF","og_description":"Per scrivere la formula MEDIANA SE in Excel \u00e8 necessario utilizzare la funzione MEDIANA abbinata alla funzione SE. Prima di tutto","og_url":"https:\/\/exceladvisor.org\/it\/mediana-se-2\/","og_site_name":"Excel Advisor","article_modified_time":"2023-12-10T06:27:27+00:00","og_image":[{"url":"https:\/\/exceladvisor.org\/wp-content\/uploads\/2023\/08\/1-mediane-avec-si.png","type":"","width":"","height":""}],"twitter_card":"summary_large_image","twitter_misc":{"Tempo di lettura stimato":"2 minuti"},"schema":{"@context":"https:\/\/schema.org","@graph":[{"@type":"WebPage","@id":"https:\/\/exceladvisor.org\/it\/mediana-se-2\/","url":"https:\/\/exceladvisor.org\/it\/mediana-se-2\/","name":"Criteri condizionali per l&#39;utilizzo della MEDIANA con IF","isPartOf":{"@id":"https:\/\/exceladvisor.org\/it\/#website"},"primaryImageOfPage":{"@id":"https:\/\/exceladvisor.org\/it\/mediana-se-2\/#primaryimage"},"image":{"@id":"https:\/\/exceladvisor.org\/it\/mediana-se-2\/#primaryimage"},"thumbnailUrl":"https:\/\/exceladvisor.org\/wp-content\/uploads\/2023\/08\/1-mediane-avec-si.png","datePublished":"2023-11-11T16:10:09+00:00","dateModified":"2023-12-10T06:27:27+00:00","description":"Per scrivere la formula MEDIANA SE in Excel \u00e8 necessario utilizzare la funzione MEDIANA abbinata alla funzione SE. Prima di tutto","breadcrumb":{"@id":"https:\/\/exceladvisor.org\/it\/mediana-se-2\/#breadcrumb"},"inLanguage":"it-IT","potentialAction":[{"@type":"ReadAction","target":["https:\/\/exceladvisor.org\/it\/mediana-se-2\/"]}]},{"@type":"ImageObject","inLanguage":"it-IT","@id":"https:\/\/exceladvisor.org\/it\/mediana-se-2\/#primaryimage","url":"https:\/\/exceladvisor.org\/wp-content\/uploads\/2023\/08\/1-mediane-avec-si.png","contentUrl":"https:\/\/exceladvisor.org\/wp-content\/uploads\/2023\/08\/1-mediane-avec-si.png"},{"@type":"BreadcrumbList","@id":"https:\/\/exceladvisor.org\/it\/mediana-se-2\/#breadcrumb","itemListElement":[{"@type":"ListItem","position":1,"name":"Home","item":"https:\/\/exceladvisor.org\/it\/"},{"@type":"ListItem","position":2,"name":"Criteri condizionali per l&#39;utilizzo della mediana con if"}]},{"@type":"WebSite","@id":"https:\/\/exceladvisor.org\/it\/#website","url":"https:\/\/exceladvisor.org\/it\/","name":"Excel Advisor","description":"Tips, Tricks, and Time-Saving Hacks","publisher":{"@id":"https:\/\/exceladvisor.org\/it\/#organization"},"potentialAction":[{"@type":"SearchAction","target":{"@type":"EntryPoint","urlTemplate":"https:\/\/exceladvisor.org\/it\/?s={search_term_string}"},"query-input":{"@type":"PropertyValueSpecification","valueRequired":true,"valueName":"search_term_string"}}],"inLanguage":"it-IT"},{"@type":"Organization","@id":"https:\/\/exceladvisor.org\/it\/#organization","name":"Excel Advisor","url":"https:\/\/exceladvisor.org\/it\/","logo":{"@type":"ImageObject","inLanguage":"it-IT","@id":"https:\/\/exceladvisor.org\/it\/#\/schema\/logo\/image\/","url":"https:\/\/exceladvisor.org\/it\/wp-content\/uploads\/2023\/12\/exceladvisor.org_.png","contentUrl":"https:\/\/exceladvisor.org\/it\/wp-content\/uploads\/2023\/12\/exceladvisor.org_.png","width":105,"height":36,"caption":"Excel Advisor"},"image":{"@id":"https:\/\/exceladvisor.org\/it\/#\/schema\/logo\/image\/"}}]}},"yoast_meta":{"yoast_wpseo_title":"","yoast_wpseo_metadesc":"","yoast_wpseo_canonical":""},"_links":{"self":[{"href":"https:\/\/exceladvisor.org\/it\/wp-json\/wp\/v2\/pages\/1678","targetHints":{"allow":["GET"]}}],"collection":[{"href":"https:\/\/exceladvisor.org\/it\/wp-json\/wp\/v2\/pages"}],"about":[{"href":"https:\/\/exceladvisor.org\/it\/wp-json\/wp\/v2\/types\/page"}],"author":[{"embeddable":true,"href":"https:\/\/exceladvisor.org\/it\/wp-json\/wp\/v2\/users\/1"}],"replies":[{"embeddable":true,"href":"https:\/\/exceladvisor.org\/it\/wp-json\/wp\/v2\/comments?post=1678"}],"version-history":[{"count":1,"href":"https:\/\/exceladvisor.org\/it\/wp-json\/wp\/v2\/pages\/1678\/revisions"}],"predecessor-version":[{"id":2891,"href":"https:\/\/exceladvisor.org\/it\/wp-json\/wp\/v2\/pages\/1678\/revisions\/2891"}],"wp:attachment":[{"href":"https:\/\/exceladvisor.org\/it\/wp-json\/wp\/v2\/media?parent=1678"}],"curies":[{"name":"wp","href":"https:\/\/api.w.org\/{rel}","templated":true}]}}