{"id":1682,"date":"2023-11-11T15:13:22","date_gmt":"2023-11-11T15:13:22","guid":{"rendered":"https:\/\/exceladvisor.org\/it\/somma-se-inferiore-a\/"},"modified":"2023-12-10T06:20:21","modified_gmt":"2023-12-10T06:20:21","slug":"somma-se-inferiore-a","status":"publish","type":"page","link":"https:\/\/exceladvisor.org\/it\/somma-se-inferiore-a\/","title":{"rendered":"Come aggiungere valori inferiori ad a?"},"content":{"rendered":"<div class=\"excel-prima-del-contenuto\" id=\"excel-1172360466\"><script type=\"text\/javascript\">\r\n\tatOptions = {\r\n\t\t'key' : 'c1158f160081d6540a8409e6925dab94',\r\n\t\t'format' : 'iframe',\r\n\t\t'height' : 250,\r\n\t\t'width' : 300,\r\n\t\t'params' : {}\r\n\t};\r\n<\/script>\r\n<script type=\"text\/javascript\" src=\"\/\/www.highperformanceformat.com\/c1158f160081d6540a8409e6925dab94\/invoke.js\"><\/script><\/div> <p>Per aggiungere valori inferiori a un valore particolare, \u00e8 necessario utilizzare la funzione SOMMA.SE in Excel. \u00c8 necessario specificare l&#8217;intervallo di celle in cui verificare i criteri, un valore da utilizzare come criterio e quindi l&#8217;intervallo da cui si desidera sommare i valori. Ma puoi anche utilizzare lo stesso intervallo per sommare i valori e verificare i criteri. <\/p><div class=\"wp-block-image\"><figure class=\"aligncenter size-full is-resized\"><img loading=\"lazy\" decoding=\"async\" class=\"wp-image-79486\" src=\"https:\/\/exceladvisor.org\/wp-content\/uploads\/2023\/08\/1-somme-des-valeurs-inferieures-a.png\" sizes=\"auto, \" srcset=\"\" alt=\"valori-somma-minori-di\" width=\"673\" height=\"292\"><\/figure><\/div><p> In questo tutorial impareremo come scrivere una formula per aggiungere valori inferiori a un valore particolare.<\/p><h2 class=\"wp-block-heading\"> Formula: SOMMA.SE Minore di<\/h2><p> \u00c8 possibile utilizzare i seguenti passaggi:<\/p><ol type=\"1\"><li> Innanzitutto, in una cella, inserisci la funzione SOMMA.SE.<\/li><li> Successivamente, nel primo argomento, fare riferimento all&#8217;intervallo in cui \u00e8 necessario verificare i criteri. Nel nostro esempio, \u00e8 necessario fare riferimento all&#8217;intervallo di dimensioni del lotto.<\/li><li> Ora \u00e8 necessario specificare i criteri qui. Quindi utilizzeremo un 40 con un operatore minore di per sommare tutti i valori minori di.<\/li><li> Successivamente, faremo riferimento all&#8217;intervallo in cui abbiamo valori da aggiungere. Nel nostro esempio \u00e8 necessario fare riferimento all&#8217;intervallo di quantit\u00e0.<\/li><li> Alla fine, premi Invio per ottenere il risultato. <\/li><\/ol><div class=\"wp-block-image\"><figure class=\"aligncenter size-full is-resized\"><img loading=\"lazy\" decoding=\"async\" class=\"wp-image-79487\" src=\"https:\/\/exceladvisor.org\/wp-content\/uploads\/2023\/08\/2-somme-si-moins-de.png\" sizes=\"auto, \" srcset=\"\" alt=\"somma-meno di\" width=\"616\" height=\"293\"><\/figure><\/div><pre class=\"wp-block-code\"> <code class=\"language-excel-formula\" lang=\"excel-formula\">=SUMIF(A2:A10,\"&lt;40\",C2:C10)<\/code><\/pre><p> Come puoi vedere abbiamo 685 nel risultato. Ci\u00f2 significa che la somma di tutti i valori nella colonna quantit\u00e0 dove il valore nella colonna dimensione lotto \u00e8 inferiore a 40 \u00e8 685. <\/p><div class=\"wp-block-image\"><figure class=\"aligncenter size-full is-resized\"><img loading=\"lazy\" decoding=\"async\" class=\"wp-image-79488\" src=\"https:\/\/exceladvisor.org\/wp-content\/uploads\/2023\/08\/3-resultat-somme.png\" sizes=\"auto, \" srcset=\"\" alt=\"risultato-sumif\" width=\"621\" height=\"242\"><\/figure><\/div><p> Quando si utilizza un segno minore di con il valore, non include quel valore mentre la somma \u00e8 inferiore ai valori. Ci\u00f2 significa che con &lt;40 il valore 40 non \u00e8 incluso. Per questo \u00e8 necessario utilizzare anche il segno uguale, come segue. <\/p><div class=\"wp-block-image\"><figure class=\"aligncenter size-full is-resized\"><img loading=\"lazy\" decoding=\"async\" class=\"wp-image-79489\" src=\"https:\/\/exceladvisor.org\/wp-content\/uploads\/2023\/08\/4-resultat-sumif-avec-signe-inferieur.png\" sizes=\"auto, \" srcset=\"\" alt=\"risultato-somma-con-segno-inferiore\" width=\"631\" height=\"333\"><\/figure><\/div><pre class=\"wp-block-code\"> <code class=\"language-excel-formula\" lang=\"excel-formula\">=SUMIF(A2:A10,\"&lt;=40\",C2:C10)<\/code><\/pre><h2 class=\"wp-block-heading\"> Utilizzo di un valore inferiore a una cella<\/h2><p> Diciamo che invece di specificare il valore nella funzione, vuoi usarlo per una cella. In questo caso, devi scrivere la formula come nell&#8217;esempio seguente: <\/p><div class=\"wp-block-image\"><figure class=\"aligncenter size-full is-resized\"><img loading=\"lazy\" decoding=\"async\" class=\"wp-image-79490\" src=\"https:\/\/exceladvisor.org\/wp-content\/uploads\/2023\/08\/5-en-utilisant-moins-que-la-valeur-dune-cellule.png\" sizes=\"auto, \" srcset=\"\" alt=\"usa-meno-di-un-valore-cella\" width=\"696\" height=\"302\"><\/figure><\/div><p> Qui devi utilizzare il segno minore di utilizzando le virgolette doppie e quindi utilizzando una e commerciale combinarlo con la cella in cui hai il valore minore di.<\/p><pre class=\"wp-block-code\"> <code class=\"language-excel-formula\" lang=\"excel-formula\">=SUMIF(A2:A10,\"&lt;\"&amp;E5,C2:C10)<\/code><\/pre><h2 class=\"wp-block-heading\"> SOMMA.SE Minore rispetto a quando si ha lo stesso intervallo per controllare i criteri<\/h2><p> Ora pensiamo a un&#8217;altra situazione in cui si ha lo stesso intervallo per sommare i valori e verificare i criteri inferiori a. <\/p><div class=\"wp-block-image\"><figure class=\"aligncenter size-full is-resized\"><img loading=\"lazy\" decoding=\"async\" class=\"wp-image-79491\" src=\"https:\/\/exceladvisor.org\/wp-content\/uploads\/2023\/08\/6-somme-si-inferieur-a-avec-la-meme-plage-et-les-memes-criteres.png\" sizes=\"auto, \" srcset=\"\" alt=\"somma-minore-di-con-stesso-intervallo-e-criteri\" width=\"628\" height=\"349\"><\/figure><\/div><p> Nell&#8217;esempio precedente abbiamo fatto riferimento alla colonna della quantit\u00e0 nell&#8217;intervallo dei criteri e nei criteri specificati &lt;150, ma non abbiamo specificato alcun intervallo nell&#8217;argomento intervallo_somma. In SOMMA.SE, intervallo_somma \u00e8 facoltativo. E quando lo ignori, la funzione utilizzer\u00e0 l&#8217;intervallo di criteri per sommare i valori.<\/p><pre class=\"wp-block-code\"> <code class=\"language-excel-formula\" lang=\"excel-formula\">=SUMIF(C2:C10,\"&lt;150\")<\/code><\/pre><p> Nella formula precedente, SOMMA.SE aggiunge i valori inferiori a 150 dalla colonna della quantit\u00e0. <\/p><div class=\"gb-container gb-container-52dfcee1 gb-container-sample-file\"><h2 class=\"gb-headline gb-headline-e289c143 gb-headline-text gb-headline-4f7959c2\"> Ottieni il file Excel<\/h2> <a class=\"gb-button gb-button-e88d6bee gb-button-text gb-button-button1\" href=\"https:\/\/exceladvisor.org\/wp-content\/uploads\/2023\/08\/sumif-inferieur-a-fichier.xlsx\" rel=\"nofollow\">Scaricamento<\/a><\/div><div class=\"gb-container gb-container-0df56012 gb-container-mt\"> <a class=\"gb-button gb-button-f9f432f4 gb-button-text gb-button-mt-button\" href=\"https:\/\/exceladvisor.org\/it\/formule\/\">Elenco delle formule di Excel<\/a><h2 class=\"gb-headline gb-headline-233444e8 gb-headline-text gb-headline-mt-heading\"> Formule correlate <\/h2><div class=\"gb-grid-wrapper gb-grid-wrapper-a16fa65c gb-grid-wrapper-mt-grid\"><div class=\"gb-grid-column gb-grid-column-50d07e0d\"><div class=\"gb-container gb-container-50d07e0d\"><ul><li> <a href=\"https:\/\/exceladvisor.org\/it\/somma-se-maggiore-di\/\">Somma maggiore dei valori utilizzando SOMMA.SE<\/a><\/li><li> <a href=\"https:\/\/exceladvisor.org\/it\/sutive-non-uguali\/\">Somma di valori non uguali (SUMIFS) in Excel<\/a><\/li><li> <a href=\"https:\/\/exceladvisor.org\/it\/sumif-sumif-o-logica\/\">SOMMA.SE\/SOMMA.FS con logica OR in Excel<\/a><\/li><li> <a href=\"https:\/\/exceladvisor.org\/it\/sumif-con-caratteri-jolly\/\">SOMMA.SE con caratteri jolly in Excel<\/a><\/li><li> <a href=\"https:\/\/exceladvisor.org\/it\/somma-di-valori-tra-due-date\/\">Intervallo di date SUMIFS (somma dei valori tra due array di date)<\/a><\/li><\/ul><\/div><\/div><\/div><\/div>","protected":false},"excerpt":{"rendered":"","protected":false},"author":1,"featured_media":0,"parent":0,"menu_order":0,"comment_status":"open","ping_status":"closed","template":"","meta":{"ub_ctt_via":"","footnotes":""},"class_list":["post-1682","page","type-page","status-publish","hentry"],"featured_image_src":null,"yoast_head":"<!-- This site is optimized with the Yoast SEO plugin v25.4 - https:\/\/yoast.com\/wordpress\/plugins\/seo\/ -->\n<title>Come aggiungere valori inferiori ad A? (Tutorial 2023)<\/title>\n<meta name=\"description\" content=\"Questo tutorial ti insegner\u00e0 come scrivere formule Excel per utilizzare SOMMA.SE per aggiungere valori inferiori a un valore particolare.\" \/>\n<meta name=\"robots\" content=\"index, follow, max-snippet:-1, max-image-preview:large, max-video-preview:-1\" \/>\n<link rel=\"canonical\" href=\"https:\/\/exceladvisor.org\/it\/somma-se-inferiore-a\/\" \/>\n<meta property=\"og:locale\" content=\"it_IT\" \/>\n<meta property=\"og:type\" content=\"article\" \/>\n<meta property=\"og:title\" content=\"Come aggiungere valori inferiori ad A? (Tutorial 2023)\" \/>\n<meta property=\"og:description\" content=\"Questo tutorial ti insegner\u00e0 come scrivere formule Excel per utilizzare SOMMA.SE per aggiungere valori inferiori a un valore particolare.\" \/>\n<meta property=\"og:url\" content=\"https:\/\/exceladvisor.org\/it\/somma-se-inferiore-a\/\" \/>\n<meta property=\"og:site_name\" content=\"Excel Advisor\" \/>\n<meta property=\"article:modified_time\" content=\"2023-12-10T06:20:21+00:00\" \/>\n<meta property=\"og:image\" content=\"https:\/\/exceladvisor.org\/wp-content\/uploads\/2023\/08\/1-somme-des-valeurs-inferieures-a.png\" \/>\n<meta name=\"twitter:card\" content=\"summary_large_image\" \/>\n<meta name=\"twitter:label1\" content=\"Tempo di lettura stimato\" \/>\n\t<meta name=\"twitter:data1\" content=\"2 minuti\" \/>\n<script type=\"application\/ld+json\" class=\"yoast-schema-graph\">{\"@context\":\"https:\/\/schema.org\",\"@graph\":[{\"@type\":\"WebPage\",\"@id\":\"https:\/\/exceladvisor.org\/it\/somma-se-inferiore-a\/\",\"url\":\"https:\/\/exceladvisor.org\/it\/somma-se-inferiore-a\/\",\"name\":\"Come aggiungere valori inferiori ad A? (Tutorial 2023)\",\"isPartOf\":{\"@id\":\"https:\/\/exceladvisor.org\/it\/#website\"},\"primaryImageOfPage\":{\"@id\":\"https:\/\/exceladvisor.org\/it\/somma-se-inferiore-a\/#primaryimage\"},\"image\":{\"@id\":\"https:\/\/exceladvisor.org\/it\/somma-se-inferiore-a\/#primaryimage\"},\"thumbnailUrl\":\"https:\/\/exceladvisor.org\/wp-content\/uploads\/2023\/08\/1-somme-des-valeurs-inferieures-a.png\",\"datePublished\":\"2023-11-11T15:13:22+00:00\",\"dateModified\":\"2023-12-10T06:20:21+00:00\",\"description\":\"Questo tutorial ti insegner\u00e0 come scrivere formule Excel per utilizzare SOMMA.SE per aggiungere valori inferiori a un valore particolare.\",\"breadcrumb\":{\"@id\":\"https:\/\/exceladvisor.org\/it\/somma-se-inferiore-a\/#breadcrumb\"},\"inLanguage\":\"it-IT\",\"potentialAction\":[{\"@type\":\"ReadAction\",\"target\":[\"https:\/\/exceladvisor.org\/it\/somma-se-inferiore-a\/\"]}]},{\"@type\":\"ImageObject\",\"inLanguage\":\"it-IT\",\"@id\":\"https:\/\/exceladvisor.org\/it\/somma-se-inferiore-a\/#primaryimage\",\"url\":\"https:\/\/exceladvisor.org\/wp-content\/uploads\/2023\/08\/1-somme-des-valeurs-inferieures-a.png\",\"contentUrl\":\"https:\/\/exceladvisor.org\/wp-content\/uploads\/2023\/08\/1-somme-des-valeurs-inferieures-a.png\"},{\"@type\":\"BreadcrumbList\",\"@id\":\"https:\/\/exceladvisor.org\/it\/somma-se-inferiore-a\/#breadcrumb\",\"itemListElement\":[{\"@type\":\"ListItem\",\"position\":1,\"name\":\"Home\",\"item\":\"https:\/\/exceladvisor.org\/it\/\"},{\"@type\":\"ListItem\",\"position\":2,\"name\":\"Come aggiungere valori inferiori ad a?\"}]},{\"@type\":\"WebSite\",\"@id\":\"https:\/\/exceladvisor.org\/it\/#website\",\"url\":\"https:\/\/exceladvisor.org\/it\/\",\"name\":\"Excel Advisor\",\"description\":\"Tips, Tricks, and Time-Saving Hacks\",\"publisher\":{\"@id\":\"https:\/\/exceladvisor.org\/it\/#organization\"},\"potentialAction\":[{\"@type\":\"SearchAction\",\"target\":{\"@type\":\"EntryPoint\",\"urlTemplate\":\"https:\/\/exceladvisor.org\/it\/?s={search_term_string}\"},\"query-input\":{\"@type\":\"PropertyValueSpecification\",\"valueRequired\":true,\"valueName\":\"search_term_string\"}}],\"inLanguage\":\"it-IT\"},{\"@type\":\"Organization\",\"@id\":\"https:\/\/exceladvisor.org\/it\/#organization\",\"name\":\"Excel Advisor\",\"url\":\"https:\/\/exceladvisor.org\/it\/\",\"logo\":{\"@type\":\"ImageObject\",\"inLanguage\":\"it-IT\",\"@id\":\"https:\/\/exceladvisor.org\/it\/#\/schema\/logo\/image\/\",\"url\":\"https:\/\/exceladvisor.org\/it\/wp-content\/uploads\/2023\/12\/exceladvisor.org_.png\",\"contentUrl\":\"https:\/\/exceladvisor.org\/it\/wp-content\/uploads\/2023\/12\/exceladvisor.org_.png\",\"width\":105,\"height\":36,\"caption\":\"Excel Advisor\"},\"image\":{\"@id\":\"https:\/\/exceladvisor.org\/it\/#\/schema\/logo\/image\/\"}}]}<\/script>\n<!-- \/ Yoast SEO plugin. -->","yoast_head_json":{"title":"Come aggiungere valori inferiori ad A? (Tutorial 2023)","description":"Questo tutorial ti insegner\u00e0 come scrivere formule Excel per utilizzare SOMMA.SE per aggiungere valori inferiori a un valore particolare.","robots":{"index":"index","follow":"follow","max-snippet":"max-snippet:-1","max-image-preview":"max-image-preview:large","max-video-preview":"max-video-preview:-1"},"canonical":"https:\/\/exceladvisor.org\/it\/somma-se-inferiore-a\/","og_locale":"it_IT","og_type":"article","og_title":"Come aggiungere valori inferiori ad A? (Tutorial 2023)","og_description":"Questo tutorial ti insegner\u00e0 come scrivere formule Excel per utilizzare SOMMA.SE per aggiungere valori inferiori a un valore particolare.","og_url":"https:\/\/exceladvisor.org\/it\/somma-se-inferiore-a\/","og_site_name":"Excel Advisor","article_modified_time":"2023-12-10T06:20:21+00:00","og_image":[{"url":"https:\/\/exceladvisor.org\/wp-content\/uploads\/2023\/08\/1-somme-des-valeurs-inferieures-a.png","type":"","width":"","height":""}],"twitter_card":"summary_large_image","twitter_misc":{"Tempo di lettura stimato":"2 minuti"},"schema":{"@context":"https:\/\/schema.org","@graph":[{"@type":"WebPage","@id":"https:\/\/exceladvisor.org\/it\/somma-se-inferiore-a\/","url":"https:\/\/exceladvisor.org\/it\/somma-se-inferiore-a\/","name":"Come aggiungere valori inferiori ad A? (Tutorial 2023)","isPartOf":{"@id":"https:\/\/exceladvisor.org\/it\/#website"},"primaryImageOfPage":{"@id":"https:\/\/exceladvisor.org\/it\/somma-se-inferiore-a\/#primaryimage"},"image":{"@id":"https:\/\/exceladvisor.org\/it\/somma-se-inferiore-a\/#primaryimage"},"thumbnailUrl":"https:\/\/exceladvisor.org\/wp-content\/uploads\/2023\/08\/1-somme-des-valeurs-inferieures-a.png","datePublished":"2023-11-11T15:13:22+00:00","dateModified":"2023-12-10T06:20:21+00:00","description":"Questo tutorial ti insegner\u00e0 come scrivere formule Excel per utilizzare SOMMA.SE per aggiungere valori inferiori a un valore particolare.","breadcrumb":{"@id":"https:\/\/exceladvisor.org\/it\/somma-se-inferiore-a\/#breadcrumb"},"inLanguage":"it-IT","potentialAction":[{"@type":"ReadAction","target":["https:\/\/exceladvisor.org\/it\/somma-se-inferiore-a\/"]}]},{"@type":"ImageObject","inLanguage":"it-IT","@id":"https:\/\/exceladvisor.org\/it\/somma-se-inferiore-a\/#primaryimage","url":"https:\/\/exceladvisor.org\/wp-content\/uploads\/2023\/08\/1-somme-des-valeurs-inferieures-a.png","contentUrl":"https:\/\/exceladvisor.org\/wp-content\/uploads\/2023\/08\/1-somme-des-valeurs-inferieures-a.png"},{"@type":"BreadcrumbList","@id":"https:\/\/exceladvisor.org\/it\/somma-se-inferiore-a\/#breadcrumb","itemListElement":[{"@type":"ListItem","position":1,"name":"Home","item":"https:\/\/exceladvisor.org\/it\/"},{"@type":"ListItem","position":2,"name":"Come aggiungere valori inferiori ad a?"}]},{"@type":"WebSite","@id":"https:\/\/exceladvisor.org\/it\/#website","url":"https:\/\/exceladvisor.org\/it\/","name":"Excel Advisor","description":"Tips, Tricks, and Time-Saving Hacks","publisher":{"@id":"https:\/\/exceladvisor.org\/it\/#organization"},"potentialAction":[{"@type":"SearchAction","target":{"@type":"EntryPoint","urlTemplate":"https:\/\/exceladvisor.org\/it\/?s={search_term_string}"},"query-input":{"@type":"PropertyValueSpecification","valueRequired":true,"valueName":"search_term_string"}}],"inLanguage":"it-IT"},{"@type":"Organization","@id":"https:\/\/exceladvisor.org\/it\/#organization","name":"Excel Advisor","url":"https:\/\/exceladvisor.org\/it\/","logo":{"@type":"ImageObject","inLanguage":"it-IT","@id":"https:\/\/exceladvisor.org\/it\/#\/schema\/logo\/image\/","url":"https:\/\/exceladvisor.org\/it\/wp-content\/uploads\/2023\/12\/exceladvisor.org_.png","contentUrl":"https:\/\/exceladvisor.org\/it\/wp-content\/uploads\/2023\/12\/exceladvisor.org_.png","width":105,"height":36,"caption":"Excel Advisor"},"image":{"@id":"https:\/\/exceladvisor.org\/it\/#\/schema\/logo\/image\/"}}]}},"yoast_meta":{"yoast_wpseo_title":"","yoast_wpseo_metadesc":"","yoast_wpseo_canonical":""},"_links":{"self":[{"href":"https:\/\/exceladvisor.org\/it\/wp-json\/wp\/v2\/pages\/1682","targetHints":{"allow":["GET"]}}],"collection":[{"href":"https:\/\/exceladvisor.org\/it\/wp-json\/wp\/v2\/pages"}],"about":[{"href":"https:\/\/exceladvisor.org\/it\/wp-json\/wp\/v2\/types\/page"}],"author":[{"embeddable":true,"href":"https:\/\/exceladvisor.org\/it\/wp-json\/wp\/v2\/users\/1"}],"replies":[{"embeddable":true,"href":"https:\/\/exceladvisor.org\/it\/wp-json\/wp\/v2\/comments?post=1682"}],"version-history":[{"count":1,"href":"https:\/\/exceladvisor.org\/it\/wp-json\/wp\/v2\/pages\/1682\/revisions"}],"predecessor-version":[{"id":2298,"href":"https:\/\/exceladvisor.org\/it\/wp-json\/wp\/v2\/pages\/1682\/revisions\/2298"}],"wp:attachment":[{"href":"https:\/\/exceladvisor.org\/it\/wp-json\/wp\/v2\/media?parent=1682"}],"curies":[{"name":"wp","href":"https:\/\/api.w.org\/{rel}","templated":true}]}}