{"id":1684,"date":"2023-11-11T13:06:23","date_gmt":"2023-11-11T13:06:23","guid":{"rendered":"https:\/\/exceladvisor.org\/it\/valore-piu-basso\/"},"modified":"2023-12-10T06:26:03","modified_gmt":"2023-12-10T06:26:03","slug":"valore-piu-basso","status":"publish","type":"page","link":"https:\/\/exceladvisor.org\/it\/valore-piu-basso\/","title":{"rendered":"Come trovare il valore pi\u00f9 basso in un elenco di n?"},"content":{"rendered":"<div class=\"excel-prima-del-contenuto\" id=\"excel-3209322185\"><script type=\"text\/javascript\">\r\n\tatOptions = {\r\n\t\t'key' : 'c1158f160081d6540a8409e6925dab94',\r\n\t\t'format' : 'iframe',\r\n\t\t'height' : 250,\r\n\t\t'width' : 300,\r\n\t\t'params' : {}\r\n\t};\r\n<\/script>\r\n<script type=\"text\/javascript\" src=\"\/\/www.highperformanceformat.com\/c1158f160081d6540a8409e6925dab94\/invoke.js\"><\/script><\/div> <p>In Excel, per trovare i valori pi\u00f9 bassi in un elenco di numeri, \u00e8 necessario utilizzare la funzione PICCOLO. Con questa funzione \u00e8 possibile ottenere non solo il valore pi\u00f9 piccolo ma anche il 2\u00b0, 3\u00b0, 4\u00b0 o anche il K\u00b0 valore pi\u00f9 piccolo nell&#8217;elenco. <\/p><div class=\"wp-block-image\"><figure class=\"aligncenter size-full is-resized\"><img loading=\"lazy\" decoding=\"async\" class=\"wp-image-79856\" src=\"https:\/\/exceladvisor.org\/wp-content\/uploads\/2023\/08\/1-valeur-la-plus-basse-de-la-liste.png\" sizes=\"auto, \" srcset=\"\" alt=\"valore pi\u00f9 basso nell'elenco\" width=\"397\" height=\"511\"><\/figure><\/div><p> In questo tutorial impareremo come scrivere una formula utilizzando questa funzione.<\/p><h2 class=\"wp-block-heading\"> Formula di Excel per ottenere il numero pi\u00f9 basso<\/h2><p> \u00c8 possibile utilizzare i passaggi seguenti:<\/p><ol type=\"1\"><li> Innanzitutto, in una cella, inserisci la funzione PICCOLO.<\/li><li> Successivamente, nel primo argomento (array), fai riferimento all&#8217;intervallo in cui hai l&#8217;elenco dei numeri.<\/li><li> Quindi nel secondo argomento (k), inserisci 1 perch\u00e9 devi ottenere il <sup>primo<\/sup> numero pi\u00f9 basso nell&#8217;elenco.<\/li><li> Alla fine, premi Invio per ottenere il risultato. <\/li><\/ol><div class=\"wp-block-image\"><figure class=\"aligncenter size-full is-resized\"><img loading=\"lazy\" decoding=\"async\" class=\"wp-image-79857\" src=\"https:\/\/exceladvisor.org\/wp-content\/uploads\/2023\/08\/2-petites-fonctions-pour-obtenir-une-valeur-inferieure.png\" sizes=\"auto, \" srcset=\"\" alt=\"piccola funzione per ottenere un valore inferiore\" width=\"456\" height=\"427\"><\/figure><\/div><p> Dopo aver premuto Invio, il risultato restituisce 11, che \u00e8 il numero pi\u00f9 basso nell&#8217;intervallo. <\/p><div class=\"wp-block-image\"><figure class=\"aligncenter size-full is-resized\"><img loading=\"lazy\" decoding=\"async\" class=\"wp-image-79858\" src=\"https:\/\/exceladvisor.org\/wp-content\/uploads\/2023\/08\/3-petit-resultat-de-fonction.png\" sizes=\"auto, \" srcset=\"\" alt=\"risultato di piccola funzione\" width=\"470\" height=\"411\"><\/figure><\/div><h2 class=\"wp-block-heading\"> Trova l&#8217;ennesimo valore pi\u00f9 basso da un elenco di numeri<\/h2><p> E se vuoi ottenere l&#8217;ennesimo valore pi\u00f9 piccolo dalla stessa lista, devi solo cambiare il valore del secondo argomento (k) della funzione. Supponiamo che tu voglia ottenere il terzo valore pi\u00f9 piccolo, la formula sarebbe: <\/p><div class=\"wp-block-image\"><figure class=\"aligncenter size-full is-resized\"><img loading=\"lazy\" decoding=\"async\" class=\"wp-image-79859\" src=\"https:\/\/exceladvisor.org\/wp-content\/uploads\/2023\/08\/4-nieme-valeur-la-plus-basse.png\" sizes=\"auto, \" srcset=\"\" alt=\"l'ennesimo valore pi\u00f9 basso\" width=\"479\" height=\"516\"><\/figure><\/div><pre class=\"wp-block-code\"> <code class=\"language-excel-formula\" lang=\"excel-formula\">=SMALL(A1:A8,3)<\/code><\/pre><p> Restituisce 23, che \u00e8 il terzo numero pi\u00f9 basso nell&#8217;elenco.<\/p><h2 class=\"wp-block-heading\"> Trova i 3 valori pi\u00f9 bassi<\/h2><p> Ora diciamo che devi ottenere i tre valori pi\u00f9 bassi nella singola cella. Per fare ci\u00f2, \u00e8 necessario combinare la funzione TEXTJOIN con SMALL. Proprio come nell&#8217;esempio qui sotto: <\/p><div class=\"wp-block-image\"><figure class=\"aligncenter size-full is-resized\"><img loading=\"lazy\" decoding=\"async\" class=\"wp-image-79860\" src=\"https:\/\/exceladvisor.org\/wp-content\/uploads\/2023\/08\/5-les-trois-valeurs-les-plus-basses.png\" sizes=\"auto, \" srcset=\"\" alt=\"i tre valori pi\u00f9 bassi\" width=\"493\" height=\"424\"><\/figure><\/div><pre class=\"wp-block-code\"><code class=\"language-excel-formula\" lang=\"excel-formula\"> =TEXTJOIN(\",\",TRUE,SMALL(A1:A8,{1,2,3}))<\/code><\/pre><p> Nella funzione PICCOLO, abbiamo utilizzato {1,2,3} nell&#8217;argomento k di PICCOLO per ottenere i 3 valori pi\u00f9 bassi nell&#8217;elenco. <\/p><div class=\"wp-block-image\"><figure class=\"aligncenter size-full is-resized\"><img loading=\"lazy\" decoding=\"async\" class=\"wp-image-79861\" src=\"https:\/\/exceladvisor.org\/wp-content\/uploads\/2023\/08\/6-petite-fonction-pour-obtenir-les-trois-valeurs-les-plus-basses.png\" sizes=\"auto, \" srcset=\"\" alt=\"piccola funzione per ottenere tre valori minimi\" width=\"487\" height=\"251\"><\/figure><\/div><p> Restituisce 11, 12 e 23 perch\u00e9 sono i 3 numeri pi\u00f9 bassi nell&#8217;elenco. Ora dovresti avere questi tre numeri in una singola cella. Questo \u00e8 il motivo per cui dovresti usare TEXTJOIN. <\/p><div class=\"wp-block-image\"><figure class=\"aligncenter size-full is-resized\"><img loading=\"lazy\" decoding=\"async\" class=\"wp-image-79862\" src=\"https:\/\/exceladvisor.org\/wp-content\/uploads\/2023\/08\/7-trois-valeurs-les-plus-basses-comme-resultat.png\" sizes=\"auto, \" srcset=\"\" alt=\"tre valori pi\u00f9 bassi come risultato\" width=\"440\" height=\"173\"><\/figure><\/div><p> E se vuoi ottenere tutti e tre i valori in tre celle diverse, puoi saltare l&#8217;uso di TEXTJOIN. <\/p><div class=\"wp-block-image\"><figure class=\"aligncenter size-full is-resized\"><img loading=\"lazy\" decoding=\"async\" class=\"wp-image-79863\" src=\"https:\/\/exceladvisor.org\/wp-content\/uploads\/2023\/08\/8-trois-valeurs-les-plus-basses-dans-differentes-cellules.png\" sizes=\"auto, \" srcset=\"\" alt=\"tre valori pi\u00f9 bassi in celle diverse\" width=\"624\" height=\"259\"><\/figure><\/div><div class=\"gb-container gb-container-52dfcee1 gb-container-sample-file\"><h2 class=\"gb-headline gb-headline-e289c143 gb-headline-text gb-headline-4f7959c2\"> Ottieni il file Excel<\/h2><p> <a class=\"gb-button gb-button-e88d6bee gb-button-text gb-button-button1\" href=\"https:\/\/exceladvisor.org\/wp-content\/uploads\/2023\/08\/nombre-le-plus-bas.xlsx\" rel=\"nofollow\">Scaricamento<\/a> <\/p><\/div><div class=\"wp-block-group more-tutorials is-layout-flow\"><div class=\"wp-block-group__inner-container\"><h2 class=\"wp-block-heading\"> Pi\u00f9 formule<\/h2><ul><li> <a href=\"https:\/\/exceladvisor.org\/it\/valori-massimi-medi\/\">Media dei 5 valori pi\u00f9 alti in Excel<\/a><\/li><li> <a href=\"https:\/\/exceladvisor.org\/it\/coefficiente-di-variazione\/\">Calcolare il coefficiente di variazione (CV) in Excel<\/a><\/li><li> <a href=\"https:\/\/exceladvisor.org\/it\/massimo-se\/\">MAX SE in Excel<\/a><\/li><li> <a href=\"https:\/\/exceladvisor.org\/it\/rapporto\/\">Calcola rapidamente il rapporto in Excel<\/a><\/li><li> <a href=\"https:\/\/exceladvisor.org\/it\/valore-piu-piccolo-2\/\">Trova il valore pi\u00f9 piccolo in un intervallo di celle (numero pi\u00f9 piccolo)<\/a><\/li><\/ul><\/div><\/div>","protected":false},"excerpt":{"rendered":"","protected":false},"author":1,"featured_media":0,"parent":0,"menu_order":0,"comment_status":"open","ping_status":"closed","template":"","meta":{"ub_ctt_via":"","footnotes":""},"class_list":["post-1684","page","type-page","status-publish","hentry"],"featured_image_src":null,"yoast_head":"<!-- This site is optimized with the Yoast SEO plugin v25.4 - https:\/\/yoast.com\/wordpress\/plugins\/seo\/ -->\n<title>Come trovare il valore pi\u00f9 basso in un elenco di N?<\/title>\n<meta name=\"description\" content=\"Questo tutorial ti insegner\u00e0 come scrivere una formula Excel per ottenere il valore pi\u00f9 basso da un letto di numeri. Controlliamo questo...\" \/>\n<meta name=\"robots\" content=\"index, follow, max-snippet:-1, max-image-preview:large, max-video-preview:-1\" \/>\n<link rel=\"canonical\" href=\"https:\/\/exceladvisor.org\/it\/valore-piu-basso\/\" \/>\n<meta property=\"og:locale\" content=\"it_IT\" \/>\n<meta property=\"og:type\" content=\"article\" \/>\n<meta property=\"og:title\" content=\"Come trovare il valore pi\u00f9 basso in un elenco di N?\" \/>\n<meta property=\"og:description\" content=\"Questo tutorial ti insegner\u00e0 come scrivere una formula Excel per ottenere il valore pi\u00f9 basso da un letto di numeri. Controlliamo questo...\" \/>\n<meta property=\"og:url\" content=\"https:\/\/exceladvisor.org\/it\/valore-piu-basso\/\" \/>\n<meta property=\"og:site_name\" content=\"Excel Advisor\" \/>\n<meta property=\"article:modified_time\" content=\"2023-12-10T06:26:03+00:00\" \/>\n<meta property=\"og:image\" content=\"https:\/\/exceladvisor.org\/wp-content\/uploads\/2023\/08\/1-valeur-la-plus-basse-de-la-liste.png\" \/>\n<meta name=\"twitter:card\" content=\"summary_large_image\" \/>\n<meta name=\"twitter:label1\" content=\"Tempo di lettura stimato\" \/>\n\t<meta name=\"twitter:data1\" content=\"2 minuti\" \/>\n<script type=\"application\/ld+json\" class=\"yoast-schema-graph\">{\"@context\":\"https:\/\/schema.org\",\"@graph\":[{\"@type\":\"WebPage\",\"@id\":\"https:\/\/exceladvisor.org\/it\/valore-piu-basso\/\",\"url\":\"https:\/\/exceladvisor.org\/it\/valore-piu-basso\/\",\"name\":\"Come trovare il valore pi\u00f9 basso in un elenco di N?\",\"isPartOf\":{\"@id\":\"https:\/\/exceladvisor.org\/it\/#website\"},\"primaryImageOfPage\":{\"@id\":\"https:\/\/exceladvisor.org\/it\/valore-piu-basso\/#primaryimage\"},\"image\":{\"@id\":\"https:\/\/exceladvisor.org\/it\/valore-piu-basso\/#primaryimage\"},\"thumbnailUrl\":\"https:\/\/exceladvisor.org\/wp-content\/uploads\/2023\/08\/1-valeur-la-plus-basse-de-la-liste.png\",\"datePublished\":\"2023-11-11T13:06:23+00:00\",\"dateModified\":\"2023-12-10T06:26:03+00:00\",\"description\":\"Questo tutorial ti insegner\u00e0 come scrivere una formula Excel per ottenere il valore pi\u00f9 basso da un letto di numeri. Controlliamo questo...\",\"breadcrumb\":{\"@id\":\"https:\/\/exceladvisor.org\/it\/valore-piu-basso\/#breadcrumb\"},\"inLanguage\":\"it-IT\",\"potentialAction\":[{\"@type\":\"ReadAction\",\"target\":[\"https:\/\/exceladvisor.org\/it\/valore-piu-basso\/\"]}]},{\"@type\":\"ImageObject\",\"inLanguage\":\"it-IT\",\"@id\":\"https:\/\/exceladvisor.org\/it\/valore-piu-basso\/#primaryimage\",\"url\":\"https:\/\/exceladvisor.org\/wp-content\/uploads\/2023\/08\/1-valeur-la-plus-basse-de-la-liste.png\",\"contentUrl\":\"https:\/\/exceladvisor.org\/wp-content\/uploads\/2023\/08\/1-valeur-la-plus-basse-de-la-liste.png\"},{\"@type\":\"BreadcrumbList\",\"@id\":\"https:\/\/exceladvisor.org\/it\/valore-piu-basso\/#breadcrumb\",\"itemListElement\":[{\"@type\":\"ListItem\",\"position\":1,\"name\":\"Home\",\"item\":\"https:\/\/exceladvisor.org\/it\/\"},{\"@type\":\"ListItem\",\"position\":2,\"name\":\"Come trovare il valore pi\u00f9 basso in un elenco di n?\"}]},{\"@type\":\"WebSite\",\"@id\":\"https:\/\/exceladvisor.org\/it\/#website\",\"url\":\"https:\/\/exceladvisor.org\/it\/\",\"name\":\"Excel Advisor\",\"description\":\"Tips, Tricks, and Time-Saving Hacks\",\"publisher\":{\"@id\":\"https:\/\/exceladvisor.org\/it\/#organization\"},\"potentialAction\":[{\"@type\":\"SearchAction\",\"target\":{\"@type\":\"EntryPoint\",\"urlTemplate\":\"https:\/\/exceladvisor.org\/it\/?s={search_term_string}\"},\"query-input\":{\"@type\":\"PropertyValueSpecification\",\"valueRequired\":true,\"valueName\":\"search_term_string\"}}],\"inLanguage\":\"it-IT\"},{\"@type\":\"Organization\",\"@id\":\"https:\/\/exceladvisor.org\/it\/#organization\",\"name\":\"Excel Advisor\",\"url\":\"https:\/\/exceladvisor.org\/it\/\",\"logo\":{\"@type\":\"ImageObject\",\"inLanguage\":\"it-IT\",\"@id\":\"https:\/\/exceladvisor.org\/it\/#\/schema\/logo\/image\/\",\"url\":\"https:\/\/exceladvisor.org\/it\/wp-content\/uploads\/2023\/12\/exceladvisor.org_.png\",\"contentUrl\":\"https:\/\/exceladvisor.org\/it\/wp-content\/uploads\/2023\/12\/exceladvisor.org_.png\",\"width\":105,\"height\":36,\"caption\":\"Excel Advisor\"},\"image\":{\"@id\":\"https:\/\/exceladvisor.org\/it\/#\/schema\/logo\/image\/\"}}]}<\/script>\n<!-- \/ Yoast SEO plugin. -->","yoast_head_json":{"title":"Come trovare il valore pi\u00f9 basso in un elenco di N?","description":"Questo tutorial ti insegner\u00e0 come scrivere una formula Excel per ottenere il valore pi\u00f9 basso da un letto di numeri. Controlliamo questo...","robots":{"index":"index","follow":"follow","max-snippet":"max-snippet:-1","max-image-preview":"max-image-preview:large","max-video-preview":"max-video-preview:-1"},"canonical":"https:\/\/exceladvisor.org\/it\/valore-piu-basso\/","og_locale":"it_IT","og_type":"article","og_title":"Come trovare il valore pi\u00f9 basso in un elenco di N?","og_description":"Questo tutorial ti insegner\u00e0 come scrivere una formula Excel per ottenere il valore pi\u00f9 basso da un letto di numeri. Controlliamo questo...","og_url":"https:\/\/exceladvisor.org\/it\/valore-piu-basso\/","og_site_name":"Excel Advisor","article_modified_time":"2023-12-10T06:26:03+00:00","og_image":[{"url":"https:\/\/exceladvisor.org\/wp-content\/uploads\/2023\/08\/1-valeur-la-plus-basse-de-la-liste.png","type":"","width":"","height":""}],"twitter_card":"summary_large_image","twitter_misc":{"Tempo di lettura stimato":"2 minuti"},"schema":{"@context":"https:\/\/schema.org","@graph":[{"@type":"WebPage","@id":"https:\/\/exceladvisor.org\/it\/valore-piu-basso\/","url":"https:\/\/exceladvisor.org\/it\/valore-piu-basso\/","name":"Come trovare il valore pi\u00f9 basso in un elenco di N?","isPartOf":{"@id":"https:\/\/exceladvisor.org\/it\/#website"},"primaryImageOfPage":{"@id":"https:\/\/exceladvisor.org\/it\/valore-piu-basso\/#primaryimage"},"image":{"@id":"https:\/\/exceladvisor.org\/it\/valore-piu-basso\/#primaryimage"},"thumbnailUrl":"https:\/\/exceladvisor.org\/wp-content\/uploads\/2023\/08\/1-valeur-la-plus-basse-de-la-liste.png","datePublished":"2023-11-11T13:06:23+00:00","dateModified":"2023-12-10T06:26:03+00:00","description":"Questo tutorial ti insegner\u00e0 come scrivere una formula Excel per ottenere il valore pi\u00f9 basso da un letto di numeri. Controlliamo questo...","breadcrumb":{"@id":"https:\/\/exceladvisor.org\/it\/valore-piu-basso\/#breadcrumb"},"inLanguage":"it-IT","potentialAction":[{"@type":"ReadAction","target":["https:\/\/exceladvisor.org\/it\/valore-piu-basso\/"]}]},{"@type":"ImageObject","inLanguage":"it-IT","@id":"https:\/\/exceladvisor.org\/it\/valore-piu-basso\/#primaryimage","url":"https:\/\/exceladvisor.org\/wp-content\/uploads\/2023\/08\/1-valeur-la-plus-basse-de-la-liste.png","contentUrl":"https:\/\/exceladvisor.org\/wp-content\/uploads\/2023\/08\/1-valeur-la-plus-basse-de-la-liste.png"},{"@type":"BreadcrumbList","@id":"https:\/\/exceladvisor.org\/it\/valore-piu-basso\/#breadcrumb","itemListElement":[{"@type":"ListItem","position":1,"name":"Home","item":"https:\/\/exceladvisor.org\/it\/"},{"@type":"ListItem","position":2,"name":"Come trovare il valore pi\u00f9 basso in un elenco di n?"}]},{"@type":"WebSite","@id":"https:\/\/exceladvisor.org\/it\/#website","url":"https:\/\/exceladvisor.org\/it\/","name":"Excel Advisor","description":"Tips, Tricks, and Time-Saving Hacks","publisher":{"@id":"https:\/\/exceladvisor.org\/it\/#organization"},"potentialAction":[{"@type":"SearchAction","target":{"@type":"EntryPoint","urlTemplate":"https:\/\/exceladvisor.org\/it\/?s={search_term_string}"},"query-input":{"@type":"PropertyValueSpecification","valueRequired":true,"valueName":"search_term_string"}}],"inLanguage":"it-IT"},{"@type":"Organization","@id":"https:\/\/exceladvisor.org\/it\/#organization","name":"Excel Advisor","url":"https:\/\/exceladvisor.org\/it\/","logo":{"@type":"ImageObject","inLanguage":"it-IT","@id":"https:\/\/exceladvisor.org\/it\/#\/schema\/logo\/image\/","url":"https:\/\/exceladvisor.org\/it\/wp-content\/uploads\/2023\/12\/exceladvisor.org_.png","contentUrl":"https:\/\/exceladvisor.org\/it\/wp-content\/uploads\/2023\/12\/exceladvisor.org_.png","width":105,"height":36,"caption":"Excel Advisor"},"image":{"@id":"https:\/\/exceladvisor.org\/it\/#\/schema\/logo\/image\/"}}]}},"yoast_meta":{"yoast_wpseo_title":"","yoast_wpseo_metadesc":"","yoast_wpseo_canonical":""},"_links":{"self":[{"href":"https:\/\/exceladvisor.org\/it\/wp-json\/wp\/v2\/pages\/1684","targetHints":{"allow":["GET"]}}],"collection":[{"href":"https:\/\/exceladvisor.org\/it\/wp-json\/wp\/v2\/pages"}],"about":[{"href":"https:\/\/exceladvisor.org\/it\/wp-json\/wp\/v2\/types\/page"}],"author":[{"embeddable":true,"href":"https:\/\/exceladvisor.org\/it\/wp-json\/wp\/v2\/users\/1"}],"replies":[{"embeddable":true,"href":"https:\/\/exceladvisor.org\/it\/wp-json\/wp\/v2\/comments?post=1684"}],"version-history":[{"count":1,"href":"https:\/\/exceladvisor.org\/it\/wp-json\/wp\/v2\/pages\/1684\/revisions"}],"predecessor-version":[{"id":2746,"href":"https:\/\/exceladvisor.org\/it\/wp-json\/wp\/v2\/pages\/1684\/revisions\/2746"}],"wp:attachment":[{"href":"https:\/\/exceladvisor.org\/it\/wp-json\/wp\/v2\/media?parent=1684"}],"curies":[{"name":"wp","href":"https:\/\/api.w.org\/{rel}","templated":true}]}}