{"id":1685,"date":"2023-11-11T12:56:33","date_gmt":"2023-11-11T12:56:33","guid":{"rendered":"https:\/\/exceladvisor.org\/it\/valore-della-cella-1\/"},"modified":"2023-12-10T06:28:16","modified_gmt":"2023-12-10T06:28:16","slug":"valore-della-cella-1","status":"publish","type":"page","link":"https:\/\/exceladvisor.org\/it\/valore-della-cella-1\/","title":{"rendered":"Ottieni il valore di una cella in excel"},"content":{"rendered":"<div class=\"excel-prima-del-contenuto\" id=\"excel-48612805\"><script type=\"text\/javascript\">\r\n\tatOptions = {\r\n\t\t'key' : 'c1158f160081d6540a8409e6925dab94',\r\n\t\t'format' : 'iframe',\r\n\t\t'height' : 250,\r\n\t\t'width' : 300,\r\n\t\t'params' : {}\r\n\t};\r\n<\/script>\r\n<script type=\"text\/javascript\" src=\"\/\/www.highperformanceformat.com\/c1158f160081d6540a8409e6925dab94\/invoke.js\"><\/script><\/div> <p>Per ottenere i valori di una cella in Excel, puoi utilizzare due metodi diversi. In questi metodi, \u00e8 necessario scrivere una formula rapida per ottenere il valore. In questo tutorial impareremo come scrivere queste formule: <\/p><div class=\"wp-block-image\"><figure class=\"aligncenter size-full is-resized\"><img loading=\"lazy\" decoding=\"async\" class=\"wp-image-79843\" src=\"https:\/\/exceladvisor.org\/wp-content\/uploads\/2023\/08\/1-obtenir-la-valeur-dune-cellule.png\" sizes=\"auto, \" srcset=\"\" alt=\"ottenere il valore di una cella\" width=\"626\" height=\"391\"><\/figure><\/div><h2 id=\"h-use-index-to-get-the-value-from-a-cell-by-referring-to-a-range\" class=\"wp-block-heading\"> Utilizza INDICE per ottenere il valore di una cella facendo riferimento a un intervallo<\/h2><p> Se hai un intervallo di celle e desideri ottenere il valore della cella da una cella particolare in quell&#8217;intervallo. Con la funzione INDICE \u00e8 possibile specificare un intervallo e utilizzare il numero di indice e la funzione restituir\u00e0 il valore.<\/p><p> Nell&#8217;esempio seguente abbiamo i quattro valori nell&#8217;intervallo A1:A4. E devi ottenere i valori dalla seconda cella nell&#8217;intervallo. Per fare ci\u00f2, \u00e8 possibile utilizzare la funzione INDICE come segue: <\/p><pre class=\"wp-block-code\"> <code class=\"language-excel-formula\" lang=\"excel-formula\">=INDEX(A1:A4,2)<\/code><\/pre><div class=\"wp-block-image\"><figure class=\"aligncenter size-full is-resized\"><img loading=\"lazy\" decoding=\"async\" class=\"wp-image-79844\" src=\"https:\/\/exceladvisor.org\/wp-content\/uploads\/2023\/08\/2-fonction-dindex-pour-obtenir-la-valeur.png\" sizes=\"auto, \" srcset=\"\" alt=\"funzione-indice-per-ottenere-valore\" width=\"552\" height=\"296\"><\/figure><\/div><p> Dopo aver premuto Invio, restituisce il valore &#8220;DUE&#8221; dalla seconda cella nell&#8217;intervallo che \u00e8 A2.<\/p><h2 id=\"h-use-a-combination-of-indirect-and-address\" class=\"wp-block-heading\"> Utilizzare una combinazione di INDIRETTO e INDIRIZZO<\/h2><p> Puoi anche utilizzare la combinazione delle funzioni INDIRETTO e INDIRIZZO:<\/p><ul><li> INDIRETTO: permette di ottenere il valore della cella specificando l&#8217;indirizzo della cella. \u00c8 possibile utilizzare gli stili di riferimento A1 e R1C1.<\/li><li> INDIRIZZO: consente di creare un indirizzo di cella utilizzando il numero di riga e di colonna. <\/li><\/ul><div class=\"wp-block-image\"><figure class=\"aligncenter size-full is-resized\"><img loading=\"lazy\" decoding=\"async\" class=\"wp-image-79845\" src=\"https:\/\/exceladvisor.org\/wp-content\/uploads\/2023\/08\/3-combinaison-dindirect-et-dadresse.png\" sizes=\"auto, \" srcset=\"\" alt=\"combinazione-indiretto-e-indirizzo\" width=\"597\" height=\"309\"><\/figure><\/div><p> Ora combiniamo queste due funzioni:<\/p><ol type=\"1\"><li> Per prima cosa inserisci la funzione indiretta nella cella.<\/li><li> Successivamente, inserisci la funzione indirizzo.<\/li><li> Ora nella funzione indirizzo inserisci il numero di riga e il numero di colonna.<\/li><li> Alla fine, chiudi la formula e premi Invio per ottenere il risultato.<\/li><\/ol><p> E una volta premuto Invio, verr\u00e0 restituito il valore della cella che si trova nella seconda riga e nella prima colonna (A1). <\/p><div class=\"wp-block-image\"><figure class=\"aligncenter size-full is-resized\"><img loading=\"lazy\" decoding=\"async\" class=\"wp-image-79846\" src=\"https:\/\/exceladvisor.org\/wp-content\/uploads\/2023\/08\/4-resultat-de-la-fonction-dadresse-indirecte.png\" sizes=\"auto, \" srcset=\"\" alt=\"risultato della funzione di indirizzo indiretto\" width=\"669\" height=\"307\"><\/figure><\/div><p> Per comprendere questa formula \u00e8 necessario dividerla in due parti:<\/p><p> <strong>Parte prima:<\/strong> come abbiamo visto in precedenza, INDIRIZZO crea un indirizzo di cella in base al numero di riga e colonna specificato. <\/p><div class=\"wp-block-image\"><figure class=\"aligncenter size-full is-resized\"><img loading=\"lazy\" decoding=\"async\" class=\"wp-image-79847\" src=\"https:\/\/exceladvisor.org\/wp-content\/uploads\/2023\/08\/5-premiere-partie-dindirect-et-dadresse.png\" sizes=\"auto, \" srcset=\"\" alt=\"prima parte dell'indiretto e dell'indirizzo\" width=\"508\" height=\"248\"><\/figure><\/div><p> <strong>Seconda parte:<\/strong> utilizzando l&#8217;indirizzo della cella restituito dalla funzione INDIRIZZO, la funzione INDIRETTO restituisce il valore della cella. <\/p><div class=\"wp-block-image\"><figure class=\"aligncenter size-full is-resized\"><img loading=\"lazy\" decoding=\"async\" class=\"wp-image-79848\" src=\"https:\/\/exceladvisor.org\/wp-content\/uploads\/2023\/08\/6-deuxieme-partie-dindirect-et-dadresse.png\" sizes=\"auto, \" srcset=\"\" alt=\"seconda parte di indiretto e indirizzo\" width=\"416\" height=\"256\"><\/figure><\/div><p class=\"qt-tip\"> <strong>Nota:<\/strong> INDIRETTO \u00e8 una funzione volatile, che aggiorna il suo valore ogni volta che aggiorni qualcosa nel tuo foglio di lavoro. \u00c8 bello avere sempre il valore aggiornato della cella, ma rende anche Excel un po&#8217; pi\u00f9 lento. <\/p><div class=\"gb-container gb-container-52dfcee1 gb-container-sample-file\"><h2 class=\"gb-headline gb-headline-e289c143 gb-headline-text gb-headline-4f7959c2\"> Ottieni il file Excel<\/h2><p> <a class=\"gb-button gb-button-e88d6bee gb-button-text gb-button-button1\" href=\"https:\/\/exceladvisor.org\/wp-content\/uploads\/2023\/08\/obtenir-la-valeur-de-la-cellule.xlsx\" rel=\"nofollow\">Scaricamento<\/a><\/p><\/div><div class=\"gb-container gb-container-0df56012 gb-container-mt\"> <a class=\"gb-button gb-button-f9f432f4 gb-button-text gb-button-mt-button\" href=\"https:\/\/exceladvisor.org\/it\/formule\/\">Elenco delle formule di Excel<\/a><h2 class=\"gb-headline gb-headline-233444e8 gb-headline-text gb-headline-mt-heading\"> Formule correlate <\/h2><div class=\"gb-grid-wrapper gb-grid-wrapper-a16fa65c gb-grid-wrapper-mt-grid\"><div class=\"gb-grid-column gb-grid-column-5b4a0cf9\"><div class=\"gb-container gb-container-5b4a0cf9\"><ul><li> <a href=\"https:\/\/exceladvisor.org\/it\/generare-gruppi-casuali\/\">Genera gruppi casuali<\/a><\/li><li> <a href=\"https:\/\/exceladvisor.org\/it\/confrontare-i-canali-2\/\">Confronta due stringhe (testo)<\/a><\/li><li> <a href=\"https:\/\/exceladvisor.org\/it\/ottenere-il-dominio\/\">Ottieni il dominio dall&#8217;ID e-mail<\/a><\/li><li> <a href=\"https:\/\/exceladvisor.org\/it\/estrarre-solo-numeri\/\">Estrai solo numeri dal testo (stringa)<\/a><\/li><li> <a href=\"https:\/\/exceladvisor.org\/it\/testo-dopo-prima\/\">Estrai il testo dopo e prima di un carattere in Excel<\/a><\/li><\/ul><\/div><\/div><\/div><\/div>","protected":false},"excerpt":{"rendered":"","protected":false},"author":1,"featured_media":0,"parent":0,"menu_order":0,"comment_status":"open","ping_status":"closed","template":"","meta":{"ub_ctt_via":"","footnotes":""},"class_list":["post-1685","page","type-page","status-publish","hentry"],"featured_image_src":null,"yoast_head":"<!-- This site is optimized with the Yoast SEO plugin v25.4 - https:\/\/yoast.com\/wordpress\/plugins\/seo\/ -->\n<title>Ottieni il valore di una cella in Excel<\/title>\n<meta name=\"description\" content=\"Questo tutorial ti insegner\u00e0 come scrivere una formula Excel per ottenere il valore di una cella particolare. Controlliamo questo...\" \/>\n<meta name=\"robots\" content=\"index, follow, max-snippet:-1, max-image-preview:large, max-video-preview:-1\" \/>\n<link rel=\"canonical\" href=\"https:\/\/exceladvisor.org\/it\/valore-della-cella-1\/\" \/>\n<meta property=\"og:locale\" content=\"it_IT\" \/>\n<meta property=\"og:type\" content=\"article\" \/>\n<meta property=\"og:title\" content=\"Ottieni il valore di una cella in Excel\" \/>\n<meta property=\"og:description\" content=\"Questo tutorial ti insegner\u00e0 come scrivere una formula Excel per ottenere il valore di una cella particolare. Controlliamo questo...\" \/>\n<meta property=\"og:url\" content=\"https:\/\/exceladvisor.org\/it\/valore-della-cella-1\/\" \/>\n<meta property=\"og:site_name\" content=\"Excel Advisor\" \/>\n<meta property=\"article:modified_time\" content=\"2023-12-10T06:28:16+00:00\" \/>\n<meta property=\"og:image\" content=\"https:\/\/exceladvisor.org\/wp-content\/uploads\/2023\/08\/1-obtenir-la-valeur-dune-cellule.png\" \/>\n<meta name=\"twitter:card\" content=\"summary_large_image\" \/>\n<meta name=\"twitter:label1\" content=\"Tempo di lettura stimato\" \/>\n\t<meta name=\"twitter:data1\" content=\"2 minuti\" \/>\n<script type=\"application\/ld+json\" class=\"yoast-schema-graph\">{\"@context\":\"https:\/\/schema.org\",\"@graph\":[{\"@type\":\"WebPage\",\"@id\":\"https:\/\/exceladvisor.org\/it\/valore-della-cella-1\/\",\"url\":\"https:\/\/exceladvisor.org\/it\/valore-della-cella-1\/\",\"name\":\"Ottieni il valore di una cella in Excel\",\"isPartOf\":{\"@id\":\"https:\/\/exceladvisor.org\/it\/#website\"},\"primaryImageOfPage\":{\"@id\":\"https:\/\/exceladvisor.org\/it\/valore-della-cella-1\/#primaryimage\"},\"image\":{\"@id\":\"https:\/\/exceladvisor.org\/it\/valore-della-cella-1\/#primaryimage\"},\"thumbnailUrl\":\"https:\/\/exceladvisor.org\/wp-content\/uploads\/2023\/08\/1-obtenir-la-valeur-dune-cellule.png\",\"datePublished\":\"2023-11-11T12:56:33+00:00\",\"dateModified\":\"2023-12-10T06:28:16+00:00\",\"description\":\"Questo tutorial ti insegner\u00e0 come scrivere una formula Excel per ottenere il valore di una cella particolare. Controlliamo questo...\",\"breadcrumb\":{\"@id\":\"https:\/\/exceladvisor.org\/it\/valore-della-cella-1\/#breadcrumb\"},\"inLanguage\":\"it-IT\",\"potentialAction\":[{\"@type\":\"ReadAction\",\"target\":[\"https:\/\/exceladvisor.org\/it\/valore-della-cella-1\/\"]}]},{\"@type\":\"ImageObject\",\"inLanguage\":\"it-IT\",\"@id\":\"https:\/\/exceladvisor.org\/it\/valore-della-cella-1\/#primaryimage\",\"url\":\"https:\/\/exceladvisor.org\/wp-content\/uploads\/2023\/08\/1-obtenir-la-valeur-dune-cellule.png\",\"contentUrl\":\"https:\/\/exceladvisor.org\/wp-content\/uploads\/2023\/08\/1-obtenir-la-valeur-dune-cellule.png\"},{\"@type\":\"BreadcrumbList\",\"@id\":\"https:\/\/exceladvisor.org\/it\/valore-della-cella-1\/#breadcrumb\",\"itemListElement\":[{\"@type\":\"ListItem\",\"position\":1,\"name\":\"Home\",\"item\":\"https:\/\/exceladvisor.org\/it\/\"},{\"@type\":\"ListItem\",\"position\":2,\"name\":\"Ottieni il valore di una cella in excel\"}]},{\"@type\":\"WebSite\",\"@id\":\"https:\/\/exceladvisor.org\/it\/#website\",\"url\":\"https:\/\/exceladvisor.org\/it\/\",\"name\":\"Excel Advisor\",\"description\":\"Tips, Tricks, and Time-Saving Hacks\",\"publisher\":{\"@id\":\"https:\/\/exceladvisor.org\/it\/#organization\"},\"potentialAction\":[{\"@type\":\"SearchAction\",\"target\":{\"@type\":\"EntryPoint\",\"urlTemplate\":\"https:\/\/exceladvisor.org\/it\/?s={search_term_string}\"},\"query-input\":{\"@type\":\"PropertyValueSpecification\",\"valueRequired\":true,\"valueName\":\"search_term_string\"}}],\"inLanguage\":\"it-IT\"},{\"@type\":\"Organization\",\"@id\":\"https:\/\/exceladvisor.org\/it\/#organization\",\"name\":\"Excel Advisor\",\"url\":\"https:\/\/exceladvisor.org\/it\/\",\"logo\":{\"@type\":\"ImageObject\",\"inLanguage\":\"it-IT\",\"@id\":\"https:\/\/exceladvisor.org\/it\/#\/schema\/logo\/image\/\",\"url\":\"https:\/\/exceladvisor.org\/it\/wp-content\/uploads\/2023\/12\/exceladvisor.org_.png\",\"contentUrl\":\"https:\/\/exceladvisor.org\/it\/wp-content\/uploads\/2023\/12\/exceladvisor.org_.png\",\"width\":105,\"height\":36,\"caption\":\"Excel Advisor\"},\"image\":{\"@id\":\"https:\/\/exceladvisor.org\/it\/#\/schema\/logo\/image\/\"}}]}<\/script>\n<!-- \/ Yoast SEO plugin. -->","yoast_head_json":{"title":"Ottieni il valore di una cella in Excel","description":"Questo tutorial ti insegner\u00e0 come scrivere una formula Excel per ottenere il valore di una cella particolare. Controlliamo questo...","robots":{"index":"index","follow":"follow","max-snippet":"max-snippet:-1","max-image-preview":"max-image-preview:large","max-video-preview":"max-video-preview:-1"},"canonical":"https:\/\/exceladvisor.org\/it\/valore-della-cella-1\/","og_locale":"it_IT","og_type":"article","og_title":"Ottieni il valore di una cella in Excel","og_description":"Questo tutorial ti insegner\u00e0 come scrivere una formula Excel per ottenere il valore di una cella particolare. Controlliamo questo...","og_url":"https:\/\/exceladvisor.org\/it\/valore-della-cella-1\/","og_site_name":"Excel Advisor","article_modified_time":"2023-12-10T06:28:16+00:00","og_image":[{"url":"https:\/\/exceladvisor.org\/wp-content\/uploads\/2023\/08\/1-obtenir-la-valeur-dune-cellule.png","type":"","width":"","height":""}],"twitter_card":"summary_large_image","twitter_misc":{"Tempo di lettura stimato":"2 minuti"},"schema":{"@context":"https:\/\/schema.org","@graph":[{"@type":"WebPage","@id":"https:\/\/exceladvisor.org\/it\/valore-della-cella-1\/","url":"https:\/\/exceladvisor.org\/it\/valore-della-cella-1\/","name":"Ottieni il valore di una cella in Excel","isPartOf":{"@id":"https:\/\/exceladvisor.org\/it\/#website"},"primaryImageOfPage":{"@id":"https:\/\/exceladvisor.org\/it\/valore-della-cella-1\/#primaryimage"},"image":{"@id":"https:\/\/exceladvisor.org\/it\/valore-della-cella-1\/#primaryimage"},"thumbnailUrl":"https:\/\/exceladvisor.org\/wp-content\/uploads\/2023\/08\/1-obtenir-la-valeur-dune-cellule.png","datePublished":"2023-11-11T12:56:33+00:00","dateModified":"2023-12-10T06:28:16+00:00","description":"Questo tutorial ti insegner\u00e0 come scrivere una formula Excel per ottenere il valore di una cella particolare. Controlliamo questo...","breadcrumb":{"@id":"https:\/\/exceladvisor.org\/it\/valore-della-cella-1\/#breadcrumb"},"inLanguage":"it-IT","potentialAction":[{"@type":"ReadAction","target":["https:\/\/exceladvisor.org\/it\/valore-della-cella-1\/"]}]},{"@type":"ImageObject","inLanguage":"it-IT","@id":"https:\/\/exceladvisor.org\/it\/valore-della-cella-1\/#primaryimage","url":"https:\/\/exceladvisor.org\/wp-content\/uploads\/2023\/08\/1-obtenir-la-valeur-dune-cellule.png","contentUrl":"https:\/\/exceladvisor.org\/wp-content\/uploads\/2023\/08\/1-obtenir-la-valeur-dune-cellule.png"},{"@type":"BreadcrumbList","@id":"https:\/\/exceladvisor.org\/it\/valore-della-cella-1\/#breadcrumb","itemListElement":[{"@type":"ListItem","position":1,"name":"Home","item":"https:\/\/exceladvisor.org\/it\/"},{"@type":"ListItem","position":2,"name":"Ottieni il valore di una cella in excel"}]},{"@type":"WebSite","@id":"https:\/\/exceladvisor.org\/it\/#website","url":"https:\/\/exceladvisor.org\/it\/","name":"Excel Advisor","description":"Tips, Tricks, and Time-Saving Hacks","publisher":{"@id":"https:\/\/exceladvisor.org\/it\/#organization"},"potentialAction":[{"@type":"SearchAction","target":{"@type":"EntryPoint","urlTemplate":"https:\/\/exceladvisor.org\/it\/?s={search_term_string}"},"query-input":{"@type":"PropertyValueSpecification","valueRequired":true,"valueName":"search_term_string"}}],"inLanguage":"it-IT"},{"@type":"Organization","@id":"https:\/\/exceladvisor.org\/it\/#organization","name":"Excel Advisor","url":"https:\/\/exceladvisor.org\/it\/","logo":{"@type":"ImageObject","inLanguage":"it-IT","@id":"https:\/\/exceladvisor.org\/it\/#\/schema\/logo\/image\/","url":"https:\/\/exceladvisor.org\/it\/wp-content\/uploads\/2023\/12\/exceladvisor.org_.png","contentUrl":"https:\/\/exceladvisor.org\/it\/wp-content\/uploads\/2023\/12\/exceladvisor.org_.png","width":105,"height":36,"caption":"Excel Advisor"},"image":{"@id":"https:\/\/exceladvisor.org\/it\/#\/schema\/logo\/image\/"}}]}},"yoast_meta":{"yoast_wpseo_title":"","yoast_wpseo_metadesc":"","yoast_wpseo_canonical":""},"_links":{"self":[{"href":"https:\/\/exceladvisor.org\/it\/wp-json\/wp\/v2\/pages\/1685","targetHints":{"allow":["GET"]}}],"collection":[{"href":"https:\/\/exceladvisor.org\/it\/wp-json\/wp\/v2\/pages"}],"about":[{"href":"https:\/\/exceladvisor.org\/it\/wp-json\/wp\/v2\/types\/page"}],"author":[{"embeddable":true,"href":"https:\/\/exceladvisor.org\/it\/wp-json\/wp\/v2\/users\/1"}],"replies":[{"embeddable":true,"href":"https:\/\/exceladvisor.org\/it\/wp-json\/wp\/v2\/comments?post=1685"}],"version-history":[{"count":1,"href":"https:\/\/exceladvisor.org\/it\/wp-json\/wp\/v2\/pages\/1685\/revisions"}],"predecessor-version":[{"id":2940,"href":"https:\/\/exceladvisor.org\/it\/wp-json\/wp\/v2\/pages\/1685\/revisions\/2940"}],"wp:attachment":[{"href":"https:\/\/exceladvisor.org\/it\/wp-json\/wp\/v2\/media?parent=1685"}],"curies":[{"name":"wp","href":"https:\/\/api.w.org\/{rel}","templated":true}]}}