{"id":1689,"date":"2023-11-11T11:57:31","date_gmt":"2023-11-11T11:57:31","guid":{"rendered":"https:\/\/exceladvisor.org\/it\/se-il-numero-del-valore-della-cella\/"},"modified":"2023-12-10T06:27:02","modified_gmt":"2023-12-10T06:27:02","slug":"se-il-numero-del-valore-della-cella","status":"publish","type":"page","link":"https:\/\/exceladvisor.org\/it\/se-il-numero-del-valore-della-cella\/","title":{"rendered":"Come verificare se il valore di una cella \u00e8 un numero?"},"content":{"rendered":"<div class=\"excel-prima-del-contenuto\" id=\"excel-1448340083\"><script type=\"text\/javascript\">\r\n\tatOptions = {\r\n\t\t'key' : 'c1158f160081d6540a8409e6925dab94',\r\n\t\t'format' : 'iframe',\r\n\t\t'height' : 250,\r\n\t\t'width' : 300,\r\n\t\t'params' : {}\r\n\t};\r\n<\/script>\r\n<script type=\"text\/javascript\" src=\"\/\/www.highperformanceformat.com\/c1158f160081d6540a8409e6925dab94\/invoke.js\"><\/script><\/div> <p>Per verificare se il valore di una cella \u00e8 un numero o meno, puoi utilizzare IF + ISNUMBER in una combinazione. In questa combinazione ISNUMBER verifica se un valore \u00e8 un numero o meno e restituisce il risultato come VERO e FALSO. Successivamente, IF utilizza TRUE o FALSE per restituire un valore significativo nel risultato.<\/p><h2 class=\"wp-block-heading\"> Formula per testare SE il valore di una cella \u00e8 un numero<\/h2><p> Per scrivere questa formula, puoi utilizzare i passaggi seguenti.<\/p><ol type=\"1\"><li> Per prima cosa inserisci la funzione SE di una cella.<\/li><li> Successivamente, nel primo argomento di SE (testo_logico), inserisci la funzione ISNUMBER.<\/li><li> Quindi, nella funzione ESTNUM, fai riferimento alla cella in cui desideri testare il numero.<\/li><li> Ora, nell&#8217;argomento [valore_se_vero], inserisci S\u00ec, e nell&#8217;argomento [valore_se_falso], inserisci No. Se necessario, puoi anche utilizzare altri valori significativi.<\/li><li> Alla fine, inserisci le parentesi di chiusura e premi Invio per ottenere il risultato. <\/li><\/ol><div class=\"wp-block-image\"><figure class=\"aligncenter size-full is-resized\"><img loading=\"lazy\" decoding=\"async\" class=\"alignnone  wp-image-13399\" src=\"https:\/\/exceladvisor.org\/wp-content\/uploads\/2023\/11\/1-formule-pour-tester-la-valeur-de-la-cellule-est-un-nombre.png\" alt=\"Il valore-della-cella-da-1-formula-\u00e8-un-numero\" width=\"404\" height=\"267\" srcset=\"https:\/\/exceladvisor.org\/wp-content\/uploads\/2023\/11\/1-formule-pour-tester-la-valeur-de-la-cellule-est-un-nombre.png 724w, https:\/\/exceladvisor.org\/wp-content\/uploads\/2023\/11\/1-formule-pour-tester-la-valeur-de-la-cellule-est-un-nombre-300x198.png 300w\" sizes=\"auto, (max-width: 404px) 100vw, 404px\"><\/figure><\/div><p> Nel momento in cui premi Invio, restituisce S\u00cc o NO a seconda del valore che hai nella cella di riferimento.<\/p><h2 class=\"wp-block-heading\"> Come funziona questa formula?<\/h2><p> Come ho detto, in questa formula abbiamo due funzioni, SE + ISNUM. Nella cella A2 hai un numero, ecco perch\u00e9 hai TRUE nel risultato di ISNUMBER. <\/p><div class=\"wp-block-image\"><figure class=\"aligncenter size-full is-resized\"><img loading=\"lazy\" decoding=\"async\" class=\"alignnone  wp-image-13398\" src=\"https:\/\/exceladvisor.org\/wp-content\/uploads\/2023\/11\/comment-cette-formule-fonctionnes.png\" alt=\"come-funziona-questa-formula\" width=\"592\" height=\"375\" srcset=\"https:\/\/exceladvisor.org\/wp-content\/uploads\/2023\/11\/comment-cette-formule-fonctionnes.png 919w, https:\/\/exceladvisor.org\/wp-content\/uploads\/2023\/11\/comment-cette-formule-fonctionnes-300x190.png 300w, https:\/\/exceladvisor.org\/wp-content\/uploads\/2023\/11\/comment-cette-formule-fonctionnes-768x487.png 768w\" sizes=\"auto, (max-width: 592px) 100vw, 592px\"><\/figure><\/div><p> Ora abbiamo VERO, ecco perch\u00e9 SE restituisce S\u00cc nel risultato per il valore che hai nella cella A2.<\/p><pre class=\"wp-block-preformatted\"> =IF(ISNUMBER(A1),\"Yes\",\"No\")<\/pre><h2 class=\"wp-block-heading\"> Stessa formula su Mac<\/h2><p> Se utilizzi Excel per Mac, la formula sar\u00e0 la stessa e potr\u00e0 essere scritta utilizzando le stesse funzioni. <\/p><div class=\"wp-block-image\"><figure class=\"aligncenter size-full is-resized\"><img loading=\"lazy\" decoding=\"async\" class=\"alignnone  wp-image-13397\" src=\"https:\/\/exceladvisor.org\/wp-content\/uploads\/2023\/11\/meme-formule-dans-macs.png\" alt=\"stessa formula su Mac\" width=\"588\" height=\"287\" srcset=\"https:\/\/exceladvisor.org\/wp-content\/uploads\/2023\/11\/meme-formule-dans-macs.png 1822w, https:\/\/exceladvisor.org\/wp-content\/uploads\/2023\/11\/meme-formule-dans-macs-300x147.png 300w, https:\/\/exceladvisor.org\/wp-content\/uploads\/2023\/11\/meme-formule-dans-macs-1024x500.png 1024w, https:\/\/exceladvisor.org\/wp-content\/uploads\/2023\/11\/meme-formule-dans-macs-768x375.png 768w, https:\/\/exceladvisor.org\/wp-content\/uploads\/2023\/11\/meme-formule-dans-macs-1536x750.png 1536w\" sizes=\"auto, (max-width: 588px) 100vw, 588px\"><\/figure><\/div><p class=\"grey-note\"> Excel memorizza una data come numero. E quando hai una data in una cella, ISNUMBER tratter\u00e0 quella data come un numero e restituir\u00e0 TRUE nel risultato. Sto cercando di trovare una soluzione a questo problema, ma non riesco ancora a distinguere tra un numero e una data utilizzando questa formula. <\/p><div class=\"gb-container gb-container-52dfcee1 gb-container-sample-file\"><h2 class=\"gb-headline gb-headline-e289c143 gb-headline-text gb-headline-4f7959c2\"> Ottieni il file Excel<\/h2><p> <a class=\"gb-button gb-button-e88d6bee gb-button-text gb-button-button1\" href=\"https:\/\/exceladvisor.org\/wp-content\/uploads\/2023\/11\/si-nombre.xlsx\" rel=\"nofollow\">Scaricamento<\/a><\/p><\/div><div class=\"gb-container gb-container-0df56012 gb-container-mt\"> <a class=\"gb-button gb-button-f9f432f4 gb-button-text gb-button-mt-button\" href=\"https:\/\/exceladvisor.org\/it\/formule\/\">Elenco delle formule di Excel<\/a><h2 class=\"gb-headline gb-headline-233444e8 gb-headline-text gb-headline-mt-heading\"> Formule correlate <\/h2><div class=\"gb-grid-wrapper gb-grid-wrapper-a16fa65c gb-grid-wrapper-mt-grid\"><div class=\"gb-grid-column gb-grid-column-5b4a0cf9\"><div class=\"gb-container gb-container-5b4a0cf9\"><ul><li> <a href=\"https:\/\/exceladvisor.org\/it\/se-la-cella-contiene-una-parte\/\">Controlla se una cella contiene testo parziale<\/a><\/li><li> <a href=\"https:\/\/exceladvisor.org\/it\/iniziare-con-2\/\">Se il valore di una cella inizia con un testo o un numero<\/a><\/li><li> <a href=\"https:\/\/exceladvisor.org\/it\/mediana-se-2\/\">Mediana con IF (criteri condizionali)<\/a><\/li><li> <a href=\"https:\/\/exceladvisor.org\/it\/concatenare-se-2\/\">CONCATENA SE (Combina con Condizione)<\/a><\/li><li> <a href=\"https:\/\/exceladvisor.org\/it\/subtotale-se-2\/\">SUBTOTALE con SE (subtotale condizionale)<\/a><\/li><\/ul><\/div><\/div><\/div><\/div>","protected":false},"excerpt":{"rendered":"","protected":false},"author":1,"featured_media":0,"parent":0,"menu_order":0,"comment_status":"open","ping_status":"closed","template":"","meta":{"ub_ctt_via":"","footnotes":""},"class_list":["post-1689","page","type-page","status-publish","hentry"],"featured_image_src":null,"yoast_head":"<!-- This site is optimized with the Yoast SEO plugin v25.4 - https:\/\/yoast.com\/wordpress\/plugins\/seo\/ -->\n<title>Controlla se il valore di una cella \u00e8 un numero in Excel<\/title>\n<meta name=\"description\" content=\"Questo tutorial ti insegner\u00e0 come scrivere una formula Excel per verificare se il valore di una cella \u00e8 un numero. Controlliamo questo...\" \/>\n<meta name=\"robots\" content=\"index, follow, max-snippet:-1, max-image-preview:large, max-video-preview:-1\" \/>\n<link rel=\"canonical\" href=\"https:\/\/exceladvisor.org\/it\/se-il-numero-del-valore-della-cella\/\" \/>\n<meta property=\"og:locale\" content=\"it_IT\" \/>\n<meta property=\"og:type\" content=\"article\" \/>\n<meta property=\"og:title\" content=\"Controlla se il valore di una cella \u00e8 un numero in Excel\" \/>\n<meta property=\"og:description\" content=\"Questo tutorial ti insegner\u00e0 come scrivere una formula Excel per verificare se il valore di una cella \u00e8 un numero. Controlliamo questo...\" \/>\n<meta property=\"og:url\" content=\"https:\/\/exceladvisor.org\/it\/se-il-numero-del-valore-della-cella\/\" \/>\n<meta property=\"og:site_name\" content=\"Excel Advisor\" \/>\n<meta property=\"article:modified_time\" content=\"2023-12-10T06:27:02+00:00\" \/>\n<meta property=\"og:image\" content=\"https:\/\/exceladvisor.org\/wp-content\/uploads\/2023\/11\/1-formule-pour-tester-la-valeur-de-la-cellule-est-un-nombre.png\" \/>\n<meta name=\"twitter:card\" content=\"summary_large_image\" \/>\n<meta name=\"twitter:label1\" content=\"Tempo di lettura stimato\" \/>\n\t<meta name=\"twitter:data1\" content=\"2 minuti\" \/>\n<script type=\"application\/ld+json\" class=\"yoast-schema-graph\">{\"@context\":\"https:\/\/schema.org\",\"@graph\":[{\"@type\":\"WebPage\",\"@id\":\"https:\/\/exceladvisor.org\/it\/se-il-numero-del-valore-della-cella\/\",\"url\":\"https:\/\/exceladvisor.org\/it\/se-il-numero-del-valore-della-cella\/\",\"name\":\"Controlla se il valore di una cella \u00e8 un numero in Excel\",\"isPartOf\":{\"@id\":\"https:\/\/exceladvisor.org\/it\/#website\"},\"primaryImageOfPage\":{\"@id\":\"https:\/\/exceladvisor.org\/it\/se-il-numero-del-valore-della-cella\/#primaryimage\"},\"image\":{\"@id\":\"https:\/\/exceladvisor.org\/it\/se-il-numero-del-valore-della-cella\/#primaryimage\"},\"thumbnailUrl\":\"https:\/\/exceladvisor.org\/wp-content\/uploads\/2023\/11\/1-formule-pour-tester-la-valeur-de-la-cellule-est-un-nombre.png\",\"datePublished\":\"2023-11-11T11:57:31+00:00\",\"dateModified\":\"2023-12-10T06:27:02+00:00\",\"description\":\"Questo tutorial ti insegner\u00e0 come scrivere una formula Excel per verificare se il valore di una cella \u00e8 un numero. Controlliamo questo...\",\"breadcrumb\":{\"@id\":\"https:\/\/exceladvisor.org\/it\/se-il-numero-del-valore-della-cella\/#breadcrumb\"},\"inLanguage\":\"it-IT\",\"potentialAction\":[{\"@type\":\"ReadAction\",\"target\":[\"https:\/\/exceladvisor.org\/it\/se-il-numero-del-valore-della-cella\/\"]}]},{\"@type\":\"ImageObject\",\"inLanguage\":\"it-IT\",\"@id\":\"https:\/\/exceladvisor.org\/it\/se-il-numero-del-valore-della-cella\/#primaryimage\",\"url\":\"https:\/\/exceladvisor.org\/wp-content\/uploads\/2023\/11\/1-formule-pour-tester-la-valeur-de-la-cellule-est-un-nombre.png\",\"contentUrl\":\"https:\/\/exceladvisor.org\/wp-content\/uploads\/2023\/11\/1-formule-pour-tester-la-valeur-de-la-cellule-est-un-nombre.png\"},{\"@type\":\"BreadcrumbList\",\"@id\":\"https:\/\/exceladvisor.org\/it\/se-il-numero-del-valore-della-cella\/#breadcrumb\",\"itemListElement\":[{\"@type\":\"ListItem\",\"position\":1,\"name\":\"Home\",\"item\":\"https:\/\/exceladvisor.org\/it\/\"},{\"@type\":\"ListItem\",\"position\":2,\"name\":\"Come verificare se il valore di una cella \u00e8 un numero?\"}]},{\"@type\":\"WebSite\",\"@id\":\"https:\/\/exceladvisor.org\/it\/#website\",\"url\":\"https:\/\/exceladvisor.org\/it\/\",\"name\":\"Excel Advisor\",\"description\":\"Tips, Tricks, and Time-Saving Hacks\",\"publisher\":{\"@id\":\"https:\/\/exceladvisor.org\/it\/#organization\"},\"potentialAction\":[{\"@type\":\"SearchAction\",\"target\":{\"@type\":\"EntryPoint\",\"urlTemplate\":\"https:\/\/exceladvisor.org\/it\/?s={search_term_string}\"},\"query-input\":{\"@type\":\"PropertyValueSpecification\",\"valueRequired\":true,\"valueName\":\"search_term_string\"}}],\"inLanguage\":\"it-IT\"},{\"@type\":\"Organization\",\"@id\":\"https:\/\/exceladvisor.org\/it\/#organization\",\"name\":\"Excel Advisor\",\"url\":\"https:\/\/exceladvisor.org\/it\/\",\"logo\":{\"@type\":\"ImageObject\",\"inLanguage\":\"it-IT\",\"@id\":\"https:\/\/exceladvisor.org\/it\/#\/schema\/logo\/image\/\",\"url\":\"https:\/\/exceladvisor.org\/it\/wp-content\/uploads\/2023\/12\/exceladvisor.org_.png\",\"contentUrl\":\"https:\/\/exceladvisor.org\/it\/wp-content\/uploads\/2023\/12\/exceladvisor.org_.png\",\"width\":105,\"height\":36,\"caption\":\"Excel Advisor\"},\"image\":{\"@id\":\"https:\/\/exceladvisor.org\/it\/#\/schema\/logo\/image\/\"}}]}<\/script>\n<!-- \/ Yoast SEO plugin. -->","yoast_head_json":{"title":"Controlla se il valore di una cella \u00e8 un numero in Excel","description":"Questo tutorial ti insegner\u00e0 come scrivere una formula Excel per verificare se il valore di una cella \u00e8 un numero. Controlliamo questo...","robots":{"index":"index","follow":"follow","max-snippet":"max-snippet:-1","max-image-preview":"max-image-preview:large","max-video-preview":"max-video-preview:-1"},"canonical":"https:\/\/exceladvisor.org\/it\/se-il-numero-del-valore-della-cella\/","og_locale":"it_IT","og_type":"article","og_title":"Controlla se il valore di una cella \u00e8 un numero in Excel","og_description":"Questo tutorial ti insegner\u00e0 come scrivere una formula Excel per verificare se il valore di una cella \u00e8 un numero. Controlliamo questo...","og_url":"https:\/\/exceladvisor.org\/it\/se-il-numero-del-valore-della-cella\/","og_site_name":"Excel Advisor","article_modified_time":"2023-12-10T06:27:02+00:00","og_image":[{"url":"https:\/\/exceladvisor.org\/wp-content\/uploads\/2023\/11\/1-formule-pour-tester-la-valeur-de-la-cellule-est-un-nombre.png","type":"","width":"","height":""}],"twitter_card":"summary_large_image","twitter_misc":{"Tempo di lettura stimato":"2 minuti"},"schema":{"@context":"https:\/\/schema.org","@graph":[{"@type":"WebPage","@id":"https:\/\/exceladvisor.org\/it\/se-il-numero-del-valore-della-cella\/","url":"https:\/\/exceladvisor.org\/it\/se-il-numero-del-valore-della-cella\/","name":"Controlla se il valore di una cella \u00e8 un numero in Excel","isPartOf":{"@id":"https:\/\/exceladvisor.org\/it\/#website"},"primaryImageOfPage":{"@id":"https:\/\/exceladvisor.org\/it\/se-il-numero-del-valore-della-cella\/#primaryimage"},"image":{"@id":"https:\/\/exceladvisor.org\/it\/se-il-numero-del-valore-della-cella\/#primaryimage"},"thumbnailUrl":"https:\/\/exceladvisor.org\/wp-content\/uploads\/2023\/11\/1-formule-pour-tester-la-valeur-de-la-cellule-est-un-nombre.png","datePublished":"2023-11-11T11:57:31+00:00","dateModified":"2023-12-10T06:27:02+00:00","description":"Questo tutorial ti insegner\u00e0 come scrivere una formula Excel per verificare se il valore di una cella \u00e8 un numero. Controlliamo questo...","breadcrumb":{"@id":"https:\/\/exceladvisor.org\/it\/se-il-numero-del-valore-della-cella\/#breadcrumb"},"inLanguage":"it-IT","potentialAction":[{"@type":"ReadAction","target":["https:\/\/exceladvisor.org\/it\/se-il-numero-del-valore-della-cella\/"]}]},{"@type":"ImageObject","inLanguage":"it-IT","@id":"https:\/\/exceladvisor.org\/it\/se-il-numero-del-valore-della-cella\/#primaryimage","url":"https:\/\/exceladvisor.org\/wp-content\/uploads\/2023\/11\/1-formule-pour-tester-la-valeur-de-la-cellule-est-un-nombre.png","contentUrl":"https:\/\/exceladvisor.org\/wp-content\/uploads\/2023\/11\/1-formule-pour-tester-la-valeur-de-la-cellule-est-un-nombre.png"},{"@type":"BreadcrumbList","@id":"https:\/\/exceladvisor.org\/it\/se-il-numero-del-valore-della-cella\/#breadcrumb","itemListElement":[{"@type":"ListItem","position":1,"name":"Home","item":"https:\/\/exceladvisor.org\/it\/"},{"@type":"ListItem","position":2,"name":"Come verificare se il valore di una cella \u00e8 un numero?"}]},{"@type":"WebSite","@id":"https:\/\/exceladvisor.org\/it\/#website","url":"https:\/\/exceladvisor.org\/it\/","name":"Excel Advisor","description":"Tips, Tricks, and Time-Saving Hacks","publisher":{"@id":"https:\/\/exceladvisor.org\/it\/#organization"},"potentialAction":[{"@type":"SearchAction","target":{"@type":"EntryPoint","urlTemplate":"https:\/\/exceladvisor.org\/it\/?s={search_term_string}"},"query-input":{"@type":"PropertyValueSpecification","valueRequired":true,"valueName":"search_term_string"}}],"inLanguage":"it-IT"},{"@type":"Organization","@id":"https:\/\/exceladvisor.org\/it\/#organization","name":"Excel Advisor","url":"https:\/\/exceladvisor.org\/it\/","logo":{"@type":"ImageObject","inLanguage":"it-IT","@id":"https:\/\/exceladvisor.org\/it\/#\/schema\/logo\/image\/","url":"https:\/\/exceladvisor.org\/it\/wp-content\/uploads\/2023\/12\/exceladvisor.org_.png","contentUrl":"https:\/\/exceladvisor.org\/it\/wp-content\/uploads\/2023\/12\/exceladvisor.org_.png","width":105,"height":36,"caption":"Excel Advisor"},"image":{"@id":"https:\/\/exceladvisor.org\/it\/#\/schema\/logo\/image\/"}}]}},"yoast_meta":{"yoast_wpseo_title":"","yoast_wpseo_metadesc":"","yoast_wpseo_canonical":""},"_links":{"self":[{"href":"https:\/\/exceladvisor.org\/it\/wp-json\/wp\/v2\/pages\/1689","targetHints":{"allow":["GET"]}}],"collection":[{"href":"https:\/\/exceladvisor.org\/it\/wp-json\/wp\/v2\/pages"}],"about":[{"href":"https:\/\/exceladvisor.org\/it\/wp-json\/wp\/v2\/types\/page"}],"author":[{"embeddable":true,"href":"https:\/\/exceladvisor.org\/it\/wp-json\/wp\/v2\/users\/1"}],"replies":[{"embeddable":true,"href":"https:\/\/exceladvisor.org\/it\/wp-json\/wp\/v2\/comments?post=1689"}],"version-history":[{"count":1,"href":"https:\/\/exceladvisor.org\/it\/wp-json\/wp\/v2\/pages\/1689\/revisions"}],"predecessor-version":[{"id":2863,"href":"https:\/\/exceladvisor.org\/it\/wp-json\/wp\/v2\/pages\/1689\/revisions\/2863"}],"wp:attachment":[{"href":"https:\/\/exceladvisor.org\/it\/wp-json\/wp\/v2\/media?parent=1689"}],"curies":[{"name":"wp","href":"https:\/\/api.w.org\/{rel}","templated":true}]}}