{"id":1695,"date":"2023-11-10T19:33:35","date_gmt":"2023-11-10T19:33:35","guid":{"rendered":"https:\/\/exceladvisor.org\/it\/diagramma-di-gantt\/"},"modified":"2023-12-10T06:28:06","modified_gmt":"2023-12-10T06:28:06","slug":"diagramma-di-gantt","status":"publish","type":"page","link":"https:\/\/exceladvisor.org\/it\/diagramma-di-gantt\/","title":{"rendered":"Modello di diagramma di gantt di excel"},"content":{"rendered":"<div class=\"excel-prima-del-contenuto\" id=\"excel-3816272526\"><script type=\"text\/javascript\">\r\n\tatOptions = {\r\n\t\t'key' : 'c1158f160081d6540a8409e6925dab94',\r\n\t\t'format' : 'iframe',\r\n\t\t'height' : 250,\r\n\t\t'width' : 300,\r\n\t\t'params' : {}\r\n\t};\r\n<\/script>\r\n<script type=\"text\/javascript\" src=\"\/\/www.highperformanceformat.com\/c1158f160081d6540a8409e6925dab94\/invoke.js\"><\/script><\/div> <p>I project manager conoscono l&#8217;importanza del monitoraggio e della misurazione.<\/p><p> Preferiscono sempre analizzare costantemente i progressi del loro progetto e questa \u00e8 una delle cose principali che li aiuta a completare i loro progetti in tempo.<\/p><p> E per un project manager, lo strumento migliore per tenere traccia di un progetto \u00e8 un diagramma di Gantt.<\/p><p> <em>S\u00ec, un diagramma di Gantt.<\/em><\/p><p> <em>Un diagramma di Gantt \u00e8 uno dei diagrammi pi\u00f9 popolari che aiuta i project manager di tutto il mondo con i loro progetti. Puoi seguire l&#8217;avanzamento passo passo in questa tabella: data di inizio e fine di ogni passo, quanti giorni sono stati impiegati, giorni di ritardo, ecc.<\/em><\/p><p> Come sotto: <\/p><div class=\"wp-block-image\"><figure class=\"aligncenter\"><img decoding=\"async\" src=\"https:\/\/exceladvisor.org\/wp-content\/uploads\/2023\/08\/modele-de-diagramme-de-gantt-excel-1.png\" sizes=\"\" srcset=\"\" alt=\"Modello di diagramma di Gantt Excel\"><\/figure><\/div><p> E oggi vorrei condividere un modello di diagramma di Gantt Excel semplice ed efficace che puoi utilizzare per tenere traccia del tuo progetto. Quindi esploriamo questo modello e potrai scaricarlo alla fine di questo articolo.<\/p><h2 id=\"0-features\" class=\"wp-block-heading\"> Caratteristiche<\/h2><p> Questo modello ha funzionalit\u00e0 uniche che possono aiutarti a tenere traccia dei tuoi progetti in modo pi\u00f9 efficiente.<\/p><h3 id=\"1-1-track-any-project-up-to-31-days\" class=\"wp-block-heading\"> 1. Tieni traccia di qualsiasi progetto per un massimo di 31 giorni<\/h3><p> Puoi seguire un progetto per un massimo di 30 giorni (che \u00e8 estendibile). <\/p><div class=\"wp-block-image\"><figure class=\"aligncenter\"><img decoding=\"async\" src=\"https:\/\/exceladvisor.org\/wp-content\/uploads\/2023\/08\/suivre-jusqua-31-jours-dans-le-modele-de-diagramme-de-Gantt-Excel-1.png\" sizes=\"\" srcset=\"\" alt=\"\"><\/figure><\/div><p> E, quando vuoi espandere in questi giorni, basta inserire una nuova colonna alla fine e copiare e incollare le formule e la formattazione dall&#8217;ultima colonna a questa nuova colonna. \u00c8 inoltre possibile utilizzare un <a href=\"https:\/\/exceladvisor.org\/it\/formato-pittore\/\">pittore formato per copiare la formattazione<\/a> .<\/p><h3 id=\"2-2-track-up-to-10-stages-of-a-project\" class=\"wp-block-heading\"> 2. Tieni traccia fino a 10 passaggi di un progetto<\/h3><p> Puoi seguire fino a 10 passaggi (che \u00e8 espandibile). <\/p><div class=\"wp-block-image\"><figure class=\"aligncenter\"><img decoding=\"async\" src=\"https:\/\/exceladvisor.org\/wp-content\/uploads\/2023\/08\/suivre-jusqua-10-etapes-dans-le-modele-de-diagramme-de-Gantt-Excel-1.png\" sizes=\"\" srcset=\"\" alt=\"\"><\/figure><\/div><p> Quando desideri aggiungere nuovi passaggi, inserisci semplicemente una nuova riga alla fine e copia e incolla le formule e la formattazione dall&#8217;ultima colonna a questa nuova colonna.<\/p><h3 id=\"3-3-project-insights\" class=\"wp-block-heading\"> 3. Panoramica del progetto<\/h3><p> Una volta inserite correttamente le voci, \u00e8 possibile ottenere informazioni da tali voci. Inoltre, le informazioni verranno aggiornate immediatamente con gli aggiornamenti ai dati nel modello. <\/p><div class=\"wp-block-image\"><figure class=\"aligncenter\"><img decoding=\"async\" src=\"https:\/\/exceladvisor.org\/wp-content\/uploads\/2023\/08\/idees-dans-le-modele-de-diagramme-de-gantt-excel-1.png\" sizes=\"\" srcset=\"\" alt=\"idee nel modello di diagramma di Gantt Excel 1\"><\/figure><\/div><p> Se \u00e8 in corso un passaggio, verr\u00e0 visualizzato il nome del passaggio, mentre se non \u00e8 in corso alcun passaggio verr\u00e0 visualizzato il nome dell&#8217;ultimo passaggio completato.<\/p><p> Ti mostrer\u00e0 il numero di passaggi completati alla data prevista, dopo la data prevista e prima della data prevista. Se un passaggio viene completato prima della data prevista, i giorni registrati verranno evidenziati in verde. <\/p><div class=\"wp-block-image\"><figure class=\"aligncenter\"><img decoding=\"async\" src=\"https:\/\/exceladvisor.org\/wp-content\/uploads\/2023\/08\/jours-verts-dans-le-modele-de-diagramme-de-gantt-excel-1.png\" sizes=\"\" srcset=\"\" alt=\"\"><\/figure><\/div><p> Se una fase viene completata dopo la data prevista, i giorni in eccesso verranno evidenziati in rosso. <\/p><div class=\"wp-block-image\"><figure class=\"aligncenter\"><img decoding=\"async\" src=\"https:\/\/exceladvisor.org\/wp-content\/uploads\/2023\/08\/jours-rouges-dans-le-modele-de-diagramme-de-gantt-excel-1.png\" sizes=\"\" srcset=\"\" alt=\"\"><\/figure><\/div><h2 id=\"4-how-to-use-it\" class=\"wp-block-heading\"> Come usarlo<\/h2><p> Qui abbiamo alcuni punti importanti che devi considerare durante l&#8217;utilizzo di questo modello. In questo modello di diagramma di Gantt ho avuto cura di inserire un minimo di dettaglio. Per seguire il tuo progetto (passo dopo passo), abbiamo le seguenti voci in questo modello.<\/p><h3 id=\"5-1-stage-name-manual-entry\" class=\"wp-block-heading\"> 1. Nome della scena (immissione manuale)<\/h3><p> Puoi inserire un nome specifico per ogni fase del tuo progetto. Inoltre, il numero massimo di passaggi che puoi utilizzare per un progetto in questo modello \u00e8 10. <\/p><div class=\"wp-block-image\"><figure class=\"aligncenter\"><img decoding=\"async\" src=\"https:\/\/exceladvisor.org\/wp-content\/uploads\/2023\/08\/etapes-du-projet-dans-le-modele-de-diagramme-de-gantt-excel-1.png\" sizes=\"\" srcset=\"\" alt=\"stage di progetto nel modello di diagramma di Gantt Excel\"><\/figure><\/div><h3 id=\"6-2-start-date-manual-entry\" class=\"wp-block-heading\"> 2. Data di inizio (immissione manuale):<\/h3><p> Per ogni fase del progetto \u00e8 necessario inserire una data di inizio. La data di inizio della prima fase del progetto sar\u00e0 considerata la data di inizio del progetto. \u00c8 inoltre possibile specificare la data di inizio di una fase precedente alla data di fine della fase precedente. <\/p><div class=\"wp-block-image\"><figure class=\"aligncenter\"><img decoding=\"async\" src=\"https:\/\/exceladvisor.org\/wp-content\/uploads\/2023\/08\/date-de-debut-de-letape-dans-le-modele-de-diagramme-de-gantt-excel-1.png\" sizes=\"\" srcset=\"\" alt=\"data di inizio del passaggio nel modello di diagramma di Gantt Excel\"><\/figure><\/div><h3 id=\"7-3-target-days-manual-entry\" class=\"wp-block-heading\"> 3. Giorni target [Inserimento manuale]<\/h3><p> Dopo aver specificato la data di inizio della fase, \u00e8 necessario specificare i giorni target per completare questa fase. Ci\u00f2 aiuter\u00e0 a calcolare la data di chiusura prevista per un particolare traguardo. <\/p><div class=\"wp-block-image\"><figure class=\"aligncenter\"><img decoding=\"async\" src=\"https:\/\/exceladvisor.org\/wp-content\/uploads\/2023\/08\/jours-cibles-detape-dans-le-modele-de-diagramme-de-gantt-excel-1.png\" sizes=\"\" srcset=\"\" alt=\"Giorni target fondamentali nel modello di diagramma di Gantt Excel\"><\/figure><\/div><h3 id=\"8-4-target-end-date-auto-calculation\" class=\"wp-block-heading\"> 4. Data di fine prevista [Calcolo automatico]<\/h3><p> Dai giorni target per il completamento di un passaggio, la &#8220;Data di fine target&#8221; verr\u00e0 calcolata automaticamente. Questo ti dar\u00e0 una scadenza per completare il tuo passaggio. <\/p><div class=\"wp-block-image\"><figure class=\"aligncenter\"><img decoding=\"async\" src=\"https:\/\/exceladvisor.org\/wp-content\/uploads\/2023\/08\/date-de-fin-cible-dans-le-modele-de-diagramme-de-gantt-excel-1.png\" sizes=\"\" srcset=\"\" alt=\"data di fine prevista nel modello di diagramma di Gantt Excel\"><\/figure><\/div><h3 id=\"9-5-actual-end-date-manual-entry\" class=\"wp-block-heading\"> 5. Data di fine attuale [Inserimento manuale]<\/h3><p> Una volta completato un passaggio, \u00e8 possibile inserire la data di chiusura per quel passaggio. <\/p><div class=\"wp-block-image\"><figure class=\"aligncenter\"><img decoding=\"async\" src=\"https:\/\/exceladvisor.org\/wp-content\/uploads\/2023\/08\/date-de-fin-reelle-dans-le-modele-de-diagramme-de-gantt-excel-1.png\" sizes=\"\" srcset=\"\" alt=\"data di fine effettiva nel modello di diagramma di Gantt Excel\"><\/figure><\/div><p> Indipendentemente dal fatto che la data di chiusura effettiva sia precedente o successiva alla data prevista, questo modello terr\u00e0 conto di tali giorni nelle informazioni per visualizzare il numero di passaggi completati entro la data prevista.<\/p><h3 id=\"10-6-actual-days-taken-auto-calculation\" class=\"wp-block-heading\"> 6. Giorni effettivi presi [Calcolo automatico]<\/h3><p> Dalla data di fine effettiva, calcoler\u00e0 i giorni effettivi necessari per completare un passaggio. <\/p><div class=\"wp-block-image\"><figure class=\"aligncenter\"><img decoding=\"async\" src=\"https:\/\/exceladvisor.org\/wp-content\/uploads\/2023\/08\/jours-reels-pris-dans-le-modele-de-diagramme-de-gantt-excel-1.png\" sizes=\"\" srcset=\"\" alt=\"giorni effettivi presi nel modello di diagramma di Gantt Excel\"><\/figure><\/div><h3 id=\"11-7-project-details\" class=\"wp-block-heading\"> 7. Dettagli del progetto<\/h3><p> Puoi inserire o modificare i seguenti dettagli per il tuo progetto.<\/p><ul><li> Nome del progetto.<\/li><li> Nome del project manager e descrizione del progetto.<\/li><\/ul><p> Per modificare i dettagli, fai clic sul pulsante &#8220;Modifica dettagli&#8221; in alto a destra del modello. <\/p><div class=\"wp-block-image\"><figure class=\"aligncenter\"><img decoding=\"async\" src=\"https:\/\/exceladvisor.org\/wp-content\/uploads\/2023\/08\/modifier-les-details-dans-le-modele-de-diagramme-de-gantt-excel-1.png\" sizes=\"\" srcset=\"\" alt=\"modificare i dettagli nel modello di diagramma di Gantt Excel\"><\/figure><\/div><p> Dopo aver fatto clic su questo pulsante, verrai indirizzato alla sezione dei dettagli in cui potrai modificare o inserire nuovi dettagli per il tuo progetto. <\/p><div class=\"wp-block-image\"><figure class=\"aligncenter\"><img decoding=\"async\" src=\"https:\/\/exceladvisor.org\/wp-content\/uploads\/2023\/08\/volet-de-details-dans-le-modele-de-diagramme-de-Gantt-Excel-1.png\" sizes=\"\" srcset=\"\" alt=\"riquadro dei dettagli nel modello di diagramma di Gantt di Excel\"><\/figure><\/div><p> E, una volta terminati i dettagli del progetto, fai clic sul pulsante Indietro per tornare al modello del diagramma di Gantt. <\/p><div class=\"wp-block-image\"><figure class=\"aligncenter\"><img decoding=\"async\" src=\"https:\/\/exceladvisor.org\/wp-content\/uploads\/2023\/08\/bouton-de-retour-volet-dinformations-dans-le-modele-de-diagramme-de-gantt-excel-1.png\" sizes=\"\" srcset=\"\" alt=\"pulsante Indietro nel riquadro dei dettagli del modello di diagramma di Gantt di Excel\"><\/figure><\/div><p> Non appena modifichi i dettagli nella &#8220;Sezione Dettagli&#8221;, cambieranno nel tuo modello principale. La bellezza di questo modello \u00e8 &#8220;Nessuna modifica complessa&#8221;.<\/p><h2 id=\"12-download-your-template\" class=\"wp-block-heading\"> Scarica il tuo modello<\/h2><p> <a href=\"https:\/\/exceladvisor.org\/wp-content\/uploads\/2023\/11\/modele-de-diagramme-de-gantt-excel-2.xlsx\" target=\"_blank\" rel=\"noreferrer noopener nofollow\"><strong>collegamento per scaricare<\/strong><\/a><\/p><h2 id=\"13-conclusion\" class=\"wp-block-heading\"> Conclusione<\/h2><p> Questo modello di diagramma di Gantt \u00e8 uno strumento utile se vuoi tenere traccia del tuo progetto. Questo non solo ti aiuter\u00e0 a tracciare, ma ti fornir\u00e0 anche informazioni utili.<\/p><p> E la parte migliore \u00e8 che puoi prolungarne i giorni e le tappe se lo desideri. Spero che questo modello ti aiuti a migliorare le tue finanze. Non dimenticare di condividere questo modello con i tuoi amici.<\/p><div class=\"gb-container gb-container-a61970aa gb-container-mt\"> <a class=\"gb-button gb-button-b4293c6c gb-button-text gb-button-mt-button\" href=\"https:\/\/exceladvisor.org\/it\/grafici-excel\/\">Tipi di grafici Excel<\/a><h2 class=\"gb-headline gb-headline-5bf2e581 gb-headline-text gb-headline-mt-heading\"> Tutorial correlati <\/h2><div class=\"gb-grid-wrapper gb-grid-wrapper-9b70abf1 gb-grid-wrapper-mt-grid\"><div class=\"gb-grid-column gb-grid-column-97a95c29\"><div class=\"gb-container gb-container-97a95c29\"><ul><li> <a href=\"https:\/\/exceladvisor.org\/it\/grafica-della-cialda\/\">CARTONCINO GOFFRATO<\/a><\/li><li> <a href=\"https:\/\/exceladvisor.org\/it\/grafico-a-imbuto\/\">Grafico a imbuto<\/a><\/li><li> <a href=\"https:\/\/exceladvisor.org\/it\/tabellone-dei-proiettili\/\">Grafico puntato<\/a><\/li><li> <a href=\"https:\/\/exceladvisor.org\/it\/mappa-di-calore\/\">Mappa di calore<\/a> <\/li><\/ul><\/div><\/div><div class=\"gb-grid-column gb-grid-column-0636840f\"><div class=\"gb-container gb-container-0636840f\"><ul><li> <a href=\"https:\/\/exceladvisor.org\/it\/grafico-del-tornado\/\">Grafico del tornado<\/a><\/li><li> <a href=\"https:\/\/exceladvisor.org\/it\/grafica-avanzata\/\">Grafici Excel avanzati<\/a><\/li><li> <a href=\"https:\/\/exceladvisor.org\/it\/pittogramma\/\">Pittogramma<\/a><\/li><li> <a href=\"https:\/\/exceladvisor.org\/it\/tavolo-termometro\/\">Grafico del termometro<\/a><\/li><\/ul><\/div><\/div><\/div><\/div>","protected":false},"excerpt":{"rendered":"","protected":false},"author":1,"featured_media":0,"parent":0,"menu_order":0,"comment_status":"open","ping_status":"closed","template":"","meta":{"ub_ctt_via":"","footnotes":""},"class_list":["post-1695","page","type-page","status-publish","hentry"],"featured_image_src":null,"yoast_head":"<!-- This site is optimized with the Yoast SEO plugin v25.4 - https:\/\/yoast.com\/wordpress\/plugins\/seo\/ -->\n<title>\u25b7 Modello di diagramma di Gantt Excel [gratuito 2023]<\/title>\n<meta name=\"description\" content=\"Vorrei condividere con te un modello di diagramma di Gantt Excel semplice ed efficace che puoi utilizzare per tenere traccia del tuo progetto.\" \/>\n<meta name=\"robots\" content=\"index, follow, max-snippet:-1, max-image-preview:large, max-video-preview:-1\" \/>\n<link rel=\"canonical\" href=\"https:\/\/exceladvisor.org\/it\/diagramma-di-gantt\/\" \/>\n<meta property=\"og:locale\" content=\"it_IT\" \/>\n<meta property=\"og:type\" content=\"article\" \/>\n<meta property=\"og:title\" content=\"\u25b7 Modello di diagramma di Gantt Excel [gratuito 2023]\" \/>\n<meta property=\"og:description\" content=\"Vorrei condividere con te un modello di diagramma di Gantt Excel semplice ed efficace che puoi utilizzare per tenere traccia del tuo progetto.\" \/>\n<meta property=\"og:url\" content=\"https:\/\/exceladvisor.org\/it\/diagramma-di-gantt\/\" \/>\n<meta property=\"og:site_name\" content=\"Excel Advisor\" \/>\n<meta property=\"article:modified_time\" content=\"2023-12-10T06:28:06+00:00\" \/>\n<meta property=\"og:image\" content=\"https:\/\/exceladvisor.org\/wp-content\/uploads\/2023\/08\/modele-de-diagramme-de-gantt-excel-1.png\" \/>\n<meta name=\"twitter:card\" content=\"summary_large_image\" \/>\n<meta name=\"twitter:label1\" content=\"Tempo di lettura stimato\" \/>\n\t<meta name=\"twitter:data1\" content=\"4 minuti\" \/>\n<script type=\"application\/ld+json\" class=\"yoast-schema-graph\">{\"@context\":\"https:\/\/schema.org\",\"@graph\":[{\"@type\":\"WebPage\",\"@id\":\"https:\/\/exceladvisor.org\/it\/diagramma-di-gantt\/\",\"url\":\"https:\/\/exceladvisor.org\/it\/diagramma-di-gantt\/\",\"name\":\"\u25b7 Modello di diagramma di Gantt Excel [gratuito 2023]\",\"isPartOf\":{\"@id\":\"https:\/\/exceladvisor.org\/it\/#website\"},\"primaryImageOfPage\":{\"@id\":\"https:\/\/exceladvisor.org\/it\/diagramma-di-gantt\/#primaryimage\"},\"image\":{\"@id\":\"https:\/\/exceladvisor.org\/it\/diagramma-di-gantt\/#primaryimage\"},\"thumbnailUrl\":\"https:\/\/exceladvisor.org\/wp-content\/uploads\/2023\/08\/modele-de-diagramme-de-gantt-excel-1.png\",\"datePublished\":\"2023-11-10T19:33:35+00:00\",\"dateModified\":\"2023-12-10T06:28:06+00:00\",\"description\":\"Vorrei condividere con te un modello di diagramma di Gantt Excel semplice ed efficace che puoi utilizzare per tenere traccia del tuo progetto.\",\"breadcrumb\":{\"@id\":\"https:\/\/exceladvisor.org\/it\/diagramma-di-gantt\/#breadcrumb\"},\"inLanguage\":\"it-IT\",\"potentialAction\":[{\"@type\":\"ReadAction\",\"target\":[\"https:\/\/exceladvisor.org\/it\/diagramma-di-gantt\/\"]}]},{\"@type\":\"ImageObject\",\"inLanguage\":\"it-IT\",\"@id\":\"https:\/\/exceladvisor.org\/it\/diagramma-di-gantt\/#primaryimage\",\"url\":\"https:\/\/exceladvisor.org\/wp-content\/uploads\/2023\/08\/modele-de-diagramme-de-gantt-excel-1.png\",\"contentUrl\":\"https:\/\/exceladvisor.org\/wp-content\/uploads\/2023\/08\/modele-de-diagramme-de-gantt-excel-1.png\"},{\"@type\":\"BreadcrumbList\",\"@id\":\"https:\/\/exceladvisor.org\/it\/diagramma-di-gantt\/#breadcrumb\",\"itemListElement\":[{\"@type\":\"ListItem\",\"position\":1,\"name\":\"Home\",\"item\":\"https:\/\/exceladvisor.org\/it\/\"},{\"@type\":\"ListItem\",\"position\":2,\"name\":\"Modello di diagramma di gantt di excel\"}]},{\"@type\":\"WebSite\",\"@id\":\"https:\/\/exceladvisor.org\/it\/#website\",\"url\":\"https:\/\/exceladvisor.org\/it\/\",\"name\":\"Excel Advisor\",\"description\":\"Tips, Tricks, and Time-Saving Hacks\",\"publisher\":{\"@id\":\"https:\/\/exceladvisor.org\/it\/#organization\"},\"potentialAction\":[{\"@type\":\"SearchAction\",\"target\":{\"@type\":\"EntryPoint\",\"urlTemplate\":\"https:\/\/exceladvisor.org\/it\/?s={search_term_string}\"},\"query-input\":{\"@type\":\"PropertyValueSpecification\",\"valueRequired\":true,\"valueName\":\"search_term_string\"}}],\"inLanguage\":\"it-IT\"},{\"@type\":\"Organization\",\"@id\":\"https:\/\/exceladvisor.org\/it\/#organization\",\"name\":\"Excel Advisor\",\"url\":\"https:\/\/exceladvisor.org\/it\/\",\"logo\":{\"@type\":\"ImageObject\",\"inLanguage\":\"it-IT\",\"@id\":\"https:\/\/exceladvisor.org\/it\/#\/schema\/logo\/image\/\",\"url\":\"https:\/\/exceladvisor.org\/it\/wp-content\/uploads\/2023\/12\/exceladvisor.org_.png\",\"contentUrl\":\"https:\/\/exceladvisor.org\/it\/wp-content\/uploads\/2023\/12\/exceladvisor.org_.png\",\"width\":105,\"height\":36,\"caption\":\"Excel Advisor\"},\"image\":{\"@id\":\"https:\/\/exceladvisor.org\/it\/#\/schema\/logo\/image\/\"}}]}<\/script>\n<!-- \/ Yoast SEO plugin. -->","yoast_head_json":{"title":"\u25b7 Modello di diagramma di Gantt Excel [gratuito 2023]","description":"Vorrei condividere con te un modello di diagramma di Gantt Excel semplice ed efficace che puoi utilizzare per tenere traccia del tuo progetto.","robots":{"index":"index","follow":"follow","max-snippet":"max-snippet:-1","max-image-preview":"max-image-preview:large","max-video-preview":"max-video-preview:-1"},"canonical":"https:\/\/exceladvisor.org\/it\/diagramma-di-gantt\/","og_locale":"it_IT","og_type":"article","og_title":"\u25b7 Modello di diagramma di Gantt Excel [gratuito 2023]","og_description":"Vorrei condividere con te un modello di diagramma di Gantt Excel semplice ed efficace che puoi utilizzare per tenere traccia del tuo progetto.","og_url":"https:\/\/exceladvisor.org\/it\/diagramma-di-gantt\/","og_site_name":"Excel Advisor","article_modified_time":"2023-12-10T06:28:06+00:00","og_image":[{"url":"https:\/\/exceladvisor.org\/wp-content\/uploads\/2023\/08\/modele-de-diagramme-de-gantt-excel-1.png","type":"","width":"","height":""}],"twitter_card":"summary_large_image","twitter_misc":{"Tempo di lettura stimato":"4 minuti"},"schema":{"@context":"https:\/\/schema.org","@graph":[{"@type":"WebPage","@id":"https:\/\/exceladvisor.org\/it\/diagramma-di-gantt\/","url":"https:\/\/exceladvisor.org\/it\/diagramma-di-gantt\/","name":"\u25b7 Modello di diagramma di Gantt Excel [gratuito 2023]","isPartOf":{"@id":"https:\/\/exceladvisor.org\/it\/#website"},"primaryImageOfPage":{"@id":"https:\/\/exceladvisor.org\/it\/diagramma-di-gantt\/#primaryimage"},"image":{"@id":"https:\/\/exceladvisor.org\/it\/diagramma-di-gantt\/#primaryimage"},"thumbnailUrl":"https:\/\/exceladvisor.org\/wp-content\/uploads\/2023\/08\/modele-de-diagramme-de-gantt-excel-1.png","datePublished":"2023-11-10T19:33:35+00:00","dateModified":"2023-12-10T06:28:06+00:00","description":"Vorrei condividere con te un modello di diagramma di Gantt Excel semplice ed efficace che puoi utilizzare per tenere traccia del tuo progetto.","breadcrumb":{"@id":"https:\/\/exceladvisor.org\/it\/diagramma-di-gantt\/#breadcrumb"},"inLanguage":"it-IT","potentialAction":[{"@type":"ReadAction","target":["https:\/\/exceladvisor.org\/it\/diagramma-di-gantt\/"]}]},{"@type":"ImageObject","inLanguage":"it-IT","@id":"https:\/\/exceladvisor.org\/it\/diagramma-di-gantt\/#primaryimage","url":"https:\/\/exceladvisor.org\/wp-content\/uploads\/2023\/08\/modele-de-diagramme-de-gantt-excel-1.png","contentUrl":"https:\/\/exceladvisor.org\/wp-content\/uploads\/2023\/08\/modele-de-diagramme-de-gantt-excel-1.png"},{"@type":"BreadcrumbList","@id":"https:\/\/exceladvisor.org\/it\/diagramma-di-gantt\/#breadcrumb","itemListElement":[{"@type":"ListItem","position":1,"name":"Home","item":"https:\/\/exceladvisor.org\/it\/"},{"@type":"ListItem","position":2,"name":"Modello di diagramma di gantt di excel"}]},{"@type":"WebSite","@id":"https:\/\/exceladvisor.org\/it\/#website","url":"https:\/\/exceladvisor.org\/it\/","name":"Excel Advisor","description":"Tips, Tricks, and Time-Saving Hacks","publisher":{"@id":"https:\/\/exceladvisor.org\/it\/#organization"},"potentialAction":[{"@type":"SearchAction","target":{"@type":"EntryPoint","urlTemplate":"https:\/\/exceladvisor.org\/it\/?s={search_term_string}"},"query-input":{"@type":"PropertyValueSpecification","valueRequired":true,"valueName":"search_term_string"}}],"inLanguage":"it-IT"},{"@type":"Organization","@id":"https:\/\/exceladvisor.org\/it\/#organization","name":"Excel Advisor","url":"https:\/\/exceladvisor.org\/it\/","logo":{"@type":"ImageObject","inLanguage":"it-IT","@id":"https:\/\/exceladvisor.org\/it\/#\/schema\/logo\/image\/","url":"https:\/\/exceladvisor.org\/it\/wp-content\/uploads\/2023\/12\/exceladvisor.org_.png","contentUrl":"https:\/\/exceladvisor.org\/it\/wp-content\/uploads\/2023\/12\/exceladvisor.org_.png","width":105,"height":36,"caption":"Excel Advisor"},"image":{"@id":"https:\/\/exceladvisor.org\/it\/#\/schema\/logo\/image\/"}}]}},"yoast_meta":{"yoast_wpseo_title":"","yoast_wpseo_metadesc":"","yoast_wpseo_canonical":""},"_links":{"self":[{"href":"https:\/\/exceladvisor.org\/it\/wp-json\/wp\/v2\/pages\/1695","targetHints":{"allow":["GET"]}}],"collection":[{"href":"https:\/\/exceladvisor.org\/it\/wp-json\/wp\/v2\/pages"}],"about":[{"href":"https:\/\/exceladvisor.org\/it\/wp-json\/wp\/v2\/types\/page"}],"author":[{"embeddable":true,"href":"https:\/\/exceladvisor.org\/it\/wp-json\/wp\/v2\/users\/1"}],"replies":[{"embeddable":true,"href":"https:\/\/exceladvisor.org\/it\/wp-json\/wp\/v2\/comments?post=1695"}],"version-history":[{"count":1,"href":"https:\/\/exceladvisor.org\/it\/wp-json\/wp\/v2\/pages\/1695\/revisions"}],"predecessor-version":[{"id":2930,"href":"https:\/\/exceladvisor.org\/it\/wp-json\/wp\/v2\/pages\/1695\/revisions\/2930"}],"wp:attachment":[{"href":"https:\/\/exceladvisor.org\/it\/wp-json\/wp\/v2\/media?parent=1695"}],"curies":[{"name":"wp","href":"https:\/\/api.w.org\/{rel}","templated":true}]}}