{"id":1698,"date":"2023-11-10T18:42:50","date_gmt":"2023-11-10T18:42:50","guid":{"rendered":"https:\/\/exceladvisor.org\/it\/aggiungi-una-linea-orizzontale\/"},"modified":"2023-12-10T06:20:13","modified_gmt":"2023-12-10T06:20:13","slug":"aggiungi-una-linea-orizzontale","status":"publish","type":"page","link":"https:\/\/exceladvisor.org\/it\/aggiungi-una-linea-orizzontale\/","title":{"rendered":"Come aggiungere una linea orizzontale a un grafico?"},"content":{"rendered":"<div class=\"excel-prima-del-contenuto\" id=\"excel-1262083535\"><script type=\"text\/javascript\">\r\n\tatOptions = {\r\n\t\t'key' : 'c1158f160081d6540a8409e6925dab94',\r\n\t\t'format' : 'iframe',\r\n\t\t'height' : 250,\r\n\t\t'width' : 300,\r\n\t\t'params' : {}\r\n\t};\r\n<\/script>\r\n<script type=\"text\/javascript\" src=\"\/\/www.highperformanceformat.com\/c1158f160081d6540a8409e6925dab94\/invoke.js\"><\/script><\/div> <p>Quando crei un grafico in Excel, puoi utilizzare una linea orizzontale come linea di destinazione o linea media. Questo pu\u00f2 aiutarti a confrontare il risultato con l&#8217;obiettivo. Basta guardare la tabella qui sotto. <\/p><div class=\"wp-block-image\"><figure class=\"aligncenter\"><img decoding=\"async\" src=\"https:\/\/exceladvisor.org\/wp-content\/uploads\/2023\/08\/comment-ajouter-une-ligne-horizontale-au-graphique-Excel-en-utilisant-les-meilleures-pratiques-1.gif\" sizes=\"\" srcset=\"\" alt=\"come aggiungere una linea orizzontale al grafico Excel utilizzando le migliori pratiche\"><\/figure><\/div><p> Ti piace, vero? Se ti piace, d\u00ec &#8220;S\u00ec&#8221; nella sezione commenti. OK, ascolta: supponiamo che tu abbia un valore medio che desideri mantenere nelle vendite durante tutto l&#8217;anno. Oppure un obiettivo costante che desideri visualizzare in un grafico per tutti i mesi.<\/p><p> In questo caso \u00e8 possibile inserire una linea retta orizzontale per presentare questo valore. Ecco il problema: questa linea orizzontale pu\u00f2 essere una linea dinamica che cambier\u00e0 valore o una linea con un valore fisso. E nel post di oggi ti mostrer\u00f2 esattamente come farlo.<\/p><p> Condivider\u00f2 con te come inserire una linea orizzontale fissa e dinamica in un grafico.<\/p><h2 class=\"wp-block-heading\"> Aggiungi una linea media [orizzontale] a un grafico<\/h2><p> Una linea media gioca un ruolo importante ogni volta che \u00e8 necessario <a href=\"http:\/\/www.investopedia.com\/articles\/technical\/052201.asp\" target=\"_blank\" rel=\"noreferrer noopener nofollow\">studiare determinate linee di tendenza<\/a> e l&#8217;impatto di diversi fattori sulla tendenza. E prima di creare un grafico con una linea orizzontale, devi preparare i dati per esso.<\/p><p> Prima di parlarti di questi passaggi, lascia che ti mostri come configuro i dati. Qui utilizzo un grafico dinamico per mostrarti come ti aiuter\u00e0 a rendere la tua presentazione davvero interessante. <a style=\"outline: none;\" href=\"https:\/\/exceladvisor.org\/wp-content\/uploads\/2023\/11\/donnees-dynamiques-pour-ajouter-une-ligne-dans-un-graphique.xlsx\" rel=\"nofollow\">(scarica questa tabella di dati dinamici da qui)<\/a> per seguire. <\/p><div class=\"wp-block-image\"><figure class=\"aligncenter\"><img decoding=\"async\" src=\"https:\/\/exceladvisor.org\/wp-content\/uploads\/2023\/08\/Utiliser-le-tableau-de-donnees-pour-ajouter-une-ligne-horizontale-au-graphique-Excel-1.png\" sizes=\"\" srcset=\"\" alt=\"Utilizza la tabella dati per aggiungere una linea orizzontale al grafico Excel\"><\/figure><\/div><p> Nelle tabelle di dati sopra, ottengo i dati dalla tabella grezza alla tabella dinamica utilizzando <a href=\"https:\/\/exceladvisor.org\/it\/corrispondenza-di-vsearch\/\">VLOOKUP MATCH<\/a> . Ogni volta che cambio l&#8217;anno nella tabella dinamica, i valori di vendita cambiano automaticamente e su questi dati di vendita viene calcolata la media.<\/p><p> Di seguito sono riportati i passaggi per creare un grafico con una linea orizzontale.<\/p><ol><li> Innanzitutto, seleziona la tabella dati e inserisci un istogramma.<\/li><li> Andare su Inserisci \u279c Grafici \u279c Istogrammi \u279c Istogramma cluster 2D. oppure puoi anche usare Alt + F1 per inserire un grafico.<\/li><li> Quindi ora hai un istogramma nel tuo foglio di calcolo come di seguito. <br><img loading=\"lazy\" decoding=\"async\" title=\"Inserisci-A-per-aggiungere-una-linea-orizzontale-al-grafico-Excel\" src=\"https:\/\/exceladvisor.org\/wp-content\/uploads\/2023\/08\/Inserer-A-pour-ajouter-une-ligne-horizontale-au-graphique-Excel.png\" sizes=\"auto, \" srcset=\"\" alt=\"Insert A To Add Horizontal Line To Excel Chart\" width=\"454\" height=\"272\"><\/li><li> Il prossimo passo \u00e8 trasformare queste barre medie in una linea orizzontale.<\/li><li> Per fare ci\u00f2, seleziona la barra della colonna centrale e vai su \u2192 Design \u2192 Tipo \u2192 Cambia tipo di grafico. <br><img loading=\"lazy\" decoding=\"async\" title=\"Vai alla scheda Progettazione, aggiungi linea orizzontale al grafico Excel\" src=\"https:\/\/exceladvisor.org\/wp-content\/uploads\/2023\/08\/Aller-a-longlet-Conception-Ajouter-une-ligne-horizontale-au-graphique-Excel-1.png\" sizes=\"auto, \" srcset=\"\" alt=\"Go To Design Tab Add Horizontal Line To Excel Chart\" width=\"280\" height=\"131\"><\/li><li> Dopo aver fatto clic sull&#8217;opzione cambia tipo di grafico, verr\u00e0 visualizzata una finestra di dialogo per la formattazione.<\/li><li> Cambia il tipo di grafico medio da \u201cGrafico a colonne\u201d a \u201cGrafico a linee con indicatore\u201d. <br><img loading=\"lazy\" decoding=\"async\" title=\"Cambia-tipo-di-grafico-per-aggiungere-linea-orizzontale-al-grafico-Excel-1\" src=\"https:\/\/exceladvisor.org\/wp-content\/uploads\/2023\/08\/Modifier-le-type-de-graphique-pour-ajouter-une-ligne-horizontale-au-graphique-Excel-1.png\" sizes=\"auto, \" srcset=\"\" alt=\"Change Chart Type To Add Horizontal Line To Excel Chart\" width=\"560\" height=\"530\"><\/li><li> Fare clic su OK.<\/li><\/ol><p> Ecco il tuo istogramma pronto per il rock con una linea media e assicurati di <a href=\"https:\/\/exceladvisor.org\/wp-content\/uploads\/2023\/11\/ajouter-une-ligne-horizontale-au-graphique-excel.xlsx\" rel=\"nofollow\">scaricare questo file di esempio qui<\/a> . <\/p><div class=\"wp-block-image\"><figure class=\"aligncenter\"><img decoding=\"async\" src=\"https:\/\/exceladvisor.org\/wp-content\/uploads\/2023\/08\/Comment-ajouter-une-ligne-horizontale-au-graphique-Excel-en-utilisant-les-meilleures-pratiques-3.gif\" sizes=\"\" srcset=\"\" alt=\"Come aggiungere una linea orizzontale al grafico di Excel utilizzando le migliori pratiche\"><\/figure><\/div><p> Un mio collega usa questo stesso metodo per aggiungere una linea centrale. Puoi anche utilizzare questo metodo per aggiungere una linea media a un grafico a linee. I passaggi sono totalmente gli stessi, devi solo inserire un grafico a linee invece di un grafico a colonne. E otterrai qualcosa del genere. <\/p><div class=\"wp-block-image\"><figure class=\"aligncenter\"><img decoding=\"async\" src=\"https:\/\/exceladvisor.org\/wp-content\/uploads\/2023\/08\/Ajouter-une-ligne-horizontale-au-graphique-Excel-dans-un-graphique-lineaire-2.gif\" sizes=\"\" srcset=\"\" alt=\"Aggiungi una linea orizzontale al grafico Excel nel grafico a linee\"><\/figure><\/div><h2 class=\"wp-block-heading\"> Aggiungi una linea di destinazione orizzontale nell&#8217;istogramma<\/h2><p> Questo \u00e8 un altro metodo che utilizzo spesso nei miei grafici aggiungendo una linea di destinazione. Esistono molti altri modi per creare un grafico Target\/Risultati, ma il metodo della linea target \u00e8 semplice ed efficace. Innanzitutto, lascia che ti mostri i dati che utilizzo per creare una linea di destinazione nel grafico. <\/p><div class=\"wp-block-image\"><figure class=\"aligncenter\"><img decoding=\"async\" src=\"https:\/\/exceladvisor.org\/wp-content\/uploads\/2023\/08\/Ajouter-une-ligne-horizontale-au-graphique-Excel-pour-presenter-une-ligne-horizontale-1.png\" sizes=\"\" srcset=\"\" alt=\"aggiungi una linea orizzontale al grafico Excel per presentare la linea orizzontale\"><\/figure><\/div><p> Ho utilizzato la tabella sopra per ottenere i numeri target ed effettivi dalle tabelle mensili e assicurati di scaricare il <a href=\"https:\/\/exceladvisor.org\/wp-content\/uploads\/2023\/11\/tableau-de-donnees-dynamique-pour-ajouter-une-ligne-horizontale-comme-ligne-cible.xlsx\" rel=\"nofollow\">file di esempio qui<\/a> . Ora cominciamo con i passaggi.<\/p><ol><li> Seleziona la tabella dinamica che ho menzionato sopra.<\/li><li> Inserisci un istogramma. Vai a Inserisci \u2192 Grafici \u2192 Istogrammi \u2192 Istogramma cluster 2D.<\/li><li> Otterrai una tabella come quella qui sotto. <br><img loading=\"lazy\" decoding=\"async\" title=\"Aggiungi una linea orizzontale a un grafico Excel per inserire una linea di destinazione\" src=\"https:\/\/exceladvisor.org\/wp-content\/uploads\/2023\/08\/Ajouter-une-ligne-horizontale-au-graphique-Excel-pour-inserer-une-ligne-cible-1.png\" sizes=\"auto, \" srcset=\"\" alt=\"Add Horizontal Line To Excel Chart To Insert A Target Line\" width=\"444\" height=\"264\"><\/li><li> Ora \u00e8 necessario modificare il tipo di grafico a barre di destinazione da Grafico <span data-id=\"0\" data-type=\"true\">a colonne<\/span> a Grafico a linee con indicatori <span data-id=\"0\" data-type=\"false\">.<\/span> Per modificare il tipo di grafico, segui gli stessi passaggi che ho utilizzato nel metodo precedente.<\/li><li> Dopo aver modificato il tipo di grafico, il tuo grafico sar\u00e0 simile a questo. <br><img loading=\"lazy\" decoding=\"async\" title=\"Aggiungi grafico a linee orizzontali nel grafico Excel nel target\" src=\"https:\/\/exceladvisor.org\/wp-content\/uploads\/2023\/08\/Ajouter-une-ligne-horizontale-au-graphique-Excel-dans-TargetLine-dans-le-graphique-lineaire.png\" sizes=\"auto, \" srcset=\"\" alt=\"Add Horizontal Line To Excel Chart In Target Line In Line Chart\" width=\"443\" height=\"266\"><\/li><li> Ora dobbiamo apportare alcune modifiche a questo grafico a linee.<\/li><li> Successivamente, <a href=\"https:\/\/exceladvisor.org\/it\/consiglio\/\" data-wpil=\"url\">fai doppio clic<\/a> sulla riga per aprire l&#8217;opzione di formato. Una volta terminato, verr\u00e0 visualizzata una finestra di dialogo con le opzioni di formattazione.<\/li><li> Apportare le seguenti modifiche alla formattazione.<ol><li> Vai a \u2192 Riempi e linea \u2192 Linea.<\/li><li> Cambia lo stile della linea in &#8220;Nessuna linea&#8221;. <\/li><\/ol><br><img loading=\"lazy\" decoding=\"async\" title=\"Cambia-tipo-linea-grafico-in-linea-per-aggiungere-linea-orizzontale-al-grafico-Excel\" src=\"https:\/\/exceladvisor.org\/wp-content\/uploads\/2023\/08\/Modifier-le-type-de-ligne-dans-le-graphique-lineaire-pour-ajouter-une-ligne-horizontale-au-graphique-Excel.png\" sizes=\"auto, \" srcset=\"\" alt=\"Change Line Type In Line Chart To Add Horizontal Line To Excel Chart\" width=\"261\" height=\"271\"><\/li><li> Ora vai alla sezione marcatori e apporta le seguenti modifiche.<ol><li> Cambia il tipo di marcatore in Incorporato, una barra orizzontale e la dimensione 25.<\/li><li> Riempimento marcatore riempimento solido.<\/li><li> Usa il colore bianco come colore di riempimento.<\/li><li> Crea uno stile di bordo con un colore a tinta unita.<\/li><li> E colore nero per i bordi. <\/li><\/ol><br><img loading=\"lazy\" decoding=\"async\" title=\"Apporta modifiche e aggiungi una linea orizzontale al grafico Excel\" src=\"https:\/\/exceladvisor.org\/wp-content\/uploads\/2023\/08\/Apporter-des-modifications-Ajouter-une-ligne-horizontale-au-graphique-Excel-1.png\" sizes=\"auto, \" srcset=\"\" alt=\"Make Changes Add Horizontal Line To Excel Chart\" width=\"288\" height=\"633\"><\/li><li> Una volta apportate tutte le modifiche alla riga, otterrai una tabella come quella che ho sotto. <br><img loading=\"lazy\" decoding=\"async\" title=\"Aggiungi-Linea-orizzontale-al-grafico-Excel-con-linea-di-destinazione.gif\" src=\"https:\/\/exceladvisor.org\/wp-content\/uploads\/2023\/08\/Ajouter-une-ligne-horizontale-au-graphique-Excel-avec-une-ligne-cible-1.gif\" sizes=\"auto, \" srcset=\"\" alt=\"Add Horizontal Line To Excel Chart With Target Line\" width=\"454\" height=\"258\"><\/li><\/ol><p> Congratulazioni! la tua carta \u00e8 pronta<\/p><h2 id=\"tab-con-5\" class=\"wp-block-heading\"> File di esempio<\/h2><p> <a href=\"https:\/\/exceladvisor.org\/wp-content\/uploads\/2023\/11\/ajouter-une-ligne-horizontale-au-tableau-excel-1.xlsx\" rel=\"nofollow\">Scarica questo file di esempio qui<\/a> per seguirlo <\/p><div id=\"ub-content-toggle-a1a9fc47-96f9-47b5-a85f-4b5f770b9c6a\" class=\"wp-block-ub-content-toggle\" data-mobilecollapse=\"false\" data-desktopcollapse=\"true\"><div class=\"wp-block-ub-content-toggle-accordion\"><div class=\"wp-block-ub-content-toggle-accordion-title-wrap\" tabindex=\"0\" aria-expanded=\"false\" aria-controls=\"ub-content-toggle-panel-0-a1a9fc47-96f9-47b5-a85f-4b5f770b9c6a\"><h2 class=\"wp-block-ub-content-toggle-accordion-title ub-content-toggle-title-a1a9fc47-96f9-47b5-a85f-4b5f770b9c6a\"> Altri tutorial sui grafici <\/h2><\/div><div id=\"ub-content-toggle-panel-0-a1a9fc47-96f9-47b5-a85f-4b5f770b9c6a\" class=\"wp-block-ub-content-toggle-accordion-content-wrap ub-hide\" role=\"region\"><ol><li> <a href=\"https:\/\/exceladvisor.org\/it\/aggiungi-una-linea-verticale\/\">Come aggiungere una linea verticale a un grafico in Excel<\/a><\/li><li> <a href=\"https:\/\/exceladvisor.org\/it\/tabellone-dei-proiettili\/\">Come creare un grafico puntato in Excel<\/a><\/li><li> <a href=\"https:\/\/exceladvisor.org\/it\/intervallo-grafico-dinamico\/\">Come creare un intervallo di grafici dinamici in Excel<\/a><\/li><li> <a href=\"https:\/\/exceladvisor.org\/it\/titolo-del-grafico-dinamico\/\">Come creare un titolo di grafico dinamico in Excel<\/a><\/li><li> <a href=\"https:\/\/exceladvisor.org\/it\/grafica-interattiva\/\">Come creare grafici interattivi in \u200b\u200bExcel<\/a><\/li><\/ol><\/div><\/div><\/div>","protected":false},"excerpt":{"rendered":"","protected":false},"author":1,"featured_media":0,"parent":0,"menu_order":0,"comment_status":"open","ping_status":"closed","template":"","meta":{"ub_ctt_via":"","footnotes":""},"class_list":["post-1698","page","type-page","status-publish","hentry"],"featured_image_src":null,"yoast_head":"<!-- This site is optimized with the Yoast SEO plugin v25.4 - https:\/\/yoast.com\/wordpress\/plugins\/seo\/ -->\n<title>Come aggiungere una linea orizzontale a un grafico in Excel?<\/title>\n<meta name=\"description\" content=\"Quando crei un grafico in Excel, puoi utilizzare una linea orizzontale come linea di destinazione o linea media. Questa linea\" \/>\n<meta name=\"robots\" content=\"index, follow, max-snippet:-1, max-image-preview:large, max-video-preview:-1\" \/>\n<link rel=\"canonical\" href=\"https:\/\/exceladvisor.org\/it\/aggiungi-una-linea-orizzontale\/\" \/>\n<meta property=\"og:locale\" content=\"it_IT\" \/>\n<meta property=\"og:type\" content=\"article\" \/>\n<meta property=\"og:title\" content=\"Come aggiungere una linea orizzontale a un grafico in Excel?\" \/>\n<meta property=\"og:description\" content=\"Quando crei un grafico in Excel, puoi utilizzare una linea orizzontale come linea di destinazione o linea media. Questa linea\" \/>\n<meta property=\"og:url\" content=\"https:\/\/exceladvisor.org\/it\/aggiungi-una-linea-orizzontale\/\" \/>\n<meta property=\"og:site_name\" content=\"Excel Advisor\" \/>\n<meta property=\"article:modified_time\" content=\"2023-12-10T06:20:13+00:00\" \/>\n<meta property=\"og:image\" content=\"https:\/\/exceladvisor.org\/wp-content\/uploads\/2023\/08\/comment-ajouter-une-ligne-horizontale-au-graphique-Excel-en-utilisant-les-meilleures-pratiques-1.gif\" \/>\n<meta name=\"twitter:card\" content=\"summary_large_image\" \/>\n<meta name=\"twitter:label1\" content=\"Tempo di lettura stimato\" \/>\n\t<meta name=\"twitter:data1\" content=\"4 minuti\" \/>\n<script type=\"application\/ld+json\" class=\"yoast-schema-graph\">{\"@context\":\"https:\/\/schema.org\",\"@graph\":[{\"@type\":\"WebPage\",\"@id\":\"https:\/\/exceladvisor.org\/it\/aggiungi-una-linea-orizzontale\/\",\"url\":\"https:\/\/exceladvisor.org\/it\/aggiungi-una-linea-orizzontale\/\",\"name\":\"Come aggiungere una linea orizzontale a un grafico in Excel?\",\"isPartOf\":{\"@id\":\"https:\/\/exceladvisor.org\/it\/#website\"},\"primaryImageOfPage\":{\"@id\":\"https:\/\/exceladvisor.org\/it\/aggiungi-una-linea-orizzontale\/#primaryimage\"},\"image\":{\"@id\":\"https:\/\/exceladvisor.org\/it\/aggiungi-una-linea-orizzontale\/#primaryimage\"},\"thumbnailUrl\":\"https:\/\/exceladvisor.org\/wp-content\/uploads\/2023\/08\/comment-ajouter-une-ligne-horizontale-au-graphique-Excel-en-utilisant-les-meilleures-pratiques-1.gif\",\"datePublished\":\"2023-11-10T18:42:50+00:00\",\"dateModified\":\"2023-12-10T06:20:13+00:00\",\"description\":\"Quando crei un grafico in Excel, puoi utilizzare una linea orizzontale come linea di destinazione o linea media. Questa linea\",\"breadcrumb\":{\"@id\":\"https:\/\/exceladvisor.org\/it\/aggiungi-una-linea-orizzontale\/#breadcrumb\"},\"inLanguage\":\"it-IT\",\"potentialAction\":[{\"@type\":\"ReadAction\",\"target\":[\"https:\/\/exceladvisor.org\/it\/aggiungi-una-linea-orizzontale\/\"]}]},{\"@type\":\"ImageObject\",\"inLanguage\":\"it-IT\",\"@id\":\"https:\/\/exceladvisor.org\/it\/aggiungi-una-linea-orizzontale\/#primaryimage\",\"url\":\"https:\/\/exceladvisor.org\/wp-content\/uploads\/2023\/08\/comment-ajouter-une-ligne-horizontale-au-graphique-Excel-en-utilisant-les-meilleures-pratiques-1.gif\",\"contentUrl\":\"https:\/\/exceladvisor.org\/wp-content\/uploads\/2023\/08\/comment-ajouter-une-ligne-horizontale-au-graphique-Excel-en-utilisant-les-meilleures-pratiques-1.gif\"},{\"@type\":\"BreadcrumbList\",\"@id\":\"https:\/\/exceladvisor.org\/it\/aggiungi-una-linea-orizzontale\/#breadcrumb\",\"itemListElement\":[{\"@type\":\"ListItem\",\"position\":1,\"name\":\"Home\",\"item\":\"https:\/\/exceladvisor.org\/it\/\"},{\"@type\":\"ListItem\",\"position\":2,\"name\":\"Come aggiungere una linea orizzontale a un grafico?\"}]},{\"@type\":\"WebSite\",\"@id\":\"https:\/\/exceladvisor.org\/it\/#website\",\"url\":\"https:\/\/exceladvisor.org\/it\/\",\"name\":\"Excel Advisor\",\"description\":\"Tips, Tricks, and Time-Saving Hacks\",\"publisher\":{\"@id\":\"https:\/\/exceladvisor.org\/it\/#organization\"},\"potentialAction\":[{\"@type\":\"SearchAction\",\"target\":{\"@type\":\"EntryPoint\",\"urlTemplate\":\"https:\/\/exceladvisor.org\/it\/?s={search_term_string}\"},\"query-input\":{\"@type\":\"PropertyValueSpecification\",\"valueRequired\":true,\"valueName\":\"search_term_string\"}}],\"inLanguage\":\"it-IT\"},{\"@type\":\"Organization\",\"@id\":\"https:\/\/exceladvisor.org\/it\/#organization\",\"name\":\"Excel Advisor\",\"url\":\"https:\/\/exceladvisor.org\/it\/\",\"logo\":{\"@type\":\"ImageObject\",\"inLanguage\":\"it-IT\",\"@id\":\"https:\/\/exceladvisor.org\/it\/#\/schema\/logo\/image\/\",\"url\":\"https:\/\/exceladvisor.org\/it\/wp-content\/uploads\/2023\/12\/exceladvisor.org_.png\",\"contentUrl\":\"https:\/\/exceladvisor.org\/it\/wp-content\/uploads\/2023\/12\/exceladvisor.org_.png\",\"width\":105,\"height\":36,\"caption\":\"Excel Advisor\"},\"image\":{\"@id\":\"https:\/\/exceladvisor.org\/it\/#\/schema\/logo\/image\/\"}}]}<\/script>\n<!-- \/ Yoast SEO plugin. -->","yoast_head_json":{"title":"Come aggiungere una linea orizzontale a un grafico in Excel?","description":"Quando crei un grafico in Excel, puoi utilizzare una linea orizzontale come linea di destinazione o linea media. Questa linea","robots":{"index":"index","follow":"follow","max-snippet":"max-snippet:-1","max-image-preview":"max-image-preview:large","max-video-preview":"max-video-preview:-1"},"canonical":"https:\/\/exceladvisor.org\/it\/aggiungi-una-linea-orizzontale\/","og_locale":"it_IT","og_type":"article","og_title":"Come aggiungere una linea orizzontale a un grafico in Excel?","og_description":"Quando crei un grafico in Excel, puoi utilizzare una linea orizzontale come linea di destinazione o linea media. Questa linea","og_url":"https:\/\/exceladvisor.org\/it\/aggiungi-una-linea-orizzontale\/","og_site_name":"Excel Advisor","article_modified_time":"2023-12-10T06:20:13+00:00","og_image":[{"url":"https:\/\/exceladvisor.org\/wp-content\/uploads\/2023\/08\/comment-ajouter-une-ligne-horizontale-au-graphique-Excel-en-utilisant-les-meilleures-pratiques-1.gif","type":"","width":"","height":""}],"twitter_card":"summary_large_image","twitter_misc":{"Tempo di lettura stimato":"4 minuti"},"schema":{"@context":"https:\/\/schema.org","@graph":[{"@type":"WebPage","@id":"https:\/\/exceladvisor.org\/it\/aggiungi-una-linea-orizzontale\/","url":"https:\/\/exceladvisor.org\/it\/aggiungi-una-linea-orizzontale\/","name":"Come aggiungere una linea orizzontale a un grafico in Excel?","isPartOf":{"@id":"https:\/\/exceladvisor.org\/it\/#website"},"primaryImageOfPage":{"@id":"https:\/\/exceladvisor.org\/it\/aggiungi-una-linea-orizzontale\/#primaryimage"},"image":{"@id":"https:\/\/exceladvisor.org\/it\/aggiungi-una-linea-orizzontale\/#primaryimage"},"thumbnailUrl":"https:\/\/exceladvisor.org\/wp-content\/uploads\/2023\/08\/comment-ajouter-une-ligne-horizontale-au-graphique-Excel-en-utilisant-les-meilleures-pratiques-1.gif","datePublished":"2023-11-10T18:42:50+00:00","dateModified":"2023-12-10T06:20:13+00:00","description":"Quando crei un grafico in Excel, puoi utilizzare una linea orizzontale come linea di destinazione o linea media. Questa linea","breadcrumb":{"@id":"https:\/\/exceladvisor.org\/it\/aggiungi-una-linea-orizzontale\/#breadcrumb"},"inLanguage":"it-IT","potentialAction":[{"@type":"ReadAction","target":["https:\/\/exceladvisor.org\/it\/aggiungi-una-linea-orizzontale\/"]}]},{"@type":"ImageObject","inLanguage":"it-IT","@id":"https:\/\/exceladvisor.org\/it\/aggiungi-una-linea-orizzontale\/#primaryimage","url":"https:\/\/exceladvisor.org\/wp-content\/uploads\/2023\/08\/comment-ajouter-une-ligne-horizontale-au-graphique-Excel-en-utilisant-les-meilleures-pratiques-1.gif","contentUrl":"https:\/\/exceladvisor.org\/wp-content\/uploads\/2023\/08\/comment-ajouter-une-ligne-horizontale-au-graphique-Excel-en-utilisant-les-meilleures-pratiques-1.gif"},{"@type":"BreadcrumbList","@id":"https:\/\/exceladvisor.org\/it\/aggiungi-una-linea-orizzontale\/#breadcrumb","itemListElement":[{"@type":"ListItem","position":1,"name":"Home","item":"https:\/\/exceladvisor.org\/it\/"},{"@type":"ListItem","position":2,"name":"Come aggiungere una linea orizzontale a un grafico?"}]},{"@type":"WebSite","@id":"https:\/\/exceladvisor.org\/it\/#website","url":"https:\/\/exceladvisor.org\/it\/","name":"Excel Advisor","description":"Tips, Tricks, and Time-Saving Hacks","publisher":{"@id":"https:\/\/exceladvisor.org\/it\/#organization"},"potentialAction":[{"@type":"SearchAction","target":{"@type":"EntryPoint","urlTemplate":"https:\/\/exceladvisor.org\/it\/?s={search_term_string}"},"query-input":{"@type":"PropertyValueSpecification","valueRequired":true,"valueName":"search_term_string"}}],"inLanguage":"it-IT"},{"@type":"Organization","@id":"https:\/\/exceladvisor.org\/it\/#organization","name":"Excel Advisor","url":"https:\/\/exceladvisor.org\/it\/","logo":{"@type":"ImageObject","inLanguage":"it-IT","@id":"https:\/\/exceladvisor.org\/it\/#\/schema\/logo\/image\/","url":"https:\/\/exceladvisor.org\/it\/wp-content\/uploads\/2023\/12\/exceladvisor.org_.png","contentUrl":"https:\/\/exceladvisor.org\/it\/wp-content\/uploads\/2023\/12\/exceladvisor.org_.png","width":105,"height":36,"caption":"Excel Advisor"},"image":{"@id":"https:\/\/exceladvisor.org\/it\/#\/schema\/logo\/image\/"}}]}},"yoast_meta":{"yoast_wpseo_title":"","yoast_wpseo_metadesc":"","yoast_wpseo_canonical":""},"_links":{"self":[{"href":"https:\/\/exceladvisor.org\/it\/wp-json\/wp\/v2\/pages\/1698","targetHints":{"allow":["GET"]}}],"collection":[{"href":"https:\/\/exceladvisor.org\/it\/wp-json\/wp\/v2\/pages"}],"about":[{"href":"https:\/\/exceladvisor.org\/it\/wp-json\/wp\/v2\/types\/page"}],"author":[{"embeddable":true,"href":"https:\/\/exceladvisor.org\/it\/wp-json\/wp\/v2\/users\/1"}],"replies":[{"embeddable":true,"href":"https:\/\/exceladvisor.org\/it\/wp-json\/wp\/v2\/comments?post=1698"}],"version-history":[{"count":1,"href":"https:\/\/exceladvisor.org\/it\/wp-json\/wp\/v2\/pages\/1698\/revisions"}],"predecessor-version":[{"id":2290,"href":"https:\/\/exceladvisor.org\/it\/wp-json\/wp\/v2\/pages\/1698\/revisions\/2290"}],"wp:attachment":[{"href":"https:\/\/exceladvisor.org\/it\/wp-json\/wp\/v2\/media?parent=1698"}],"curies":[{"name":"wp","href":"https:\/\/api.w.org\/{rel}","templated":true}]}}